{"id":271,"date":"2026-02-15T21:28:27","date_gmt":"2026-02-15T19:28:27","guid":{"rendered":"https:\/\/izglitiba.valmierasnovads.lv\/abelite\/?page_id=271"},"modified":"2026-02-18T17:47:13","modified_gmt":"2026-02-18T15:47:13","slug":"vizualas-makslas-pulcins","status":"publish","type":"page","link":"https:\/\/izglitiba.valmierasnovads.lv\/abelite\/vizualas-makslas-pulcins\/","title":{"rendered":"Vizu\u0101l\u0101s m\u0101kslas pulci\u0146\u0161"},"content":{"rendered":"\n<figure class=\"wp-block-image size-large is-resized\"><img loading=\"lazy\" decoding=\"async\" width=\"1024\" height=\"786\" src=\"https:\/\/izglitiba.valmierasnovads.lv\/abelite\/wp-content\/uploads\/sites\/12\/2026\/02\/Noformejums-bez-nosaukuma-2-1024x786.png\" alt=\"\" class=\"wp-image-325\" style=\"aspect-ratio:1.302845318158303;width:478px;height:auto\" srcset=\"https:\/\/izglitiba.valmierasnovads.lv\/abelite\/wp-content\/uploads\/sites\/12\/2026\/02\/Noformejums-bez-nosaukuma-2-1024x786.png 1024w, https:\/\/izglitiba.valmierasnovads.lv\/abelite\/wp-content\/uploads\/sites\/12\/2026\/02\/Noformejums-bez-nosaukuma-2-300x230.png 300w, https:\/\/izglitiba.valmierasnovads.lv\/abelite\/wp-content\/uploads\/sites\/12\/2026\/02\/Noformejums-bez-nosaukuma-2-768x590.png 768w, https:\/\/izglitiba.valmierasnovads.lv\/abelite\/wp-content\/uploads\/sites\/12\/2026\/02\/Noformejums-bez-nosaukuma-2.png 1275w\" sizes=\"auto, (max-width: 1024px) 100vw, 1024px\" \/><\/figure>\n\n\n\n<p><\/p>\n","protected":false},"excerpt":{"rendered":"","protected":false},"author":60,"featured_media":0,"parent":0,"menu_order":0,"comment_status":"closed","ping_status":"closed","template":"","meta":{"_acf_changed":false,"site-sidebar-layout":"default","site-content-layout":"","ast-site-content-layout":"default","site-content-style":"default","site-sidebar-style":"default","ast-global-header-display":"","ast-banner-title-visibility":"","ast-main-header-display":"","ast-hfb-above-header-display":"","ast-hfb-below-header-display":"","ast-hfb-mobile-header-display":"","site-post-title":"","ast-breadcrumbs-content":"","ast-featured-img":"","footer-sml-layout":"","ast-disable-related-posts":"","theme-transparent-header-meta":"","adv-header-id-meta":"","stick-header-meta":"","header-above-stick-meta":"","header-main-stick-meta":"","header-below-stick-meta":"","astra-migrate-meta-layouts":"default","ast-page-background-enabled":"default","ast-page-background-meta":{"desktop":{"background-color":"var(--ast-global-color-5)","background-image":"","background-repeat":"repeat","background-position":"center center","background-size":"auto","background-attachment":"scroll","background-type":"","background-media":"","overlay-type":"","overlay-color":"","overlay-opacity":"","overlay-gradient":""},"tablet":{"background-color":"","background-image":"","background-repeat":"repeat","background-position":"center center","background-size":"auto","background-attachment":"scroll","background-type":"","background-media":"","overlay-type":"","overlay-color":"","overlay-opacity":"","overlay-gradient":""},"mobile":{"background-color":"","background-image":"","background-repeat":"repeat","background-position":"center center","background-size":"auto","background-attachment":"scroll","background-type":"","background-media":"","overlay-type":"","overlay-color":"","overlay-opacity":"","overlay-gradient":""}},"ast-content-background-meta":{"desktop":{"background-color":"var(--ast-global-color-4)","background-image":"","background-repeat":"repeat","background-position":"center center","background-size":"auto","background-attachment":"scroll","background-type":"","background-media":"","overlay-type":"","overlay-color":"","overlay-opacity":"","overlay-gradient":""},"tablet":{"background-color":"var(--ast-global-color-4)","background-image":"","background-repeat":"repeat","background-position":"center center","background-size":"auto","background-attachment":"scroll","background-type":"","background-media":"","overlay-type":"","overlay-color":"","overlay-opacity":"","overlay-gradient":""},"mobile":{"background-color":"var(--ast-global-color-4)","background-image":"","background-repeat":"repeat","background-position":"center center","background-size":"auto","background-attachment":"scroll","background-type":"","background-media":"","overlay-type":"","overlay-color":"","overlay-opacity":"","overlay-gradient":""}},"footnotes":""},"class_list":["post-271","page","type-page","status-publish","hentry"],"acf":[],"yoast_head":"<!-- This site is optimized with the Yoast SEO plugin v27.0 - https:\/\/yoast.com\/product\/yoast-seo-wordpress\/ -->\n<title>Vizu\u0101l\u0101s m\u0101kslas pulci\u0146\u0161 - Valmieras pirmsskolas izgl\u012bt\u012bbas iest\u0101de &quot;\u0100bel\u012bte&quot;<\/title>\n<meta name=\"robots\" content=\"index, follow, max-snippet:-1, max-image-preview:large, max-video-preview:-1\" \/>\n<link rel=\"canonical\" href=\"https:\/\/izglitiba.valmierasnovads.lv\/abelite\/vizualas-makslas-pulcins\/\" \/>\n<meta property=\"og:locale\" content=\"lv_LV\" \/>\n<meta property=\"og:type\" content=\"article\" \/>\n<meta property=\"og:title\" content=\"Vizu\u0101l\u0101s m\u0101kslas pulci\u0146\u0161 - Valmieras pirmsskolas izgl\u012bt\u012bbas iest\u0101de &quot;\u0100bel\u012bte&quot;\" \/>\n<meta property=\"og:url\" content=\"https:\/\/izglitiba.valmierasnovads.lv\/abelite\/vizualas-makslas-pulcins\/\" \/>\n<meta property=\"og:site_name\" content=\"Valmieras pirmsskolas izgl\u012bt\u012bbas iest\u0101de &quot;\u0100bel\u012bte&quot;\" \/>\n<meta property=\"article:modified_time\" content=\"2026-02-18T15:47:13+00:00\" \/>\n<meta property=\"og:image\" content=\"https:\/\/izglitiba.valmierasnovads.lv\/abelite\/wp-content\/uploads\/sites\/12\/2026\/02\/Noformejums-bez-nosaukuma-2.png\" \/>\n\t<meta property=\"og:image:width\" content=\"1275\" \/>\n\t<meta property=\"og:image:height\" content=\"979\" \/>\n\t<meta property=\"og:image:type\" content=\"image\/png\" \/>\n<meta name=\"twitter:card\" content=\"summary_large_image\" \/>\n<meta name=\"twitter:label1\" content=\"Est. reading time\" \/>\n\t<meta name=\"twitter:data1\" content=\"1 min\u016bte\" \/>\n<script type=\"application\/ld+json\" class=\"yoast-schema-graph\">{\"@context\":\"https:\/\/schema.org\",\"@graph\":[{\"@type\":\"WebPage\",\"@id\":\"https:\/\/izglitiba.valmierasnovads.lv\/abelite\/vizualas-makslas-pulcins\/\",\"url\":\"https:\/\/izglitiba.valmierasnovads.lv\/abelite\/vizualas-makslas-pulcins\/\",\"name\":\"Vizu\u0101l\u0101s m\u0101kslas pulci\u0146\u0161 - Valmieras pirmsskolas izgl\u012bt\u012bbas iest\u0101de &quot;\u0100bel\u012bte&quot;\",\"isPartOf\":{\"@id\":\"https:\/\/izglitiba.valmierasnovads.lv\/abelite\/#website\"},\"primaryImageOfPage\":{\"@id\":\"https:\/\/izglitiba.valmierasnovads.lv\/abelite\/vizualas-makslas-pulcins\/#primaryimage\"},\"image\":{\"@id\":\"https:\/\/izglitiba.valmierasnovads.lv\/abelite\/vizualas-makslas-pulcins\/#primaryimage\"},\"thumbnailUrl\":\"https:\/\/izglitiba.valmierasnovads.lv\/abelite\/wp-content\/uploads\/sites\/12\/2026\/02\/Noformejums-bez-nosaukuma-2-1024x786.png\",\"datePublished\":\"2026-02-15T19:28:27+00:00\",\"dateModified\":\"2026-02-18T15:47:13+00:00\",\"breadcrumb\":{\"@id\":\"https:\/\/izglitiba.valmierasnovads.lv\/abelite\/vizualas-makslas-pulcins\/#breadcrumb\"},\"inLanguage\":\"lv-LV\",\"potentialAction\":[{\"@type\":\"ReadAction\",\"target\":[\"https:\/\/izglitiba.valmierasnovads.lv\/abelite\/vizualas-makslas-pulcins\/\"]}]},{\"@type\":\"ImageObject\",\"inLanguage\":\"lv-LV\",\"@id\":\"https:\/\/izglitiba.valmierasnovads.lv\/abelite\/vizualas-makslas-pulcins\/#primaryimage\",\"url\":\"https:\/\/izglitiba.valmierasnovads.lv\/abelite\/wp-content\/uploads\/sites\/12\/2026\/02\/Noformejums-bez-nosaukuma-2.png\",\"contentUrl\":\"https:\/\/izglitiba.valmierasnovads.lv\/abelite\/wp-content\/uploads\/sites\/12\/2026\/02\/Noformejums-bez-nosaukuma-2.png\",\"width\":1275,\"height\":979},{\"@type\":\"BreadcrumbList\",\"@id\":\"https:\/\/izglitiba.valmierasnovads.lv\/abelite\/vizualas-makslas-pulcins\/#breadcrumb\",\"itemListElement\":[{\"@type\":\"ListItem\",\"position\":1,\"name\":\"Home\",\"item\":\"https:\/\/izglitiba.valmierasnovads.lv\/abelite\/\"},{\"@type\":\"ListItem\",\"position\":2,\"name\":\"Vizu\u0101l\u0101s m\u0101kslas pulci\u0146\u0161\"}]},{\"@type\":\"WebSite\",\"@id\":\"https:\/\/izglitiba.valmierasnovads.lv\/abelite\/#website\",\"url\":\"https:\/\/izglitiba.valmierasnovads.lv\/abelite\/\",\"name\":\"Valmieras pirmsskolas izgl\u012bt\u012bbas iest\u0101de &quot;\u0100bel\u012bte&quot;\",\"description\":\"\",\"publisher\":{\"@id\":\"https:\/\/izglitiba.valmierasnovads.lv\/abelite\/#organization\"},\"potentialAction\":[{\"@type\":\"SearchAction\",\"target\":{\"@type\":\"EntryPoint\",\"urlTemplate\":\"https:\/\/izglitiba.valmierasnovads.lv\/abelite\/?s={search_term_string}\"},\"query-input\":{\"@type\":\"PropertyValueSpecification\",\"valueRequired\":true,\"valueName\":\"search_term_string\"}}],\"inLanguage\":\"lv-LV\"},{\"@type\":\"Organization\",\"@id\":\"https:\/\/izglitiba.valmierasnovads.lv\/abelite\/#organization\",\"name\":\"Valmieras pirmsskolas izgl\u012bt\u012bbas iest\u0101de &quot;\u0100bel\u012bte&quot;\",\"url\":\"https:\/\/izglitiba.valmierasnovads.lv\/abelite\/\",\"logo\":{\"@type\":\"ImageObject\",\"inLanguage\":\"lv-LV\",\"@id\":\"https:\/\/izglitiba.valmierasnovads.lv\/abelite\/#\/schema\/logo\/image\/\",\"url\":\"https:\/\/izglitiba.valmierasnovads.lv\/abelite\/wp-content\/uploads\/sites\/12\/2026\/03\/cropped-Pirmsskolas-izglitibas-iestades-ar-pasu-logo-2-scaled-1.png\",\"contentUrl\":\"https:\/\/izglitiba.valmierasnovads.lv\/abelite\/wp-content\/uploads\/sites\/12\/2026\/03\/cropped-Pirmsskolas-izglitibas-iestades-ar-pasu-logo-2-scaled-1.png\",\"width\":1332,\"height\":405,\"caption\":\"Valmieras pirmsskolas izgl\u012bt\u012bbas iest\u0101de &quot;\u0100bel\u012bte&quot;\"},\"image\":{\"@id\":\"https:\/\/izglitiba.valmierasnovads.lv\/abelite\/#\/schema\/logo\/image\/\"}}]}<\/script>\n<!-- \/ Yoast SEO plugin. -->","yoast_head_json":{"title":"Vizu\u0101l\u0101s m\u0101kslas pulci\u0146\u0161 - Valmieras pirmsskolas izgl\u012bt\u012bbas iest\u0101de &quot;\u0100bel\u012bte&quot;","robots":{"index":"index","follow":"follow","max-snippet":"max-snippet:-1","max-image-preview":"max-image-preview:large","max-video-preview":"max-video-preview:-1"},"canonical":"https:\/\/izglitiba.valmierasnovads.lv\/abelite\/vizualas-makslas-pulcins\/","og_locale":"lv_LV","og_type":"article","og_title":"Vizu\u0101l\u0101s m\u0101kslas pulci\u0146\u0161 - Valmieras pirmsskolas izgl\u012bt\u012bbas iest\u0101de &quot;\u0100bel\u012bte&quot;","og_url":"https:\/\/izglitiba.valmierasnovads.lv\/abelite\/vizualas-makslas-pulcins\/","og_site_name":"Valmieras pirmsskolas izgl\u012bt\u012bbas iest\u0101de &quot;\u0100bel\u012bte&quot;","article_modified_time":"2026-02-18T15:47:13+00:00","og_image":[{"width":1275,"height":979,"url":"https:\/\/izglitiba.valmierasnovads.lv\/abelite\/wp-content\/uploads\/sites\/12\/2026\/02\/Noformejums-bez-nosaukuma-2.png","type":"image\/png"}],"twitter_card":"summary_large_image","twitter_misc":{"Est. reading time":"1 min\u016bte"},"schema":{"@context":"https:\/\/schema.org","@graph":[{"@type":"WebPage","@id":"https:\/\/izglitiba.valmierasnovads.lv\/abelite\/vizualas-makslas-pulcins\/","url":"https:\/\/izglitiba.valmierasnovads.lv\/abelite\/vizualas-makslas-pulcins\/","name":"Vizu\u0101l\u0101s m\u0101kslas pulci\u0146\u0161 - Valmieras pirmsskolas izgl\u012bt\u012bbas iest\u0101de &quot;\u0100bel\u012bte&quot;","isPartOf":{"@id":"https:\/\/izglitiba.valmierasnovads.lv\/abelite\/#website"},"primaryImageOfPage":{"@id":"https:\/\/izglitiba.valmierasnovads.lv\/abelite\/vizualas-makslas-pulcins\/#primaryimage"},"image":{"@id":"https:\/\/izglitiba.valmierasnovads.lv\/abelite\/vizualas-makslas-pulcins\/#primaryimage"},"thumbnailUrl":"https:\/\/izglitiba.valmierasnovads.lv\/abelite\/wp-content\/uploads\/sites\/12\/2026\/02\/Noformejums-bez-nosaukuma-2-1024x786.png","datePublished":"2026-02-15T19:28:27+00:00","dateModified":"2026-02-18T15:47:13+00:00","breadcrumb":{"@id":"https:\/\/izglitiba.valmierasnovads.lv\/abelite\/vizualas-makslas-pulcins\/#breadcrumb"},"inLanguage":"lv-LV","potentialAction":[{"@type":"ReadAction","target":["https:\/\/izglitiba.valmierasnovads.lv\/abelite\/vizualas-makslas-pulcins\/"]}]},{"@type":"ImageObject","inLanguage":"lv-LV","@id":"https:\/\/izglitiba.valmierasnovads.lv\/abelite\/vizualas-makslas-pulcins\/#primaryimage","url":"https:\/\/izglitiba.valmierasnovads.lv\/abelite\/wp-content\/uploads\/sites\/12\/2026\/02\/Noformejums-bez-nosaukuma-2.png","contentUrl":"https:\/\/izglitiba.valmierasnovads.lv\/abelite\/wp-content\/uploads\/sites\/12\/2026\/02\/Noformejums-bez-nosaukuma-2.png","width":1275,"height":979},{"@type":"BreadcrumbList","@id":"https:\/\/izglitiba.valmierasnovads.lv\/abelite\/vizualas-makslas-pulcins\/#breadcrumb","itemListElement":[{"@type":"ListItem","position":1,"name":"Home","item":"https:\/\/izglitiba.valmierasnovads.lv\/abelite\/"},{"@type":"ListItem","position":2,"name":"Vizu\u0101l\u0101s m\u0101kslas pulci\u0146\u0161"}]},{"@type":"WebSite","@id":"https:\/\/izglitiba.valmierasnovads.lv\/abelite\/#website","url":"https:\/\/izglitiba.valmierasnovads.lv\/abelite\/","name":"Valmieras pirmsskolas izgl\u012bt\u012bbas iest\u0101de &quot;\u0100bel\u012bte&quot;","description":"","publisher":{"@id":"https:\/\/izglitiba.valmierasnovads.lv\/abelite\/#organization"},"potentialAction":[{"@type":"SearchAction","target":{"@type":"EntryPoint","urlTemplate":"https:\/\/izglitiba.valmierasnovads.lv\/abelite\/?s={search_term_string}"},"query-input":{"@type":"PropertyValueSpecification","valueRequired":true,"valueName":"search_term_string"}}],"inLanguage":"lv-LV"},{"@type":"Organization","@id":"https:\/\/izglitiba.valmierasnovads.lv\/abelite\/#organization","name":"Valmieras pirmsskolas izgl\u012bt\u012bbas iest\u0101de &quot;\u0100bel\u012bte&quot;","url":"https:\/\/izglitiba.valmierasnovads.lv\/abelite\/","logo":{"@type":"ImageObject","inLanguage":"lv-LV","@id":"https:\/\/izglitiba.valmierasnovads.lv\/abelite\/#\/schema\/logo\/image\/","url":"https:\/\/izglitiba.valmierasnovads.lv\/abelite\/wp-content\/uploads\/sites\/12\/2026\/03\/cropped-Pirmsskolas-izglitibas-iestades-ar-pasu-logo-2-scaled-1.png","contentUrl":"https:\/\/izglitiba.valmierasnovads.lv\/abelite\/wp-content\/uploads\/sites\/12\/2026\/03\/cropped-Pirmsskolas-izglitibas-iestades-ar-pasu-logo-2-scaled-1.png","width":1332,"height":405,"caption":"Valmieras pirmsskolas izgl\u012bt\u012bbas iest\u0101de &quot;\u0100bel\u012bte&quot;"},"image":{"@id":"https:\/\/izglitiba.valmierasnovads.lv\/abelite\/#\/schema\/logo\/image\/"}}]}},"_links":{"self":[{"href":"https:\/\/izglitiba.valmierasnovads.lv\/abelite\/wp-json\/wp\/v2\/pages\/271","targetHints":{"allow":["GET"]}}],"collection":[{"href":"https:\/\/izglitiba.valmierasnovads.lv\/abelite\/wp-json\/wp\/v2\/pages"}],"about":[{"href":"https:\/\/izglitiba.valmierasnovads.lv\/abelite\/wp-json\/wp\/v2\/types\/page"}],"author":[{"embeddable":true,"href":"https:\/\/izglitiba.valmierasnovads.lv\/abelite\/wp-json\/wp\/v2\/users\/60"}],"replies":[{"embeddable":true,"href":"https:\/\/izglitiba.valmierasnovads.lv\/abelite\/wp-json\/wp\/v2\/comments?post=271"}],"version-history":[{"count":2,"href":"https:\/\/izglitiba.valmierasnovads.lv\/abelite\/wp-json\/wp\/v2\/pages\/271\/revisions"}],"predecessor-version":[{"id":326,"href":"https:\/\/izglitiba.valmierasnovads.lv\/abelite\/wp-json\/wp\/v2\/pages\/271\/revisions\/326"}],"wp:attachment":[{"href":"https:\/\/izglitiba.valmierasnovads.lv\/abelite\/wp-json\/wp\/v2\/media?parent=271"}],"curies":[{"name":"wp","href":"https:\/\/api.w.org\/{rel}","templated":true}]}}