{"id":136,"date":"2025-10-16T11:54:14","date_gmt":"2025-10-16T08:54:14","guid":{"rendered":"https:\/\/izglitiba.valmierasnovads.lv\/auseklitis\/?page_id=136"},"modified":"2026-01-15T11:48:49","modified_gmt":"2026-01-15T09:48:49","slug":"darbinieki","status":"publish","type":"page","link":"https:\/\/izglitiba.valmierasnovads.lv\/auseklitis\/darbinieki\/","title":{"rendered":"Darbinieki"},"content":{"rendered":"\n<p class=\"has-text-align-center\"><strong>Koc\u0113nu pirmsskolas izgl\u012bt\u012bbas iest\u0101des \u201cAusekl\u012btis\u201d darbinieki 2025.\/2026.m.g.<\/strong><\/p>\n\n\n\n<figure class=\"wp-block-table aligncenter\"><table class=\"has-fixed-layout\"><tbody><tr><td><strong>V\u0101rds, Uzv\u0101rds<\/strong><\/td><td class=\"has-text-align-left\" data-align=\"left\"><strong>Amats<\/strong><\/td><\/tr><tr><td><strong>L\u012bga J\u0113kabsone<\/strong><\/td><td class=\"has-text-align-left\" data-align=\"left\">pirmsskolas izgl\u012bt\u012bbas skolot\u0101ja<\/td><\/tr><tr><td><strong>Alise Petrova&nbsp;&nbsp;&nbsp;<\/strong><\/td><td class=\"has-text-align-left\" data-align=\"left\">pirmsskolas izgl\u012bt\u012bbas skolot\u0101ja<\/td><\/tr><tr><td><strong>Krist\u012bne Pen\u0113ze<\/strong><\/td><td class=\"has-text-align-left\" data-align=\"left\">skolot\u0101ja pal\u012bgs<\/td><\/tr><tr><td><strong>Iveta Greid\u0101ne<\/strong><\/td><td class=\"has-text-align-left\" data-align=\"left\">pirmsskolas izgl\u012bt\u012bbas skolot\u0101ja<\/td><\/tr><tr><td><strong>Lita Amoli\u0146a<\/strong><\/td><td class=\"has-text-align-left\" data-align=\"left\">pirmsskolas izgl\u012bt\u012bbas skolot\u0101ja<\/td><\/tr><tr><td><strong>Iveta Jen\u0101ne<\/strong><\/td><td class=\"has-text-align-left\" data-align=\"left\">skolot\u0101ja pal\u012bgs<\/td><\/tr><tr><td><strong>Ina Burve<\/strong><\/td><td class=\"has-text-align-left\" data-align=\"left\">pirmsskolas izgl\u012bt\u012bbas skolot\u0101ja<\/td><\/tr><tr><td><strong>Inga Pa\u0161kovska-Saleniece<\/strong><\/td><td class=\"has-text-align-left\" data-align=\"left\">pirmsskolas izgl\u012bt\u012bbas skolot\u0101ja<\/td><\/tr><tr><td><strong>Zinta Roce<\/strong><\/td><td class=\"has-text-align-left\" data-align=\"left\">skolot\u0101ja pal\u012bgs<\/td><\/tr><tr><td><strong>Klinta Lazd\u0101ne&nbsp;&nbsp;<\/strong><\/td><td class=\"has-text-align-left\" data-align=\"left\">pirmsskolas izgl\u012bt\u012bbas skolot\u0101ja<\/td><\/tr><tr><td><strong>Zanda Antone&nbsp;&nbsp;<\/strong><\/td><td class=\"has-text-align-left\" data-align=\"left\">pirmsskolas izgl\u012bt\u012bbas skolot\u0101ja<\/td><\/tr><tr><td><strong>An\u017eelika Markus<\/strong><\/td><td class=\"has-text-align-left\" data-align=\"left\">skolot\u0101ja pal\u012bgs<\/td><\/tr><tr><td><strong>Indra B\u0113rzi\u0146a<\/strong><\/td><td class=\"has-text-align-left\" data-align=\"left\">pirmsskolas izgl\u012bt\u012bbas skolot\u0101ja<\/td><\/tr><tr><td><strong>Madara Liepi\u0146a<\/strong><\/td><td class=\"has-text-align-left\" data-align=\"left\">pirmsskolas izgl\u012bt\u012bbas skolot\u0101ja<\/td><\/tr><tr><td><strong>Sarm\u012bte Pogule<\/strong><\/td><td class=\"has-text-align-left\" data-align=\"left\">skolot\u0101ja pal\u012bgs<\/td><\/tr><tr><td><strong>Inese Zeme\u0161a<\/strong><\/td><td class=\"has-text-align-left\" data-align=\"left\">pirmsskolas izgl\u012bt\u012bbas skolot\u0101ja<\/td><\/tr><tr><td><strong>M\u0101ra Rozalinska<\/strong><\/td><td class=\"has-text-align-left\" data-align=\"left\">pirmsskolas izgl\u012bt\u012bbas skolot\u0101ja<\/td><\/tr><tr><td><strong>R\u016bta Dumpe<\/strong><\/td><td class=\"has-text-align-left\" data-align=\"left\">skolot\u0101ja pal\u012bgs<\/td><\/tr><tr><td><strong>Daiga Petrakova<\/strong><\/td><td class=\"has-text-align-left\" data-align=\"left\">pirmsskolas izgl\u012bt\u012bbas skolot\u0101ja<\/td><\/tr><tr><td><strong>Zanda Me\u017ei\u0146a<\/strong><\/td><td class=\"has-text-align-left\" data-align=\"left\">pirmsskolas izgl\u012bt\u012bbas m\u016bzikas skolot\u0101ja<\/td><\/tr><tr><td><strong>Eva Kaufmane<\/strong><\/td><td class=\"has-text-align-left\" data-align=\"left\">pirmsskolas izgl\u012bt\u012bbas sporta skolot\u0101ja<\/td><\/tr><tr><td><strong>Laura Semu\u010da<\/strong><\/td><td class=\"has-text-align-left\" data-align=\"left\">vad\u012bt\u0101jas vietniece izgl\u012bt\u012bbas jom\u0101, speci\u0101lais pedagogs<\/td><\/tr><tr><td><strong>Aija Urb\u0101ne<\/strong><\/td><td class=\"has-text-align-left\" data-align=\"left\">skolot\u0101js logop\u0113ds<\/td><\/tr><tr><td><strong>Sandra Gr\u012bnli\u0146a<\/strong><\/td><td class=\"has-text-align-left\" data-align=\"left\">vad\u012bt\u0101ja<\/td><\/tr><tr><td><strong>Solvita Amoli\u0146a<\/strong><\/td><td class=\"has-text-align-left\" data-align=\"left\">lietvedis<\/td><\/tr><tr><td><strong>Aivars Gailis<\/strong><\/td><td class=\"has-text-align-left\" data-align=\"left\">saimniec\u012bbas vad\u012bt\u0101js<\/td><\/tr><tr><td><strong>Larisa Merca<\/strong><\/td><td class=\"has-text-align-left\" data-align=\"left\">medic\u012bnas m\u0101sa<\/td><\/tr><tr><td><strong>Ilze Sakn\u012bte<\/strong><\/td><td class=\"has-text-align-left\" data-align=\"left\">apkop\u0113js<\/td><\/tr><tr><td><strong>Ausma Binde<\/strong><\/td><td class=\"has-text-align-left\" data-align=\"left\">soci\u0101lais pedagogs<\/td><\/tr><tr><td><strong>Ga\u013cina Gmizo<\/strong><\/td><td class=\"has-text-align-left\" data-align=\"left\">pirmsskolas izgl\u012bt\u012bbas skolot\u0101ja<\/td><\/tr><tr><td>Baiba Di\u0101na Puri\u0146a<\/td><td class=\"has-text-align-left\" data-align=\"left\">B\u0113rna kop\u0161anas atva\u013cin\u0101jum\u0101 l\u012bdz 30.05.2026.<\/td><\/tr><tr><td>Lauma Sinita Undraite<\/td><td class=\"has-text-align-left\" data-align=\"left\">B\u0113rna kop\u0161anas atva\u013cin\u0101jum\u0101 l\u012bdz 18.11.2026.<\/td><\/tr><tr><td><strong>Maira Z\u0101l\u012bte<\/strong><\/td><td class=\"has-text-align-left\" data-align=\"left\">pirmsskolas izgl\u012bt\u012bbas skolot\u0101ja<\/td><\/tr><tr><td><strong>Vita B\u0113rzi\u0146a&nbsp;&nbsp;&nbsp;&nbsp;&nbsp;<\/strong><\/td><td class=\"has-text-align-left\" data-align=\"left\">pirmsskolas izgl\u012bt\u012bbas skolot\u0101ja<\/td><\/tr><tr><td><strong>Gunita Kezika<\/strong><\/td><td class=\"has-text-align-left\" data-align=\"left\">skolot\u0101ja pal\u012bdze<\/td><\/tr><tr><td><strong>Marika Rolmane<\/strong><\/td><td class=\"has-text-align-left\" data-align=\"left\">pirmsskolas izgl\u012bt\u012bbas m\u016bzikas skolot\u0101ja<\/td><\/tr><\/tbody><\/table><\/figure>\n","protected":false},"excerpt":{"rendered":"<p>Koc\u0113nu pirmsskolas izgl\u012bt\u012bbas iest\u0101des \u201cAusekl\u012btis\u201d darbinieki 2025.\/2026.m.g. V\u0101rds, Uzv\u0101rds Amats L\u012bga J\u0113kabsone pirmsskolas izgl\u012bt\u012bbas skolot\u0101ja Alise Petrova&nbsp;&nbsp;&nbsp; pirmsskolas izgl\u012bt\u012bbas skolot\u0101ja [&hellip;]<\/p>\n","protected":false},"author":22,"featured_media":0,"parent":0,"menu_order":0,"comment_status":"closed","ping_status":"closed","template":"","meta":{"_acf_changed":false,"site-sidebar-layout":"default","site-content-layout":"","ast-site-content-layout":"default","site-content-style":"default","site-sidebar-style":"default","ast-global-header-display":"","ast-banner-title-visibility":"","ast-main-header-display":"","ast-hfb-above-header-display":"","ast-hfb-below-header-display":"","ast-hfb-mobile-header-display":"","site-post-title":"","ast-breadcrumbs-content":"","ast-featured-img":"","footer-sml-layout":"","ast-disable-related-posts":"","theme-transparent-header-meta":"","adv-header-id-meta":"","stick-header-meta":"","header-above-stick-meta":"","header-main-stick-meta":"","header-below-stick-meta":"","astra-migrate-meta-layouts":"default","ast-page-background-enabled":"default","ast-page-background-meta":{"desktop":{"background-color":"var(--ast-global-color-5)","background-image":"","background-repeat":"repeat","background-position":"center center","background-size":"auto","background-attachment":"scroll","background-type":"","background-media":"","overlay-type":"","overlay-color":"","overlay-opacity":"","overlay-gradient":""},"tablet":{"background-color":"","background-image":"","background-repeat":"repeat","background-position":"center center","background-size":"auto","background-attachment":"scroll","background-type":"","background-media":"","overlay-type":"","overlay-color":"","overlay-opacity":"","overlay-gradient":""},"mobile":{"background-color":"","background-image":"","background-repeat":"repeat","background-position":"center center","background-size":"auto","background-attachment":"scroll","background-type":"","background-media":"","overlay-type":"","overlay-color":"","overlay-opacity":"","overlay-gradient":""}},"ast-content-background-meta":{"desktop":{"background-color":"var(--ast-global-color-4)","background-image":"","background-repeat":"repeat","background-position":"center center","background-size":"auto","background-attachment":"scroll","background-type":"","background-media":"","overlay-type":"","overlay-color":"","overlay-opacity":"","overlay-gradient":""},"tablet":{"background-color":"var(--ast-global-color-4)","background-image":"","background-repeat":"repeat","background-position":"center center","background-size":"auto","background-attachment":"scroll","background-type":"","background-media":"","overlay-type":"","overlay-color":"","overlay-opacity":"","overlay-gradient":""},"mobile":{"background-color":"var(--ast-global-color-4)","background-image":"","background-repeat":"repeat","background-position":"center center","background-size":"auto","background-attachment":"scroll","background-type":"","background-media":"","overlay-type":"","overlay-color":"","overlay-opacity":"","overlay-gradient":""}},"footnotes":""},"class_list":["post-136","page","type-page","status-publish","hentry"],"acf":[],"yoast_head":"<!-- This site is optimized with the Yoast SEO plugin v27.0 - https:\/\/yoast.com\/product\/yoast-seo-wordpress\/ -->\n<title>Darbinieki - Koc\u0113nu PII \u201cAusekl\u012btis\u201d<\/title>\n<meta name=\"robots\" content=\"index, follow, max-snippet:-1, max-image-preview:large, max-video-preview:-1\" \/>\n<link rel=\"canonical\" href=\"https:\/\/izglitiba.valmierasnovads.lv\/auseklitis\/darbinieki\/\" \/>\n<meta property=\"og:locale\" content=\"lv_LV\" \/>\n<meta property=\"og:type\" content=\"article\" \/>\n<meta property=\"og:title\" content=\"Darbinieki - Koc\u0113nu PII \u201cAusekl\u012btis\u201d\" \/>\n<meta property=\"og:description\" content=\"Koc\u0113nu pirmsskolas izgl\u012bt\u012bbas iest\u0101des \u201cAusekl\u012btis\u201d darbinieki 2025.\/2026.m.g. V\u0101rds, Uzv\u0101rds Amats L\u012bga J\u0113kabsone pirmsskolas izgl\u012bt\u012bbas skolot\u0101ja Alise Petrova&nbsp;&nbsp;&nbsp; pirmsskolas izgl\u012bt\u012bbas skolot\u0101ja [&hellip;]\" \/>\n<meta property=\"og:url\" content=\"https:\/\/izglitiba.valmierasnovads.lv\/auseklitis\/darbinieki\/\" \/>\n<meta property=\"og:site_name\" content=\"Koc\u0113nu PII \u201cAusekl\u012btis\u201d\" \/>\n<meta property=\"article:modified_time\" content=\"2026-01-15T09:48:49+00:00\" \/>\n<meta name=\"twitter:card\" content=\"summary_large_image\" \/>\n<meta name=\"twitter:label1\" content=\"Est. reading time\" \/>\n\t<meta name=\"twitter:data1\" content=\"2 min\u016btes\" \/>\n<script type=\"application\/ld+json\" class=\"yoast-schema-graph\">{\"@context\":\"https:\/\/schema.org\",\"@graph\":[{\"@type\":\"WebPage\",\"@id\":\"https:\/\/izglitiba.valmierasnovads.lv\/auseklitis\/darbinieki\/\",\"url\":\"https:\/\/izglitiba.valmierasnovads.lv\/auseklitis\/darbinieki\/\",\"name\":\"Darbinieki - Koc\u0113nu PII \u201cAusekl\u012btis\u201d\",\"isPartOf\":{\"@id\":\"https:\/\/izglitiba.valmierasnovads.lv\/auseklitis\/#website\"},\"datePublished\":\"2025-10-16T08:54:14+00:00\",\"dateModified\":\"2026-01-15T09:48:49+00:00\",\"breadcrumb\":{\"@id\":\"https:\/\/izglitiba.valmierasnovads.lv\/auseklitis\/darbinieki\/#breadcrumb\"},\"inLanguage\":\"lv-LV\",\"potentialAction\":[{\"@type\":\"ReadAction\",\"target\":[\"https:\/\/izglitiba.valmierasnovads.lv\/auseklitis\/darbinieki\/\"]}]},{\"@type\":\"BreadcrumbList\",\"@id\":\"https:\/\/izglitiba.valmierasnovads.lv\/auseklitis\/darbinieki\/#breadcrumb\",\"itemListElement\":[{\"@type\":\"ListItem\",\"position\":1,\"name\":\"Home\",\"item\":\"https:\/\/izglitiba.valmierasnovads.lv\/auseklitis\/\"},{\"@type\":\"ListItem\",\"position\":2,\"name\":\"Darbinieki\"}]},{\"@type\":\"WebSite\",\"@id\":\"https:\/\/izglitiba.valmierasnovads.lv\/auseklitis\/#website\",\"url\":\"https:\/\/izglitiba.valmierasnovads.lv\/auseklitis\/\",\"name\":\"Koc\u0113nu PII \u201cAusekl\u012btis\u201d\",\"description\":\"\",\"publisher\":{\"@id\":\"https:\/\/izglitiba.valmierasnovads.lv\/auseklitis\/#organization\"},\"potentialAction\":[{\"@type\":\"SearchAction\",\"target\":{\"@type\":\"EntryPoint\",\"urlTemplate\":\"https:\/\/izglitiba.valmierasnovads.lv\/auseklitis\/?s={search_term_string}\"},\"query-input\":{\"@type\":\"PropertyValueSpecification\",\"valueRequired\":true,\"valueName\":\"search_term_string\"}}],\"inLanguage\":\"lv-LV\"},{\"@type\":\"Organization\",\"@id\":\"https:\/\/izglitiba.valmierasnovads.lv\/auseklitis\/#organization\",\"name\":\"Koc\u0113nu PII \u201cAusekl\u012btis\u201d\",\"url\":\"https:\/\/izglitiba.valmierasnovads.lv\/auseklitis\/\",\"logo\":{\"@type\":\"ImageObject\",\"inLanguage\":\"lv-LV\",\"@id\":\"https:\/\/izglitiba.valmierasnovads.lv\/auseklitis\/#\/schema\/logo\/image\/\",\"url\":\"https:\/\/izglitiba.valmierasnovads.lv\/auseklitis\/wp-content\/uploads\/sites\/18\/2026\/03\/cropped-Pirmsskolas-izglitibas-iestades-ar-pasu-logo-scaled-1.png\",\"contentUrl\":\"https:\/\/izglitiba.valmierasnovads.lv\/auseklitis\/wp-content\/uploads\/sites\/18\/2026\/03\/cropped-Pirmsskolas-izglitibas-iestades-ar-pasu-logo-scaled-1.png\",\"width\":1380,\"height\":404,\"caption\":\"Koc\u0113nu PII \u201cAusekl\u012btis\u201d\"},\"image\":{\"@id\":\"https:\/\/izglitiba.valmierasnovads.lv\/auseklitis\/#\/schema\/logo\/image\/\"}}]}<\/script>\n<!-- \/ Yoast SEO plugin. -->","yoast_head_json":{"title":"Darbinieki - Koc\u0113nu PII \u201cAusekl\u012btis\u201d","robots":{"index":"index","follow":"follow","max-snippet":"max-snippet:-1","max-image-preview":"max-image-preview:large","max-video-preview":"max-video-preview:-1"},"canonical":"https:\/\/izglitiba.valmierasnovads.lv\/auseklitis\/darbinieki\/","og_locale":"lv_LV","og_type":"article","og_title":"Darbinieki - Koc\u0113nu PII \u201cAusekl\u012btis\u201d","og_description":"Koc\u0113nu pirmsskolas izgl\u012bt\u012bbas iest\u0101des \u201cAusekl\u012btis\u201d darbinieki 2025.\/2026.m.g. V\u0101rds, Uzv\u0101rds Amats L\u012bga J\u0113kabsone pirmsskolas izgl\u012bt\u012bbas skolot\u0101ja Alise Petrova&nbsp;&nbsp;&nbsp; pirmsskolas izgl\u012bt\u012bbas skolot\u0101ja [&hellip;]","og_url":"https:\/\/izglitiba.valmierasnovads.lv\/auseklitis\/darbinieki\/","og_site_name":"Koc\u0113nu PII \u201cAusekl\u012btis\u201d","article_modified_time":"2026-01-15T09:48:49+00:00","twitter_card":"summary_large_image","twitter_misc":{"Est. reading time":"2 min\u016btes"},"schema":{"@context":"https:\/\/schema.org","@graph":[{"@type":"WebPage","@id":"https:\/\/izglitiba.valmierasnovads.lv\/auseklitis\/darbinieki\/","url":"https:\/\/izglitiba.valmierasnovads.lv\/auseklitis\/darbinieki\/","name":"Darbinieki - Koc\u0113nu PII \u201cAusekl\u012btis\u201d","isPartOf":{"@id":"https:\/\/izglitiba.valmierasnovads.lv\/auseklitis\/#website"},"datePublished":"2025-10-16T08:54:14+00:00","dateModified":"2026-01-15T09:48:49+00:00","breadcrumb":{"@id":"https:\/\/izglitiba.valmierasnovads.lv\/auseklitis\/darbinieki\/#breadcrumb"},"inLanguage":"lv-LV","potentialAction":[{"@type":"ReadAction","target":["https:\/\/izglitiba.valmierasnovads.lv\/auseklitis\/darbinieki\/"]}]},{"@type":"BreadcrumbList","@id":"https:\/\/izglitiba.valmierasnovads.lv\/auseklitis\/darbinieki\/#breadcrumb","itemListElement":[{"@type":"ListItem","position":1,"name":"Home","item":"https:\/\/izglitiba.valmierasnovads.lv\/auseklitis\/"},{"@type":"ListItem","position":2,"name":"Darbinieki"}]},{"@type":"WebSite","@id":"https:\/\/izglitiba.valmierasnovads.lv\/auseklitis\/#website","url":"https:\/\/izglitiba.valmierasnovads.lv\/auseklitis\/","name":"Koc\u0113nu PII \u201cAusekl\u012btis\u201d","description":"","publisher":{"@id":"https:\/\/izglitiba.valmierasnovads.lv\/auseklitis\/#organization"},"potentialAction":[{"@type":"SearchAction","target":{"@type":"EntryPoint","urlTemplate":"https:\/\/izglitiba.valmierasnovads.lv\/auseklitis\/?s={search_term_string}"},"query-input":{"@type":"PropertyValueSpecification","valueRequired":true,"valueName":"search_term_string"}}],"inLanguage":"lv-LV"},{"@type":"Organization","@id":"https:\/\/izglitiba.valmierasnovads.lv\/auseklitis\/#organization","name":"Koc\u0113nu PII \u201cAusekl\u012btis\u201d","url":"https:\/\/izglitiba.valmierasnovads.lv\/auseklitis\/","logo":{"@type":"ImageObject","inLanguage":"lv-LV","@id":"https:\/\/izglitiba.valmierasnovads.lv\/auseklitis\/#\/schema\/logo\/image\/","url":"https:\/\/izglitiba.valmierasnovads.lv\/auseklitis\/wp-content\/uploads\/sites\/18\/2026\/03\/cropped-Pirmsskolas-izglitibas-iestades-ar-pasu-logo-scaled-1.png","contentUrl":"https:\/\/izglitiba.valmierasnovads.lv\/auseklitis\/wp-content\/uploads\/sites\/18\/2026\/03\/cropped-Pirmsskolas-izglitibas-iestades-ar-pasu-logo-scaled-1.png","width":1380,"height":404,"caption":"Koc\u0113nu PII \u201cAusekl\u012btis\u201d"},"image":{"@id":"https:\/\/izglitiba.valmierasnovads.lv\/auseklitis\/#\/schema\/logo\/image\/"}}]}},"_links":{"self":[{"href":"https:\/\/izglitiba.valmierasnovads.lv\/auseklitis\/wp-json\/wp\/v2\/pages\/136","targetHints":{"allow":["GET"]}}],"collection":[{"href":"https:\/\/izglitiba.valmierasnovads.lv\/auseklitis\/wp-json\/wp\/v2\/pages"}],"about":[{"href":"https:\/\/izglitiba.valmierasnovads.lv\/auseklitis\/wp-json\/wp\/v2\/types\/page"}],"author":[{"embeddable":true,"href":"https:\/\/izglitiba.valmierasnovads.lv\/auseklitis\/wp-json\/wp\/v2\/users\/22"}],"replies":[{"embeddable":true,"href":"https:\/\/izglitiba.valmierasnovads.lv\/auseklitis\/wp-json\/wp\/v2\/comments?post=136"}],"version-history":[{"count":3,"href":"https:\/\/izglitiba.valmierasnovads.lv\/auseklitis\/wp-json\/wp\/v2\/pages\/136\/revisions"}],"predecessor-version":[{"id":220,"href":"https:\/\/izglitiba.valmierasnovads.lv\/auseklitis\/wp-json\/wp\/v2\/pages\/136\/revisions\/220"}],"wp:attachment":[{"href":"https:\/\/izglitiba.valmierasnovads.lv\/auseklitis\/wp-json\/wp\/v2\/media?parent=136"}],"curies":[{"name":"wp","href":"https:\/\/api.w.org\/{rel}","templated":true}]}}