{"id":142,"date":"2025-10-16T12:00:51","date_gmt":"2025-10-16T09:00:51","guid":{"rendered":"https:\/\/izglitiba.valmierasnovads.lv\/auseklitis\/?page_id=142"},"modified":"2026-01-15T11:33:08","modified_gmt":"2026-01-15T09:33:08","slug":"misija-vizija-vertibas","status":"publish","type":"page","link":"https:\/\/izglitiba.valmierasnovads.lv\/auseklitis\/misija-vizija-vertibas\/","title":{"rendered":"Misija, v\u012bzija, v\u0113rt\u012bbas"},"content":{"rendered":"\n<p class=\"has-text-align-center\"><strong>Misija:<\/strong> Koc\u0113nu pirmsskolas izgl\u012bt\u012bbas iest\u0101des \u201cAusekl\u012btis\u201d person\u0101la un izgl\u012btojam\u0101 vec\u0101ka m\u0113r\u0137tiec\u012bga un l\u012bdzatbild\u012bga sadarb\u012bba, veicinot izgl\u012btojamo iek\u0161\u0113jo v\u0113lmi izzin\u0101t ,jaut\u0101t, rast atbildes, v\u0113rot un p\u0113t\u012bt, radot pozit\u012bvu un labv\u0113l\u012bgu vidi izgl\u012btojam\u0101 att\u012bst\u012bbai.<\/p>\n\n\n\n<p class=\"has-text-align-center\"><strong>V\u012bzija:<\/strong> M\u016bsdien\u012bga, inovat\u012bva pirmsskolas izgl\u012bt\u012bbas iest\u0101de, vis\u0101m iesaist\u012bt\u0101m pus\u0113m vienots redz\u0113jums, izpratne par vispus\u012bgu izgl\u012btojam\u0101 att\u012bst\u012bbu.                                                         Izgl\u012btojamie zin\u0101tk\u0101ri un rado\u0161i dar\u012bt\u0101ji, veido cie\u0146pilnas attiec\u012bbas, apzin\u0101s un vada savu uzved\u012bbu un emocijas.<\/p>\n\n\n\n<p class=\"has-text-align-center\"><strong>V\u0113rt\u012bbas:<\/strong> 1. \u0122imene &#8211; atbalsts, uztic\u0113\u0161an\u0101s.                                                                                                                                                                                                                                     2. Izgl\u012btojamais &#8211; pie\u0146emts, izprasts, br\u012bvs.                                                                                                                                                                                                                                       3. Atbild\u012bba &#8211; pien\u0101kums, r\u012bc\u012bba, uztic\u0113\u0161an\u0101s.                                                                                                                                                                                                                                  4. Vesel\u012bba\/dro\u0161\u012bba &#8211; fizisk\u0101, soci\u0101l\u0101, gar\u012bg\u0101.                                                                                                                                                                                                                                      5. Sadarb\u012bba &#8211; uztic\u0113\u0161an\u0101s, atbalsts.<\/p>\n\n\n\n<p class=\"has-text-align-center\"><strong>M\u0113r\u0137i: <\/strong>Izgl\u012btojamais &#8211; tikumiska, atbild\u012bga person\u012bba ar izpratni par pie\u0146emtaj\u0101m v\u0113rt\u012bb\u0101m sabiedr\u012bb\u0101, ieinteres\u0113ts izzin\u0101\u0161an\u0101 un iepaz\u012b\u0161an\u0101, pieder\u012bgs un loj\u0101ls Latvijas valstij.<\/p>\n\n\n\n<p class=\"has-text-align-center\"><strong>Uzdevumi: <\/strong>1. Izgl\u012btojam\u0101 audzin\u0101\u0161anas proces\u0101 iek\u013caut v\u0113rt\u012bbas &#8211; \u0123imene, daba, dz\u012bv\u012bba, cie\u0146a. 2. Veidot izgl\u012btojam\u0101 pamatiema\u0146as patst\u0101v\u012bgi izzin\u0101t, pilnveidoties atbilsto\u0161\u0101 m\u0101c\u012bbu vid\u0113. 3. Veicin\u0101t pedagogu izpratni par atbalsta snieg\u0161anu izgl\u012btojamam p\u0113c izgl\u012btojam\u0101 individu\u0101lo vajadz\u012bbu identific\u0113\u0161anas. 4. Pedagogiem uzs\u0101kt dienas darbu ar uzdevumu : \u201cKo izgl\u012btojamais (b\u0113rns) \u0161odien jaunu uzzin\u0101s un g\u016bs?\u201d!<\/p>\n\n\n\n<p><\/p>\n","protected":false},"excerpt":{"rendered":"<p>Misija: Koc\u0113nu pirmsskolas izgl\u012bt\u012bbas iest\u0101des \u201cAusekl\u012btis\u201d person\u0101la un izgl\u012btojam\u0101 vec\u0101ka m\u0113r\u0137tiec\u012bga un l\u012bdzatbild\u012bga sadarb\u012bba, veicinot izgl\u012btojamo iek\u0161\u0113jo v\u0113lmi izzin\u0101t ,jaut\u0101t, [&hellip;]<\/p>\n","protected":false},"author":22,"featured_media":0,"parent":0,"menu_order":0,"comment_status":"closed","ping_status":"closed","template":"","meta":{"_acf_changed":false,"site-sidebar-layout":"default","site-content-layout":"","ast-site-content-layout":"default","site-content-style":"default","site-sidebar-style":"default","ast-global-header-display":"","ast-banner-title-visibility":"","ast-main-header-display":"","ast-hfb-above-header-display":"","ast-hfb-below-header-display":"","ast-hfb-mobile-header-display":"","site-post-title":"","ast-breadcrumbs-content":"","ast-featured-img":"","footer-sml-layout":"","ast-disable-related-posts":"","theme-transparent-header-meta":"","adv-header-id-meta":"","stick-header-meta":"","header-above-stick-meta":"","header-main-stick-meta":"","header-below-stick-meta":"","astra-migrate-meta-layouts":"default","ast-page-background-enabled":"default","ast-page-background-meta":{"desktop":{"background-color":"var(--ast-global-color-5)","background-image":"","background-repeat":"repeat","background-position":"center center","background-size":"auto","background-attachment":"scroll","background-type":"","background-media":"","overlay-type":"","overlay-color":"","overlay-opacity":"","overlay-gradient":""},"tablet":{"background-color":"","background-image":"","background-repeat":"repeat","background-position":"center center","background-size":"auto","background-attachment":"scroll","background-type":"","background-media":"","overlay-type":"","overlay-color":"","overlay-opacity":"","overlay-gradient":""},"mobile":{"background-color":"","background-image":"","background-repeat":"repeat","background-position":"center center","background-size":"auto","background-attachment":"scroll","background-type":"","background-media":"","overlay-type":"","overlay-color":"","overlay-opacity":"","overlay-gradient":""}},"ast-content-background-meta":{"desktop":{"background-color":"var(--ast-global-color-4)","background-image":"","background-repeat":"repeat","background-position":"center center","background-size":"auto","background-attachment":"scroll","background-type":"","background-media":"","overlay-type":"","overlay-color":"","overlay-opacity":"","overlay-gradient":""},"tablet":{"background-color":"var(--ast-global-color-4)","background-image":"","background-repeat":"repeat","background-position":"center center","background-size":"auto","background-attachment":"scroll","background-type":"","background-media":"","overlay-type":"","overlay-color":"","overlay-opacity":"","overlay-gradient":""},"mobile":{"background-color":"var(--ast-global-color-4)","background-image":"","background-repeat":"repeat","background-position":"center center","background-size":"auto","background-attachment":"scroll","background-type":"","background-media":"","overlay-type":"","overlay-color":"","overlay-opacity":"","overlay-gradient":""}},"footnotes":""},"class_list":["post-142","page","type-page","status-publish","hentry"],"acf":[],"yoast_head":"<!-- This site is optimized with the Yoast SEO plugin v27.0 - https:\/\/yoast.com\/product\/yoast-seo-wordpress\/ -->\n<title>Misija, v\u012bzija, v\u0113rt\u012bbas - Koc\u0113nu PII \u201cAusekl\u012btis\u201d<\/title>\n<meta name=\"robots\" content=\"index, follow, max-snippet:-1, max-image-preview:large, max-video-preview:-1\" \/>\n<link rel=\"canonical\" href=\"https:\/\/izglitiba.valmierasnovads.lv\/auseklitis\/misija-vizija-vertibas\/\" \/>\n<meta property=\"og:locale\" content=\"lv_LV\" \/>\n<meta property=\"og:type\" content=\"article\" \/>\n<meta property=\"og:title\" content=\"Misija, v\u012bzija, v\u0113rt\u012bbas - Koc\u0113nu PII \u201cAusekl\u012btis\u201d\" \/>\n<meta property=\"og:description\" content=\"Misija: Koc\u0113nu pirmsskolas izgl\u012bt\u012bbas iest\u0101des \u201cAusekl\u012btis\u201d person\u0101la un izgl\u012btojam\u0101 vec\u0101ka m\u0113r\u0137tiec\u012bga un l\u012bdzatbild\u012bga sadarb\u012bba, veicinot izgl\u012btojamo iek\u0161\u0113jo v\u0113lmi izzin\u0101t ,jaut\u0101t, [&hellip;]\" \/>\n<meta property=\"og:url\" content=\"https:\/\/izglitiba.valmierasnovads.lv\/auseklitis\/misija-vizija-vertibas\/\" \/>\n<meta property=\"og:site_name\" content=\"Koc\u0113nu PII \u201cAusekl\u012btis\u201d\" \/>\n<meta property=\"article:modified_time\" content=\"2026-01-15T09:33:08+00:00\" \/>\n<meta name=\"twitter:card\" content=\"summary_large_image\" \/>\n<meta name=\"twitter:label1\" content=\"Est. reading time\" \/>\n\t<meta name=\"twitter:data1\" content=\"1 min\u016bte\" \/>\n<script type=\"application\/ld+json\" class=\"yoast-schema-graph\">{\"@context\":\"https:\/\/schema.org\",\"@graph\":[{\"@type\":\"WebPage\",\"@id\":\"https:\/\/izglitiba.valmierasnovads.lv\/auseklitis\/misija-vizija-vertibas\/\",\"url\":\"https:\/\/izglitiba.valmierasnovads.lv\/auseklitis\/misija-vizija-vertibas\/\",\"name\":\"Misija, v\u012bzija, v\u0113rt\u012bbas - Koc\u0113nu PII \u201cAusekl\u012btis\u201d\",\"isPartOf\":{\"@id\":\"https:\/\/izglitiba.valmierasnovads.lv\/auseklitis\/#website\"},\"datePublished\":\"2025-10-16T09:00:51+00:00\",\"dateModified\":\"2026-01-15T09:33:08+00:00\",\"breadcrumb\":{\"@id\":\"https:\/\/izglitiba.valmierasnovads.lv\/auseklitis\/misija-vizija-vertibas\/#breadcrumb\"},\"inLanguage\":\"lv-LV\",\"potentialAction\":[{\"@type\":\"ReadAction\",\"target\":[\"https:\/\/izglitiba.valmierasnovads.lv\/auseklitis\/misija-vizija-vertibas\/\"]}]},{\"@type\":\"BreadcrumbList\",\"@id\":\"https:\/\/izglitiba.valmierasnovads.lv\/auseklitis\/misija-vizija-vertibas\/#breadcrumb\",\"itemListElement\":[{\"@type\":\"ListItem\",\"position\":1,\"name\":\"Home\",\"item\":\"https:\/\/izglitiba.valmierasnovads.lv\/auseklitis\/\"},{\"@type\":\"ListItem\",\"position\":2,\"name\":\"Misija, v\u012bzija, v\u0113rt\u012bbas\"}]},{\"@type\":\"WebSite\",\"@id\":\"https:\/\/izglitiba.valmierasnovads.lv\/auseklitis\/#website\",\"url\":\"https:\/\/izglitiba.valmierasnovads.lv\/auseklitis\/\",\"name\":\"Koc\u0113nu PII \u201cAusekl\u012btis\u201d\",\"description\":\"\",\"publisher\":{\"@id\":\"https:\/\/izglitiba.valmierasnovads.lv\/auseklitis\/#organization\"},\"potentialAction\":[{\"@type\":\"SearchAction\",\"target\":{\"@type\":\"EntryPoint\",\"urlTemplate\":\"https:\/\/izglitiba.valmierasnovads.lv\/auseklitis\/?s={search_term_string}\"},\"query-input\":{\"@type\":\"PropertyValueSpecification\",\"valueRequired\":true,\"valueName\":\"search_term_string\"}}],\"inLanguage\":\"lv-LV\"},{\"@type\":\"Organization\",\"@id\":\"https:\/\/izglitiba.valmierasnovads.lv\/auseklitis\/#organization\",\"name\":\"Koc\u0113nu PII \u201cAusekl\u012btis\u201d\",\"url\":\"https:\/\/izglitiba.valmierasnovads.lv\/auseklitis\/\",\"logo\":{\"@type\":\"ImageObject\",\"inLanguage\":\"lv-LV\",\"@id\":\"https:\/\/izglitiba.valmierasnovads.lv\/auseklitis\/#\/schema\/logo\/image\/\",\"url\":\"https:\/\/izglitiba.valmierasnovads.lv\/auseklitis\/wp-content\/uploads\/sites\/18\/2026\/03\/cropped-Pirmsskolas-izglitibas-iestades-ar-pasu-logo-scaled-1.png\",\"contentUrl\":\"https:\/\/izglitiba.valmierasnovads.lv\/auseklitis\/wp-content\/uploads\/sites\/18\/2026\/03\/cropped-Pirmsskolas-izglitibas-iestades-ar-pasu-logo-scaled-1.png\",\"width\":1380,\"height\":404,\"caption\":\"Koc\u0113nu PII \u201cAusekl\u012btis\u201d\"},\"image\":{\"@id\":\"https:\/\/izglitiba.valmierasnovads.lv\/auseklitis\/#\/schema\/logo\/image\/\"}}]}<\/script>\n<!-- \/ Yoast SEO plugin. -->","yoast_head_json":{"title":"Misija, v\u012bzija, v\u0113rt\u012bbas - Koc\u0113nu PII \u201cAusekl\u012btis\u201d","robots":{"index":"index","follow":"follow","max-snippet":"max-snippet:-1","max-image-preview":"max-image-preview:large","max-video-preview":"max-video-preview:-1"},"canonical":"https:\/\/izglitiba.valmierasnovads.lv\/auseklitis\/misija-vizija-vertibas\/","og_locale":"lv_LV","og_type":"article","og_title":"Misija, v\u012bzija, v\u0113rt\u012bbas - Koc\u0113nu PII \u201cAusekl\u012btis\u201d","og_description":"Misija: Koc\u0113nu pirmsskolas izgl\u012bt\u012bbas iest\u0101des \u201cAusekl\u012btis\u201d person\u0101la un izgl\u012btojam\u0101 vec\u0101ka m\u0113r\u0137tiec\u012bga un l\u012bdzatbild\u012bga sadarb\u012bba, veicinot izgl\u012btojamo iek\u0161\u0113jo v\u0113lmi izzin\u0101t ,jaut\u0101t, [&hellip;]","og_url":"https:\/\/izglitiba.valmierasnovads.lv\/auseklitis\/misija-vizija-vertibas\/","og_site_name":"Koc\u0113nu PII \u201cAusekl\u012btis\u201d","article_modified_time":"2026-01-15T09:33:08+00:00","twitter_card":"summary_large_image","twitter_misc":{"Est. reading time":"1 min\u016bte"},"schema":{"@context":"https:\/\/schema.org","@graph":[{"@type":"WebPage","@id":"https:\/\/izglitiba.valmierasnovads.lv\/auseklitis\/misija-vizija-vertibas\/","url":"https:\/\/izglitiba.valmierasnovads.lv\/auseklitis\/misija-vizija-vertibas\/","name":"Misija, v\u012bzija, v\u0113rt\u012bbas - Koc\u0113nu PII \u201cAusekl\u012btis\u201d","isPartOf":{"@id":"https:\/\/izglitiba.valmierasnovads.lv\/auseklitis\/#website"},"datePublished":"2025-10-16T09:00:51+00:00","dateModified":"2026-01-15T09:33:08+00:00","breadcrumb":{"@id":"https:\/\/izglitiba.valmierasnovads.lv\/auseklitis\/misija-vizija-vertibas\/#breadcrumb"},"inLanguage":"lv-LV","potentialAction":[{"@type":"ReadAction","target":["https:\/\/izglitiba.valmierasnovads.lv\/auseklitis\/misija-vizija-vertibas\/"]}]},{"@type":"BreadcrumbList","@id":"https:\/\/izglitiba.valmierasnovads.lv\/auseklitis\/misija-vizija-vertibas\/#breadcrumb","itemListElement":[{"@type":"ListItem","position":1,"name":"Home","item":"https:\/\/izglitiba.valmierasnovads.lv\/auseklitis\/"},{"@type":"ListItem","position":2,"name":"Misija, v\u012bzija, v\u0113rt\u012bbas"}]},{"@type":"WebSite","@id":"https:\/\/izglitiba.valmierasnovads.lv\/auseklitis\/#website","url":"https:\/\/izglitiba.valmierasnovads.lv\/auseklitis\/","name":"Koc\u0113nu PII \u201cAusekl\u012btis\u201d","description":"","publisher":{"@id":"https:\/\/izglitiba.valmierasnovads.lv\/auseklitis\/#organization"},"potentialAction":[{"@type":"SearchAction","target":{"@type":"EntryPoint","urlTemplate":"https:\/\/izglitiba.valmierasnovads.lv\/auseklitis\/?s={search_term_string}"},"query-input":{"@type":"PropertyValueSpecification","valueRequired":true,"valueName":"search_term_string"}}],"inLanguage":"lv-LV"},{"@type":"Organization","@id":"https:\/\/izglitiba.valmierasnovads.lv\/auseklitis\/#organization","name":"Koc\u0113nu PII \u201cAusekl\u012btis\u201d","url":"https:\/\/izglitiba.valmierasnovads.lv\/auseklitis\/","logo":{"@type":"ImageObject","inLanguage":"lv-LV","@id":"https:\/\/izglitiba.valmierasnovads.lv\/auseklitis\/#\/schema\/logo\/image\/","url":"https:\/\/izglitiba.valmierasnovads.lv\/auseklitis\/wp-content\/uploads\/sites\/18\/2026\/03\/cropped-Pirmsskolas-izglitibas-iestades-ar-pasu-logo-scaled-1.png","contentUrl":"https:\/\/izglitiba.valmierasnovads.lv\/auseklitis\/wp-content\/uploads\/sites\/18\/2026\/03\/cropped-Pirmsskolas-izglitibas-iestades-ar-pasu-logo-scaled-1.png","width":1380,"height":404,"caption":"Koc\u0113nu PII \u201cAusekl\u012btis\u201d"},"image":{"@id":"https:\/\/izglitiba.valmierasnovads.lv\/auseklitis\/#\/schema\/logo\/image\/"}}]}},"_links":{"self":[{"href":"https:\/\/izglitiba.valmierasnovads.lv\/auseklitis\/wp-json\/wp\/v2\/pages\/142","targetHints":{"allow":["GET"]}}],"collection":[{"href":"https:\/\/izglitiba.valmierasnovads.lv\/auseklitis\/wp-json\/wp\/v2\/pages"}],"about":[{"href":"https:\/\/izglitiba.valmierasnovads.lv\/auseklitis\/wp-json\/wp\/v2\/types\/page"}],"author":[{"embeddable":true,"href":"https:\/\/izglitiba.valmierasnovads.lv\/auseklitis\/wp-json\/wp\/v2\/users\/22"}],"replies":[{"embeddable":true,"href":"https:\/\/izglitiba.valmierasnovads.lv\/auseklitis\/wp-json\/wp\/v2\/comments?post=142"}],"version-history":[{"count":3,"href":"https:\/\/izglitiba.valmierasnovads.lv\/auseklitis\/wp-json\/wp\/v2\/pages\/142\/revisions"}],"predecessor-version":[{"id":212,"href":"https:\/\/izglitiba.valmierasnovads.lv\/auseklitis\/wp-json\/wp\/v2\/pages\/142\/revisions\/212"}],"wp:attachment":[{"href":"https:\/\/izglitiba.valmierasnovads.lv\/auseklitis\/wp-json\/wp\/v2\/media?parent=142"}],"curies":[{"name":"wp","href":"https:\/\/api.w.org\/{rel}","templated":true}]}}