{"id":160,"date":"2025-10-16T12:04:58","date_gmt":"2025-10-16T09:04:58","guid":{"rendered":"https:\/\/izglitiba.valmierasnovads.lv\/auseklitis\/?page_id=160"},"modified":"2026-01-16T10:15:55","modified_gmt":"2026-01-16T08:15:55","slug":"rekviziti","status":"publish","type":"page","link":"https:\/\/izglitiba.valmierasnovads.lv\/auseklitis\/rekviziti\/","title":{"rendered":"Rekviz\u012bti"},"content":{"rendered":"\n<p class=\"has-text-align-center\"><strong>Valmieras novada pa\u0161vald\u012bba<\/strong><\/p>\n\n\n\n<p class=\"has-text-align-center\"><strong>NMR kods 90000043403<\/strong><\/p>\n\n\n\n<p class=\"has-text-align-center\"><strong>Juridisk\u0101 adrese: L\u0101\u010dpl\u0113\u0161a iela 2, Valmiera, Valmieras novads, LV \u2013 4201<\/strong><\/p>\n\n\n\n<p class=\"has-text-align-center\"><strong>Banka: SEB banka AS<\/strong><\/p>\n\n\n\n<p class=\"has-text-align-center\"><strong>Bankas kods: UNLALV2X<\/strong><\/p>\n\n\n\n<p class=\"has-text-align-center\"><strong>Konts: LV25UNLA0050014273854<\/strong><\/p>\n\n\n\n<p class=\"has-text-align-center\"><strong>Kalna iela 2, Koc\u0113ni, Koc\u0113nu pagasts, Valmieras\u00a0 novads, LV-4220<\/strong><\/p>\n\n\n\n<p class=\"has-text-align-center\"><strong>Sa\u0146\u0113m\u0113js: Koc\u0113nu novada PII \u201cAusekl\u012btis\u201d<\/strong><\/p>\n\n\n\n<p><\/p>\n","protected":false},"excerpt":{"rendered":"<p>Valmieras novada pa\u0161vald\u012bba NMR kods 90000043403 Juridisk\u0101 adrese: L\u0101\u010dpl\u0113\u0161a iela 2, Valmiera, Valmieras novads, LV \u2013 4201 Banka: SEB banka [&hellip;]<\/p>\n","protected":false},"author":22,"featured_media":0,"parent":0,"menu_order":0,"comment_status":"closed","ping_status":"closed","template":"","meta":{"_acf_changed":false,"site-sidebar-layout":"default","site-content-layout":"","ast-site-content-layout":"default","site-content-style":"default","site-sidebar-style":"default","ast-global-header-display":"","ast-banner-title-visibility":"","ast-main-header-display":"","ast-hfb-above-header-display":"","ast-hfb-below-header-display":"","ast-hfb-mobile-header-display":"","site-post-title":"","ast-breadcrumbs-content":"","ast-featured-img":"","footer-sml-layout":"","ast-disable-related-posts":"","theme-transparent-header-meta":"","adv-header-id-meta":"","stick-header-meta":"","header-above-stick-meta":"","header-main-stick-meta":"","header-below-stick-meta":"","astra-migrate-meta-layouts":"default","ast-page-background-enabled":"default","ast-page-background-meta":{"desktop":{"background-color":"var(--ast-global-color-5)","background-image":"","background-repeat":"repeat","background-position":"center center","background-size":"auto","background-attachment":"scroll","background-type":"","background-media":"","overlay-type":"","overlay-color":"","overlay-opacity":"","overlay-gradient":""},"tablet":{"background-color":"","background-image":"","background-repeat":"repeat","background-position":"center center","background-size":"auto","background-attachment":"scroll","background-type":"","background-media":"","overlay-type":"","overlay-color":"","overlay-opacity":"","overlay-gradient":""},"mobile":{"background-color":"","background-image":"","background-repeat":"repeat","background-position":"center center","background-size":"auto","background-attachment":"scroll","background-type":"","background-media":"","overlay-type":"","overlay-color":"","overlay-opacity":"","overlay-gradient":""}},"ast-content-background-meta":{"desktop":{"background-color":"var(--ast-global-color-4)","background-image":"","background-repeat":"repeat","background-position":"center center","background-size":"auto","background-attachment":"scroll","background-type":"","background-media":"","overlay-type":"","overlay-color":"","overlay-opacity":"","overlay-gradient":""},"tablet":{"background-color":"var(--ast-global-color-4)","background-image":"","background-repeat":"repeat","background-position":"center center","background-size":"auto","background-attachment":"scroll","background-type":"","background-media":"","overlay-type":"","overlay-color":"","overlay-opacity":"","overlay-gradient":""},"mobile":{"background-color":"var(--ast-global-color-4)","background-image":"","background-repeat":"repeat","background-position":"center center","background-size":"auto","background-attachment":"scroll","background-type":"","background-media":"","overlay-type":"","overlay-color":"","overlay-opacity":"","overlay-gradient":""}},"footnotes":""},"class_list":["post-160","page","type-page","status-publish","hentry"],"acf":[],"yoast_head":"<!-- This site is optimized with the Yoast SEO plugin v27.0 - https:\/\/yoast.com\/product\/yoast-seo-wordpress\/ -->\n<title>Rekviz\u012bti - Koc\u0113nu PII \u201cAusekl\u012btis\u201d<\/title>\n<meta name=\"robots\" content=\"index, follow, max-snippet:-1, max-image-preview:large, max-video-preview:-1\" \/>\n<link rel=\"canonical\" href=\"https:\/\/izglitiba.valmierasnovads.lv\/auseklitis\/rekviziti\/\" \/>\n<meta property=\"og:locale\" content=\"lv_LV\" \/>\n<meta property=\"og:type\" content=\"article\" \/>\n<meta property=\"og:title\" content=\"Rekviz\u012bti - Koc\u0113nu PII \u201cAusekl\u012btis\u201d\" \/>\n<meta property=\"og:description\" content=\"Valmieras novada pa\u0161vald\u012bba NMR kods 90000043403 Juridisk\u0101 adrese: L\u0101\u010dpl\u0113\u0161a iela 2, Valmiera, Valmieras novads, LV \u2013 4201 Banka: SEB banka [&hellip;]\" \/>\n<meta property=\"og:url\" content=\"https:\/\/izglitiba.valmierasnovads.lv\/auseklitis\/rekviziti\/\" \/>\n<meta property=\"og:site_name\" content=\"Koc\u0113nu PII \u201cAusekl\u012btis\u201d\" \/>\n<meta property=\"article:modified_time\" content=\"2026-01-16T08:15:55+00:00\" \/>\n<meta name=\"twitter:card\" content=\"summary_large_image\" \/>\n<meta name=\"twitter:label1\" content=\"Est. reading time\" \/>\n\t<meta name=\"twitter:data1\" content=\"1 min\u016bte\" \/>\n<script type=\"application\/ld+json\" class=\"yoast-schema-graph\">{\"@context\":\"https:\/\/schema.org\",\"@graph\":[{\"@type\":\"WebPage\",\"@id\":\"https:\/\/izglitiba.valmierasnovads.lv\/auseklitis\/rekviziti\/\",\"url\":\"https:\/\/izglitiba.valmierasnovads.lv\/auseklitis\/rekviziti\/\",\"name\":\"Rekviz\u012bti - Koc\u0113nu PII \u201cAusekl\u012btis\u201d\",\"isPartOf\":{\"@id\":\"https:\/\/izglitiba.valmierasnovads.lv\/auseklitis\/#website\"},\"datePublished\":\"2025-10-16T09:04:58+00:00\",\"dateModified\":\"2026-01-16T08:15:55+00:00\",\"breadcrumb\":{\"@id\":\"https:\/\/izglitiba.valmierasnovads.lv\/auseklitis\/rekviziti\/#breadcrumb\"},\"inLanguage\":\"lv-LV\",\"potentialAction\":[{\"@type\":\"ReadAction\",\"target\":[\"https:\/\/izglitiba.valmierasnovads.lv\/auseklitis\/rekviziti\/\"]}]},{\"@type\":\"BreadcrumbList\",\"@id\":\"https:\/\/izglitiba.valmierasnovads.lv\/auseklitis\/rekviziti\/#breadcrumb\",\"itemListElement\":[{\"@type\":\"ListItem\",\"position\":1,\"name\":\"Home\",\"item\":\"https:\/\/izglitiba.valmierasnovads.lv\/auseklitis\/\"},{\"@type\":\"ListItem\",\"position\":2,\"name\":\"Rekviz\u012bti\"}]},{\"@type\":\"WebSite\",\"@id\":\"https:\/\/izglitiba.valmierasnovads.lv\/auseklitis\/#website\",\"url\":\"https:\/\/izglitiba.valmierasnovads.lv\/auseklitis\/\",\"name\":\"Koc\u0113nu PII \u201cAusekl\u012btis\u201d\",\"description\":\"\",\"publisher\":{\"@id\":\"https:\/\/izglitiba.valmierasnovads.lv\/auseklitis\/#organization\"},\"potentialAction\":[{\"@type\":\"SearchAction\",\"target\":{\"@type\":\"EntryPoint\",\"urlTemplate\":\"https:\/\/izglitiba.valmierasnovads.lv\/auseklitis\/?s={search_term_string}\"},\"query-input\":{\"@type\":\"PropertyValueSpecification\",\"valueRequired\":true,\"valueName\":\"search_term_string\"}}],\"inLanguage\":\"lv-LV\"},{\"@type\":\"Organization\",\"@id\":\"https:\/\/izglitiba.valmierasnovads.lv\/auseklitis\/#organization\",\"name\":\"Koc\u0113nu PII \u201cAusekl\u012btis\u201d\",\"url\":\"https:\/\/izglitiba.valmierasnovads.lv\/auseklitis\/\",\"logo\":{\"@type\":\"ImageObject\",\"inLanguage\":\"lv-LV\",\"@id\":\"https:\/\/izglitiba.valmierasnovads.lv\/auseklitis\/#\/schema\/logo\/image\/\",\"url\":\"https:\/\/izglitiba.valmierasnovads.lv\/auseklitis\/wp-content\/uploads\/sites\/18\/2026\/03\/cropped-Pirmsskolas-izglitibas-iestades-ar-pasu-logo-scaled-1.png\",\"contentUrl\":\"https:\/\/izglitiba.valmierasnovads.lv\/auseklitis\/wp-content\/uploads\/sites\/18\/2026\/03\/cropped-Pirmsskolas-izglitibas-iestades-ar-pasu-logo-scaled-1.png\",\"width\":1380,\"height\":404,\"caption\":\"Koc\u0113nu PII \u201cAusekl\u012btis\u201d\"},\"image\":{\"@id\":\"https:\/\/izglitiba.valmierasnovads.lv\/auseklitis\/#\/schema\/logo\/image\/\"}}]}<\/script>\n<!-- \/ Yoast SEO plugin. -->","yoast_head_json":{"title":"Rekviz\u012bti - Koc\u0113nu PII \u201cAusekl\u012btis\u201d","robots":{"index":"index","follow":"follow","max-snippet":"max-snippet:-1","max-image-preview":"max-image-preview:large","max-video-preview":"max-video-preview:-1"},"canonical":"https:\/\/izglitiba.valmierasnovads.lv\/auseklitis\/rekviziti\/","og_locale":"lv_LV","og_type":"article","og_title":"Rekviz\u012bti - Koc\u0113nu PII \u201cAusekl\u012btis\u201d","og_description":"Valmieras novada pa\u0161vald\u012bba NMR kods 90000043403 Juridisk\u0101 adrese: L\u0101\u010dpl\u0113\u0161a iela 2, Valmiera, Valmieras novads, LV \u2013 4201 Banka: SEB banka [&hellip;]","og_url":"https:\/\/izglitiba.valmierasnovads.lv\/auseklitis\/rekviziti\/","og_site_name":"Koc\u0113nu PII \u201cAusekl\u012btis\u201d","article_modified_time":"2026-01-16T08:15:55+00:00","twitter_card":"summary_large_image","twitter_misc":{"Est. reading time":"1 min\u016bte"},"schema":{"@context":"https:\/\/schema.org","@graph":[{"@type":"WebPage","@id":"https:\/\/izglitiba.valmierasnovads.lv\/auseklitis\/rekviziti\/","url":"https:\/\/izglitiba.valmierasnovads.lv\/auseklitis\/rekviziti\/","name":"Rekviz\u012bti - Koc\u0113nu PII \u201cAusekl\u012btis\u201d","isPartOf":{"@id":"https:\/\/izglitiba.valmierasnovads.lv\/auseklitis\/#website"},"datePublished":"2025-10-16T09:04:58+00:00","dateModified":"2026-01-16T08:15:55+00:00","breadcrumb":{"@id":"https:\/\/izglitiba.valmierasnovads.lv\/auseklitis\/rekviziti\/#breadcrumb"},"inLanguage":"lv-LV","potentialAction":[{"@type":"ReadAction","target":["https:\/\/izglitiba.valmierasnovads.lv\/auseklitis\/rekviziti\/"]}]},{"@type":"BreadcrumbList","@id":"https:\/\/izglitiba.valmierasnovads.lv\/auseklitis\/rekviziti\/#breadcrumb","itemListElement":[{"@type":"ListItem","position":1,"name":"Home","item":"https:\/\/izglitiba.valmierasnovads.lv\/auseklitis\/"},{"@type":"ListItem","position":2,"name":"Rekviz\u012bti"}]},{"@type":"WebSite","@id":"https:\/\/izglitiba.valmierasnovads.lv\/auseklitis\/#website","url":"https:\/\/izglitiba.valmierasnovads.lv\/auseklitis\/","name":"Koc\u0113nu PII \u201cAusekl\u012btis\u201d","description":"","publisher":{"@id":"https:\/\/izglitiba.valmierasnovads.lv\/auseklitis\/#organization"},"potentialAction":[{"@type":"SearchAction","target":{"@type":"EntryPoint","urlTemplate":"https:\/\/izglitiba.valmierasnovads.lv\/auseklitis\/?s={search_term_string}"},"query-input":{"@type":"PropertyValueSpecification","valueRequired":true,"valueName":"search_term_string"}}],"inLanguage":"lv-LV"},{"@type":"Organization","@id":"https:\/\/izglitiba.valmierasnovads.lv\/auseklitis\/#organization","name":"Koc\u0113nu PII \u201cAusekl\u012btis\u201d","url":"https:\/\/izglitiba.valmierasnovads.lv\/auseklitis\/","logo":{"@type":"ImageObject","inLanguage":"lv-LV","@id":"https:\/\/izglitiba.valmierasnovads.lv\/auseklitis\/#\/schema\/logo\/image\/","url":"https:\/\/izglitiba.valmierasnovads.lv\/auseklitis\/wp-content\/uploads\/sites\/18\/2026\/03\/cropped-Pirmsskolas-izglitibas-iestades-ar-pasu-logo-scaled-1.png","contentUrl":"https:\/\/izglitiba.valmierasnovads.lv\/auseklitis\/wp-content\/uploads\/sites\/18\/2026\/03\/cropped-Pirmsskolas-izglitibas-iestades-ar-pasu-logo-scaled-1.png","width":1380,"height":404,"caption":"Koc\u0113nu PII \u201cAusekl\u012btis\u201d"},"image":{"@id":"https:\/\/izglitiba.valmierasnovads.lv\/auseklitis\/#\/schema\/logo\/image\/"}}]}},"_links":{"self":[{"href":"https:\/\/izglitiba.valmierasnovads.lv\/auseklitis\/wp-json\/wp\/v2\/pages\/160","targetHints":{"allow":["GET"]}}],"collection":[{"href":"https:\/\/izglitiba.valmierasnovads.lv\/auseklitis\/wp-json\/wp\/v2\/pages"}],"about":[{"href":"https:\/\/izglitiba.valmierasnovads.lv\/auseklitis\/wp-json\/wp\/v2\/types\/page"}],"author":[{"embeddable":true,"href":"https:\/\/izglitiba.valmierasnovads.lv\/auseklitis\/wp-json\/wp\/v2\/users\/22"}],"replies":[{"embeddable":true,"href":"https:\/\/izglitiba.valmierasnovads.lv\/auseklitis\/wp-json\/wp\/v2\/comments?post=160"}],"version-history":[{"count":2,"href":"https:\/\/izglitiba.valmierasnovads.lv\/auseklitis\/wp-json\/wp\/v2\/pages\/160\/revisions"}],"predecessor-version":[{"id":226,"href":"https:\/\/izglitiba.valmierasnovads.lv\/auseklitis\/wp-json\/wp\/v2\/pages\/160\/revisions\/226"}],"wp:attachment":[{"href":"https:\/\/izglitiba.valmierasnovads.lv\/auseklitis\/wp-json\/wp\/v2\/media?parent=160"}],"curies":[{"name":"wp","href":"https:\/\/api.w.org\/{rel}","templated":true}]}}