{"id":338,"date":"2026-03-24T17:47:41","date_gmt":"2026-03-24T15:47:41","guid":{"rendered":"https:\/\/izglitiba.valmierasnovads.lv\/auseklitis\/?page_id=338"},"modified":"2026-04-09T15:34:20","modified_gmt":"2026-04-09T12:34:20","slug":"projekti","status":"publish","type":"page","link":"https:\/\/izglitiba.valmierasnovads.lv\/auseklitis\/projekti\/","title":{"rendered":"Projekti"},"content":{"rendered":"\n<p>M\u016bsu pirmsskolas izgl\u012bt\u012bbas iest\u0101de ar prieku un lepnumu piedal\u0101s STEM (zin\u0101tne, tehnolo\u0123ijas, in\u017eenierzin\u0101tnes un matem\u0101tika) projekt\u0101, kura m\u0113r\u0137is ir veicin\u0101t b\u0113rnu interesi par apk\u0101rt\u0113jo pasauli, att\u012bst\u012bt p\u0113tniecisk\u0101s prasmes un rosin\u0101t rado\u0161u dom\u0101\u0161anu jau agr\u012bn\u0101 vecum\u0101.<\/p>\n\n\n\n<p>Dal\u012bba projekt\u0101 sniedz iesp\u0113ju b\u0113rniem m\u0101c\u012bties caur praktisku darbo\u0161anos, eksperimentiem un rota\u013c\u0101m. Ikdienas aktivit\u0101t\u0113s b\u0113rni p\u0113ta dabas par\u0101d\u012bbas, veic vienk\u0101r\u0161us eksperimentus, b\u016bv\u0113 konstrukcijas un risina da\u017e\u0101dus uzdevumus, kas att\u012bsta lo\u0123isko dom\u0101\u0161anu un probl\u0113mu risin\u0101\u0161anas prasmes. \u0160\u0101d\u0101 veid\u0101 m\u0101c\u012b\u0161an\u0101s k\u013c\u016bst aizraujo\u0161a un j\u0113gpilna.<\/p>\n\n\n\n<figure class=\"wp-block-image aligncenter size-full\"><img loading=\"lazy\" decoding=\"async\" width=\"565\" height=\"811\" src=\"https:\/\/izglitiba.valmierasnovads.lv\/auseklitis\/wp-content\/uploads\/sites\/18\/2026\/04\/STEM_projekts.attels.png\" alt=\"\" class=\"wp-image-369\" srcset=\"https:\/\/izglitiba.valmierasnovads.lv\/auseklitis\/wp-content\/uploads\/sites\/18\/2026\/04\/STEM_projekts.attels.png 565w, https:\/\/izglitiba.valmierasnovads.lv\/auseklitis\/wp-content\/uploads\/sites\/18\/2026\/04\/STEM_projekts.attels-209x300.png 209w\" sizes=\"auto, (max-width: 565px) 100vw, 565px\" \/><\/figure>\n\n\n\n<p><\/p>\n\n\n\n<p><\/p>\n\n\n\n<p><\/p>\n","protected":false},"excerpt":{"rendered":"<p>M\u016bsu pirmsskolas izgl\u012bt\u012bbas iest\u0101de ar prieku un lepnumu piedal\u0101s STEM (zin\u0101tne, tehnolo\u0123ijas, in\u017eenierzin\u0101tnes un matem\u0101tika) projekt\u0101, kura m\u0113r\u0137is ir veicin\u0101t [&hellip;]<\/p>\n","protected":false},"author":1,"featured_media":0,"parent":0,"menu_order":0,"comment_status":"closed","ping_status":"closed","template":"","meta":{"_acf_changed":false,"site-sidebar-layout":"default","site-content-layout":"","ast-site-content-layout":"default","site-content-style":"default","site-sidebar-style":"default","ast-global-header-display":"","ast-banner-title-visibility":"","ast-main-header-display":"","ast-hfb-above-header-display":"","ast-hfb-below-header-display":"","ast-hfb-mobile-header-display":"","site-post-title":"","ast-breadcrumbs-content":"","ast-featured-img":"","footer-sml-layout":"","ast-disable-related-posts":"","theme-transparent-header-meta":"","adv-header-id-meta":"","stick-header-meta":"","header-above-stick-meta":"","header-main-stick-meta":"","header-below-stick-meta":"","astra-migrate-meta-layouts":"default","ast-page-background-enabled":"default","ast-page-background-meta":{"desktop":{"background-color":"var(--ast-global-color-5)","background-image":"","background-repeat":"repeat","background-position":"center center","background-size":"auto","background-attachment":"scroll","background-type":"","background-media":"","overlay-type":"","overlay-color":"","overlay-opacity":"","overlay-gradient":""},"tablet":{"background-color":"","background-image":"","background-repeat":"repeat","background-position":"center center","background-size":"auto","background-attachment":"scroll","background-type":"","background-media":"","overlay-type":"","overlay-color":"","overlay-opacity":"","overlay-gradient":""},"mobile":{"background-color":"","background-image":"","background-repeat":"repeat","background-position":"center center","background-size":"auto","background-attachment":"scroll","background-type":"","background-media":"","overlay-type":"","overlay-color":"","overlay-opacity":"","overlay-gradient":""}},"ast-content-background-meta":{"desktop":{"background-color":"var(--ast-global-color-4)","background-image":"","background-repeat":"repeat","background-position":"center center","background-size":"auto","background-attachment":"scroll","background-type":"","background-media":"","overlay-type":"","overlay-color":"","overlay-opacity":"","overlay-gradient":""},"tablet":{"background-color":"var(--ast-global-color-4)","background-image":"","background-repeat":"repeat","background-position":"center center","background-size":"auto","background-attachment":"scroll","background-type":"","background-media":"","overlay-type":"","overlay-color":"","overlay-opacity":"","overlay-gradient":""},"mobile":{"background-color":"var(--ast-global-color-4)","background-image":"","background-repeat":"repeat","background-position":"center center","background-size":"auto","background-attachment":"scroll","background-type":"","background-media":"","overlay-type":"","overlay-color":"","overlay-opacity":"","overlay-gradient":""}},"footnotes":""},"class_list":["post-338","page","type-page","status-publish","hentry"],"acf":[],"yoast_head":"<!-- This site is optimized with the Yoast SEO plugin v27.0 - https:\/\/yoast.com\/product\/yoast-seo-wordpress\/ -->\n<title>Projekti - Koc\u0113nu PII \u201cAusekl\u012btis\u201d<\/title>\n<meta name=\"robots\" content=\"index, follow, max-snippet:-1, max-image-preview:large, max-video-preview:-1\" \/>\n<link rel=\"canonical\" href=\"https:\/\/izglitiba.valmierasnovads.lv\/auseklitis\/projekti\/\" \/>\n<meta property=\"og:locale\" content=\"lv_LV\" \/>\n<meta property=\"og:type\" content=\"article\" \/>\n<meta property=\"og:title\" content=\"Projekti - Koc\u0113nu PII \u201cAusekl\u012btis\u201d\" \/>\n<meta property=\"og:description\" content=\"M\u016bsu pirmsskolas izgl\u012bt\u012bbas iest\u0101de ar prieku un lepnumu piedal\u0101s STEM (zin\u0101tne, tehnolo\u0123ijas, in\u017eenierzin\u0101tnes un matem\u0101tika) projekt\u0101, kura m\u0113r\u0137is ir veicin\u0101t [&hellip;]\" \/>\n<meta property=\"og:url\" content=\"https:\/\/izglitiba.valmierasnovads.lv\/auseklitis\/projekti\/\" \/>\n<meta property=\"og:site_name\" content=\"Koc\u0113nu PII \u201cAusekl\u012btis\u201d\" \/>\n<meta property=\"article:modified_time\" content=\"2026-04-09T12:34:20+00:00\" \/>\n<meta property=\"og:image\" content=\"https:\/\/izglitiba.valmierasnovads.lv\/auseklitis\/wp-content\/uploads\/sites\/18\/2026\/04\/STEM_projekts.attels.png\" \/>\n\t<meta property=\"og:image:width\" content=\"565\" \/>\n\t<meta property=\"og:image:height\" content=\"811\" \/>\n\t<meta property=\"og:image:type\" content=\"image\/png\" \/>\n<meta name=\"twitter:card\" content=\"summary_large_image\" \/>\n<meta name=\"twitter:label1\" content=\"Est. reading time\" \/>\n\t<meta name=\"twitter:data1\" content=\"1 min\u016bte\" \/>\n<script type=\"application\/ld+json\" class=\"yoast-schema-graph\">{\"@context\":\"https:\/\/schema.org\",\"@graph\":[{\"@type\":\"WebPage\",\"@id\":\"https:\/\/izglitiba.valmierasnovads.lv\/auseklitis\/projekti\/\",\"url\":\"https:\/\/izglitiba.valmierasnovads.lv\/auseklitis\/projekti\/\",\"name\":\"Projekti - Koc\u0113nu PII \u201cAusekl\u012btis\u201d\",\"isPartOf\":{\"@id\":\"https:\/\/izglitiba.valmierasnovads.lv\/auseklitis\/#website\"},\"primaryImageOfPage\":{\"@id\":\"https:\/\/izglitiba.valmierasnovads.lv\/auseklitis\/projekti\/#primaryimage\"},\"image\":{\"@id\":\"https:\/\/izglitiba.valmierasnovads.lv\/auseklitis\/projekti\/#primaryimage\"},\"thumbnailUrl\":\"https:\/\/izglitiba.valmierasnovads.lv\/auseklitis\/wp-content\/uploads\/sites\/18\/2026\/04\/STEM_projekts.attels.png\",\"datePublished\":\"2026-03-24T15:47:41+00:00\",\"dateModified\":\"2026-04-09T12:34:20+00:00\",\"breadcrumb\":{\"@id\":\"https:\/\/izglitiba.valmierasnovads.lv\/auseklitis\/projekti\/#breadcrumb\"},\"inLanguage\":\"lv-LV\",\"potentialAction\":[{\"@type\":\"ReadAction\",\"target\":[\"https:\/\/izglitiba.valmierasnovads.lv\/auseklitis\/projekti\/\"]}]},{\"@type\":\"ImageObject\",\"inLanguage\":\"lv-LV\",\"@id\":\"https:\/\/izglitiba.valmierasnovads.lv\/auseklitis\/projekti\/#primaryimage\",\"url\":\"https:\/\/izglitiba.valmierasnovads.lv\/auseklitis\/wp-content\/uploads\/sites\/18\/2026\/04\/STEM_projekts.attels.png\",\"contentUrl\":\"https:\/\/izglitiba.valmierasnovads.lv\/auseklitis\/wp-content\/uploads\/sites\/18\/2026\/04\/STEM_projekts.attels.png\",\"width\":565,\"height\":811},{\"@type\":\"BreadcrumbList\",\"@id\":\"https:\/\/izglitiba.valmierasnovads.lv\/auseklitis\/projekti\/#breadcrumb\",\"itemListElement\":[{\"@type\":\"ListItem\",\"position\":1,\"name\":\"Home\",\"item\":\"https:\/\/izglitiba.valmierasnovads.lv\/auseklitis\/\"},{\"@type\":\"ListItem\",\"position\":2,\"name\":\"Projekti\"}]},{\"@type\":\"WebSite\",\"@id\":\"https:\/\/izglitiba.valmierasnovads.lv\/auseklitis\/#website\",\"url\":\"https:\/\/izglitiba.valmierasnovads.lv\/auseklitis\/\",\"name\":\"Koc\u0113nu PII \u201cAusekl\u012btis\u201d\",\"description\":\"\",\"publisher\":{\"@id\":\"https:\/\/izglitiba.valmierasnovads.lv\/auseklitis\/#organization\"},\"potentialAction\":[{\"@type\":\"SearchAction\",\"target\":{\"@type\":\"EntryPoint\",\"urlTemplate\":\"https:\/\/izglitiba.valmierasnovads.lv\/auseklitis\/?s={search_term_string}\"},\"query-input\":{\"@type\":\"PropertyValueSpecification\",\"valueRequired\":true,\"valueName\":\"search_term_string\"}}],\"inLanguage\":\"lv-LV\"},{\"@type\":\"Organization\",\"@id\":\"https:\/\/izglitiba.valmierasnovads.lv\/auseklitis\/#organization\",\"name\":\"Koc\u0113nu PII \u201cAusekl\u012btis\u201d\",\"url\":\"https:\/\/izglitiba.valmierasnovads.lv\/auseklitis\/\",\"logo\":{\"@type\":\"ImageObject\",\"inLanguage\":\"lv-LV\",\"@id\":\"https:\/\/izglitiba.valmierasnovads.lv\/auseklitis\/#\/schema\/logo\/image\/\",\"url\":\"https:\/\/izglitiba.valmierasnovads.lv\/auseklitis\/wp-content\/uploads\/sites\/18\/2026\/03\/cropped-Pirmsskolas-izglitibas-iestades-ar-pasu-logo-scaled-1.png\",\"contentUrl\":\"https:\/\/izglitiba.valmierasnovads.lv\/auseklitis\/wp-content\/uploads\/sites\/18\/2026\/03\/cropped-Pirmsskolas-izglitibas-iestades-ar-pasu-logo-scaled-1.png\",\"width\":1380,\"height\":404,\"caption\":\"Koc\u0113nu PII \u201cAusekl\u012btis\u201d\"},\"image\":{\"@id\":\"https:\/\/izglitiba.valmierasnovads.lv\/auseklitis\/#\/schema\/logo\/image\/\"}}]}<\/script>\n<!-- \/ Yoast SEO plugin. -->","yoast_head_json":{"title":"Projekti - Koc\u0113nu PII \u201cAusekl\u012btis\u201d","robots":{"index":"index","follow":"follow","max-snippet":"max-snippet:-1","max-image-preview":"max-image-preview:large","max-video-preview":"max-video-preview:-1"},"canonical":"https:\/\/izglitiba.valmierasnovads.lv\/auseklitis\/projekti\/","og_locale":"lv_LV","og_type":"article","og_title":"Projekti - Koc\u0113nu PII \u201cAusekl\u012btis\u201d","og_description":"M\u016bsu pirmsskolas izgl\u012bt\u012bbas iest\u0101de ar prieku un lepnumu piedal\u0101s STEM (zin\u0101tne, tehnolo\u0123ijas, in\u017eenierzin\u0101tnes un matem\u0101tika) projekt\u0101, kura m\u0113r\u0137is ir veicin\u0101t [&hellip;]","og_url":"https:\/\/izglitiba.valmierasnovads.lv\/auseklitis\/projekti\/","og_site_name":"Koc\u0113nu PII \u201cAusekl\u012btis\u201d","article_modified_time":"2026-04-09T12:34:20+00:00","og_image":[{"width":565,"height":811,"url":"https:\/\/izglitiba.valmierasnovads.lv\/auseklitis\/wp-content\/uploads\/sites\/18\/2026\/04\/STEM_projekts.attels.png","type":"image\/png"}],"twitter_card":"summary_large_image","twitter_misc":{"Est. reading time":"1 min\u016bte"},"schema":{"@context":"https:\/\/schema.org","@graph":[{"@type":"WebPage","@id":"https:\/\/izglitiba.valmierasnovads.lv\/auseklitis\/projekti\/","url":"https:\/\/izglitiba.valmierasnovads.lv\/auseklitis\/projekti\/","name":"Projekti - Koc\u0113nu PII \u201cAusekl\u012btis\u201d","isPartOf":{"@id":"https:\/\/izglitiba.valmierasnovads.lv\/auseklitis\/#website"},"primaryImageOfPage":{"@id":"https:\/\/izglitiba.valmierasnovads.lv\/auseklitis\/projekti\/#primaryimage"},"image":{"@id":"https:\/\/izglitiba.valmierasnovads.lv\/auseklitis\/projekti\/#primaryimage"},"thumbnailUrl":"https:\/\/izglitiba.valmierasnovads.lv\/auseklitis\/wp-content\/uploads\/sites\/18\/2026\/04\/STEM_projekts.attels.png","datePublished":"2026-03-24T15:47:41+00:00","dateModified":"2026-04-09T12:34:20+00:00","breadcrumb":{"@id":"https:\/\/izglitiba.valmierasnovads.lv\/auseklitis\/projekti\/#breadcrumb"},"inLanguage":"lv-LV","potentialAction":[{"@type":"ReadAction","target":["https:\/\/izglitiba.valmierasnovads.lv\/auseklitis\/projekti\/"]}]},{"@type":"ImageObject","inLanguage":"lv-LV","@id":"https:\/\/izglitiba.valmierasnovads.lv\/auseklitis\/projekti\/#primaryimage","url":"https:\/\/izglitiba.valmierasnovads.lv\/auseklitis\/wp-content\/uploads\/sites\/18\/2026\/04\/STEM_projekts.attels.png","contentUrl":"https:\/\/izglitiba.valmierasnovads.lv\/auseklitis\/wp-content\/uploads\/sites\/18\/2026\/04\/STEM_projekts.attels.png","width":565,"height":811},{"@type":"BreadcrumbList","@id":"https:\/\/izglitiba.valmierasnovads.lv\/auseklitis\/projekti\/#breadcrumb","itemListElement":[{"@type":"ListItem","position":1,"name":"Home","item":"https:\/\/izglitiba.valmierasnovads.lv\/auseklitis\/"},{"@type":"ListItem","position":2,"name":"Projekti"}]},{"@type":"WebSite","@id":"https:\/\/izglitiba.valmierasnovads.lv\/auseklitis\/#website","url":"https:\/\/izglitiba.valmierasnovads.lv\/auseklitis\/","name":"Koc\u0113nu PII \u201cAusekl\u012btis\u201d","description":"","publisher":{"@id":"https:\/\/izglitiba.valmierasnovads.lv\/auseklitis\/#organization"},"potentialAction":[{"@type":"SearchAction","target":{"@type":"EntryPoint","urlTemplate":"https:\/\/izglitiba.valmierasnovads.lv\/auseklitis\/?s={search_term_string}"},"query-input":{"@type":"PropertyValueSpecification","valueRequired":true,"valueName":"search_term_string"}}],"inLanguage":"lv-LV"},{"@type":"Organization","@id":"https:\/\/izglitiba.valmierasnovads.lv\/auseklitis\/#organization","name":"Koc\u0113nu PII \u201cAusekl\u012btis\u201d","url":"https:\/\/izglitiba.valmierasnovads.lv\/auseklitis\/","logo":{"@type":"ImageObject","inLanguage":"lv-LV","@id":"https:\/\/izglitiba.valmierasnovads.lv\/auseklitis\/#\/schema\/logo\/image\/","url":"https:\/\/izglitiba.valmierasnovads.lv\/auseklitis\/wp-content\/uploads\/sites\/18\/2026\/03\/cropped-Pirmsskolas-izglitibas-iestades-ar-pasu-logo-scaled-1.png","contentUrl":"https:\/\/izglitiba.valmierasnovads.lv\/auseklitis\/wp-content\/uploads\/sites\/18\/2026\/03\/cropped-Pirmsskolas-izglitibas-iestades-ar-pasu-logo-scaled-1.png","width":1380,"height":404,"caption":"Koc\u0113nu PII \u201cAusekl\u012btis\u201d"},"image":{"@id":"https:\/\/izglitiba.valmierasnovads.lv\/auseklitis\/#\/schema\/logo\/image\/"}}]}},"_links":{"self":[{"href":"https:\/\/izglitiba.valmierasnovads.lv\/auseklitis\/wp-json\/wp\/v2\/pages\/338","targetHints":{"allow":["GET"]}}],"collection":[{"href":"https:\/\/izglitiba.valmierasnovads.lv\/auseklitis\/wp-json\/wp\/v2\/pages"}],"about":[{"href":"https:\/\/izglitiba.valmierasnovads.lv\/auseklitis\/wp-json\/wp\/v2\/types\/page"}],"author":[{"embeddable":true,"href":"https:\/\/izglitiba.valmierasnovads.lv\/auseklitis\/wp-json\/wp\/v2\/users\/1"}],"replies":[{"embeddable":true,"href":"https:\/\/izglitiba.valmierasnovads.lv\/auseklitis\/wp-json\/wp\/v2\/comments?post=338"}],"version-history":[{"count":2,"href":"https:\/\/izglitiba.valmierasnovads.lv\/auseklitis\/wp-json\/wp\/v2\/pages\/338\/revisions"}],"predecessor-version":[{"id":371,"href":"https:\/\/izglitiba.valmierasnovads.lv\/auseklitis\/wp-json\/wp\/v2\/pages\/338\/revisions\/371"}],"wp:attachment":[{"href":"https:\/\/izglitiba.valmierasnovads.lv\/auseklitis\/wp-json\/wp\/v2\/media?parent=338"}],"curies":[{"name":"wp","href":"https:\/\/api.w.org\/{rel}","templated":true}]}}