{"id":7,"date":"2025-04-23T15:43:55","date_gmt":"2025-04-23T12:43:55","guid":{"rendered":"https:\/\/izglitiba.valmierasnovads.lv\/auseklitis\/sakumlapa\/"},"modified":"2026-03-20T12:29:04","modified_gmt":"2026-03-20T10:29:04","slug":"sakumlapa","status":"publish","type":"page","link":"https:\/\/izglitiba.valmierasnovads.lv\/auseklitis\/","title":{"rendered":"S\u0101kumlapa"},"content":{"rendered":"\n<div class=\"main-slider\">\n    <div><img decoding=\"async\" src=\"https:\/\/izglitiba.valmierasnovads.lv\/auseklitis\/wp-content\/uploads\/sites\/18\/2025\/04\/Skolu-majaslapai-galveno-attelu-slaideris-5Auseklitis-2.png\" alt=\"\"><\/div><div><img decoding=\"async\" src=\"https:\/\/izglitiba.valmierasnovads.lv\/auseklitis\/wp-content\/uploads\/sites\/18\/2026\/03\/3-ezgif.com-crop.jpg\" alt=\"\"><\/div><div><img decoding=\"async\" src=\"https:\/\/izglitiba.valmierasnovads.lv\/auseklitis\/wp-content\/uploads\/sites\/18\/2026\/03\/2-ezgif.com-crop-scaled.jpg\" alt=\"\"><\/div><\/div>\n\n\n<div id=\"quick_sites\">\n    <div class=\"quick_link_title\">\u0100tr\u0101s saites<\/div><div class=\"links-container\"><div class=\"quick_site_link\"><a href=\"https:\/\/www.e-klase.lv\/\">E-Klase<\/a><\/div><div class=\"quick_site_link\"><a href=\"https:\/\/www.facebook.com\/Kocenuapvieniba\/\">Koc\u0113nu apvien\u012bba<\/a><\/div><div class=\"quick_site_link\"><a href=\"https:\/\/services3.arcgis.com\/UorD5Aq73toK04Vs\/arcgis\/rest\/services\/Pieturas_ar_sarakstiem_skats\/FeatureServer\/0\/110\/attachments\/679\">Autobusu saraksts<\/a><\/div><\/div><\/div>\n<div id=\"quick_sites_line\"><\/div>\n\n\n<div class=\"news-slider-wrapper\">\n    <h2>Jaunumi<\/h2>\n    <p class=\"link\"><a href=\"https:\/\/izglitiba.valmierasnovads.lv\/auseklitis\/jaunumi\" title=\"Las\u012bt visus jaunumus\">Las\u012bt visus<\/a><\/p>\n    <div class=\"news-slider\">\n            <\/div>\n<\/div>   \n\n\n\n\n\n<div class='line-wrapper'>\n<\/div>\n<div class=\"events-slider-wrapper\">\n    <h2>Notikumi<\/h2>\n    <p class=\"link\"><a href=\"https:\/\/izglitiba.valmierasnovads.lv\/auseklitis\/notikumi\" title=\"Skat\u012bt visus notikumus\">Skat\u012bt visus<\/a><\/p>\n    <div class=\"event-slider\">\n        <div class=\"item\"><a href=\"https:\/\/izglitiba.valmierasnovads.lv\/auseklitis\/events\/koncerts\/\">\n                        <div class=\"item-title\">Koncerts<\/div><div class=\"item-location\"><span class=\"title\">Koc\u0113nu PII &#8220;Ausekl\u012btis&#8221;<\/span><\/div><div class=\"item-month\">14.apr\u012blis<\/div><div class=\"item-time\">10.00 &#8211; 11.00<\/div>\n                        <\/a><div class=\"item-link\"><a href=\"https:\/\/izglitiba.valmierasnovads.lv\/auseklitis\/events\/koncerts\/\">Las\u012bt vair\u0101k<\/a><\/div><\/div><div class=\"item\"><a href=\"https:\/\/izglitiba.valmierasnovads.lv\/auseklitis\/events\/bernudarza-dzimsanas-diena\/\">\n                        <div class=\"item-title\">B\u0113rnud\u0101rza dzim\u0161anas diena!<\/div><div class=\"item-location\"><span class=\"title\">Koc\u0113nu PII &#8220;Ausekl\u012btis&#8221;<\/span><\/div><div class=\"item-month\">23.apr\u012blis<\/div><div class=\"item-time\">11.00 &#8211; 18.00<\/div>\n                        <\/a><div class=\"item-link\"><a href=\"https:\/\/izglitiba.valmierasnovads.lv\/auseklitis\/events\/bernudarza-dzimsanas-diena\/\">Las\u012bt vair\u0101k<\/a><\/div><\/div>    <\/div>\n<\/div>   \n\n\n<div class='line-wrapper'>\n<\/div>\n<div class=\"poster-slider-wrapper\">\n    <h2>Afi\u0161a<\/h2>\n    <p class=\"link\"><a href=\"https:\/\/izglitiba.valmierasnovads.lv\/auseklitis\/afisas\" title=\"Skat\u012bt visas galerijas\">Skat\u012bt visas<\/a><\/p>\n    <div class=\"poster-slider\">\n        <div class=\"item\"><div class=\"item-image\"><a id=\"call_gallery\" class=\"cboxElement\" data-fancybox-trigger=\"gallery\" data-fancybox-index=\"0\"><img decoding=\"async\" src=\" https:\/\/izglitiba.valmierasnovads.lv\/auseklitis\/wp-content\/uploads\/sites\/18\/2026\/04\/Dzimsanas-diena.png \" \/><\/a><\/div><\/div><div class=\"item\"><div class=\"item-image\"><a id=\"call_gallery\" class=\"cboxElement\" data-fancybox-trigger=\"gallery\" data-fancybox-index=\"1\"><img decoding=\"async\" src=\" https:\/\/izglitiba.valmierasnovads.lv\/auseklitis\/wp-content\/uploads\/sites\/18\/2026\/04\/Koncerts.png \" \/><\/a><\/div><\/div><div class=\"item\"><div class=\"item-image\"><a id=\"call_gallery\" class=\"cboxElement\" data-fancybox-trigger=\"gallery\" data-fancybox-index=\"2\"><img decoding=\"async\" src=\" https:\/\/izglitiba.valmierasnovads.lv\/auseklitis\/wp-content\/uploads\/sites\/18\/2026\/03\/Vecvecaku-pecpusdiena-2026.png \" \/><\/a><\/div><\/div><div class=\"item\"><div class=\"item-image\"><a id=\"call_gallery\" class=\"cboxElement\" data-fancybox-trigger=\"gallery\" data-fancybox-index=\"3\"><img decoding=\"async\" src=\" https:\/\/izglitiba.valmierasnovads.lv\/auseklitis\/wp-content\/uploads\/sites\/18\/2026\/01\/Screenshot_20260123_111802_Chrome.jpg \" \/><\/a><\/div><\/div><div class=\"item\"><div class=\"item-image\"><a id=\"call_gallery\" class=\"cboxElement\" data-fancybox-trigger=\"gallery\" data-fancybox-index=\"4\"><img decoding=\"async\" src=\" https:\/\/izglitiba.valmierasnovads.lv\/auseklitis\/wp-content\/uploads\/sites\/18\/2026\/01\/ara-sniegs-3.png \" \/><\/a><\/div><\/div>    <\/div>\n    <div style=\"display: hidden;\">\n        <a href=\"https:\/\/izglitiba.valmierasnovads.lv\/auseklitis\/wp-content\/uploads\/sites\/18\/2026\/04\/Dzimsanas-diena.png\" data-fancybox=\"gallery\"><\/a><a href=\"https:\/\/izglitiba.valmierasnovads.lv\/auseklitis\/wp-content\/uploads\/sites\/18\/2026\/04\/Koncerts.png\" data-fancybox=\"gallery\"><\/a><a href=\"https:\/\/izglitiba.valmierasnovads.lv\/auseklitis\/wp-content\/uploads\/sites\/18\/2026\/03\/Vecvecaku-pecpusdiena-2026.png\" data-fancybox=\"gallery\"><\/a><a href=\"https:\/\/izglitiba.valmierasnovads.lv\/auseklitis\/wp-content\/uploads\/sites\/18\/2026\/01\/Screenshot_20260123_111802_Chrome.jpg\" data-fancybox=\"gallery\"><\/a><a href=\"https:\/\/izglitiba.valmierasnovads.lv\/auseklitis\/wp-content\/uploads\/sites\/18\/2026\/01\/ara-sniegs-3.png\" data-fancybox=\"gallery\"><\/a>    <\/div>\n<\/div>\n\n\n\n<div class='line-wrapper'>\n<\/div>\n<div class=\"gallery-slider-wrapper\">\n<h2>Galerija<\/h2>\n<p class=\"link\"><a href=\"https:\/\/izglitiba.valmierasnovads.lv\/auseklitis\/galerijas\" title=\"Skat\u012bt visas galerijas\">Skat\u012bt visas<\/a><\/p>\n<div class=\"gallery-slider\">\n    <div class=\"item\"><div class=\"item-image\"><a href=\"https:\/\/izglitiba.valmierasnovads.lv\/auseklitis\/galery\/lieldienas-2026\/\"><img decoding=\"async\" src=\" https:\/\/izglitiba.valmierasnovads.lv\/auseklitis\/wp-content\/uploads\/sites\/18\/2026\/04\/IMG-20260331-WA0009-scaled.jpeg \" \/><div class=\"item-description\"><div class=\"item-title\">Lieldienas 2026<\/div><div class=\"item-count\">9 att\u0113li<\/div><\/div><\/a><\/div><div class=\"item-bottom\"><\/div><\/div><div class=\"item\"><div class=\"item-image\"><a href=\"https:\/\/izglitiba.valmierasnovads.lv\/auseklitis\/galery\/vecvecaku-pecpusdiena\/\"><img decoding=\"async\" src=\" https:\/\/izglitiba.valmierasnovads.lv\/auseklitis\/wp-content\/uploads\/sites\/18\/2026\/03\/IMG-20260317-WA0011.jpg \" \/><div class=\"item-description\"><div class=\"item-title\">Vecvec\u0101ku p\u0113cpusdiena<\/div><div class=\"item-count\">6 att\u0113li<\/div><\/div><\/a><\/div><div class=\"item-bottom\"><\/div><\/div><div class=\"item\"><div class=\"item-image\"><a href=\"https:\/\/izglitiba.valmierasnovads.lv\/auseklitis\/galery\/sniega-diena\/\"><img decoding=\"async\" src=\" https:\/\/izglitiba.valmierasnovads.lv\/auseklitis\/wp-content\/uploads\/sites\/18\/2026\/01\/IMG-20260122-WA0046.jpg \" \/><div class=\"item-description\"><div class=\"item-title\">Sniega diena<\/div><div class=\"item-count\">8 att\u0113li<\/div><\/div><\/a><\/div><div class=\"item-bottom\"><\/div><\/div><\/div>\n<\/div>\n\n\n<p><\/p>\n\n\n\n<div class='line-wrapper'>\n<\/div>\n<div class=\"partner-slider-wrapper\">\n    <div class=\"partner-slider\">\n        <div class=\"item\"><div class=\"item-logo\"><a href=\"https:\/\/www.e-klase.lv\/\"><img decoding=\"async\" src=\"https:\/\/izglitiba.valmierasnovads.lv\/auseklitis\/wp-content\/uploads\/sites\/18\/2026\/03\/E-klase.jpg\" alt=\"E-Klase\" \/><\/a><\/div><\/div><div class=\"item\"><div class=\"item-logo\"><a href=\"https:\/\/www.viaa.gov.lv\/lv\"><img decoding=\"async\" src=\"https:\/\/izglitiba.valmierasnovads.lv\/auseklitis\/wp-content\/uploads\/sites\/18\/2026\/03\/visc.jpg\" alt=\"VISC\" \/><\/a><\/div><\/div><div class=\"item\"><div class=\"item-logo\"><a href=\"https:\/\/www.valmierasnovads.lv\/\"><img decoding=\"async\" src=\"https:\/\/izglitiba.valmierasnovads.lv\/auseklitis\/wp-content\/uploads\/sites\/18\/2026\/03\/valmieras_novads.jpg\" alt=\"Valmieras novads\" \/><\/a><\/div><\/div><div class=\"item\"><div class=\"item-logo\"><a href=\"https:\/\/skolo.lv\/\"><img decoding=\"async\" src=\"https:\/\/izglitiba.valmierasnovads.lv\/auseklitis\/wp-content\/uploads\/sites\/18\/2026\/03\/skolo.jpg\" alt=\"Skolo.lv\" \/><\/a><\/div><\/div>    <\/div>\n<\/div>","protected":false},"excerpt":{"rendered":"","protected":false},"author":1,"featured_media":0,"parent":0,"menu_order":0,"comment_status":"closed","ping_status":"closed","template":"","meta":{"_acf_changed":false,"site-sidebar-layout":"default","site-content-layout":"","ast-site-content-layout":"default","site-content-style":"default","site-sidebar-style":"default","ast-global-header-display":"","ast-banner-title-visibility":"","ast-main-header-display":"","ast-hfb-above-header-display":"","ast-hfb-below-header-display":"","ast-hfb-mobile-header-display":"","site-post-title":"","ast-breadcrumbs-content":"","ast-featured-img":"","footer-sml-layout":"","ast-disable-related-posts":"","theme-transparent-header-meta":"","adv-header-id-meta":"","stick-header-meta":"","header-above-stick-meta":"","header-main-stick-meta":"","header-below-stick-meta":"","astra-migrate-meta-layouts":"default","ast-page-background-enabled":"default","ast-page-background-meta":{"desktop":{"background-color":"var(--ast-global-color-5)","background-image":"","background-repeat":"repeat","background-position":"center center","background-size":"auto","background-attachment":"scroll","background-type":"","background-media":"","overlay-type":"","overlay-color":"","overlay-opacity":"","overlay-gradient":""},"tablet":{"background-color":"","background-image":"","background-repeat":"repeat","background-position":"center center","background-size":"auto","background-attachment":"scroll","background-type":"","background-media":"","overlay-type":"","overlay-color":"","overlay-opacity":"","overlay-gradient":""},"mobile":{"background-color":"","background-image":"","background-repeat":"repeat","background-position":"center center","background-size":"auto","background-attachment":"scroll","background-type":"","background-media":"","overlay-type":"","overlay-color":"","overlay-opacity":"","overlay-gradient":""}},"ast-content-background-meta":{"desktop":{"background-color":"var(--ast-global-color-4)","background-image":"","background-repeat":"repeat","background-position":"center center","background-size":"auto","background-attachment":"scroll","background-type":"","background-media":"","overlay-type":"","overlay-color":"","overlay-opacity":"","overlay-gradient":""},"tablet":{"background-color":"var(--ast-global-color-4)","background-image":"","background-repeat":"repeat","background-position":"center center","background-size":"auto","background-attachment":"scroll","background-type":"","background-media":"","overlay-type":"","overlay-color":"","overlay-opacity":"","overlay-gradient":""},"mobile":{"background-color":"var(--ast-global-color-4)","background-image":"","background-repeat":"repeat","background-position":"center center","background-size":"auto","background-attachment":"scroll","background-type":"","background-media":"","overlay-type":"","overlay-color":"","overlay-opacity":"","overlay-gradient":""}},"footnotes":""},"class_list":["post-7","page","type-page","status-publish","hentry"],"acf":[],"yoast_head":"<!-- This site is optimized with the Yoast SEO plugin v27.0 - https:\/\/yoast.com\/product\/yoast-seo-wordpress\/ -->\n<title>S\u0101kumlapa - Koc\u0113nu PII \u201cAusekl\u012btis\u201d<\/title>\n<meta name=\"robots\" content=\"index, follow, max-snippet:-1, max-image-preview:large, max-video-preview:-1\" \/>\n<link rel=\"canonical\" href=\"https:\/\/izglitiba.valmierasnovads.lv\/auseklitis\/\" \/>\n<meta property=\"og:locale\" content=\"lv_LV\" \/>\n<meta property=\"og:type\" content=\"article\" \/>\n<meta property=\"og:title\" content=\"S\u0101kumlapa - Koc\u0113nu PII \u201cAusekl\u012btis\u201d\" \/>\n<meta property=\"og:url\" content=\"https:\/\/izglitiba.valmierasnovads.lv\/auseklitis\/\" \/>\n<meta property=\"og:site_name\" content=\"Koc\u0113nu PII \u201cAusekl\u012btis\u201d\" \/>\n<meta property=\"article:modified_time\" content=\"2026-03-20T10:29:04+00:00\" \/>\n<meta name=\"twitter:card\" content=\"summary_large_image\" \/>\n<script type=\"application\/ld+json\" class=\"yoast-schema-graph\">{\"@context\":\"https:\/\/schema.org\",\"@graph\":[{\"@type\":\"WebPage\",\"@id\":\"https:\/\/izglitiba.valmierasnovads.lv\/auseklitis\/\",\"url\":\"https:\/\/izglitiba.valmierasnovads.lv\/auseklitis\/\",\"name\":\"S\u0101kumlapa - Koc\u0113nu PII \u201cAusekl\u012btis\u201d\",\"isPartOf\":{\"@id\":\"https:\/\/izglitiba.valmierasnovads.lv\/auseklitis\/#website\"},\"datePublished\":\"2025-04-23T12:43:55+00:00\",\"dateModified\":\"2026-03-20T10:29:04+00:00\",\"breadcrumb\":{\"@id\":\"https:\/\/izglitiba.valmierasnovads.lv\/auseklitis\/#breadcrumb\"},\"inLanguage\":\"lv-LV\",\"potentialAction\":[{\"@type\":\"ReadAction\",\"target\":[\"https:\/\/izglitiba.valmierasnovads.lv\/auseklitis\/\"]}]},{\"@type\":\"BreadcrumbList\",\"@id\":\"https:\/\/izglitiba.valmierasnovads.lv\/auseklitis\/#breadcrumb\",\"itemListElement\":[{\"@type\":\"ListItem\",\"position\":1,\"name\":\"Home\",\"item\":\"https:\/\/izglitiba.valmierasnovads.lv\/auseklitis\/\"},{\"@type\":\"ListItem\",\"position\":2,\"name\":\"S\u0101kumlapa\"}]},{\"@type\":\"WebSite\",\"@id\":\"https:\/\/izglitiba.valmierasnovads.lv\/auseklitis\/#website\",\"url\":\"https:\/\/izglitiba.valmierasnovads.lv\/auseklitis\/\",\"name\":\"Koc\u0113nu PII \u201cAusekl\u012btis\u201d\",\"description\":\"\",\"publisher\":{\"@id\":\"https:\/\/izglitiba.valmierasnovads.lv\/auseklitis\/#organization\"},\"potentialAction\":[{\"@type\":\"SearchAction\",\"target\":{\"@type\":\"EntryPoint\",\"urlTemplate\":\"https:\/\/izglitiba.valmierasnovads.lv\/auseklitis\/?s={search_term_string}\"},\"query-input\":{\"@type\":\"PropertyValueSpecification\",\"valueRequired\":true,\"valueName\":\"search_term_string\"}}],\"inLanguage\":\"lv-LV\"},{\"@type\":\"Organization\",\"@id\":\"https:\/\/izglitiba.valmierasnovads.lv\/auseklitis\/#organization\",\"name\":\"Koc\u0113nu PII \u201cAusekl\u012btis\u201d\",\"url\":\"https:\/\/izglitiba.valmierasnovads.lv\/auseklitis\/\",\"logo\":{\"@type\":\"ImageObject\",\"inLanguage\":\"lv-LV\",\"@id\":\"https:\/\/izglitiba.valmierasnovads.lv\/auseklitis\/#\/schema\/logo\/image\/\",\"url\":\"https:\/\/izglitiba.valmierasnovads.lv\/auseklitis\/wp-content\/uploads\/sites\/18\/2026\/03\/cropped-Pirmsskolas-izglitibas-iestades-ar-pasu-logo-scaled-1.png\",\"contentUrl\":\"https:\/\/izglitiba.valmierasnovads.lv\/auseklitis\/wp-content\/uploads\/sites\/18\/2026\/03\/cropped-Pirmsskolas-izglitibas-iestades-ar-pasu-logo-scaled-1.png\",\"width\":1380,\"height\":404,\"caption\":\"Koc\u0113nu PII \u201cAusekl\u012btis\u201d\"},\"image\":{\"@id\":\"https:\/\/izglitiba.valmierasnovads.lv\/auseklitis\/#\/schema\/logo\/image\/\"}}]}<\/script>\n<!-- \/ Yoast SEO plugin. -->","yoast_head_json":{"title":"S\u0101kumlapa - Koc\u0113nu PII \u201cAusekl\u012btis\u201d","robots":{"index":"index","follow":"follow","max-snippet":"max-snippet:-1","max-image-preview":"max-image-preview:large","max-video-preview":"max-video-preview:-1"},"canonical":"https:\/\/izglitiba.valmierasnovads.lv\/auseklitis\/","og_locale":"lv_LV","og_type":"article","og_title":"S\u0101kumlapa - Koc\u0113nu PII \u201cAusekl\u012btis\u201d","og_url":"https:\/\/izglitiba.valmierasnovads.lv\/auseklitis\/","og_site_name":"Koc\u0113nu PII \u201cAusekl\u012btis\u201d","article_modified_time":"2026-03-20T10:29:04+00:00","twitter_card":"summary_large_image","schema":{"@context":"https:\/\/schema.org","@graph":[{"@type":"WebPage","@id":"https:\/\/izglitiba.valmierasnovads.lv\/auseklitis\/","url":"https:\/\/izglitiba.valmierasnovads.lv\/auseklitis\/","name":"S\u0101kumlapa - Koc\u0113nu PII \u201cAusekl\u012btis\u201d","isPartOf":{"@id":"https:\/\/izglitiba.valmierasnovads.lv\/auseklitis\/#website"},"datePublished":"2025-04-23T12:43:55+00:00","dateModified":"2026-03-20T10:29:04+00:00","breadcrumb":{"@id":"https:\/\/izglitiba.valmierasnovads.lv\/auseklitis\/#breadcrumb"},"inLanguage":"lv-LV","potentialAction":[{"@type":"ReadAction","target":["https:\/\/izglitiba.valmierasnovads.lv\/auseklitis\/"]}]},{"@type":"BreadcrumbList","@id":"https:\/\/izglitiba.valmierasnovads.lv\/auseklitis\/#breadcrumb","itemListElement":[{"@type":"ListItem","position":1,"name":"Home","item":"https:\/\/izglitiba.valmierasnovads.lv\/auseklitis\/"},{"@type":"ListItem","position":2,"name":"S\u0101kumlapa"}]},{"@type":"WebSite","@id":"https:\/\/izglitiba.valmierasnovads.lv\/auseklitis\/#website","url":"https:\/\/izglitiba.valmierasnovads.lv\/auseklitis\/","name":"Koc\u0113nu PII \u201cAusekl\u012btis\u201d","description":"","publisher":{"@id":"https:\/\/izglitiba.valmierasnovads.lv\/auseklitis\/#organization"},"potentialAction":[{"@type":"SearchAction","target":{"@type":"EntryPoint","urlTemplate":"https:\/\/izglitiba.valmierasnovads.lv\/auseklitis\/?s={search_term_string}"},"query-input":{"@type":"PropertyValueSpecification","valueRequired":true,"valueName":"search_term_string"}}],"inLanguage":"lv-LV"},{"@type":"Organization","@id":"https:\/\/izglitiba.valmierasnovads.lv\/auseklitis\/#organization","name":"Koc\u0113nu PII \u201cAusekl\u012btis\u201d","url":"https:\/\/izglitiba.valmierasnovads.lv\/auseklitis\/","logo":{"@type":"ImageObject","inLanguage":"lv-LV","@id":"https:\/\/izglitiba.valmierasnovads.lv\/auseklitis\/#\/schema\/logo\/image\/","url":"https:\/\/izglitiba.valmierasnovads.lv\/auseklitis\/wp-content\/uploads\/sites\/18\/2026\/03\/cropped-Pirmsskolas-izglitibas-iestades-ar-pasu-logo-scaled-1.png","contentUrl":"https:\/\/izglitiba.valmierasnovads.lv\/auseklitis\/wp-content\/uploads\/sites\/18\/2026\/03\/cropped-Pirmsskolas-izglitibas-iestades-ar-pasu-logo-scaled-1.png","width":1380,"height":404,"caption":"Koc\u0113nu PII \u201cAusekl\u012btis\u201d"},"image":{"@id":"https:\/\/izglitiba.valmierasnovads.lv\/auseklitis\/#\/schema\/logo\/image\/"}}]}},"_links":{"self":[{"href":"https:\/\/izglitiba.valmierasnovads.lv\/auseklitis\/wp-json\/wp\/v2\/pages\/7","targetHints":{"allow":["GET"]}}],"collection":[{"href":"https:\/\/izglitiba.valmierasnovads.lv\/auseklitis\/wp-json\/wp\/v2\/pages"}],"about":[{"href":"https:\/\/izglitiba.valmierasnovads.lv\/auseklitis\/wp-json\/wp\/v2\/types\/page"}],"author":[{"embeddable":true,"href":"https:\/\/izglitiba.valmierasnovads.lv\/auseklitis\/wp-json\/wp\/v2\/users\/1"}],"replies":[{"embeddable":true,"href":"https:\/\/izglitiba.valmierasnovads.lv\/auseklitis\/wp-json\/wp\/v2\/comments?post=7"}],"version-history":[{"count":7,"href":"https:\/\/izglitiba.valmierasnovads.lv\/auseklitis\/wp-json\/wp\/v2\/pages\/7\/revisions"}],"predecessor-version":[{"id":315,"href":"https:\/\/izglitiba.valmierasnovads.lv\/auseklitis\/wp-json\/wp\/v2\/pages\/7\/revisions\/315"}],"wp:attachment":[{"href":"https:\/\/izglitiba.valmierasnovads.lv\/auseklitis\/wp-json\/wp\/v2\/media?parent=7"}],"curies":[{"name":"wp","href":"https:\/\/api.w.org\/{rel}","templated":true}]}}