{"id":1036,"date":"2026-01-14T11:39:07","date_gmt":"2026-01-14T09:39:07","guid":{"rendered":"https:\/\/izglitiba.valmierasnovads.lv\/buratino\/?page_id=1036"},"modified":"2026-01-14T11:43:08","modified_gmt":"2026-01-14T09:43:08","slug":"pedagogiski-mediciniska-komisija","status":"publish","type":"page","link":"https:\/\/izglitiba.valmierasnovads.lv\/buratino\/pedagogiski-mediciniska-komisija\/","title":{"rendered":"Pedago\u0123iski medic\u012bnisk\u0101 komisija"},"content":{"rendered":"\n<figure class=\"wp-block-embed is-type-wp-embed is-provider-izgl-t-ba-valmieras-novad wp-block-embed-izgl-t-ba-valmieras-novad\"><div class=\"wp-block-embed__wrapper\">\n<blockquote class=\"wp-embedded-content\" data-secret=\"QsAa6jV0bt\"><a href=\"https:\/\/izglitiba.valmierasnovads.lv\/pedagogiski-mediciniska-komisija\/\">Pedago\u0123iski medic\u012bnisk\u0101 komisija<\/a><\/blockquote><iframe loading=\"lazy\" class=\"wp-embedded-content\" sandbox=\"allow-scripts\" security=\"restricted\" style=\"position: absolute; visibility: hidden;\" title=\"&#8220;Pedago\u0123iski medic\u012bnisk\u0101 komisija&#8221; &#8212; Izgl\u012bt\u012bba Valmieras novad\u0101\" src=\"https:\/\/izglitiba.valmierasnovads.lv\/pedagogiski-mediciniska-komisija\/embed\/#?secret=SdvE1hA7Fa#?secret=QsAa6jV0bt\" data-secret=\"QsAa6jV0bt\" width=\"500\" height=\"282\" frameborder=\"0\" marginwidth=\"0\" marginheight=\"0\" scrolling=\"no\"><\/iframe>\n<\/div><\/figure>\n","protected":false},"excerpt":{"rendered":"","protected":false},"author":24,"featured_media":0,"parent":0,"menu_order":0,"comment_status":"closed","ping_status":"closed","template":"","meta":{"_acf_changed":false,"site-sidebar-layout":"default","site-content-layout":"","ast-site-content-layout":"default","site-content-style":"default","site-sidebar-style":"default","ast-global-header-display":"","ast-banner-title-visibility":"","ast-main-header-display":"","ast-hfb-above-header-display":"","ast-hfb-below-header-display":"","ast-hfb-mobile-header-display":"","site-post-title":"","ast-breadcrumbs-content":"","ast-featured-img":"","footer-sml-layout":"","ast-disable-related-posts":"","theme-transparent-header-meta":"","adv-header-id-meta":"","stick-header-meta":"","header-above-stick-meta":"","header-main-stick-meta":"","header-below-stick-meta":"","astra-migrate-meta-layouts":"default","ast-page-background-enabled":"default","ast-page-background-meta":{"desktop":{"background-color":"var(--ast-global-color-5)","background-image":"","background-repeat":"repeat","background-position":"center center","background-size":"auto","background-attachment":"scroll","background-type":"","background-media":"","overlay-type":"","overlay-color":"","overlay-opacity":"","overlay-gradient":""},"tablet":{"background-color":"","background-image":"","background-repeat":"repeat","background-position":"center center","background-size":"auto","background-attachment":"scroll","background-type":"","background-media":"","overlay-type":"","overlay-color":"","overlay-opacity":"","overlay-gradient":""},"mobile":{"background-color":"","background-image":"","background-repeat":"repeat","background-position":"center center","background-size":"auto","background-attachment":"scroll","background-type":"","background-media":"","overlay-type":"","overlay-color":"","overlay-opacity":"","overlay-gradient":""}},"ast-content-background-meta":{"desktop":{"background-color":"var(--ast-global-color-4)","background-image":"","background-repeat":"repeat","background-position":"center center","background-size":"auto","background-attachment":"scroll","background-type":"","background-media":"","overlay-type":"","overlay-color":"","overlay-opacity":"","overlay-gradient":""},"tablet":{"background-color":"var(--ast-global-color-4)","background-image":"","background-repeat":"repeat","background-position":"center center","background-size":"auto","background-attachment":"scroll","background-type":"","background-media":"","overlay-type":"","overlay-color":"","overlay-opacity":"","overlay-gradient":""},"mobile":{"background-color":"var(--ast-global-color-4)","background-image":"","background-repeat":"repeat","background-position":"center center","background-size":"auto","background-attachment":"scroll","background-type":"","background-media":"","overlay-type":"","overlay-color":"","overlay-opacity":"","overlay-gradient":""}},"footnotes":""},"class_list":["post-1036","page","type-page","status-publish","hentry"],"acf":[],"yoast_head":"<!-- This site is optimized with the Yoast SEO plugin v27.0 - https:\/\/yoast.com\/product\/yoast-seo-wordpress\/ -->\n<title>Pedago\u0123iski medic\u012bnisk\u0101 komisija - Valmieras pirmsskolas izgl\u012bt\u012bbas iest\u0101de \u201cBuratino\u201d<\/title>\n<meta name=\"robots\" content=\"index, follow, max-snippet:-1, max-image-preview:large, max-video-preview:-1\" \/>\n<link rel=\"canonical\" href=\"https:\/\/izglitiba.valmierasnovads.lv\/buratino\/pedagogiski-mediciniska-komisija\/\" \/>\n<meta property=\"og:locale\" content=\"lv_LV\" \/>\n<meta property=\"og:type\" content=\"article\" \/>\n<meta property=\"og:title\" content=\"Pedago\u0123iski medic\u012bnisk\u0101 komisija - Valmieras pirmsskolas izgl\u012bt\u012bbas iest\u0101de \u201cBuratino\u201d\" \/>\n<meta property=\"og:url\" content=\"https:\/\/izglitiba.valmierasnovads.lv\/buratino\/pedagogiski-mediciniska-komisija\/\" \/>\n<meta property=\"og:site_name\" content=\"Valmieras pirmsskolas izgl\u012bt\u012bbas iest\u0101de \u201cBuratino\u201d\" \/>\n<meta property=\"article:modified_time\" content=\"2026-01-14T09:43:08+00:00\" \/>\n<meta name=\"twitter:card\" content=\"summary_large_image\" \/>\n<meta name=\"twitter:label1\" content=\"Est. reading time\" \/>\n\t<meta name=\"twitter:data1\" content=\"1 min\u016bte\" \/>\n<script type=\"application\/ld+json\" class=\"yoast-schema-graph\">{\"@context\":\"https:\/\/schema.org\",\"@graph\":[{\"@type\":\"WebPage\",\"@id\":\"https:\/\/izglitiba.valmierasnovads.lv\/buratino\/pedagogiski-mediciniska-komisija\/\",\"url\":\"https:\/\/izglitiba.valmierasnovads.lv\/buratino\/pedagogiski-mediciniska-komisija\/\",\"name\":\"Pedago\u0123iski medic\u012bnisk\u0101 komisija - Valmieras pirmsskolas izgl\u012bt\u012bbas iest\u0101de \u201cBuratino\u201d\",\"isPartOf\":{\"@id\":\"https:\/\/izglitiba.valmierasnovads.lv\/buratino\/#website\"},\"datePublished\":\"2026-01-14T09:39:07+00:00\",\"dateModified\":\"2026-01-14T09:43:08+00:00\",\"breadcrumb\":{\"@id\":\"https:\/\/izglitiba.valmierasnovads.lv\/buratino\/pedagogiski-mediciniska-komisija\/#breadcrumb\"},\"inLanguage\":\"lv-LV\",\"potentialAction\":[{\"@type\":\"ReadAction\",\"target\":[\"https:\/\/izglitiba.valmierasnovads.lv\/buratino\/pedagogiski-mediciniska-komisija\/\"]}]},{\"@type\":\"BreadcrumbList\",\"@id\":\"https:\/\/izglitiba.valmierasnovads.lv\/buratino\/pedagogiski-mediciniska-komisija\/#breadcrumb\",\"itemListElement\":[{\"@type\":\"ListItem\",\"position\":1,\"name\":\"Home\",\"item\":\"https:\/\/izglitiba.valmierasnovads.lv\/buratino\/\"},{\"@type\":\"ListItem\",\"position\":2,\"name\":\"Pedago\u0123iski medic\u012bnisk\u0101 komisija\"}]},{\"@type\":\"WebSite\",\"@id\":\"https:\/\/izglitiba.valmierasnovads.lv\/buratino\/#website\",\"url\":\"https:\/\/izglitiba.valmierasnovads.lv\/buratino\/\",\"name\":\"Valmieras pirmsskolas izgl\u012bt\u012bbas iest\u0101de \u201cBuratino\u201d\",\"description\":\"Buratino Valmiera\",\"publisher\":{\"@id\":\"https:\/\/izglitiba.valmierasnovads.lv\/buratino\/#organization\"},\"potentialAction\":[{\"@type\":\"SearchAction\",\"target\":{\"@type\":\"EntryPoint\",\"urlTemplate\":\"https:\/\/izglitiba.valmierasnovads.lv\/buratino\/?s={search_term_string}\"},\"query-input\":{\"@type\":\"PropertyValueSpecification\",\"valueRequired\":true,\"valueName\":\"search_term_string\"}}],\"inLanguage\":\"lv-LV\"},{\"@type\":\"Organization\",\"@id\":\"https:\/\/izglitiba.valmierasnovads.lv\/buratino\/#organization\",\"name\":\"Valmieras pirmsskolas izgl\u012bt\u012bbas iest\u0101de \u201cBuratino\u201d\",\"url\":\"https:\/\/izglitiba.valmierasnovads.lv\/buratino\/\",\"logo\":{\"@type\":\"ImageObject\",\"inLanguage\":\"lv-LV\",\"@id\":\"https:\/\/izglitiba.valmierasnovads.lv\/buratino\/#\/schema\/logo\/image\/\",\"url\":\"https:\/\/izglitiba.valmierasnovads.lv\/buratino\/wp-content\/uploads\/sites\/20\/2026\/02\/cropped-Buratino-nosaukums-web-scaled-1.png\",\"contentUrl\":\"https:\/\/izglitiba.valmierasnovads.lv\/buratino\/wp-content\/uploads\/sites\/20\/2026\/02\/cropped-Buratino-nosaukums-web-scaled-1.png\",\"width\":2268,\"height\":715,\"caption\":\"Valmieras pirmsskolas izgl\u012bt\u012bbas iest\u0101de \u201cBuratino\u201d\"},\"image\":{\"@id\":\"https:\/\/izglitiba.valmierasnovads.lv\/buratino\/#\/schema\/logo\/image\/\"}}]}<\/script>\n<!-- \/ Yoast SEO plugin. -->","yoast_head_json":{"title":"Pedago\u0123iski medic\u012bnisk\u0101 komisija - Valmieras pirmsskolas izgl\u012bt\u012bbas iest\u0101de \u201cBuratino\u201d","robots":{"index":"index","follow":"follow","max-snippet":"max-snippet:-1","max-image-preview":"max-image-preview:large","max-video-preview":"max-video-preview:-1"},"canonical":"https:\/\/izglitiba.valmierasnovads.lv\/buratino\/pedagogiski-mediciniska-komisija\/","og_locale":"lv_LV","og_type":"article","og_title":"Pedago\u0123iski medic\u012bnisk\u0101 komisija - Valmieras pirmsskolas izgl\u012bt\u012bbas iest\u0101de \u201cBuratino\u201d","og_url":"https:\/\/izglitiba.valmierasnovads.lv\/buratino\/pedagogiski-mediciniska-komisija\/","og_site_name":"Valmieras pirmsskolas izgl\u012bt\u012bbas iest\u0101de \u201cBuratino\u201d","article_modified_time":"2026-01-14T09:43:08+00:00","twitter_card":"summary_large_image","twitter_misc":{"Est. reading time":"1 min\u016bte"},"schema":{"@context":"https:\/\/schema.org","@graph":[{"@type":"WebPage","@id":"https:\/\/izglitiba.valmierasnovads.lv\/buratino\/pedagogiski-mediciniska-komisija\/","url":"https:\/\/izglitiba.valmierasnovads.lv\/buratino\/pedagogiski-mediciniska-komisija\/","name":"Pedago\u0123iski medic\u012bnisk\u0101 komisija - Valmieras pirmsskolas izgl\u012bt\u012bbas iest\u0101de \u201cBuratino\u201d","isPartOf":{"@id":"https:\/\/izglitiba.valmierasnovads.lv\/buratino\/#website"},"datePublished":"2026-01-14T09:39:07+00:00","dateModified":"2026-01-14T09:43:08+00:00","breadcrumb":{"@id":"https:\/\/izglitiba.valmierasnovads.lv\/buratino\/pedagogiski-mediciniska-komisija\/#breadcrumb"},"inLanguage":"lv-LV","potentialAction":[{"@type":"ReadAction","target":["https:\/\/izglitiba.valmierasnovads.lv\/buratino\/pedagogiski-mediciniska-komisija\/"]}]},{"@type":"BreadcrumbList","@id":"https:\/\/izglitiba.valmierasnovads.lv\/buratino\/pedagogiski-mediciniska-komisija\/#breadcrumb","itemListElement":[{"@type":"ListItem","position":1,"name":"Home","item":"https:\/\/izglitiba.valmierasnovads.lv\/buratino\/"},{"@type":"ListItem","position":2,"name":"Pedago\u0123iski medic\u012bnisk\u0101 komisija"}]},{"@type":"WebSite","@id":"https:\/\/izglitiba.valmierasnovads.lv\/buratino\/#website","url":"https:\/\/izglitiba.valmierasnovads.lv\/buratino\/","name":"Valmieras pirmsskolas izgl\u012bt\u012bbas iest\u0101de \u201cBuratino\u201d","description":"Buratino Valmiera","publisher":{"@id":"https:\/\/izglitiba.valmierasnovads.lv\/buratino\/#organization"},"potentialAction":[{"@type":"SearchAction","target":{"@type":"EntryPoint","urlTemplate":"https:\/\/izglitiba.valmierasnovads.lv\/buratino\/?s={search_term_string}"},"query-input":{"@type":"PropertyValueSpecification","valueRequired":true,"valueName":"search_term_string"}}],"inLanguage":"lv-LV"},{"@type":"Organization","@id":"https:\/\/izglitiba.valmierasnovads.lv\/buratino\/#organization","name":"Valmieras pirmsskolas izgl\u012bt\u012bbas iest\u0101de \u201cBuratino\u201d","url":"https:\/\/izglitiba.valmierasnovads.lv\/buratino\/","logo":{"@type":"ImageObject","inLanguage":"lv-LV","@id":"https:\/\/izglitiba.valmierasnovads.lv\/buratino\/#\/schema\/logo\/image\/","url":"https:\/\/izglitiba.valmierasnovads.lv\/buratino\/wp-content\/uploads\/sites\/20\/2026\/02\/cropped-Buratino-nosaukums-web-scaled-1.png","contentUrl":"https:\/\/izglitiba.valmierasnovads.lv\/buratino\/wp-content\/uploads\/sites\/20\/2026\/02\/cropped-Buratino-nosaukums-web-scaled-1.png","width":2268,"height":715,"caption":"Valmieras pirmsskolas izgl\u012bt\u012bbas iest\u0101de \u201cBuratino\u201d"},"image":{"@id":"https:\/\/izglitiba.valmierasnovads.lv\/buratino\/#\/schema\/logo\/image\/"}}]}},"_links":{"self":[{"href":"https:\/\/izglitiba.valmierasnovads.lv\/buratino\/wp-json\/wp\/v2\/pages\/1036","targetHints":{"allow":["GET"]}}],"collection":[{"href":"https:\/\/izglitiba.valmierasnovads.lv\/buratino\/wp-json\/wp\/v2\/pages"}],"about":[{"href":"https:\/\/izglitiba.valmierasnovads.lv\/buratino\/wp-json\/wp\/v2\/types\/page"}],"author":[{"embeddable":true,"href":"https:\/\/izglitiba.valmierasnovads.lv\/buratino\/wp-json\/wp\/v2\/users\/24"}],"replies":[{"embeddable":true,"href":"https:\/\/izglitiba.valmierasnovads.lv\/buratino\/wp-json\/wp\/v2\/comments?post=1036"}],"version-history":[{"count":1,"href":"https:\/\/izglitiba.valmierasnovads.lv\/buratino\/wp-json\/wp\/v2\/pages\/1036\/revisions"}],"predecessor-version":[{"id":1037,"href":"https:\/\/izglitiba.valmierasnovads.lv\/buratino\/wp-json\/wp\/v2\/pages\/1036\/revisions\/1037"}],"wp:attachment":[{"href":"https:\/\/izglitiba.valmierasnovads.lv\/buratino\/wp-json\/wp\/v2\/media?parent=1036"}],"curies":[{"name":"wp","href":"https:\/\/api.w.org\/{rel}","templated":true}]}}