{"id":201,"date":"2025-07-30T14:36:43","date_gmt":"2025-07-30T11:36:43","guid":{"rendered":"https:\/\/izglitiba.valmierasnovads.lv\/buratino\/?page_id=201"},"modified":"2026-04-21T10:41:50","modified_gmt":"2026-04-21T07:41:50","slug":"kontakti","status":"publish","type":"page","link":"https:\/\/izglitiba.valmierasnovads.lv\/buratino\/kontakti\/","title":{"rendered":"Vad\u012bbas kontakti"},"content":{"rendered":"\n<p><\/p>\n\n\n\n<p><\/p>\n\n\n<style>.kb-table-container201_679aad-73{overflow-x:auto;}.kb-table-container .kb-table201_679aad-73 th{padding-top:var(--global-kb-spacing-xxs, 0.5rem);padding-right:var(--global-kb-spacing-xxs, 0.5rem);padding-bottom:var(--global-kb-spacing-xxs, 0.5rem);padding-left:var(--global-kb-spacing-xxs, 0.5rem);text-align:center;}.kb-table-container .kb-table201_679aad-73 caption{text-align:center;}.kb-table-container .kb-table201_679aad-73 td{padding-top:var(--global-kb-spacing-xxs, 0.5rem);padding-right:var(--global-kb-spacing-xxs, 0.5rem);padding-bottom:var(--global-kb-spacing-xxs, 0.5rem);padding-left:var(--global-kb-spacing-xxs, 0.5rem);text-align:left;}<\/style><div class=\"kb-table-container kb-table-container201_679aad-73 wp-block-kadence-table\"><table class=\"kb-table kb-table201_679aad-73\">\n<tr class=\"kb-table-row kb-table-row201_49e6ec-65\">\n<td class=\"kb-table-data kb-table-data201_acc351-c0\">\n\n<p class=\"has-ast-global-color-0-background-color has-background has-medium-font-size\"><strong>Amats<\/strong><\/p>\n\n<\/201_acc351-c0>\n\n<td class=\"kb-table-data kb-table-data201_5a1c02-e1\">\n\n<p class=\"has-ast-global-color-0-background-color has-background has-medium-font-size\"><strong>V\u0101rds, uzv\u0101rds<\/strong><\/p>\n\n<\/201_5a1c02-e1>\n\n<td class=\"kb-table-data kb-table-data201_44f996-68\">\n\n<p class=\"has-ast-global-color-0-background-color has-background has-medium-font-size\"><strong>E-pasts<\/strong><\/p>\n\n<\/201_44f996-68>\n\n<td class=\"kb-table-data kb-table-data201_ab1722-6f\">\n\n<p class=\"has-ast-global-color-0-background-color has-background has-medium-font-size\"><strong>Mob.t\u0101lrunis<\/strong><\/p>\n\n<\/201_ab1722-6f>\n<\/tr>\n\n<tr class=\"kb-table-row kb-table-row201_c3defb-11\">\n<td class=\"kb-table-data kb-table-data201_6d6828-6a\">\n\n<p class=\"has-pale-cyan-blue-background-color has-background\">Vad\u012bt\u0101ja<\/p>\n\n<\/201_6d6828-6a>\n\n<td class=\"kb-table-data kb-table-data201_0e4020-4e\">\n\n<p>Sarm\u012bte Bukava<\/p>\n\n<\/201_0e4020-4e>\n\n<td class=\"kb-table-data kb-table-data201_ffe2e4-48\">\n\n<p><a href=\"mailto:sarmite.bukava@valmiera.edu.lv\">sarmite.bukava@valmiera.edu.lv<\/a><\/p>\n\n<\/201_ffe2e4-48>\n\n<td class=\"kb-table-data kb-table-data201_889812-04\">\n\n<p>64232473<\/p>\n\n<\/201_889812-04>\n<\/tr>\n\n<tr class=\"kb-table-row kb-table-row201_ebfd87-5c\">\n<td class=\"kb-table-data kb-table-data201_66324a-5d\">\n\n<p class=\"has-pale-cyan-blue-background-color has-background\">Vad\u012bt\u0101jas vietniece izgl\u012bt\u012bbas jom\u0101<\/p>\n\n<\/201_66324a-5d>\n\n<td class=\"kb-table-data kb-table-data201_f47733-7e\">\n\n<p>Ineta Vanaga &#8211; Pl\u016bksna<\/p>\n\n<\/201_f47733-7e>\n\n<td class=\"kb-table-data kb-table-data201_10075e-f3\">\n\n<p><a href=\"mailto:ineta.vanaga@valmiera.edu.lv\">ineta.vanaga@valmiera.edu.lv<\/a><\/p>\n\n<\/201_10075e-f3>\n\n<td class=\"kb-table-data kb-table-data201_0eef9f-07\">\n\n<p>28465040<\/p>\n\n<\/201_0eef9f-07>\n<\/tr>\n\n<tr class=\"kb-table-row kb-table-row201_d982f5-a3\">\n<td class=\"kb-table-data kb-table-data201_165f2d-7b\">\n\n<p class=\"has-pale-cyan-blue-background-color has-background\">Lietvede<\/p>\n\n<\/201_165f2d-7b>\n\n<td class=\"kb-table-data kb-table-data201_71912c-27\">\n\n<p>Inese Ozola<\/p>\n\n<\/201_71912c-27>\n\n<td class=\"kb-table-data kb-table-data201_6b14c2-d1\">\n\n<p><a href=\"mailto:buratino.lietv@valmiera.edu.lv\">buratino.lietv@valmiera.edu.lv<\/a><\/p>\n\n<\/201_6b14c2-d1>\n\n<td class=\"kb-table-data kb-table-data201_25a09f-ef\">\n\n<p>64232473<\/p>\n\n<\/201_25a09f-ef>\n<\/tr>\n\n<tr class=\"kb-table-row kb-table-row201_6eca5b-d9\">\n<td class=\"kb-table-data kb-table-data201_4a7160-dd\">\n\n<p class=\"has-pale-cyan-blue-background-color has-background\">Psihologs<\/p>\n\n<\/201_4a7160-dd>\n\n<td class=\"kb-table-data kb-table-data201_3026ca-0e\">\n\n<p>L\u012bga Blu\u0137e<\/p>\n\n<\/201_3026ca-0e>\n\n<td class=\"kb-table-data kb-table-data201_400153-06\">\n\n<p><a href=\"mailto:liga.bluke@valmiera.edu.lv\">liga.bluke@valmiera.edu.lv<\/a><\/p>\n\n<\/201_400153-06>\n\n<td class=\"kb-table-data kb-table-data201_ad7ac0-3a\">\n\n<p>29470422<\/p>\n\n<\/201_ad7ac0-3a>\n<\/tr>\n\n<tr class=\"kb-table-row kb-table-row201_8fbaf8-67\">\n<td class=\"kb-table-data kb-table-data201_62aa55-b1\">\n\n<p class=\"has-pale-cyan-blue-background-color has-background\">Logop\u0113de<\/p>\n\n<\/201_62aa55-b1>\n\n<td class=\"kb-table-data kb-table-data201_ed55af-c6\">\n\n<p>Inita Z\u012ble<\/p>\n\n<\/201_ed55af-c6>\n\n<td class=\"kb-table-data kb-table-data201_b4036b-05\">\n\n<p><a href=\"mailto:inita.zile@valmiera.edu.lv\">inita.zile@valmiera.edu.lv<\/a><\/p>\n\n<\/201_b4036b-05>\n\n<td class=\"kb-table-data kb-table-data201_3ccde1-0c\">\n\n<p>26478009<\/p>\n\n<\/201_3ccde1-0c>\n<\/tr>\n\n<tr class=\"kb-table-row kb-table-row201_b07910-89\">\n<td class=\"kb-table-data kb-table-data201_bb639b-d3\">\n\n<p class=\"has-pale-cyan-blue-background-color has-background\">Logop\u0113de<\/p>\n\n<\/201_bb639b-d3>\n\n<td class=\"kb-table-data kb-table-data201_cc943e-7f\">\n\n<p>Sanita Pu\u0137\u012bte &#8211; Kr\u016bmi\u0146a<\/p>\n\n<\/201_cc943e-7f>\n\n<td class=\"kb-table-data kb-table-data201_cebb23-e8\">\n\n<p><a href=\"mailto:sanita.pukite@valmiera.edu.lv\">sanita.pukite@valmiera.edu.lv<\/a><\/p>\n\n<\/201_cebb23-e8>\n\n<td class=\"kb-table-data kb-table-data201_021c32-22\">\n\n<p>26593506<\/p>\n\n<\/201_021c32-22>\n<\/tr>\n\n<tr class=\"kb-table-row kb-table-row201_07c189-15\">\n<td class=\"kb-table-data kb-table-data201_38d4a3-9e\">\n\n<p class=\"has-pale-cyan-blue-background-color has-background\">Soci\u0101lais pedagogs<\/p>\n\n<\/201_38d4a3-9e>\n\n<td class=\"kb-table-data kb-table-data201_f15781-ba\">\n\n<p>Sandra Egl\u012bte<\/p>\n\n<\/201_f15781-ba>\n\n<td class=\"kb-table-data kb-table-data201_ea9008-a5\">\n\n<p><a href=\"mailto:sandra.eglite@valmiera.edu.lv\">sandra.eglite@valmiera.edu.lv<\/a><\/p>\n\n<\/201_ea9008-a5>\n\n<td class=\"kb-table-data kb-table-data201_a03745-96\">\n\n<p><\/p>\n\n<\/201_a03745-96>\n<\/tr>\n\n<tr class=\"kb-table-row kb-table-row201_501968-3c\">\n<td class=\"kb-table-data kb-table-data201_9cc24e-9f\">\n\n<p class=\"has-pale-cyan-blue-background-color has-background\">Speci\u0101lais pedagogs<\/p>\n\n<\/201_9cc24e-9f>\n\n<td class=\"kb-table-data kb-table-data201_8cbe43-f6\">\n\n<p>Sintija Irkle<\/p>\n\n<\/201_8cbe43-f6>\n\n<td class=\"kb-table-data kb-table-data201_45481a-25\">\n\n<p><a href=\"mailto:sintija.irkle@valmiera.edu.lv\">sintija.irkle@valmiera.edu.lv<\/a><\/p>\n\n<\/201_45481a-25>\n\n<td class=\"kb-table-data kb-table-data201_493104-40\">\n\n<p><\/p>\n\n<\/201_493104-40>\n<\/tr>\n\n<tr class=\"kb-table-row kb-table-row201_e38e94-31\">\n<td class=\"kb-table-data kb-table-data201_0bbafc-66\">\n\n<p class=\"has-pale-cyan-blue-background-color has-background\">Medm\u0101sa<\/p>\n\n<\/201_0bbafc-66>\n\n<td class=\"kb-table-data kb-table-data201_2ae623-1e\">\n\n<p>Sandra Bolu\u017ea<\/p>\n\n<\/201_2ae623-1e>\n\n<td class=\"kb-table-data kb-table-data201_d4128f-1d\">\n\n<p><a href=\"mailto:sandra.boluza@valmiera.edu.lv\">sandra.boluza@valmiera.edu.lv<\/a><\/p>\n\n<\/201_d4128f-1d>\n\n<td class=\"kb-table-data kb-table-data201_ef1b30-b1\">\n\n<p>26322134<\/p>\n\n<\/201_ef1b30-b1>\n<\/tr>\n\n<tr class=\"kb-table-row kb-table-row201_35b2bd-57\">\n<td class=\"kb-table-data kb-table-data201_147994-90\">\n\n<p class=\"has-pale-cyan-blue-background-color has-background\">Saimniec\u012bbas vad\u012bt\u0101ja<\/p>\n\n<\/201_147994-90>\n\n<td class=\"kb-table-data kb-table-data201_830664-fc\">\n\n<p>Ligita Aud\u0113ja<\/p>\n\n<\/201_830664-fc>\n\n<td class=\"kb-table-data kb-table-data201_9d1f6c-3a\">\n\n<p><a href=\"mailto:ligita.audeja@valmiera.edu.lv\">ligita.audeja@valmiera.edu.lv<\/a><\/p>\n\n<\/201_9d1f6c-3a>\n\n<td class=\"kb-table-data kb-table-data201_9ef46e-87\">\n\n<p>26322134<\/p>\n\n<\/201_9ef46e-87>\n<\/tr>\n<\/table><\/div>\n\n\n<p><\/p>\n","protected":false},"excerpt":{"rendered":"","protected":false},"author":24,"featured_media":0,"parent":0,"menu_order":0,"comment_status":"closed","ping_status":"closed","template":"","meta":{"_acf_changed":false,"site-sidebar-layout":"default","site-content-layout":"","ast-site-content-layout":"default","site-content-style":"default","site-sidebar-style":"default","ast-global-header-display":"","ast-banner-title-visibility":"","ast-main-header-display":"","ast-hfb-above-header-display":"","ast-hfb-below-header-display":"","ast-hfb-mobile-header-display":"","site-post-title":"","ast-breadcrumbs-content":"","ast-featured-img":"","footer-sml-layout":"","ast-disable-related-posts":"","theme-transparent-header-meta":"","adv-header-id-meta":"","stick-header-meta":"","header-above-stick-meta":"","header-main-stick-meta":"","header-below-stick-meta":"","astra-migrate-meta-layouts":"default","ast-page-background-enabled":"default","ast-page-background-meta":{"desktop":{"background-color":"var(--ast-global-color-5)","background-image":"","background-repeat":"repeat","background-position":"center center","background-size":"auto","background-attachment":"scroll","background-type":"","background-media":"","overlay-type":"","overlay-color":"","overlay-opacity":"","overlay-gradient":""},"tablet":{"background-color":"","background-image":"","background-repeat":"repeat","background-position":"center center","background-size":"auto","background-attachment":"scroll","background-type":"","background-media":"","overlay-type":"","overlay-color":"","overlay-opacity":"","overlay-gradient":""},"mobile":{"background-color":"","background-image":"","background-repeat":"repeat","background-position":"center center","background-size":"auto","background-attachment":"scroll","background-type":"","background-media":"","overlay-type":"","overlay-color":"","overlay-opacity":"","overlay-gradient":""}},"ast-content-background-meta":{"desktop":{"background-color":"var(--ast-global-color-4)","background-image":"","background-repeat":"repeat","background-position":"center center","background-size":"auto","background-attachment":"scroll","background-type":"","background-media":"","overlay-type":"","overlay-color":"","overlay-opacity":"","overlay-gradient":""},"tablet":{"background-color":"var(--ast-global-color-4)","background-image":"","background-repeat":"repeat","background-position":"center center","background-size":"auto","background-attachment":"scroll","background-type":"","background-media":"","overlay-type":"","overlay-color":"","overlay-opacity":"","overlay-gradient":""},"mobile":{"background-color":"var(--ast-global-color-4)","background-image":"","background-repeat":"repeat","background-position":"center center","background-size":"auto","background-attachment":"scroll","background-type":"","background-media":"","overlay-type":"","overlay-color":"","overlay-opacity":"","overlay-gradient":""}},"footnotes":""},"class_list":["post-201","page","type-page","status-publish","hentry"],"acf":[],"yoast_head":"<!-- This site is optimized with the Yoast SEO plugin v27.0 - https:\/\/yoast.com\/product\/yoast-seo-wordpress\/ -->\n<title>Vad\u012bbas kontakti - Valmieras pirmsskolas izgl\u012bt\u012bbas iest\u0101de \u201cBuratino\u201d<\/title>\n<meta name=\"robots\" content=\"index, follow, max-snippet:-1, max-image-preview:large, max-video-preview:-1\" \/>\n<link rel=\"canonical\" href=\"https:\/\/izglitiba.valmierasnovads.lv\/buratino\/kontakti\/\" \/>\n<meta property=\"og:locale\" content=\"lv_LV\" \/>\n<meta property=\"og:type\" content=\"article\" \/>\n<meta property=\"og:title\" content=\"Vad\u012bbas kontakti - Valmieras pirmsskolas izgl\u012bt\u012bbas iest\u0101de \u201cBuratino\u201d\" \/>\n<meta property=\"og:url\" content=\"https:\/\/izglitiba.valmierasnovads.lv\/buratino\/kontakti\/\" \/>\n<meta property=\"og:site_name\" content=\"Valmieras pirmsskolas izgl\u012bt\u012bbas iest\u0101de \u201cBuratino\u201d\" \/>\n<meta property=\"article:modified_time\" content=\"2026-04-21T07:41:50+00:00\" \/>\n<meta name=\"twitter:card\" content=\"summary_large_image\" \/>\n<meta name=\"twitter:label1\" content=\"Est. reading time\" \/>\n\t<meta name=\"twitter:data1\" content=\"1 min\u016bte\" \/>\n<script type=\"application\/ld+json\" class=\"yoast-schema-graph\">{\"@context\":\"https:\/\/schema.org\",\"@graph\":[{\"@type\":\"WebPage\",\"@id\":\"https:\/\/izglitiba.valmierasnovads.lv\/buratino\/kontakti\/\",\"url\":\"https:\/\/izglitiba.valmierasnovads.lv\/buratino\/kontakti\/\",\"name\":\"Vad\u012bbas kontakti - Valmieras pirmsskolas izgl\u012bt\u012bbas iest\u0101de \u201cBuratino\u201d\",\"isPartOf\":{\"@id\":\"https:\/\/izglitiba.valmierasnovads.lv\/buratino\/#website\"},\"datePublished\":\"2025-07-30T11:36:43+00:00\",\"dateModified\":\"2026-04-21T07:41:50+00:00\",\"breadcrumb\":{\"@id\":\"https:\/\/izglitiba.valmierasnovads.lv\/buratino\/kontakti\/#breadcrumb\"},\"inLanguage\":\"lv-LV\",\"potentialAction\":[{\"@type\":\"ReadAction\",\"target\":[\"https:\/\/izglitiba.valmierasnovads.lv\/buratino\/kontakti\/\"]}]},{\"@type\":\"BreadcrumbList\",\"@id\":\"https:\/\/izglitiba.valmierasnovads.lv\/buratino\/kontakti\/#breadcrumb\",\"itemListElement\":[{\"@type\":\"ListItem\",\"position\":1,\"name\":\"Home\",\"item\":\"https:\/\/izglitiba.valmierasnovads.lv\/buratino\/\"},{\"@type\":\"ListItem\",\"position\":2,\"name\":\"Vad\u012bbas kontakti\"}]},{\"@type\":\"WebSite\",\"@id\":\"https:\/\/izglitiba.valmierasnovads.lv\/buratino\/#website\",\"url\":\"https:\/\/izglitiba.valmierasnovads.lv\/buratino\/\",\"name\":\"Valmieras pirmsskolas izgl\u012bt\u012bbas iest\u0101de \u201cBuratino\u201d\",\"description\":\"Buratino Valmiera\",\"publisher\":{\"@id\":\"https:\/\/izglitiba.valmierasnovads.lv\/buratino\/#organization\"},\"potentialAction\":[{\"@type\":\"SearchAction\",\"target\":{\"@type\":\"EntryPoint\",\"urlTemplate\":\"https:\/\/izglitiba.valmierasnovads.lv\/buratino\/?s={search_term_string}\"},\"query-input\":{\"@type\":\"PropertyValueSpecification\",\"valueRequired\":true,\"valueName\":\"search_term_string\"}}],\"inLanguage\":\"lv-LV\"},{\"@type\":\"Organization\",\"@id\":\"https:\/\/izglitiba.valmierasnovads.lv\/buratino\/#organization\",\"name\":\"Valmieras pirmsskolas izgl\u012bt\u012bbas iest\u0101de \u201cBuratino\u201d\",\"url\":\"https:\/\/izglitiba.valmierasnovads.lv\/buratino\/\",\"logo\":{\"@type\":\"ImageObject\",\"inLanguage\":\"lv-LV\",\"@id\":\"https:\/\/izglitiba.valmierasnovads.lv\/buratino\/#\/schema\/logo\/image\/\",\"url\":\"https:\/\/izglitiba.valmierasnovads.lv\/buratino\/wp-content\/uploads\/sites\/20\/2026\/02\/cropped-Buratino-nosaukums-web-scaled-1.png\",\"contentUrl\":\"https:\/\/izglitiba.valmierasnovads.lv\/buratino\/wp-content\/uploads\/sites\/20\/2026\/02\/cropped-Buratino-nosaukums-web-scaled-1.png\",\"width\":2268,\"height\":715,\"caption\":\"Valmieras pirmsskolas izgl\u012bt\u012bbas iest\u0101de \u201cBuratino\u201d\"},\"image\":{\"@id\":\"https:\/\/izglitiba.valmierasnovads.lv\/buratino\/#\/schema\/logo\/image\/\"}}]}<\/script>\n<!-- \/ Yoast SEO plugin. -->","yoast_head_json":{"title":"Vad\u012bbas kontakti - Valmieras pirmsskolas izgl\u012bt\u012bbas iest\u0101de \u201cBuratino\u201d","robots":{"index":"index","follow":"follow","max-snippet":"max-snippet:-1","max-image-preview":"max-image-preview:large","max-video-preview":"max-video-preview:-1"},"canonical":"https:\/\/izglitiba.valmierasnovads.lv\/buratino\/kontakti\/","og_locale":"lv_LV","og_type":"article","og_title":"Vad\u012bbas kontakti - Valmieras pirmsskolas izgl\u012bt\u012bbas iest\u0101de \u201cBuratino\u201d","og_url":"https:\/\/izglitiba.valmierasnovads.lv\/buratino\/kontakti\/","og_site_name":"Valmieras pirmsskolas izgl\u012bt\u012bbas iest\u0101de \u201cBuratino\u201d","article_modified_time":"2026-04-21T07:41:50+00:00","twitter_card":"summary_large_image","twitter_misc":{"Est. reading time":"1 min\u016bte"},"schema":{"@context":"https:\/\/schema.org","@graph":[{"@type":"WebPage","@id":"https:\/\/izglitiba.valmierasnovads.lv\/buratino\/kontakti\/","url":"https:\/\/izglitiba.valmierasnovads.lv\/buratino\/kontakti\/","name":"Vad\u012bbas kontakti - Valmieras pirmsskolas izgl\u012bt\u012bbas iest\u0101de \u201cBuratino\u201d","isPartOf":{"@id":"https:\/\/izglitiba.valmierasnovads.lv\/buratino\/#website"},"datePublished":"2025-07-30T11:36:43+00:00","dateModified":"2026-04-21T07:41:50+00:00","breadcrumb":{"@id":"https:\/\/izglitiba.valmierasnovads.lv\/buratino\/kontakti\/#breadcrumb"},"inLanguage":"lv-LV","potentialAction":[{"@type":"ReadAction","target":["https:\/\/izglitiba.valmierasnovads.lv\/buratino\/kontakti\/"]}]},{"@type":"BreadcrumbList","@id":"https:\/\/izglitiba.valmierasnovads.lv\/buratino\/kontakti\/#breadcrumb","itemListElement":[{"@type":"ListItem","position":1,"name":"Home","item":"https:\/\/izglitiba.valmierasnovads.lv\/buratino\/"},{"@type":"ListItem","position":2,"name":"Vad\u012bbas kontakti"}]},{"@type":"WebSite","@id":"https:\/\/izglitiba.valmierasnovads.lv\/buratino\/#website","url":"https:\/\/izglitiba.valmierasnovads.lv\/buratino\/","name":"Valmieras pirmsskolas izgl\u012bt\u012bbas iest\u0101de \u201cBuratino\u201d","description":"Buratino Valmiera","publisher":{"@id":"https:\/\/izglitiba.valmierasnovads.lv\/buratino\/#organization"},"potentialAction":[{"@type":"SearchAction","target":{"@type":"EntryPoint","urlTemplate":"https:\/\/izglitiba.valmierasnovads.lv\/buratino\/?s={search_term_string}"},"query-input":{"@type":"PropertyValueSpecification","valueRequired":true,"valueName":"search_term_string"}}],"inLanguage":"lv-LV"},{"@type":"Organization","@id":"https:\/\/izglitiba.valmierasnovads.lv\/buratino\/#organization","name":"Valmieras pirmsskolas izgl\u012bt\u012bbas iest\u0101de \u201cBuratino\u201d","url":"https:\/\/izglitiba.valmierasnovads.lv\/buratino\/","logo":{"@type":"ImageObject","inLanguage":"lv-LV","@id":"https:\/\/izglitiba.valmierasnovads.lv\/buratino\/#\/schema\/logo\/image\/","url":"https:\/\/izglitiba.valmierasnovads.lv\/buratino\/wp-content\/uploads\/sites\/20\/2026\/02\/cropped-Buratino-nosaukums-web-scaled-1.png","contentUrl":"https:\/\/izglitiba.valmierasnovads.lv\/buratino\/wp-content\/uploads\/sites\/20\/2026\/02\/cropped-Buratino-nosaukums-web-scaled-1.png","width":2268,"height":715,"caption":"Valmieras pirmsskolas izgl\u012bt\u012bbas iest\u0101de \u201cBuratino\u201d"},"image":{"@id":"https:\/\/izglitiba.valmierasnovads.lv\/buratino\/#\/schema\/logo\/image\/"}}]}},"_links":{"self":[{"href":"https:\/\/izglitiba.valmierasnovads.lv\/buratino\/wp-json\/wp\/v2\/pages\/201","targetHints":{"allow":["GET"]}}],"collection":[{"href":"https:\/\/izglitiba.valmierasnovads.lv\/buratino\/wp-json\/wp\/v2\/pages"}],"about":[{"href":"https:\/\/izglitiba.valmierasnovads.lv\/buratino\/wp-json\/wp\/v2\/types\/page"}],"author":[{"embeddable":true,"href":"https:\/\/izglitiba.valmierasnovads.lv\/buratino\/wp-json\/wp\/v2\/users\/24"}],"replies":[{"embeddable":true,"href":"https:\/\/izglitiba.valmierasnovads.lv\/buratino\/wp-json\/wp\/v2\/comments?post=201"}],"version-history":[{"count":33,"href":"https:\/\/izglitiba.valmierasnovads.lv\/buratino\/wp-json\/wp\/v2\/pages\/201\/revisions"}],"predecessor-version":[{"id":1231,"href":"https:\/\/izglitiba.valmierasnovads.lv\/buratino\/wp-json\/wp\/v2\/pages\/201\/revisions\/1231"}],"wp:attachment":[{"href":"https:\/\/izglitiba.valmierasnovads.lv\/buratino\/wp-json\/wp\/v2\/media?parent=201"}],"curies":[{"name":"wp","href":"https:\/\/api.w.org\/{rel}","templated":true}]}}