{"id":456,"date":"2025-08-14T07:32:19","date_gmt":"2025-08-14T04:32:19","guid":{"rendered":"https:\/\/izglitiba.valmierasnovads.lv\/buratino\/?page_id=456"},"modified":"2025-10-24T14:06:57","modified_gmt":"2025-10-24T11:06:57","slug":"tematiskais-plans-2025-26-m-g","status":"publish","type":"page","link":"https:\/\/izglitiba.valmierasnovads.lv\/buratino\/tematiskais-plans-2025-26-m-g\/","title":{"rendered":"Tematiskais pl\u0101ns"},"content":{"rendered":"\n<p class=\"has-pale-cyan-blue-background-color has-background has-medium-font-size\"><strong>Tematiskais pl\u0101ns 2025.\/26. m. g.<\/strong><\/p>\n\n\n\n<figure class=\"wp-block-table has-small-font-size\"><table class=\"has-ast-global-color-7-background-color has-background has-fixed-layout\"><tbody><tr><td><strong>M\u0113nesis<\/strong><\/td><td><strong>Temats<\/strong><\/td><td><strong>M\u0101c\u012bbu saturs, aktivit\u0101tes<\/strong><\/td><\/tr><tr><td>Septembris<\/td><td><strong>\u201cEs jaun\u0101 vid\u0113\u201d<\/strong><\/td><td>Iepaz\u012b\u0161an\u0101s ar grupas biedriem un skolot\u0101j\u0101m, ekskursija pa izgl\u012bt\u012bbas iest\u0101di un t\u0101s apk\u0101rtni.<br>St\u0101st\u012bjums par sevi, savu \u0123imeni, piedz\u012bvojumiem vasar\u0101.<br>Mi\u0137e\u013ci \u2013 gadsk\u0101rtu trad\u012bcijas un iera\u017eas.<br>Iek\u0161\u0113j\u0101s k\u0101rt\u012bbas noteikumi, grupas k\u0101rt\u012bbas noteikumi.<\/td><\/tr><tr><td>Oktobris<\/td><td><strong>\u201cRudenti\u0146\u0161 bag\u0101ts v\u012brs\u201d<\/strong><\/td><td>Lab\u012bba, graudi, maizes ce\u013c\u0161. Rudens vel\u0161u un darin\u0101jumu izst\u0101de, aug\u013ci un d\u0101rze\u0146i, rudens darbi d\u0101rz\u0101. Koki un to lapas, me\u017ea veltes. Kr\u0101su nosaukumi, kr\u0101sas dab\u0101, to\u0146u jauk\u0161ana, dabas materi\u0101lu sav\u0101k\u0161ana \u0161\u0137iro\u0161ana. Laika apst\u0101k\u013ci un dabas par\u0101d\u012bbas ruden\u012b, laika apst\u0101k\u013ciem piem\u0113rots ap\u0123\u0113rbs.<br>PII &#8220;Buratino&#8221; dzim\u0161anas diena \u2013 gatavo\u0161an\u0101s svin\u012bb\u0101m, sv\u0113tku svin\u0113\u0161ana<br>Dro\u0161\u012bbas noteikumi, darbojoties ar priek\u0161metiem.<\/td><\/tr><tr><td>Novembris<\/td><td><strong>\u201cEs dz\u012bvoju Latvij\u0101\u201d<\/strong><\/td><td>M\u0101rti\u0146i \u2013 gadsk\u0101rtu trad\u012bcijas un iera\u017eas. Cilv\u0113ku, dz\u012bvnieku da\u017e\u0101die m\u0101jok\u013ci, m\u0101jas, r\u016bpes par dz\u012bvniekiem, g\u0101jputni un nometnieki. Sv\u0113tki valst\u012b un \u0123imen\u0113, valsts simbolika: karogs, himna.<br>&nbsp;<br>Dro\u0161\u012bbas noteikumi uz ce\u013ca, iest\u0101joties tum\u0161ajam laikam.<\/td><\/tr><tr><td>Decembris<\/td><td><strong>\u201cZiema sedza vilain\u012bti \u201d<\/strong><\/td><td>Sniegs, gadalaiki, ziemas rakstur\u012bg\u0101k\u0101s paz\u012bmes, to at\u0161\u0137ir\u012bbas no rudens, dienas garums, gaisa temperat\u016bra, ziemas m\u0113ne\u0161i. Koki, dz\u012bvnieki, putni ziem\u0101, koku paz\u012b\u0161ana p\u0113c stumbriem un zariem.<br>&nbsp;<br>Sv\u0113tku trad\u012bcijas, gatavo\u0161an\u0101s sv\u0113tkiem. Sv\u0113tku svin\u0113\u0161ana, d\u0101vanas, d\u0101vin\u0101\u0161ana un to noz\u012bme, viesu sagaid\u012b\u0161ana, galda kl\u0101\u0161ana, d\u0101vanu gatavo\u0161ana.<\/td><\/tr><tr><td>Janv\u0101ris<\/td><td><strong>\u201cLaika rit\u0113jums\u201d<\/strong><\/td><td>Kalend\u0101rais gads, gadalaiku nosaukumi, m\u0113ne\u0161u nosaukumi, dienu nosaukumi. Salna, sarma, s\u0113rsna, sniega skulpt\u016bru veido\u0161ana. Tradicion\u0101lie sporta veidi ziem\u0101 \u2013 sl\u0113po\u0161ana, slido\u0161ana, brauk\u0161ana ar ragav\u0101m, b\u0113rnu izdom\u0101ti sporta veidi, sporta sp\u0113les. Pasaku diena.<br>&nbsp;<br>Dro\u0161\u012bba uz ledus, piko\u0161an\u0101s, l\u0101stekas.<\/td><\/tr><tr><td>Febru\u0101ris<\/td><td><strong>\u201cEs radu pats\u201d<\/strong><\/td><td>Sve\u010du diena \u2013 sveces to daudzveid\u012bba, sve\u010du gatavo\u0161ana.<br>Mete\u0146i \u2013 gadsk\u0101rtu trad\u012bcijas un iera\u017eas. Lietu daudzveid\u012bba, ikdien\u0101 nepiecie\u0161am\u0101s lietas, to gatavo\u0161ana. Profesijas \u2013 profesiju veidi, kas es b\u016b\u0161u kad izaug\u0161u, profesiju noz\u012bme.<br>Sp\u0113l\u0113jam te\u0101tri \u2013 te\u0101tra izr\u0101\u017eu iestud\u0113\u0161ana, r\u0101d\u012b\u0161ana<br>Dro\u0161\u012bba nelaimes gad\u012bjumos.<\/td><\/tr><tr><td>Marts<\/td><td><strong>\u201cPavasara sp\u0113les\u201d<\/strong><\/td><td>Pavasara rakstur\u012bg\u0101s paz\u012bmes dab\u0101, pavasara m\u0113ne\u0161i, dienas garums, gaisa temperat\u016bra. G\u0101jputnu atgrie\u0161an\u0101s, sagaid\u012b\u0161ana, pirm\u0101s pavasara pu\u0137es, pumpuru plauk\u0161ana.<br>&nbsp;<br>Vecvec\u0101ku p\u0113cpusdiena.<br>&nbsp;<br>Dro\u0161\u012bba pie \u016bdens.<\/td><\/tr><tr><td>Apr\u012blis<\/td><td><strong>\u201cEjam dab\u0101\u201d<\/strong><\/td><td>Lieldienas \u2013 gadsk\u0101rtu trad\u012bcijas un iera\u017eas. Pavasara darbi \u2013 s\u0113klas, to d\u012bg\u0161ana augu kop\u0161ana, darbi d\u0101rz\u0101, apk\u0101rtn\u0113, sulu tecin\u0101\u0161ana. Sava d\u0101rzi\u0146a ier\u012bko\u0161ana.<br>&nbsp;<br>Dro\u0161\u012bba saskarsm\u0113 ar d\u0101rza instrumentiem, s\u0113kl\u0101m, augiem.<\/td><\/tr><tr><td>Maijs<\/td><td><strong>\u201cMana \u0123imene\u201d<\/strong><\/td><td>\u0122imene, t\u0101s vieta sabiedr\u012bb\u0101, \u0123imenes trad\u012bcijas un to da\u017e\u0101d\u012bba.<br>&nbsp;<br>M\u0101tes diena.<br>&nbsp;<br>Ekskursijas, p\u0101rg\u0101jieni.<br>&nbsp;<br>Dro\u0161\u012bba uz ce\u013ca ekskursijas laik\u0101.<\/td><\/tr><\/tbody><\/table><\/figure>\n\n\n\n<p><\/p>\n","protected":false},"excerpt":{"rendered":"<p>Tematiskais pl\u0101ns 2025.\/26. m. g. M\u0113nesis Temats M\u0101c\u012bbu saturs, aktivit\u0101tes Septembris \u201cEs jaun\u0101 vid\u0113\u201d Iepaz\u012b\u0161an\u0101s ar grupas biedriem un skolot\u0101j\u0101m, [&hellip;]<\/p>\n","protected":false},"author":24,"featured_media":0,"parent":0,"menu_order":0,"comment_status":"closed","ping_status":"closed","template":"","meta":{"_acf_changed":false,"site-sidebar-layout":"default","site-content-layout":"","ast-site-content-layout":"default","site-content-style":"default","site-sidebar-style":"default","ast-global-header-display":"","ast-banner-title-visibility":"","ast-main-header-display":"","ast-hfb-above-header-display":"","ast-hfb-below-header-display":"","ast-hfb-mobile-header-display":"","site-post-title":"","ast-breadcrumbs-content":"","ast-featured-img":"","footer-sml-layout":"","ast-disable-related-posts":"","theme-transparent-header-meta":"","adv-header-id-meta":"","stick-header-meta":"","header-above-stick-meta":"","header-main-stick-meta":"","header-below-stick-meta":"","astra-migrate-meta-layouts":"default","ast-page-background-enabled":"default","ast-page-background-meta":{"desktop":{"background-color":"var(--ast-global-color-5)","background-image":"","background-repeat":"repeat","background-position":"center center","background-size":"auto","background-attachment":"scroll","background-type":"","background-media":"","overlay-type":"","overlay-color":"","overlay-opacity":"","overlay-gradient":""},"tablet":{"background-color":"","background-image":"","background-repeat":"repeat","background-position":"center center","background-size":"auto","background-attachment":"scroll","background-type":"","background-media":"","overlay-type":"","overlay-color":"","overlay-opacity":"","overlay-gradient":""},"mobile":{"background-color":"","background-image":"","background-repeat":"repeat","background-position":"center center","background-size":"auto","background-attachment":"scroll","background-type":"","background-media":"","overlay-type":"","overlay-color":"","overlay-opacity":"","overlay-gradient":""}},"ast-content-background-meta":{"desktop":{"background-color":"var(--ast-global-color-4)","background-image":"","background-repeat":"repeat","background-position":"center center","background-size":"auto","background-attachment":"scroll","background-type":"","background-media":"","overlay-type":"","overlay-color":"","overlay-opacity":"","overlay-gradient":""},"tablet":{"background-color":"var(--ast-global-color-4)","background-image":"","background-repeat":"repeat","background-position":"center center","background-size":"auto","background-attachment":"scroll","background-type":"","background-media":"","overlay-type":"","overlay-color":"","overlay-opacity":"","overlay-gradient":""},"mobile":{"background-color":"var(--ast-global-color-4)","background-image":"","background-repeat":"repeat","background-position":"center center","background-size":"auto","background-attachment":"scroll","background-type":"","background-media":"","overlay-type":"","overlay-color":"","overlay-opacity":"","overlay-gradient":""}},"footnotes":""},"class_list":["post-456","page","type-page","status-publish","hentry"],"acf":[],"yoast_head":"<!-- This site is optimized with the Yoast SEO plugin v27.0 - https:\/\/yoast.com\/product\/yoast-seo-wordpress\/ -->\n<title>Tematiskais pl\u0101ns - Valmieras pirmsskolas izgl\u012bt\u012bbas iest\u0101de \u201cBuratino\u201d<\/title>\n<meta name=\"robots\" content=\"index, follow, max-snippet:-1, max-image-preview:large, max-video-preview:-1\" \/>\n<link rel=\"canonical\" href=\"https:\/\/izglitiba.valmierasnovads.lv\/buratino\/tematiskais-plans-2025-26-m-g\/\" \/>\n<meta property=\"og:locale\" content=\"lv_LV\" \/>\n<meta property=\"og:type\" content=\"article\" \/>\n<meta property=\"og:title\" content=\"Tematiskais pl\u0101ns - Valmieras pirmsskolas izgl\u012bt\u012bbas iest\u0101de \u201cBuratino\u201d\" \/>\n<meta property=\"og:description\" content=\"Tematiskais pl\u0101ns 2025.\/26. m. g. M\u0113nesis Temats M\u0101c\u012bbu saturs, aktivit\u0101tes Septembris \u201cEs jaun\u0101 vid\u0113\u201d Iepaz\u012b\u0161an\u0101s ar grupas biedriem un skolot\u0101j\u0101m, [&hellip;]\" \/>\n<meta property=\"og:url\" content=\"https:\/\/izglitiba.valmierasnovads.lv\/buratino\/tematiskais-plans-2025-26-m-g\/\" \/>\n<meta property=\"og:site_name\" content=\"Valmieras pirmsskolas izgl\u012bt\u012bbas iest\u0101de \u201cBuratino\u201d\" \/>\n<meta property=\"article:modified_time\" content=\"2025-10-24T11:06:57+00:00\" \/>\n<meta name=\"twitter:card\" content=\"summary_large_image\" \/>\n<meta name=\"twitter:label1\" content=\"Est. reading time\" \/>\n\t<meta name=\"twitter:data1\" content=\"2 min\u016btes\" \/>\n<script type=\"application\/ld+json\" class=\"yoast-schema-graph\">{\"@context\":\"https:\/\/schema.org\",\"@graph\":[{\"@type\":\"WebPage\",\"@id\":\"https:\/\/izglitiba.valmierasnovads.lv\/buratino\/tematiskais-plans-2025-26-m-g\/\",\"url\":\"https:\/\/izglitiba.valmierasnovads.lv\/buratino\/tematiskais-plans-2025-26-m-g\/\",\"name\":\"Tematiskais pl\u0101ns - Valmieras pirmsskolas izgl\u012bt\u012bbas iest\u0101de \u201cBuratino\u201d\",\"isPartOf\":{\"@id\":\"https:\/\/izglitiba.valmierasnovads.lv\/buratino\/#website\"},\"datePublished\":\"2025-08-14T04:32:19+00:00\",\"dateModified\":\"2025-10-24T11:06:57+00:00\",\"breadcrumb\":{\"@id\":\"https:\/\/izglitiba.valmierasnovads.lv\/buratino\/tematiskais-plans-2025-26-m-g\/#breadcrumb\"},\"inLanguage\":\"lv-LV\",\"potentialAction\":[{\"@type\":\"ReadAction\",\"target\":[\"https:\/\/izglitiba.valmierasnovads.lv\/buratino\/tematiskais-plans-2025-26-m-g\/\"]}]},{\"@type\":\"BreadcrumbList\",\"@id\":\"https:\/\/izglitiba.valmierasnovads.lv\/buratino\/tematiskais-plans-2025-26-m-g\/#breadcrumb\",\"itemListElement\":[{\"@type\":\"ListItem\",\"position\":1,\"name\":\"Home\",\"item\":\"https:\/\/izglitiba.valmierasnovads.lv\/buratino\/\"},{\"@type\":\"ListItem\",\"position\":2,\"name\":\"Tematiskais pl\u0101ns\"}]},{\"@type\":\"WebSite\",\"@id\":\"https:\/\/izglitiba.valmierasnovads.lv\/buratino\/#website\",\"url\":\"https:\/\/izglitiba.valmierasnovads.lv\/buratino\/\",\"name\":\"Valmieras pirmsskolas izgl\u012bt\u012bbas iest\u0101de \u201cBuratino\u201d\",\"description\":\"Buratino Valmiera\",\"publisher\":{\"@id\":\"https:\/\/izglitiba.valmierasnovads.lv\/buratino\/#organization\"},\"potentialAction\":[{\"@type\":\"SearchAction\",\"target\":{\"@type\":\"EntryPoint\",\"urlTemplate\":\"https:\/\/izglitiba.valmierasnovads.lv\/buratino\/?s={search_term_string}\"},\"query-input\":{\"@type\":\"PropertyValueSpecification\",\"valueRequired\":true,\"valueName\":\"search_term_string\"}}],\"inLanguage\":\"lv-LV\"},{\"@type\":\"Organization\",\"@id\":\"https:\/\/izglitiba.valmierasnovads.lv\/buratino\/#organization\",\"name\":\"Valmieras pirmsskolas izgl\u012bt\u012bbas iest\u0101de \u201cBuratino\u201d\",\"url\":\"https:\/\/izglitiba.valmierasnovads.lv\/buratino\/\",\"logo\":{\"@type\":\"ImageObject\",\"inLanguage\":\"lv-LV\",\"@id\":\"https:\/\/izglitiba.valmierasnovads.lv\/buratino\/#\/schema\/logo\/image\/\",\"url\":\"https:\/\/izglitiba.valmierasnovads.lv\/buratino\/wp-content\/uploads\/sites\/20\/2026\/02\/cropped-Buratino-nosaukums-web-scaled-1.png\",\"contentUrl\":\"https:\/\/izglitiba.valmierasnovads.lv\/buratino\/wp-content\/uploads\/sites\/20\/2026\/02\/cropped-Buratino-nosaukums-web-scaled-1.png\",\"width\":2268,\"height\":715,\"caption\":\"Valmieras pirmsskolas izgl\u012bt\u012bbas iest\u0101de \u201cBuratino\u201d\"},\"image\":{\"@id\":\"https:\/\/izglitiba.valmierasnovads.lv\/buratino\/#\/schema\/logo\/image\/\"}}]}<\/script>\n<!-- \/ Yoast SEO plugin. -->","yoast_head_json":{"title":"Tematiskais pl\u0101ns - Valmieras pirmsskolas izgl\u012bt\u012bbas iest\u0101de \u201cBuratino\u201d","robots":{"index":"index","follow":"follow","max-snippet":"max-snippet:-1","max-image-preview":"max-image-preview:large","max-video-preview":"max-video-preview:-1"},"canonical":"https:\/\/izglitiba.valmierasnovads.lv\/buratino\/tematiskais-plans-2025-26-m-g\/","og_locale":"lv_LV","og_type":"article","og_title":"Tematiskais pl\u0101ns - Valmieras pirmsskolas izgl\u012bt\u012bbas iest\u0101de \u201cBuratino\u201d","og_description":"Tematiskais pl\u0101ns 2025.\/26. m. g. M\u0113nesis Temats M\u0101c\u012bbu saturs, aktivit\u0101tes Septembris \u201cEs jaun\u0101 vid\u0113\u201d Iepaz\u012b\u0161an\u0101s ar grupas biedriem un skolot\u0101j\u0101m, [&hellip;]","og_url":"https:\/\/izglitiba.valmierasnovads.lv\/buratino\/tematiskais-plans-2025-26-m-g\/","og_site_name":"Valmieras pirmsskolas izgl\u012bt\u012bbas iest\u0101de \u201cBuratino\u201d","article_modified_time":"2025-10-24T11:06:57+00:00","twitter_card":"summary_large_image","twitter_misc":{"Est. reading time":"2 min\u016btes"},"schema":{"@context":"https:\/\/schema.org","@graph":[{"@type":"WebPage","@id":"https:\/\/izglitiba.valmierasnovads.lv\/buratino\/tematiskais-plans-2025-26-m-g\/","url":"https:\/\/izglitiba.valmierasnovads.lv\/buratino\/tematiskais-plans-2025-26-m-g\/","name":"Tematiskais pl\u0101ns - Valmieras pirmsskolas izgl\u012bt\u012bbas iest\u0101de \u201cBuratino\u201d","isPartOf":{"@id":"https:\/\/izglitiba.valmierasnovads.lv\/buratino\/#website"},"datePublished":"2025-08-14T04:32:19+00:00","dateModified":"2025-10-24T11:06:57+00:00","breadcrumb":{"@id":"https:\/\/izglitiba.valmierasnovads.lv\/buratino\/tematiskais-plans-2025-26-m-g\/#breadcrumb"},"inLanguage":"lv-LV","potentialAction":[{"@type":"ReadAction","target":["https:\/\/izglitiba.valmierasnovads.lv\/buratino\/tematiskais-plans-2025-26-m-g\/"]}]},{"@type":"BreadcrumbList","@id":"https:\/\/izglitiba.valmierasnovads.lv\/buratino\/tematiskais-plans-2025-26-m-g\/#breadcrumb","itemListElement":[{"@type":"ListItem","position":1,"name":"Home","item":"https:\/\/izglitiba.valmierasnovads.lv\/buratino\/"},{"@type":"ListItem","position":2,"name":"Tematiskais pl\u0101ns"}]},{"@type":"WebSite","@id":"https:\/\/izglitiba.valmierasnovads.lv\/buratino\/#website","url":"https:\/\/izglitiba.valmierasnovads.lv\/buratino\/","name":"Valmieras pirmsskolas izgl\u012bt\u012bbas iest\u0101de \u201cBuratino\u201d","description":"Buratino Valmiera","publisher":{"@id":"https:\/\/izglitiba.valmierasnovads.lv\/buratino\/#organization"},"potentialAction":[{"@type":"SearchAction","target":{"@type":"EntryPoint","urlTemplate":"https:\/\/izglitiba.valmierasnovads.lv\/buratino\/?s={search_term_string}"},"query-input":{"@type":"PropertyValueSpecification","valueRequired":true,"valueName":"search_term_string"}}],"inLanguage":"lv-LV"},{"@type":"Organization","@id":"https:\/\/izglitiba.valmierasnovads.lv\/buratino\/#organization","name":"Valmieras pirmsskolas izgl\u012bt\u012bbas iest\u0101de \u201cBuratino\u201d","url":"https:\/\/izglitiba.valmierasnovads.lv\/buratino\/","logo":{"@type":"ImageObject","inLanguage":"lv-LV","@id":"https:\/\/izglitiba.valmierasnovads.lv\/buratino\/#\/schema\/logo\/image\/","url":"https:\/\/izglitiba.valmierasnovads.lv\/buratino\/wp-content\/uploads\/sites\/20\/2026\/02\/cropped-Buratino-nosaukums-web-scaled-1.png","contentUrl":"https:\/\/izglitiba.valmierasnovads.lv\/buratino\/wp-content\/uploads\/sites\/20\/2026\/02\/cropped-Buratino-nosaukums-web-scaled-1.png","width":2268,"height":715,"caption":"Valmieras pirmsskolas izgl\u012bt\u012bbas iest\u0101de \u201cBuratino\u201d"},"image":{"@id":"https:\/\/izglitiba.valmierasnovads.lv\/buratino\/#\/schema\/logo\/image\/"}}]}},"_links":{"self":[{"href":"https:\/\/izglitiba.valmierasnovads.lv\/buratino\/wp-json\/wp\/v2\/pages\/456","targetHints":{"allow":["GET"]}}],"collection":[{"href":"https:\/\/izglitiba.valmierasnovads.lv\/buratino\/wp-json\/wp\/v2\/pages"}],"about":[{"href":"https:\/\/izglitiba.valmierasnovads.lv\/buratino\/wp-json\/wp\/v2\/types\/page"}],"author":[{"embeddable":true,"href":"https:\/\/izglitiba.valmierasnovads.lv\/buratino\/wp-json\/wp\/v2\/users\/24"}],"replies":[{"embeddable":true,"href":"https:\/\/izglitiba.valmierasnovads.lv\/buratino\/wp-json\/wp\/v2\/comments?post=456"}],"version-history":[{"count":8,"href":"https:\/\/izglitiba.valmierasnovads.lv\/buratino\/wp-json\/wp\/v2\/pages\/456\/revisions"}],"predecessor-version":[{"id":912,"href":"https:\/\/izglitiba.valmierasnovads.lv\/buratino\/wp-json\/wp\/v2\/pages\/456\/revisions\/912"}],"wp:attachment":[{"href":"https:\/\/izglitiba.valmierasnovads.lv\/buratino\/wp-json\/wp\/v2\/media?parent=456"}],"curies":[{"name":"wp","href":"https:\/\/api.w.org\/{rel}","templated":true}]}}