{"id":521,"date":"2025-08-26T20:05:17","date_gmt":"2025-08-26T17:05:17","guid":{"rendered":"https:\/\/izglitiba.valmierasnovads.lv\/buratino\/?page_id=521"},"modified":"2025-11-08T10:00:50","modified_gmt":"2025-11-08T08:00:50","slug":"informacija-vecakiem-par-logopeda-darbu-iestade","status":"publish","type":"page","link":"https:\/\/izglitiba.valmierasnovads.lv\/buratino\/informacija-vecakiem-par-logopeda-darbu-iestade\/","title":{"rendered":"Logop\u0113da darbs iest\u0101d\u0113"},"content":{"rendered":"\n<p class=\"has-vivid-green-cyan-background-color has-background has-medium-font-size\"><strong>Ko dara logop\u0113ds nodarb\u012bb\u0101s ar b\u0113rniem?<\/strong><\/p>\n\n\n\n<p class=\"has-medium-font-size\">Logop\u0113da nodarb\u012bbu m\u0113r\u0137is ir pal\u012bdz\u0113t b\u0113rnam:<\/p>\n\n\n\n<p class=\"has-medium-font-size\">\u2022 att\u012bst\u012bt ska\u0146u izrunu un veidot skaidru runu;<\/p>\n\n\n\n<p class=\"has-medium-font-size\">\u2022 pilnveidot v\u0101rdu kr\u0101jumu un sp\u0113ju veidot teikumus;<\/p>\n\n\n\n<p class=\"has-medium-font-size\">\u2022 tren\u0113t valodas sapra\u0161anu un st\u0101st\u012bjuma prasmi;<\/p>\n\n\n\n<p class=\"has-medium-font-size\">\u2022 att\u012bst\u012bt fonem\u0101tisko dzirdi (prasmi at\u0161\u0137irt ska\u0146as v\u0101rdos);<\/p>\n\n\n\n<p class=\"has-medium-font-size\">\u2022 vingrin\u0101t mutes un m\u0113les musku\u013cus ar speci\u0101liem artikul\u0101cijas vingrin\u0101jumiem;<\/p>\n\n\n\n<p class=\"has-medium-font-size\">\u2022 vingrin\u0101t pirkstu s\u012bko muskulat\u016bru;<\/p>\n\n\n\n<p class=\"has-medium-font-size\">\u2022 att\u012bst\u012bt uzman\u012bbu, atmi\u0146u un dom\u0101\u0161anu, izmantojot rota\u013cas, sp\u0113les un rado\u0161us uzdevumus.<\/p>\n\n\n\n<p class=\"has-medium-font-size\">Nodarb\u012bbas norit individu\u0101li vai maz\u0101s grup\u0101s, izmantojot sp\u0113les, att\u0113lus, dziesmi\u0146as un praktiskus vingrin\u0101jumus, lai m\u0101c\u012b\u0161an\u0101s b\u0113rniem b\u016btu interesanta un aizraujo\u0161a.<\/p>\n\n\n\n<p class=\"has-medium-font-size\">Regul\u0101rs darbs ar logop\u0113du pal\u012bdz b\u0113rnam br\u012bv\u0101k sazin\u0101ties ar vienaud\u017eiem un pieaugu\u0161ajiem, k\u0101 ar\u012b atvieglo m\u0101c\u012bbu procesu b\u0113rnud\u0101rz\u0101 un skol\u0101.<\/p>\n\n\n\n<p class=\"has-text-align-center has-vivid-green-cyan-color has-ast-global-color-7-background-color has-text-color has-background has-link-color has-medium-font-size wp-elements-ad072a1abe786c4d54be1a7711617589\" style=\"border-width:17px\">Katru gadu septembr\u012b logop\u0113ds p\u0101rbauda katra b\u0113rna runas un valodas att\u012bst\u012bbu, s\u0101kot no 3 gadu vecuma. P\u0113c nepiecie\u0161am\u012bbas vec\u0101ki tiek inform\u0113ti par b\u0113rna runas att\u012bst\u012bbu, sniegti ieteikumi turpm\u0101kajam darbam un sast\u0101d\u012bts individu\u0101lo nodarb\u012bbu grafiks izgl\u012bt\u012bbas iest\u0101d\u0113.                  Ja nepiecie\u0161ams, vec\u0101kiem tiek ieteikts apmekl\u0113t speci\u0101listu.<\/p>\n\n\n\n<p><\/p>\n","protected":false},"excerpt":{"rendered":"<p>Ko dara logop\u0113ds nodarb\u012bb\u0101s ar b\u0113rniem? Logop\u0113da nodarb\u012bbu m\u0113r\u0137is ir pal\u012bdz\u0113t b\u0113rnam: \u2022 att\u012bst\u012bt ska\u0146u izrunu un veidot skaidru runu; [&hellip;]<\/p>\n","protected":false},"author":24,"featured_media":0,"parent":0,"menu_order":0,"comment_status":"closed","ping_status":"closed","template":"","meta":{"_acf_changed":false,"site-sidebar-layout":"default","site-content-layout":"","ast-site-content-layout":"default","site-content-style":"default","site-sidebar-style":"default","ast-global-header-display":"","ast-banner-title-visibility":"","ast-main-header-display":"","ast-hfb-above-header-display":"","ast-hfb-below-header-display":"","ast-hfb-mobile-header-display":"","site-post-title":"","ast-breadcrumbs-content":"","ast-featured-img":"","footer-sml-layout":"","ast-disable-related-posts":"","theme-transparent-header-meta":"","adv-header-id-meta":"","stick-header-meta":"","header-above-stick-meta":"","header-main-stick-meta":"","header-below-stick-meta":"","astra-migrate-meta-layouts":"default","ast-page-background-enabled":"default","ast-page-background-meta":{"desktop":{"background-color":"var(--ast-global-color-5)","background-image":"","background-repeat":"repeat","background-position":"center center","background-size":"auto","background-attachment":"scroll","background-type":"","background-media":"","overlay-type":"","overlay-color":"","overlay-opacity":"","overlay-gradient":""},"tablet":{"background-color":"","background-image":"","background-repeat":"repeat","background-position":"center center","background-size":"auto","background-attachment":"scroll","background-type":"","background-media":"","overlay-type":"","overlay-color":"","overlay-opacity":"","overlay-gradient":""},"mobile":{"background-color":"","background-image":"","background-repeat":"repeat","background-position":"center center","background-size":"auto","background-attachment":"scroll","background-type":"","background-media":"","overlay-type":"","overlay-color":"","overlay-opacity":"","overlay-gradient":""}},"ast-content-background-meta":{"desktop":{"background-color":"var(--ast-global-color-4)","background-image":"","background-repeat":"repeat","background-position":"center center","background-size":"auto","background-attachment":"scroll","background-type":"","background-media":"","overlay-type":"","overlay-color":"","overlay-opacity":"","overlay-gradient":""},"tablet":{"background-color":"var(--ast-global-color-4)","background-image":"","background-repeat":"repeat","background-position":"center center","background-size":"auto","background-attachment":"scroll","background-type":"","background-media":"","overlay-type":"","overlay-color":"","overlay-opacity":"","overlay-gradient":""},"mobile":{"background-color":"var(--ast-global-color-4)","background-image":"","background-repeat":"repeat","background-position":"center center","background-size":"auto","background-attachment":"scroll","background-type":"","background-media":"","overlay-type":"","overlay-color":"","overlay-opacity":"","overlay-gradient":""}},"footnotes":""},"class_list":["post-521","page","type-page","status-publish","hentry"],"acf":[],"yoast_head":"<!-- This site is optimized with the Yoast SEO plugin v27.0 - https:\/\/yoast.com\/product\/yoast-seo-wordpress\/ -->\n<title>Logop\u0113da darbs iest\u0101d\u0113 - Valmieras pirmsskolas izgl\u012bt\u012bbas iest\u0101de \u201cBuratino\u201d<\/title>\n<meta name=\"robots\" content=\"index, follow, max-snippet:-1, max-image-preview:large, max-video-preview:-1\" \/>\n<link rel=\"canonical\" href=\"https:\/\/izglitiba.valmierasnovads.lv\/buratino\/informacija-vecakiem-par-logopeda-darbu-iestade\/\" \/>\n<meta property=\"og:locale\" content=\"lv_LV\" \/>\n<meta property=\"og:type\" content=\"article\" \/>\n<meta property=\"og:title\" content=\"Logop\u0113da darbs iest\u0101d\u0113 - Valmieras pirmsskolas izgl\u012bt\u012bbas iest\u0101de \u201cBuratino\u201d\" \/>\n<meta property=\"og:description\" content=\"Ko dara logop\u0113ds nodarb\u012bb\u0101s ar b\u0113rniem? Logop\u0113da nodarb\u012bbu m\u0113r\u0137is ir pal\u012bdz\u0113t b\u0113rnam: \u2022 att\u012bst\u012bt ska\u0146u izrunu un veidot skaidru runu; [&hellip;]\" \/>\n<meta property=\"og:url\" content=\"https:\/\/izglitiba.valmierasnovads.lv\/buratino\/informacija-vecakiem-par-logopeda-darbu-iestade\/\" \/>\n<meta property=\"og:site_name\" content=\"Valmieras pirmsskolas izgl\u012bt\u012bbas iest\u0101de \u201cBuratino\u201d\" \/>\n<meta property=\"article:modified_time\" content=\"2025-11-08T08:00:50+00:00\" \/>\n<meta name=\"twitter:card\" content=\"summary_large_image\" \/>\n<meta name=\"twitter:label1\" content=\"Est. reading time\" \/>\n\t<meta name=\"twitter:data1\" content=\"1 min\u016bte\" \/>\n<script type=\"application\/ld+json\" class=\"yoast-schema-graph\">{\"@context\":\"https:\/\/schema.org\",\"@graph\":[{\"@type\":\"WebPage\",\"@id\":\"https:\/\/izglitiba.valmierasnovads.lv\/buratino\/informacija-vecakiem-par-logopeda-darbu-iestade\/\",\"url\":\"https:\/\/izglitiba.valmierasnovads.lv\/buratino\/informacija-vecakiem-par-logopeda-darbu-iestade\/\",\"name\":\"Logop\u0113da darbs iest\u0101d\u0113 - Valmieras pirmsskolas izgl\u012bt\u012bbas iest\u0101de \u201cBuratino\u201d\",\"isPartOf\":{\"@id\":\"https:\/\/izglitiba.valmierasnovads.lv\/buratino\/#website\"},\"datePublished\":\"2025-08-26T17:05:17+00:00\",\"dateModified\":\"2025-11-08T08:00:50+00:00\",\"breadcrumb\":{\"@id\":\"https:\/\/izglitiba.valmierasnovads.lv\/buratino\/informacija-vecakiem-par-logopeda-darbu-iestade\/#breadcrumb\"},\"inLanguage\":\"lv-LV\",\"potentialAction\":[{\"@type\":\"ReadAction\",\"target\":[\"https:\/\/izglitiba.valmierasnovads.lv\/buratino\/informacija-vecakiem-par-logopeda-darbu-iestade\/\"]}]},{\"@type\":\"BreadcrumbList\",\"@id\":\"https:\/\/izglitiba.valmierasnovads.lv\/buratino\/informacija-vecakiem-par-logopeda-darbu-iestade\/#breadcrumb\",\"itemListElement\":[{\"@type\":\"ListItem\",\"position\":1,\"name\":\"Home\",\"item\":\"https:\/\/izglitiba.valmierasnovads.lv\/buratino\/\"},{\"@type\":\"ListItem\",\"position\":2,\"name\":\"Logop\u0113da darbs iest\u0101d\u0113\"}]},{\"@type\":\"WebSite\",\"@id\":\"https:\/\/izglitiba.valmierasnovads.lv\/buratino\/#website\",\"url\":\"https:\/\/izglitiba.valmierasnovads.lv\/buratino\/\",\"name\":\"Valmieras pirmsskolas izgl\u012bt\u012bbas iest\u0101de \u201cBuratino\u201d\",\"description\":\"Buratino Valmiera\",\"publisher\":{\"@id\":\"https:\/\/izglitiba.valmierasnovads.lv\/buratino\/#organization\"},\"potentialAction\":[{\"@type\":\"SearchAction\",\"target\":{\"@type\":\"EntryPoint\",\"urlTemplate\":\"https:\/\/izglitiba.valmierasnovads.lv\/buratino\/?s={search_term_string}\"},\"query-input\":{\"@type\":\"PropertyValueSpecification\",\"valueRequired\":true,\"valueName\":\"search_term_string\"}}],\"inLanguage\":\"lv-LV\"},{\"@type\":\"Organization\",\"@id\":\"https:\/\/izglitiba.valmierasnovads.lv\/buratino\/#organization\",\"name\":\"Valmieras pirmsskolas izgl\u012bt\u012bbas iest\u0101de \u201cBuratino\u201d\",\"url\":\"https:\/\/izglitiba.valmierasnovads.lv\/buratino\/\",\"logo\":{\"@type\":\"ImageObject\",\"inLanguage\":\"lv-LV\",\"@id\":\"https:\/\/izglitiba.valmierasnovads.lv\/buratino\/#\/schema\/logo\/image\/\",\"url\":\"https:\/\/izglitiba.valmierasnovads.lv\/buratino\/wp-content\/uploads\/sites\/20\/2026\/02\/cropped-Buratino-nosaukums-web-scaled-1.png\",\"contentUrl\":\"https:\/\/izglitiba.valmierasnovads.lv\/buratino\/wp-content\/uploads\/sites\/20\/2026\/02\/cropped-Buratino-nosaukums-web-scaled-1.png\",\"width\":2268,\"height\":715,\"caption\":\"Valmieras pirmsskolas izgl\u012bt\u012bbas iest\u0101de \u201cBuratino\u201d\"},\"image\":{\"@id\":\"https:\/\/izglitiba.valmierasnovads.lv\/buratino\/#\/schema\/logo\/image\/\"}}]}<\/script>\n<!-- \/ Yoast SEO plugin. -->","yoast_head_json":{"title":"Logop\u0113da darbs iest\u0101d\u0113 - Valmieras pirmsskolas izgl\u012bt\u012bbas iest\u0101de \u201cBuratino\u201d","robots":{"index":"index","follow":"follow","max-snippet":"max-snippet:-1","max-image-preview":"max-image-preview:large","max-video-preview":"max-video-preview:-1"},"canonical":"https:\/\/izglitiba.valmierasnovads.lv\/buratino\/informacija-vecakiem-par-logopeda-darbu-iestade\/","og_locale":"lv_LV","og_type":"article","og_title":"Logop\u0113da darbs iest\u0101d\u0113 - Valmieras pirmsskolas izgl\u012bt\u012bbas iest\u0101de \u201cBuratino\u201d","og_description":"Ko dara logop\u0113ds nodarb\u012bb\u0101s ar b\u0113rniem? Logop\u0113da nodarb\u012bbu m\u0113r\u0137is ir pal\u012bdz\u0113t b\u0113rnam: \u2022 att\u012bst\u012bt ska\u0146u izrunu un veidot skaidru runu; [&hellip;]","og_url":"https:\/\/izglitiba.valmierasnovads.lv\/buratino\/informacija-vecakiem-par-logopeda-darbu-iestade\/","og_site_name":"Valmieras pirmsskolas izgl\u012bt\u012bbas iest\u0101de \u201cBuratino\u201d","article_modified_time":"2025-11-08T08:00:50+00:00","twitter_card":"summary_large_image","twitter_misc":{"Est. reading time":"1 min\u016bte"},"schema":{"@context":"https:\/\/schema.org","@graph":[{"@type":"WebPage","@id":"https:\/\/izglitiba.valmierasnovads.lv\/buratino\/informacija-vecakiem-par-logopeda-darbu-iestade\/","url":"https:\/\/izglitiba.valmierasnovads.lv\/buratino\/informacija-vecakiem-par-logopeda-darbu-iestade\/","name":"Logop\u0113da darbs iest\u0101d\u0113 - Valmieras pirmsskolas izgl\u012bt\u012bbas iest\u0101de \u201cBuratino\u201d","isPartOf":{"@id":"https:\/\/izglitiba.valmierasnovads.lv\/buratino\/#website"},"datePublished":"2025-08-26T17:05:17+00:00","dateModified":"2025-11-08T08:00:50+00:00","breadcrumb":{"@id":"https:\/\/izglitiba.valmierasnovads.lv\/buratino\/informacija-vecakiem-par-logopeda-darbu-iestade\/#breadcrumb"},"inLanguage":"lv-LV","potentialAction":[{"@type":"ReadAction","target":["https:\/\/izglitiba.valmierasnovads.lv\/buratino\/informacija-vecakiem-par-logopeda-darbu-iestade\/"]}]},{"@type":"BreadcrumbList","@id":"https:\/\/izglitiba.valmierasnovads.lv\/buratino\/informacija-vecakiem-par-logopeda-darbu-iestade\/#breadcrumb","itemListElement":[{"@type":"ListItem","position":1,"name":"Home","item":"https:\/\/izglitiba.valmierasnovads.lv\/buratino\/"},{"@type":"ListItem","position":2,"name":"Logop\u0113da darbs iest\u0101d\u0113"}]},{"@type":"WebSite","@id":"https:\/\/izglitiba.valmierasnovads.lv\/buratino\/#website","url":"https:\/\/izglitiba.valmierasnovads.lv\/buratino\/","name":"Valmieras pirmsskolas izgl\u012bt\u012bbas iest\u0101de \u201cBuratino\u201d","description":"Buratino Valmiera","publisher":{"@id":"https:\/\/izglitiba.valmierasnovads.lv\/buratino\/#organization"},"potentialAction":[{"@type":"SearchAction","target":{"@type":"EntryPoint","urlTemplate":"https:\/\/izglitiba.valmierasnovads.lv\/buratino\/?s={search_term_string}"},"query-input":{"@type":"PropertyValueSpecification","valueRequired":true,"valueName":"search_term_string"}}],"inLanguage":"lv-LV"},{"@type":"Organization","@id":"https:\/\/izglitiba.valmierasnovads.lv\/buratino\/#organization","name":"Valmieras pirmsskolas izgl\u012bt\u012bbas iest\u0101de \u201cBuratino\u201d","url":"https:\/\/izglitiba.valmierasnovads.lv\/buratino\/","logo":{"@type":"ImageObject","inLanguage":"lv-LV","@id":"https:\/\/izglitiba.valmierasnovads.lv\/buratino\/#\/schema\/logo\/image\/","url":"https:\/\/izglitiba.valmierasnovads.lv\/buratino\/wp-content\/uploads\/sites\/20\/2026\/02\/cropped-Buratino-nosaukums-web-scaled-1.png","contentUrl":"https:\/\/izglitiba.valmierasnovads.lv\/buratino\/wp-content\/uploads\/sites\/20\/2026\/02\/cropped-Buratino-nosaukums-web-scaled-1.png","width":2268,"height":715,"caption":"Valmieras pirmsskolas izgl\u012bt\u012bbas iest\u0101de \u201cBuratino\u201d"},"image":{"@id":"https:\/\/izglitiba.valmierasnovads.lv\/buratino\/#\/schema\/logo\/image\/"}}]}},"_links":{"self":[{"href":"https:\/\/izglitiba.valmierasnovads.lv\/buratino\/wp-json\/wp\/v2\/pages\/521","targetHints":{"allow":["GET"]}}],"collection":[{"href":"https:\/\/izglitiba.valmierasnovads.lv\/buratino\/wp-json\/wp\/v2\/pages"}],"about":[{"href":"https:\/\/izglitiba.valmierasnovads.lv\/buratino\/wp-json\/wp\/v2\/types\/page"}],"author":[{"embeddable":true,"href":"https:\/\/izglitiba.valmierasnovads.lv\/buratino\/wp-json\/wp\/v2\/users\/24"}],"replies":[{"embeddable":true,"href":"https:\/\/izglitiba.valmierasnovads.lv\/buratino\/wp-json\/wp\/v2\/comments?post=521"}],"version-history":[{"count":15,"href":"https:\/\/izglitiba.valmierasnovads.lv\/buratino\/wp-json\/wp\/v2\/pages\/521\/revisions"}],"predecessor-version":[{"id":948,"href":"https:\/\/izglitiba.valmierasnovads.lv\/buratino\/wp-json\/wp\/v2\/pages\/521\/revisions\/948"}],"wp:attachment":[{"href":"https:\/\/izglitiba.valmierasnovads.lv\/buratino\/wp-json\/wp\/v2\/media?parent=521"}],"curies":[{"name":"wp","href":"https:\/\/api.w.org\/{rel}","templated":true}]}}