{"id":609,"date":"2025-09-01T14:29:55","date_gmt":"2025-09-01T11:29:55","guid":{"rendered":"https:\/\/izglitiba.valmierasnovads.lv\/buratino\/?page_id=609"},"modified":"2025-11-08T09:59:43","modified_gmt":"2025-11-08T07:59:43","slug":"dienas-ritms","status":"publish","type":"page","link":"https:\/\/izglitiba.valmierasnovads.lv\/buratino\/dienas-ritms\/","title":{"rendered":"Dienas ritms &#8220;Buratino&#8221; 2025.\/26.m.g"},"content":{"rendered":"\n<p><strong>&nbsp;&nbsp;&nbsp;&nbsp;&nbsp;&nbsp;<\/strong><\/p>\n\n\n\n<figure class=\"wp-block-table has-medium-font-size\"><table class=\"has-pale-cyan-blue-background-color has-background has-fixed-layout\"><tbody><tr><td rowspan=\"2\"><strong>&nbsp;<\/strong> <strong>Re\u017e\u012bma momenti<\/strong><\/td><td><strong>1,5 \u2013 3&nbsp; g.v.<\/strong><\/td><td><strong>3 \u2013 5 g.v.<\/strong><\/td><td><strong>5 \u2013 7 g.v.<\/strong><\/td><\/tr><tr><td><strong>&nbsp;&nbsp;&nbsp;&nbsp;&nbsp; \u201cZa\u0137\u0113ni\u201d,<\/strong> <strong>&nbsp;&nbsp;&nbsp;&nbsp;&nbsp; \u201cE\u017euki\u201d, &nbsp;<\/strong> <strong>&nbsp;&nbsp;&nbsp; \u201cBebr\u0113ni\u201d<\/strong><\/td><td><strong>\u2018\u2019Laps\u0113ni\u2019\u2019,<\/strong> <strong>\u2018\u2019L\u0101c\u0113ni\u201d,<\/strong> <strong>\u201cL\u016bs\u0113ni\u201d,<\/strong> <strong>&nbsp;<\/strong><\/td><td><strong>\u201cSt\u0101r\u0137\u0113ni\u201d,<\/strong> <strong>\u201cV\u0101ver\u0113ni\u201d,<\/strong> <strong>\u201cStirn\u0113ni\u201d<\/strong> <strong>\u201cBried\u0113ni\u201d<\/strong> <strong>&nbsp;<\/strong><\/td><\/tr><tr><td><strong>\u00a0<\/strong> \u00a0\u00a0 *B\u0113rnu sagaid\u012b\u0161ana, sarunas, rota\u013cas, individu\u0101lais darbs, kust\u012bbu aktivit\u0101tes<\/td><td>&nbsp; 7.30 \u2013 8.20<\/td><td>&nbsp; 7.30 \u2013 8.35<\/td><td>&nbsp; 7.30 \u2013 8.10<\/td><\/tr><tr><td><strong>&nbsp;<\/strong> <strong>&nbsp;&nbsp;&nbsp; *<\/strong> Brokastis<\/td><td>&nbsp; 8.40 \u2013 8.55<\/td><td>&nbsp; 8.30 \u2013 8.45<\/td><td>&nbsp; 8.15 \u2013 8.30<\/td><\/tr><tr><td><strong>&nbsp;<\/strong> <strong>&nbsp; *<\/strong>Daudzveid\u012bgas&nbsp; b\u0113rnu att\u012bst\u012bbu veicino\u0161as rota\u013cdarb\u012bbas vai citas m\u0101c\u012bbu darba organiz\u0101cijas formas telp\u0101, svaig\u0101 gais\u0101<\/td><td>&nbsp; 9.00- 11.15<\/td><td>&nbsp; 9.00\u2013 11.40<\/td><td>&nbsp; 8.40 \u2013 12.15<\/td><\/tr><tr><td>&nbsp; &nbsp; * Pusdienas<\/td><td>&nbsp; 11.20 \u2013 11.30<\/td><td>&nbsp; 11.35 \u2013 12.10<\/td><td>&nbsp; 12.15 \u2013 12.30<\/td><\/tr><tr><td>&nbsp; &nbsp;&nbsp; * Higi\u0113nas proced\u016bras, atp\u016bta<\/td><td>&nbsp; 11.40\u2013 15.20<\/td><td>&nbsp; 12.20\u2013 15.15<\/td><td>&nbsp; 12.40 \u2013 15.00<\/td><\/tr><tr><td><strong>&nbsp;<\/strong> <strong>&nbsp;&nbsp; * <\/strong>Pak\u0101peniska b\u0113rnu piecel\u0161an\u0101s, launags<\/td><td>&nbsp; 15.20 \u2013 15.55<\/td><td>&nbsp; 15.15 \u2013 15.45<\/td><td>&nbsp; 15.00 \u2013 15.30<\/td><\/tr><tr><td>&nbsp;&nbsp; *Daudzveid\u012bgas&nbsp;b\u0113rnu att\u012bst\u012bbu veicino\u0161as rota\u013cdarb\u012bbas, individu\u0101lais darbs vai citas m\u0101c\u012bbu darba organiz\u0101cijas formas telp\u0101 vai svaig\u0101 gais\u0101. Intere\u0161u izgl\u012bt\u012bbas pulci\u0146i, b\u0113rnu pak\u0101peniska do\u0161an\u0101s m\u0101j\u0101s.<\/td><td>&nbsp; 16.00 \u2013 19.00<\/td><td>&nbsp; 15.50 \u2013 19.00<\/td><td>&nbsp; 15.45 \u2013 19.00<\/td><\/tr><\/tbody><\/table><\/figure>\n\n\n\n<p><strong>Programmu 01011111; 01015511; 01015311; 01015411 \u012bsteno\u0161anai<\/strong><\/p>\n\n\n\n<p><strong>Elektronisko sazi\u0146as l\u012bdzek\u013cu (piem\u0113ram, televizora, datora) lieto\u0161ana b\u0113rniem pie\u013caujama ne ilg\u0101k par 15 min\u016bt\u0113m.<\/strong><strong><\/strong><\/p>\n\n\n\n<p><\/p>\n","protected":false},"excerpt":{"rendered":"<p>&nbsp;&nbsp;&nbsp;&nbsp;&nbsp;&nbsp; &nbsp; Re\u017e\u012bma momenti 1,5 \u2013 3&nbsp; g.v. 3 \u2013 5 g.v. 5 \u2013 7 g.v. &nbsp;&nbsp;&nbsp;&nbsp;&nbsp; \u201cZa\u0137\u0113ni\u201d, &nbsp;&nbsp;&nbsp;&nbsp;&nbsp; \u201cE\u017euki\u201d, [&hellip;]<\/p>\n","protected":false},"author":24,"featured_media":0,"parent":0,"menu_order":0,"comment_status":"closed","ping_status":"closed","template":"","meta":{"_acf_changed":false,"site-sidebar-layout":"default","site-content-layout":"","ast-site-content-layout":"default","site-content-style":"default","site-sidebar-style":"default","ast-global-header-display":"","ast-banner-title-visibility":"","ast-main-header-display":"","ast-hfb-above-header-display":"","ast-hfb-below-header-display":"","ast-hfb-mobile-header-display":"","site-post-title":"","ast-breadcrumbs-content":"","ast-featured-img":"","footer-sml-layout":"","ast-disable-related-posts":"","theme-transparent-header-meta":"","adv-header-id-meta":"","stick-header-meta":"","header-above-stick-meta":"","header-main-stick-meta":"","header-below-stick-meta":"","astra-migrate-meta-layouts":"default","ast-page-background-enabled":"default","ast-page-background-meta":{"desktop":{"background-color":"var(--ast-global-color-5)","background-image":"","background-repeat":"repeat","background-position":"center center","background-size":"auto","background-attachment":"scroll","background-type":"","background-media":"","overlay-type":"","overlay-color":"","overlay-opacity":"","overlay-gradient":""},"tablet":{"background-color":"","background-image":"","background-repeat":"repeat","background-position":"center center","background-size":"auto","background-attachment":"scroll","background-type":"","background-media":"","overlay-type":"","overlay-color":"","overlay-opacity":"","overlay-gradient":""},"mobile":{"background-color":"","background-image":"","background-repeat":"repeat","background-position":"center center","background-size":"auto","background-attachment":"scroll","background-type":"","background-media":"","overlay-type":"","overlay-color":"","overlay-opacity":"","overlay-gradient":""}},"ast-content-background-meta":{"desktop":{"background-color":"var(--ast-global-color-4)","background-image":"","background-repeat":"repeat","background-position":"center center","background-size":"auto","background-attachment":"scroll","background-type":"","background-media":"","overlay-type":"","overlay-color":"","overlay-opacity":"","overlay-gradient":""},"tablet":{"background-color":"var(--ast-global-color-4)","background-image":"","background-repeat":"repeat","background-position":"center center","background-size":"auto","background-attachment":"scroll","background-type":"","background-media":"","overlay-type":"","overlay-color":"","overlay-opacity":"","overlay-gradient":""},"mobile":{"background-color":"var(--ast-global-color-4)","background-image":"","background-repeat":"repeat","background-position":"center center","background-size":"auto","background-attachment":"scroll","background-type":"","background-media":"","overlay-type":"","overlay-color":"","overlay-opacity":"","overlay-gradient":""}},"footnotes":""},"class_list":["post-609","page","type-page","status-publish","hentry"],"acf":[],"yoast_head":"<!-- This site is optimized with the Yoast SEO plugin v27.0 - https:\/\/yoast.com\/product\/yoast-seo-wordpress\/ -->\n<title>Dienas ritms &quot;Buratino&quot; 2025.\/26.m.g - Valmieras pirmsskolas izgl\u012bt\u012bbas iest\u0101de \u201cBuratino\u201d<\/title>\n<meta name=\"robots\" content=\"index, follow, max-snippet:-1, max-image-preview:large, max-video-preview:-1\" \/>\n<link rel=\"canonical\" href=\"https:\/\/izglitiba.valmierasnovads.lv\/buratino\/dienas-ritms\/\" \/>\n<meta property=\"og:locale\" content=\"lv_LV\" \/>\n<meta property=\"og:type\" content=\"article\" \/>\n<meta property=\"og:title\" content=\"Dienas ritms &quot;Buratino&quot; 2025.\/26.m.g - Valmieras pirmsskolas izgl\u012bt\u012bbas iest\u0101de \u201cBuratino\u201d\" \/>\n<meta property=\"og:description\" content=\"&nbsp;&nbsp;&nbsp;&nbsp;&nbsp;&nbsp; &nbsp; Re\u017e\u012bma momenti 1,5 \u2013 3&nbsp; g.v. 3 \u2013 5 g.v. 5 \u2013 7 g.v. &nbsp;&nbsp;&nbsp;&nbsp;&nbsp; \u201cZa\u0137\u0113ni\u201d, &nbsp;&nbsp;&nbsp;&nbsp;&nbsp; \u201cE\u017euki\u201d, [&hellip;]\" \/>\n<meta property=\"og:url\" content=\"https:\/\/izglitiba.valmierasnovads.lv\/buratino\/dienas-ritms\/\" \/>\n<meta property=\"og:site_name\" content=\"Valmieras pirmsskolas izgl\u012bt\u012bbas iest\u0101de \u201cBuratino\u201d\" \/>\n<meta property=\"article:modified_time\" content=\"2025-11-08T07:59:43+00:00\" \/>\n<meta name=\"twitter:card\" content=\"summary_large_image\" \/>\n<meta name=\"twitter:label1\" content=\"Est. reading time\" \/>\n\t<meta name=\"twitter:data1\" content=\"1 min\u016bte\" \/>\n<script type=\"application\/ld+json\" class=\"yoast-schema-graph\">{\"@context\":\"https:\/\/schema.org\",\"@graph\":[{\"@type\":\"WebPage\",\"@id\":\"https:\/\/izglitiba.valmierasnovads.lv\/buratino\/dienas-ritms\/\",\"url\":\"https:\/\/izglitiba.valmierasnovads.lv\/buratino\/dienas-ritms\/\",\"name\":\"Dienas ritms \\\"Buratino\\\" 2025.\/26.m.g - Valmieras pirmsskolas izgl\u012bt\u012bbas iest\u0101de \u201cBuratino\u201d\",\"isPartOf\":{\"@id\":\"https:\/\/izglitiba.valmierasnovads.lv\/buratino\/#website\"},\"datePublished\":\"2025-09-01T11:29:55+00:00\",\"dateModified\":\"2025-11-08T07:59:43+00:00\",\"breadcrumb\":{\"@id\":\"https:\/\/izglitiba.valmierasnovads.lv\/buratino\/dienas-ritms\/#breadcrumb\"},\"inLanguage\":\"lv-LV\",\"potentialAction\":[{\"@type\":\"ReadAction\",\"target\":[\"https:\/\/izglitiba.valmierasnovads.lv\/buratino\/dienas-ritms\/\"]}]},{\"@type\":\"BreadcrumbList\",\"@id\":\"https:\/\/izglitiba.valmierasnovads.lv\/buratino\/dienas-ritms\/#breadcrumb\",\"itemListElement\":[{\"@type\":\"ListItem\",\"position\":1,\"name\":\"Home\",\"item\":\"https:\/\/izglitiba.valmierasnovads.lv\/buratino\/\"},{\"@type\":\"ListItem\",\"position\":2,\"name\":\"Dienas ritms &#8220;Buratino&#8221; 2025.\/26.m.g\"}]},{\"@type\":\"WebSite\",\"@id\":\"https:\/\/izglitiba.valmierasnovads.lv\/buratino\/#website\",\"url\":\"https:\/\/izglitiba.valmierasnovads.lv\/buratino\/\",\"name\":\"Valmieras pirmsskolas izgl\u012bt\u012bbas iest\u0101de \u201cBuratino\u201d\",\"description\":\"Buratino Valmiera\",\"publisher\":{\"@id\":\"https:\/\/izglitiba.valmierasnovads.lv\/buratino\/#organization\"},\"potentialAction\":[{\"@type\":\"SearchAction\",\"target\":{\"@type\":\"EntryPoint\",\"urlTemplate\":\"https:\/\/izglitiba.valmierasnovads.lv\/buratino\/?s={search_term_string}\"},\"query-input\":{\"@type\":\"PropertyValueSpecification\",\"valueRequired\":true,\"valueName\":\"search_term_string\"}}],\"inLanguage\":\"lv-LV\"},{\"@type\":\"Organization\",\"@id\":\"https:\/\/izglitiba.valmierasnovads.lv\/buratino\/#organization\",\"name\":\"Valmieras pirmsskolas izgl\u012bt\u012bbas iest\u0101de \u201cBuratino\u201d\",\"url\":\"https:\/\/izglitiba.valmierasnovads.lv\/buratino\/\",\"logo\":{\"@type\":\"ImageObject\",\"inLanguage\":\"lv-LV\",\"@id\":\"https:\/\/izglitiba.valmierasnovads.lv\/buratino\/#\/schema\/logo\/image\/\",\"url\":\"https:\/\/izglitiba.valmierasnovads.lv\/buratino\/wp-content\/uploads\/sites\/20\/2026\/02\/cropped-Buratino-nosaukums-web-scaled-1.png\",\"contentUrl\":\"https:\/\/izglitiba.valmierasnovads.lv\/buratino\/wp-content\/uploads\/sites\/20\/2026\/02\/cropped-Buratino-nosaukums-web-scaled-1.png\",\"width\":2268,\"height\":715,\"caption\":\"Valmieras pirmsskolas izgl\u012bt\u012bbas iest\u0101de \u201cBuratino\u201d\"},\"image\":{\"@id\":\"https:\/\/izglitiba.valmierasnovads.lv\/buratino\/#\/schema\/logo\/image\/\"}}]}<\/script>\n<!-- \/ Yoast SEO plugin. -->","yoast_head_json":{"title":"Dienas ritms \"Buratino\" 2025.\/26.m.g - Valmieras pirmsskolas izgl\u012bt\u012bbas iest\u0101de \u201cBuratino\u201d","robots":{"index":"index","follow":"follow","max-snippet":"max-snippet:-1","max-image-preview":"max-image-preview:large","max-video-preview":"max-video-preview:-1"},"canonical":"https:\/\/izglitiba.valmierasnovads.lv\/buratino\/dienas-ritms\/","og_locale":"lv_LV","og_type":"article","og_title":"Dienas ritms \"Buratino\" 2025.\/26.m.g - Valmieras pirmsskolas izgl\u012bt\u012bbas iest\u0101de \u201cBuratino\u201d","og_description":"&nbsp;&nbsp;&nbsp;&nbsp;&nbsp;&nbsp; &nbsp; Re\u017e\u012bma momenti 1,5 \u2013 3&nbsp; g.v. 3 \u2013 5 g.v. 5 \u2013 7 g.v. &nbsp;&nbsp;&nbsp;&nbsp;&nbsp; \u201cZa\u0137\u0113ni\u201d, &nbsp;&nbsp;&nbsp;&nbsp;&nbsp; \u201cE\u017euki\u201d, [&hellip;]","og_url":"https:\/\/izglitiba.valmierasnovads.lv\/buratino\/dienas-ritms\/","og_site_name":"Valmieras pirmsskolas izgl\u012bt\u012bbas iest\u0101de \u201cBuratino\u201d","article_modified_time":"2025-11-08T07:59:43+00:00","twitter_card":"summary_large_image","twitter_misc":{"Est. reading time":"1 min\u016bte"},"schema":{"@context":"https:\/\/schema.org","@graph":[{"@type":"WebPage","@id":"https:\/\/izglitiba.valmierasnovads.lv\/buratino\/dienas-ritms\/","url":"https:\/\/izglitiba.valmierasnovads.lv\/buratino\/dienas-ritms\/","name":"Dienas ritms \"Buratino\" 2025.\/26.m.g - Valmieras pirmsskolas izgl\u012bt\u012bbas iest\u0101de \u201cBuratino\u201d","isPartOf":{"@id":"https:\/\/izglitiba.valmierasnovads.lv\/buratino\/#website"},"datePublished":"2025-09-01T11:29:55+00:00","dateModified":"2025-11-08T07:59:43+00:00","breadcrumb":{"@id":"https:\/\/izglitiba.valmierasnovads.lv\/buratino\/dienas-ritms\/#breadcrumb"},"inLanguage":"lv-LV","potentialAction":[{"@type":"ReadAction","target":["https:\/\/izglitiba.valmierasnovads.lv\/buratino\/dienas-ritms\/"]}]},{"@type":"BreadcrumbList","@id":"https:\/\/izglitiba.valmierasnovads.lv\/buratino\/dienas-ritms\/#breadcrumb","itemListElement":[{"@type":"ListItem","position":1,"name":"Home","item":"https:\/\/izglitiba.valmierasnovads.lv\/buratino\/"},{"@type":"ListItem","position":2,"name":"Dienas ritms &#8220;Buratino&#8221; 2025.\/26.m.g"}]},{"@type":"WebSite","@id":"https:\/\/izglitiba.valmierasnovads.lv\/buratino\/#website","url":"https:\/\/izglitiba.valmierasnovads.lv\/buratino\/","name":"Valmieras pirmsskolas izgl\u012bt\u012bbas iest\u0101de \u201cBuratino\u201d","description":"Buratino Valmiera","publisher":{"@id":"https:\/\/izglitiba.valmierasnovads.lv\/buratino\/#organization"},"potentialAction":[{"@type":"SearchAction","target":{"@type":"EntryPoint","urlTemplate":"https:\/\/izglitiba.valmierasnovads.lv\/buratino\/?s={search_term_string}"},"query-input":{"@type":"PropertyValueSpecification","valueRequired":true,"valueName":"search_term_string"}}],"inLanguage":"lv-LV"},{"@type":"Organization","@id":"https:\/\/izglitiba.valmierasnovads.lv\/buratino\/#organization","name":"Valmieras pirmsskolas izgl\u012bt\u012bbas iest\u0101de \u201cBuratino\u201d","url":"https:\/\/izglitiba.valmierasnovads.lv\/buratino\/","logo":{"@type":"ImageObject","inLanguage":"lv-LV","@id":"https:\/\/izglitiba.valmierasnovads.lv\/buratino\/#\/schema\/logo\/image\/","url":"https:\/\/izglitiba.valmierasnovads.lv\/buratino\/wp-content\/uploads\/sites\/20\/2026\/02\/cropped-Buratino-nosaukums-web-scaled-1.png","contentUrl":"https:\/\/izglitiba.valmierasnovads.lv\/buratino\/wp-content\/uploads\/sites\/20\/2026\/02\/cropped-Buratino-nosaukums-web-scaled-1.png","width":2268,"height":715,"caption":"Valmieras pirmsskolas izgl\u012bt\u012bbas iest\u0101de \u201cBuratino\u201d"},"image":{"@id":"https:\/\/izglitiba.valmierasnovads.lv\/buratino\/#\/schema\/logo\/image\/"}}]}},"_links":{"self":[{"href":"https:\/\/izglitiba.valmierasnovads.lv\/buratino\/wp-json\/wp\/v2\/pages\/609","targetHints":{"allow":["GET"]}}],"collection":[{"href":"https:\/\/izglitiba.valmierasnovads.lv\/buratino\/wp-json\/wp\/v2\/pages"}],"about":[{"href":"https:\/\/izglitiba.valmierasnovads.lv\/buratino\/wp-json\/wp\/v2\/types\/page"}],"author":[{"embeddable":true,"href":"https:\/\/izglitiba.valmierasnovads.lv\/buratino\/wp-json\/wp\/v2\/users\/24"}],"replies":[{"embeddable":true,"href":"https:\/\/izglitiba.valmierasnovads.lv\/buratino\/wp-json\/wp\/v2\/comments?post=609"}],"version-history":[{"count":10,"href":"https:\/\/izglitiba.valmierasnovads.lv\/buratino\/wp-json\/wp\/v2\/pages\/609\/revisions"}],"predecessor-version":[{"id":942,"href":"https:\/\/izglitiba.valmierasnovads.lv\/buratino\/wp-json\/wp\/v2\/pages\/609\/revisions\/942"}],"wp:attachment":[{"href":"https:\/\/izglitiba.valmierasnovads.lv\/buratino\/wp-json\/wp\/v2\/media?parent=609"}],"curies":[{"name":"wp","href":"https:\/\/api.w.org\/{rel}","templated":true}]}}