{"id":126,"date":"2025-11-14T14:27:32","date_gmt":"2025-11-14T12:27:32","guid":{"rendered":"https:\/\/izglitiba.valmierasnovads.lv\/burtins\/?page_id=126"},"modified":"2025-12-03T16:18:44","modified_gmt":"2025-12-03T14:18:44","slug":"simbolika","status":"publish","type":"page","link":"https:\/\/izglitiba.valmierasnovads.lv\/burtins\/simbolika\/","title":{"rendered":"Simbolika"},"content":{"rendered":"\n<p class=\"has-medium-font-size\"><strong>Karogs<\/strong><\/p>\n\n\n\n<figure class=\"wp-block-image size-full\"><img loading=\"lazy\" decoding=\"async\" width=\"581\" height=\"309\" src=\"https:\/\/izglitiba.valmierasnovads.lv\/burtins\/wp-content\/uploads\/sites\/17\/2025\/04\/Burtins_karogs-1.png\" alt=\"\" class=\"wp-image-37\" srcset=\"https:\/\/izglitiba.valmierasnovads.lv\/burtins\/wp-content\/uploads\/sites\/17\/2025\/04\/Burtins_karogs-1.png 581w, https:\/\/izglitiba.valmierasnovads.lv\/burtins\/wp-content\/uploads\/sites\/17\/2025\/04\/Burtins_karogs-1-300x160.png 300w, https:\/\/izglitiba.valmierasnovads.lv\/burtins\/wp-content\/uploads\/sites\/17\/2025\/04\/Burtins_karogs-1-91x48.png 91w\" sizes=\"auto, (max-width: 581px) 100vw, 581px\" \/><\/figure>\n\n\n\n<p class=\"has-medium-font-size\"><strong>Himna<\/strong>, <em>m\u016bzikas<\/em> <em>autore Inguna Lipska<\/em><\/p>\n\n\n\n<figure class=\"wp-block-audio\"><audio controls src=\"https:\/\/izglitiba.valmierasnovads.lv\/burtins\/wp-content\/uploads\/sites\/17\/2025\/11\/Burtina-Himna-C-120-Aigita.mp3\"><\/audio><\/figure>\n\n\n\n<p class=\"has-medium-font-size\"><strong>Himnas v\u0101rdi<\/strong>, <em>v\u0101rdu<\/em> <em>autore Inguna Lipska<\/em><\/p>\n\n\n\n<figure class=\"wp-block-image size-large is-resized\"><img loading=\"lazy\" decoding=\"async\" width=\"720\" height=\"1024\" src=\"https:\/\/izglitiba.valmierasnovads.lv\/burtins\/wp-content\/uploads\/sites\/17\/2025\/11\/himna2-720x1024.jpeg\" alt=\"\" class=\"wp-image-129\" style=\"width:536px;height:auto\" srcset=\"https:\/\/izglitiba.valmierasnovads.lv\/burtins\/wp-content\/uploads\/sites\/17\/2025\/11\/himna2-720x1024.jpeg 720w, https:\/\/izglitiba.valmierasnovads.lv\/burtins\/wp-content\/uploads\/sites\/17\/2025\/11\/himna2-211x300.jpeg 211w, https:\/\/izglitiba.valmierasnovads.lv\/burtins\/wp-content\/uploads\/sites\/17\/2025\/11\/himna2-768x1092.jpeg 768w, https:\/\/izglitiba.valmierasnovads.lv\/burtins\/wp-content\/uploads\/sites\/17\/2025\/11\/himna2-1080x1536.jpeg 1080w, https:\/\/izglitiba.valmierasnovads.lv\/burtins\/wp-content\/uploads\/sites\/17\/2025\/11\/himna2-1440x2048.jpeg 1440w, https:\/\/izglitiba.valmierasnovads.lv\/burtins\/wp-content\/uploads\/sites\/17\/2025\/11\/himna2-scaled.jpeg 1800w\" sizes=\"auto, (max-width: 720px) 100vw, 720px\" \/><\/figure>\n","protected":false},"excerpt":{"rendered":"<p>Karogs Himna, m\u016bzikas autore Inguna Lipska Himnas v\u0101rdi, v\u0101rdu autore Inguna Lipska<\/p>\n","protected":false},"author":18,"featured_media":0,"parent":0,"menu_order":0,"comment_status":"closed","ping_status":"closed","template":"","meta":{"_acf_changed":false,"site-sidebar-layout":"default","site-content-layout":"","ast-site-content-layout":"default","site-content-style":"default","site-sidebar-style":"default","ast-global-header-display":"","ast-banner-title-visibility":"","ast-main-header-display":"","ast-hfb-above-header-display":"","ast-hfb-below-header-display":"","ast-hfb-mobile-header-display":"","site-post-title":"","ast-breadcrumbs-content":"","ast-featured-img":"","footer-sml-layout":"","ast-disable-related-posts":"","theme-transparent-header-meta":"","adv-header-id-meta":"","stick-header-meta":"","header-above-stick-meta":"","header-main-stick-meta":"","header-below-stick-meta":"","astra-migrate-meta-layouts":"default","ast-page-background-enabled":"default","ast-page-background-meta":{"desktop":{"background-color":"var(--ast-global-color-5)","background-image":"","background-repeat":"repeat","background-position":"center center","background-size":"auto","background-attachment":"scroll","background-type":"","background-media":"","overlay-type":"","overlay-color":"","overlay-opacity":"","overlay-gradient":""},"tablet":{"background-color":"","background-image":"","background-repeat":"repeat","background-position":"center center","background-size":"auto","background-attachment":"scroll","background-type":"","background-media":"","overlay-type":"","overlay-color":"","overlay-opacity":"","overlay-gradient":""},"mobile":{"background-color":"","background-image":"","background-repeat":"repeat","background-position":"center center","background-size":"auto","background-attachment":"scroll","background-type":"","background-media":"","overlay-type":"","overlay-color":"","overlay-opacity":"","overlay-gradient":""}},"ast-content-background-meta":{"desktop":{"background-color":"var(--ast-global-color-4)","background-image":"","background-repeat":"repeat","background-position":"center center","background-size":"auto","background-attachment":"scroll","background-type":"","background-media":"","overlay-type":"","overlay-color":"","overlay-opacity":"","overlay-gradient":""},"tablet":{"background-color":"var(--ast-global-color-4)","background-image":"","background-repeat":"repeat","background-position":"center center","background-size":"auto","background-attachment":"scroll","background-type":"","background-media":"","overlay-type":"","overlay-color":"","overlay-opacity":"","overlay-gradient":""},"mobile":{"background-color":"var(--ast-global-color-4)","background-image":"","background-repeat":"repeat","background-position":"center center","background-size":"auto","background-attachment":"scroll","background-type":"","background-media":"","overlay-type":"","overlay-color":"","overlay-opacity":"","overlay-gradient":""}},"footnotes":""},"class_list":["post-126","page","type-page","status-publish","hentry"],"acf":[],"yoast_head":"<!-- This site is optimized with the Yoast SEO plugin v27.0 - https:\/\/yoast.com\/product\/yoast-seo-wordpress\/ -->\n<title>Simbolika - Valmiermui\u017eas pirmsskolas izgl\u012bt\u012bbas iest\u0101de \u201cBurti\u0146\u0161\u201d<\/title>\n<meta name=\"robots\" content=\"index, follow, max-snippet:-1, max-image-preview:large, max-video-preview:-1\" \/>\n<link rel=\"canonical\" href=\"https:\/\/izglitiba.valmierasnovads.lv\/burtins\/simbolika\/\" \/>\n<meta property=\"og:locale\" content=\"lv_LV\" \/>\n<meta property=\"og:type\" content=\"article\" \/>\n<meta property=\"og:title\" content=\"Simbolika - Valmiermui\u017eas pirmsskolas izgl\u012bt\u012bbas iest\u0101de \u201cBurti\u0146\u0161\u201d\" \/>\n<meta property=\"og:description\" content=\"Karogs Himna, m\u016bzikas autore Inguna Lipska Himnas v\u0101rdi, v\u0101rdu autore Inguna Lipska\" \/>\n<meta property=\"og:url\" content=\"https:\/\/izglitiba.valmierasnovads.lv\/burtins\/simbolika\/\" \/>\n<meta property=\"og:site_name\" content=\"Valmiermui\u017eas pirmsskolas izgl\u012bt\u012bbas iest\u0101de \u201cBurti\u0146\u0161\u201d\" \/>\n<meta property=\"article:modified_time\" content=\"2025-12-03T14:18:44+00:00\" \/>\n<meta property=\"og:image\" content=\"https:\/\/izglitiba.valmierasnovads.lv\/burtins\/wp-content\/uploads\/sites\/17\/2025\/04\/Burtins_karogs-1.png\" \/>\n\t<meta property=\"og:image:width\" content=\"581\" \/>\n\t<meta property=\"og:image:height\" content=\"309\" \/>\n\t<meta property=\"og:image:type\" content=\"image\/png\" \/>\n<meta name=\"twitter:card\" content=\"summary_large_image\" \/>\n<meta name=\"twitter:label1\" content=\"Est. reading time\" \/>\n\t<meta name=\"twitter:data1\" content=\"1 min\u016bte\" \/>\n<script type=\"application\/ld+json\" class=\"yoast-schema-graph\">{\"@context\":\"https:\/\/schema.org\",\"@graph\":[{\"@type\":\"WebPage\",\"@id\":\"https:\/\/izglitiba.valmierasnovads.lv\/burtins\/simbolika\/\",\"url\":\"https:\/\/izglitiba.valmierasnovads.lv\/burtins\/simbolika\/\",\"name\":\"Simbolika - Valmiermui\u017eas pirmsskolas izgl\u012bt\u012bbas iest\u0101de \u201cBurti\u0146\u0161\u201d\",\"isPartOf\":{\"@id\":\"https:\/\/izglitiba.valmierasnovads.lv\/burtins\/#website\"},\"primaryImageOfPage\":{\"@id\":\"https:\/\/izglitiba.valmierasnovads.lv\/burtins\/simbolika\/#primaryimage\"},\"image\":{\"@id\":\"https:\/\/izglitiba.valmierasnovads.lv\/burtins\/simbolika\/#primaryimage\"},\"thumbnailUrl\":\"https:\/\/izglitiba.valmierasnovads.lv\/burtins\/wp-content\/uploads\/sites\/17\/2025\/04\/Burtins_karogs-1.png\",\"datePublished\":\"2025-11-14T12:27:32+00:00\",\"dateModified\":\"2025-12-03T14:18:44+00:00\",\"breadcrumb\":{\"@id\":\"https:\/\/izglitiba.valmierasnovads.lv\/burtins\/simbolika\/#breadcrumb\"},\"inLanguage\":\"lv-LV\",\"potentialAction\":[{\"@type\":\"ReadAction\",\"target\":[\"https:\/\/izglitiba.valmierasnovads.lv\/burtins\/simbolika\/\"]}]},{\"@type\":\"ImageObject\",\"inLanguage\":\"lv-LV\",\"@id\":\"https:\/\/izglitiba.valmierasnovads.lv\/burtins\/simbolika\/#primaryimage\",\"url\":\"https:\/\/izglitiba.valmierasnovads.lv\/burtins\/wp-content\/uploads\/sites\/17\/2025\/04\/Burtins_karogs-1.png\",\"contentUrl\":\"https:\/\/izglitiba.valmierasnovads.lv\/burtins\/wp-content\/uploads\/sites\/17\/2025\/04\/Burtins_karogs-1.png\",\"width\":581,\"height\":309},{\"@type\":\"BreadcrumbList\",\"@id\":\"https:\/\/izglitiba.valmierasnovads.lv\/burtins\/simbolika\/#breadcrumb\",\"itemListElement\":[{\"@type\":\"ListItem\",\"position\":1,\"name\":\"Home\",\"item\":\"https:\/\/izglitiba.valmierasnovads.lv\/burtins\/\"},{\"@type\":\"ListItem\",\"position\":2,\"name\":\"Simbolika\"}]},{\"@type\":\"WebSite\",\"@id\":\"https:\/\/izglitiba.valmierasnovads.lv\/burtins\/#website\",\"url\":\"https:\/\/izglitiba.valmierasnovads.lv\/burtins\/\",\"name\":\"Valmiermui\u017eas pirmsskolas izgl\u012bt\u012bbas iest\u0101de \u201cBurti\u0146\u0161\u201d\",\"description\":\"\",\"publisher\":{\"@id\":\"https:\/\/izglitiba.valmierasnovads.lv\/burtins\/#organization\"},\"potentialAction\":[{\"@type\":\"SearchAction\",\"target\":{\"@type\":\"EntryPoint\",\"urlTemplate\":\"https:\/\/izglitiba.valmierasnovads.lv\/burtins\/?s={search_term_string}\"},\"query-input\":{\"@type\":\"PropertyValueSpecification\",\"valueRequired\":true,\"valueName\":\"search_term_string\"}}],\"inLanguage\":\"lv-LV\"},{\"@type\":\"Organization\",\"@id\":\"https:\/\/izglitiba.valmierasnovads.lv\/burtins\/#organization\",\"name\":\"Valmiermui\u017eas pirmsskolas izgl\u012bt\u012bbas iest\u0101de \u201cBurti\u0146\u0161\u201d\",\"url\":\"https:\/\/izglitiba.valmierasnovads.lv\/burtins\/\",\"logo\":{\"@type\":\"ImageObject\",\"inLanguage\":\"lv-LV\",\"@id\":\"https:\/\/izglitiba.valmierasnovads.lv\/burtins\/#\/schema\/logo\/image\/\",\"url\":\"https:\/\/izglitiba.valmierasnovads.lv\/burtins\/wp-content\/uploads\/sites\/17\/2026\/03\/cropped-Pirmsskolas-izglitibas-iestades-ar-pasu-logo-1-scaled-1.png\",\"contentUrl\":\"https:\/\/izglitiba.valmierasnovads.lv\/burtins\/wp-content\/uploads\/sites\/17\/2026\/03\/cropped-Pirmsskolas-izglitibas-iestades-ar-pasu-logo-1-scaled-1.png\",\"width\":1542,\"height\":404,\"caption\":\"Valmiermui\u017eas pirmsskolas izgl\u012bt\u012bbas iest\u0101de \u201cBurti\u0146\u0161\u201d\"},\"image\":{\"@id\":\"https:\/\/izglitiba.valmierasnovads.lv\/burtins\/#\/schema\/logo\/image\/\"}}]}<\/script>\n<!-- \/ Yoast SEO plugin. -->","yoast_head_json":{"title":"Simbolika - Valmiermui\u017eas pirmsskolas izgl\u012bt\u012bbas iest\u0101de \u201cBurti\u0146\u0161\u201d","robots":{"index":"index","follow":"follow","max-snippet":"max-snippet:-1","max-image-preview":"max-image-preview:large","max-video-preview":"max-video-preview:-1"},"canonical":"https:\/\/izglitiba.valmierasnovads.lv\/burtins\/simbolika\/","og_locale":"lv_LV","og_type":"article","og_title":"Simbolika - Valmiermui\u017eas pirmsskolas izgl\u012bt\u012bbas iest\u0101de \u201cBurti\u0146\u0161\u201d","og_description":"Karogs Himna, m\u016bzikas autore Inguna Lipska Himnas v\u0101rdi, v\u0101rdu autore Inguna Lipska","og_url":"https:\/\/izglitiba.valmierasnovads.lv\/burtins\/simbolika\/","og_site_name":"Valmiermui\u017eas pirmsskolas izgl\u012bt\u012bbas iest\u0101de \u201cBurti\u0146\u0161\u201d","article_modified_time":"2025-12-03T14:18:44+00:00","og_image":[{"width":581,"height":309,"url":"https:\/\/izglitiba.valmierasnovads.lv\/burtins\/wp-content\/uploads\/sites\/17\/2025\/04\/Burtins_karogs-1.png","type":"image\/png"}],"twitter_card":"summary_large_image","twitter_misc":{"Est. reading time":"1 min\u016bte"},"schema":{"@context":"https:\/\/schema.org","@graph":[{"@type":"WebPage","@id":"https:\/\/izglitiba.valmierasnovads.lv\/burtins\/simbolika\/","url":"https:\/\/izglitiba.valmierasnovads.lv\/burtins\/simbolika\/","name":"Simbolika - Valmiermui\u017eas pirmsskolas izgl\u012bt\u012bbas iest\u0101de \u201cBurti\u0146\u0161\u201d","isPartOf":{"@id":"https:\/\/izglitiba.valmierasnovads.lv\/burtins\/#website"},"primaryImageOfPage":{"@id":"https:\/\/izglitiba.valmierasnovads.lv\/burtins\/simbolika\/#primaryimage"},"image":{"@id":"https:\/\/izglitiba.valmierasnovads.lv\/burtins\/simbolika\/#primaryimage"},"thumbnailUrl":"https:\/\/izglitiba.valmierasnovads.lv\/burtins\/wp-content\/uploads\/sites\/17\/2025\/04\/Burtins_karogs-1.png","datePublished":"2025-11-14T12:27:32+00:00","dateModified":"2025-12-03T14:18:44+00:00","breadcrumb":{"@id":"https:\/\/izglitiba.valmierasnovads.lv\/burtins\/simbolika\/#breadcrumb"},"inLanguage":"lv-LV","potentialAction":[{"@type":"ReadAction","target":["https:\/\/izglitiba.valmierasnovads.lv\/burtins\/simbolika\/"]}]},{"@type":"ImageObject","inLanguage":"lv-LV","@id":"https:\/\/izglitiba.valmierasnovads.lv\/burtins\/simbolika\/#primaryimage","url":"https:\/\/izglitiba.valmierasnovads.lv\/burtins\/wp-content\/uploads\/sites\/17\/2025\/04\/Burtins_karogs-1.png","contentUrl":"https:\/\/izglitiba.valmierasnovads.lv\/burtins\/wp-content\/uploads\/sites\/17\/2025\/04\/Burtins_karogs-1.png","width":581,"height":309},{"@type":"BreadcrumbList","@id":"https:\/\/izglitiba.valmierasnovads.lv\/burtins\/simbolika\/#breadcrumb","itemListElement":[{"@type":"ListItem","position":1,"name":"Home","item":"https:\/\/izglitiba.valmierasnovads.lv\/burtins\/"},{"@type":"ListItem","position":2,"name":"Simbolika"}]},{"@type":"WebSite","@id":"https:\/\/izglitiba.valmierasnovads.lv\/burtins\/#website","url":"https:\/\/izglitiba.valmierasnovads.lv\/burtins\/","name":"Valmiermui\u017eas pirmsskolas izgl\u012bt\u012bbas iest\u0101de \u201cBurti\u0146\u0161\u201d","description":"","publisher":{"@id":"https:\/\/izglitiba.valmierasnovads.lv\/burtins\/#organization"},"potentialAction":[{"@type":"SearchAction","target":{"@type":"EntryPoint","urlTemplate":"https:\/\/izglitiba.valmierasnovads.lv\/burtins\/?s={search_term_string}"},"query-input":{"@type":"PropertyValueSpecification","valueRequired":true,"valueName":"search_term_string"}}],"inLanguage":"lv-LV"},{"@type":"Organization","@id":"https:\/\/izglitiba.valmierasnovads.lv\/burtins\/#organization","name":"Valmiermui\u017eas pirmsskolas izgl\u012bt\u012bbas iest\u0101de \u201cBurti\u0146\u0161\u201d","url":"https:\/\/izglitiba.valmierasnovads.lv\/burtins\/","logo":{"@type":"ImageObject","inLanguage":"lv-LV","@id":"https:\/\/izglitiba.valmierasnovads.lv\/burtins\/#\/schema\/logo\/image\/","url":"https:\/\/izglitiba.valmierasnovads.lv\/burtins\/wp-content\/uploads\/sites\/17\/2026\/03\/cropped-Pirmsskolas-izglitibas-iestades-ar-pasu-logo-1-scaled-1.png","contentUrl":"https:\/\/izglitiba.valmierasnovads.lv\/burtins\/wp-content\/uploads\/sites\/17\/2026\/03\/cropped-Pirmsskolas-izglitibas-iestades-ar-pasu-logo-1-scaled-1.png","width":1542,"height":404,"caption":"Valmiermui\u017eas pirmsskolas izgl\u012bt\u012bbas iest\u0101de \u201cBurti\u0146\u0161\u201d"},"image":{"@id":"https:\/\/izglitiba.valmierasnovads.lv\/burtins\/#\/schema\/logo\/image\/"}}]}},"_links":{"self":[{"href":"https:\/\/izglitiba.valmierasnovads.lv\/burtins\/wp-json\/wp\/v2\/pages\/126","targetHints":{"allow":["GET"]}}],"collection":[{"href":"https:\/\/izglitiba.valmierasnovads.lv\/burtins\/wp-json\/wp\/v2\/pages"}],"about":[{"href":"https:\/\/izglitiba.valmierasnovads.lv\/burtins\/wp-json\/wp\/v2\/types\/page"}],"author":[{"embeddable":true,"href":"https:\/\/izglitiba.valmierasnovads.lv\/burtins\/wp-json\/wp\/v2\/users\/18"}],"replies":[{"embeddable":true,"href":"https:\/\/izglitiba.valmierasnovads.lv\/burtins\/wp-json\/wp\/v2\/comments?post=126"}],"version-history":[{"count":3,"href":"https:\/\/izglitiba.valmierasnovads.lv\/burtins\/wp-json\/wp\/v2\/pages\/126\/revisions"}],"predecessor-version":[{"id":182,"href":"https:\/\/izglitiba.valmierasnovads.lv\/burtins\/wp-json\/wp\/v2\/pages\/126\/revisions\/182"}],"wp:attachment":[{"href":"https:\/\/izglitiba.valmierasnovads.lv\/burtins\/wp-json\/wp\/v2\/media?parent=126"}],"curies":[{"name":"wp","href":"https:\/\/api.w.org\/{rel}","templated":true}]}}