{"id":7,"date":"2025-04-29T10:20:16","date_gmt":"2025-04-29T07:20:16","guid":{"rendered":"https:\/\/izglitiba.valmierasnovads.lv\/burtniekuskola\/sakumlapa\/"},"modified":"2026-03-25T12:24:23","modified_gmt":"2026-03-25T10:24:23","slug":"sakumlapa","status":"publish","type":"page","link":"https:\/\/izglitiba.valmierasnovads.lv\/burtniekuskola\/","title":{"rendered":"S\u0101kumlapa"},"content":{"rendered":"\n<div class=\"main-slider\">\n    <div><img decoding=\"async\" src=\"https:\/\/izglitiba.valmierasnovads.lv\/burtniekuskola\/wp-content\/uploads\/sites\/24\/2025\/04\/Skolu-majaslapai-galveno-attelu-slaideris-5-3.png\" alt=\"\"><\/div><\/div>\n\n\n<div id=\"quick_sites\">\n    <div class=\"quick_link_title\">\u0100tr\u0101s saites<\/div><div class=\"links-container\"><\/div><\/div>\n<div id=\"quick_sites_line\"><\/div>\n\n\n<div class=\"news-slider-wrapper\">\n    <h2>Jaunumi<\/h2>\n    <p class=\"link\"><a href=\"https:\/\/izglitiba.valmierasnovads.lv\/burtniekuskola\/jaunumi\" title=\"Las\u012bt visus jaunumus\">Las\u012bt visus<\/a><\/p>\n    <div class=\"news-slider\">\n        <div class=\"item\"><a href=\"https:\/\/izglitiba.valmierasnovads.lv\/burtniekuskola\/2025\/10\/11\/karjeras-nedelas-ietvaros-ciemos-bobslejisti\/\">\n                        <div class=\"item-image\"><img decoding=\"async\" src=\" https:\/\/izglitiba.valmierasnovads.lv\/burtniekuskola\/wp-content\/uploads\/sites\/24\/2025\/10\/20251010_102340-scaled-e1760208135403.jpg \" \/><\/div><div class=\"item-title\">Karjeras ned\u0113\u013cas ietvaros viesoj\u0101s Latvijas izlases bobslejisti<\/div><div class=\"item-date\">11.10.2025<\/div><div class=\"item-description\">Karjeras ned\u0113\u013cas ietvaros \u0161odien skol\u0101 viesoj\u0101s Latvijas izlases bobslejisti Edgars Nemme un Ed&#8230;<\/div>\n                        <\/a><div class=\"item-link\"><a href=\"https:\/\/izglitiba.valmierasnovads.lv\/burtniekuskola\/2025\/10\/11\/karjeras-nedelas-ietvaros-ciemos-bobslejisti\/\">Las\u012bt vair\u0101k<\/a><\/div><\/div><div class=\"item\"><a href=\"https:\/\/izglitiba.valmierasnovads.lv\/burtniekuskola\/2025\/04\/29\/jauna-skolas-majas-lapa\/\">\n                        <div class=\"item-image\"><img decoding=\"async\" src=\" https:\/\/izglitiba.valmierasnovads.lv\/burtniekuskola\/wp-content\/uploads\/sites\/24\/2025\/04\/skolas-1-1.jpg \" \/><\/div><div class=\"item-title\">Jaun\u0101 skolas m\u0101jas lapa<\/div><div class=\"item-date\">29.04.2025<\/div><div class=\"item-description\">Burtnieku Ausek\u013ca pamatskola tika izveidota jauna m\u0101jas lapa.<\/div>\n                        <\/a><div class=\"item-link\"><a href=\"https:\/\/izglitiba.valmierasnovads.lv\/burtniekuskola\/2025\/04\/29\/jauna-skolas-majas-lapa\/\">Las\u012bt vair\u0101k<\/a><\/div><\/div>    <\/div>\n<\/div>   \n\n\n\n\n\n<div class='line-wrapper'>\n<\/div>\n<div class=\"events-slider-wrapper\">\n    <h2>Notikumi<\/h2>\n    <p class=\"link\"><a href=\"https:\/\/izglitiba.valmierasnovads.lv\/burtniekuskola\/notikumi\" title=\"Skat\u012bt visus notikumus\">Skat\u012bt visus<\/a><\/p>\n    <div class=\"event-slider\">\n            <\/div>\n<\/div>   \n\n\n<div class='line-wrapper'>\n<\/div>\n<div class=\"poster-slider-wrapper\">\n    <h2>Afi\u0161a<\/h2>\n    <p class=\"link\"><a href=\"https:\/\/izglitiba.valmierasnovads.lv\/burtniekuskola\/afisas\" title=\"Skat\u012bt visas galerijas\">Skat\u012bt visas<\/a><\/p>\n    <div class=\"poster-slider\">\n        <div class=\"item\"><div class=\"item-image\"><a id=\"call_gallery\" class=\"cboxElement\" data-fancybox-trigger=\"gallery\" data-fancybox-index=\"0\"><img decoding=\"async\" src=\" https:\/\/izglitiba.valmierasnovads.lv\/burtniekuskola\/wp-content\/uploads\/sites\/24\/2025\/07\/nacmacPAREIZI.jpg \" \/><\/a><\/div><\/div>    <\/div>\n    <div style=\"display: hidden;\">\n        <a href=\"https:\/\/izglitiba.valmierasnovads.lv\/burtniekuskola\/wp-content\/uploads\/sites\/24\/2025\/07\/nacmacPAREIZI.jpg\" data-fancybox=\"gallery\"><\/a>    <\/div>\n<\/div>\n\n\n\n<div class='line-wrapper'>\n<\/div>\n<div class=\"gallery-slider-wrapper\">\n<h2>Galerija<\/h2>\n<p class=\"link\"><a href=\"https:\/\/izglitiba.valmierasnovads.lv\/burtniekuskola\/galerijas\" title=\"Skat\u012bt visas galerijas\">Skat\u012bt visas<\/a><\/p>\n<div class=\"gallery-slider\">\n    <\/div>\n<\/div>\n\n\n<div class=\"quote-slider-wrapper\">\n    <div class=\"quote-slider\">\n        <div class=\"item\"><div class=\"item-quote\"><!-- wp:paragraph -->\n<p>Pasaki man un es aizmirs\u012b\u0161u. lem\u0101ci man un es atcer\u0113\u0161os. lesaisti mani un es iem\u0101c\u012b\u0161os.<\/p>\n<!-- \/wp:paragraph --><\/div><div class=\"item-description\"><div class=\"item-img\"><img decoding=\"async\" src=\"  \" \/><\/div><div class=\"item-author\"><div class=\"item-name\">Bend\u017eamins Franklins<\/div><div class=\"item-position\">Rakstnieks, izdev\u0113js, politologs, politi\u0137is<\/div><\/div><\/div><\/div>    <\/div>\n<\/div>\n\n\n<div class='line-wrapper'>\n<\/div>\n<div class=\"partner-slider-wrapper\">\n    <div class=\"partner-slider\">\n        <div class=\"item\"><div class=\"item-logo\"><a href=\"https:\/\/www.lizda.lv\/\"><img decoding=\"async\" src=\"https:\/\/izglitiba.valmierasnovads.lv\/burtniekuskola\/wp-content\/uploads\/sites\/24\/2026\/03\/image_2026-03-25_121735033.png\" alt=\"Lizda\" \/><\/a><\/div><\/div><div class=\"item\"><div class=\"item-logo\"><a href=\"https:\/\/www.valmierasnovads.lv\/\"><img decoding=\"async\" src=\"https:\/\/izglitiba.valmierasnovads.lv\/burtniekuskola\/wp-content\/uploads\/sites\/24\/2026\/03\/image_2026-03-25_121705620.png\" alt=\"Valmieras novads\" \/><\/a><\/div><\/div><div class=\"item\"><div class=\"item-logo\"><a href=\"https:\/\/maconis.zvaigzne.lv\/\"><img decoding=\"async\" src=\"https:\/\/izglitiba.valmierasnovads.lv\/burtniekuskola\/wp-content\/uploads\/sites\/24\/2026\/03\/image_2026-03-25_121155840.png\" alt=\"M\u0101conis\" \/><\/a><\/div><\/div><div class=\"item\"><div class=\"item-logo\"><a href=\"https:\/\/www.uzdevumi.lv\/\"><img decoding=\"async\" src=\"https:\/\/izglitiba.valmierasnovads.lv\/burtniekuskola\/wp-content\/uploads\/sites\/24\/2026\/03\/image_2026-03-25_121118639.png\" alt=\"Uzdevumi\" \/><\/a><\/div><\/div><div class=\"item\"><div class=\"item-logo\"><a href=\"https:\/\/skolo.lv\/\"><img decoding=\"async\" src=\"https:\/\/izglitiba.valmierasnovads.lv\/burtniekuskola\/wp-content\/uploads\/sites\/24\/2026\/03\/image_2026-03-25_121043767.png\" alt=\"Skolo\" \/><\/a><\/div><\/div><div class=\"item\"><div class=\"item-logo\"><a href=\"https:\/\/soma.lv\/\"><img decoding=\"async\" src=\"https:\/\/izglitiba.valmierasnovads.lv\/burtniekuskola\/wp-content\/uploads\/sites\/24\/2026\/03\/image_2026-03-25_121015316.png\" alt=\"Soma\" \/><\/a><\/div><\/div><div class=\"item\"><div class=\"item-logo\"><a href=\"https:\/\/www.e-klase.lv\/\"><img decoding=\"async\" src=\"https:\/\/izglitiba.valmierasnovads.lv\/burtniekuskola\/wp-content\/uploads\/sites\/24\/2026\/03\/image_2026-03-25_120938915.png\" alt=\"E-klase\" \/><\/a><\/div><\/div>    <\/div>\n<\/div>","protected":false},"excerpt":{"rendered":"","protected":false},"author":1,"featured_media":0,"parent":0,"menu_order":0,"comment_status":"closed","ping_status":"closed","template":"","meta":{"_acf_changed":false,"site-sidebar-layout":"default","site-content-layout":"","ast-site-content-layout":"default","site-content-style":"default","site-sidebar-style":"default","ast-global-header-display":"","ast-banner-title-visibility":"","ast-main-header-display":"","ast-hfb-above-header-display":"","ast-hfb-below-header-display":"","ast-hfb-mobile-header-display":"","site-post-title":"","ast-breadcrumbs-content":"","ast-featured-img":"","footer-sml-layout":"","ast-disable-related-posts":"","theme-transparent-header-meta":"","adv-header-id-meta":"","stick-header-meta":"","header-above-stick-meta":"","header-main-stick-meta":"","header-below-stick-meta":"","astra-migrate-meta-layouts":"default","ast-page-background-enabled":"default","ast-page-background-meta":{"desktop":{"background-color":"var(--ast-global-color-5)","background-image":"","background-repeat":"repeat","background-position":"center center","background-size":"auto","background-attachment":"scroll","background-type":"","background-media":"","overlay-type":"","overlay-color":"","overlay-opacity":"","overlay-gradient":""},"tablet":{"background-color":"","background-image":"","background-repeat":"repeat","background-position":"center center","background-size":"auto","background-attachment":"scroll","background-type":"","background-media":"","overlay-type":"","overlay-color":"","overlay-opacity":"","overlay-gradient":""},"mobile":{"background-color":"","background-image":"","background-repeat":"repeat","background-position":"center center","background-size":"auto","background-attachment":"scroll","background-type":"","background-media":"","overlay-type":"","overlay-color":"","overlay-opacity":"","overlay-gradient":""}},"ast-content-background-meta":{"desktop":{"background-color":"var(--ast-global-color-4)","background-image":"","background-repeat":"repeat","background-position":"center center","background-size":"auto","background-attachment":"scroll","background-type":"","background-media":"","overlay-type":"","overlay-color":"","overlay-opacity":"","overlay-gradient":""},"tablet":{"background-color":"var(--ast-global-color-4)","background-image":"","background-repeat":"repeat","background-position":"center center","background-size":"auto","background-attachment":"scroll","background-type":"","background-media":"","overlay-type":"","overlay-color":"","overlay-opacity":"","overlay-gradient":""},"mobile":{"background-color":"var(--ast-global-color-4)","background-image":"","background-repeat":"repeat","background-position":"center center","background-size":"auto","background-attachment":"scroll","background-type":"","background-media":"","overlay-type":"","overlay-color":"","overlay-opacity":"","overlay-gradient":""}},"footnotes":""},"class_list":["post-7","page","type-page","status-publish","hentry"],"acf":[],"yoast_head":"<!-- This site is optimized with the Yoast SEO plugin v27.0 - https:\/\/yoast.com\/product\/yoast-seo-wordpress\/ -->\n<title>S\u0101kumlapa - Burtnieku Ausek\u013ca pamatskola<\/title>\n<meta name=\"robots\" content=\"index, follow, max-snippet:-1, max-image-preview:large, max-video-preview:-1\" \/>\n<link rel=\"canonical\" href=\"https:\/\/izglitiba.valmierasnovads.lv\/burtniekuskola\/\" \/>\n<meta property=\"og:locale\" content=\"lv_LV\" \/>\n<meta property=\"og:type\" content=\"article\" \/>\n<meta property=\"og:title\" content=\"S\u0101kumlapa - Burtnieku Ausek\u013ca pamatskola\" \/>\n<meta property=\"og:url\" content=\"https:\/\/izglitiba.valmierasnovads.lv\/burtniekuskola\/\" \/>\n<meta property=\"og:site_name\" content=\"Burtnieku Ausek\u013ca pamatskola\" \/>\n<meta property=\"article:publisher\" content=\"https:\/\/www.facebook.com\/burtniekuskola?locale=lv_LV\" \/>\n<meta property=\"article:modified_time\" content=\"2026-03-25T10:24:23+00:00\" \/>\n<meta name=\"twitter:card\" content=\"summary_large_image\" \/>\n<script type=\"application\/ld+json\" class=\"yoast-schema-graph\">{\"@context\":\"https:\/\/schema.org\",\"@graph\":[{\"@type\":\"WebPage\",\"@id\":\"https:\/\/izglitiba.valmierasnovads.lv\/burtniekuskola\/\",\"url\":\"https:\/\/izglitiba.valmierasnovads.lv\/burtniekuskola\/\",\"name\":\"S\u0101kumlapa - Burtnieku Ausek\u013ca pamatskola\",\"isPartOf\":{\"@id\":\"https:\/\/izglitiba.valmierasnovads.lv\/burtniekuskola\/#website\"},\"datePublished\":\"2025-04-29T07:20:16+00:00\",\"dateModified\":\"2026-03-25T10:24:23+00:00\",\"breadcrumb\":{\"@id\":\"https:\/\/izglitiba.valmierasnovads.lv\/burtniekuskola\/#breadcrumb\"},\"inLanguage\":\"lv-LV\",\"potentialAction\":[{\"@type\":\"ReadAction\",\"target\":[\"https:\/\/izglitiba.valmierasnovads.lv\/burtniekuskola\/\"]}]},{\"@type\":\"BreadcrumbList\",\"@id\":\"https:\/\/izglitiba.valmierasnovads.lv\/burtniekuskola\/#breadcrumb\",\"itemListElement\":[{\"@type\":\"ListItem\",\"position\":1,\"name\":\"Home\",\"item\":\"https:\/\/izglitiba.valmierasnovads.lv\/burtniekuskola\/\"},{\"@type\":\"ListItem\",\"position\":2,\"name\":\"S\u0101kumlapa\"}]},{\"@type\":\"WebSite\",\"@id\":\"https:\/\/izglitiba.valmierasnovads.lv\/burtniekuskola\/#website\",\"url\":\"https:\/\/izglitiba.valmierasnovads.lv\/burtniekuskola\/\",\"name\":\"Burtnieku Ausek\u013ca pamatskola\",\"description\":\"\",\"publisher\":{\"@id\":\"https:\/\/izglitiba.valmierasnovads.lv\/burtniekuskola\/#organization\"},\"potentialAction\":[{\"@type\":\"SearchAction\",\"target\":{\"@type\":\"EntryPoint\",\"urlTemplate\":\"https:\/\/izglitiba.valmierasnovads.lv\/burtniekuskola\/?s={search_term_string}\"},\"query-input\":{\"@type\":\"PropertyValueSpecification\",\"valueRequired\":true,\"valueName\":\"search_term_string\"}}],\"inLanguage\":\"lv-LV\"},{\"@type\":\"Organization\",\"@id\":\"https:\/\/izglitiba.valmierasnovads.lv\/burtniekuskola\/#organization\",\"name\":\"Burtnieku Ausek\u013ca pamatskola\",\"url\":\"https:\/\/izglitiba.valmierasnovads.lv\/burtniekuskola\/\",\"logo\":{\"@type\":\"ImageObject\",\"inLanguage\":\"lv-LV\",\"@id\":\"https:\/\/izglitiba.valmierasnovads.lv\/burtniekuskola\/#\/schema\/logo\/image\/\",\"url\":\"https:\/\/izglitiba.valmierasnovads.lv\/burtniekuskola\/wp-content\/uploads\/sites\/24\/2026\/03\/cropped-Komplekta-ar-pasu-logo-8-scaled-1.png\",\"contentUrl\":\"https:\/\/izglitiba.valmierasnovads.lv\/burtniekuskola\/wp-content\/uploads\/sites\/24\/2026\/03\/cropped-Komplekta-ar-pasu-logo-8-scaled-1.png\",\"width\":2204,\"height\":405,\"caption\":\"Burtnieku Ausek\u013ca pamatskola\"},\"image\":{\"@id\":\"https:\/\/izglitiba.valmierasnovads.lv\/burtniekuskola\/#\/schema\/logo\/image\/\"},\"sameAs\":[\"https:\/\/www.facebook.com\/burtniekuskola?locale=lv_LV\"]}]}<\/script>\n<!-- \/ Yoast SEO plugin. -->","yoast_head_json":{"title":"S\u0101kumlapa - Burtnieku Ausek\u013ca pamatskola","robots":{"index":"index","follow":"follow","max-snippet":"max-snippet:-1","max-image-preview":"max-image-preview:large","max-video-preview":"max-video-preview:-1"},"canonical":"https:\/\/izglitiba.valmierasnovads.lv\/burtniekuskola\/","og_locale":"lv_LV","og_type":"article","og_title":"S\u0101kumlapa - Burtnieku Ausek\u013ca pamatskola","og_url":"https:\/\/izglitiba.valmierasnovads.lv\/burtniekuskola\/","og_site_name":"Burtnieku Ausek\u013ca pamatskola","article_publisher":"https:\/\/www.facebook.com\/burtniekuskola?locale=lv_LV","article_modified_time":"2026-03-25T10:24:23+00:00","twitter_card":"summary_large_image","schema":{"@context":"https:\/\/schema.org","@graph":[{"@type":"WebPage","@id":"https:\/\/izglitiba.valmierasnovads.lv\/burtniekuskola\/","url":"https:\/\/izglitiba.valmierasnovads.lv\/burtniekuskola\/","name":"S\u0101kumlapa - Burtnieku Ausek\u013ca pamatskola","isPartOf":{"@id":"https:\/\/izglitiba.valmierasnovads.lv\/burtniekuskola\/#website"},"datePublished":"2025-04-29T07:20:16+00:00","dateModified":"2026-03-25T10:24:23+00:00","breadcrumb":{"@id":"https:\/\/izglitiba.valmierasnovads.lv\/burtniekuskola\/#breadcrumb"},"inLanguage":"lv-LV","potentialAction":[{"@type":"ReadAction","target":["https:\/\/izglitiba.valmierasnovads.lv\/burtniekuskola\/"]}]},{"@type":"BreadcrumbList","@id":"https:\/\/izglitiba.valmierasnovads.lv\/burtniekuskola\/#breadcrumb","itemListElement":[{"@type":"ListItem","position":1,"name":"Home","item":"https:\/\/izglitiba.valmierasnovads.lv\/burtniekuskola\/"},{"@type":"ListItem","position":2,"name":"S\u0101kumlapa"}]},{"@type":"WebSite","@id":"https:\/\/izglitiba.valmierasnovads.lv\/burtniekuskola\/#website","url":"https:\/\/izglitiba.valmierasnovads.lv\/burtniekuskola\/","name":"Burtnieku Ausek\u013ca pamatskola","description":"","publisher":{"@id":"https:\/\/izglitiba.valmierasnovads.lv\/burtniekuskola\/#organization"},"potentialAction":[{"@type":"SearchAction","target":{"@type":"EntryPoint","urlTemplate":"https:\/\/izglitiba.valmierasnovads.lv\/burtniekuskola\/?s={search_term_string}"},"query-input":{"@type":"PropertyValueSpecification","valueRequired":true,"valueName":"search_term_string"}}],"inLanguage":"lv-LV"},{"@type":"Organization","@id":"https:\/\/izglitiba.valmierasnovads.lv\/burtniekuskola\/#organization","name":"Burtnieku Ausek\u013ca pamatskola","url":"https:\/\/izglitiba.valmierasnovads.lv\/burtniekuskola\/","logo":{"@type":"ImageObject","inLanguage":"lv-LV","@id":"https:\/\/izglitiba.valmierasnovads.lv\/burtniekuskola\/#\/schema\/logo\/image\/","url":"https:\/\/izglitiba.valmierasnovads.lv\/burtniekuskola\/wp-content\/uploads\/sites\/24\/2026\/03\/cropped-Komplekta-ar-pasu-logo-8-scaled-1.png","contentUrl":"https:\/\/izglitiba.valmierasnovads.lv\/burtniekuskola\/wp-content\/uploads\/sites\/24\/2026\/03\/cropped-Komplekta-ar-pasu-logo-8-scaled-1.png","width":2204,"height":405,"caption":"Burtnieku Ausek\u013ca pamatskola"},"image":{"@id":"https:\/\/izglitiba.valmierasnovads.lv\/burtniekuskola\/#\/schema\/logo\/image\/"},"sameAs":["https:\/\/www.facebook.com\/burtniekuskola?locale=lv_LV"]}]}},"_links":{"self":[{"href":"https:\/\/izglitiba.valmierasnovads.lv\/burtniekuskola\/wp-json\/wp\/v2\/pages\/7","targetHints":{"allow":["GET"]}}],"collection":[{"href":"https:\/\/izglitiba.valmierasnovads.lv\/burtniekuskola\/wp-json\/wp\/v2\/pages"}],"about":[{"href":"https:\/\/izglitiba.valmierasnovads.lv\/burtniekuskola\/wp-json\/wp\/v2\/types\/page"}],"author":[{"embeddable":true,"href":"https:\/\/izglitiba.valmierasnovads.lv\/burtniekuskola\/wp-json\/wp\/v2\/users\/1"}],"replies":[{"embeddable":true,"href":"https:\/\/izglitiba.valmierasnovads.lv\/burtniekuskola\/wp-json\/wp\/v2\/comments?post=7"}],"version-history":[{"count":8,"href":"https:\/\/izglitiba.valmierasnovads.lv\/burtniekuskola\/wp-json\/wp\/v2\/pages\/7\/revisions"}],"predecessor-version":[{"id":257,"href":"https:\/\/izglitiba.valmierasnovads.lv\/burtniekuskola\/wp-json\/wp\/v2\/pages\/7\/revisions\/257"}],"wp:attachment":[{"href":"https:\/\/izglitiba.valmierasnovads.lv\/burtniekuskola\/wp-json\/wp\/v2\/media?parent=7"}],"curies":[{"name":"wp","href":"https:\/\/api.w.org\/{rel}","templated":true}]}}