{"id":2,"date":"2025-04-08T09:43:44","date_gmt":"2025-04-08T06:43:44","guid":{"rendered":"https:\/\/izglitiba.valmierasnovads.lv\/karliena\/?page_id=2"},"modified":"2025-04-08T09:43:44","modified_gmt":"2025-04-08T06:43:44","slug":"paraug-lapa","status":"publish","type":"page","link":"https:\/\/izglitiba.valmierasnovads.lv\/karliena\/paraug-lapa\/","title":{"rendered":"Parauga lapa"},"content":{"rendered":"\n<p>\u0160\u012b ir piem\u0113ra lapa. T\u0101 at\u0161\u0137iras no emu\u0101ra zi\u0146as, jo paliks vien\u0101 viet\u0101 un tiks izvad\u012bta j\u016bsu vietnes navig\u0101cij\u0101 (vairum\u0101 t\u0113mu). Liel\u0101k\u0101 da\u013ca cilv\u0113ku s\u0101k ar &#8220;Par mums&#8221; lapas izveido\u0161anu, kura iepaz\u012bstina ar potenci\u0101lajiem vietnes apmekl\u0113t\u0101jiem. T\u0101 var\u0113tu satur\u0113t kaut ko l\u012bdz\u012bgu \u0161im:<\/p>\n\n\n\n<blockquote class=\"wp-block-quote is-layout-flow wp-block-quote-is-layout-flow\"><p>Sveiki! Dienas laik\u0101 esmu velo kurjers, nakt\u012b cen\u0161os k\u013c\u016bt par aktieri un \u0161\u012b ir mana vietne. Es dz\u012bvoju Losand\u017eelos\u0101, man ir lielisks suns v\u0101rd\u0101 D\u017eeks un man pat\u012bk dzert pina koladas. (Un iek\u013c\u016bt liet\u016b.)<\/p><\/blockquote>\n\n\n\n<p>&#8230; vai kas t\u0101ds:<\/p>\n\n\n\n<blockquote class=\"wp-block-quote is-layout-flow wp-block-quote-is-layout-flow\"><p>Uz\u0146\u0113mums XYZ Doohickey tika dibin\u0101ts 1917. gad\u0101, un kop\u0161 t\u0101 laika tas sabiedr\u012bbai nodro\u0161ina kvalitat\u012bvas, s\u012bkas ier\u012bces. XYZ, kas atrodas Gothemas pils\u0113t\u0101, nodarbina vair\u0101k nek\u0101 2000 cilv\u0113ku un nodarbojas ar da\u017e\u0101du satrieco\u0161u lietu izpild\u012b\u0161anu Gothemas sabiedr\u012bbai.<\/p><\/blockquote>\n\n\n\n<p>K\u0101 jaunam WordPress lietot\u0101jam, jums vajadz\u0113tu doties uz <a href=\"https:\/\/izglitiba.valmierasnovads.lv\/karliena\/wp-admin\/\">j\u016bsu administr\u0101cijas paneli<\/a>, lai dz\u0113stu \u0161o lapu un izveidotu jaunas lapas savam saturam. Izklaid\u0113jieties!<\/p>\n","protected":false},"excerpt":{"rendered":"<p>\u0160\u012b ir piem\u0113ra lapa. T\u0101 at\u0161\u0137iras no emu\u0101ra zi\u0146as, jo paliks vien\u0101 viet\u0101 un tiks izvad\u012bta j\u016bsu vietnes navig\u0101cij\u0101 (vairum\u0101 [&hellip;]<\/p>\n","protected":false},"author":1,"featured_media":0,"parent":0,"menu_order":0,"comment_status":"closed","ping_status":"open","template":"","meta":{"_acf_changed":false,"site-sidebar-layout":"default","site-content-layout":"","ast-site-content-layout":"default","site-content-style":"default","site-sidebar-style":"default","ast-global-header-display":"","ast-banner-title-visibility":"","ast-main-header-display":"","ast-hfb-above-header-display":"","ast-hfb-below-header-display":"","ast-hfb-mobile-header-display":"","site-post-title":"","ast-breadcrumbs-content":"","ast-featured-img":"","footer-sml-layout":"","ast-disable-related-posts":"","theme-transparent-header-meta":"","adv-header-id-meta":"","stick-header-meta":"","header-above-stick-meta":"","header-main-stick-meta":"","header-below-stick-meta":"","astra-migrate-meta-layouts":"default","ast-page-background-enabled":"default","ast-page-background-meta":{"desktop":{"background-color":"var(--ast-global-color-5)","background-image":"","background-repeat":"repeat","background-position":"center center","background-size":"auto","background-attachment":"scroll","background-type":"","background-media":"","overlay-type":"","overlay-color":"","overlay-opacity":"","overlay-gradient":""},"tablet":{"background-color":"","background-image":"","background-repeat":"repeat","background-position":"center center","background-size":"auto","background-attachment":"scroll","background-type":"","background-media":"","overlay-type":"","overlay-color":"","overlay-opacity":"","overlay-gradient":""},"mobile":{"background-color":"","background-image":"","background-repeat":"repeat","background-position":"center center","background-size":"auto","background-attachment":"scroll","background-type":"","background-media":"","overlay-type":"","overlay-color":"","overlay-opacity":"","overlay-gradient":""}},"ast-content-background-meta":{"desktop":{"background-color":"var(--ast-global-color-4)","background-image":"","background-repeat":"repeat","background-position":"center center","background-size":"auto","background-attachment":"scroll","background-type":"","background-media":"","overlay-type":"","overlay-color":"","overlay-opacity":"","overlay-gradient":""},"tablet":{"background-color":"var(--ast-global-color-4)","background-image":"","background-repeat":"repeat","background-position":"center center","background-size":"auto","background-attachment":"scroll","background-type":"","background-media":"","overlay-type":"","overlay-color":"","overlay-opacity":"","overlay-gradient":""},"mobile":{"background-color":"var(--ast-global-color-4)","background-image":"","background-repeat":"repeat","background-position":"center center","background-size":"auto","background-attachment":"scroll","background-type":"","background-media":"","overlay-type":"","overlay-color":"","overlay-opacity":"","overlay-gradient":""}},"footnotes":""},"class_list":["post-2","page","type-page","status-publish","hentry"],"acf":[],"yoast_head":"<!-- This site is optimized with the Yoast SEO plugin v27.0 - https:\/\/yoast.com\/product\/yoast-seo-wordpress\/ -->\n<title>Parauga lapa - Valmieras pirmsskolas izgl\u012bt\u012bbas iest\u0101de \u201cK\u0101rliena\u201d<\/title>\n<meta name=\"robots\" content=\"index, follow, max-snippet:-1, max-image-preview:large, max-video-preview:-1\" \/>\n<link rel=\"canonical\" href=\"https:\/\/izglitiba.valmierasnovads.lv\/karliena\/paraug-lapa\/\" \/>\n<meta property=\"og:locale\" content=\"lv_LV\" \/>\n<meta property=\"og:type\" content=\"article\" \/>\n<meta property=\"og:title\" content=\"Parauga lapa - Valmieras pirmsskolas izgl\u012bt\u012bbas iest\u0101de \u201cK\u0101rliena\u201d\" \/>\n<meta property=\"og:description\" content=\"\u0160\u012b ir piem\u0113ra lapa. T\u0101 at\u0161\u0137iras no emu\u0101ra zi\u0146as, jo paliks vien\u0101 viet\u0101 un tiks izvad\u012bta j\u016bsu vietnes navig\u0101cij\u0101 (vairum\u0101 [&hellip;]\" \/>\n<meta property=\"og:url\" content=\"https:\/\/izglitiba.valmierasnovads.lv\/karliena\/paraug-lapa\/\" \/>\n<meta property=\"og:site_name\" content=\"Valmieras pirmsskolas izgl\u012bt\u012bbas iest\u0101de \u201cK\u0101rliena\u201d\" \/>\n<meta name=\"twitter:card\" content=\"summary_large_image\" \/>\n<meta name=\"twitter:label1\" content=\"Est. reading time\" \/>\n\t<meta name=\"twitter:data1\" content=\"1 min\u016bte\" \/>\n<script type=\"application\/ld+json\" class=\"yoast-schema-graph\">{\"@context\":\"https:\/\/schema.org\",\"@graph\":[{\"@type\":\"WebPage\",\"@id\":\"https:\/\/izglitiba.valmierasnovads.lv\/karliena\/paraug-lapa\/\",\"url\":\"https:\/\/izglitiba.valmierasnovads.lv\/karliena\/paraug-lapa\/\",\"name\":\"Parauga lapa - Valmieras pirmsskolas izgl\u012bt\u012bbas iest\u0101de \u201cK\u0101rliena\u201d\",\"isPartOf\":{\"@id\":\"https:\/\/izglitiba.valmierasnovads.lv\/karliena\/#website\"},\"datePublished\":\"2025-04-08T06:43:44+00:00\",\"breadcrumb\":{\"@id\":\"https:\/\/izglitiba.valmierasnovads.lv\/karliena\/paraug-lapa\/#breadcrumb\"},\"inLanguage\":\"lv-LV\",\"potentialAction\":[{\"@type\":\"ReadAction\",\"target\":[\"https:\/\/izglitiba.valmierasnovads.lv\/karliena\/paraug-lapa\/\"]}]},{\"@type\":\"BreadcrumbList\",\"@id\":\"https:\/\/izglitiba.valmierasnovads.lv\/karliena\/paraug-lapa\/#breadcrumb\",\"itemListElement\":[{\"@type\":\"ListItem\",\"position\":1,\"name\":\"Home\",\"item\":\"https:\/\/izglitiba.valmierasnovads.lv\/karliena\/\"},{\"@type\":\"ListItem\",\"position\":2,\"name\":\"Parauga lapa\"}]},{\"@type\":\"WebSite\",\"@id\":\"https:\/\/izglitiba.valmierasnovads.lv\/karliena\/#website\",\"url\":\"https:\/\/izglitiba.valmierasnovads.lv\/karliena\/\",\"name\":\"Valmieras pirmsskolas izgl\u012bt\u012bbas iest\u0101de \u201cK\u0101rliena\u201d\",\"description\":\"\",\"publisher\":{\"@id\":\"https:\/\/izglitiba.valmierasnovads.lv\/karliena\/#organization\"},\"potentialAction\":[{\"@type\":\"SearchAction\",\"target\":{\"@type\":\"EntryPoint\",\"urlTemplate\":\"https:\/\/izglitiba.valmierasnovads.lv\/karliena\/?s={search_term_string}\"},\"query-input\":{\"@type\":\"PropertyValueSpecification\",\"valueRequired\":true,\"valueName\":\"search_term_string\"}}],\"inLanguage\":\"lv-LV\"},{\"@type\":\"Organization\",\"@id\":\"https:\/\/izglitiba.valmierasnovads.lv\/karliena\/#organization\",\"name\":\"Valmieras pirmsskolas izgl\u012bt\u012bbas iest\u0101de \u201cK\u0101rliena\u201d\",\"url\":\"https:\/\/izglitiba.valmierasnovads.lv\/karliena\/\",\"logo\":{\"@type\":\"ImageObject\",\"inLanguage\":\"lv-LV\",\"@id\":\"https:\/\/izglitiba.valmierasnovads.lv\/karliena\/#\/schema\/logo\/image\/\",\"url\":\"https:\/\/izglitiba.valmierasnovads.lv\/karliena\/wp-content\/uploads\/sites\/8\/2025\/04\/cropped-karliena_logo-removebg-preview-1.png\",\"contentUrl\":\"https:\/\/izglitiba.valmierasnovads.lv\/karliena\/wp-content\/uploads\/sites\/8\/2025\/04\/cropped-karliena_logo-removebg-preview-1.png\",\"width\":680,\"height\":339,\"caption\":\"Valmieras pirmsskolas izgl\u012bt\u012bbas iest\u0101de \u201cK\u0101rliena\u201d\"},\"image\":{\"@id\":\"https:\/\/izglitiba.valmierasnovads.lv\/karliena\/#\/schema\/logo\/image\/\"}}]}<\/script>\n<!-- \/ Yoast SEO plugin. -->","yoast_head_json":{"title":"Parauga lapa - Valmieras pirmsskolas izgl\u012bt\u012bbas iest\u0101de \u201cK\u0101rliena\u201d","robots":{"index":"index","follow":"follow","max-snippet":"max-snippet:-1","max-image-preview":"max-image-preview:large","max-video-preview":"max-video-preview:-1"},"canonical":"https:\/\/izglitiba.valmierasnovads.lv\/karliena\/paraug-lapa\/","og_locale":"lv_LV","og_type":"article","og_title":"Parauga lapa - Valmieras pirmsskolas izgl\u012bt\u012bbas iest\u0101de \u201cK\u0101rliena\u201d","og_description":"\u0160\u012b ir piem\u0113ra lapa. T\u0101 at\u0161\u0137iras no emu\u0101ra zi\u0146as, jo paliks vien\u0101 viet\u0101 un tiks izvad\u012bta j\u016bsu vietnes navig\u0101cij\u0101 (vairum\u0101 [&hellip;]","og_url":"https:\/\/izglitiba.valmierasnovads.lv\/karliena\/paraug-lapa\/","og_site_name":"Valmieras pirmsskolas izgl\u012bt\u012bbas iest\u0101de \u201cK\u0101rliena\u201d","twitter_card":"summary_large_image","twitter_misc":{"Est. reading time":"1 min\u016bte"},"schema":{"@context":"https:\/\/schema.org","@graph":[{"@type":"WebPage","@id":"https:\/\/izglitiba.valmierasnovads.lv\/karliena\/paraug-lapa\/","url":"https:\/\/izglitiba.valmierasnovads.lv\/karliena\/paraug-lapa\/","name":"Parauga lapa - Valmieras pirmsskolas izgl\u012bt\u012bbas iest\u0101de \u201cK\u0101rliena\u201d","isPartOf":{"@id":"https:\/\/izglitiba.valmierasnovads.lv\/karliena\/#website"},"datePublished":"2025-04-08T06:43:44+00:00","breadcrumb":{"@id":"https:\/\/izglitiba.valmierasnovads.lv\/karliena\/paraug-lapa\/#breadcrumb"},"inLanguage":"lv-LV","potentialAction":[{"@type":"ReadAction","target":["https:\/\/izglitiba.valmierasnovads.lv\/karliena\/paraug-lapa\/"]}]},{"@type":"BreadcrumbList","@id":"https:\/\/izglitiba.valmierasnovads.lv\/karliena\/paraug-lapa\/#breadcrumb","itemListElement":[{"@type":"ListItem","position":1,"name":"Home","item":"https:\/\/izglitiba.valmierasnovads.lv\/karliena\/"},{"@type":"ListItem","position":2,"name":"Parauga lapa"}]},{"@type":"WebSite","@id":"https:\/\/izglitiba.valmierasnovads.lv\/karliena\/#website","url":"https:\/\/izglitiba.valmierasnovads.lv\/karliena\/","name":"Valmieras pirmsskolas izgl\u012bt\u012bbas iest\u0101de \u201cK\u0101rliena\u201d","description":"","publisher":{"@id":"https:\/\/izglitiba.valmierasnovads.lv\/karliena\/#organization"},"potentialAction":[{"@type":"SearchAction","target":{"@type":"EntryPoint","urlTemplate":"https:\/\/izglitiba.valmierasnovads.lv\/karliena\/?s={search_term_string}"},"query-input":{"@type":"PropertyValueSpecification","valueRequired":true,"valueName":"search_term_string"}}],"inLanguage":"lv-LV"},{"@type":"Organization","@id":"https:\/\/izglitiba.valmierasnovads.lv\/karliena\/#organization","name":"Valmieras pirmsskolas izgl\u012bt\u012bbas iest\u0101de \u201cK\u0101rliena\u201d","url":"https:\/\/izglitiba.valmierasnovads.lv\/karliena\/","logo":{"@type":"ImageObject","inLanguage":"lv-LV","@id":"https:\/\/izglitiba.valmierasnovads.lv\/karliena\/#\/schema\/logo\/image\/","url":"https:\/\/izglitiba.valmierasnovads.lv\/karliena\/wp-content\/uploads\/sites\/8\/2025\/04\/cropped-karliena_logo-removebg-preview-1.png","contentUrl":"https:\/\/izglitiba.valmierasnovads.lv\/karliena\/wp-content\/uploads\/sites\/8\/2025\/04\/cropped-karliena_logo-removebg-preview-1.png","width":680,"height":339,"caption":"Valmieras pirmsskolas izgl\u012bt\u012bbas iest\u0101de \u201cK\u0101rliena\u201d"},"image":{"@id":"https:\/\/izglitiba.valmierasnovads.lv\/karliena\/#\/schema\/logo\/image\/"}}]}},"_links":{"self":[{"href":"https:\/\/izglitiba.valmierasnovads.lv\/karliena\/wp-json\/wp\/v2\/pages\/2","targetHints":{"allow":["GET"]}}],"collection":[{"href":"https:\/\/izglitiba.valmierasnovads.lv\/karliena\/wp-json\/wp\/v2\/pages"}],"about":[{"href":"https:\/\/izglitiba.valmierasnovads.lv\/karliena\/wp-json\/wp\/v2\/types\/page"}],"author":[{"embeddable":true,"href":"https:\/\/izglitiba.valmierasnovads.lv\/karliena\/wp-json\/wp\/v2\/users\/1"}],"replies":[{"embeddable":true,"href":"https:\/\/izglitiba.valmierasnovads.lv\/karliena\/wp-json\/wp\/v2\/comments?post=2"}],"version-history":[{"count":0,"href":"https:\/\/izglitiba.valmierasnovads.lv\/karliena\/wp-json\/wp\/v2\/pages\/2\/revisions"}],"wp:attachment":[{"href":"https:\/\/izglitiba.valmierasnovads.lv\/karliena\/wp-json\/wp\/v2\/media?parent=2"}],"curies":[{"name":"wp","href":"https:\/\/api.w.org\/{rel}","templated":true}]}}