{"id":888,"date":"2025-11-26T19:55:42","date_gmt":"2025-11-26T17:55:42","guid":{"rendered":"https:\/\/izglitiba.valmierasnovads.lv\/karliena\/?page_id=888"},"modified":"2026-01-20T19:42:08","modified_gmt":"2026-01-20T17:42:08","slug":"cukmena-detektivi-latvijas-valsts-mezi","status":"publish","type":"page","link":"https:\/\/izglitiba.valmierasnovads.lv\/karliena\/cukmena-detektivi-latvijas-valsts-mezi\/","title":{"rendered":"C\u016bkmena detekt\u012bvi (Latvijas valsts me\u017ei)"},"content":{"rendered":"\n<p class=\"has-medium-font-size\">Projekta ietvaros kop\u0101 ar b\u0113rniem tiek \u012bstenotas daudzveid\u012bgas, izzino\u0161as un praktiskas aktivit\u0101tes, kas veicina izpratni par dabas aizsardz\u012bbu un atbild\u012bgu r\u012bc\u012bbu vid\u0113. B\u0113rni p\u0101rrun\u0101, kam j\u0101atrodas me\u017e\u0101 un kam &#8211; atkritumu tvertn\u0113, k\u0101 ar\u012b dal\u0101s pieredz\u0113 par atkritumiem, kas redz\u0113ti me\u017e\u0101. <\/p>\n\n\n\n<p class=\"has-medium-font-size\">Izgl\u012btojo\u0161aj\u0101s aktivit\u0101t\u0113s b\u0113rni iepaz\u012bst C\u016bkmena t\u0113lu, skatoties video\u00a0\u201eC\u016bkmena le\u0123enda\u201d\u00a0uz interakt\u012bv\u0101s t\u0101feles, un klaus\u0101s\u00a0\u201ePasaku par v\u0101ver\u0113nu Lull\u012bti un melnajiem maisiem\u201d, kas pal\u012bdz izprast atkritumu ietekmi uz me\u017ea vidi. Rado\u0161aj\u0101s nodarb\u012bb\u0101s b\u0113rni veido me\u017ea dz\u012bvniekus no otrreiz\u0113jiem materi\u0101liem, att\u012bstot rado\u0161umu un izpratni par resursu atk\u0101rtotu izmanto\u0161anu. Projekta laik\u0101 tiek veikti ar\u012b praktiski eksperimenti ar pap\u012bra un plastmasas priek\u0161metiem, organiz\u0113tas pastaigas dab\u0101 ar uzdevumiem no\u00a0\u201eslepen\u0101 me\u017ea maisa\u201d, k\u0101 ar\u012b mekl\u0113ti apk\u0101rtn\u0113 atst\u0101ti priek\u0161meti &#8211; gan dabas, gan cilv\u0113ku rad\u012bti. Grup\u0101 kop\u0101 ar b\u0113rniem tiek izveidota sp\u0113le ar uzdevumiem, kas tiek izpild\u012bti, izmantojot\u00a0robotu &#8221;BITE&#8221;, k\u0101 ar\u012b sp\u0113l\u0113ta galda sp\u0113le\u00a0\u201eMe\u017ea detekt\u012bvi\u201d.<\/p>\n\n\n\n<figure class=\"wp-block-gallery has-nested-images columns-default is-cropped wp-block-gallery-1 is-layout-flex wp-block-gallery-is-layout-flex\">\n<figure class=\"wp-block-image size-large\"><img loading=\"lazy\" decoding=\"async\" width=\"1024\" height=\"1024\" data-id=\"1101\" src=\"https:\/\/izglitiba.valmierasnovads.lv\/karliena\/wp-content\/uploads\/sites\/8\/2026\/01\/1-1-1024x1024.jpg\" alt=\"\" class=\"wp-image-1101\" srcset=\"https:\/\/izglitiba.valmierasnovads.lv\/karliena\/wp-content\/uploads\/sites\/8\/2026\/01\/1-1-1024x1024.jpg 1024w, https:\/\/izglitiba.valmierasnovads.lv\/karliena\/wp-content\/uploads\/sites\/8\/2026\/01\/1-1-300x300.jpg 300w, https:\/\/izglitiba.valmierasnovads.lv\/karliena\/wp-content\/uploads\/sites\/8\/2026\/01\/1-1-150x150.jpg 150w, https:\/\/izglitiba.valmierasnovads.lv\/karliena\/wp-content\/uploads\/sites\/8\/2026\/01\/1-1-768x768.jpg 768w, https:\/\/izglitiba.valmierasnovads.lv\/karliena\/wp-content\/uploads\/sites\/8\/2026\/01\/1-1.jpg 1500w\" sizes=\"auto, (max-width: 1024px) 100vw, 1024px\" \/><\/figure>\n\n\n\n<figure class=\"wp-block-image size-large\"><img loading=\"lazy\" decoding=\"async\" width=\"1024\" height=\"1024\" data-id=\"1102\" src=\"https:\/\/izglitiba.valmierasnovads.lv\/karliena\/wp-content\/uploads\/sites\/8\/2026\/01\/3-1-1024x1024.jpg\" alt=\"\" class=\"wp-image-1102\" srcset=\"https:\/\/izglitiba.valmierasnovads.lv\/karliena\/wp-content\/uploads\/sites\/8\/2026\/01\/3-1-1024x1024.jpg 1024w, https:\/\/izglitiba.valmierasnovads.lv\/karliena\/wp-content\/uploads\/sites\/8\/2026\/01\/3-1-300x300.jpg 300w, https:\/\/izglitiba.valmierasnovads.lv\/karliena\/wp-content\/uploads\/sites\/8\/2026\/01\/3-1-150x150.jpg 150w, https:\/\/izglitiba.valmierasnovads.lv\/karliena\/wp-content\/uploads\/sites\/8\/2026\/01\/3-1-768x768.jpg 768w, https:\/\/izglitiba.valmierasnovads.lv\/karliena\/wp-content\/uploads\/sites\/8\/2026\/01\/3-1.jpg 1500w\" sizes=\"auto, (max-width: 1024px) 100vw, 1024px\" \/><\/figure>\n<\/figure>\n","protected":false},"excerpt":{"rendered":"<p>Projekta ietvaros kop\u0101 ar b\u0113rniem tiek \u012bstenotas daudzveid\u012bgas, izzino\u0161as un praktiskas aktivit\u0101tes, kas veicina izpratni par dabas aizsardz\u012bbu un atbild\u012bgu [&hellip;]<\/p>\n","protected":false},"author":13,"featured_media":0,"parent":0,"menu_order":0,"comment_status":"closed","ping_status":"closed","template":"","meta":{"_acf_changed":false,"site-sidebar-layout":"default","site-content-layout":"","ast-site-content-layout":"default","site-content-style":"default","site-sidebar-style":"default","ast-global-header-display":"","ast-banner-title-visibility":"","ast-main-header-display":"","ast-hfb-above-header-display":"","ast-hfb-below-header-display":"","ast-hfb-mobile-header-display":"","site-post-title":"","ast-breadcrumbs-content":"","ast-featured-img":"","footer-sml-layout":"","ast-disable-related-posts":"","theme-transparent-header-meta":"","adv-header-id-meta":"","stick-header-meta":"","header-above-stick-meta":"","header-main-stick-meta":"","header-below-stick-meta":"","astra-migrate-meta-layouts":"default","ast-page-background-enabled":"default","ast-page-background-meta":{"desktop":{"background-color":"var(--ast-global-color-5)","background-image":"","background-repeat":"repeat","background-position":"center center","background-size":"auto","background-attachment":"scroll","background-type":"","background-media":"","overlay-type":"","overlay-color":"","overlay-opacity":"","overlay-gradient":""},"tablet":{"background-color":"","background-image":"","background-repeat":"repeat","background-position":"center center","background-size":"auto","background-attachment":"scroll","background-type":"","background-media":"","overlay-type":"","overlay-color":"","overlay-opacity":"","overlay-gradient":""},"mobile":{"background-color":"","background-image":"","background-repeat":"repeat","background-position":"center center","background-size":"auto","background-attachment":"scroll","background-type":"","background-media":"","overlay-type":"","overlay-color":"","overlay-opacity":"","overlay-gradient":""}},"ast-content-background-meta":{"desktop":{"background-color":"var(--ast-global-color-4)","background-image":"","background-repeat":"repeat","background-position":"center center","background-size":"auto","background-attachment":"scroll","background-type":"","background-media":"","overlay-type":"","overlay-color":"","overlay-opacity":"","overlay-gradient":""},"tablet":{"background-color":"var(--ast-global-color-4)","background-image":"","background-repeat":"repeat","background-position":"center center","background-size":"auto","background-attachment":"scroll","background-type":"","background-media":"","overlay-type":"","overlay-color":"","overlay-opacity":"","overlay-gradient":""},"mobile":{"background-color":"var(--ast-global-color-4)","background-image":"","background-repeat":"repeat","background-position":"center center","background-size":"auto","background-attachment":"scroll","background-type":"","background-media":"","overlay-type":"","overlay-color":"","overlay-opacity":"","overlay-gradient":""}},"footnotes":""},"class_list":["post-888","page","type-page","status-publish","hentry"],"acf":[],"yoast_head":"<!-- This site is optimized with the Yoast SEO plugin v27.0 - https:\/\/yoast.com\/product\/yoast-seo-wordpress\/ -->\n<title>C\u016bkmena detekt\u012bvi (Latvijas valsts me\u017ei) - Valmieras pirmsskolas izgl\u012bt\u012bbas iest\u0101de \u201cK\u0101rliena\u201d<\/title>\n<meta name=\"robots\" content=\"index, follow, max-snippet:-1, max-image-preview:large, max-video-preview:-1\" \/>\n<link rel=\"canonical\" href=\"https:\/\/izglitiba.valmierasnovads.lv\/karliena\/cukmena-detektivi-latvijas-valsts-mezi\/\" \/>\n<meta property=\"og:locale\" content=\"lv_LV\" \/>\n<meta property=\"og:type\" content=\"article\" \/>\n<meta property=\"og:title\" content=\"C\u016bkmena detekt\u012bvi (Latvijas valsts me\u017ei) - Valmieras pirmsskolas izgl\u012bt\u012bbas iest\u0101de \u201cK\u0101rliena\u201d\" \/>\n<meta property=\"og:description\" content=\"Projekta ietvaros kop\u0101 ar b\u0113rniem tiek \u012bstenotas daudzveid\u012bgas, izzino\u0161as un praktiskas aktivit\u0101tes, kas veicina izpratni par dabas aizsardz\u012bbu un atbild\u012bgu [&hellip;]\" \/>\n<meta property=\"og:url\" content=\"https:\/\/izglitiba.valmierasnovads.lv\/karliena\/cukmena-detektivi-latvijas-valsts-mezi\/\" \/>\n<meta property=\"og:site_name\" content=\"Valmieras pirmsskolas izgl\u012bt\u012bbas iest\u0101de \u201cK\u0101rliena\u201d\" \/>\n<meta property=\"article:modified_time\" content=\"2026-01-20T17:42:08+00:00\" \/>\n<meta property=\"og:image\" content=\"https:\/\/izglitiba.valmierasnovads.lv\/karliena\/wp-content\/uploads\/sites\/8\/2026\/01\/1-1.jpg\" \/>\n\t<meta property=\"og:image:width\" content=\"1500\" \/>\n\t<meta property=\"og:image:height\" content=\"1500\" \/>\n\t<meta property=\"og:image:type\" content=\"image\/jpeg\" \/>\n<meta name=\"twitter:card\" content=\"summary_large_image\" \/>\n<meta name=\"twitter:label1\" content=\"Est. reading time\" \/>\n\t<meta name=\"twitter:data1\" content=\"2 min\u016btes\" \/>\n<script type=\"application\/ld+json\" class=\"yoast-schema-graph\">{\"@context\":\"https:\/\/schema.org\",\"@graph\":[{\"@type\":\"WebPage\",\"@id\":\"https:\/\/izglitiba.valmierasnovads.lv\/karliena\/cukmena-detektivi-latvijas-valsts-mezi\/\",\"url\":\"https:\/\/izglitiba.valmierasnovads.lv\/karliena\/cukmena-detektivi-latvijas-valsts-mezi\/\",\"name\":\"C\u016bkmena detekt\u012bvi (Latvijas valsts me\u017ei) - Valmieras pirmsskolas izgl\u012bt\u012bbas iest\u0101de \u201cK\u0101rliena\u201d\",\"isPartOf\":{\"@id\":\"https:\/\/izglitiba.valmierasnovads.lv\/karliena\/#website\"},\"primaryImageOfPage\":{\"@id\":\"https:\/\/izglitiba.valmierasnovads.lv\/karliena\/cukmena-detektivi-latvijas-valsts-mezi\/#primaryimage\"},\"image\":{\"@id\":\"https:\/\/izglitiba.valmierasnovads.lv\/karliena\/cukmena-detektivi-latvijas-valsts-mezi\/#primaryimage\"},\"thumbnailUrl\":\"https:\/\/izglitiba.valmierasnovads.lv\/karliena\/wp-content\/uploads\/sites\/8\/2026\/01\/1-1-1024x1024.jpg\",\"datePublished\":\"2025-11-26T17:55:42+00:00\",\"dateModified\":\"2026-01-20T17:42:08+00:00\",\"breadcrumb\":{\"@id\":\"https:\/\/izglitiba.valmierasnovads.lv\/karliena\/cukmena-detektivi-latvijas-valsts-mezi\/#breadcrumb\"},\"inLanguage\":\"lv-LV\",\"potentialAction\":[{\"@type\":\"ReadAction\",\"target\":[\"https:\/\/izglitiba.valmierasnovads.lv\/karliena\/cukmena-detektivi-latvijas-valsts-mezi\/\"]}]},{\"@type\":\"ImageObject\",\"inLanguage\":\"lv-LV\",\"@id\":\"https:\/\/izglitiba.valmierasnovads.lv\/karliena\/cukmena-detektivi-latvijas-valsts-mezi\/#primaryimage\",\"url\":\"https:\/\/izglitiba.valmierasnovads.lv\/karliena\/wp-content\/uploads\/sites\/8\/2026\/01\/1-1.jpg\",\"contentUrl\":\"https:\/\/izglitiba.valmierasnovads.lv\/karliena\/wp-content\/uploads\/sites\/8\/2026\/01\/1-1.jpg\",\"width\":1500,\"height\":1500},{\"@type\":\"BreadcrumbList\",\"@id\":\"https:\/\/izglitiba.valmierasnovads.lv\/karliena\/cukmena-detektivi-latvijas-valsts-mezi\/#breadcrumb\",\"itemListElement\":[{\"@type\":\"ListItem\",\"position\":1,\"name\":\"Home\",\"item\":\"https:\/\/izglitiba.valmierasnovads.lv\/karliena\/\"},{\"@type\":\"ListItem\",\"position\":2,\"name\":\"C\u016bkmena detekt\u012bvi (Latvijas valsts me\u017ei)\"}]},{\"@type\":\"WebSite\",\"@id\":\"https:\/\/izglitiba.valmierasnovads.lv\/karliena\/#website\",\"url\":\"https:\/\/izglitiba.valmierasnovads.lv\/karliena\/\",\"name\":\"Valmieras pirmsskolas izgl\u012bt\u012bbas iest\u0101de \u201cK\u0101rliena\u201d\",\"description\":\"\",\"publisher\":{\"@id\":\"https:\/\/izglitiba.valmierasnovads.lv\/karliena\/#organization\"},\"potentialAction\":[{\"@type\":\"SearchAction\",\"target\":{\"@type\":\"EntryPoint\",\"urlTemplate\":\"https:\/\/izglitiba.valmierasnovads.lv\/karliena\/?s={search_term_string}\"},\"query-input\":{\"@type\":\"PropertyValueSpecification\",\"valueRequired\":true,\"valueName\":\"search_term_string\"}}],\"inLanguage\":\"lv-LV\"},{\"@type\":\"Organization\",\"@id\":\"https:\/\/izglitiba.valmierasnovads.lv\/karliena\/#organization\",\"name\":\"Valmieras pirmsskolas izgl\u012bt\u012bbas iest\u0101de \u201cK\u0101rliena\u201d\",\"url\":\"https:\/\/izglitiba.valmierasnovads.lv\/karliena\/\",\"logo\":{\"@type\":\"ImageObject\",\"inLanguage\":\"lv-LV\",\"@id\":\"https:\/\/izglitiba.valmierasnovads.lv\/karliena\/#\/schema\/logo\/image\/\",\"url\":\"https:\/\/izglitiba.valmierasnovads.lv\/karliena\/wp-content\/uploads\/sites\/8\/2025\/04\/cropped-karliena_logo-removebg-preview-1.png\",\"contentUrl\":\"https:\/\/izglitiba.valmierasnovads.lv\/karliena\/wp-content\/uploads\/sites\/8\/2025\/04\/cropped-karliena_logo-removebg-preview-1.png\",\"width\":680,\"height\":339,\"caption\":\"Valmieras pirmsskolas izgl\u012bt\u012bbas iest\u0101de \u201cK\u0101rliena\u201d\"},\"image\":{\"@id\":\"https:\/\/izglitiba.valmierasnovads.lv\/karliena\/#\/schema\/logo\/image\/\"}}]}<\/script>\n<!-- \/ Yoast SEO plugin. -->","yoast_head_json":{"title":"C\u016bkmena detekt\u012bvi (Latvijas valsts me\u017ei) - Valmieras pirmsskolas izgl\u012bt\u012bbas iest\u0101de \u201cK\u0101rliena\u201d","robots":{"index":"index","follow":"follow","max-snippet":"max-snippet:-1","max-image-preview":"max-image-preview:large","max-video-preview":"max-video-preview:-1"},"canonical":"https:\/\/izglitiba.valmierasnovads.lv\/karliena\/cukmena-detektivi-latvijas-valsts-mezi\/","og_locale":"lv_LV","og_type":"article","og_title":"C\u016bkmena detekt\u012bvi (Latvijas valsts me\u017ei) - Valmieras pirmsskolas izgl\u012bt\u012bbas iest\u0101de \u201cK\u0101rliena\u201d","og_description":"Projekta ietvaros kop\u0101 ar b\u0113rniem tiek \u012bstenotas daudzveid\u012bgas, izzino\u0161as un praktiskas aktivit\u0101tes, kas veicina izpratni par dabas aizsardz\u012bbu un atbild\u012bgu [&hellip;]","og_url":"https:\/\/izglitiba.valmierasnovads.lv\/karliena\/cukmena-detektivi-latvijas-valsts-mezi\/","og_site_name":"Valmieras pirmsskolas izgl\u012bt\u012bbas iest\u0101de \u201cK\u0101rliena\u201d","article_modified_time":"2026-01-20T17:42:08+00:00","og_image":[{"width":1500,"height":1500,"url":"https:\/\/izglitiba.valmierasnovads.lv\/karliena\/wp-content\/uploads\/sites\/8\/2026\/01\/1-1.jpg","type":"image\/jpeg"}],"twitter_card":"summary_large_image","twitter_misc":{"Est. reading time":"2 min\u016btes"},"schema":{"@context":"https:\/\/schema.org","@graph":[{"@type":"WebPage","@id":"https:\/\/izglitiba.valmierasnovads.lv\/karliena\/cukmena-detektivi-latvijas-valsts-mezi\/","url":"https:\/\/izglitiba.valmierasnovads.lv\/karliena\/cukmena-detektivi-latvijas-valsts-mezi\/","name":"C\u016bkmena detekt\u012bvi (Latvijas valsts me\u017ei) - Valmieras pirmsskolas izgl\u012bt\u012bbas iest\u0101de \u201cK\u0101rliena\u201d","isPartOf":{"@id":"https:\/\/izglitiba.valmierasnovads.lv\/karliena\/#website"},"primaryImageOfPage":{"@id":"https:\/\/izglitiba.valmierasnovads.lv\/karliena\/cukmena-detektivi-latvijas-valsts-mezi\/#primaryimage"},"image":{"@id":"https:\/\/izglitiba.valmierasnovads.lv\/karliena\/cukmena-detektivi-latvijas-valsts-mezi\/#primaryimage"},"thumbnailUrl":"https:\/\/izglitiba.valmierasnovads.lv\/karliena\/wp-content\/uploads\/sites\/8\/2026\/01\/1-1-1024x1024.jpg","datePublished":"2025-11-26T17:55:42+00:00","dateModified":"2026-01-20T17:42:08+00:00","breadcrumb":{"@id":"https:\/\/izglitiba.valmierasnovads.lv\/karliena\/cukmena-detektivi-latvijas-valsts-mezi\/#breadcrumb"},"inLanguage":"lv-LV","potentialAction":[{"@type":"ReadAction","target":["https:\/\/izglitiba.valmierasnovads.lv\/karliena\/cukmena-detektivi-latvijas-valsts-mezi\/"]}]},{"@type":"ImageObject","inLanguage":"lv-LV","@id":"https:\/\/izglitiba.valmierasnovads.lv\/karliena\/cukmena-detektivi-latvijas-valsts-mezi\/#primaryimage","url":"https:\/\/izglitiba.valmierasnovads.lv\/karliena\/wp-content\/uploads\/sites\/8\/2026\/01\/1-1.jpg","contentUrl":"https:\/\/izglitiba.valmierasnovads.lv\/karliena\/wp-content\/uploads\/sites\/8\/2026\/01\/1-1.jpg","width":1500,"height":1500},{"@type":"BreadcrumbList","@id":"https:\/\/izglitiba.valmierasnovads.lv\/karliena\/cukmena-detektivi-latvijas-valsts-mezi\/#breadcrumb","itemListElement":[{"@type":"ListItem","position":1,"name":"Home","item":"https:\/\/izglitiba.valmierasnovads.lv\/karliena\/"},{"@type":"ListItem","position":2,"name":"C\u016bkmena detekt\u012bvi (Latvijas valsts me\u017ei)"}]},{"@type":"WebSite","@id":"https:\/\/izglitiba.valmierasnovads.lv\/karliena\/#website","url":"https:\/\/izglitiba.valmierasnovads.lv\/karliena\/","name":"Valmieras pirmsskolas izgl\u012bt\u012bbas iest\u0101de \u201cK\u0101rliena\u201d","description":"","publisher":{"@id":"https:\/\/izglitiba.valmierasnovads.lv\/karliena\/#organization"},"potentialAction":[{"@type":"SearchAction","target":{"@type":"EntryPoint","urlTemplate":"https:\/\/izglitiba.valmierasnovads.lv\/karliena\/?s={search_term_string}"},"query-input":{"@type":"PropertyValueSpecification","valueRequired":true,"valueName":"search_term_string"}}],"inLanguage":"lv-LV"},{"@type":"Organization","@id":"https:\/\/izglitiba.valmierasnovads.lv\/karliena\/#organization","name":"Valmieras pirmsskolas izgl\u012bt\u012bbas iest\u0101de \u201cK\u0101rliena\u201d","url":"https:\/\/izglitiba.valmierasnovads.lv\/karliena\/","logo":{"@type":"ImageObject","inLanguage":"lv-LV","@id":"https:\/\/izglitiba.valmierasnovads.lv\/karliena\/#\/schema\/logo\/image\/","url":"https:\/\/izglitiba.valmierasnovads.lv\/karliena\/wp-content\/uploads\/sites\/8\/2025\/04\/cropped-karliena_logo-removebg-preview-1.png","contentUrl":"https:\/\/izglitiba.valmierasnovads.lv\/karliena\/wp-content\/uploads\/sites\/8\/2025\/04\/cropped-karliena_logo-removebg-preview-1.png","width":680,"height":339,"caption":"Valmieras pirmsskolas izgl\u012bt\u012bbas iest\u0101de \u201cK\u0101rliena\u201d"},"image":{"@id":"https:\/\/izglitiba.valmierasnovads.lv\/karliena\/#\/schema\/logo\/image\/"}}]}},"_links":{"self":[{"href":"https:\/\/izglitiba.valmierasnovads.lv\/karliena\/wp-json\/wp\/v2\/pages\/888","targetHints":{"allow":["GET"]}}],"collection":[{"href":"https:\/\/izglitiba.valmierasnovads.lv\/karliena\/wp-json\/wp\/v2\/pages"}],"about":[{"href":"https:\/\/izglitiba.valmierasnovads.lv\/karliena\/wp-json\/wp\/v2\/types\/page"}],"author":[{"embeddable":true,"href":"https:\/\/izglitiba.valmierasnovads.lv\/karliena\/wp-json\/wp\/v2\/users\/13"}],"replies":[{"embeddable":true,"href":"https:\/\/izglitiba.valmierasnovads.lv\/karliena\/wp-json\/wp\/v2\/comments?post=888"}],"version-history":[{"count":6,"href":"https:\/\/izglitiba.valmierasnovads.lv\/karliena\/wp-json\/wp\/v2\/pages\/888\/revisions"}],"predecessor-version":[{"id":1116,"href":"https:\/\/izglitiba.valmierasnovads.lv\/karliena\/wp-json\/wp\/v2\/pages\/888\/revisions\/1116"}],"wp:attachment":[{"href":"https:\/\/izglitiba.valmierasnovads.lv\/karliena\/wp-json\/wp\/v2\/media?parent=888"}],"curies":[{"name":"wp","href":"https:\/\/api.w.org\/{rel}","templated":true}]}}