{"id":101,"date":"2026-02-13T12:38:42","date_gmt":"2026-02-13T10:38:42","guid":{"rendered":"https:\/\/izglitiba.valmierasnovads.lv\/kaugurupamatskola\/?page_id=101"},"modified":"2026-04-21T14:14:28","modified_gmt":"2026-04-21T11:14:28","slug":"atbalsta-personals","status":"publish","type":"page","link":"https:\/\/izglitiba.valmierasnovads.lv\/kaugurupamatskola\/atbalsta-personals\/","title":{"rendered":"Atbalsta person\u0101ls"},"content":{"rendered":"\n<figure class=\"wp-block-table\"><table class=\"has-fixed-layout\"><tbody><tr><td>Soci\u0101lais pedagogs<\/td><td>Linda Sakti\u0146a-Pl\u016bme<\/td><td>linda.saktina-plume@valmiera.edu.lv<\/td><\/tr><tr><td>Speci\u0101lais pedagogs<\/td><td>L\u012bga Gr\u0101p\u0113na<\/td><td>liga.grapena@valmiera.edu.lv<\/td><\/tr><tr><td>Logop\u0113ds<\/td><td>Indra Juste<\/td><td>indra.juste@valmiera.edu.lv<\/td><\/tr><\/tbody><\/table><\/figure>\n\n\n\n<p><\/p>\n","protected":false},"excerpt":{"rendered":"<p>Soci\u0101lais pedagogs Linda Sakti\u0146a-Pl\u016bme linda.saktina-plume@valmiera.edu.lv Speci\u0101lais pedagogs L\u012bga Gr\u0101p\u0113na liga.grapena@valmiera.edu.lv Logop\u0113ds Indra Juste indra.juste@valmiera.edu.lv<\/p>\n","protected":false},"author":1,"featured_media":0,"parent":0,"menu_order":0,"comment_status":"closed","ping_status":"closed","template":"","meta":{"_acf_changed":false,"site-sidebar-layout":"default","site-content-layout":"","ast-site-content-layout":"default","site-content-style":"default","site-sidebar-style":"default","ast-global-header-display":"","ast-banner-title-visibility":"","ast-main-header-display":"","ast-hfb-above-header-display":"","ast-hfb-below-header-display":"","ast-hfb-mobile-header-display":"","site-post-title":"","ast-breadcrumbs-content":"","ast-featured-img":"","footer-sml-layout":"","ast-disable-related-posts":"","theme-transparent-header-meta":"","adv-header-id-meta":"","stick-header-meta":"","header-above-stick-meta":"","header-main-stick-meta":"","header-below-stick-meta":"","astra-migrate-meta-layouts":"default","ast-page-background-enabled":"default","ast-page-background-meta":{"desktop":{"background-color":"var(--ast-global-color-5)","background-image":"","background-repeat":"repeat","background-position":"center center","background-size":"auto","background-attachment":"scroll","background-type":"","background-media":"","overlay-type":"","overlay-color":"","overlay-opacity":"","overlay-gradient":""},"tablet":{"background-color":"","background-image":"","background-repeat":"repeat","background-position":"center center","background-size":"auto","background-attachment":"scroll","background-type":"","background-media":"","overlay-type":"","overlay-color":"","overlay-opacity":"","overlay-gradient":""},"mobile":{"background-color":"","background-image":"","background-repeat":"repeat","background-position":"center center","background-size":"auto","background-attachment":"scroll","background-type":"","background-media":"","overlay-type":"","overlay-color":"","overlay-opacity":"","overlay-gradient":""}},"ast-content-background-meta":{"desktop":{"background-color":"var(--ast-global-color-4)","background-image":"","background-repeat":"repeat","background-position":"center center","background-size":"auto","background-attachment":"scroll","background-type":"","background-media":"","overlay-type":"","overlay-color":"","overlay-opacity":"","overlay-gradient":""},"tablet":{"background-color":"var(--ast-global-color-4)","background-image":"","background-repeat":"repeat","background-position":"center center","background-size":"auto","background-attachment":"scroll","background-type":"","background-media":"","overlay-type":"","overlay-color":"","overlay-opacity":"","overlay-gradient":""},"mobile":{"background-color":"var(--ast-global-color-4)","background-image":"","background-repeat":"repeat","background-position":"center center","background-size":"auto","background-attachment":"scroll","background-type":"","background-media":"","overlay-type":"","overlay-color":"","overlay-opacity":"","overlay-gradient":""}},"footnotes":""},"class_list":["post-101","page","type-page","status-publish","hentry"],"acf":[],"yoast_head":"<!-- This site is optimized with the Yoast SEO plugin v27.0 - https:\/\/yoast.com\/product\/yoast-seo-wordpress\/ -->\n<title>Atbalsta person\u0101ls - J.Endzel\u012bna Kauguru pamatskola<\/title>\n<meta name=\"robots\" content=\"index, follow, max-snippet:-1, max-image-preview:large, max-video-preview:-1\" \/>\n<link rel=\"canonical\" href=\"https:\/\/izglitiba.valmierasnovads.lv\/kaugurupamatskola\/atbalsta-personals\/\" \/>\n<meta property=\"og:locale\" content=\"lv_LV\" \/>\n<meta property=\"og:type\" content=\"article\" \/>\n<meta property=\"og:title\" content=\"Atbalsta person\u0101ls - J.Endzel\u012bna Kauguru pamatskola\" \/>\n<meta property=\"og:description\" content=\"Soci\u0101lais pedagogs Linda Sakti\u0146a-Pl\u016bme linda.saktina-plume@valmiera.edu.lv Speci\u0101lais pedagogs L\u012bga Gr\u0101p\u0113na liga.grapena@valmiera.edu.lv Logop\u0113ds Indra Juste indra.juste@valmiera.edu.lv\" \/>\n<meta property=\"og:url\" content=\"https:\/\/izglitiba.valmierasnovads.lv\/kaugurupamatskola\/atbalsta-personals\/\" \/>\n<meta property=\"og:site_name\" content=\"J.Endzel\u012bna Kauguru pamatskola\" \/>\n<meta property=\"article:modified_time\" content=\"2026-04-21T11:14:28+00:00\" \/>\n<meta name=\"twitter:card\" content=\"summary_large_image\" \/>\n<meta name=\"twitter:label1\" content=\"Est. reading time\" \/>\n\t<meta name=\"twitter:data1\" content=\"1 min\u016bte\" \/>\n<script type=\"application\/ld+json\" class=\"yoast-schema-graph\">{\"@context\":\"https:\/\/schema.org\",\"@graph\":[{\"@type\":\"WebPage\",\"@id\":\"https:\/\/izglitiba.valmierasnovads.lv\/kaugurupamatskola\/atbalsta-personals\/\",\"url\":\"https:\/\/izglitiba.valmierasnovads.lv\/kaugurupamatskola\/atbalsta-personals\/\",\"name\":\"Atbalsta person\u0101ls - J.Endzel\u012bna Kauguru pamatskola\",\"isPartOf\":{\"@id\":\"https:\/\/izglitiba.valmierasnovads.lv\/kaugurupamatskola\/#website\"},\"datePublished\":\"2026-02-13T10:38:42+00:00\",\"dateModified\":\"2026-04-21T11:14:28+00:00\",\"breadcrumb\":{\"@id\":\"https:\/\/izglitiba.valmierasnovads.lv\/kaugurupamatskola\/atbalsta-personals\/#breadcrumb\"},\"inLanguage\":\"lv-LV\",\"potentialAction\":[{\"@type\":\"ReadAction\",\"target\":[\"https:\/\/izglitiba.valmierasnovads.lv\/kaugurupamatskola\/atbalsta-personals\/\"]}]},{\"@type\":\"BreadcrumbList\",\"@id\":\"https:\/\/izglitiba.valmierasnovads.lv\/kaugurupamatskola\/atbalsta-personals\/#breadcrumb\",\"itemListElement\":[{\"@type\":\"ListItem\",\"position\":1,\"name\":\"Home\",\"item\":\"https:\/\/izglitiba.valmierasnovads.lv\/kaugurupamatskola\/\"},{\"@type\":\"ListItem\",\"position\":2,\"name\":\"Atbalsta person\u0101ls\"}]},{\"@type\":\"WebSite\",\"@id\":\"https:\/\/izglitiba.valmierasnovads.lv\/kaugurupamatskola\/#website\",\"url\":\"https:\/\/izglitiba.valmierasnovads.lv\/kaugurupamatskola\/\",\"name\":\"J.Endzel\u012bna Kauguru pamatskola\",\"description\":\"\",\"publisher\":{\"@id\":\"https:\/\/izglitiba.valmierasnovads.lv\/kaugurupamatskola\/#organization\"},\"potentialAction\":[{\"@type\":\"SearchAction\",\"target\":{\"@type\":\"EntryPoint\",\"urlTemplate\":\"https:\/\/izglitiba.valmierasnovads.lv\/kaugurupamatskola\/?s={search_term_string}\"},\"query-input\":{\"@type\":\"PropertyValueSpecification\",\"valueRequired\":true,\"valueName\":\"search_term_string\"}}],\"inLanguage\":\"lv-LV\"},{\"@type\":\"Organization\",\"@id\":\"https:\/\/izglitiba.valmierasnovads.lv\/kaugurupamatskola\/#organization\",\"name\":\"J.Endzel\u012bna Kauguru pamatskola\",\"url\":\"https:\/\/izglitiba.valmierasnovads.lv\/kaugurupamatskola\/\",\"logo\":{\"@type\":\"ImageObject\",\"inLanguage\":\"lv-LV\",\"@id\":\"https:\/\/izglitiba.valmierasnovads.lv\/kaugurupamatskola\/#\/schema\/logo\/image\/\",\"url\":\"https:\/\/izglitiba.valmierasnovads.lv\/kaugurupamatskola\/wp-content\/uploads\/sites\/28\/2026\/03\/cropped-Komplekta-ar-pasu-logo-14-scaled-1.png\",\"contentUrl\":\"https:\/\/izglitiba.valmierasnovads.lv\/kaugurupamatskola\/wp-content\/uploads\/sites\/28\/2026\/03\/cropped-Komplekta-ar-pasu-logo-14-scaled-1.png\",\"width\":2108,\"height\":405,\"caption\":\"J.Endzel\u012bna Kauguru pamatskola\"},\"image\":{\"@id\":\"https:\/\/izglitiba.valmierasnovads.lv\/kaugurupamatskola\/#\/schema\/logo\/image\/\"}}]}<\/script>\n<!-- \/ Yoast SEO plugin. -->","yoast_head_json":{"title":"Atbalsta person\u0101ls - J.Endzel\u012bna Kauguru pamatskola","robots":{"index":"index","follow":"follow","max-snippet":"max-snippet:-1","max-image-preview":"max-image-preview:large","max-video-preview":"max-video-preview:-1"},"canonical":"https:\/\/izglitiba.valmierasnovads.lv\/kaugurupamatskola\/atbalsta-personals\/","og_locale":"lv_LV","og_type":"article","og_title":"Atbalsta person\u0101ls - J.Endzel\u012bna Kauguru pamatskola","og_description":"Soci\u0101lais pedagogs Linda Sakti\u0146a-Pl\u016bme linda.saktina-plume@valmiera.edu.lv Speci\u0101lais pedagogs L\u012bga Gr\u0101p\u0113na liga.grapena@valmiera.edu.lv Logop\u0113ds Indra Juste indra.juste@valmiera.edu.lv","og_url":"https:\/\/izglitiba.valmierasnovads.lv\/kaugurupamatskola\/atbalsta-personals\/","og_site_name":"J.Endzel\u012bna Kauguru pamatskola","article_modified_time":"2026-04-21T11:14:28+00:00","twitter_card":"summary_large_image","twitter_misc":{"Est. reading time":"1 min\u016bte"},"schema":{"@context":"https:\/\/schema.org","@graph":[{"@type":"WebPage","@id":"https:\/\/izglitiba.valmierasnovads.lv\/kaugurupamatskola\/atbalsta-personals\/","url":"https:\/\/izglitiba.valmierasnovads.lv\/kaugurupamatskola\/atbalsta-personals\/","name":"Atbalsta person\u0101ls - J.Endzel\u012bna Kauguru pamatskola","isPartOf":{"@id":"https:\/\/izglitiba.valmierasnovads.lv\/kaugurupamatskola\/#website"},"datePublished":"2026-02-13T10:38:42+00:00","dateModified":"2026-04-21T11:14:28+00:00","breadcrumb":{"@id":"https:\/\/izglitiba.valmierasnovads.lv\/kaugurupamatskola\/atbalsta-personals\/#breadcrumb"},"inLanguage":"lv-LV","potentialAction":[{"@type":"ReadAction","target":["https:\/\/izglitiba.valmierasnovads.lv\/kaugurupamatskola\/atbalsta-personals\/"]}]},{"@type":"BreadcrumbList","@id":"https:\/\/izglitiba.valmierasnovads.lv\/kaugurupamatskola\/atbalsta-personals\/#breadcrumb","itemListElement":[{"@type":"ListItem","position":1,"name":"Home","item":"https:\/\/izglitiba.valmierasnovads.lv\/kaugurupamatskola\/"},{"@type":"ListItem","position":2,"name":"Atbalsta person\u0101ls"}]},{"@type":"WebSite","@id":"https:\/\/izglitiba.valmierasnovads.lv\/kaugurupamatskola\/#website","url":"https:\/\/izglitiba.valmierasnovads.lv\/kaugurupamatskola\/","name":"J.Endzel\u012bna Kauguru pamatskola","description":"","publisher":{"@id":"https:\/\/izglitiba.valmierasnovads.lv\/kaugurupamatskola\/#organization"},"potentialAction":[{"@type":"SearchAction","target":{"@type":"EntryPoint","urlTemplate":"https:\/\/izglitiba.valmierasnovads.lv\/kaugurupamatskola\/?s={search_term_string}"},"query-input":{"@type":"PropertyValueSpecification","valueRequired":true,"valueName":"search_term_string"}}],"inLanguage":"lv-LV"},{"@type":"Organization","@id":"https:\/\/izglitiba.valmierasnovads.lv\/kaugurupamatskola\/#organization","name":"J.Endzel\u012bna Kauguru pamatskola","url":"https:\/\/izglitiba.valmierasnovads.lv\/kaugurupamatskola\/","logo":{"@type":"ImageObject","inLanguage":"lv-LV","@id":"https:\/\/izglitiba.valmierasnovads.lv\/kaugurupamatskola\/#\/schema\/logo\/image\/","url":"https:\/\/izglitiba.valmierasnovads.lv\/kaugurupamatskola\/wp-content\/uploads\/sites\/28\/2026\/03\/cropped-Komplekta-ar-pasu-logo-14-scaled-1.png","contentUrl":"https:\/\/izglitiba.valmierasnovads.lv\/kaugurupamatskola\/wp-content\/uploads\/sites\/28\/2026\/03\/cropped-Komplekta-ar-pasu-logo-14-scaled-1.png","width":2108,"height":405,"caption":"J.Endzel\u012bna Kauguru pamatskola"},"image":{"@id":"https:\/\/izglitiba.valmierasnovads.lv\/kaugurupamatskola\/#\/schema\/logo\/image\/"}}]}},"_links":{"self":[{"href":"https:\/\/izglitiba.valmierasnovads.lv\/kaugurupamatskola\/wp-json\/wp\/v2\/pages\/101","targetHints":{"allow":["GET"]}}],"collection":[{"href":"https:\/\/izglitiba.valmierasnovads.lv\/kaugurupamatskola\/wp-json\/wp\/v2\/pages"}],"about":[{"href":"https:\/\/izglitiba.valmierasnovads.lv\/kaugurupamatskola\/wp-json\/wp\/v2\/types\/page"}],"author":[{"embeddable":true,"href":"https:\/\/izglitiba.valmierasnovads.lv\/kaugurupamatskola\/wp-json\/wp\/v2\/users\/1"}],"replies":[{"embeddable":true,"href":"https:\/\/izglitiba.valmierasnovads.lv\/kaugurupamatskola\/wp-json\/wp\/v2\/comments?post=101"}],"version-history":[{"count":3,"href":"https:\/\/izglitiba.valmierasnovads.lv\/kaugurupamatskola\/wp-json\/wp\/v2\/pages\/101\/revisions"}],"predecessor-version":[{"id":371,"href":"https:\/\/izglitiba.valmierasnovads.lv\/kaugurupamatskola\/wp-json\/wp\/v2\/pages\/101\/revisions\/371"}],"wp:attachment":[{"href":"https:\/\/izglitiba.valmierasnovads.lv\/kaugurupamatskola\/wp-json\/wp\/v2\/media?parent=101"}],"curies":[{"name":"wp","href":"https:\/\/api.w.org\/{rel}","templated":true}]}}