{"id":146,"date":"2026-02-13T12:50:40","date_gmt":"2026-02-13T10:50:40","guid":{"rendered":"https:\/\/izglitiba.valmierasnovads.lv\/kaugurupamatskola\/?page_id=146"},"modified":"2026-04-21T15:12:17","modified_gmt":"2026-04-21T12:12:17","slug":"projekti","status":"publish","type":"page","link":"https:\/\/izglitiba.valmierasnovads.lv\/kaugurupamatskola\/projekti\/","title":{"rendered":"Projekti"},"content":{"rendered":"\n<ul class=\"wp-block-list\"><\/ul>\n\n\n\n<ul class=\"wp-block-list\">\n<li><strong>Programma \u201cM\u0101c\u012bbsp\u0113ja\u201d<\/strong><\/li>\n<\/ul>\n\n\n\n<p>Programmas b\u016bt\u012bba ir\u00a0<strong>regul\u0101ras, ikdienas fizisk\u0101s aktivit\u0101tes ar prieku, iek\u013caujot elpo\u0161anas tehnikas, refleksijas un apzin\u0101t\u012bbas prasmju apg\u016b\u0161anu<\/strong>. 30-40 min\u016b\u0161u aktivit\u0101tes no r\u012bta uzlabo skol\u0113nu smadze\u0146u darb\u012bbu un gatav\u012bbu m\u0101c\u012bb\u0101m, akad\u0113misk\u0101s sekmes, veicina sadarb\u012bbu klas\u0113 un mazina agresiju. Tiek veicin\u0101ta labb\u016bt\u012bba, uzlabotas attiec\u012bbas starp skol\u0113niem, un skolot\u0101ju iesp\u0113ja kvalitat\u012bvi vad\u012bt m\u0101c\u012bbu stundas. <\/p>\n\n\n\n<p>&#8220;M\u0101c\u012bbsp\u0113ja&#8221;komand\u0101 darbojas Sandra Kaufmane, L\u012bga \u0136irse, M\u0101r\u012bte Bisniece, Vikija Kl\u0101sone<\/p>\n\n\n\n<p><\/p>\n\n\n\n<ul class=\"wp-block-list\">\n<li><strong>ESF Plus projekts &#8220;STEM un pilsonisk\u0101s l\u012bdzdal\u012bbas norises pla\u0161\u0101kai izgl\u012bt\u012bbas pieredzei un karjeras izv\u0113lei&#8221;<\/strong><\/li>\n<\/ul>\n\n\n\n<ul class=\"wp-block-list\">\n<li><strong>Eiropas Soci\u0101l\u0101 fonda Plus projekts Nr.4.2.3.1\/1\/24\/I\/001 \u201cSkola \u2013 kopien\u0101\u201d<\/strong><\/li>\n<\/ul>\n\n\n\n<ul class=\"wp-block-list\">\n<li><strong>Kult\u016brizgl\u012bt\u012bbas programma \u201cLatvijas skolas soma\u201d<\/strong><\/li>\n<\/ul>\n\n\n\n<p><\/p>\n","protected":false},"excerpt":{"rendered":"<p>Programmas b\u016bt\u012bba ir\u00a0regul\u0101ras, ikdienas fizisk\u0101s aktivit\u0101tes ar prieku, iek\u013caujot elpo\u0161anas tehnikas, refleksijas un apzin\u0101t\u012bbas prasmju apg\u016b\u0161anu. 30-40 min\u016b\u0161u aktivit\u0101tes no [&hellip;]<\/p>\n","protected":false},"author":1,"featured_media":0,"parent":0,"menu_order":0,"comment_status":"closed","ping_status":"closed","template":"","meta":{"_acf_changed":false,"site-sidebar-layout":"default","site-content-layout":"","ast-site-content-layout":"default","site-content-style":"default","site-sidebar-style":"default","ast-global-header-display":"","ast-banner-title-visibility":"","ast-main-header-display":"","ast-hfb-above-header-display":"","ast-hfb-below-header-display":"","ast-hfb-mobile-header-display":"","site-post-title":"","ast-breadcrumbs-content":"","ast-featured-img":"","footer-sml-layout":"","ast-disable-related-posts":"","theme-transparent-header-meta":"","adv-header-id-meta":"","stick-header-meta":"","header-above-stick-meta":"","header-main-stick-meta":"","header-below-stick-meta":"","astra-migrate-meta-layouts":"default","ast-page-background-enabled":"default","ast-page-background-meta":{"desktop":{"background-color":"var(--ast-global-color-5)","background-image":"","background-repeat":"repeat","background-position":"center center","background-size":"auto","background-attachment":"scroll","background-type":"","background-media":"","overlay-type":"","overlay-color":"","overlay-opacity":"","overlay-gradient":""},"tablet":{"background-color":"","background-image":"","background-repeat":"repeat","background-position":"center center","background-size":"auto","background-attachment":"scroll","background-type":"","background-media":"","overlay-type":"","overlay-color":"","overlay-opacity":"","overlay-gradient":""},"mobile":{"background-color":"","background-image":"","background-repeat":"repeat","background-position":"center center","background-size":"auto","background-attachment":"scroll","background-type":"","background-media":"","overlay-type":"","overlay-color":"","overlay-opacity":"","overlay-gradient":""}},"ast-content-background-meta":{"desktop":{"background-color":"var(--ast-global-color-4)","background-image":"","background-repeat":"repeat","background-position":"center center","background-size":"auto","background-attachment":"scroll","background-type":"","background-media":"","overlay-type":"","overlay-color":"","overlay-opacity":"","overlay-gradient":""},"tablet":{"background-color":"var(--ast-global-color-4)","background-image":"","background-repeat":"repeat","background-position":"center center","background-size":"auto","background-attachment":"scroll","background-type":"","background-media":"","overlay-type":"","overlay-color":"","overlay-opacity":"","overlay-gradient":""},"mobile":{"background-color":"var(--ast-global-color-4)","background-image":"","background-repeat":"repeat","background-position":"center center","background-size":"auto","background-attachment":"scroll","background-type":"","background-media":"","overlay-type":"","overlay-color":"","overlay-opacity":"","overlay-gradient":""}},"footnotes":""},"class_list":["post-146","page","type-page","status-publish","hentry"],"acf":[],"yoast_head":"<!-- This site is optimized with the Yoast SEO plugin v27.0 - https:\/\/yoast.com\/product\/yoast-seo-wordpress\/ -->\n<title>Projekti - J.Endzel\u012bna Kauguru pamatskola<\/title>\n<meta name=\"robots\" content=\"index, follow, max-snippet:-1, max-image-preview:large, max-video-preview:-1\" \/>\n<link rel=\"canonical\" href=\"https:\/\/izglitiba.valmierasnovads.lv\/kaugurupamatskola\/projekti\/\" \/>\n<meta property=\"og:locale\" content=\"lv_LV\" \/>\n<meta property=\"og:type\" content=\"article\" \/>\n<meta property=\"og:title\" content=\"Projekti - J.Endzel\u012bna Kauguru pamatskola\" \/>\n<meta property=\"og:description\" content=\"Programmas b\u016bt\u012bba ir\u00a0regul\u0101ras, ikdienas fizisk\u0101s aktivit\u0101tes ar prieku, iek\u013caujot elpo\u0161anas tehnikas, refleksijas un apzin\u0101t\u012bbas prasmju apg\u016b\u0161anu. 30-40 min\u016b\u0161u aktivit\u0101tes no [&hellip;]\" \/>\n<meta property=\"og:url\" content=\"https:\/\/izglitiba.valmierasnovads.lv\/kaugurupamatskola\/projekti\/\" \/>\n<meta property=\"og:site_name\" content=\"J.Endzel\u012bna Kauguru pamatskola\" \/>\n<meta property=\"article:modified_time\" content=\"2026-04-21T12:12:17+00:00\" \/>\n<meta name=\"twitter:card\" content=\"summary_large_image\" \/>\n<meta name=\"twitter:label1\" content=\"Est. reading time\" \/>\n\t<meta name=\"twitter:data1\" content=\"1 min\u016bte\" \/>\n<script type=\"application\/ld+json\" class=\"yoast-schema-graph\">{\"@context\":\"https:\/\/schema.org\",\"@graph\":[{\"@type\":\"WebPage\",\"@id\":\"https:\/\/izglitiba.valmierasnovads.lv\/kaugurupamatskola\/projekti\/\",\"url\":\"https:\/\/izglitiba.valmierasnovads.lv\/kaugurupamatskola\/projekti\/\",\"name\":\"Projekti - J.Endzel\u012bna Kauguru pamatskola\",\"isPartOf\":{\"@id\":\"https:\/\/izglitiba.valmierasnovads.lv\/kaugurupamatskola\/#website\"},\"datePublished\":\"2026-02-13T10:50:40+00:00\",\"dateModified\":\"2026-04-21T12:12:17+00:00\",\"breadcrumb\":{\"@id\":\"https:\/\/izglitiba.valmierasnovads.lv\/kaugurupamatskola\/projekti\/#breadcrumb\"},\"inLanguage\":\"lv-LV\",\"potentialAction\":[{\"@type\":\"ReadAction\",\"target\":[\"https:\/\/izglitiba.valmierasnovads.lv\/kaugurupamatskola\/projekti\/\"]}]},{\"@type\":\"BreadcrumbList\",\"@id\":\"https:\/\/izglitiba.valmierasnovads.lv\/kaugurupamatskola\/projekti\/#breadcrumb\",\"itemListElement\":[{\"@type\":\"ListItem\",\"position\":1,\"name\":\"Home\",\"item\":\"https:\/\/izglitiba.valmierasnovads.lv\/kaugurupamatskola\/\"},{\"@type\":\"ListItem\",\"position\":2,\"name\":\"Projekti\"}]},{\"@type\":\"WebSite\",\"@id\":\"https:\/\/izglitiba.valmierasnovads.lv\/kaugurupamatskola\/#website\",\"url\":\"https:\/\/izglitiba.valmierasnovads.lv\/kaugurupamatskola\/\",\"name\":\"J.Endzel\u012bna Kauguru pamatskola\",\"description\":\"\",\"publisher\":{\"@id\":\"https:\/\/izglitiba.valmierasnovads.lv\/kaugurupamatskola\/#organization\"},\"potentialAction\":[{\"@type\":\"SearchAction\",\"target\":{\"@type\":\"EntryPoint\",\"urlTemplate\":\"https:\/\/izglitiba.valmierasnovads.lv\/kaugurupamatskola\/?s={search_term_string}\"},\"query-input\":{\"@type\":\"PropertyValueSpecification\",\"valueRequired\":true,\"valueName\":\"search_term_string\"}}],\"inLanguage\":\"lv-LV\"},{\"@type\":\"Organization\",\"@id\":\"https:\/\/izglitiba.valmierasnovads.lv\/kaugurupamatskola\/#organization\",\"name\":\"J.Endzel\u012bna Kauguru pamatskola\",\"url\":\"https:\/\/izglitiba.valmierasnovads.lv\/kaugurupamatskola\/\",\"logo\":{\"@type\":\"ImageObject\",\"inLanguage\":\"lv-LV\",\"@id\":\"https:\/\/izglitiba.valmierasnovads.lv\/kaugurupamatskola\/#\/schema\/logo\/image\/\",\"url\":\"https:\/\/izglitiba.valmierasnovads.lv\/kaugurupamatskola\/wp-content\/uploads\/sites\/28\/2026\/03\/cropped-Komplekta-ar-pasu-logo-14-scaled-1.png\",\"contentUrl\":\"https:\/\/izglitiba.valmierasnovads.lv\/kaugurupamatskola\/wp-content\/uploads\/sites\/28\/2026\/03\/cropped-Komplekta-ar-pasu-logo-14-scaled-1.png\",\"width\":2108,\"height\":405,\"caption\":\"J.Endzel\u012bna Kauguru pamatskola\"},\"image\":{\"@id\":\"https:\/\/izglitiba.valmierasnovads.lv\/kaugurupamatskola\/#\/schema\/logo\/image\/\"}}]}<\/script>\n<!-- \/ Yoast SEO plugin. -->","yoast_head_json":{"title":"Projekti - J.Endzel\u012bna Kauguru pamatskola","robots":{"index":"index","follow":"follow","max-snippet":"max-snippet:-1","max-image-preview":"max-image-preview:large","max-video-preview":"max-video-preview:-1"},"canonical":"https:\/\/izglitiba.valmierasnovads.lv\/kaugurupamatskola\/projekti\/","og_locale":"lv_LV","og_type":"article","og_title":"Projekti - J.Endzel\u012bna Kauguru pamatskola","og_description":"Programmas b\u016bt\u012bba ir\u00a0regul\u0101ras, ikdienas fizisk\u0101s aktivit\u0101tes ar prieku, iek\u013caujot elpo\u0161anas tehnikas, refleksijas un apzin\u0101t\u012bbas prasmju apg\u016b\u0161anu. 30-40 min\u016b\u0161u aktivit\u0101tes no [&hellip;]","og_url":"https:\/\/izglitiba.valmierasnovads.lv\/kaugurupamatskola\/projekti\/","og_site_name":"J.Endzel\u012bna Kauguru pamatskola","article_modified_time":"2026-04-21T12:12:17+00:00","twitter_card":"summary_large_image","twitter_misc":{"Est. reading time":"1 min\u016bte"},"schema":{"@context":"https:\/\/schema.org","@graph":[{"@type":"WebPage","@id":"https:\/\/izglitiba.valmierasnovads.lv\/kaugurupamatskola\/projekti\/","url":"https:\/\/izglitiba.valmierasnovads.lv\/kaugurupamatskola\/projekti\/","name":"Projekti - J.Endzel\u012bna Kauguru pamatskola","isPartOf":{"@id":"https:\/\/izglitiba.valmierasnovads.lv\/kaugurupamatskola\/#website"},"datePublished":"2026-02-13T10:50:40+00:00","dateModified":"2026-04-21T12:12:17+00:00","breadcrumb":{"@id":"https:\/\/izglitiba.valmierasnovads.lv\/kaugurupamatskola\/projekti\/#breadcrumb"},"inLanguage":"lv-LV","potentialAction":[{"@type":"ReadAction","target":["https:\/\/izglitiba.valmierasnovads.lv\/kaugurupamatskola\/projekti\/"]}]},{"@type":"BreadcrumbList","@id":"https:\/\/izglitiba.valmierasnovads.lv\/kaugurupamatskola\/projekti\/#breadcrumb","itemListElement":[{"@type":"ListItem","position":1,"name":"Home","item":"https:\/\/izglitiba.valmierasnovads.lv\/kaugurupamatskola\/"},{"@type":"ListItem","position":2,"name":"Projekti"}]},{"@type":"WebSite","@id":"https:\/\/izglitiba.valmierasnovads.lv\/kaugurupamatskola\/#website","url":"https:\/\/izglitiba.valmierasnovads.lv\/kaugurupamatskola\/","name":"J.Endzel\u012bna Kauguru pamatskola","description":"","publisher":{"@id":"https:\/\/izglitiba.valmierasnovads.lv\/kaugurupamatskola\/#organization"},"potentialAction":[{"@type":"SearchAction","target":{"@type":"EntryPoint","urlTemplate":"https:\/\/izglitiba.valmierasnovads.lv\/kaugurupamatskola\/?s={search_term_string}"},"query-input":{"@type":"PropertyValueSpecification","valueRequired":true,"valueName":"search_term_string"}}],"inLanguage":"lv-LV"},{"@type":"Organization","@id":"https:\/\/izglitiba.valmierasnovads.lv\/kaugurupamatskola\/#organization","name":"J.Endzel\u012bna Kauguru pamatskola","url":"https:\/\/izglitiba.valmierasnovads.lv\/kaugurupamatskola\/","logo":{"@type":"ImageObject","inLanguage":"lv-LV","@id":"https:\/\/izglitiba.valmierasnovads.lv\/kaugurupamatskola\/#\/schema\/logo\/image\/","url":"https:\/\/izglitiba.valmierasnovads.lv\/kaugurupamatskola\/wp-content\/uploads\/sites\/28\/2026\/03\/cropped-Komplekta-ar-pasu-logo-14-scaled-1.png","contentUrl":"https:\/\/izglitiba.valmierasnovads.lv\/kaugurupamatskola\/wp-content\/uploads\/sites\/28\/2026\/03\/cropped-Komplekta-ar-pasu-logo-14-scaled-1.png","width":2108,"height":405,"caption":"J.Endzel\u012bna Kauguru pamatskola"},"image":{"@id":"https:\/\/izglitiba.valmierasnovads.lv\/kaugurupamatskola\/#\/schema\/logo\/image\/"}}]}},"_links":{"self":[{"href":"https:\/\/izglitiba.valmierasnovads.lv\/kaugurupamatskola\/wp-json\/wp\/v2\/pages\/146","targetHints":{"allow":["GET"]}}],"collection":[{"href":"https:\/\/izglitiba.valmierasnovads.lv\/kaugurupamatskola\/wp-json\/wp\/v2\/pages"}],"about":[{"href":"https:\/\/izglitiba.valmierasnovads.lv\/kaugurupamatskola\/wp-json\/wp\/v2\/types\/page"}],"author":[{"embeddable":true,"href":"https:\/\/izglitiba.valmierasnovads.lv\/kaugurupamatskola\/wp-json\/wp\/v2\/users\/1"}],"replies":[{"embeddable":true,"href":"https:\/\/izglitiba.valmierasnovads.lv\/kaugurupamatskola\/wp-json\/wp\/v2\/comments?post=146"}],"version-history":[{"count":4,"href":"https:\/\/izglitiba.valmierasnovads.lv\/kaugurupamatskola\/wp-json\/wp\/v2\/pages\/146\/revisions"}],"predecessor-version":[{"id":374,"href":"https:\/\/izglitiba.valmierasnovads.lv\/kaugurupamatskola\/wp-json\/wp\/v2\/pages\/146\/revisions\/374"}],"wp:attachment":[{"href":"https:\/\/izglitiba.valmierasnovads.lv\/kaugurupamatskola\/wp-json\/wp\/v2\/media?parent=146"}],"curies":[{"name":"wp","href":"https:\/\/api.w.org\/{rel}","templated":true}]}}