{"id":152,"date":"2026-02-13T12:51:39","date_gmt":"2026-02-13T10:51:39","guid":{"rendered":"https:\/\/izglitiba.valmierasnovads.lv\/kaugurupamatskola\/?page_id=152"},"modified":"2026-04-17T09:14:39","modified_gmt":"2026-04-17T06:14:39","slug":"valsts-parbaudes-darbi","status":"publish","type":"page","link":"https:\/\/izglitiba.valmierasnovads.lv\/kaugurupamatskola\/valsts-parbaudes-darbi\/","title":{"rendered":"Valsts p\u0101rbaudes darbi"},"content":{"rendered":"\n<p><strong>2025.\/2026. m\u0101c\u012bbu gada valsts p\u0101rbaudes darbu grafiks<\/strong><\/p>\n\n\n\n<p><strong>9. klases<\/strong> izgl\u012btojamiem par visp\u0101r\u0113j\u0101s pamatizgl\u012bt\u012bbas ieguvi b\u016bs j\u0101k\u0101rto \u0161\u0101di valsts p\u0101rbaudes darbi:<\/p>\n\n\n\n<p><\/p>\n\n\n\n<p><strong>Centraliz\u0113tie eks\u0101meni<\/strong> (minim\u0101lais v\u0113rt\u0113juma slieksnis \u2013 15%)<\/p>\n\n\n\n<ul class=\"wp-block-list\">\n<li>latvie\u0161u valod\u0101 \u2013 19.05.2026. (rakstu da\u013ca); 19., 20., 21., 22.05.2026. (mutv\u0101rdu da\u013ca)<\/li>\n\n\n\n<li>matem\u0101tik\u0101 \u2013 26.05.2026.<\/li>\n<\/ul>\n\n\n\n<p><strong>Monitoringa darbs<\/strong> vien\u0101 sve\u0161valod\u0101 p\u0113c izgl\u012btojam\u0101 izv\u0113les:<\/p>\n\n\n\n<ul class=\"wp-block-list\">\n<li>ang\u013cu valod\u0101\u2013 22.04.2026. (rakstu da\u013ca) un 22., 23., 24.04.2026. (mutv\u0101rdu da\u013ca)<\/li>\n\n\n\n<li>v\u0101cu vai fran\u010du valod\u0101 \u2013 22.04.2026. (rakstu un mutv\u0101rdu da\u013ca)<\/li>\n<\/ul>\n\n\n\n<p>(Monitoringa darbs ir oblig\u0101tais valsts p\u0101rbaudes darbs, kur\u0161 tiek v\u0113rt\u0113ts centraliz\u0113ti, tom\u0113r t\u0101<\/p>\n\n\n\n<p>v\u0113rt\u0113jums neietekm\u0113 skol\u0113na iesp\u0113jas ieg\u016bt apliec\u012bbu par pamatizgl\u012bt\u012bbu un par monitoringa darba rezult\u0101tiem neizsniedz sertifik\u0101tu.)<\/p>\n\n\n\n<p>2026. gada 28. apr\u012bl\u012b 9. klas\u0113m notiks <strong>diagnostic\u0113jo\u0161ais darbs <\/strong>dabaszin\u0101t\u0146u m\u0101c\u012bbu jom\u0101.<\/p>\n\n\n\n<p>Lai izv\u0113rt\u0113tu skol\u0113nu tekstprat\u012bbu, r\u0113\u0137inprat\u012bbu un dabaszin\u0101t\u0146u prat\u012bbu, 3. un 6. klasei 2026. gada apr\u012bl\u012b paredz\u0113ti monitoringa darbi.<\/p>\n\n\n\n<p>Monitoringa darbi <strong>3. klasei:<\/strong><\/p>\n\n\n\n<ul class=\"wp-block-list\">\n<li>Tekstprat\u012bb\u0101 \u2013 13.04.2026.<\/li>\n\n\n\n<li>Dabaszin\u0101t\u0146u prat\u012bb\u0101 \u201316.04.2026.<\/li>\n\n\n\n<li>R\u0113\u0137inprat\u012bb\u0101 \u2013 23.04.2026.<\/li>\n<\/ul>\n\n\n\n<p>Monitoringa darbi <strong>6. klasei<\/strong>:<\/p>\n\n\n\n<ul class=\"wp-block-list\">\n<li>Tekstprat\u012bb\u0101 \u2013 15.04.2026.<\/li>\n\n\n\n<li>Dabaszin\u0101t\u0146u prat\u012bb\u0101 \u2013 20.04.2026.<\/li>\n\n\n\n<li>R\u0113\u0137inprat\u012bb\u0101 \u2013 27.04.2026.<\/li>\n<\/ul>\n\n\n\n<p>\uf0b7 Tiks <strong>v\u0113rt\u0113ti centraliz\u0113ti<\/strong> VIAA. Monitoringa darb\u0101 nav j\u0101sasniedz minim\u0101lais v\u0113rt\u0113juma slieksnis.<\/p>\n\n\n\n<p> Monitoringa darba <strong>v\u0113rt\u0113jums neietekm\u0113 gala v\u0113rt\u0113jumu m\u0101c\u012bbu priek\u0161met\u0101<\/strong>.<\/p>\n\n\n\n<p>\uf0b7 2025.\/2026. m\u0101c\u012bbu gad\u0101 vis\u0101s kla\u0161u grup\u0101s monitoringa darbi tiks <strong>rakst\u012bti pap\u012bra form\u0101t\u0101 <\/strong>un viena darba izpildes ilgums nep\u0101rsniegs <strong>60 min\u016btes<\/strong>.<\/p>\n\n\n\n<p>\uf0b7 Izgl\u012bt\u012bbas iest\u0101\u017eu dal\u012bba monitoringa darbos ir <strong>oblig\u0101ta,<\/strong> iesaistot visus izgl\u012btojamos no nor\u0101d\u012btaj\u0101m klas\u0113m.<\/p>\n\n\n\n<p><\/p>\n\n\n\n<p>\uf0b7 Monitoringa darbu m\u0113r\u0137is ir ieg\u016bt visaptvero\u0161u inform\u0101ciju par pamatizgl\u012bt\u012bbas standarta sasniedzamo rezult\u0101tu apguvi 3. un 6. klas\u0113.<\/p>\n\n\n\n<p><\/p>\n\n\n\n<p><\/p>\n","protected":false},"excerpt":{"rendered":"<p>2025.\/2026. m\u0101c\u012bbu gada valsts p\u0101rbaudes darbu grafiks 9. klases izgl\u012btojamiem par visp\u0101r\u0113j\u0101s pamatizgl\u012bt\u012bbas ieguvi b\u016bs j\u0101k\u0101rto \u0161\u0101di valsts p\u0101rbaudes darbi: [&hellip;]<\/p>\n","protected":false},"author":1,"featured_media":0,"parent":0,"menu_order":0,"comment_status":"closed","ping_status":"closed","template":"","meta":{"_acf_changed":false,"site-sidebar-layout":"default","site-content-layout":"","ast-site-content-layout":"default","site-content-style":"default","site-sidebar-style":"default","ast-global-header-display":"","ast-banner-title-visibility":"","ast-main-header-display":"","ast-hfb-above-header-display":"","ast-hfb-below-header-display":"","ast-hfb-mobile-header-display":"","site-post-title":"","ast-breadcrumbs-content":"","ast-featured-img":"","footer-sml-layout":"","ast-disable-related-posts":"","theme-transparent-header-meta":"","adv-header-id-meta":"","stick-header-meta":"","header-above-stick-meta":"","header-main-stick-meta":"","header-below-stick-meta":"","astra-migrate-meta-layouts":"default","ast-page-background-enabled":"default","ast-page-background-meta":{"desktop":{"background-color":"var(--ast-global-color-5)","background-image":"","background-repeat":"repeat","background-position":"center center","background-size":"auto","background-attachment":"scroll","background-type":"","background-media":"","overlay-type":"","overlay-color":"","overlay-opacity":"","overlay-gradient":""},"tablet":{"background-color":"","background-image":"","background-repeat":"repeat","background-position":"center center","background-size":"auto","background-attachment":"scroll","background-type":"","background-media":"","overlay-type":"","overlay-color":"","overlay-opacity":"","overlay-gradient":""},"mobile":{"background-color":"","background-image":"","background-repeat":"repeat","background-position":"center center","background-size":"auto","background-attachment":"scroll","background-type":"","background-media":"","overlay-type":"","overlay-color":"","overlay-opacity":"","overlay-gradient":""}},"ast-content-background-meta":{"desktop":{"background-color":"var(--ast-global-color-4)","background-image":"","background-repeat":"repeat","background-position":"center center","background-size":"auto","background-attachment":"scroll","background-type":"","background-media":"","overlay-type":"","overlay-color":"","overlay-opacity":"","overlay-gradient":""},"tablet":{"background-color":"var(--ast-global-color-4)","background-image":"","background-repeat":"repeat","background-position":"center center","background-size":"auto","background-attachment":"scroll","background-type":"","background-media":"","overlay-type":"","overlay-color":"","overlay-opacity":"","overlay-gradient":""},"mobile":{"background-color":"var(--ast-global-color-4)","background-image":"","background-repeat":"repeat","background-position":"center center","background-size":"auto","background-attachment":"scroll","background-type":"","background-media":"","overlay-type":"","overlay-color":"","overlay-opacity":"","overlay-gradient":""}},"footnotes":""},"class_list":["post-152","page","type-page","status-publish","hentry"],"acf":[],"yoast_head":"<!-- This site is optimized with the Yoast SEO plugin v27.0 - https:\/\/yoast.com\/product\/yoast-seo-wordpress\/ -->\n<title>Valsts p\u0101rbaudes darbi - J.Endzel\u012bna Kauguru pamatskola<\/title>\n<meta name=\"robots\" content=\"index, follow, max-snippet:-1, max-image-preview:large, max-video-preview:-1\" \/>\n<link rel=\"canonical\" href=\"https:\/\/izglitiba.valmierasnovads.lv\/kaugurupamatskola\/valsts-parbaudes-darbi\/\" \/>\n<meta property=\"og:locale\" content=\"lv_LV\" \/>\n<meta property=\"og:type\" content=\"article\" \/>\n<meta property=\"og:title\" content=\"Valsts p\u0101rbaudes darbi - J.Endzel\u012bna Kauguru pamatskola\" \/>\n<meta property=\"og:description\" content=\"2025.\/2026. m\u0101c\u012bbu gada valsts p\u0101rbaudes darbu grafiks 9. klases izgl\u012btojamiem par visp\u0101r\u0113j\u0101s pamatizgl\u012bt\u012bbas ieguvi b\u016bs j\u0101k\u0101rto \u0161\u0101di valsts p\u0101rbaudes darbi: [&hellip;]\" \/>\n<meta property=\"og:url\" content=\"https:\/\/izglitiba.valmierasnovads.lv\/kaugurupamatskola\/valsts-parbaudes-darbi\/\" \/>\n<meta property=\"og:site_name\" content=\"J.Endzel\u012bna Kauguru pamatskola\" \/>\n<meta property=\"article:modified_time\" content=\"2026-04-17T06:14:39+00:00\" \/>\n<meta name=\"twitter:card\" content=\"summary_large_image\" \/>\n<meta name=\"twitter:label1\" content=\"Est. reading time\" \/>\n\t<meta name=\"twitter:data1\" content=\"2 min\u016btes\" \/>\n<script type=\"application\/ld+json\" class=\"yoast-schema-graph\">{\"@context\":\"https:\/\/schema.org\",\"@graph\":[{\"@type\":\"WebPage\",\"@id\":\"https:\/\/izglitiba.valmierasnovads.lv\/kaugurupamatskola\/valsts-parbaudes-darbi\/\",\"url\":\"https:\/\/izglitiba.valmierasnovads.lv\/kaugurupamatskola\/valsts-parbaudes-darbi\/\",\"name\":\"Valsts p\u0101rbaudes darbi - J.Endzel\u012bna Kauguru pamatskola\",\"isPartOf\":{\"@id\":\"https:\/\/izglitiba.valmierasnovads.lv\/kaugurupamatskola\/#website\"},\"datePublished\":\"2026-02-13T10:51:39+00:00\",\"dateModified\":\"2026-04-17T06:14:39+00:00\",\"breadcrumb\":{\"@id\":\"https:\/\/izglitiba.valmierasnovads.lv\/kaugurupamatskola\/valsts-parbaudes-darbi\/#breadcrumb\"},\"inLanguage\":\"lv-LV\",\"potentialAction\":[{\"@type\":\"ReadAction\",\"target\":[\"https:\/\/izglitiba.valmierasnovads.lv\/kaugurupamatskola\/valsts-parbaudes-darbi\/\"]}]},{\"@type\":\"BreadcrumbList\",\"@id\":\"https:\/\/izglitiba.valmierasnovads.lv\/kaugurupamatskola\/valsts-parbaudes-darbi\/#breadcrumb\",\"itemListElement\":[{\"@type\":\"ListItem\",\"position\":1,\"name\":\"Home\",\"item\":\"https:\/\/izglitiba.valmierasnovads.lv\/kaugurupamatskola\/\"},{\"@type\":\"ListItem\",\"position\":2,\"name\":\"Valsts p\u0101rbaudes darbi\"}]},{\"@type\":\"WebSite\",\"@id\":\"https:\/\/izglitiba.valmierasnovads.lv\/kaugurupamatskola\/#website\",\"url\":\"https:\/\/izglitiba.valmierasnovads.lv\/kaugurupamatskola\/\",\"name\":\"J.Endzel\u012bna Kauguru pamatskola\",\"description\":\"\",\"publisher\":{\"@id\":\"https:\/\/izglitiba.valmierasnovads.lv\/kaugurupamatskola\/#organization\"},\"potentialAction\":[{\"@type\":\"SearchAction\",\"target\":{\"@type\":\"EntryPoint\",\"urlTemplate\":\"https:\/\/izglitiba.valmierasnovads.lv\/kaugurupamatskola\/?s={search_term_string}\"},\"query-input\":{\"@type\":\"PropertyValueSpecification\",\"valueRequired\":true,\"valueName\":\"search_term_string\"}}],\"inLanguage\":\"lv-LV\"},{\"@type\":\"Organization\",\"@id\":\"https:\/\/izglitiba.valmierasnovads.lv\/kaugurupamatskola\/#organization\",\"name\":\"J.Endzel\u012bna Kauguru pamatskola\",\"url\":\"https:\/\/izglitiba.valmierasnovads.lv\/kaugurupamatskola\/\",\"logo\":{\"@type\":\"ImageObject\",\"inLanguage\":\"lv-LV\",\"@id\":\"https:\/\/izglitiba.valmierasnovads.lv\/kaugurupamatskola\/#\/schema\/logo\/image\/\",\"url\":\"https:\/\/izglitiba.valmierasnovads.lv\/kaugurupamatskola\/wp-content\/uploads\/sites\/28\/2026\/03\/cropped-Komplekta-ar-pasu-logo-14-scaled-1.png\",\"contentUrl\":\"https:\/\/izglitiba.valmierasnovads.lv\/kaugurupamatskola\/wp-content\/uploads\/sites\/28\/2026\/03\/cropped-Komplekta-ar-pasu-logo-14-scaled-1.png\",\"width\":2108,\"height\":405,\"caption\":\"J.Endzel\u012bna Kauguru pamatskola\"},\"image\":{\"@id\":\"https:\/\/izglitiba.valmierasnovads.lv\/kaugurupamatskola\/#\/schema\/logo\/image\/\"}}]}<\/script>\n<!-- \/ Yoast SEO plugin. -->","yoast_head_json":{"title":"Valsts p\u0101rbaudes darbi - J.Endzel\u012bna Kauguru pamatskola","robots":{"index":"index","follow":"follow","max-snippet":"max-snippet:-1","max-image-preview":"max-image-preview:large","max-video-preview":"max-video-preview:-1"},"canonical":"https:\/\/izglitiba.valmierasnovads.lv\/kaugurupamatskola\/valsts-parbaudes-darbi\/","og_locale":"lv_LV","og_type":"article","og_title":"Valsts p\u0101rbaudes darbi - J.Endzel\u012bna Kauguru pamatskola","og_description":"2025.\/2026. m\u0101c\u012bbu gada valsts p\u0101rbaudes darbu grafiks 9. klases izgl\u012btojamiem par visp\u0101r\u0113j\u0101s pamatizgl\u012bt\u012bbas ieguvi b\u016bs j\u0101k\u0101rto \u0161\u0101di valsts p\u0101rbaudes darbi: [&hellip;]","og_url":"https:\/\/izglitiba.valmierasnovads.lv\/kaugurupamatskola\/valsts-parbaudes-darbi\/","og_site_name":"J.Endzel\u012bna Kauguru pamatskola","article_modified_time":"2026-04-17T06:14:39+00:00","twitter_card":"summary_large_image","twitter_misc":{"Est. reading time":"2 min\u016btes"},"schema":{"@context":"https:\/\/schema.org","@graph":[{"@type":"WebPage","@id":"https:\/\/izglitiba.valmierasnovads.lv\/kaugurupamatskola\/valsts-parbaudes-darbi\/","url":"https:\/\/izglitiba.valmierasnovads.lv\/kaugurupamatskola\/valsts-parbaudes-darbi\/","name":"Valsts p\u0101rbaudes darbi - J.Endzel\u012bna Kauguru pamatskola","isPartOf":{"@id":"https:\/\/izglitiba.valmierasnovads.lv\/kaugurupamatskola\/#website"},"datePublished":"2026-02-13T10:51:39+00:00","dateModified":"2026-04-17T06:14:39+00:00","breadcrumb":{"@id":"https:\/\/izglitiba.valmierasnovads.lv\/kaugurupamatskola\/valsts-parbaudes-darbi\/#breadcrumb"},"inLanguage":"lv-LV","potentialAction":[{"@type":"ReadAction","target":["https:\/\/izglitiba.valmierasnovads.lv\/kaugurupamatskola\/valsts-parbaudes-darbi\/"]}]},{"@type":"BreadcrumbList","@id":"https:\/\/izglitiba.valmierasnovads.lv\/kaugurupamatskola\/valsts-parbaudes-darbi\/#breadcrumb","itemListElement":[{"@type":"ListItem","position":1,"name":"Home","item":"https:\/\/izglitiba.valmierasnovads.lv\/kaugurupamatskola\/"},{"@type":"ListItem","position":2,"name":"Valsts p\u0101rbaudes darbi"}]},{"@type":"WebSite","@id":"https:\/\/izglitiba.valmierasnovads.lv\/kaugurupamatskola\/#website","url":"https:\/\/izglitiba.valmierasnovads.lv\/kaugurupamatskola\/","name":"J.Endzel\u012bna Kauguru pamatskola","description":"","publisher":{"@id":"https:\/\/izglitiba.valmierasnovads.lv\/kaugurupamatskola\/#organization"},"potentialAction":[{"@type":"SearchAction","target":{"@type":"EntryPoint","urlTemplate":"https:\/\/izglitiba.valmierasnovads.lv\/kaugurupamatskola\/?s={search_term_string}"},"query-input":{"@type":"PropertyValueSpecification","valueRequired":true,"valueName":"search_term_string"}}],"inLanguage":"lv-LV"},{"@type":"Organization","@id":"https:\/\/izglitiba.valmierasnovads.lv\/kaugurupamatskola\/#organization","name":"J.Endzel\u012bna Kauguru pamatskola","url":"https:\/\/izglitiba.valmierasnovads.lv\/kaugurupamatskola\/","logo":{"@type":"ImageObject","inLanguage":"lv-LV","@id":"https:\/\/izglitiba.valmierasnovads.lv\/kaugurupamatskola\/#\/schema\/logo\/image\/","url":"https:\/\/izglitiba.valmierasnovads.lv\/kaugurupamatskola\/wp-content\/uploads\/sites\/28\/2026\/03\/cropped-Komplekta-ar-pasu-logo-14-scaled-1.png","contentUrl":"https:\/\/izglitiba.valmierasnovads.lv\/kaugurupamatskola\/wp-content\/uploads\/sites\/28\/2026\/03\/cropped-Komplekta-ar-pasu-logo-14-scaled-1.png","width":2108,"height":405,"caption":"J.Endzel\u012bna Kauguru pamatskola"},"image":{"@id":"https:\/\/izglitiba.valmierasnovads.lv\/kaugurupamatskola\/#\/schema\/logo\/image\/"}}]}},"_links":{"self":[{"href":"https:\/\/izglitiba.valmierasnovads.lv\/kaugurupamatskola\/wp-json\/wp\/v2\/pages\/152","targetHints":{"allow":["GET"]}}],"collection":[{"href":"https:\/\/izglitiba.valmierasnovads.lv\/kaugurupamatskola\/wp-json\/wp\/v2\/pages"}],"about":[{"href":"https:\/\/izglitiba.valmierasnovads.lv\/kaugurupamatskola\/wp-json\/wp\/v2\/types\/page"}],"author":[{"embeddable":true,"href":"https:\/\/izglitiba.valmierasnovads.lv\/kaugurupamatskola\/wp-json\/wp\/v2\/users\/1"}],"replies":[{"embeddable":true,"href":"https:\/\/izglitiba.valmierasnovads.lv\/kaugurupamatskola\/wp-json\/wp\/v2\/comments?post=152"}],"version-history":[{"count":2,"href":"https:\/\/izglitiba.valmierasnovads.lv\/kaugurupamatskola\/wp-json\/wp\/v2\/pages\/152\/revisions"}],"predecessor-version":[{"id":351,"href":"https:\/\/izglitiba.valmierasnovads.lv\/kaugurupamatskola\/wp-json\/wp\/v2\/pages\/152\/revisions\/351"}],"wp:attachment":[{"href":"https:\/\/izglitiba.valmierasnovads.lv\/kaugurupamatskola\/wp-json\/wp\/v2\/media?parent=152"}],"curies":[{"name":"wp","href":"https:\/\/api.w.org\/{rel}","templated":true}]}}