{"id":7,"date":"2025-04-30T15:33:42","date_gmt":"2025-04-30T12:33:42","guid":{"rendered":"https:\/\/izglitiba.valmierasnovads.lv\/kaugurupamatskola\/sakumlapa\/"},"modified":"2026-04-10T09:05:32","modified_gmt":"2026-04-10T06:05:32","slug":"sakumlapa","status":"publish","type":"page","link":"https:\/\/izglitiba.valmierasnovads.lv\/kaugurupamatskola\/","title":{"rendered":"S\u0101kumlapa"},"content":{"rendered":"\n<div class=\"main-slider\">\n    <div><img decoding=\"async\" src=\"https:\/\/izglitiba.valmierasnovads.lv\/kaugurupamatskola\/wp-content\/uploads\/sites\/28\/2026\/04\/Skola2.png\" alt=\"\"><\/div><div><img decoding=\"async\" src=\"https:\/\/izglitiba.valmierasnovads.lv\/kaugurupamatskola\/wp-content\/uploads\/sites\/28\/2026\/04\/Skola1.png\" alt=\"\"><\/div><div><img decoding=\"async\" src=\"https:\/\/izglitiba.valmierasnovads.lv\/kaugurupamatskola\/wp-content\/uploads\/sites\/28\/2025\/04\/Skolu-majaslapai-galveno-attelu-slaideris-8.png\" alt=\"\"><\/div><\/div>\n\n\n<div id=\"quick_sites\">\n    <div class=\"quick_link_title\">\u0100tr\u0101s saites<\/div><div class=\"links-container\"><div class=\"quick_site_link\"><a href=\"https:\/\/maconis.zvaigzne.lv\">M\u0101conis<\/a><\/div><div class=\"quick_site_link\"><a href=\"https:\/\/skolo.lv\">Skolo.lv<\/a><\/div><div class=\"quick_site_link\"><a href=\"https:\/\/www.uzdevumi.lv\">Uzdevumi.lv<\/a><\/div><div class=\"quick_site_link\"><a href=\"https:\/\/soma.lv\">Soma.lv<\/a><\/div><div class=\"quick_site_link\"><a href=\"https:\/\/www.e-klase.lv\">E-klase<\/a><\/div><\/div><\/div>\n<div id=\"quick_sites_line\"><\/div>\n\n\n<div class=\"news-slider-wrapper\">\n    <h2>Jaunumi<\/h2>\n    <p class=\"link\"><a href=\"https:\/\/izglitiba.valmierasnovads.lv\/kaugurupamatskola\/jaunumi\" title=\"Las\u012bt visus jaunumus\">Las\u012bt visus<\/a><\/p>\n    <div class=\"news-slider\">\n        <div class=\"item\"><a href=\"https:\/\/izglitiba.valmierasnovads.lv\/kaugurupamatskola\/2026\/04\/22\/koru-skate\/\">\n                        <div class=\"item-image\"><img decoding=\"async\" src=\" https:\/\/izglitiba.valmierasnovads.lv\/kaugurupamatskola\/wp-content\/uploads\/sites\/28\/2026\/04\/677208282_2456830648099273_4378070552617139312_n.jpg \" \/><\/div><div class=\"item-title\">Koru skate<\/div><div class=\"item-date\">22.04.2026<\/div><div class=\"item-description\">Lepojamies ar m\u016bsu 2.-4.kla\u0161u kori, kur\u0161 koru skat\u0113 \u201cCe\u013c\u0101 uz Tauri\u0146u bals\u012bm\u201d ieguva II p&#8230;<\/div>\n                        <\/a><div class=\"item-link\"><a href=\"https:\/\/izglitiba.valmierasnovads.lv\/kaugurupamatskola\/2026\/04\/22\/koru-skate\/\">Las\u012bt vair\u0101k<\/a><\/div><\/div><div class=\"item\"><a href=\"https:\/\/izglitiba.valmierasnovads.lv\/kaugurupamatskola\/2026\/04\/17\/valmieras-novada-8-klasu-geografijas-paru-olimpiade\/\">\n                        <div class=\"item-image\"><img decoding=\"async\" src=\"  \" \/><\/div><div class=\"item-title\">Valmieras novada 8.kla\u0161u \u0123eogr\u0101fijas p\u0101ru olimpi\u0101de<\/div><div class=\"item-date\">17.04.2026<\/div><div class=\"item-description\">Sveicam \u0122irtu \u0100damsonu un R\u016bdolfu Bijonu ar ieg\u016btu ATZIN\u012aBU Valmieras novada 8.kla\u0161u \u0123eogr\u0101f&#8230;<\/div>\n                        <\/a><div class=\"item-link\"><a href=\"https:\/\/izglitiba.valmierasnovads.lv\/kaugurupamatskola\/2026\/04\/17\/valmieras-novada-8-klasu-geografijas-paru-olimpiade\/\">Las\u012bt vair\u0101k<\/a><\/div><\/div><div class=\"item\"><a href=\"https:\/\/izglitiba.valmierasnovads.lv\/kaugurupamatskola\/2026\/04\/09\/lieldienu-lustes\/\">\n                        <div class=\"item-image\"><img decoding=\"async\" src=\" https:\/\/izglitiba.valmierasnovads.lv\/kaugurupamatskola\/wp-content\/uploads\/sites\/28\/2026\/04\/WhatsApp-Image-2026-04-02-at-13.26.54-e1775724985570.jpeg \" \/><\/div><div class=\"item-title\">Lieldienu lustes<\/div><div class=\"item-date\">09.04.2026<\/div><div class=\"item-description\">5.mart\u0101 m\u016bsu skol\u0113ni aizraut\u012bgi m\u0113roj\u0101s ar zin\u0101\u0161an\u0101m Ziminu erud\u012bcijas konkurs\u0101. Jaut\u0101ju&#8230;<\/div>\n                        <\/a><div class=\"item-link\"><a href=\"https:\/\/izglitiba.valmierasnovads.lv\/kaugurupamatskola\/2026\/04\/09\/lieldienu-lustes\/\">Las\u012bt vair\u0101k<\/a><\/div><\/div><div class=\"item\"><a href=\"https:\/\/izglitiba.valmierasnovads.lv\/kaugurupamatskola\/2026\/03\/27\/anglu-valodas-olimpiade\/\">\n                        <div class=\"item-image\"><img decoding=\"async\" src=\" https:\/\/izglitiba.valmierasnovads.lv\/kaugurupamatskola\/wp-content\/uploads\/sites\/28\/2026\/04\/654342063_1574640480498495_4457681584557543266_n.jpg \" \/><\/div><div class=\"item-title\">Ang\u013cu valodas olimpi\u0101de<\/div><div class=\"item-date\">27.03.2026<\/div><div class=\"item-description\">Valmieras novada speci\u0101l\u0101s programmas ang\u013cu valodas olimpi\u0101d\u0113 piedal\u012bj\u0101s Kellija P\u0113tersone (&#8230;<\/div>\n                        <\/a><div class=\"item-link\"><a href=\"https:\/\/izglitiba.valmierasnovads.lv\/kaugurupamatskola\/2026\/03\/27\/anglu-valodas-olimpiade\/\">Las\u012bt vair\u0101k<\/a><\/div><\/div><div class=\"item\"><a href=\"https:\/\/izglitiba.valmierasnovads.lv\/kaugurupamatskola\/2026\/03\/03\/latviesu-valodas-olimpiade\/\">\n                        <div class=\"item-image\"><img decoding=\"async\" src=\" https:\/\/izglitiba.valmierasnovads.lv\/kaugurupamatskola\/wp-content\/uploads\/sites\/28\/2026\/04\/645458272_2413982442384094_3703963798506731653_n.jpg \" \/><\/div><div class=\"item-title\">Latvie\u0161u valodas olimpi\u0101de<\/div><div class=\"item-date\">03.03.2026<\/div><div class=\"item-description\"><\/div>\n                        <\/a><div class=\"item-link\"><a href=\"https:\/\/izglitiba.valmierasnovads.lv\/kaugurupamatskola\/2026\/03\/03\/latviesu-valodas-olimpiade\/\">Las\u012bt vair\u0101k<\/a><\/div><\/div>    <\/div>\n<\/div>   \n\n\n\n\n\n<div class='line-wrapper'>\n<\/div>\n<div class=\"events-slider-wrapper\">\n    <h2>Notikumi<\/h2>\n    <p class=\"link\"><a href=\"https:\/\/izglitiba.valmierasnovads.lv\/kaugurupamatskola\/notikumi\" title=\"Skat\u012bt visus notikumus\">Skat\u012bt visus<\/a><\/p>\n    <div class=\"event-slider\">\n        <div class=\"item\"><a href=\"https:\/\/izglitiba.valmierasnovads.lv\/kaugurupamatskola\/events\/radoso-darbu-konkurss-veltits-valodniekam-janim-endzelinam\/\">\n                        <div class=\"item-title\">Rado\u0161o darbu konkurss, velt\u012bts valodniekam J\u0101nim Endzel\u012bnam<\/div><div class=\"item-location\"><span class=\"title\"><\/span><\/div><div class=\"item-month\">07.apr\u012blis<\/div><div class=\"item-time\"> &#8211; <\/div>\n                        <\/a><div class=\"item-link\"><a href=\"https:\/\/izglitiba.valmierasnovads.lv\/kaugurupamatskola\/events\/radoso-darbu-konkurss-veltits-valodniekam-janim-endzelinam\/\">Las\u012bt vair\u0101k<\/a><\/div><\/div>    <\/div>\n<\/div>   \n\n\n<div class='line-wrapper'>\n<\/div>\n<div class=\"poster-slider-wrapper\">\n    <h2>Afi\u0161a<\/h2>\n    <p class=\"link\"><a href=\"https:\/\/izglitiba.valmierasnovads.lv\/kaugurupamatskola\/afisas\" title=\"Skat\u012bt visas galerijas\">Skat\u012bt visas<\/a><\/p>\n    <div class=\"poster-slider\">\n        <div class=\"item\"><div class=\"item-image\"><a id=\"call_gallery\" class=\"cboxElement\" data-fancybox-trigger=\"gallery\" data-fancybox-index=\"0\"><img decoding=\"async\" src=\" https:\/\/izglitiba.valmierasnovads.lv\/kaugurupamatskola\/wp-content\/uploads\/sites\/28\/2026\/04\/Colourful-Playful-Watercolour-Circus-Kids-Birthday-Invitation-Flyer.jpg \" \/><\/a><\/div><\/div><div class=\"item\"><div class=\"item-image\"><a id=\"call_gallery\" class=\"cboxElement\" data-fancybox-trigger=\"gallery\" data-fancybox-index=\"1\"><img decoding=\"async\" src=\" https:\/\/izglitiba.valmierasnovads.lv\/kaugurupamatskola\/wp-content\/uploads\/sites\/28\/2026\/04\/undefined-.jpeg \" \/><\/a><\/div><\/div><div class=\"item\"><div class=\"item-image\"><a id=\"call_gallery\" class=\"cboxElement\" data-fancybox-trigger=\"gallery\" data-fancybox-index=\"2\"><img decoding=\"async\" src=\" https:\/\/izglitiba.valmierasnovads.lv\/kaugurupamatskola\/wp-content\/uploads\/sites\/28\/2026\/04\/Green-and-Blue-Watercolor-Floral-Happy-Easter-Day-Flyer-Landscape3.png \" \/><\/a><\/div><\/div><div class=\"item\"><div class=\"item-image\"><a id=\"call_gallery\" class=\"cboxElement\" data-fancybox-trigger=\"gallery\" data-fancybox-index=\"3\"><img decoding=\"async\" src=\" https:\/\/izglitiba.valmierasnovads.lv\/kaugurupamatskola\/wp-content\/uploads\/sites\/28\/2026\/04\/Blue-and-Yellow-Playful-School-Student-Label-Card.jpg \" \/><\/a><\/div><\/div><div class=\"item\"><div class=\"item-image\"><a id=\"call_gallery\" class=\"cboxElement\" data-fancybox-trigger=\"gallery\" data-fancybox-index=\"4\"><img decoding=\"async\" src=\" https:\/\/izglitiba.valmierasnovads.lv\/kaugurupamatskola\/wp-content\/uploads\/sites\/28\/2026\/04\/Black-And-Orange-Modern-Bonfire-Night-Instaram-Post.jpg \" \/><\/a><\/div><\/div>    <\/div>\n    <div style=\"display: hidden;\">\n        <a href=\"https:\/\/izglitiba.valmierasnovads.lv\/kaugurupamatskola\/wp-content\/uploads\/sites\/28\/2026\/04\/Colourful-Playful-Watercolour-Circus-Kids-Birthday-Invitation-Flyer.jpg\" data-fancybox=\"gallery\"><\/a><a href=\"https:\/\/izglitiba.valmierasnovads.lv\/kaugurupamatskola\/wp-content\/uploads\/sites\/28\/2026\/04\/undefined-.jpeg\" data-fancybox=\"gallery\"><\/a><a href=\"https:\/\/izglitiba.valmierasnovads.lv\/kaugurupamatskola\/wp-content\/uploads\/sites\/28\/2026\/04\/Green-and-Blue-Watercolor-Floral-Happy-Easter-Day-Flyer-Landscape3.png\" data-fancybox=\"gallery\"><\/a><a href=\"https:\/\/izglitiba.valmierasnovads.lv\/kaugurupamatskola\/wp-content\/uploads\/sites\/28\/2026\/04\/Blue-and-Yellow-Playful-School-Student-Label-Card.jpg\" data-fancybox=\"gallery\"><\/a><a href=\"https:\/\/izglitiba.valmierasnovads.lv\/kaugurupamatskola\/wp-content\/uploads\/sites\/28\/2026\/04\/Black-And-Orange-Modern-Bonfire-Night-Instaram-Post.jpg\" data-fancybox=\"gallery\"><\/a>    <\/div>\n<\/div>\n\n\n\n<div class='line-wrapper'>\n<\/div>\n<div class=\"gallery-slider-wrapper\">\n<h2>Galerija<\/h2>\n<p class=\"link\"><a href=\"https:\/\/izglitiba.valmierasnovads.lv\/kaugurupamatskola\/galerijas\" title=\"Skat\u012bt visas galerijas\">Skat\u012bt visas<\/a><\/p>\n<div class=\"gallery-slider\">\n    <div class=\"item\"><div class=\"item-image\"><a href=\"https:\/\/izglitiba.valmierasnovads.lv\/kaugurupamatskola\/galery\/pargajiens\/\"><img decoding=\"async\" src=\" https:\/\/izglitiba.valmierasnovads.lv\/kaugurupamatskola\/wp-content\/uploads\/sites\/28\/2026\/04\/WhatsApp-Image-2026-04-10-at-15.47.07-2.jpeg \" \/><div class=\"item-description\"><div class=\"item-title\">P\u0101rg\u0101jiens<\/div><div class=\"item-count\">5 att\u0113li<\/div><\/div><\/a><\/div><div class=\"item-bottom\"><\/div><\/div><div class=\"item\"><div class=\"item-image\"><a href=\"https:\/\/izglitiba.valmierasnovads.lv\/kaugurupamatskola\/galery\/lieldienu-lustes\/\"><img decoding=\"async\" src=\" https:\/\/izglitiba.valmierasnovads.lv\/kaugurupamatskola\/wp-content\/uploads\/sites\/28\/2026\/04\/16.jpeg \" \/><div class=\"item-description\"><div class=\"item-title\">Lieldienu lustes<\/div><div class=\"item-count\">20 att\u0113li<\/div><\/div><\/a><\/div><div class=\"item-bottom\"><\/div><\/div><div class=\"item\"><div class=\"item-image\"><a href=\"https:\/\/izglitiba.valmierasnovads.lv\/kaugurupamatskola\/galery\/peldetapmacibas-nodarbibas-1-3-klasu-skoleniem\/\"><img decoding=\"async\" src=\" https:\/\/izglitiba.valmierasnovads.lv\/kaugurupamatskola\/wp-content\/uploads\/sites\/28\/2026\/04\/WhatsApp-Image-2026-02-16-at-16.20.57.jpeg \" \/><div class=\"item-description\"><div class=\"item-title\">&#8221;Peld\u0113tapm\u0101c\u012bbas nodarb\u012bbas 1.-3. kla\u0161u skol\u0113niem&#8221;<\/div><div class=\"item-count\">6 att\u0113li<\/div><\/div><\/a><\/div><div class=\"item-bottom\"><\/div><\/div><\/div>\n<\/div>\n\n<div class=\"mobile-proud-wrapper\">\n    <div class=\"mobile-proud-title\">\n        Rado\u0161o darbu konkurss, velt\u012bts valodniekam J\u0101nim Endzel\u012bnam    <\/div>\n<\/div>\n<div class=\"proud-wrapper\">\n    <div class=\"item-image\">\n        <img decoding=\"async\" src=\"https:\/\/izglitiba.valmierasnovads.lv\/kaugurupamatskola\/wp-content\/uploads\/sites\/28\/2026\/04\/Endzelina-Konkurss.jpg\" alt=\"Bilde\" \/>\n    <\/div>\n    <div class=\"item-description\">\n        <div class=\"item-title\">\n            Rado\u0161o darbu konkurss, velt\u012bts valodniekam J\u0101nim Endzel\u012bnam        <\/div>\n        <div class=\"item-text\">\n                    <\/div>\n            <\/div>\n<\/div>\n\n\n<div class='line-wrapper'>\n<\/div>\n<div class=\"partner-slider-wrapper\">\n    <div class=\"partner-slider\">\n        <div class=\"item\"><div class=\"item-logo\"><a href=\"https:\/\/www.visc.gov.lv\/lv\"><img decoding=\"async\" src=\"https:\/\/izglitiba.valmierasnovads.lv\/kaugurupamatskola\/wp-content\/uploads\/sites\/28\/2026\/03\/image_2026-03-25_120057790.png\" alt=\"VISC\" \/><\/a><\/div><\/div><div class=\"item\"><div class=\"item-logo\"><a href=\"https:\/\/www.izm.gov.lv\/lv\"><img decoding=\"async\" src=\"https:\/\/izglitiba.valmierasnovads.lv\/kaugurupamatskola\/wp-content\/uploads\/sites\/28\/2026\/03\/image_2026-03-25_120009603.png\" alt=\"Izgl\u012bt\u012bbas un zin\u0101tnes ministrija\" \/><\/a><\/div><\/div><div class=\"item\"><div class=\"item-logo\"><a href=\"https:\/\/www.lizda.lv\/\"><img decoding=\"async\" src=\"https:\/\/izglitiba.valmierasnovads.lv\/kaugurupamatskola\/wp-content\/uploads\/sites\/28\/2026\/03\/image_2026-03-25_115926158.png\" alt=\"LIZDA\" \/><\/a><\/div><\/div><div class=\"item\"><div class=\"item-logo\"><a href=\"https:\/\/www.valmierasnovads.lv\/\"><img decoding=\"async\" src=\"https:\/\/izglitiba.valmierasnovads.lv\/kaugurupamatskola\/wp-content\/uploads\/sites\/28\/2026\/03\/image_2026-03-25_115844620.png\" alt=\"Valmieras novads\" \/><\/a><\/div><\/div><div class=\"item\"><div class=\"item-logo\"><a href=\"https:\/\/www.skolasvards.lv\/\"><img decoding=\"async\" src=\"https:\/\/izglitiba.valmierasnovads.lv\/kaugurupamatskola\/wp-content\/uploads\/sites\/28\/2026\/03\/image_2026-03-25_115810868.png\" alt=\"Skolas v\u0101rds\" \/><\/a><\/div><\/div><div class=\"item\"><div class=\"item-logo\"><a href=\"https:\/\/maconis.zvaigzne.lv\/\"><img decoding=\"async\" src=\"https:\/\/izglitiba.valmierasnovads.lv\/kaugurupamatskola\/wp-content\/uploads\/sites\/28\/2026\/03\/image_2026-03-25_115727144.png\" alt=\"Maconis\" \/><\/a><\/div><\/div><div class=\"item\"><div class=\"item-logo\"><a href=\"https:\/\/www.uzdevumi.lv\/\"><img decoding=\"async\" src=\"https:\/\/izglitiba.valmierasnovads.lv\/kaugurupamatskola\/wp-content\/uploads\/sites\/28\/2026\/03\/image_2026-03-25_115601939.png\" alt=\"Uzdevumi.lv\" \/><\/a><\/div><\/div><div class=\"item\"><div class=\"item-logo\"><a href=\"https:\/\/skolo.lv\/\"><img decoding=\"async\" src=\"https:\/\/izglitiba.valmierasnovads.lv\/kaugurupamatskola\/wp-content\/uploads\/sites\/28\/2026\/03\/image_2026-03-25_115520384.png\" alt=\"Skolo\" \/><\/a><\/div><\/div><div class=\"item\"><div class=\"item-logo\"><a href=\"https:\/\/soma.lv\/\"><img decoding=\"async\" src=\"https:\/\/izglitiba.valmierasnovads.lv\/kaugurupamatskola\/wp-content\/uploads\/sites\/28\/2026\/03\/image_2026-03-25_115259552.png\" alt=\"Soma\" \/><\/a><\/div><\/div><div class=\"item\"><div class=\"item-logo\"><a href=\"https:\/\/www.e-klase.lv\/\"><img decoding=\"async\" src=\"https:\/\/izglitiba.valmierasnovads.lv\/kaugurupamatskola\/wp-content\/uploads\/sites\/28\/2026\/03\/image_2026-03-25_115056452.png\" alt=\"Eklase\" \/><\/a><\/div><\/div>    <\/div>\n<\/div>","protected":false},"excerpt":{"rendered":"","protected":false},"author":1,"featured_media":0,"parent":0,"menu_order":0,"comment_status":"closed","ping_status":"closed","template":"","meta":{"_acf_changed":false,"site-sidebar-layout":"default","site-content-layout":"","ast-site-content-layout":"default","site-content-style":"default","site-sidebar-style":"default","ast-global-header-display":"","ast-banner-title-visibility":"","ast-main-header-display":"","ast-hfb-above-header-display":"","ast-hfb-below-header-display":"","ast-hfb-mobile-header-display":"","site-post-title":"","ast-breadcrumbs-content":"","ast-featured-img":"","footer-sml-layout":"","ast-disable-related-posts":"","theme-transparent-header-meta":"","adv-header-id-meta":"","stick-header-meta":"","header-above-stick-meta":"","header-main-stick-meta":"","header-below-stick-meta":"","astra-migrate-meta-layouts":"default","ast-page-background-enabled":"default","ast-page-background-meta":{"desktop":{"background-color":"var(--ast-global-color-5)","background-image":"","background-repeat":"repeat","background-position":"center center","background-size":"auto","background-attachment":"scroll","background-type":"","background-media":"","overlay-type":"","overlay-color":"","overlay-opacity":"","overlay-gradient":""},"tablet":{"background-color":"","background-image":"","background-repeat":"repeat","background-position":"center center","background-size":"auto","background-attachment":"scroll","background-type":"","background-media":"","overlay-type":"","overlay-color":"","overlay-opacity":"","overlay-gradient":""},"mobile":{"background-color":"","background-image":"","background-repeat":"repeat","background-position":"center center","background-size":"auto","background-attachment":"scroll","background-type":"","background-media":"","overlay-type":"","overlay-color":"","overlay-opacity":"","overlay-gradient":""}},"ast-content-background-meta":{"desktop":{"background-color":"var(--ast-global-color-4)","background-image":"","background-repeat":"repeat","background-position":"center center","background-size":"auto","background-attachment":"scroll","background-type":"","background-media":"","overlay-type":"","overlay-color":"","overlay-opacity":"","overlay-gradient":""},"tablet":{"background-color":"var(--ast-global-color-4)","background-image":"","background-repeat":"repeat","background-position":"center center","background-size":"auto","background-attachment":"scroll","background-type":"","background-media":"","overlay-type":"","overlay-color":"","overlay-opacity":"","overlay-gradient":""},"mobile":{"background-color":"var(--ast-global-color-4)","background-image":"","background-repeat":"repeat","background-position":"center center","background-size":"auto","background-attachment":"scroll","background-type":"","background-media":"","overlay-type":"","overlay-color":"","overlay-opacity":"","overlay-gradient":""}},"footnotes":""},"class_list":["post-7","page","type-page","status-publish","hentry"],"acf":[],"yoast_head":"<!-- This site is optimized with the Yoast SEO plugin v27.0 - https:\/\/yoast.com\/product\/yoast-seo-wordpress\/ -->\n<title>S\u0101kumlapa - J.Endzel\u012bna Kauguru pamatskola<\/title>\n<meta name=\"robots\" content=\"index, follow, max-snippet:-1, max-image-preview:large, max-video-preview:-1\" \/>\n<link rel=\"canonical\" href=\"https:\/\/izglitiba.valmierasnovads.lv\/kaugurupamatskola\/\" \/>\n<meta property=\"og:locale\" content=\"lv_LV\" \/>\n<meta property=\"og:type\" content=\"article\" \/>\n<meta property=\"og:title\" content=\"S\u0101kumlapa - J.Endzel\u012bna Kauguru pamatskola\" \/>\n<meta property=\"og:url\" content=\"https:\/\/izglitiba.valmierasnovads.lv\/kaugurupamatskola\/\" \/>\n<meta property=\"og:site_name\" content=\"J.Endzel\u012bna Kauguru pamatskola\" \/>\n<meta property=\"article:modified_time\" content=\"2026-04-10T06:05:32+00:00\" \/>\n<meta name=\"twitter:card\" content=\"summary_large_image\" \/>\n<script type=\"application\/ld+json\" class=\"yoast-schema-graph\">{\"@context\":\"https:\/\/schema.org\",\"@graph\":[{\"@type\":\"WebPage\",\"@id\":\"https:\/\/izglitiba.valmierasnovads.lv\/kaugurupamatskola\/\",\"url\":\"https:\/\/izglitiba.valmierasnovads.lv\/kaugurupamatskola\/\",\"name\":\"S\u0101kumlapa - J.Endzel\u012bna Kauguru pamatskola\",\"isPartOf\":{\"@id\":\"https:\/\/izglitiba.valmierasnovads.lv\/kaugurupamatskola\/#website\"},\"datePublished\":\"2025-04-30T12:33:42+00:00\",\"dateModified\":\"2026-04-10T06:05:32+00:00\",\"breadcrumb\":{\"@id\":\"https:\/\/izglitiba.valmierasnovads.lv\/kaugurupamatskola\/#breadcrumb\"},\"inLanguage\":\"lv-LV\",\"potentialAction\":[{\"@type\":\"ReadAction\",\"target\":[\"https:\/\/izglitiba.valmierasnovads.lv\/kaugurupamatskola\/\"]}]},{\"@type\":\"BreadcrumbList\",\"@id\":\"https:\/\/izglitiba.valmierasnovads.lv\/kaugurupamatskola\/#breadcrumb\",\"itemListElement\":[{\"@type\":\"ListItem\",\"position\":1,\"name\":\"Home\",\"item\":\"https:\/\/izglitiba.valmierasnovads.lv\/kaugurupamatskola\/\"},{\"@type\":\"ListItem\",\"position\":2,\"name\":\"S\u0101kumlapa\"}]},{\"@type\":\"WebSite\",\"@id\":\"https:\/\/izglitiba.valmierasnovads.lv\/kaugurupamatskola\/#website\",\"url\":\"https:\/\/izglitiba.valmierasnovads.lv\/kaugurupamatskola\/\",\"name\":\"J.Endzel\u012bna Kauguru pamatskola\",\"description\":\"\",\"publisher\":{\"@id\":\"https:\/\/izglitiba.valmierasnovads.lv\/kaugurupamatskola\/#organization\"},\"potentialAction\":[{\"@type\":\"SearchAction\",\"target\":{\"@type\":\"EntryPoint\",\"urlTemplate\":\"https:\/\/izglitiba.valmierasnovads.lv\/kaugurupamatskola\/?s={search_term_string}\"},\"query-input\":{\"@type\":\"PropertyValueSpecification\",\"valueRequired\":true,\"valueName\":\"search_term_string\"}}],\"inLanguage\":\"lv-LV\"},{\"@type\":\"Organization\",\"@id\":\"https:\/\/izglitiba.valmierasnovads.lv\/kaugurupamatskola\/#organization\",\"name\":\"J.Endzel\u012bna Kauguru pamatskola\",\"url\":\"https:\/\/izglitiba.valmierasnovads.lv\/kaugurupamatskola\/\",\"logo\":{\"@type\":\"ImageObject\",\"inLanguage\":\"lv-LV\",\"@id\":\"https:\/\/izglitiba.valmierasnovads.lv\/kaugurupamatskola\/#\/schema\/logo\/image\/\",\"url\":\"https:\/\/izglitiba.valmierasnovads.lv\/kaugurupamatskola\/wp-content\/uploads\/sites\/28\/2026\/03\/cropped-Komplekta-ar-pasu-logo-14-scaled-1.png\",\"contentUrl\":\"https:\/\/izglitiba.valmierasnovads.lv\/kaugurupamatskola\/wp-content\/uploads\/sites\/28\/2026\/03\/cropped-Komplekta-ar-pasu-logo-14-scaled-1.png\",\"width\":2108,\"height\":405,\"caption\":\"J.Endzel\u012bna Kauguru pamatskola\"},\"image\":{\"@id\":\"https:\/\/izglitiba.valmierasnovads.lv\/kaugurupamatskola\/#\/schema\/logo\/image\/\"}}]}<\/script>\n<!-- \/ Yoast SEO plugin. -->","yoast_head_json":{"title":"S\u0101kumlapa - J.Endzel\u012bna Kauguru pamatskola","robots":{"index":"index","follow":"follow","max-snippet":"max-snippet:-1","max-image-preview":"max-image-preview:large","max-video-preview":"max-video-preview:-1"},"canonical":"https:\/\/izglitiba.valmierasnovads.lv\/kaugurupamatskola\/","og_locale":"lv_LV","og_type":"article","og_title":"S\u0101kumlapa - J.Endzel\u012bna Kauguru pamatskola","og_url":"https:\/\/izglitiba.valmierasnovads.lv\/kaugurupamatskola\/","og_site_name":"J.Endzel\u012bna Kauguru pamatskola","article_modified_time":"2026-04-10T06:05:32+00:00","twitter_card":"summary_large_image","schema":{"@context":"https:\/\/schema.org","@graph":[{"@type":"WebPage","@id":"https:\/\/izglitiba.valmierasnovads.lv\/kaugurupamatskola\/","url":"https:\/\/izglitiba.valmierasnovads.lv\/kaugurupamatskola\/","name":"S\u0101kumlapa - J.Endzel\u012bna Kauguru pamatskola","isPartOf":{"@id":"https:\/\/izglitiba.valmierasnovads.lv\/kaugurupamatskola\/#website"},"datePublished":"2025-04-30T12:33:42+00:00","dateModified":"2026-04-10T06:05:32+00:00","breadcrumb":{"@id":"https:\/\/izglitiba.valmierasnovads.lv\/kaugurupamatskola\/#breadcrumb"},"inLanguage":"lv-LV","potentialAction":[{"@type":"ReadAction","target":["https:\/\/izglitiba.valmierasnovads.lv\/kaugurupamatskola\/"]}]},{"@type":"BreadcrumbList","@id":"https:\/\/izglitiba.valmierasnovads.lv\/kaugurupamatskola\/#breadcrumb","itemListElement":[{"@type":"ListItem","position":1,"name":"Home","item":"https:\/\/izglitiba.valmierasnovads.lv\/kaugurupamatskola\/"},{"@type":"ListItem","position":2,"name":"S\u0101kumlapa"}]},{"@type":"WebSite","@id":"https:\/\/izglitiba.valmierasnovads.lv\/kaugurupamatskola\/#website","url":"https:\/\/izglitiba.valmierasnovads.lv\/kaugurupamatskola\/","name":"J.Endzel\u012bna Kauguru pamatskola","description":"","publisher":{"@id":"https:\/\/izglitiba.valmierasnovads.lv\/kaugurupamatskola\/#organization"},"potentialAction":[{"@type":"SearchAction","target":{"@type":"EntryPoint","urlTemplate":"https:\/\/izglitiba.valmierasnovads.lv\/kaugurupamatskola\/?s={search_term_string}"},"query-input":{"@type":"PropertyValueSpecification","valueRequired":true,"valueName":"search_term_string"}}],"inLanguage":"lv-LV"},{"@type":"Organization","@id":"https:\/\/izglitiba.valmierasnovads.lv\/kaugurupamatskola\/#organization","name":"J.Endzel\u012bna Kauguru pamatskola","url":"https:\/\/izglitiba.valmierasnovads.lv\/kaugurupamatskola\/","logo":{"@type":"ImageObject","inLanguage":"lv-LV","@id":"https:\/\/izglitiba.valmierasnovads.lv\/kaugurupamatskola\/#\/schema\/logo\/image\/","url":"https:\/\/izglitiba.valmierasnovads.lv\/kaugurupamatskola\/wp-content\/uploads\/sites\/28\/2026\/03\/cropped-Komplekta-ar-pasu-logo-14-scaled-1.png","contentUrl":"https:\/\/izglitiba.valmierasnovads.lv\/kaugurupamatskola\/wp-content\/uploads\/sites\/28\/2026\/03\/cropped-Komplekta-ar-pasu-logo-14-scaled-1.png","width":2108,"height":405,"caption":"J.Endzel\u012bna Kauguru pamatskola"},"image":{"@id":"https:\/\/izglitiba.valmierasnovads.lv\/kaugurupamatskola\/#\/schema\/logo\/image\/"}}]}},"_links":{"self":[{"href":"https:\/\/izglitiba.valmierasnovads.lv\/kaugurupamatskola\/wp-json\/wp\/v2\/pages\/7","targetHints":{"allow":["GET"]}}],"collection":[{"href":"https:\/\/izglitiba.valmierasnovads.lv\/kaugurupamatskola\/wp-json\/wp\/v2\/pages"}],"about":[{"href":"https:\/\/izglitiba.valmierasnovads.lv\/kaugurupamatskola\/wp-json\/wp\/v2\/types\/page"}],"author":[{"embeddable":true,"href":"https:\/\/izglitiba.valmierasnovads.lv\/kaugurupamatskola\/wp-json\/wp\/v2\/users\/1"}],"replies":[{"embeddable":true,"href":"https:\/\/izglitiba.valmierasnovads.lv\/kaugurupamatskola\/wp-json\/wp\/v2\/comments?post=7"}],"version-history":[{"count":5,"href":"https:\/\/izglitiba.valmierasnovads.lv\/kaugurupamatskola\/wp-json\/wp\/v2\/pages\/7\/revisions"}],"predecessor-version":[{"id":311,"href":"https:\/\/izglitiba.valmierasnovads.lv\/kaugurupamatskola\/wp-json\/wp\/v2\/pages\/7\/revisions\/311"}],"wp:attachment":[{"href":"https:\/\/izglitiba.valmierasnovads.lv\/kaugurupamatskola\/wp-json\/wp\/v2\/media?parent=7"}],"curies":[{"name":"wp","href":"https:\/\/api.w.org\/{rel}","templated":true}]}}