{"id":499,"date":"2026-02-12T11:14:38","date_gmt":"2026-02-12T09:14:38","guid":{"rendered":"https:\/\/izglitiba.valmierasnovads.lv\/kracites\/?page_id=499"},"modified":"2026-02-13T10:38:22","modified_gmt":"2026-02-13T08:38:22","slug":"nodarbibu-saraksts","status":"publish","type":"page","link":"https:\/\/izglitiba.valmierasnovads.lv\/kracites\/nodarbibu-saraksts\/","title":{"rendered":"Nodarb\u012bbu saraksts"},"content":{"rendered":"\n<figure class=\"wp-block-table\"><table class=\"has-fixed-layout\"><tbody><tr><td>PIRMDIENA<\/td><td>OTRDIENA<\/td><td>TRE\u0160DIENA<\/td><td>CETURTDIENA<\/td><td>PIEKTDIENA<\/td><\/tr><tr><td>Integr\u0113tas rota\u013cnodarb\u012bbas dienas garum\u0101 iek\u013caujot visas m\u0101c\u012bbu jomas<\/td><td>Integr\u0113tas rota\u013cnodarb\u012bbas dienas garum\u0101 iek\u013caujot visas m\u0101c\u012bbu jomas<\/td><td>Integr\u0113tas rota\u013cnodarb\u012bbas dienas garum\u0101 iek\u013caujot visas m\u0101c\u012bbu jomas<\/td><td>Integr\u0113tas rota\u013cnodarb\u012bbas dienas garum\u0101 iek\u013caujot visas m\u0101c\u012bbu jomas<\/td><td>Integr\u0113tas rota\u013cnodarb\u012bbas dienas garum\u0101 iek\u013caujot visas m\u0101c\u012bbu jomas<\/td><\/tr><\/tbody><\/table><\/figure>\n\n\n\n<p>M\u0100C\u012aBU JOMAS: valodas,&nbsp;matem\u0101tikas, tehnolo\u0123iju, dabaszin\u0101t\u0146u, soci\u0101l\u0101&nbsp;un&nbsp;pilsonisk\u0101,<\/p>\n\n\n\n<p>&nbsp;                         kult\u016bras&nbsp;izpratnes&nbsp;un&nbsp;pa\u0161izpausmes\u202fm\u0101ksl\u0101 &#8211; saska\u0146\u0101 ar m\u016bzikas nodarb\u012bbu grafiku, k\u0101 ar\u012b grupu skolot\u0101ju vad\u012btas aktivit\u0101tes grup\u0101,<\/p>\n\n\n\n<p>&nbsp;                         vesel\u012bbas&nbsp;un&nbsp;fizisk\u0101s&nbsp;aktivit\u0101tes &#8211; saska\u0146\u0101 ar sporta nodarb\u012bbu grafiku, k\u0101 ar\u012b grupu skolot\u0101ju vad\u012btas aktivit\u0101tes grup\u0101.&nbsp;<\/p>\n\n\n\n<p>M\u0101c\u012bbu jomas ir tuvin\u0101tas cilv\u0113ka dz\u012bves darb\u012bbas jom\u0101m un izriet no cilv\u0113ka att\u012bst\u012bbas, s\u0101kot ar to, ka b\u0113rns iem\u0101c\u0101s run\u0101t (valodu joma), iepaz\u012bst apk\u0101rtni un dabu (dabaszin\u0101tnes), p\u0113c tam apg\u016bst skait\u013cu valodu (matem\u0101tika), m\u0101c\u0101s z\u012bm\u0113t, kr\u0101sot, muzic\u0113t, rado\u0161i izpausties (kult\u016bras izpratne un pa\u0161izpausme m\u0101ksl\u0101), m\u0101c\u0101s sadz\u012bvot ar citiem cilv\u0113kiem (soci\u0101l\u0101\u00a0un pilsonisk\u0101 m\u0101c\u012bbu joma) un r\u016bp\u0113ties par savu vesel\u012bbu un fizisko labsaj\u016btu (vesel\u012bba un fizisk\u0101s aktivit\u0101tes), tehnolo\u0123iju m\u0101c\u012bbu joma, kas atbilst m\u016bsdienu vajadz\u012bb\u0101m un pras\u012bb\u0101m apg\u016bt tehnolo\u0123iju lieto\u0161anu praktiskiem m\u0113r\u0137iem noder\u012bgu produktu, pakalpojumu un vides risin\u0101jumu \u012bsteno\u0161an\u0101.\u00a0\u00a0<\/p>\n\n\n\n<p class=\"has-text-align-right\">Skola2030<\/p>\n\n\n\n<p><\/p>\n","protected":false},"excerpt":{"rendered":"<p>PIRMDIENA OTRDIENA TRE\u0160DIENA CETURTDIENA PIEKTDIENA Integr\u0113tas rota\u013cnodarb\u012bbas dienas garum\u0101 iek\u013caujot visas m\u0101c\u012bbu jomas Integr\u0113tas rota\u013cnodarb\u012bbas dienas garum\u0101 iek\u013caujot visas m\u0101c\u012bbu [&hellip;]<\/p>\n","protected":false},"author":69,"featured_media":0,"parent":0,"menu_order":0,"comment_status":"closed","ping_status":"closed","template":"","meta":{"_acf_changed":false,"site-sidebar-layout":"default","site-content-layout":"","ast-site-content-layout":"default","site-content-style":"default","site-sidebar-style":"default","ast-global-header-display":"","ast-banner-title-visibility":"","ast-main-header-display":"","ast-hfb-above-header-display":"","ast-hfb-below-header-display":"","ast-hfb-mobile-header-display":"","site-post-title":"","ast-breadcrumbs-content":"","ast-featured-img":"","footer-sml-layout":"","ast-disable-related-posts":"","theme-transparent-header-meta":"","adv-header-id-meta":"","stick-header-meta":"","header-above-stick-meta":"","header-main-stick-meta":"","header-below-stick-meta":"","astra-migrate-meta-layouts":"default","ast-page-background-enabled":"default","ast-page-background-meta":{"desktop":{"background-color":"var(--ast-global-color-5)","background-image":"","background-repeat":"repeat","background-position":"center center","background-size":"auto","background-attachment":"scroll","background-type":"","background-media":"","overlay-type":"","overlay-color":"","overlay-opacity":"","overlay-gradient":""},"tablet":{"background-color":"","background-image":"","background-repeat":"repeat","background-position":"center center","background-size":"auto","background-attachment":"scroll","background-type":"","background-media":"","overlay-type":"","overlay-color":"","overlay-opacity":"","overlay-gradient":""},"mobile":{"background-color":"","background-image":"","background-repeat":"repeat","background-position":"center center","background-size":"auto","background-attachment":"scroll","background-type":"","background-media":"","overlay-type":"","overlay-color":"","overlay-opacity":"","overlay-gradient":""}},"ast-content-background-meta":{"desktop":{"background-color":"var(--ast-global-color-4)","background-image":"","background-repeat":"repeat","background-position":"center center","background-size":"auto","background-attachment":"scroll","background-type":"","background-media":"","overlay-type":"","overlay-color":"","overlay-opacity":"","overlay-gradient":""},"tablet":{"background-color":"var(--ast-global-color-4)","background-image":"","background-repeat":"repeat","background-position":"center center","background-size":"auto","background-attachment":"scroll","background-type":"","background-media":"","overlay-type":"","overlay-color":"","overlay-opacity":"","overlay-gradient":""},"mobile":{"background-color":"var(--ast-global-color-4)","background-image":"","background-repeat":"repeat","background-position":"center center","background-size":"auto","background-attachment":"scroll","background-type":"","background-media":"","overlay-type":"","overlay-color":"","overlay-opacity":"","overlay-gradient":""}},"footnotes":""},"class_list":["post-499","page","type-page","status-publish","hentry"],"acf":[],"yoast_head":"<!-- This site is optimized with the Yoast SEO plugin v27.0 - https:\/\/yoast.com\/product\/yoast-seo-wordpress\/ -->\n<title>Nodarb\u012bbu saraksts - Valmieras pirmsskolas izgl\u012bt\u012bbas iest\u0101de \u201cKR\u0100C\u012aTES\u201d<\/title>\n<meta name=\"robots\" content=\"index, follow, max-snippet:-1, max-image-preview:large, max-video-preview:-1\" \/>\n<link rel=\"canonical\" href=\"https:\/\/izglitiba.valmierasnovads.lv\/kracites\/nodarbibu-saraksts\/\" \/>\n<meta property=\"og:locale\" content=\"lv_LV\" \/>\n<meta property=\"og:type\" content=\"article\" \/>\n<meta property=\"og:title\" content=\"Nodarb\u012bbu saraksts - Valmieras pirmsskolas izgl\u012bt\u012bbas iest\u0101de \u201cKR\u0100C\u012aTES\u201d\" \/>\n<meta property=\"og:description\" content=\"PIRMDIENA OTRDIENA TRE\u0160DIENA CETURTDIENA PIEKTDIENA Integr\u0113tas rota\u013cnodarb\u012bbas dienas garum\u0101 iek\u013caujot visas m\u0101c\u012bbu jomas Integr\u0113tas rota\u013cnodarb\u012bbas dienas garum\u0101 iek\u013caujot visas m\u0101c\u012bbu [&hellip;]\" \/>\n<meta property=\"og:url\" content=\"https:\/\/izglitiba.valmierasnovads.lv\/kracites\/nodarbibu-saraksts\/\" \/>\n<meta property=\"og:site_name\" content=\"Valmieras pirmsskolas izgl\u012bt\u012bbas iest\u0101de \u201cKR\u0100C\u012aTES\u201d\" \/>\n<meta property=\"article:modified_time\" content=\"2026-02-13T08:38:22+00:00\" \/>\n<meta name=\"twitter:card\" content=\"summary_large_image\" \/>\n<meta name=\"twitter:label1\" content=\"Est. reading time\" \/>\n\t<meta name=\"twitter:data1\" content=\"1 min\u016bte\" \/>\n<script type=\"application\/ld+json\" class=\"yoast-schema-graph\">{\"@context\":\"https:\/\/schema.org\",\"@graph\":[{\"@type\":\"WebPage\",\"@id\":\"https:\/\/izglitiba.valmierasnovads.lv\/kracites\/nodarbibu-saraksts\/\",\"url\":\"https:\/\/izglitiba.valmierasnovads.lv\/kracites\/nodarbibu-saraksts\/\",\"name\":\"Nodarb\u012bbu saraksts - Valmieras pirmsskolas izgl\u012bt\u012bbas iest\u0101de \u201cKR\u0100C\u012aTES\u201d\",\"isPartOf\":{\"@id\":\"https:\/\/izglitiba.valmierasnovads.lv\/kracites\/#website\"},\"datePublished\":\"2026-02-12T09:14:38+00:00\",\"dateModified\":\"2026-02-13T08:38:22+00:00\",\"breadcrumb\":{\"@id\":\"https:\/\/izglitiba.valmierasnovads.lv\/kracites\/nodarbibu-saraksts\/#breadcrumb\"},\"inLanguage\":\"lv-LV\",\"potentialAction\":[{\"@type\":\"ReadAction\",\"target\":[\"https:\/\/izglitiba.valmierasnovads.lv\/kracites\/nodarbibu-saraksts\/\"]}]},{\"@type\":\"BreadcrumbList\",\"@id\":\"https:\/\/izglitiba.valmierasnovads.lv\/kracites\/nodarbibu-saraksts\/#breadcrumb\",\"itemListElement\":[{\"@type\":\"ListItem\",\"position\":1,\"name\":\"Home\",\"item\":\"https:\/\/izglitiba.valmierasnovads.lv\/kracites\/\"},{\"@type\":\"ListItem\",\"position\":2,\"name\":\"Nodarb\u012bbu saraksts\"}]},{\"@type\":\"WebSite\",\"@id\":\"https:\/\/izglitiba.valmierasnovads.lv\/kracites\/#website\",\"url\":\"https:\/\/izglitiba.valmierasnovads.lv\/kracites\/\",\"name\":\"Valmieras pirmsskolas izgl\u012bt\u012bbas iest\u0101de \u201cKR\u0100C\u012aTES\u201d\",\"description\":\"\",\"publisher\":{\"@id\":\"https:\/\/izglitiba.valmierasnovads.lv\/kracites\/#organization\"},\"potentialAction\":[{\"@type\":\"SearchAction\",\"target\":{\"@type\":\"EntryPoint\",\"urlTemplate\":\"https:\/\/izglitiba.valmierasnovads.lv\/kracites\/?s={search_term_string}\"},\"query-input\":{\"@type\":\"PropertyValueSpecification\",\"valueRequired\":true,\"valueName\":\"search_term_string\"}}],\"inLanguage\":\"lv-LV\"},{\"@type\":\"Organization\",\"@id\":\"https:\/\/izglitiba.valmierasnovads.lv\/kracites\/#organization\",\"name\":\"Valmieras pirmsskolas izgl\u012bt\u012bbas iest\u0101de \u201cKR\u0100C\u012aTES\u201d\",\"url\":\"https:\/\/izglitiba.valmierasnovads.lv\/kracites\/\",\"logo\":{\"@type\":\"ImageObject\",\"inLanguage\":\"lv-LV\",\"@id\":\"https:\/\/izglitiba.valmierasnovads.lv\/kracites\/#\/schema\/logo\/image\/\",\"url\":\"https:\/\/izglitiba.valmierasnovads.lv\/kracites\/wp-content\/uploads\/sites\/5\/2026\/04\/cropped-Pirmsskolas-izglitibas-iestades-ar-pasu-logo-2-scaled-1-1.png\",\"contentUrl\":\"https:\/\/izglitiba.valmierasnovads.lv\/kracites\/wp-content\/uploads\/sites\/5\/2026\/04\/cropped-Pirmsskolas-izglitibas-iestades-ar-pasu-logo-2-scaled-1-1.png\",\"width\":1389,\"height\":405,\"caption\":\"Valmieras pirmsskolas izgl\u012bt\u012bbas iest\u0101de \u201cKR\u0100C\u012aTES\u201d\"},\"image\":{\"@id\":\"https:\/\/izglitiba.valmierasnovads.lv\/kracites\/#\/schema\/logo\/image\/\"}}]}<\/script>\n<!-- \/ Yoast SEO plugin. -->","yoast_head_json":{"title":"Nodarb\u012bbu saraksts - Valmieras pirmsskolas izgl\u012bt\u012bbas iest\u0101de \u201cKR\u0100C\u012aTES\u201d","robots":{"index":"index","follow":"follow","max-snippet":"max-snippet:-1","max-image-preview":"max-image-preview:large","max-video-preview":"max-video-preview:-1"},"canonical":"https:\/\/izglitiba.valmierasnovads.lv\/kracites\/nodarbibu-saraksts\/","og_locale":"lv_LV","og_type":"article","og_title":"Nodarb\u012bbu saraksts - Valmieras pirmsskolas izgl\u012bt\u012bbas iest\u0101de \u201cKR\u0100C\u012aTES\u201d","og_description":"PIRMDIENA OTRDIENA TRE\u0160DIENA CETURTDIENA PIEKTDIENA Integr\u0113tas rota\u013cnodarb\u012bbas dienas garum\u0101 iek\u013caujot visas m\u0101c\u012bbu jomas Integr\u0113tas rota\u013cnodarb\u012bbas dienas garum\u0101 iek\u013caujot visas m\u0101c\u012bbu [&hellip;]","og_url":"https:\/\/izglitiba.valmierasnovads.lv\/kracites\/nodarbibu-saraksts\/","og_site_name":"Valmieras pirmsskolas izgl\u012bt\u012bbas iest\u0101de \u201cKR\u0100C\u012aTES\u201d","article_modified_time":"2026-02-13T08:38:22+00:00","twitter_card":"summary_large_image","twitter_misc":{"Est. reading time":"1 min\u016bte"},"schema":{"@context":"https:\/\/schema.org","@graph":[{"@type":"WebPage","@id":"https:\/\/izglitiba.valmierasnovads.lv\/kracites\/nodarbibu-saraksts\/","url":"https:\/\/izglitiba.valmierasnovads.lv\/kracites\/nodarbibu-saraksts\/","name":"Nodarb\u012bbu saraksts - Valmieras pirmsskolas izgl\u012bt\u012bbas iest\u0101de \u201cKR\u0100C\u012aTES\u201d","isPartOf":{"@id":"https:\/\/izglitiba.valmierasnovads.lv\/kracites\/#website"},"datePublished":"2026-02-12T09:14:38+00:00","dateModified":"2026-02-13T08:38:22+00:00","breadcrumb":{"@id":"https:\/\/izglitiba.valmierasnovads.lv\/kracites\/nodarbibu-saraksts\/#breadcrumb"},"inLanguage":"lv-LV","potentialAction":[{"@type":"ReadAction","target":["https:\/\/izglitiba.valmierasnovads.lv\/kracites\/nodarbibu-saraksts\/"]}]},{"@type":"BreadcrumbList","@id":"https:\/\/izglitiba.valmierasnovads.lv\/kracites\/nodarbibu-saraksts\/#breadcrumb","itemListElement":[{"@type":"ListItem","position":1,"name":"Home","item":"https:\/\/izglitiba.valmierasnovads.lv\/kracites\/"},{"@type":"ListItem","position":2,"name":"Nodarb\u012bbu saraksts"}]},{"@type":"WebSite","@id":"https:\/\/izglitiba.valmierasnovads.lv\/kracites\/#website","url":"https:\/\/izglitiba.valmierasnovads.lv\/kracites\/","name":"Valmieras pirmsskolas izgl\u012bt\u012bbas iest\u0101de \u201cKR\u0100C\u012aTES\u201d","description":"","publisher":{"@id":"https:\/\/izglitiba.valmierasnovads.lv\/kracites\/#organization"},"potentialAction":[{"@type":"SearchAction","target":{"@type":"EntryPoint","urlTemplate":"https:\/\/izglitiba.valmierasnovads.lv\/kracites\/?s={search_term_string}"},"query-input":{"@type":"PropertyValueSpecification","valueRequired":true,"valueName":"search_term_string"}}],"inLanguage":"lv-LV"},{"@type":"Organization","@id":"https:\/\/izglitiba.valmierasnovads.lv\/kracites\/#organization","name":"Valmieras pirmsskolas izgl\u012bt\u012bbas iest\u0101de \u201cKR\u0100C\u012aTES\u201d","url":"https:\/\/izglitiba.valmierasnovads.lv\/kracites\/","logo":{"@type":"ImageObject","inLanguage":"lv-LV","@id":"https:\/\/izglitiba.valmierasnovads.lv\/kracites\/#\/schema\/logo\/image\/","url":"https:\/\/izglitiba.valmierasnovads.lv\/kracites\/wp-content\/uploads\/sites\/5\/2026\/04\/cropped-Pirmsskolas-izglitibas-iestades-ar-pasu-logo-2-scaled-1-1.png","contentUrl":"https:\/\/izglitiba.valmierasnovads.lv\/kracites\/wp-content\/uploads\/sites\/5\/2026\/04\/cropped-Pirmsskolas-izglitibas-iestades-ar-pasu-logo-2-scaled-1-1.png","width":1389,"height":405,"caption":"Valmieras pirmsskolas izgl\u012bt\u012bbas iest\u0101de \u201cKR\u0100C\u012aTES\u201d"},"image":{"@id":"https:\/\/izglitiba.valmierasnovads.lv\/kracites\/#\/schema\/logo\/image\/"}}]}},"_links":{"self":[{"href":"https:\/\/izglitiba.valmierasnovads.lv\/kracites\/wp-json\/wp\/v2\/pages\/499","targetHints":{"allow":["GET"]}}],"collection":[{"href":"https:\/\/izglitiba.valmierasnovads.lv\/kracites\/wp-json\/wp\/v2\/pages"}],"about":[{"href":"https:\/\/izglitiba.valmierasnovads.lv\/kracites\/wp-json\/wp\/v2\/types\/page"}],"author":[{"embeddable":true,"href":"https:\/\/izglitiba.valmierasnovads.lv\/kracites\/wp-json\/wp\/v2\/users\/69"}],"replies":[{"embeddable":true,"href":"https:\/\/izglitiba.valmierasnovads.lv\/kracites\/wp-json\/wp\/v2\/comments?post=499"}],"version-history":[{"count":4,"href":"https:\/\/izglitiba.valmierasnovads.lv\/kracites\/wp-json\/wp\/v2\/pages\/499\/revisions"}],"predecessor-version":[{"id":543,"href":"https:\/\/izglitiba.valmierasnovads.lv\/kracites\/wp-json\/wp\/v2\/pages\/499\/revisions\/543"}],"wp:attachment":[{"href":"https:\/\/izglitiba.valmierasnovads.lv\/kracites\/wp-json\/wp\/v2\/media?parent=499"}],"curies":[{"name":"wp","href":"https:\/\/api.w.org\/{rel}","templated":true}]}}