{"id":511,"date":"2026-02-12T11:20:42","date_gmt":"2026-02-12T09:20:42","guid":{"rendered":"https:\/\/izglitiba.valmierasnovads.lv\/kracites\/?page_id=511"},"modified":"2026-02-12T13:04:21","modified_gmt":"2026-02-12T11:04:21","slug":"adrese","status":"publish","type":"page","link":"https:\/\/izglitiba.valmierasnovads.lv\/kracites\/adrese\/","title":{"rendered":"Adrese"},"content":{"rendered":"\n<p>Juridisk\u0101 adrese: L\u0101\u010dpl\u0113\u0161a iela 2, Valmiera, Valmieras novads, LV-4201<br><\/p>\n\n\n\n<p>Iest\u0101des adrese: P\u0101rgaujas iela 11A, Valmiera, Valmieras novads, LV-4201<\/p>\n\n\n\n<p><\/p>\n","protected":false},"excerpt":{"rendered":"<p>Juridisk\u0101 adrese: L\u0101\u010dpl\u0113\u0161a iela 2, Valmiera, Valmieras novads, LV-4201 Iest\u0101des adrese: P\u0101rgaujas iela 11A, Valmiera, Valmieras novads, LV-4201<\/p>\n","protected":false},"author":69,"featured_media":0,"parent":0,"menu_order":0,"comment_status":"closed","ping_status":"closed","template":"","meta":{"_acf_changed":false,"site-sidebar-layout":"default","site-content-layout":"","ast-site-content-layout":"default","site-content-style":"default","site-sidebar-style":"default","ast-global-header-display":"","ast-banner-title-visibility":"","ast-main-header-display":"","ast-hfb-above-header-display":"","ast-hfb-below-header-display":"","ast-hfb-mobile-header-display":"","site-post-title":"","ast-breadcrumbs-content":"","ast-featured-img":"","footer-sml-layout":"","ast-disable-related-posts":"","theme-transparent-header-meta":"","adv-header-id-meta":"","stick-header-meta":"","header-above-stick-meta":"","header-main-stick-meta":"","header-below-stick-meta":"","astra-migrate-meta-layouts":"default","ast-page-background-enabled":"default","ast-page-background-meta":{"desktop":{"background-color":"var(--ast-global-color-5)","background-image":"","background-repeat":"repeat","background-position":"center center","background-size":"auto","background-attachment":"scroll","background-type":"","background-media":"","overlay-type":"","overlay-color":"","overlay-opacity":"","overlay-gradient":""},"tablet":{"background-color":"","background-image":"","background-repeat":"repeat","background-position":"center center","background-size":"auto","background-attachment":"scroll","background-type":"","background-media":"","overlay-type":"","overlay-color":"","overlay-opacity":"","overlay-gradient":""},"mobile":{"background-color":"","background-image":"","background-repeat":"repeat","background-position":"center center","background-size":"auto","background-attachment":"scroll","background-type":"","background-media":"","overlay-type":"","overlay-color":"","overlay-opacity":"","overlay-gradient":""}},"ast-content-background-meta":{"desktop":{"background-color":"var(--ast-global-color-4)","background-image":"","background-repeat":"repeat","background-position":"center center","background-size":"auto","background-attachment":"scroll","background-type":"","background-media":"","overlay-type":"","overlay-color":"","overlay-opacity":"","overlay-gradient":""},"tablet":{"background-color":"var(--ast-global-color-4)","background-image":"","background-repeat":"repeat","background-position":"center center","background-size":"auto","background-attachment":"scroll","background-type":"","background-media":"","overlay-type":"","overlay-color":"","overlay-opacity":"","overlay-gradient":""},"mobile":{"background-color":"var(--ast-global-color-4)","background-image":"","background-repeat":"repeat","background-position":"center center","background-size":"auto","background-attachment":"scroll","background-type":"","background-media":"","overlay-type":"","overlay-color":"","overlay-opacity":"","overlay-gradient":""}},"footnotes":""},"class_list":["post-511","page","type-page","status-publish","hentry"],"acf":[],"yoast_head":"<!-- This site is optimized with the Yoast SEO plugin v27.0 - https:\/\/yoast.com\/product\/yoast-seo-wordpress\/ -->\n<title>Adrese - Valmieras pirmsskolas izgl\u012bt\u012bbas iest\u0101de \u201cKR\u0100C\u012aTES\u201d<\/title>\n<meta name=\"robots\" content=\"index, follow, max-snippet:-1, max-image-preview:large, max-video-preview:-1\" \/>\n<link rel=\"canonical\" href=\"https:\/\/izglitiba.valmierasnovads.lv\/kracites\/adrese\/\" \/>\n<meta property=\"og:locale\" content=\"lv_LV\" \/>\n<meta property=\"og:type\" content=\"article\" \/>\n<meta property=\"og:title\" content=\"Adrese - Valmieras pirmsskolas izgl\u012bt\u012bbas iest\u0101de \u201cKR\u0100C\u012aTES\u201d\" \/>\n<meta property=\"og:description\" content=\"Juridisk\u0101 adrese: L\u0101\u010dpl\u0113\u0161a iela 2, Valmiera, Valmieras novads, LV-4201 Iest\u0101des adrese: P\u0101rgaujas iela 11A, Valmiera, Valmieras novads, LV-4201\" \/>\n<meta property=\"og:url\" content=\"https:\/\/izglitiba.valmierasnovads.lv\/kracites\/adrese\/\" \/>\n<meta property=\"og:site_name\" content=\"Valmieras pirmsskolas izgl\u012bt\u012bbas iest\u0101de \u201cKR\u0100C\u012aTES\u201d\" \/>\n<meta property=\"article:modified_time\" content=\"2026-02-12T11:04:21+00:00\" \/>\n<meta name=\"twitter:card\" content=\"summary_large_image\" \/>\n<meta name=\"twitter:label1\" content=\"Est. reading time\" \/>\n\t<meta name=\"twitter:data1\" content=\"1 min\u016bte\" \/>\n<script type=\"application\/ld+json\" class=\"yoast-schema-graph\">{\"@context\":\"https:\/\/schema.org\",\"@graph\":[{\"@type\":\"WebPage\",\"@id\":\"https:\/\/izglitiba.valmierasnovads.lv\/kracites\/adrese\/\",\"url\":\"https:\/\/izglitiba.valmierasnovads.lv\/kracites\/adrese\/\",\"name\":\"Adrese - Valmieras pirmsskolas izgl\u012bt\u012bbas iest\u0101de \u201cKR\u0100C\u012aTES\u201d\",\"isPartOf\":{\"@id\":\"https:\/\/izglitiba.valmierasnovads.lv\/kracites\/#website\"},\"datePublished\":\"2026-02-12T09:20:42+00:00\",\"dateModified\":\"2026-02-12T11:04:21+00:00\",\"breadcrumb\":{\"@id\":\"https:\/\/izglitiba.valmierasnovads.lv\/kracites\/adrese\/#breadcrumb\"},\"inLanguage\":\"lv-LV\",\"potentialAction\":[{\"@type\":\"ReadAction\",\"target\":[\"https:\/\/izglitiba.valmierasnovads.lv\/kracites\/adrese\/\"]}]},{\"@type\":\"BreadcrumbList\",\"@id\":\"https:\/\/izglitiba.valmierasnovads.lv\/kracites\/adrese\/#breadcrumb\",\"itemListElement\":[{\"@type\":\"ListItem\",\"position\":1,\"name\":\"Home\",\"item\":\"https:\/\/izglitiba.valmierasnovads.lv\/kracites\/\"},{\"@type\":\"ListItem\",\"position\":2,\"name\":\"Adrese\"}]},{\"@type\":\"WebSite\",\"@id\":\"https:\/\/izglitiba.valmierasnovads.lv\/kracites\/#website\",\"url\":\"https:\/\/izglitiba.valmierasnovads.lv\/kracites\/\",\"name\":\"Valmieras pirmsskolas izgl\u012bt\u012bbas iest\u0101de \u201cKR\u0100C\u012aTES\u201d\",\"description\":\"\",\"publisher\":{\"@id\":\"https:\/\/izglitiba.valmierasnovads.lv\/kracites\/#organization\"},\"potentialAction\":[{\"@type\":\"SearchAction\",\"target\":{\"@type\":\"EntryPoint\",\"urlTemplate\":\"https:\/\/izglitiba.valmierasnovads.lv\/kracites\/?s={search_term_string}\"},\"query-input\":{\"@type\":\"PropertyValueSpecification\",\"valueRequired\":true,\"valueName\":\"search_term_string\"}}],\"inLanguage\":\"lv-LV\"},{\"@type\":\"Organization\",\"@id\":\"https:\/\/izglitiba.valmierasnovads.lv\/kracites\/#organization\",\"name\":\"Valmieras pirmsskolas izgl\u012bt\u012bbas iest\u0101de \u201cKR\u0100C\u012aTES\u201d\",\"url\":\"https:\/\/izglitiba.valmierasnovads.lv\/kracites\/\",\"logo\":{\"@type\":\"ImageObject\",\"inLanguage\":\"lv-LV\",\"@id\":\"https:\/\/izglitiba.valmierasnovads.lv\/kracites\/#\/schema\/logo\/image\/\",\"url\":\"https:\/\/izglitiba.valmierasnovads.lv\/kracites\/wp-content\/uploads\/sites\/5\/2026\/04\/cropped-Pirmsskolas-izglitibas-iestades-ar-pasu-logo-2-scaled-1-1.png\",\"contentUrl\":\"https:\/\/izglitiba.valmierasnovads.lv\/kracites\/wp-content\/uploads\/sites\/5\/2026\/04\/cropped-Pirmsskolas-izglitibas-iestades-ar-pasu-logo-2-scaled-1-1.png\",\"width\":1389,\"height\":405,\"caption\":\"Valmieras pirmsskolas izgl\u012bt\u012bbas iest\u0101de \u201cKR\u0100C\u012aTES\u201d\"},\"image\":{\"@id\":\"https:\/\/izglitiba.valmierasnovads.lv\/kracites\/#\/schema\/logo\/image\/\"}}]}<\/script>\n<!-- \/ Yoast SEO plugin. -->","yoast_head_json":{"title":"Adrese - Valmieras pirmsskolas izgl\u012bt\u012bbas iest\u0101de \u201cKR\u0100C\u012aTES\u201d","robots":{"index":"index","follow":"follow","max-snippet":"max-snippet:-1","max-image-preview":"max-image-preview:large","max-video-preview":"max-video-preview:-1"},"canonical":"https:\/\/izglitiba.valmierasnovads.lv\/kracites\/adrese\/","og_locale":"lv_LV","og_type":"article","og_title":"Adrese - Valmieras pirmsskolas izgl\u012bt\u012bbas iest\u0101de \u201cKR\u0100C\u012aTES\u201d","og_description":"Juridisk\u0101 adrese: L\u0101\u010dpl\u0113\u0161a iela 2, Valmiera, Valmieras novads, LV-4201 Iest\u0101des adrese: P\u0101rgaujas iela 11A, Valmiera, Valmieras novads, LV-4201","og_url":"https:\/\/izglitiba.valmierasnovads.lv\/kracites\/adrese\/","og_site_name":"Valmieras pirmsskolas izgl\u012bt\u012bbas iest\u0101de \u201cKR\u0100C\u012aTES\u201d","article_modified_time":"2026-02-12T11:04:21+00:00","twitter_card":"summary_large_image","twitter_misc":{"Est. reading time":"1 min\u016bte"},"schema":{"@context":"https:\/\/schema.org","@graph":[{"@type":"WebPage","@id":"https:\/\/izglitiba.valmierasnovads.lv\/kracites\/adrese\/","url":"https:\/\/izglitiba.valmierasnovads.lv\/kracites\/adrese\/","name":"Adrese - Valmieras pirmsskolas izgl\u012bt\u012bbas iest\u0101de \u201cKR\u0100C\u012aTES\u201d","isPartOf":{"@id":"https:\/\/izglitiba.valmierasnovads.lv\/kracites\/#website"},"datePublished":"2026-02-12T09:20:42+00:00","dateModified":"2026-02-12T11:04:21+00:00","breadcrumb":{"@id":"https:\/\/izglitiba.valmierasnovads.lv\/kracites\/adrese\/#breadcrumb"},"inLanguage":"lv-LV","potentialAction":[{"@type":"ReadAction","target":["https:\/\/izglitiba.valmierasnovads.lv\/kracites\/adrese\/"]}]},{"@type":"BreadcrumbList","@id":"https:\/\/izglitiba.valmierasnovads.lv\/kracites\/adrese\/#breadcrumb","itemListElement":[{"@type":"ListItem","position":1,"name":"Home","item":"https:\/\/izglitiba.valmierasnovads.lv\/kracites\/"},{"@type":"ListItem","position":2,"name":"Adrese"}]},{"@type":"WebSite","@id":"https:\/\/izglitiba.valmierasnovads.lv\/kracites\/#website","url":"https:\/\/izglitiba.valmierasnovads.lv\/kracites\/","name":"Valmieras pirmsskolas izgl\u012bt\u012bbas iest\u0101de \u201cKR\u0100C\u012aTES\u201d","description":"","publisher":{"@id":"https:\/\/izglitiba.valmierasnovads.lv\/kracites\/#organization"},"potentialAction":[{"@type":"SearchAction","target":{"@type":"EntryPoint","urlTemplate":"https:\/\/izglitiba.valmierasnovads.lv\/kracites\/?s={search_term_string}"},"query-input":{"@type":"PropertyValueSpecification","valueRequired":true,"valueName":"search_term_string"}}],"inLanguage":"lv-LV"},{"@type":"Organization","@id":"https:\/\/izglitiba.valmierasnovads.lv\/kracites\/#organization","name":"Valmieras pirmsskolas izgl\u012bt\u012bbas iest\u0101de \u201cKR\u0100C\u012aTES\u201d","url":"https:\/\/izglitiba.valmierasnovads.lv\/kracites\/","logo":{"@type":"ImageObject","inLanguage":"lv-LV","@id":"https:\/\/izglitiba.valmierasnovads.lv\/kracites\/#\/schema\/logo\/image\/","url":"https:\/\/izglitiba.valmierasnovads.lv\/kracites\/wp-content\/uploads\/sites\/5\/2026\/04\/cropped-Pirmsskolas-izglitibas-iestades-ar-pasu-logo-2-scaled-1-1.png","contentUrl":"https:\/\/izglitiba.valmierasnovads.lv\/kracites\/wp-content\/uploads\/sites\/5\/2026\/04\/cropped-Pirmsskolas-izglitibas-iestades-ar-pasu-logo-2-scaled-1-1.png","width":1389,"height":405,"caption":"Valmieras pirmsskolas izgl\u012bt\u012bbas iest\u0101de \u201cKR\u0100C\u012aTES\u201d"},"image":{"@id":"https:\/\/izglitiba.valmierasnovads.lv\/kracites\/#\/schema\/logo\/image\/"}}]}},"_links":{"self":[{"href":"https:\/\/izglitiba.valmierasnovads.lv\/kracites\/wp-json\/wp\/v2\/pages\/511","targetHints":{"allow":["GET"]}}],"collection":[{"href":"https:\/\/izglitiba.valmierasnovads.lv\/kracites\/wp-json\/wp\/v2\/pages"}],"about":[{"href":"https:\/\/izglitiba.valmierasnovads.lv\/kracites\/wp-json\/wp\/v2\/types\/page"}],"author":[{"embeddable":true,"href":"https:\/\/izglitiba.valmierasnovads.lv\/kracites\/wp-json\/wp\/v2\/users\/69"}],"replies":[{"embeddable":true,"href":"https:\/\/izglitiba.valmierasnovads.lv\/kracites\/wp-json\/wp\/v2\/comments?post=511"}],"version-history":[{"count":3,"href":"https:\/\/izglitiba.valmierasnovads.lv\/kracites\/wp-json\/wp\/v2\/pages\/511\/revisions"}],"predecessor-version":[{"id":531,"href":"https:\/\/izglitiba.valmierasnovads.lv\/kracites\/wp-json\/wp\/v2\/pages\/511\/revisions\/531"}],"wp:attachment":[{"href":"https:\/\/izglitiba.valmierasnovads.lv\/kracites\/wp-json\/wp\/v2\/media?parent=511"}],"curies":[{"name":"wp","href":"https:\/\/api.w.org\/{rel}","templated":true}]}}