{"id":16,"date":"2025-06-26T08:07:38","date_gmt":"2025-06-26T05:07:38","guid":{"rendered":"https:\/\/izglitiba.valmierasnovads.lv\/kss\/kontakti\/"},"modified":"2025-11-02T16:47:55","modified_gmt":"2025-11-02T14:47:55","slug":"kontakti","status":"publish","type":"page","link":"https:\/\/izglitiba.valmierasnovads.lv\/kss\/kontakti\/","title":{"rendered":"Kontakti"},"content":{"rendered":"<p><strong>Koc\u0113nu sporta skola<\/strong><\/p>\n<p>Adrese: Alejas iela 4, Koc\u0113ni, Koc\u0113nu pagasts, Valmieras novads, LV-4220<\/p>\n<p>e-pasts:\u00a0 <a href=\"mailto:kocenu.sportaskola@valmiera.edu.lv\">kocenu.sportaskola@valmiera.edu.lv<\/a><\/p>\n<p>\u00a0<\/p>\n<p>REKVIZ\u012aTI:<\/p>\n<p><strong>Valmieras novada pa\u0161vald\u012bba<\/strong><br \/>Adrese: L\u0101\u010dpl\u0113\u0161a iela 2, Valmiera, Valmieras novads, LV-4201<br \/>Re\u0123istr\u0101cijas Nr. 90000043403<br \/>Banka: A\/S SEB banka<br \/>Kods: UNLALV2X<br \/>Konta Nr. LV94UNLA0018000142255<\/p>\n<p>\u00a0<\/p>\n\n\n<figure class=\"wp-block-table\"><table class=\"has-fixed-layout\"><tbody><tr><td><strong>J\u0101nis Dainis<\/strong><br>janis.dainis@valmiera.edu.lv<\/td><td>Direktors<\/td><td>27885551<\/td><\/tr><tr><td><strong>R\u016bta Ezerniece <\/strong><br>ruta.ezerniece@valmiera.edu.lv<\/td><td>Metodi\u0137e<\/td><td>26214627<\/td><\/tr><tr><td><strong> Dace Rozi\u0146a<\/strong><br>dace.rozina@valmiera.edu.lv<\/td><td>Lietvede<\/td><td>29427479<\/td><\/tr><\/tbody><\/table><\/figure>\n","protected":false},"excerpt":{"rendered":"<p>Koc\u0113nu sporta skola Adrese: Alejas iela 4, Koc\u0113ni, Koc\u0113nu pagasts, Valmieras novads, LV-4220 e-pasts:\u00a0 kocenu.sportaskola@valmiera.edu.lv \u00a0 REKVIZ\u012aTI: Valmieras novada pa\u0161vald\u012bbaAdrese: [&hellip;]<\/p>\n","protected":false},"author":1,"featured_media":0,"parent":0,"menu_order":0,"comment_status":"closed","ping_status":"closed","template":"","meta":{"_acf_changed":false,"site-sidebar-layout":"default","site-content-layout":"","ast-site-content-layout":"default","site-content-style":"default","site-sidebar-style":"default","ast-global-header-display":"","ast-banner-title-visibility":"","ast-main-header-display":"","ast-hfb-above-header-display":"","ast-hfb-below-header-display":"","ast-hfb-mobile-header-display":"","site-post-title":"","ast-breadcrumbs-content":"","ast-featured-img":"","footer-sml-layout":"","ast-disable-related-posts":"","theme-transparent-header-meta":"","adv-header-id-meta":"","stick-header-meta":"","header-above-stick-meta":"","header-main-stick-meta":"","header-below-stick-meta":"","astra-migrate-meta-layouts":"default","ast-page-background-enabled":"default","ast-page-background-meta":{"desktop":{"background-color":"var(--ast-global-color-5)","background-image":"","background-repeat":"repeat","background-position":"center center","background-size":"auto","background-attachment":"scroll","background-type":"","background-media":"","overlay-type":"","overlay-color":"","overlay-opacity":"","overlay-gradient":""},"tablet":{"background-color":"","background-image":"","background-repeat":"repeat","background-position":"center center","background-size":"auto","background-attachment":"scroll","background-type":"","background-media":"","overlay-type":"","overlay-color":"","overlay-opacity":"","overlay-gradient":""},"mobile":{"background-color":"","background-image":"","background-repeat":"repeat","background-position":"center center","background-size":"auto","background-attachment":"scroll","background-type":"","background-media":"","overlay-type":"","overlay-color":"","overlay-opacity":"","overlay-gradient":""}},"ast-content-background-meta":{"desktop":{"background-color":"var(--ast-global-color-4)","background-image":"","background-repeat":"repeat","background-position":"center center","background-size":"auto","background-attachment":"scroll","background-type":"","background-media":"","overlay-type":"","overlay-color":"","overlay-opacity":"","overlay-gradient":""},"tablet":{"background-color":"var(--ast-global-color-4)","background-image":"","background-repeat":"repeat","background-position":"center center","background-size":"auto","background-attachment":"scroll","background-type":"","background-media":"","overlay-type":"","overlay-color":"","overlay-opacity":"","overlay-gradient":""},"mobile":{"background-color":"var(--ast-global-color-4)","background-image":"","background-repeat":"repeat","background-position":"center center","background-size":"auto","background-attachment":"scroll","background-type":"","background-media":"","overlay-type":"","overlay-color":"","overlay-opacity":"","overlay-gradient":""}},"footnotes":""},"class_list":["post-16","page","type-page","status-publish","hentry"],"acf":[],"yoast_head":"<!-- This site is optimized with the Yoast SEO plugin v27.0 - https:\/\/yoast.com\/product\/yoast-seo-wordpress\/ -->\n<title>Kontakti - Koc\u0113nu Sporta skola<\/title>\n<meta name=\"robots\" content=\"index, follow, max-snippet:-1, max-image-preview:large, max-video-preview:-1\" \/>\n<link rel=\"canonical\" href=\"https:\/\/izglitiba.valmierasnovads.lv\/kss\/kontakti\/\" \/>\n<meta property=\"og:locale\" content=\"lv_LV\" \/>\n<meta property=\"og:type\" content=\"article\" \/>\n<meta property=\"og:title\" content=\"Kontakti - Koc\u0113nu Sporta skola\" \/>\n<meta property=\"og:description\" content=\"Koc\u0113nu sporta skola Adrese: Alejas iela 4, Koc\u0113ni, Koc\u0113nu pagasts, Valmieras novads, LV-4220 e-pasts:\u00a0 kocenu.sportaskola@valmiera.edu.lv \u00a0 REKVIZ\u012aTI: Valmieras novada pa\u0161vald\u012bbaAdrese: [&hellip;]\" \/>\n<meta property=\"og:url\" content=\"https:\/\/izglitiba.valmierasnovads.lv\/kss\/kontakti\/\" \/>\n<meta property=\"og:site_name\" content=\"Koc\u0113nu Sporta skola\" \/>\n<meta property=\"article:modified_time\" content=\"2025-11-02T14:47:55+00:00\" \/>\n<meta name=\"twitter:card\" content=\"summary_large_image\" \/>\n<meta name=\"twitter:label1\" content=\"Est. reading time\" \/>\n\t<meta name=\"twitter:data1\" content=\"1 min\u016bte\" \/>\n<script type=\"application\/ld+json\" class=\"yoast-schema-graph\">{\"@context\":\"https:\/\/schema.org\",\"@graph\":[{\"@type\":\"WebPage\",\"@id\":\"https:\/\/izglitiba.valmierasnovads.lv\/kss\/kontakti\/\",\"url\":\"https:\/\/izglitiba.valmierasnovads.lv\/kss\/kontakti\/\",\"name\":\"Kontakti - Koc\u0113nu Sporta skola\",\"isPartOf\":{\"@id\":\"https:\/\/izglitiba.valmierasnovads.lv\/kss\/#website\"},\"datePublished\":\"2025-06-26T05:07:38+00:00\",\"dateModified\":\"2025-11-02T14:47:55+00:00\",\"breadcrumb\":{\"@id\":\"https:\/\/izglitiba.valmierasnovads.lv\/kss\/kontakti\/#breadcrumb\"},\"inLanguage\":\"lv-LV\",\"potentialAction\":[{\"@type\":\"ReadAction\",\"target\":[\"https:\/\/izglitiba.valmierasnovads.lv\/kss\/kontakti\/\"]}]},{\"@type\":\"BreadcrumbList\",\"@id\":\"https:\/\/izglitiba.valmierasnovads.lv\/kss\/kontakti\/#breadcrumb\",\"itemListElement\":[{\"@type\":\"ListItem\",\"position\":1,\"name\":\"Home\",\"item\":\"https:\/\/izglitiba.valmierasnovads.lv\/kss\/\"},{\"@type\":\"ListItem\",\"position\":2,\"name\":\"Kontakti\"}]},{\"@type\":\"WebSite\",\"@id\":\"https:\/\/izglitiba.valmierasnovads.lv\/kss\/#website\",\"url\":\"https:\/\/izglitiba.valmierasnovads.lv\/kss\/\",\"name\":\"Koc\u0113nu Sporta skola\",\"description\":\"\",\"publisher\":{\"@id\":\"https:\/\/izglitiba.valmierasnovads.lv\/kss\/#organization\"},\"potentialAction\":[{\"@type\":\"SearchAction\",\"target\":{\"@type\":\"EntryPoint\",\"urlTemplate\":\"https:\/\/izglitiba.valmierasnovads.lv\/kss\/?s={search_term_string}\"},\"query-input\":{\"@type\":\"PropertyValueSpecification\",\"valueRequired\":true,\"valueName\":\"search_term_string\"}}],\"inLanguage\":\"lv-LV\"},{\"@type\":\"Organization\",\"@id\":\"https:\/\/izglitiba.valmierasnovads.lv\/kss\/#organization\",\"name\":\"Koc\u0113nu Sporta skola\",\"url\":\"https:\/\/izglitiba.valmierasnovads.lv\/kss\/\",\"logo\":{\"@type\":\"ImageObject\",\"inLanguage\":\"lv-LV\",\"@id\":\"https:\/\/izglitiba.valmierasnovads.lv\/kss\/#\/schema\/logo\/image\/\",\"url\":\"https:\/\/izglitiba.valmierasnovads.lv\/kss\/wp-content\/uploads\/sites\/36\/2026\/03\/Komplekta-ar-pasu-logo-19-scaled-e1774366980606.png\",\"contentUrl\":\"https:\/\/izglitiba.valmierasnovads.lv\/kss\/wp-content\/uploads\/sites\/36\/2026\/03\/Komplekta-ar-pasu-logo-19-scaled-e1774366980606.png\",\"width\":2035,\"height\":273,\"caption\":\"Koc\u0113nu Sporta skola\"},\"image\":{\"@id\":\"https:\/\/izglitiba.valmierasnovads.lv\/kss\/#\/schema\/logo\/image\/\"}}]}<\/script>\n<!-- \/ Yoast SEO plugin. -->","yoast_head_json":{"title":"Kontakti - Koc\u0113nu Sporta skola","robots":{"index":"index","follow":"follow","max-snippet":"max-snippet:-1","max-image-preview":"max-image-preview:large","max-video-preview":"max-video-preview:-1"},"canonical":"https:\/\/izglitiba.valmierasnovads.lv\/kss\/kontakti\/","og_locale":"lv_LV","og_type":"article","og_title":"Kontakti - Koc\u0113nu Sporta skola","og_description":"Koc\u0113nu sporta skola Adrese: Alejas iela 4, Koc\u0113ni, Koc\u0113nu pagasts, Valmieras novads, LV-4220 e-pasts:\u00a0 kocenu.sportaskola@valmiera.edu.lv \u00a0 REKVIZ\u012aTI: Valmieras novada pa\u0161vald\u012bbaAdrese: [&hellip;]","og_url":"https:\/\/izglitiba.valmierasnovads.lv\/kss\/kontakti\/","og_site_name":"Koc\u0113nu Sporta skola","article_modified_time":"2025-11-02T14:47:55+00:00","twitter_card":"summary_large_image","twitter_misc":{"Est. reading time":"1 min\u016bte"},"schema":{"@context":"https:\/\/schema.org","@graph":[{"@type":"WebPage","@id":"https:\/\/izglitiba.valmierasnovads.lv\/kss\/kontakti\/","url":"https:\/\/izglitiba.valmierasnovads.lv\/kss\/kontakti\/","name":"Kontakti - Koc\u0113nu Sporta skola","isPartOf":{"@id":"https:\/\/izglitiba.valmierasnovads.lv\/kss\/#website"},"datePublished":"2025-06-26T05:07:38+00:00","dateModified":"2025-11-02T14:47:55+00:00","breadcrumb":{"@id":"https:\/\/izglitiba.valmierasnovads.lv\/kss\/kontakti\/#breadcrumb"},"inLanguage":"lv-LV","potentialAction":[{"@type":"ReadAction","target":["https:\/\/izglitiba.valmierasnovads.lv\/kss\/kontakti\/"]}]},{"@type":"BreadcrumbList","@id":"https:\/\/izglitiba.valmierasnovads.lv\/kss\/kontakti\/#breadcrumb","itemListElement":[{"@type":"ListItem","position":1,"name":"Home","item":"https:\/\/izglitiba.valmierasnovads.lv\/kss\/"},{"@type":"ListItem","position":2,"name":"Kontakti"}]},{"@type":"WebSite","@id":"https:\/\/izglitiba.valmierasnovads.lv\/kss\/#website","url":"https:\/\/izglitiba.valmierasnovads.lv\/kss\/","name":"Koc\u0113nu Sporta skola","description":"","publisher":{"@id":"https:\/\/izglitiba.valmierasnovads.lv\/kss\/#organization"},"potentialAction":[{"@type":"SearchAction","target":{"@type":"EntryPoint","urlTemplate":"https:\/\/izglitiba.valmierasnovads.lv\/kss\/?s={search_term_string}"},"query-input":{"@type":"PropertyValueSpecification","valueRequired":true,"valueName":"search_term_string"}}],"inLanguage":"lv-LV"},{"@type":"Organization","@id":"https:\/\/izglitiba.valmierasnovads.lv\/kss\/#organization","name":"Koc\u0113nu Sporta skola","url":"https:\/\/izglitiba.valmierasnovads.lv\/kss\/","logo":{"@type":"ImageObject","inLanguage":"lv-LV","@id":"https:\/\/izglitiba.valmierasnovads.lv\/kss\/#\/schema\/logo\/image\/","url":"https:\/\/izglitiba.valmierasnovads.lv\/kss\/wp-content\/uploads\/sites\/36\/2026\/03\/Komplekta-ar-pasu-logo-19-scaled-e1774366980606.png","contentUrl":"https:\/\/izglitiba.valmierasnovads.lv\/kss\/wp-content\/uploads\/sites\/36\/2026\/03\/Komplekta-ar-pasu-logo-19-scaled-e1774366980606.png","width":2035,"height":273,"caption":"Koc\u0113nu Sporta skola"},"image":{"@id":"https:\/\/izglitiba.valmierasnovads.lv\/kss\/#\/schema\/logo\/image\/"}}]}},"_links":{"self":[{"href":"https:\/\/izglitiba.valmierasnovads.lv\/kss\/wp-json\/wp\/v2\/pages\/16","targetHints":{"allow":["GET"]}}],"collection":[{"href":"https:\/\/izglitiba.valmierasnovads.lv\/kss\/wp-json\/wp\/v2\/pages"}],"about":[{"href":"https:\/\/izglitiba.valmierasnovads.lv\/kss\/wp-json\/wp\/v2\/types\/page"}],"author":[{"embeddable":true,"href":"https:\/\/izglitiba.valmierasnovads.lv\/kss\/wp-json\/wp\/v2\/users\/1"}],"replies":[{"embeddable":true,"href":"https:\/\/izglitiba.valmierasnovads.lv\/kss\/wp-json\/wp\/v2\/comments?post=16"}],"version-history":[{"count":3,"href":"https:\/\/izglitiba.valmierasnovads.lv\/kss\/wp-json\/wp\/v2\/pages\/16\/revisions"}],"predecessor-version":[{"id":93,"href":"https:\/\/izglitiba.valmierasnovads.lv\/kss\/wp-json\/wp\/v2\/pages\/16\/revisions\/93"}],"wp:attachment":[{"href":"https:\/\/izglitiba.valmierasnovads.lv\/kss\/wp-json\/wp\/v2\/media?parent=16"}],"curies":[{"name":"wp","href":"https:\/\/api.w.org\/{rel}","templated":true}]}}