{"id":82,"date":"2025-10-29T13:55:59","date_gmt":"2025-10-29T11:55:59","guid":{"rendered":"https:\/\/izglitiba.valmierasnovads.lv\/matisuskola\/?page_id=82"},"modified":"2026-01-19T17:21:31","modified_gmt":"2026-01-19T15:21:31","slug":"skolotaji","status":"publish","type":"page","link":"https:\/\/izglitiba.valmierasnovads.lv\/matisuskola\/skolotaji\/","title":{"rendered":"Skolot\u0101ji"},"content":{"rendered":"\n<ul class=\"wp-block-list\">\n<li>Selga Skrasti\u0146a (5.klases skolot\u0101ja)<\/li>\n\n\n\n<li>Sanita Alberinga (1.klases skolot\u0101ja, Latvie\u0161u valodas un Te\u0101tra m\u0101kslas skolot\u0101ja)<\/li>\n\n\n\n<li>Baiba Imbrate (3.klases skolot\u0101ja, Krievu valodas skolot\u0101ja)<\/li>\n\n\n\n<li>Lelde Kalcenava (M\u016bzikas skolot\u0101ja)<\/li>\n\n\n\n<li>Krist\u012bne Sili\u0146a (2.klases skolot\u0101ja, pagarin\u0101t\u0101s grupas skolot\u0101ja)<\/li>\n\n\n\n<li>Inga Elste (4.klases skolot\u0101ja, Soci\u0101lo zin\u012bbu un V\u0113stures skolot\u0101ja)<\/li>\n\n\n\n<li>Lolita Za\u0137e (M\u016bzikas skolot\u0101ja, pagarin\u0101t\u0101s grupas skolot\u0101ja)<\/li>\n\n\n\n<li>Lilija Treigute ( Matem\u0101tikas un fizikas skolot\u0101ja)<\/li>\n\n\n\n<li>Inga Mudule (Latvie\u0161u valodas skolot\u0101ja)<\/li>\n\n\n\n<li>Rolands Pl\u016bmanis (8.klases skolot\u0101js, Ang\u013cu valodas skolot\u0101js)<\/li>\n\n\n\n<li>Agnese Valp\u0113tere (7.klases skolot\u0101ja, Dabas zin\u012bbu, \u0122eogr\u0101fijas, \u0136\u012bmijas un Biolo\u0123ijas skolot\u0101ja) <\/li>\n\n\n\n<li>M\u0101ris Antons (Sporta skolot\u0101js) <\/li>\n\n\n\n<li>Nade\u017eda Bari\u0161\u0146ikova(R\u016b\u0137\u012b\u0161u grupas skolot\u0101ja, PI grupu sporta skolot\u0101ja un skolas 1.-3.klases sporta skolot\u0101ja)<\/li>\n\n\n\n<li>Krist\u012bne \u010caune (Matem\u0101tikas skolot\u0101ja)<\/li>\n\n\n\n<li>Urzula Kronberga (6.klases skolot\u0101ja, Vizu\u0101l\u0101s m\u0101kslas , Dizaina un Tehnolo\u0123iju skolot\u0101ja<\/li>\n\n\n\n<li>Santa Piture (Ang\u013cu valodas skolot\u0101ja)<\/li>\n\n\n\n<li>Dace Alsi\u0146a (Literat\u016bras skolot\u0101ja)<\/li>\n\n\n\n<li>Ilze Mitane (Norv\u0113\u0123u valodas skolot\u0101ja)<\/li>\n\n\n\n<li>Dainis Cipruss (Datorikas skolot\u0101js)<\/li>\n\n\n\n<li>Krist\u012bne Daiga (metodi\u0137e un R\u016b\u0137\u012b\u0161u grupas skolot\u0101ja)<\/li>\n\n\n\n<li>Dace Rulle(R\u016b\u0137\u012b\u0161u grupas skolot\u0101ja)<\/li>\n\n\n\n<li>Alise Avdejeva(P\u016b\u010d\u012b\u0161u grupas skolot\u0101ja)<\/li>\n\n\n\n<li>Ilze Kov\u0161uka(P\u016b\u010d\u012b\u0161u grupas skolot\u0101ja)<\/li>\n\n\n\n<li>Aelita Laure(Z\u012b\u013cuku grupas skolot\u0101ja)<\/li>\n\n\n\n<li>Sandra Sili\u0146a-Ne\u013c\u0137e(Z\u012b\u013cuku grupas skolot\u0101ja)<\/li>\n\n\n\n<li>Daina M\u016brniece \/ Lelde Kalcenava(PI grupu m\u016bzikas skolot\u0101ja)<\/li>\n\n\n\n<li>Santa Bergmane (R\u016b\u0137\u012b\u0161u grupas skolot\u0101ja)<\/li>\n\n\n\n<li>Dzintra Bala\u0161ko (Skolot\u0101ju pal\u012bgs)<\/li>\n\n\n\n<li>Nora Altmane (Skolot\u0101ju pal\u012bgs)<\/li>\n\n\n\n<li>L\u012bga Za\u0137e (Skolot\u0101ju pal\u012bgs)<\/li>\n\n\n\n<li>Ulla Klasone (Skolot\u0101ju pal\u012bgs)<\/li>\n<\/ul>\n\n\n\n<p><\/p>\n","protected":false},"excerpt":{"rendered":"","protected":false},"author":52,"featured_media":0,"parent":0,"menu_order":0,"comment_status":"closed","ping_status":"closed","template":"","meta":{"_acf_changed":false,"site-sidebar-layout":"default","site-content-layout":"","ast-site-content-layout":"default","site-content-style":"default","site-sidebar-style":"default","ast-global-header-display":"","ast-banner-title-visibility":"","ast-main-header-display":"","ast-hfb-above-header-display":"","ast-hfb-below-header-display":"","ast-hfb-mobile-header-display":"","site-post-title":"","ast-breadcrumbs-content":"","ast-featured-img":"","footer-sml-layout":"","ast-disable-related-posts":"","theme-transparent-header-meta":"","adv-header-id-meta":"","stick-header-meta":"","header-above-stick-meta":"","header-main-stick-meta":"","header-below-stick-meta":"","astra-migrate-meta-layouts":"default","ast-page-background-enabled":"default","ast-page-background-meta":{"desktop":{"background-color":"var(--ast-global-color-5)","background-image":"","background-repeat":"repeat","background-position":"center center","background-size":"auto","background-attachment":"scroll","background-type":"","background-media":"","overlay-type":"","overlay-color":"","overlay-opacity":"","overlay-gradient":""},"tablet":{"background-color":"","background-image":"","background-repeat":"repeat","background-position":"center center","background-size":"auto","background-attachment":"scroll","background-type":"","background-media":"","overlay-type":"","overlay-color":"","overlay-opacity":"","overlay-gradient":""},"mobile":{"background-color":"","background-image":"","background-repeat":"repeat","background-position":"center center","background-size":"auto","background-attachment":"scroll","background-type":"","background-media":"","overlay-type":"","overlay-color":"","overlay-opacity":"","overlay-gradient":""}},"ast-content-background-meta":{"desktop":{"background-color":"var(--ast-global-color-4)","background-image":"","background-repeat":"repeat","background-position":"center center","background-size":"auto","background-attachment":"scroll","background-type":"","background-media":"","overlay-type":"","overlay-color":"","overlay-opacity":"","overlay-gradient":""},"tablet":{"background-color":"var(--ast-global-color-4)","background-image":"","background-repeat":"repeat","background-position":"center center","background-size":"auto","background-attachment":"scroll","background-type":"","background-media":"","overlay-type":"","overlay-color":"","overlay-opacity":"","overlay-gradient":""},"mobile":{"background-color":"var(--ast-global-color-4)","background-image":"","background-repeat":"repeat","background-position":"center center","background-size":"auto","background-attachment":"scroll","background-type":"","background-media":"","overlay-type":"","overlay-color":"","overlay-opacity":"","overlay-gradient":""}},"footnotes":""},"class_list":["post-82","page","type-page","status-publish","hentry"],"acf":[],"yoast_head":"<!-- This site is optimized with the Yoast SEO plugin v27.0 - https:\/\/yoast.com\/product\/yoast-seo-wordpress\/ -->\n<title>Skolot\u0101ji - Mat\u012b\u0161u pamatskola<\/title>\n<meta name=\"robots\" content=\"index, follow, max-snippet:-1, max-image-preview:large, max-video-preview:-1\" \/>\n<link rel=\"canonical\" href=\"https:\/\/izglitiba.valmierasnovads.lv\/matisuskola\/skolotaji\/\" \/>\n<meta property=\"og:locale\" content=\"lv_LV\" \/>\n<meta property=\"og:type\" content=\"article\" \/>\n<meta property=\"og:title\" content=\"Skolot\u0101ji - Mat\u012b\u0161u pamatskola\" \/>\n<meta property=\"og:url\" content=\"https:\/\/izglitiba.valmierasnovads.lv\/matisuskola\/skolotaji\/\" \/>\n<meta property=\"og:site_name\" content=\"Mat\u012b\u0161u pamatskola\" \/>\n<meta property=\"article:modified_time\" content=\"2026-01-19T15:21:31+00:00\" \/>\n<meta name=\"twitter:card\" content=\"summary_large_image\" \/>\n<meta name=\"twitter:label1\" content=\"Est. reading time\" \/>\n\t<meta name=\"twitter:data1\" content=\"1 min\u016bte\" \/>\n<script type=\"application\/ld+json\" class=\"yoast-schema-graph\">{\"@context\":\"https:\/\/schema.org\",\"@graph\":[{\"@type\":\"WebPage\",\"@id\":\"https:\/\/izglitiba.valmierasnovads.lv\/matisuskola\/skolotaji\/\",\"url\":\"https:\/\/izglitiba.valmierasnovads.lv\/matisuskola\/skolotaji\/\",\"name\":\"Skolot\u0101ji - Mat\u012b\u0161u pamatskola\",\"isPartOf\":{\"@id\":\"https:\/\/izglitiba.valmierasnovads.lv\/matisuskola\/#website\"},\"datePublished\":\"2025-10-29T11:55:59+00:00\",\"dateModified\":\"2026-01-19T15:21:31+00:00\",\"breadcrumb\":{\"@id\":\"https:\/\/izglitiba.valmierasnovads.lv\/matisuskola\/skolotaji\/#breadcrumb\"},\"inLanguage\":\"lv-LV\",\"potentialAction\":[{\"@type\":\"ReadAction\",\"target\":[\"https:\/\/izglitiba.valmierasnovads.lv\/matisuskola\/skolotaji\/\"]}]},{\"@type\":\"BreadcrumbList\",\"@id\":\"https:\/\/izglitiba.valmierasnovads.lv\/matisuskola\/skolotaji\/#breadcrumb\",\"itemListElement\":[{\"@type\":\"ListItem\",\"position\":1,\"name\":\"Home\",\"item\":\"https:\/\/izglitiba.valmierasnovads.lv\/matisuskola\/\"},{\"@type\":\"ListItem\",\"position\":2,\"name\":\"Skolot\u0101ji\"}]},{\"@type\":\"WebSite\",\"@id\":\"https:\/\/izglitiba.valmierasnovads.lv\/matisuskola\/#website\",\"url\":\"https:\/\/izglitiba.valmierasnovads.lv\/matisuskola\/\",\"name\":\"Mat\u012b\u0161u pamatskola\",\"description\":\"\",\"publisher\":{\"@id\":\"https:\/\/izglitiba.valmierasnovads.lv\/matisuskola\/#organization\"},\"potentialAction\":[{\"@type\":\"SearchAction\",\"target\":{\"@type\":\"EntryPoint\",\"urlTemplate\":\"https:\/\/izglitiba.valmierasnovads.lv\/matisuskola\/?s={search_term_string}\"},\"query-input\":{\"@type\":\"PropertyValueSpecification\",\"valueRequired\":true,\"valueName\":\"search_term_string\"}}],\"inLanguage\":\"lv-LV\"},{\"@type\":\"Organization\",\"@id\":\"https:\/\/izglitiba.valmierasnovads.lv\/matisuskola\/#organization\",\"name\":\"Mat\u012b\u0161u pamatskola\",\"url\":\"https:\/\/izglitiba.valmierasnovads.lv\/matisuskola\/\",\"logo\":{\"@type\":\"ImageObject\",\"inLanguage\":\"lv-LV\",\"@id\":\"https:\/\/izglitiba.valmierasnovads.lv\/matisuskola\/#\/schema\/logo\/image\/\",\"url\":\"https:\/\/izglitiba.valmierasnovads.lv\/matisuskola\/wp-content\/uploads\/sites\/22\/2025\/04\/cropped-Izglitibas-iestazu-uzraksti-web_Matisu-pamatskola-05-logo-1.png\",\"contentUrl\":\"https:\/\/izglitiba.valmierasnovads.lv\/matisuskola\/wp-content\/uploads\/sites\/22\/2025\/04\/cropped-Izglitibas-iestazu-uzraksti-web_Matisu-pamatskola-05-logo-1.png\",\"width\":8143,\"height\":2637,\"caption\":\"Mat\u012b\u0161u pamatskola\"},\"image\":{\"@id\":\"https:\/\/izglitiba.valmierasnovads.lv\/matisuskola\/#\/schema\/logo\/image\/\"}}]}<\/script>\n<!-- \/ Yoast SEO plugin. -->","yoast_head_json":{"title":"Skolot\u0101ji - Mat\u012b\u0161u pamatskola","robots":{"index":"index","follow":"follow","max-snippet":"max-snippet:-1","max-image-preview":"max-image-preview:large","max-video-preview":"max-video-preview:-1"},"canonical":"https:\/\/izglitiba.valmierasnovads.lv\/matisuskola\/skolotaji\/","og_locale":"lv_LV","og_type":"article","og_title":"Skolot\u0101ji - Mat\u012b\u0161u pamatskola","og_url":"https:\/\/izglitiba.valmierasnovads.lv\/matisuskola\/skolotaji\/","og_site_name":"Mat\u012b\u0161u pamatskola","article_modified_time":"2026-01-19T15:21:31+00:00","twitter_card":"summary_large_image","twitter_misc":{"Est. reading time":"1 min\u016bte"},"schema":{"@context":"https:\/\/schema.org","@graph":[{"@type":"WebPage","@id":"https:\/\/izglitiba.valmierasnovads.lv\/matisuskola\/skolotaji\/","url":"https:\/\/izglitiba.valmierasnovads.lv\/matisuskola\/skolotaji\/","name":"Skolot\u0101ji - Mat\u012b\u0161u pamatskola","isPartOf":{"@id":"https:\/\/izglitiba.valmierasnovads.lv\/matisuskola\/#website"},"datePublished":"2025-10-29T11:55:59+00:00","dateModified":"2026-01-19T15:21:31+00:00","breadcrumb":{"@id":"https:\/\/izglitiba.valmierasnovads.lv\/matisuskola\/skolotaji\/#breadcrumb"},"inLanguage":"lv-LV","potentialAction":[{"@type":"ReadAction","target":["https:\/\/izglitiba.valmierasnovads.lv\/matisuskola\/skolotaji\/"]}]},{"@type":"BreadcrumbList","@id":"https:\/\/izglitiba.valmierasnovads.lv\/matisuskola\/skolotaji\/#breadcrumb","itemListElement":[{"@type":"ListItem","position":1,"name":"Home","item":"https:\/\/izglitiba.valmierasnovads.lv\/matisuskola\/"},{"@type":"ListItem","position":2,"name":"Skolot\u0101ji"}]},{"@type":"WebSite","@id":"https:\/\/izglitiba.valmierasnovads.lv\/matisuskola\/#website","url":"https:\/\/izglitiba.valmierasnovads.lv\/matisuskola\/","name":"Mat\u012b\u0161u pamatskola","description":"","publisher":{"@id":"https:\/\/izglitiba.valmierasnovads.lv\/matisuskola\/#organization"},"potentialAction":[{"@type":"SearchAction","target":{"@type":"EntryPoint","urlTemplate":"https:\/\/izglitiba.valmierasnovads.lv\/matisuskola\/?s={search_term_string}"},"query-input":{"@type":"PropertyValueSpecification","valueRequired":true,"valueName":"search_term_string"}}],"inLanguage":"lv-LV"},{"@type":"Organization","@id":"https:\/\/izglitiba.valmierasnovads.lv\/matisuskola\/#organization","name":"Mat\u012b\u0161u pamatskola","url":"https:\/\/izglitiba.valmierasnovads.lv\/matisuskola\/","logo":{"@type":"ImageObject","inLanguage":"lv-LV","@id":"https:\/\/izglitiba.valmierasnovads.lv\/matisuskola\/#\/schema\/logo\/image\/","url":"https:\/\/izglitiba.valmierasnovads.lv\/matisuskola\/wp-content\/uploads\/sites\/22\/2025\/04\/cropped-Izglitibas-iestazu-uzraksti-web_Matisu-pamatskola-05-logo-1.png","contentUrl":"https:\/\/izglitiba.valmierasnovads.lv\/matisuskola\/wp-content\/uploads\/sites\/22\/2025\/04\/cropped-Izglitibas-iestazu-uzraksti-web_Matisu-pamatskola-05-logo-1.png","width":8143,"height":2637,"caption":"Mat\u012b\u0161u pamatskola"},"image":{"@id":"https:\/\/izglitiba.valmierasnovads.lv\/matisuskola\/#\/schema\/logo\/image\/"}}]}},"_links":{"self":[{"href":"https:\/\/izglitiba.valmierasnovads.lv\/matisuskola\/wp-json\/wp\/v2\/pages\/82","targetHints":{"allow":["GET"]}}],"collection":[{"href":"https:\/\/izglitiba.valmierasnovads.lv\/matisuskola\/wp-json\/wp\/v2\/pages"}],"about":[{"href":"https:\/\/izglitiba.valmierasnovads.lv\/matisuskola\/wp-json\/wp\/v2\/types\/page"}],"author":[{"embeddable":true,"href":"https:\/\/izglitiba.valmierasnovads.lv\/matisuskola\/wp-json\/wp\/v2\/users\/52"}],"replies":[{"embeddable":true,"href":"https:\/\/izglitiba.valmierasnovads.lv\/matisuskola\/wp-json\/wp\/v2\/comments?post=82"}],"version-history":[{"count":5,"href":"https:\/\/izglitiba.valmierasnovads.lv\/matisuskola\/wp-json\/wp\/v2\/pages\/82\/revisions"}],"predecessor-version":[{"id":229,"href":"https:\/\/izglitiba.valmierasnovads.lv\/matisuskola\/wp-json\/wp\/v2\/pages\/82\/revisions\/229"}],"wp:attachment":[{"href":"https:\/\/izglitiba.valmierasnovads.lv\/matisuskola\/wp-json\/wp\/v2\/media?parent=82"}],"curies":[{"name":"wp","href":"https:\/\/api.w.org\/{rel}","templated":true}]}}