{"id":179,"date":"2025-07-24T16:14:22","date_gmt":"2025-07-24T13:14:22","guid":{"rendered":"https:\/\/izglitiba.valmierasnovads.lv\/mazsalacaspiidarzins\/?page_id=179"},"modified":"2025-07-24T16:48:09","modified_gmt":"2025-07-24T13:48:09","slug":"darba-laiks","status":"publish","type":"page","link":"https:\/\/izglitiba.valmierasnovads.lv\/mazsalacaspiidarzins\/darba-laiks\/","title":{"rendered":"Darba laiks"},"content":{"rendered":"\n<div class=\"wp-block-columns is-layout-flex wp-container-core-columns-is-layout-28f84493 wp-block-columns-is-layout-flex\">\n<div class=\"wp-block-column is-layout-flow wp-block-column-is-layout-flow\" style=\"flex-basis:100%\"><style>.kb-table-container179_4a7d40-ba{overflow-x:auto;}.kb-table-container .kb-table179_4a7d40-ba th{padding-top:var(--global-kb-spacing-xxs, 0.5rem);padding-right:var(--global-kb-spacing-xxs, 0.5rem);padding-bottom:var(--global-kb-spacing-xxs, 0.5rem);padding-left:var(--global-kb-spacing-xxs, 0.5rem);text-align:center;}.kb-table-container .kb-table179_4a7d40-ba caption{text-align:center;}.kb-table-container .kb-table179_4a7d40-ba td{padding-top:var(--global-kb-spacing-xxs, 0.5rem);padding-right:var(--global-kb-spacing-xxs, 0.5rem);padding-bottom:var(--global-kb-spacing-xxs, 0.5rem);padding-left:var(--global-kb-spacing-xxs, 0.5rem);text-align:left;}<\/style><div class=\"kb-table-container kb-table-container179_4a7d40-ba is-style-stripes is-style-stripes wp-block-kadence-table\"><table class=\"kb-table kb-table179_4a7d40-ba\">\n<tr class=\"kb-table-row kb-table-row179_f97fa2-f8\">\n<td class=\"kb-table-data kb-table-data179_abd0be-5e\">\n\n<p class=\"has-text-align-center\"><strong>Pirmdiena<\/strong><\/p>\n\n<\/179_abd0be-5e>\n\n<td class=\"kb-table-data kb-table-data179_0d3ae9-b2\">\n\n<p class=\"has-text-align-center\">7:30 &#8211; 18:00<\/p>\n\n<\/179_0d3ae9-b2>\n<\/tr>\n\n<tr class=\"kb-table-row kb-table-row179_2c04b9-10\">\n<td class=\"kb-table-data kb-table-data179_3b5f07-32\">\n\n<p class=\"has-text-align-center\"><strong>Otrdiena<\/strong><\/p>\n\n<\/179_3b5f07-32>\n\n<td class=\"kb-table-data kb-table-data179_a0009d-cf\">\n\n<p class=\"has-text-align-center\">7:30 &#8211; 18:00<\/p>\n\n<\/179_a0009d-cf>\n<\/tr>\n\n<tr class=\"kb-table-row kb-table-row179_8803a0-2a\">\n<td class=\"kb-table-data kb-table-data179_bcc7d6-a1\">\n\n<p class=\"has-text-align-center\"><strong>Tre\u0161diena<\/strong><\/p>\n\n<\/179_bcc7d6-a1>\n\n<td class=\"kb-table-data kb-table-data179_a44406-04\">\n\n<p class=\"has-text-align-center\">7:30 &#8211; 18:00<\/p>\n\n<\/179_a44406-04>\n<\/tr>\n\n<tr class=\"kb-table-row kb-table-row179_c3d95c-54\">\n<td class=\"kb-table-data kb-table-data179_03cd4d-8b\">\n\n<p class=\"has-text-align-center\"><strong>Ceturtdiena<\/strong><\/p>\n\n<\/179_03cd4d-8b>\n\n<td class=\"kb-table-data kb-table-data179_e6c211-45\">\n\n<p class=\"has-text-align-center\">7:30 &#8211; 18:00<\/p>\n\n<\/179_e6c211-45>\n<\/tr>\n\n<tr class=\"kb-table-row kb-table-row179_83e07f-e3\">\n<td class=\"kb-table-data kb-table-data179_ec929e-b9\">\n\n<p class=\"has-text-align-center\"><strong>Piektdiena<\/strong><\/p>\n\n<\/179_ec929e-b9>\n\n<td class=\"kb-table-data kb-table-data179_29f5f8-34\">\n\n<p class=\"has-text-align-center\">7:30 &#8211; 18:00<\/p>\n\n<\/179_29f5f8-34>\n<\/tr>\n\n<tr class=\"kb-table-row kb-table-row179_c5a226-db\">\n<td class=\"kb-table-data kb-table-data179_28ff9c-ff\">\n\n<p class=\"has-text-align-center\"><strong>Sestdiena<\/strong><\/p>\n\n<\/179_28ff9c-ff>\n\n<td class=\"kb-table-data kb-table-data179_2b7452-f5\">\n\n<p class=\"has-text-align-center\">Sl\u0113gts<\/p>\n\n<\/179_2b7452-f5>\n<\/tr>\n\n<tr class=\"kb-table-row kb-table-row179_b88dbf-15\">\n<td class=\"kb-table-data kb-table-data179_85c7a7-4b\">\n\n<p class=\"has-text-align-center\"><strong>Sv\u0113tdiena<\/strong><\/p>\n\n<\/179_85c7a7-4b>\n\n<td class=\"kb-table-data kb-table-data179_f68660-e4\">\n\n<p class=\"has-text-align-center\">Sl\u0113gts<\/p>\n\n<\/179_f68660-e4>\n<\/tr>\n<\/table><\/div><\/div>\n<\/div>\n\n\n\n<p><\/p>\n","protected":false},"excerpt":{"rendered":"","protected":false},"author":14,"featured_media":0,"parent":0,"menu_order":0,"comment_status":"closed","ping_status":"closed","template":"","meta":{"_acf_changed":false,"site-sidebar-layout":"default","site-content-layout":"","ast-site-content-layout":"default","site-content-style":"default","site-sidebar-style":"default","ast-global-header-display":"","ast-banner-title-visibility":"","ast-main-header-display":"","ast-hfb-above-header-display":"","ast-hfb-below-header-display":"","ast-hfb-mobile-header-display":"","site-post-title":"","ast-breadcrumbs-content":"","ast-featured-img":"","footer-sml-layout":"","ast-disable-related-posts":"","theme-transparent-header-meta":"","adv-header-id-meta":"","stick-header-meta":"","header-above-stick-meta":"","header-main-stick-meta":"","header-below-stick-meta":"","astra-migrate-meta-layouts":"default","ast-page-background-enabled":"default","ast-page-background-meta":{"desktop":{"background-color":"var(--ast-global-color-5)","background-image":"","background-repeat":"repeat","background-position":"center center","background-size":"auto","background-attachment":"scroll","background-type":"","background-media":"","overlay-type":"","overlay-color":"","overlay-opacity":"","overlay-gradient":""},"tablet":{"background-color":"","background-image":"","background-repeat":"repeat","background-position":"center center","background-size":"auto","background-attachment":"scroll","background-type":"","background-media":"","overlay-type":"","overlay-color":"","overlay-opacity":"","overlay-gradient":""},"mobile":{"background-color":"","background-image":"","background-repeat":"repeat","background-position":"center center","background-size":"auto","background-attachment":"scroll","background-type":"","background-media":"","overlay-type":"","overlay-color":"","overlay-opacity":"","overlay-gradient":""}},"ast-content-background-meta":{"desktop":{"background-color":"var(--ast-global-color-4)","background-image":"","background-repeat":"repeat","background-position":"center center","background-size":"auto","background-attachment":"scroll","background-type":"","background-media":"","overlay-type":"","overlay-color":"","overlay-opacity":"","overlay-gradient":""},"tablet":{"background-color":"var(--ast-global-color-4)","background-image":"","background-repeat":"repeat","background-position":"center center","background-size":"auto","background-attachment":"scroll","background-type":"","background-media":"","overlay-type":"","overlay-color":"","overlay-opacity":"","overlay-gradient":""},"mobile":{"background-color":"var(--ast-global-color-4)","background-image":"","background-repeat":"repeat","background-position":"center center","background-size":"auto","background-attachment":"scroll","background-type":"","background-media":"","overlay-type":"","overlay-color":"","overlay-opacity":"","overlay-gradient":""}},"footnotes":""},"class_list":["post-179","page","type-page","status-publish","hentry"],"acf":[],"yoast_head":"<!-- This site is optimized with the Yoast SEO plugin v27.0 - https:\/\/yoast.com\/product\/yoast-seo-wordpress\/ -->\n<title>Darba laiks - Mazsalacas pirmsskolas izgl\u012bt\u012bbas iest\u0101de \u201cD\u0101rzi\u0146\u0161\u201d<\/title>\n<meta name=\"robots\" content=\"index, follow, max-snippet:-1, max-image-preview:large, max-video-preview:-1\" \/>\n<link rel=\"canonical\" href=\"https:\/\/izglitiba.valmierasnovads.lv\/mazsalacaspiidarzins\/darba-laiks\/\" \/>\n<meta property=\"og:locale\" content=\"lv_LV\" \/>\n<meta property=\"og:type\" content=\"article\" \/>\n<meta property=\"og:title\" content=\"Darba laiks - Mazsalacas pirmsskolas izgl\u012bt\u012bbas iest\u0101de \u201cD\u0101rzi\u0146\u0161\u201d\" \/>\n<meta property=\"og:url\" content=\"https:\/\/izglitiba.valmierasnovads.lv\/mazsalacaspiidarzins\/darba-laiks\/\" \/>\n<meta property=\"og:site_name\" content=\"Mazsalacas pirmsskolas izgl\u012bt\u012bbas iest\u0101de \u201cD\u0101rzi\u0146\u0161\u201d\" \/>\n<meta property=\"article:modified_time\" content=\"2025-07-24T13:48:09+00:00\" \/>\n<meta name=\"twitter:card\" content=\"summary_large_image\" \/>\n<meta name=\"twitter:label1\" content=\"Est. reading time\" \/>\n\t<meta name=\"twitter:data1\" content=\"1 min\u016bte\" \/>\n<script type=\"application\/ld+json\" class=\"yoast-schema-graph\">{\"@context\":\"https:\/\/schema.org\",\"@graph\":[{\"@type\":\"WebPage\",\"@id\":\"https:\/\/izglitiba.valmierasnovads.lv\/mazsalacaspiidarzins\/darba-laiks\/\",\"url\":\"https:\/\/izglitiba.valmierasnovads.lv\/mazsalacaspiidarzins\/darba-laiks\/\",\"name\":\"Darba laiks - Mazsalacas pirmsskolas izgl\u012bt\u012bbas iest\u0101de \u201cD\u0101rzi\u0146\u0161\u201d\",\"isPartOf\":{\"@id\":\"https:\/\/izglitiba.valmierasnovads.lv\/mazsalacaspiidarzins\/#website\"},\"datePublished\":\"2025-07-24T13:14:22+00:00\",\"dateModified\":\"2025-07-24T13:48:09+00:00\",\"breadcrumb\":{\"@id\":\"https:\/\/izglitiba.valmierasnovads.lv\/mazsalacaspiidarzins\/darba-laiks\/#breadcrumb\"},\"inLanguage\":\"lv-LV\",\"potentialAction\":[{\"@type\":\"ReadAction\",\"target\":[\"https:\/\/izglitiba.valmierasnovads.lv\/mazsalacaspiidarzins\/darba-laiks\/\"]}]},{\"@type\":\"BreadcrumbList\",\"@id\":\"https:\/\/izglitiba.valmierasnovads.lv\/mazsalacaspiidarzins\/darba-laiks\/#breadcrumb\",\"itemListElement\":[{\"@type\":\"ListItem\",\"position\":1,\"name\":\"Home\",\"item\":\"https:\/\/izglitiba.valmierasnovads.lv\/mazsalacaspiidarzins\/\"},{\"@type\":\"ListItem\",\"position\":2,\"name\":\"Darba laiks\"}]},{\"@type\":\"WebSite\",\"@id\":\"https:\/\/izglitiba.valmierasnovads.lv\/mazsalacaspiidarzins\/#website\",\"url\":\"https:\/\/izglitiba.valmierasnovads.lv\/mazsalacaspiidarzins\/\",\"name\":\"Mazsalacas pirmsskolas izgl\u012bt\u012bbas iest\u0101de \u201cD\u0101rzi\u0146\u0161\u201d\",\"description\":\"\",\"publisher\":{\"@id\":\"https:\/\/izglitiba.valmierasnovads.lv\/mazsalacaspiidarzins\/#organization\"},\"potentialAction\":[{\"@type\":\"SearchAction\",\"target\":{\"@type\":\"EntryPoint\",\"urlTemplate\":\"https:\/\/izglitiba.valmierasnovads.lv\/mazsalacaspiidarzins\/?s={search_term_string}\"},\"query-input\":{\"@type\":\"PropertyValueSpecification\",\"valueRequired\":true,\"valueName\":\"search_term_string\"}}],\"inLanguage\":\"lv-LV\"},{\"@type\":\"Organization\",\"@id\":\"https:\/\/izglitiba.valmierasnovads.lv\/mazsalacaspiidarzins\/#organization\",\"name\":\"Mazsalacas pirmsskolas izgl\u012bt\u012bbas iest\u0101de \u201cD\u0101rzi\u0146\u0161\u201d\",\"url\":\"https:\/\/izglitiba.valmierasnovads.lv\/mazsalacaspiidarzins\/\",\"logo\":{\"@type\":\"ImageObject\",\"inLanguage\":\"lv-LV\",\"@id\":\"https:\/\/izglitiba.valmierasnovads.lv\/mazsalacaspiidarzins\/#\/schema\/logo\/image\/\",\"url\":\"https:\/\/izglitiba.valmierasnovads.lv\/mazsalacaspiidarzins\/wp-content\/uploads\/sites\/11\/2026\/03\/cropped-Pirmsskolas-izglitibas-iestades-ar-pasu-logo-3-scaled-1.png\",\"contentUrl\":\"https:\/\/izglitiba.valmierasnovads.lv\/mazsalacaspiidarzins\/wp-content\/uploads\/sites\/11\/2026\/03\/cropped-Pirmsskolas-izglitibas-iestades-ar-pasu-logo-3-scaled-1.png\",\"width\":1365,\"height\":406,\"caption\":\"Mazsalacas pirmsskolas izgl\u012bt\u012bbas iest\u0101de \u201cD\u0101rzi\u0146\u0161\u201d\"},\"image\":{\"@id\":\"https:\/\/izglitiba.valmierasnovads.lv\/mazsalacaspiidarzins\/#\/schema\/logo\/image\/\"}}]}<\/script>\n<!-- \/ Yoast SEO plugin. -->","yoast_head_json":{"title":"Darba laiks - Mazsalacas pirmsskolas izgl\u012bt\u012bbas iest\u0101de \u201cD\u0101rzi\u0146\u0161\u201d","robots":{"index":"index","follow":"follow","max-snippet":"max-snippet:-1","max-image-preview":"max-image-preview:large","max-video-preview":"max-video-preview:-1"},"canonical":"https:\/\/izglitiba.valmierasnovads.lv\/mazsalacaspiidarzins\/darba-laiks\/","og_locale":"lv_LV","og_type":"article","og_title":"Darba laiks - Mazsalacas pirmsskolas izgl\u012bt\u012bbas iest\u0101de \u201cD\u0101rzi\u0146\u0161\u201d","og_url":"https:\/\/izglitiba.valmierasnovads.lv\/mazsalacaspiidarzins\/darba-laiks\/","og_site_name":"Mazsalacas pirmsskolas izgl\u012bt\u012bbas iest\u0101de \u201cD\u0101rzi\u0146\u0161\u201d","article_modified_time":"2025-07-24T13:48:09+00:00","twitter_card":"summary_large_image","twitter_misc":{"Est. reading time":"1 min\u016bte"},"schema":{"@context":"https:\/\/schema.org","@graph":[{"@type":"WebPage","@id":"https:\/\/izglitiba.valmierasnovads.lv\/mazsalacaspiidarzins\/darba-laiks\/","url":"https:\/\/izglitiba.valmierasnovads.lv\/mazsalacaspiidarzins\/darba-laiks\/","name":"Darba laiks - Mazsalacas pirmsskolas izgl\u012bt\u012bbas iest\u0101de \u201cD\u0101rzi\u0146\u0161\u201d","isPartOf":{"@id":"https:\/\/izglitiba.valmierasnovads.lv\/mazsalacaspiidarzins\/#website"},"datePublished":"2025-07-24T13:14:22+00:00","dateModified":"2025-07-24T13:48:09+00:00","breadcrumb":{"@id":"https:\/\/izglitiba.valmierasnovads.lv\/mazsalacaspiidarzins\/darba-laiks\/#breadcrumb"},"inLanguage":"lv-LV","potentialAction":[{"@type":"ReadAction","target":["https:\/\/izglitiba.valmierasnovads.lv\/mazsalacaspiidarzins\/darba-laiks\/"]}]},{"@type":"BreadcrumbList","@id":"https:\/\/izglitiba.valmierasnovads.lv\/mazsalacaspiidarzins\/darba-laiks\/#breadcrumb","itemListElement":[{"@type":"ListItem","position":1,"name":"Home","item":"https:\/\/izglitiba.valmierasnovads.lv\/mazsalacaspiidarzins\/"},{"@type":"ListItem","position":2,"name":"Darba laiks"}]},{"@type":"WebSite","@id":"https:\/\/izglitiba.valmierasnovads.lv\/mazsalacaspiidarzins\/#website","url":"https:\/\/izglitiba.valmierasnovads.lv\/mazsalacaspiidarzins\/","name":"Mazsalacas pirmsskolas izgl\u012bt\u012bbas iest\u0101de \u201cD\u0101rzi\u0146\u0161\u201d","description":"","publisher":{"@id":"https:\/\/izglitiba.valmierasnovads.lv\/mazsalacaspiidarzins\/#organization"},"potentialAction":[{"@type":"SearchAction","target":{"@type":"EntryPoint","urlTemplate":"https:\/\/izglitiba.valmierasnovads.lv\/mazsalacaspiidarzins\/?s={search_term_string}"},"query-input":{"@type":"PropertyValueSpecification","valueRequired":true,"valueName":"search_term_string"}}],"inLanguage":"lv-LV"},{"@type":"Organization","@id":"https:\/\/izglitiba.valmierasnovads.lv\/mazsalacaspiidarzins\/#organization","name":"Mazsalacas pirmsskolas izgl\u012bt\u012bbas iest\u0101de \u201cD\u0101rzi\u0146\u0161\u201d","url":"https:\/\/izglitiba.valmierasnovads.lv\/mazsalacaspiidarzins\/","logo":{"@type":"ImageObject","inLanguage":"lv-LV","@id":"https:\/\/izglitiba.valmierasnovads.lv\/mazsalacaspiidarzins\/#\/schema\/logo\/image\/","url":"https:\/\/izglitiba.valmierasnovads.lv\/mazsalacaspiidarzins\/wp-content\/uploads\/sites\/11\/2026\/03\/cropped-Pirmsskolas-izglitibas-iestades-ar-pasu-logo-3-scaled-1.png","contentUrl":"https:\/\/izglitiba.valmierasnovads.lv\/mazsalacaspiidarzins\/wp-content\/uploads\/sites\/11\/2026\/03\/cropped-Pirmsskolas-izglitibas-iestades-ar-pasu-logo-3-scaled-1.png","width":1365,"height":406,"caption":"Mazsalacas pirmsskolas izgl\u012bt\u012bbas iest\u0101de \u201cD\u0101rzi\u0146\u0161\u201d"},"image":{"@id":"https:\/\/izglitiba.valmierasnovads.lv\/mazsalacaspiidarzins\/#\/schema\/logo\/image\/"}}]}},"_links":{"self":[{"href":"https:\/\/izglitiba.valmierasnovads.lv\/mazsalacaspiidarzins\/wp-json\/wp\/v2\/pages\/179","targetHints":{"allow":["GET"]}}],"collection":[{"href":"https:\/\/izglitiba.valmierasnovads.lv\/mazsalacaspiidarzins\/wp-json\/wp\/v2\/pages"}],"about":[{"href":"https:\/\/izglitiba.valmierasnovads.lv\/mazsalacaspiidarzins\/wp-json\/wp\/v2\/types\/page"}],"author":[{"embeddable":true,"href":"https:\/\/izglitiba.valmierasnovads.lv\/mazsalacaspiidarzins\/wp-json\/wp\/v2\/users\/14"}],"replies":[{"embeddable":true,"href":"https:\/\/izglitiba.valmierasnovads.lv\/mazsalacaspiidarzins\/wp-json\/wp\/v2\/comments?post=179"}],"version-history":[{"count":7,"href":"https:\/\/izglitiba.valmierasnovads.lv\/mazsalacaspiidarzins\/wp-json\/wp\/v2\/pages\/179\/revisions"}],"predecessor-version":[{"id":216,"href":"https:\/\/izglitiba.valmierasnovads.lv\/mazsalacaspiidarzins\/wp-json\/wp\/v2\/pages\/179\/revisions\/216"}],"wp:attachment":[{"href":"https:\/\/izglitiba.valmierasnovads.lv\/mazsalacaspiidarzins\/wp-json\/wp\/v2\/media?parent=179"}],"curies":[{"name":"wp","href":"https:\/\/api.w.org\/{rel}","templated":true}]}}