{"id":237,"date":"2025-07-25T09:23:24","date_gmt":"2025-07-25T06:23:24","guid":{"rendered":"https:\/\/izglitiba.valmierasnovads.lv\/mazsalacaspiidarzins\/?page_id=237"},"modified":"2025-10-14T10:38:39","modified_gmt":"2025-10-14T07:38:39","slug":"dokumenti","status":"publish","type":"page","link":"https:\/\/izglitiba.valmierasnovads.lv\/mazsalacaspiidarzins\/dokumenti\/","title":{"rendered":"Dokumenti"},"content":{"rendered":"\n<p>Nr. 3-10\/1 <strong>Iek\u0161\u0113j\u0101s k\u0101rt\u012bbas noteikumi<\/strong><\/p>\n\n\n\n<p>Nr. 3-10\/2 <strong>K\u0101rt\u012bba, k\u0101d\u0101 r\u012bkojas b\u0113rna infekcijas slim\u012bbu gad\u012bjumos<\/strong><\/p>\n\n\n\n<p>Nr. 3-10\/9 <strong>K\u0101rt\u012bba par vad\u012bt\u0101ja un pedagogu r\u012bc\u012bbu, ja tiek konstat\u0113ta fiziska vai emocion\u0101la vardarb\u012bba pret izgl\u012btojamo<\/strong><\/p>\n\n\n\n<p>Nr. 3-10\/12 <strong>Izgl\u012bt\u012bbas iest\u0101des padomes reglaments\u00a0<\/strong><\/p>\n\n\n\n<p>Nr. 3-10\/13 <strong>Izgl\u012btojamo dro\u0161\u012bbas noteikumi\u00a0<\/strong><\/p>\n\n\n\n<p>Nr. 3-10\/14 <strong>Izgl\u012btojamo v\u0113rt\u0113\u0161anas k\u0101rt\u012bbas noteikumi<\/strong><\/p>\n\n\n\n<p>Nr.3-10\/18 <strong>Peld\u0113\u0161anas nodarb\u012bbu organiz\u0113\u0161ana un dro\u0161\u012bbas noteikumi<\/strong><\/p>\n\n\n\n<p>Nr. 3-10\/19 <strong>Iesniegumu izskat\u012b\u0161anas k\u0101rt\u012bba<\/strong><\/p>\n\n\n\n<h4 class=\"wp-block-heading\">Mazsalacas pirmsskolas izgl\u012bt\u012bbas iest\u0101des &#8220;D\u0101rzi\u0146\u0161&#8221;<strong> iek\u0161\u0113j\u0101s k\u0101rt\u012bbas noteikumi<\/strong><\/h4>\n\n\n\n<div data-wp-interactive=\"core\/file\" class=\"wp-block-file\"><object data-wp-bind--hidden=\"!state.hasPdfPreview\" hidden class=\"wp-block-file__embed\" data=\"https:\/\/izglitiba.valmierasnovads.lv\/mazsalacaspiidarzins\/wp-content\/uploads\/sites\/11\/2025\/09\/3-10-1-PII_ieksejas_kart_noteikumi.pdf\" type=\"application\/pdf\" style=\"width:100%;height:600px\" aria-label=\"Iegult 3-10-1 PII_ieksejas_kart_noteikumi.\"><\/object><a id=\"wp-block-file--media-7655698a-e83a-459e-bd92-fcb24911c1bd\" href=\"https:\/\/izglitiba.valmierasnovads.lv\/mazsalacaspiidarzins\/wp-content\/uploads\/sites\/11\/2025\/09\/3-10-1-PII_ieksejas_kart_noteikumi.pdf\">3-10-1 PII_ieksejas_kart_noteikumi<\/a><a href=\"https:\/\/izglitiba.valmierasnovads.lv\/mazsalacaspiidarzins\/wp-content\/uploads\/sites\/11\/2025\/09\/3-10-1-PII_ieksejas_kart_noteikumi.pdf\" class=\"wp-block-file__button wp-element-button\" download aria-describedby=\"wp-block-file--media-7655698a-e83a-459e-bd92-fcb24911c1bd\">Lejupiel\u0101d\u0113t<\/a><\/div>\n\n\n\n<div data-wp-interactive=\"core\/file\" class=\"wp-block-file\"><object data-wp-bind--hidden=\"!state.hasPdfPreview\" hidden class=\"wp-block-file__embed\" data=\"https:\/\/izglitiba.valmierasnovads.lv\/mazsalacaspiidarzins\/wp-content\/uploads\/sites\/11\/2025\/10\/3-10-2-Kartiba-kada-rikojas-berna-infekcijas-slimibu-gadijumos.pdf\" type=\"application\/pdf\" style=\"width:100%;height:600px\" aria-label=\"Iegult 3-10-2 K\u0101rt\u012bba, k\u0101d\u0101 r\u012bkojas b\u0113rna infekcijas slim\u012bbu gad\u012bjumos.\"><\/object><a id=\"wp-block-file--media-e93cca49-a3b8-4a70-86d6-3f5f17b72192\" href=\"https:\/\/izglitiba.valmierasnovads.lv\/mazsalacaspiidarzins\/wp-content\/uploads\/sites\/11\/2025\/10\/3-10-2-Kartiba-kada-rikojas-berna-infekcijas-slimibu-gadijumos.pdf\">3-10-2 K\u0101rt\u012bba, k\u0101d\u0101 r\u012bkojas b\u0113rna infekcijas slim\u012bbu gad\u012bjumos<\/a><a href=\"https:\/\/izglitiba.valmierasnovads.lv\/mazsalacaspiidarzins\/wp-content\/uploads\/sites\/11\/2025\/10\/3-10-2-Kartiba-kada-rikojas-berna-infekcijas-slimibu-gadijumos.pdf\" class=\"wp-block-file__button wp-element-button\" download aria-describedby=\"wp-block-file--media-e93cca49-a3b8-4a70-86d6-3f5f17b72192\">Lejupiel\u0101d\u0113t<\/a><\/div>\n\n\n\n<div data-wp-interactive=\"core\/file\" class=\"wp-block-file\"><object data-wp-bind--hidden=\"!state.hasPdfPreview\" hidden class=\"wp-block-file__embed\" data=\"https:\/\/izglitiba.valmierasnovads.lv\/mazsalacaspiidarzins\/wp-content\/uploads\/sites\/11\/2025\/10\/3-10-9-Kartiba-par-vaditaja-un-pedagogu-ricibu-ja-tiek-konstateta-fiziska-vai-emocionala-vardarbiba-pret-izglitojamo.pdf\" type=\"application\/pdf\" style=\"width:100%;height:600px\" aria-label=\"Iegult 3-10-9 K\u0101rt\u012bba par vad\u012bt\u0101ja un pedagogu r\u012bc\u012bbu, ja tiek konstat\u0113ta fiziska vai emocion\u0101la vardarb\u012bba pret izgl\u012btojamo.\"><\/object><a id=\"wp-block-file--media-69d28dc4-0097-4611-b672-649709c02077\" href=\"https:\/\/izglitiba.valmierasnovads.lv\/mazsalacaspiidarzins\/wp-content\/uploads\/sites\/11\/2025\/10\/3-10-9-Kartiba-par-vaditaja-un-pedagogu-ricibu-ja-tiek-konstateta-fiziska-vai-emocionala-vardarbiba-pret-izglitojamo.pdf\">3-10-9 K\u0101rt\u012bba par vad\u012bt\u0101ja un pedagogu r\u012bc\u012bbu, ja tiek konstat\u0113ta fiziska vai emocion\u0101la vardarb\u012bba pret izgl\u012btojamo<\/a><a href=\"https:\/\/izglitiba.valmierasnovads.lv\/mazsalacaspiidarzins\/wp-content\/uploads\/sites\/11\/2025\/10\/3-10-9-Kartiba-par-vaditaja-un-pedagogu-ricibu-ja-tiek-konstateta-fiziska-vai-emocionala-vardarbiba-pret-izglitojamo.pdf\" class=\"wp-block-file__button wp-element-button\" download aria-describedby=\"wp-block-file--media-69d28dc4-0097-4611-b672-649709c02077\">Lejupiel\u0101d\u0113t<\/a><\/div>\n\n\n\n<div data-wp-interactive=\"core\/file\" class=\"wp-block-file\"><object data-wp-bind--hidden=\"!state.hasPdfPreview\" hidden class=\"wp-block-file__embed\" data=\"https:\/\/izglitiba.valmierasnovads.lv\/mazsalacaspiidarzins\/wp-content\/uploads\/sites\/11\/2025\/10\/3-10-12-Izglitibas_iestades_padomes_reglaments.pdf\" type=\"application\/pdf\" style=\"width:100%;height:600px\" aria-label=\"Iegult 3-10-12 Izglitibas_iestades_padomes_reglaments.\"><\/object><a id=\"wp-block-file--media-600b3a0d-79b6-4d73-b72c-cee3728535b1\" href=\"https:\/\/izglitiba.valmierasnovads.lv\/mazsalacaspiidarzins\/wp-content\/uploads\/sites\/11\/2025\/10\/3-10-12-Izglitibas_iestades_padomes_reglaments.pdf\">3-10-12 Izglitibas_iestades_padomes_reglaments<\/a><a href=\"https:\/\/izglitiba.valmierasnovads.lv\/mazsalacaspiidarzins\/wp-content\/uploads\/sites\/11\/2025\/10\/3-10-12-Izglitibas_iestades_padomes_reglaments.pdf\" class=\"wp-block-file__button wp-element-button\" download aria-describedby=\"wp-block-file--media-600b3a0d-79b6-4d73-b72c-cee3728535b1\">Lejupiel\u0101d\u0113t<\/a><\/div>\n\n\n\n<div data-wp-interactive=\"core\/file\" class=\"wp-block-file\"><object data-wp-bind--hidden=\"!state.hasPdfPreview\" hidden class=\"wp-block-file__embed\" data=\"https:\/\/izglitiba.valmierasnovads.lv\/mazsalacaspiidarzins\/wp-content\/uploads\/sites\/11\/2025\/10\/3-10-13-Izglitojamo-drosibas-noteikumi.pdf\" type=\"application\/pdf\" style=\"width:100%;height:600px\" aria-label=\"Iegult 3-10-13 Izgl\u012btojamo dro\u0161\u012bbas noteikumi.\"><\/object><a id=\"wp-block-file--media-7dd14e25-56c8-4094-bacd-243fbc8b43dc\" href=\"https:\/\/izglitiba.valmierasnovads.lv\/mazsalacaspiidarzins\/wp-content\/uploads\/sites\/11\/2025\/10\/3-10-13-Izglitojamo-drosibas-noteikumi.pdf\">3-10-13 Izgl\u012btojamo dro\u0161\u012bbas noteikumi<\/a><a href=\"https:\/\/izglitiba.valmierasnovads.lv\/mazsalacaspiidarzins\/wp-content\/uploads\/sites\/11\/2025\/10\/3-10-13-Izglitojamo-drosibas-noteikumi.pdf\" class=\"wp-block-file__button wp-element-button\" download aria-describedby=\"wp-block-file--media-7dd14e25-56c8-4094-bacd-243fbc8b43dc\">Lejupiel\u0101d\u0113t<\/a><\/div>\n\n\n\n<div data-wp-interactive=\"core\/file\" class=\"wp-block-file\"><object data-wp-bind--hidden=\"!state.hasPdfPreview\" hidden class=\"wp-block-file__embed\" data=\"https:\/\/izglitiba.valmierasnovads.lv\/mazsalacaspiidarzins\/wp-content\/uploads\/sites\/11\/2025\/10\/3-10-14_Izglitojamo-vertesanas-kartibas-noteikumi.pdf\" type=\"application\/pdf\" style=\"width:100%;height:600px\" aria-label=\"Iegult 3-10-14_Izgl\u012btojamo v\u0113rt\u0113\u0161anas k\u0101rt\u012bbas noteikumi.\"><\/object><a id=\"wp-block-file--media-23f0cd04-a149-4a27-bbfe-27f2791fae6e\" href=\"https:\/\/izglitiba.valmierasnovads.lv\/mazsalacaspiidarzins\/wp-content\/uploads\/sites\/11\/2025\/10\/3-10-14_Izglitojamo-vertesanas-kartibas-noteikumi.pdf\">3-10-14_Izgl\u012btojamo v\u0113rt\u0113\u0161anas k\u0101rt\u012bbas noteikumi<\/a><a href=\"https:\/\/izglitiba.valmierasnovads.lv\/mazsalacaspiidarzins\/wp-content\/uploads\/sites\/11\/2025\/10\/3-10-14_Izglitojamo-vertesanas-kartibas-noteikumi.pdf\" class=\"wp-block-file__button wp-element-button\" download aria-describedby=\"wp-block-file--media-23f0cd04-a149-4a27-bbfe-27f2791fae6e\">Lejupiel\u0101d\u0113t<\/a><\/div>\n\n\n\n<div data-wp-interactive=\"core\/file\" class=\"wp-block-file\"><object data-wp-bind--hidden=\"!state.hasPdfPreview\" hidden class=\"wp-block-file__embed\" data=\"https:\/\/izglitiba.valmierasnovads.lv\/mazsalacaspiidarzins\/wp-content\/uploads\/sites\/11\/2025\/10\/3-10-18_Peldesanas-nodarbibu-organizesanas-un-drosibas-noteikumi.pdf\" type=\"application\/pdf\" style=\"width:100%;height:600px\" aria-label=\"Iegult 3-10-18_Peld\u0113\u0161anas nodarb\u012bbu organiz\u0113\u0161anas un dro\u0161\u012bbas noteikumi.\"><\/object><a id=\"wp-block-file--media-8205e1cd-93c0-45fe-a3a8-4859f01ec5b2\" href=\"https:\/\/izglitiba.valmierasnovads.lv\/mazsalacaspiidarzins\/wp-content\/uploads\/sites\/11\/2025\/10\/3-10-18_Peldesanas-nodarbibu-organizesanas-un-drosibas-noteikumi.pdf\">3-10-18_Peld\u0113\u0161anas nodarb\u012bbu organiz\u0113\u0161anas un dro\u0161\u012bbas noteikumi<\/a><a href=\"https:\/\/izglitiba.valmierasnovads.lv\/mazsalacaspiidarzins\/wp-content\/uploads\/sites\/11\/2025\/10\/3-10-18_Peldesanas-nodarbibu-organizesanas-un-drosibas-noteikumi.pdf\" class=\"wp-block-file__button wp-element-button\" download aria-describedby=\"wp-block-file--media-8205e1cd-93c0-45fe-a3a8-4859f01ec5b2\">Lejupiel\u0101d\u0113t<\/a><\/div>\n\n\n\n<div data-wp-interactive=\"core\/file\" class=\"wp-block-file\"><object data-wp-bind--hidden=\"!state.hasPdfPreview\" hidden class=\"wp-block-file__embed\" data=\"https:\/\/izglitiba.valmierasnovads.lv\/mazsalacaspiidarzins\/wp-content\/uploads\/sites\/11\/2025\/10\/3-10-19-Iesniegumu_izskatisanas_kartiba_.pdf\" type=\"application\/pdf\" style=\"width:100%;height:600px\" aria-label=\"Iegult 3-10-19 Iesniegumu_izskatisanas_kartiba_.\"><\/object><a id=\"wp-block-file--media-6da9aa64-7d1c-40d0-9c12-eda7ec8d7497\" href=\"https:\/\/izglitiba.valmierasnovads.lv\/mazsalacaspiidarzins\/wp-content\/uploads\/sites\/11\/2025\/10\/3-10-19-Iesniegumu_izskatisanas_kartiba_.pdf\">3-10-19 Iesniegumu_izskatisanas_kartiba_<\/a><a href=\"https:\/\/izglitiba.valmierasnovads.lv\/mazsalacaspiidarzins\/wp-content\/uploads\/sites\/11\/2025\/10\/3-10-19-Iesniegumu_izskatisanas_kartiba_.pdf\" class=\"wp-block-file__button wp-element-button\" download aria-describedby=\"wp-block-file--media-6da9aa64-7d1c-40d0-9c12-eda7ec8d7497\">Lejupiel\u0101d\u0113t<\/a><\/div>\n","protected":false},"excerpt":{"rendered":"<p>Nr. 3-10\/1 Iek\u0161\u0113j\u0101s k\u0101rt\u012bbas noteikumi Nr. 3-10\/2 K\u0101rt\u012bba, k\u0101d\u0101 r\u012bkojas b\u0113rna infekcijas slim\u012bbu gad\u012bjumos Nr. 3-10\/9 K\u0101rt\u012bba par vad\u012bt\u0101ja un [&hellip;]<\/p>\n","protected":false},"author":14,"featured_media":0,"parent":0,"menu_order":0,"comment_status":"closed","ping_status":"closed","template":"","meta":{"_acf_changed":false,"site-sidebar-layout":"default","site-content-layout":"","ast-site-content-layout":"default","site-content-style":"default","site-sidebar-style":"default","ast-global-header-display":"","ast-banner-title-visibility":"","ast-main-header-display":"","ast-hfb-above-header-display":"","ast-hfb-below-header-display":"","ast-hfb-mobile-header-display":"","site-post-title":"","ast-breadcrumbs-content":"","ast-featured-img":"","footer-sml-layout":"","ast-disable-related-posts":"","theme-transparent-header-meta":"","adv-header-id-meta":"","stick-header-meta":"","header-above-stick-meta":"","header-main-stick-meta":"","header-below-stick-meta":"","astra-migrate-meta-layouts":"default","ast-page-background-enabled":"default","ast-page-background-meta":{"desktop":{"background-color":"var(--ast-global-color-5)","background-image":"","background-repeat":"repeat","background-position":"center center","background-size":"auto","background-attachment":"scroll","background-type":"","background-media":"","overlay-type":"","overlay-color":"","overlay-opacity":"","overlay-gradient":""},"tablet":{"background-color":"","background-image":"","background-repeat":"repeat","background-position":"center center","background-size":"auto","background-attachment":"scroll","background-type":"","background-media":"","overlay-type":"","overlay-color":"","overlay-opacity":"","overlay-gradient":""},"mobile":{"background-color":"","background-image":"","background-repeat":"repeat","background-position":"center center","background-size":"auto","background-attachment":"scroll","background-type":"","background-media":"","overlay-type":"","overlay-color":"","overlay-opacity":"","overlay-gradient":""}},"ast-content-background-meta":{"desktop":{"background-color":"var(--ast-global-color-4)","background-image":"","background-repeat":"repeat","background-position":"center center","background-size":"auto","background-attachment":"scroll","background-type":"","background-media":"","overlay-type":"","overlay-color":"","overlay-opacity":"","overlay-gradient":""},"tablet":{"background-color":"var(--ast-global-color-4)","background-image":"","background-repeat":"repeat","background-position":"center center","background-size":"auto","background-attachment":"scroll","background-type":"","background-media":"","overlay-type":"","overlay-color":"","overlay-opacity":"","overlay-gradient":""},"mobile":{"background-color":"var(--ast-global-color-4)","background-image":"","background-repeat":"repeat","background-position":"center center","background-size":"auto","background-attachment":"scroll","background-type":"","background-media":"","overlay-type":"","overlay-color":"","overlay-opacity":"","overlay-gradient":""}},"footnotes":""},"class_list":["post-237","page","type-page","status-publish","hentry"],"acf":[],"yoast_head":"<!-- This site is optimized with the Yoast SEO plugin v27.0 - https:\/\/yoast.com\/product\/yoast-seo-wordpress\/ -->\n<title>Dokumenti - Mazsalacas pirmsskolas izgl\u012bt\u012bbas iest\u0101de \u201cD\u0101rzi\u0146\u0161\u201d<\/title>\n<meta name=\"robots\" content=\"index, follow, max-snippet:-1, max-image-preview:large, max-video-preview:-1\" \/>\n<link rel=\"canonical\" href=\"https:\/\/izglitiba.valmierasnovads.lv\/mazsalacaspiidarzins\/dokumenti\/\" \/>\n<meta property=\"og:locale\" content=\"lv_LV\" \/>\n<meta property=\"og:type\" content=\"article\" \/>\n<meta property=\"og:title\" content=\"Dokumenti - Mazsalacas pirmsskolas izgl\u012bt\u012bbas iest\u0101de \u201cD\u0101rzi\u0146\u0161\u201d\" \/>\n<meta property=\"og:description\" content=\"Nr. 3-10\/1 Iek\u0161\u0113j\u0101s k\u0101rt\u012bbas noteikumi Nr. 3-10\/2 K\u0101rt\u012bba, k\u0101d\u0101 r\u012bkojas b\u0113rna infekcijas slim\u012bbu gad\u012bjumos Nr. 3-10\/9 K\u0101rt\u012bba par vad\u012bt\u0101ja un [&hellip;]\" \/>\n<meta property=\"og:url\" content=\"https:\/\/izglitiba.valmierasnovads.lv\/mazsalacaspiidarzins\/dokumenti\/\" \/>\n<meta property=\"og:site_name\" content=\"Mazsalacas pirmsskolas izgl\u012bt\u012bbas iest\u0101de \u201cD\u0101rzi\u0146\u0161\u201d\" \/>\n<meta property=\"article:modified_time\" content=\"2025-10-14T07:38:39+00:00\" \/>\n<meta name=\"twitter:card\" content=\"summary_large_image\" \/>\n<meta name=\"twitter:label1\" content=\"Est. reading time\" \/>\n\t<meta name=\"twitter:data1\" content=\"1 min\u016bte\" \/>\n<script type=\"application\/ld+json\" class=\"yoast-schema-graph\">{\"@context\":\"https:\/\/schema.org\",\"@graph\":[{\"@type\":\"WebPage\",\"@id\":\"https:\/\/izglitiba.valmierasnovads.lv\/mazsalacaspiidarzins\/dokumenti\/\",\"url\":\"https:\/\/izglitiba.valmierasnovads.lv\/mazsalacaspiidarzins\/dokumenti\/\",\"name\":\"Dokumenti - Mazsalacas pirmsskolas izgl\u012bt\u012bbas iest\u0101de \u201cD\u0101rzi\u0146\u0161\u201d\",\"isPartOf\":{\"@id\":\"https:\/\/izglitiba.valmierasnovads.lv\/mazsalacaspiidarzins\/#website\"},\"datePublished\":\"2025-07-25T06:23:24+00:00\",\"dateModified\":\"2025-10-14T07:38:39+00:00\",\"breadcrumb\":{\"@id\":\"https:\/\/izglitiba.valmierasnovads.lv\/mazsalacaspiidarzins\/dokumenti\/#breadcrumb\"},\"inLanguage\":\"lv-LV\",\"potentialAction\":[{\"@type\":\"ReadAction\",\"target\":[\"https:\/\/izglitiba.valmierasnovads.lv\/mazsalacaspiidarzins\/dokumenti\/\"]}]},{\"@type\":\"BreadcrumbList\",\"@id\":\"https:\/\/izglitiba.valmierasnovads.lv\/mazsalacaspiidarzins\/dokumenti\/#breadcrumb\",\"itemListElement\":[{\"@type\":\"ListItem\",\"position\":1,\"name\":\"Home\",\"item\":\"https:\/\/izglitiba.valmierasnovads.lv\/mazsalacaspiidarzins\/\"},{\"@type\":\"ListItem\",\"position\":2,\"name\":\"Dokumenti\"}]},{\"@type\":\"WebSite\",\"@id\":\"https:\/\/izglitiba.valmierasnovads.lv\/mazsalacaspiidarzins\/#website\",\"url\":\"https:\/\/izglitiba.valmierasnovads.lv\/mazsalacaspiidarzins\/\",\"name\":\"Mazsalacas pirmsskolas izgl\u012bt\u012bbas iest\u0101de \u201cD\u0101rzi\u0146\u0161\u201d\",\"description\":\"\",\"publisher\":{\"@id\":\"https:\/\/izglitiba.valmierasnovads.lv\/mazsalacaspiidarzins\/#organization\"},\"potentialAction\":[{\"@type\":\"SearchAction\",\"target\":{\"@type\":\"EntryPoint\",\"urlTemplate\":\"https:\/\/izglitiba.valmierasnovads.lv\/mazsalacaspiidarzins\/?s={search_term_string}\"},\"query-input\":{\"@type\":\"PropertyValueSpecification\",\"valueRequired\":true,\"valueName\":\"search_term_string\"}}],\"inLanguage\":\"lv-LV\"},{\"@type\":\"Organization\",\"@id\":\"https:\/\/izglitiba.valmierasnovads.lv\/mazsalacaspiidarzins\/#organization\",\"name\":\"Mazsalacas pirmsskolas izgl\u012bt\u012bbas iest\u0101de \u201cD\u0101rzi\u0146\u0161\u201d\",\"url\":\"https:\/\/izglitiba.valmierasnovads.lv\/mazsalacaspiidarzins\/\",\"logo\":{\"@type\":\"ImageObject\",\"inLanguage\":\"lv-LV\",\"@id\":\"https:\/\/izglitiba.valmierasnovads.lv\/mazsalacaspiidarzins\/#\/schema\/logo\/image\/\",\"url\":\"https:\/\/izglitiba.valmierasnovads.lv\/mazsalacaspiidarzins\/wp-content\/uploads\/sites\/11\/2026\/03\/cropped-Pirmsskolas-izglitibas-iestades-ar-pasu-logo-3-scaled-1.png\",\"contentUrl\":\"https:\/\/izglitiba.valmierasnovads.lv\/mazsalacaspiidarzins\/wp-content\/uploads\/sites\/11\/2026\/03\/cropped-Pirmsskolas-izglitibas-iestades-ar-pasu-logo-3-scaled-1.png\",\"width\":1365,\"height\":406,\"caption\":\"Mazsalacas pirmsskolas izgl\u012bt\u012bbas iest\u0101de \u201cD\u0101rzi\u0146\u0161\u201d\"},\"image\":{\"@id\":\"https:\/\/izglitiba.valmierasnovads.lv\/mazsalacaspiidarzins\/#\/schema\/logo\/image\/\"}}]}<\/script>\n<!-- \/ Yoast SEO plugin. -->","yoast_head_json":{"title":"Dokumenti - Mazsalacas pirmsskolas izgl\u012bt\u012bbas iest\u0101de \u201cD\u0101rzi\u0146\u0161\u201d","robots":{"index":"index","follow":"follow","max-snippet":"max-snippet:-1","max-image-preview":"max-image-preview:large","max-video-preview":"max-video-preview:-1"},"canonical":"https:\/\/izglitiba.valmierasnovads.lv\/mazsalacaspiidarzins\/dokumenti\/","og_locale":"lv_LV","og_type":"article","og_title":"Dokumenti - Mazsalacas pirmsskolas izgl\u012bt\u012bbas iest\u0101de \u201cD\u0101rzi\u0146\u0161\u201d","og_description":"Nr. 3-10\/1 Iek\u0161\u0113j\u0101s k\u0101rt\u012bbas noteikumi Nr. 3-10\/2 K\u0101rt\u012bba, k\u0101d\u0101 r\u012bkojas b\u0113rna infekcijas slim\u012bbu gad\u012bjumos Nr. 3-10\/9 K\u0101rt\u012bba par vad\u012bt\u0101ja un [&hellip;]","og_url":"https:\/\/izglitiba.valmierasnovads.lv\/mazsalacaspiidarzins\/dokumenti\/","og_site_name":"Mazsalacas pirmsskolas izgl\u012bt\u012bbas iest\u0101de \u201cD\u0101rzi\u0146\u0161\u201d","article_modified_time":"2025-10-14T07:38:39+00:00","twitter_card":"summary_large_image","twitter_misc":{"Est. reading time":"1 min\u016bte"},"schema":{"@context":"https:\/\/schema.org","@graph":[{"@type":"WebPage","@id":"https:\/\/izglitiba.valmierasnovads.lv\/mazsalacaspiidarzins\/dokumenti\/","url":"https:\/\/izglitiba.valmierasnovads.lv\/mazsalacaspiidarzins\/dokumenti\/","name":"Dokumenti - Mazsalacas pirmsskolas izgl\u012bt\u012bbas iest\u0101de \u201cD\u0101rzi\u0146\u0161\u201d","isPartOf":{"@id":"https:\/\/izglitiba.valmierasnovads.lv\/mazsalacaspiidarzins\/#website"},"datePublished":"2025-07-25T06:23:24+00:00","dateModified":"2025-10-14T07:38:39+00:00","breadcrumb":{"@id":"https:\/\/izglitiba.valmierasnovads.lv\/mazsalacaspiidarzins\/dokumenti\/#breadcrumb"},"inLanguage":"lv-LV","potentialAction":[{"@type":"ReadAction","target":["https:\/\/izglitiba.valmierasnovads.lv\/mazsalacaspiidarzins\/dokumenti\/"]}]},{"@type":"BreadcrumbList","@id":"https:\/\/izglitiba.valmierasnovads.lv\/mazsalacaspiidarzins\/dokumenti\/#breadcrumb","itemListElement":[{"@type":"ListItem","position":1,"name":"Home","item":"https:\/\/izglitiba.valmierasnovads.lv\/mazsalacaspiidarzins\/"},{"@type":"ListItem","position":2,"name":"Dokumenti"}]},{"@type":"WebSite","@id":"https:\/\/izglitiba.valmierasnovads.lv\/mazsalacaspiidarzins\/#website","url":"https:\/\/izglitiba.valmierasnovads.lv\/mazsalacaspiidarzins\/","name":"Mazsalacas pirmsskolas izgl\u012bt\u012bbas iest\u0101de \u201cD\u0101rzi\u0146\u0161\u201d","description":"","publisher":{"@id":"https:\/\/izglitiba.valmierasnovads.lv\/mazsalacaspiidarzins\/#organization"},"potentialAction":[{"@type":"SearchAction","target":{"@type":"EntryPoint","urlTemplate":"https:\/\/izglitiba.valmierasnovads.lv\/mazsalacaspiidarzins\/?s={search_term_string}"},"query-input":{"@type":"PropertyValueSpecification","valueRequired":true,"valueName":"search_term_string"}}],"inLanguage":"lv-LV"},{"@type":"Organization","@id":"https:\/\/izglitiba.valmierasnovads.lv\/mazsalacaspiidarzins\/#organization","name":"Mazsalacas pirmsskolas izgl\u012bt\u012bbas iest\u0101de \u201cD\u0101rzi\u0146\u0161\u201d","url":"https:\/\/izglitiba.valmierasnovads.lv\/mazsalacaspiidarzins\/","logo":{"@type":"ImageObject","inLanguage":"lv-LV","@id":"https:\/\/izglitiba.valmierasnovads.lv\/mazsalacaspiidarzins\/#\/schema\/logo\/image\/","url":"https:\/\/izglitiba.valmierasnovads.lv\/mazsalacaspiidarzins\/wp-content\/uploads\/sites\/11\/2026\/03\/cropped-Pirmsskolas-izglitibas-iestades-ar-pasu-logo-3-scaled-1.png","contentUrl":"https:\/\/izglitiba.valmierasnovads.lv\/mazsalacaspiidarzins\/wp-content\/uploads\/sites\/11\/2026\/03\/cropped-Pirmsskolas-izglitibas-iestades-ar-pasu-logo-3-scaled-1.png","width":1365,"height":406,"caption":"Mazsalacas pirmsskolas izgl\u012bt\u012bbas iest\u0101de \u201cD\u0101rzi\u0146\u0161\u201d"},"image":{"@id":"https:\/\/izglitiba.valmierasnovads.lv\/mazsalacaspiidarzins\/#\/schema\/logo\/image\/"}}]}},"_links":{"self":[{"href":"https:\/\/izglitiba.valmierasnovads.lv\/mazsalacaspiidarzins\/wp-json\/wp\/v2\/pages\/237","targetHints":{"allow":["GET"]}}],"collection":[{"href":"https:\/\/izglitiba.valmierasnovads.lv\/mazsalacaspiidarzins\/wp-json\/wp\/v2\/pages"}],"about":[{"href":"https:\/\/izglitiba.valmierasnovads.lv\/mazsalacaspiidarzins\/wp-json\/wp\/v2\/types\/page"}],"author":[{"embeddable":true,"href":"https:\/\/izglitiba.valmierasnovads.lv\/mazsalacaspiidarzins\/wp-json\/wp\/v2\/users\/14"}],"replies":[{"embeddable":true,"href":"https:\/\/izglitiba.valmierasnovads.lv\/mazsalacaspiidarzins\/wp-json\/wp\/v2\/comments?post=237"}],"version-history":[{"count":5,"href":"https:\/\/izglitiba.valmierasnovads.lv\/mazsalacaspiidarzins\/wp-json\/wp\/v2\/pages\/237\/revisions"}],"predecessor-version":[{"id":794,"href":"https:\/\/izglitiba.valmierasnovads.lv\/mazsalacaspiidarzins\/wp-json\/wp\/v2\/pages\/237\/revisions\/794"}],"wp:attachment":[{"href":"https:\/\/izglitiba.valmierasnovads.lv\/mazsalacaspiidarzins\/wp-json\/wp\/v2\/media?parent=237"}],"curies":[{"name":"wp","href":"https:\/\/api.w.org\/{rel}","templated":true}]}}