{"id":174,"date":"2026-02-11T16:06:44","date_gmt":"2026-02-11T14:06:44","guid":{"rendered":"https:\/\/izglitiba.valmierasnovads.lv\/murmuizaspasacina\/?page_id=174"},"modified":"2026-04-27T12:54:40","modified_gmt":"2026-04-27T09:54:40","slug":"projekti","status":"publish","type":"page","link":"https:\/\/izglitiba.valmierasnovads.lv\/murmuizaspasacina\/projekti\/","title":{"rendered":"Projekti"},"content":{"rendered":"\n<p class=\"has-large-font-size\"><strong>D\u017eimbas dro\u0161\u012bbas programma<\/strong><\/p>\n\n\n\n<figure class=\"wp-block-image size-large\"><img loading=\"lazy\" decoding=\"async\" width=\"717\" height=\"1024\" src=\"https:\/\/izglitiba.valmierasnovads.lv\/murmuizaspasacina\/wp-content\/uploads\/sites\/6\/2025\/09\/dzimba-1-717x1024.jpg\" alt=\"\" class=\"wp-image-78\" srcset=\"https:\/\/izglitiba.valmierasnovads.lv\/murmuizaspasacina\/wp-content\/uploads\/sites\/6\/2025\/09\/dzimba-1-717x1024.jpg 717w, https:\/\/izglitiba.valmierasnovads.lv\/murmuizaspasacina\/wp-content\/uploads\/sites\/6\/2025\/09\/dzimba-1-210x300.jpg 210w, https:\/\/izglitiba.valmierasnovads.lv\/murmuizaspasacina\/wp-content\/uploads\/sites\/6\/2025\/09\/dzimba-1-768x1097.jpg 768w, https:\/\/izglitiba.valmierasnovads.lv\/murmuizaspasacina\/wp-content\/uploads\/sites\/6\/2025\/09\/dzimba-1-1076x1536.jpg 1076w, https:\/\/izglitiba.valmierasnovads.lv\/murmuizaspasacina\/wp-content\/uploads\/sites\/6\/2025\/09\/dzimba-1.jpg 1434w\" sizes=\"auto, (max-width: 717px) 100vw, 717px\" \/><\/figure>\n\n\n\n<p>D\u017eimbas dro\u0161\u012bbas programma tapusi un darbojas, lai pal\u012bdz\u0113tu veidot vidi, kur\u0101 b\u0113rni j\u016btas dro\u0161i un pasarg\u0101ti, un kur\u0101 pieaugu\u0161ie ir b\u0113rna \u00abdro\u0161ie cilv\u0113ki\u00bb.<\/p>\n\n\n\n<p>D\u017eimbas dro\u0161\u012bbas programmas m\u0113r\u0137is ir izgl\u012btot pirmskolas un jaun\u0101k\u0101 skolas vecuma b\u0113rnus par dro\u0161\u012bbu attiec\u012bb\u0101s un sniegt izgl\u012bt\u012bbas speci\u0101listiem un vec\u0101kiem p\u0101rliec\u012bbu, prasmes un zin\u0101\u0161anas, lai m\u0101c\u012btu un demonstr\u0113tu b\u0113rniem dro\u0161as attiec\u012bbas.<\/p>\n\n\n\n<p>D\u017eimbas dro\u0161\u012bbas programma pal\u012bdz b\u0113rniem:<\/p>\n\n\n\n<ol class=\"wp-block-list\">\n<li>atpaz\u012bt un atbilsto\u0161i rea\u0123\u0113t nedro\u0161\u0101s situ\u0101cij\u0101s<\/li>\n\n\n\n<li>demonstr\u0113t pa\u0161cie\u0146u un cie\u0146u pret citiem<\/li>\n\n\n\n<li>att\u012bst\u012bt pa\u0161apzi\u0146u un pa\u0161v\u0113rt\u012bbu<\/li>\n\n\n\n<li>veidot dro\u0161as un cie\u0146pilnas attiec\u012bbas.<\/li>\n<\/ol>\n\n\n\n<p>D\u017eimbas a\u0123ente-\u0112rika Alksne<\/p>\n\n\n\n<p class=\"has-large-font-size\"><strong>C\u016bkmena detekt\u012bvs<\/strong><\/p>\n\n\n\n<figure class=\"wp-block-image size-full\"><img loading=\"lazy\" decoding=\"async\" width=\"768\" height=\"1024\" src=\"https:\/\/izglitiba.valmierasnovads.lv\/murmuizaspasacina\/wp-content\/uploads\/sites\/6\/2026\/04\/6b02710199882df0492473be4af0dea6.jpg\" alt=\"\" class=\"wp-image-377\" srcset=\"https:\/\/izglitiba.valmierasnovads.lv\/murmuizaspasacina\/wp-content\/uploads\/sites\/6\/2026\/04\/6b02710199882df0492473be4af0dea6.jpg 768w, https:\/\/izglitiba.valmierasnovads.lv\/murmuizaspasacina\/wp-content\/uploads\/sites\/6\/2026\/04\/6b02710199882df0492473be4af0dea6-225x300.jpg 225w\" sizes=\"auto, (max-width: 768px) 100vw, 768px\" \/><\/figure>\n\n\n\n<p>&#8220;C\u016bkmena detekt\u012bvi&#8221; ir AS &#8220;Latvijas valsts me\u017ei&#8221; ekoprogramma pirmsskol\u0101m. T\u0101 tiek \u012bstenota kop\u0161 2005. gada sadarb\u012bb\u0101 ar&nbsp;Klimata un ener\u0123\u0113tikas ministriju (KEM)&nbsp;ar m\u0113r\u0137i rosin\u0101t b\u0113rnos atbild\u012bbu pret vidi, vairojot izpratni par v\u0113rt\u012bgo un lieko dab\u0101. Programmas ietvaros b\u0113rni kop\u0101 ar pedagogu n\u0101k talk\u0101 C\u016bkmenam un vi\u0146a pal\u012bgam Za\u0137im B\u0113rzi\u0146am, kura aizrau\u0161an\u0101s ir me\u017ea atjauno\u0161ana. Vi\u0146i kop\u0101 atkl\u0101j da\u017e\u0101dus me\u017ea net\u012bros nosl\u0113pumus un k\u013c\u016bst par \u012bstiem C\u016bkmena detekt\u012bviem!<\/p>\n\n\n\n<figure class=\"wp-block-embed\"><div class=\"wp-block-embed__wrapper\">\nhttps:\/\/cukmens.lvm.lv\/blogi\/3499-zino-detektivi-no-murmuizas-pii-pasacina\n<\/div><\/figure>\n\n\n\n<p>Projekta koordin\u0101tore -Inga Rasa<\/p>\n\n\n\n<p class=\"has-large-font-size\"><strong>ESF + projekts\u00a0\u201cSTEM un pilsonisk\u0101s l\u012bdzdal\u012bbas norises pla\u0161\u0101kai izgl\u012bt\u012bbas pieredzei un karjeras izv\u0113lei<sup><code>\u201d<\/code><\/sup><\/strong><\/p>\n\n\n\n<figure class=\"wp-block-image size-full\"><img loading=\"lazy\" decoding=\"async\" width=\"565\" height=\"811\" src=\"https:\/\/izglitiba.valmierasnovads.lv\/murmuizaspasacina\/wp-content\/uploads\/sites\/6\/2026\/04\/STEM_projekts.png\" alt=\"\" class=\"wp-image-385\" srcset=\"https:\/\/izglitiba.valmierasnovads.lv\/murmuizaspasacina\/wp-content\/uploads\/sites\/6\/2026\/04\/STEM_projekts.png 565w, https:\/\/izglitiba.valmierasnovads.lv\/murmuizaspasacina\/wp-content\/uploads\/sites\/6\/2026\/04\/STEM_projekts-209x300.png 209w\" sizes=\"auto, (max-width: 565px) 100vw, 565px\" \/><\/figure>\n\n\n\n<p><\/p>\n","protected":false},"excerpt":{"rendered":"<p>D\u017eimbas dro\u0161\u012bbas programma D\u017eimbas dro\u0161\u012bbas programma tapusi un darbojas, lai pal\u012bdz\u0113tu veidot vidi, kur\u0101 b\u0113rni j\u016btas dro\u0161i un pasarg\u0101ti, un [&hellip;]<\/p>\n","protected":false},"author":70,"featured_media":0,"parent":0,"menu_order":0,"comment_status":"closed","ping_status":"closed","template":"","meta":{"_acf_changed":false,"site-sidebar-layout":"default","site-content-layout":"","ast-site-content-layout":"default","site-content-style":"default","site-sidebar-style":"default","ast-global-header-display":"","ast-banner-title-visibility":"","ast-main-header-display":"","ast-hfb-above-header-display":"","ast-hfb-below-header-display":"","ast-hfb-mobile-header-display":"","site-post-title":"","ast-breadcrumbs-content":"","ast-featured-img":"","footer-sml-layout":"","ast-disable-related-posts":"","theme-transparent-header-meta":"","adv-header-id-meta":"","stick-header-meta":"","header-above-stick-meta":"","header-main-stick-meta":"","header-below-stick-meta":"","astra-migrate-meta-layouts":"default","ast-page-background-enabled":"default","ast-page-background-meta":{"desktop":{"background-color":"var(--ast-global-color-5)","background-image":"","background-repeat":"repeat","background-position":"center center","background-size":"auto","background-attachment":"scroll","background-type":"","background-media":"","overlay-type":"","overlay-color":"","overlay-opacity":"","overlay-gradient":""},"tablet":{"background-color":"","background-image":"","background-repeat":"repeat","background-position":"center center","background-size":"auto","background-attachment":"scroll","background-type":"","background-media":"","overlay-type":"","overlay-color":"","overlay-opacity":"","overlay-gradient":""},"mobile":{"background-color":"","background-image":"","background-repeat":"repeat","background-position":"center center","background-size":"auto","background-attachment":"scroll","background-type":"","background-media":"","overlay-type":"","overlay-color":"","overlay-opacity":"","overlay-gradient":""}},"ast-content-background-meta":{"desktop":{"background-color":"var(--ast-global-color-4)","background-image":"","background-repeat":"repeat","background-position":"center center","background-size":"auto","background-attachment":"scroll","background-type":"","background-media":"","overlay-type":"","overlay-color":"","overlay-opacity":"","overlay-gradient":""},"tablet":{"background-color":"var(--ast-global-color-4)","background-image":"","background-repeat":"repeat","background-position":"center center","background-size":"auto","background-attachment":"scroll","background-type":"","background-media":"","overlay-type":"","overlay-color":"","overlay-opacity":"","overlay-gradient":""},"mobile":{"background-color":"var(--ast-global-color-4)","background-image":"","background-repeat":"repeat","background-position":"center center","background-size":"auto","background-attachment":"scroll","background-type":"","background-media":"","overlay-type":"","overlay-color":"","overlay-opacity":"","overlay-gradient":""}},"footnotes":""},"class_list":["post-174","page","type-page","status-publish","hentry"],"acf":[],"yoast_head":"<!-- This site is optimized with the Yoast SEO plugin v27.0 - https:\/\/yoast.com\/product\/yoast-seo-wordpress\/ -->\n<title>Projekti - M\u016brmui\u017eas pirmsskolas izgl\u012bt\u012bbas iest\u0101de \u201cPasaci\u0146a\u201d<\/title>\n<meta name=\"robots\" content=\"index, follow, max-snippet:-1, max-image-preview:large, max-video-preview:-1\" \/>\n<link rel=\"canonical\" href=\"https:\/\/izglitiba.valmierasnovads.lv\/murmuizaspasacina\/projekti\/\" \/>\n<meta property=\"og:locale\" content=\"lv_LV\" \/>\n<meta property=\"og:type\" content=\"article\" \/>\n<meta property=\"og:title\" content=\"Projekti - M\u016brmui\u017eas pirmsskolas izgl\u012bt\u012bbas iest\u0101de \u201cPasaci\u0146a\u201d\" \/>\n<meta property=\"og:description\" content=\"D\u017eimbas dro\u0161\u012bbas programma D\u017eimbas dro\u0161\u012bbas programma tapusi un darbojas, lai pal\u012bdz\u0113tu veidot vidi, kur\u0101 b\u0113rni j\u016btas dro\u0161i un pasarg\u0101ti, un [&hellip;]\" \/>\n<meta property=\"og:url\" content=\"https:\/\/izglitiba.valmierasnovads.lv\/murmuizaspasacina\/projekti\/\" \/>\n<meta property=\"og:site_name\" content=\"M\u016brmui\u017eas pirmsskolas izgl\u012bt\u012bbas iest\u0101de \u201cPasaci\u0146a\u201d\" \/>\n<meta property=\"article:modified_time\" content=\"2026-04-27T09:54:40+00:00\" \/>\n<meta property=\"og:image\" content=\"https:\/\/izglitiba.valmierasnovads.lv\/murmuizaspasacina\/wp-content\/uploads\/sites\/6\/2025\/09\/dzimba-1.jpg\" \/>\n\t<meta property=\"og:image:width\" content=\"1434\" \/>\n\t<meta property=\"og:image:height\" content=\"2048\" \/>\n\t<meta property=\"og:image:type\" content=\"image\/jpeg\" \/>\n<meta name=\"twitter:card\" content=\"summary_large_image\" \/>\n<meta name=\"twitter:label1\" content=\"Est. reading time\" \/>\n\t<meta name=\"twitter:data1\" content=\"2 min\u016btes\" \/>\n<script type=\"application\/ld+json\" class=\"yoast-schema-graph\">{\"@context\":\"https:\/\/schema.org\",\"@graph\":[{\"@type\":\"WebPage\",\"@id\":\"https:\/\/izglitiba.valmierasnovads.lv\/murmuizaspasacina\/projekti\/\",\"url\":\"https:\/\/izglitiba.valmierasnovads.lv\/murmuizaspasacina\/projekti\/\",\"name\":\"Projekti - M\u016brmui\u017eas pirmsskolas izgl\u012bt\u012bbas iest\u0101de \u201cPasaci\u0146a\u201d\",\"isPartOf\":{\"@id\":\"https:\/\/izglitiba.valmierasnovads.lv\/murmuizaspasacina\/#website\"},\"primaryImageOfPage\":{\"@id\":\"https:\/\/izglitiba.valmierasnovads.lv\/murmuizaspasacina\/projekti\/#primaryimage\"},\"image\":{\"@id\":\"https:\/\/izglitiba.valmierasnovads.lv\/murmuizaspasacina\/projekti\/#primaryimage\"},\"thumbnailUrl\":\"https:\/\/izglitiba.valmierasnovads.lv\/murmuizaspasacina\/wp-content\/uploads\/sites\/6\/2025\/09\/dzimba-1-717x1024.jpg\",\"datePublished\":\"2026-02-11T14:06:44+00:00\",\"dateModified\":\"2026-04-27T09:54:40+00:00\",\"breadcrumb\":{\"@id\":\"https:\/\/izglitiba.valmierasnovads.lv\/murmuizaspasacina\/projekti\/#breadcrumb\"},\"inLanguage\":\"lv-LV\",\"potentialAction\":[{\"@type\":\"ReadAction\",\"target\":[\"https:\/\/izglitiba.valmierasnovads.lv\/murmuizaspasacina\/projekti\/\"]}]},{\"@type\":\"ImageObject\",\"inLanguage\":\"lv-LV\",\"@id\":\"https:\/\/izglitiba.valmierasnovads.lv\/murmuizaspasacina\/projekti\/#primaryimage\",\"url\":\"https:\/\/izglitiba.valmierasnovads.lv\/murmuizaspasacina\/wp-content\/uploads\/sites\/6\/2025\/09\/dzimba-1.jpg\",\"contentUrl\":\"https:\/\/izglitiba.valmierasnovads.lv\/murmuizaspasacina\/wp-content\/uploads\/sites\/6\/2025\/09\/dzimba-1.jpg\",\"width\":1434,\"height\":2048},{\"@type\":\"BreadcrumbList\",\"@id\":\"https:\/\/izglitiba.valmierasnovads.lv\/murmuizaspasacina\/projekti\/#breadcrumb\",\"itemListElement\":[{\"@type\":\"ListItem\",\"position\":1,\"name\":\"Home\",\"item\":\"https:\/\/izglitiba.valmierasnovads.lv\/murmuizaspasacina\/\"},{\"@type\":\"ListItem\",\"position\":2,\"name\":\"Projekti\"}]},{\"@type\":\"WebSite\",\"@id\":\"https:\/\/izglitiba.valmierasnovads.lv\/murmuizaspasacina\/#website\",\"url\":\"https:\/\/izglitiba.valmierasnovads.lv\/murmuizaspasacina\/\",\"name\":\"M\u016brmui\u017eas pirmsskolas izgl\u012bt\u012bbas iest\u0101de \u201cPasaci\u0146a\u201d\",\"description\":\"\",\"publisher\":{\"@id\":\"https:\/\/izglitiba.valmierasnovads.lv\/murmuizaspasacina\/#organization\"},\"potentialAction\":[{\"@type\":\"SearchAction\",\"target\":{\"@type\":\"EntryPoint\",\"urlTemplate\":\"https:\/\/izglitiba.valmierasnovads.lv\/murmuizaspasacina\/?s={search_term_string}\"},\"query-input\":{\"@type\":\"PropertyValueSpecification\",\"valueRequired\":true,\"valueName\":\"search_term_string\"}}],\"inLanguage\":\"lv-LV\"},{\"@type\":\"Organization\",\"@id\":\"https:\/\/izglitiba.valmierasnovads.lv\/murmuizaspasacina\/#organization\",\"name\":\"M\u016brmui\u017eas pirmsskolas izgl\u012bt\u012bbas iest\u0101de \u201cPasaci\u0146a\u201d\",\"url\":\"https:\/\/izglitiba.valmierasnovads.lv\/murmuizaspasacina\/\",\"logo\":{\"@type\":\"ImageObject\",\"inLanguage\":\"lv-LV\",\"@id\":\"https:\/\/izglitiba.valmierasnovads.lv\/murmuizaspasacina\/#\/schema\/logo\/image\/\",\"url\":\"https:\/\/izglitiba.valmierasnovads.lv\/murmuizaspasacina\/wp-content\/uploads\/sites\/6\/2026\/03\/cropped-Pirmsskolas-izglitibas-iestades-ar-pasu-logo-9-scaled-1.png\",\"contentUrl\":\"https:\/\/izglitiba.valmierasnovads.lv\/murmuizaspasacina\/wp-content\/uploads\/sites\/6\/2026\/03\/cropped-Pirmsskolas-izglitibas-iestades-ar-pasu-logo-9-scaled-1.png\",\"width\":1413,\"height\":405,\"caption\":\"M\u016brmui\u017eas pirmsskolas izgl\u012bt\u012bbas iest\u0101de \u201cPasaci\u0146a\u201d\"},\"image\":{\"@id\":\"https:\/\/izglitiba.valmierasnovads.lv\/murmuizaspasacina\/#\/schema\/logo\/image\/\"}}]}<\/script>\n<!-- \/ Yoast SEO plugin. -->","yoast_head_json":{"title":"Projekti - M\u016brmui\u017eas pirmsskolas izgl\u012bt\u012bbas iest\u0101de \u201cPasaci\u0146a\u201d","robots":{"index":"index","follow":"follow","max-snippet":"max-snippet:-1","max-image-preview":"max-image-preview:large","max-video-preview":"max-video-preview:-1"},"canonical":"https:\/\/izglitiba.valmierasnovads.lv\/murmuizaspasacina\/projekti\/","og_locale":"lv_LV","og_type":"article","og_title":"Projekti - M\u016brmui\u017eas pirmsskolas izgl\u012bt\u012bbas iest\u0101de \u201cPasaci\u0146a\u201d","og_description":"D\u017eimbas dro\u0161\u012bbas programma D\u017eimbas dro\u0161\u012bbas programma tapusi un darbojas, lai pal\u012bdz\u0113tu veidot vidi, kur\u0101 b\u0113rni j\u016btas dro\u0161i un pasarg\u0101ti, un [&hellip;]","og_url":"https:\/\/izglitiba.valmierasnovads.lv\/murmuizaspasacina\/projekti\/","og_site_name":"M\u016brmui\u017eas pirmsskolas izgl\u012bt\u012bbas iest\u0101de \u201cPasaci\u0146a\u201d","article_modified_time":"2026-04-27T09:54:40+00:00","og_image":[{"width":1434,"height":2048,"url":"https:\/\/izglitiba.valmierasnovads.lv\/murmuizaspasacina\/wp-content\/uploads\/sites\/6\/2025\/09\/dzimba-1.jpg","type":"image\/jpeg"}],"twitter_card":"summary_large_image","twitter_misc":{"Est. reading time":"2 min\u016btes"},"schema":{"@context":"https:\/\/schema.org","@graph":[{"@type":"WebPage","@id":"https:\/\/izglitiba.valmierasnovads.lv\/murmuizaspasacina\/projekti\/","url":"https:\/\/izglitiba.valmierasnovads.lv\/murmuizaspasacina\/projekti\/","name":"Projekti - M\u016brmui\u017eas pirmsskolas izgl\u012bt\u012bbas iest\u0101de \u201cPasaci\u0146a\u201d","isPartOf":{"@id":"https:\/\/izglitiba.valmierasnovads.lv\/murmuizaspasacina\/#website"},"primaryImageOfPage":{"@id":"https:\/\/izglitiba.valmierasnovads.lv\/murmuizaspasacina\/projekti\/#primaryimage"},"image":{"@id":"https:\/\/izglitiba.valmierasnovads.lv\/murmuizaspasacina\/projekti\/#primaryimage"},"thumbnailUrl":"https:\/\/izglitiba.valmierasnovads.lv\/murmuizaspasacina\/wp-content\/uploads\/sites\/6\/2025\/09\/dzimba-1-717x1024.jpg","datePublished":"2026-02-11T14:06:44+00:00","dateModified":"2026-04-27T09:54:40+00:00","breadcrumb":{"@id":"https:\/\/izglitiba.valmierasnovads.lv\/murmuizaspasacina\/projekti\/#breadcrumb"},"inLanguage":"lv-LV","potentialAction":[{"@type":"ReadAction","target":["https:\/\/izglitiba.valmierasnovads.lv\/murmuizaspasacina\/projekti\/"]}]},{"@type":"ImageObject","inLanguage":"lv-LV","@id":"https:\/\/izglitiba.valmierasnovads.lv\/murmuizaspasacina\/projekti\/#primaryimage","url":"https:\/\/izglitiba.valmierasnovads.lv\/murmuizaspasacina\/wp-content\/uploads\/sites\/6\/2025\/09\/dzimba-1.jpg","contentUrl":"https:\/\/izglitiba.valmierasnovads.lv\/murmuizaspasacina\/wp-content\/uploads\/sites\/6\/2025\/09\/dzimba-1.jpg","width":1434,"height":2048},{"@type":"BreadcrumbList","@id":"https:\/\/izglitiba.valmierasnovads.lv\/murmuizaspasacina\/projekti\/#breadcrumb","itemListElement":[{"@type":"ListItem","position":1,"name":"Home","item":"https:\/\/izglitiba.valmierasnovads.lv\/murmuizaspasacina\/"},{"@type":"ListItem","position":2,"name":"Projekti"}]},{"@type":"WebSite","@id":"https:\/\/izglitiba.valmierasnovads.lv\/murmuizaspasacina\/#website","url":"https:\/\/izglitiba.valmierasnovads.lv\/murmuizaspasacina\/","name":"M\u016brmui\u017eas pirmsskolas izgl\u012bt\u012bbas iest\u0101de \u201cPasaci\u0146a\u201d","description":"","publisher":{"@id":"https:\/\/izglitiba.valmierasnovads.lv\/murmuizaspasacina\/#organization"},"potentialAction":[{"@type":"SearchAction","target":{"@type":"EntryPoint","urlTemplate":"https:\/\/izglitiba.valmierasnovads.lv\/murmuizaspasacina\/?s={search_term_string}"},"query-input":{"@type":"PropertyValueSpecification","valueRequired":true,"valueName":"search_term_string"}}],"inLanguage":"lv-LV"},{"@type":"Organization","@id":"https:\/\/izglitiba.valmierasnovads.lv\/murmuizaspasacina\/#organization","name":"M\u016brmui\u017eas pirmsskolas izgl\u012bt\u012bbas iest\u0101de \u201cPasaci\u0146a\u201d","url":"https:\/\/izglitiba.valmierasnovads.lv\/murmuizaspasacina\/","logo":{"@type":"ImageObject","inLanguage":"lv-LV","@id":"https:\/\/izglitiba.valmierasnovads.lv\/murmuizaspasacina\/#\/schema\/logo\/image\/","url":"https:\/\/izglitiba.valmierasnovads.lv\/murmuizaspasacina\/wp-content\/uploads\/sites\/6\/2026\/03\/cropped-Pirmsskolas-izglitibas-iestades-ar-pasu-logo-9-scaled-1.png","contentUrl":"https:\/\/izglitiba.valmierasnovads.lv\/murmuizaspasacina\/wp-content\/uploads\/sites\/6\/2026\/03\/cropped-Pirmsskolas-izglitibas-iestades-ar-pasu-logo-9-scaled-1.png","width":1413,"height":405,"caption":"M\u016brmui\u017eas pirmsskolas izgl\u012bt\u012bbas iest\u0101de \u201cPasaci\u0146a\u201d"},"image":{"@id":"https:\/\/izglitiba.valmierasnovads.lv\/murmuizaspasacina\/#\/schema\/logo\/image\/"}}]}},"_links":{"self":[{"href":"https:\/\/izglitiba.valmierasnovads.lv\/murmuizaspasacina\/wp-json\/wp\/v2\/pages\/174","targetHints":{"allow":["GET"]}}],"collection":[{"href":"https:\/\/izglitiba.valmierasnovads.lv\/murmuizaspasacina\/wp-json\/wp\/v2\/pages"}],"about":[{"href":"https:\/\/izglitiba.valmierasnovads.lv\/murmuizaspasacina\/wp-json\/wp\/v2\/types\/page"}],"author":[{"embeddable":true,"href":"https:\/\/izglitiba.valmierasnovads.lv\/murmuizaspasacina\/wp-json\/wp\/v2\/users\/70"}],"replies":[{"embeddable":true,"href":"https:\/\/izglitiba.valmierasnovads.lv\/murmuizaspasacina\/wp-json\/wp\/v2\/comments?post=174"}],"version-history":[{"count":10,"href":"https:\/\/izglitiba.valmierasnovads.lv\/murmuizaspasacina\/wp-json\/wp\/v2\/pages\/174\/revisions"}],"predecessor-version":[{"id":387,"href":"https:\/\/izglitiba.valmierasnovads.lv\/murmuizaspasacina\/wp-json\/wp\/v2\/pages\/174\/revisions\/387"}],"wp:attachment":[{"href":"https:\/\/izglitiba.valmierasnovads.lv\/murmuizaspasacina\/wp-json\/wp\/v2\/media?parent=174"}],"curies":[{"name":"wp","href":"https:\/\/api.w.org\/{rel}","templated":true}]}}