{"id":141,"date":"2026-01-31T15:24:52","date_gmt":"2026-01-31T13:24:52","guid":{"rendered":"https:\/\/izglitiba.valmierasnovads.lv\/pienenite\/?page_id=141"},"modified":"2026-04-15T14:49:53","modified_gmt":"2026-04-15T11:49:53","slug":"iestades-vizija-un-vertibas","status":"publish","type":"page","link":"https:\/\/izglitiba.valmierasnovads.lv\/pienenite\/iestades-vizija-un-vertibas\/","title":{"rendered":"Iest\u0101des v\u012bzija un v\u0113rt\u012bbas"},"content":{"rendered":"<style>.kb-row-layout-id141_e63acc-9e > .kt-row-column-wrap{align-content:start;}:where(.kb-row-layout-id141_e63acc-9e > .kt-row-column-wrap) > .wp-block-kadence-column{justify-content:start;}.kb-row-layout-id141_e63acc-9e > .kt-row-column-wrap{column-gap:var(--global-kb-gap-md, 2rem);row-gap:var(--global-kb-gap-md, 2rem);padding-top:var(--global-kb-spacing-sm, 1.5rem);padding-bottom:var(--global-kb-spacing-sm, 1.5rem);grid-template-columns:minmax(0, 1fr) minmax(0, 2fr);}.kb-row-layout-id141_e63acc-9e > .kt-row-layout-overlay{opacity:0.30;}@media all and (max-width: 1024px){.kb-row-layout-id141_e63acc-9e > .kt-row-column-wrap{grid-template-columns:minmax(0, 1fr) minmax(0, 2fr);}}@media all and (max-width: 767px){.kb-row-layout-id141_e63acc-9e > .kt-row-column-wrap{grid-template-columns:minmax(0, 1fr);}}<\/style><div class=\"kb-row-layout-wrap kb-row-layout-id141_e63acc-9e alignnone wp-block-kadence-rowlayout\"><div class=\"kt-row-column-wrap kt-has-2-columns kt-row-layout-right-golden kt-tab-layout-inherit kt-mobile-layout-row kt-row-valign-top\">\n<style>.kadence-column141_19b137-6b > .kt-inside-inner-col,.kadence-column141_19b137-6b > .kt-inside-inner-col:before{border-top-left-radius:0px;border-top-right-radius:0px;border-bottom-right-radius:0px;border-bottom-left-radius:0px;}.kadence-column141_19b137-6b > .kt-inside-inner-col{column-gap:var(--global-kb-gap-sm, 1rem);}.kadence-column141_19b137-6b > .kt-inside-inner-col{flex-direction:column;}.kadence-column141_19b137-6b > .kt-inside-inner-col > .aligncenter{width:100%;}.kadence-column141_19b137-6b > .kt-inside-inner-col:before{opacity:0.3;}.kadence-column141_19b137-6b{position:relative;}@media all and (max-width: 1024px){.kadence-column141_19b137-6b > .kt-inside-inner-col{flex-direction:column;justify-content:center;}}@media all and (max-width: 767px){.kadence-column141_19b137-6b > .kt-inside-inner-col{flex-direction:column;justify-content:center;}}<\/style>\n<div class=\"wp-block-kadence-column kadence-column141_19b137-6b\"><div class=\"kt-inside-inner-col\">\n<figure class=\"wp-block-image size-large\"><img loading=\"lazy\" decoding=\"async\" width=\"573\" height=\"1024\" src=\"https:\/\/izglitiba.valmierasnovads.lv\/pienenite\/wp-content\/uploads\/sites\/21\/2026\/04\/diendusa-573x1024.png\" alt=\"\" class=\"wp-image-366\" srcset=\"https:\/\/izglitiba.valmierasnovads.lv\/pienenite\/wp-content\/uploads\/sites\/21\/2026\/04\/diendusa-573x1024.png 573w, https:\/\/izglitiba.valmierasnovads.lv\/pienenite\/wp-content\/uploads\/sites\/21\/2026\/04\/diendusa-168x300.png 168w, https:\/\/izglitiba.valmierasnovads.lv\/pienenite\/wp-content\/uploads\/sites\/21\/2026\/04\/diendusa-768x1371.png 768w, https:\/\/izglitiba.valmierasnovads.lv\/pienenite\/wp-content\/uploads\/sites\/21\/2026\/04\/diendusa-860x1536.png 860w, https:\/\/izglitiba.valmierasnovads.lv\/pienenite\/wp-content\/uploads\/sites\/21\/2026\/04\/diendusa.png 896w\" sizes=\"auto, (max-width: 573px) 100vw, 573px\" \/><\/figure>\n<\/div><\/div>\n\n\n<style>.kadence-column141_88f18b-12 > .kt-inside-inner-col,.kadence-column141_88f18b-12 > .kt-inside-inner-col:before{border-top-left-radius:0px;border-top-right-radius:0px;border-bottom-right-radius:0px;border-bottom-left-radius:0px;}.kadence-column141_88f18b-12 > .kt-inside-inner-col{column-gap:var(--global-kb-gap-sm, 1rem);}.kadence-column141_88f18b-12 > .kt-inside-inner-col{flex-direction:column;}.kadence-column141_88f18b-12 > .kt-inside-inner-col > .aligncenter{width:100%;}.kadence-column141_88f18b-12 > .kt-inside-inner-col:before{opacity:0.3;}.kadence-column141_88f18b-12{position:relative;}@media all and (max-width: 1024px){.kadence-column141_88f18b-12 > .kt-inside-inner-col{flex-direction:column;justify-content:center;}}@media all and (max-width: 767px){.kadence-column141_88f18b-12 > .kt-inside-inner-col{flex-direction:column;justify-content:center;}}<\/style>\n<div class=\"wp-block-kadence-column kadence-column141_88f18b-12\"><div class=\"kt-inside-inner-col\">\n<p><strong>Iest\u0101des misija<\/strong>:&nbsp;Iest\u0101de ir&nbsp;dro\u0161a vide, kur\u0101 b\u0113rns var rado\u0161i darboties.<\/p>\n\n\n\n<p><strong>Iest\u0101des v\u0113rt\u012bbas:&nbsp;<\/strong><\/p>\n\n\n\n<ul class=\"wp-block-list\">\n<li>Cie\u0146a<\/li>\n\n\n\n<li>Sadarb\u012bba<\/li>\n\n\n\n<li>Dro\u0161\u012bba<\/li>\n<\/ul>\n\n\n\n<p>M\u0113s apzin\u0101mies, ka uzs\u0101kot b\u0113rna pirmsskolas izgl\u012bt\u012bbas gaitas, J\u016bs uzticat mums pa\u0161u d\u0101rg\u0101ko, t\u0101d\u0113\u013c&nbsp;nov\u0113rt\u0113jam katru b\u0113rnu.<br>Mums r\u016bp, lai ikviens justos labi, lai tiktu saskat\u012btas b\u0113rna stipr\u0101s puses, prasmes un t\u0101s pilnveidotu. M\u0113s str\u0101d\u0101jam, lai b\u0113rns justos saprasts un pieder\u012bgs. Iest\u0101de ir laim\u012bga, ja visas iesaist\u012bt\u0101s puses ir laim\u012bgas.<\/p>\n\n\n\n<p><strong>SARUN\u0100M <\/strong>un <strong>SADARB\u012aBAI <\/strong>ir milz\u012bgs sp\u0113ks, t\u0101d\u0113\u013c vienm\u0113r esiet laipni aicin\u0101ti uz sarunu.<\/p>\n<\/div><\/div>\n\n<\/div><\/div>\n\n\n<p><\/p>\n","protected":false},"excerpt":{"rendered":"<p>Iest\u0101des misija:&nbsp;Iest\u0101de ir&nbsp;dro\u0161a vide, kur\u0101 b\u0113rns var rado\u0161i darboties. Iest\u0101des v\u0113rt\u012bbas:&nbsp; M\u0113s apzin\u0101mies, ka uzs\u0101kot b\u0113rna pirmsskolas izgl\u012bt\u012bbas gaitas, J\u016bs [&hellip;]<\/p>\n","protected":false},"author":57,"featured_media":0,"parent":0,"menu_order":0,"comment_status":"closed","ping_status":"closed","template":"","meta":{"_acf_changed":false,"site-sidebar-layout":"default","site-content-layout":"","ast-site-content-layout":"default","site-content-style":"default","site-sidebar-style":"default","ast-global-header-display":"","ast-banner-title-visibility":"","ast-main-header-display":"","ast-hfb-above-header-display":"","ast-hfb-below-header-display":"","ast-hfb-mobile-header-display":"","site-post-title":"","ast-breadcrumbs-content":"","ast-featured-img":"","footer-sml-layout":"","ast-disable-related-posts":"","theme-transparent-header-meta":"","adv-header-id-meta":"","stick-header-meta":"","header-above-stick-meta":"","header-main-stick-meta":"","header-below-stick-meta":"","astra-migrate-meta-layouts":"default","ast-page-background-enabled":"default","ast-page-background-meta":{"desktop":{"background-color":"var(--ast-global-color-5)","background-image":"","background-repeat":"repeat","background-position":"center center","background-size":"auto","background-attachment":"scroll","background-type":"","background-media":"","overlay-type":"","overlay-color":"","overlay-opacity":"","overlay-gradient":""},"tablet":{"background-color":"","background-image":"","background-repeat":"repeat","background-position":"center center","background-size":"auto","background-attachment":"scroll","background-type":"","background-media":"","overlay-type":"","overlay-color":"","overlay-opacity":"","overlay-gradient":""},"mobile":{"background-color":"","background-image":"","background-repeat":"repeat","background-position":"center center","background-size":"auto","background-attachment":"scroll","background-type":"","background-media":"","overlay-type":"","overlay-color":"","overlay-opacity":"","overlay-gradient":""}},"ast-content-background-meta":{"desktop":{"background-color":"var(--ast-global-color-4)","background-image":"","background-repeat":"repeat","background-position":"center center","background-size":"auto","background-attachment":"scroll","background-type":"","background-media":"","overlay-type":"","overlay-color":"","overlay-opacity":"","overlay-gradient":""},"tablet":{"background-color":"var(--ast-global-color-4)","background-image":"","background-repeat":"repeat","background-position":"center center","background-size":"auto","background-attachment":"scroll","background-type":"","background-media":"","overlay-type":"","overlay-color":"","overlay-opacity":"","overlay-gradient":""},"mobile":{"background-color":"var(--ast-global-color-4)","background-image":"","background-repeat":"repeat","background-position":"center center","background-size":"auto","background-attachment":"scroll","background-type":"","background-media":"","overlay-type":"","overlay-color":"","overlay-opacity":"","overlay-gradient":""}},"footnotes":""},"class_list":["post-141","page","type-page","status-publish","hentry"],"acf":[],"yoast_head":"<!-- This site is optimized with the Yoast SEO plugin v27.0 - https:\/\/yoast.com\/product\/yoast-seo-wordpress\/ -->\n<title>Iest\u0101des v\u012bzija un v\u0113rt\u012bbas - Valmieras pirmsskolas izgl\u012bt\u012bbas iest\u0101de \u201cPienen\u012bte\u201d<\/title>\n<meta name=\"robots\" content=\"index, follow, max-snippet:-1, max-image-preview:large, max-video-preview:-1\" \/>\n<link rel=\"canonical\" href=\"https:\/\/izglitiba.valmierasnovads.lv\/pienenite\/iestades-vizija-un-vertibas\/\" \/>\n<meta property=\"og:locale\" content=\"lv_LV\" \/>\n<meta property=\"og:type\" content=\"article\" \/>\n<meta property=\"og:title\" content=\"Iest\u0101des v\u012bzija un v\u0113rt\u012bbas - Valmieras pirmsskolas izgl\u012bt\u012bbas iest\u0101de \u201cPienen\u012bte\u201d\" \/>\n<meta property=\"og:description\" content=\"Iest\u0101des misija:&nbsp;Iest\u0101de ir&nbsp;dro\u0161a vide, kur\u0101 b\u0113rns var rado\u0161i darboties. Iest\u0101des v\u0113rt\u012bbas:&nbsp; M\u0113s apzin\u0101mies, ka uzs\u0101kot b\u0113rna pirmsskolas izgl\u012bt\u012bbas gaitas, J\u016bs [&hellip;]\" \/>\n<meta property=\"og:url\" content=\"https:\/\/izglitiba.valmierasnovads.lv\/pienenite\/iestades-vizija-un-vertibas\/\" \/>\n<meta property=\"og:site_name\" content=\"Valmieras pirmsskolas izgl\u012bt\u012bbas iest\u0101de \u201cPienen\u012bte\u201d\" \/>\n<meta property=\"article:modified_time\" content=\"2026-04-15T11:49:53+00:00\" \/>\n<meta property=\"og:image\" content=\"https:\/\/izglitiba.valmierasnovads.lv\/pienenite\/wp-content\/uploads\/sites\/21\/2026\/04\/diendusa.png\" \/>\n\t<meta property=\"og:image:width\" content=\"896\" \/>\n\t<meta property=\"og:image:height\" content=\"1600\" \/>\n\t<meta property=\"og:image:type\" content=\"image\/png\" \/>\n<meta name=\"twitter:card\" content=\"summary_large_image\" \/>\n<meta name=\"twitter:label1\" content=\"Est. reading time\" \/>\n\t<meta name=\"twitter:data1\" content=\"1 min\u016bte\" \/>\n<script type=\"application\/ld+json\" class=\"yoast-schema-graph\">{\"@context\":\"https:\/\/schema.org\",\"@graph\":[{\"@type\":\"WebPage\",\"@id\":\"https:\/\/izglitiba.valmierasnovads.lv\/pienenite\/iestades-vizija-un-vertibas\/\",\"url\":\"https:\/\/izglitiba.valmierasnovads.lv\/pienenite\/iestades-vizija-un-vertibas\/\",\"name\":\"Iest\u0101des v\u012bzija un v\u0113rt\u012bbas - Valmieras pirmsskolas izgl\u012bt\u012bbas iest\u0101de \u201cPienen\u012bte\u201d\",\"isPartOf\":{\"@id\":\"https:\/\/izglitiba.valmierasnovads.lv\/pienenite\/#website\"},\"primaryImageOfPage\":{\"@id\":\"https:\/\/izglitiba.valmierasnovads.lv\/pienenite\/iestades-vizija-un-vertibas\/#primaryimage\"},\"image\":{\"@id\":\"https:\/\/izglitiba.valmierasnovads.lv\/pienenite\/iestades-vizija-un-vertibas\/#primaryimage\"},\"thumbnailUrl\":\"https:\/\/izglitiba.valmierasnovads.lv\/pienenite\/wp-content\/uploads\/sites\/21\/2026\/04\/diendusa-573x1024.png\",\"datePublished\":\"2026-01-31T13:24:52+00:00\",\"dateModified\":\"2026-04-15T11:49:53+00:00\",\"breadcrumb\":{\"@id\":\"https:\/\/izglitiba.valmierasnovads.lv\/pienenite\/iestades-vizija-un-vertibas\/#breadcrumb\"},\"inLanguage\":\"lv-LV\",\"potentialAction\":[{\"@type\":\"ReadAction\",\"target\":[\"https:\/\/izglitiba.valmierasnovads.lv\/pienenite\/iestades-vizija-un-vertibas\/\"]}]},{\"@type\":\"ImageObject\",\"inLanguage\":\"lv-LV\",\"@id\":\"https:\/\/izglitiba.valmierasnovads.lv\/pienenite\/iestades-vizija-un-vertibas\/#primaryimage\",\"url\":\"https:\/\/izglitiba.valmierasnovads.lv\/pienenite\/wp-content\/uploads\/sites\/21\/2026\/04\/diendusa.png\",\"contentUrl\":\"https:\/\/izglitiba.valmierasnovads.lv\/pienenite\/wp-content\/uploads\/sites\/21\/2026\/04\/diendusa.png\",\"width\":896,\"height\":1600},{\"@type\":\"BreadcrumbList\",\"@id\":\"https:\/\/izglitiba.valmierasnovads.lv\/pienenite\/iestades-vizija-un-vertibas\/#breadcrumb\",\"itemListElement\":[{\"@type\":\"ListItem\",\"position\":1,\"name\":\"Home\",\"item\":\"https:\/\/izglitiba.valmierasnovads.lv\/pienenite\/\"},{\"@type\":\"ListItem\",\"position\":2,\"name\":\"Iest\u0101des v\u012bzija un v\u0113rt\u012bbas\"}]},{\"@type\":\"WebSite\",\"@id\":\"https:\/\/izglitiba.valmierasnovads.lv\/pienenite\/#website\",\"url\":\"https:\/\/izglitiba.valmierasnovads.lv\/pienenite\/\",\"name\":\"Valmieras pirmsskolas izgl\u012bt\u012bbas iest\u0101de \u201cPienen\u012bte\u201d\",\"description\":\"\",\"publisher\":{\"@id\":\"https:\/\/izglitiba.valmierasnovads.lv\/pienenite\/#organization\"},\"potentialAction\":[{\"@type\":\"SearchAction\",\"target\":{\"@type\":\"EntryPoint\",\"urlTemplate\":\"https:\/\/izglitiba.valmierasnovads.lv\/pienenite\/?s={search_term_string}\"},\"query-input\":{\"@type\":\"PropertyValueSpecification\",\"valueRequired\":true,\"valueName\":\"search_term_string\"}}],\"inLanguage\":\"lv-LV\"},{\"@type\":\"Organization\",\"@id\":\"https:\/\/izglitiba.valmierasnovads.lv\/pienenite\/#organization\",\"name\":\"Valmieras pirmsskolas izgl\u012bt\u012bbas iest\u0101de \u201cPienen\u012bte\u201d\",\"url\":\"https:\/\/izglitiba.valmierasnovads.lv\/pienenite\/\",\"logo\":{\"@type\":\"ImageObject\",\"inLanguage\":\"lv-LV\",\"@id\":\"https:\/\/izglitiba.valmierasnovads.lv\/pienenite\/#\/schema\/logo\/image\/\",\"url\":\"https:\/\/izglitiba.valmierasnovads.lv\/pienenite\/wp-content\/uploads\/sites\/21\/2026\/03\/cropped-Pirmsskolas-izglitibas-iestades-ar-pasu-logo-10-scaled-1.png\",\"contentUrl\":\"https:\/\/izglitiba.valmierasnovads.lv\/pienenite\/wp-content\/uploads\/sites\/21\/2026\/03\/cropped-Pirmsskolas-izglitibas-iestades-ar-pasu-logo-10-scaled-1.png\",\"width\":1464,\"height\":404,\"caption\":\"Valmieras pirmsskolas izgl\u012bt\u012bbas iest\u0101de \u201cPienen\u012bte\u201d\"},\"image\":{\"@id\":\"https:\/\/izglitiba.valmierasnovads.lv\/pienenite\/#\/schema\/logo\/image\/\"}}]}<\/script>\n<!-- \/ Yoast SEO plugin. -->","yoast_head_json":{"title":"Iest\u0101des v\u012bzija un v\u0113rt\u012bbas - Valmieras pirmsskolas izgl\u012bt\u012bbas iest\u0101de \u201cPienen\u012bte\u201d","robots":{"index":"index","follow":"follow","max-snippet":"max-snippet:-1","max-image-preview":"max-image-preview:large","max-video-preview":"max-video-preview:-1"},"canonical":"https:\/\/izglitiba.valmierasnovads.lv\/pienenite\/iestades-vizija-un-vertibas\/","og_locale":"lv_LV","og_type":"article","og_title":"Iest\u0101des v\u012bzija un v\u0113rt\u012bbas - Valmieras pirmsskolas izgl\u012bt\u012bbas iest\u0101de \u201cPienen\u012bte\u201d","og_description":"Iest\u0101des misija:&nbsp;Iest\u0101de ir&nbsp;dro\u0161a vide, kur\u0101 b\u0113rns var rado\u0161i darboties. Iest\u0101des v\u0113rt\u012bbas:&nbsp; M\u0113s apzin\u0101mies, ka uzs\u0101kot b\u0113rna pirmsskolas izgl\u012bt\u012bbas gaitas, J\u016bs [&hellip;]","og_url":"https:\/\/izglitiba.valmierasnovads.lv\/pienenite\/iestades-vizija-un-vertibas\/","og_site_name":"Valmieras pirmsskolas izgl\u012bt\u012bbas iest\u0101de \u201cPienen\u012bte\u201d","article_modified_time":"2026-04-15T11:49:53+00:00","og_image":[{"width":896,"height":1600,"url":"https:\/\/izglitiba.valmierasnovads.lv\/pienenite\/wp-content\/uploads\/sites\/21\/2026\/04\/diendusa.png","type":"image\/png"}],"twitter_card":"summary_large_image","twitter_misc":{"Est. reading time":"1 min\u016bte"},"schema":{"@context":"https:\/\/schema.org","@graph":[{"@type":"WebPage","@id":"https:\/\/izglitiba.valmierasnovads.lv\/pienenite\/iestades-vizija-un-vertibas\/","url":"https:\/\/izglitiba.valmierasnovads.lv\/pienenite\/iestades-vizija-un-vertibas\/","name":"Iest\u0101des v\u012bzija un v\u0113rt\u012bbas - Valmieras pirmsskolas izgl\u012bt\u012bbas iest\u0101de \u201cPienen\u012bte\u201d","isPartOf":{"@id":"https:\/\/izglitiba.valmierasnovads.lv\/pienenite\/#website"},"primaryImageOfPage":{"@id":"https:\/\/izglitiba.valmierasnovads.lv\/pienenite\/iestades-vizija-un-vertibas\/#primaryimage"},"image":{"@id":"https:\/\/izglitiba.valmierasnovads.lv\/pienenite\/iestades-vizija-un-vertibas\/#primaryimage"},"thumbnailUrl":"https:\/\/izglitiba.valmierasnovads.lv\/pienenite\/wp-content\/uploads\/sites\/21\/2026\/04\/diendusa-573x1024.png","datePublished":"2026-01-31T13:24:52+00:00","dateModified":"2026-04-15T11:49:53+00:00","breadcrumb":{"@id":"https:\/\/izglitiba.valmierasnovads.lv\/pienenite\/iestades-vizija-un-vertibas\/#breadcrumb"},"inLanguage":"lv-LV","potentialAction":[{"@type":"ReadAction","target":["https:\/\/izglitiba.valmierasnovads.lv\/pienenite\/iestades-vizija-un-vertibas\/"]}]},{"@type":"ImageObject","inLanguage":"lv-LV","@id":"https:\/\/izglitiba.valmierasnovads.lv\/pienenite\/iestades-vizija-un-vertibas\/#primaryimage","url":"https:\/\/izglitiba.valmierasnovads.lv\/pienenite\/wp-content\/uploads\/sites\/21\/2026\/04\/diendusa.png","contentUrl":"https:\/\/izglitiba.valmierasnovads.lv\/pienenite\/wp-content\/uploads\/sites\/21\/2026\/04\/diendusa.png","width":896,"height":1600},{"@type":"BreadcrumbList","@id":"https:\/\/izglitiba.valmierasnovads.lv\/pienenite\/iestades-vizija-un-vertibas\/#breadcrumb","itemListElement":[{"@type":"ListItem","position":1,"name":"Home","item":"https:\/\/izglitiba.valmierasnovads.lv\/pienenite\/"},{"@type":"ListItem","position":2,"name":"Iest\u0101des v\u012bzija un v\u0113rt\u012bbas"}]},{"@type":"WebSite","@id":"https:\/\/izglitiba.valmierasnovads.lv\/pienenite\/#website","url":"https:\/\/izglitiba.valmierasnovads.lv\/pienenite\/","name":"Valmieras pirmsskolas izgl\u012bt\u012bbas iest\u0101de \u201cPienen\u012bte\u201d","description":"","publisher":{"@id":"https:\/\/izglitiba.valmierasnovads.lv\/pienenite\/#organization"},"potentialAction":[{"@type":"SearchAction","target":{"@type":"EntryPoint","urlTemplate":"https:\/\/izglitiba.valmierasnovads.lv\/pienenite\/?s={search_term_string}"},"query-input":{"@type":"PropertyValueSpecification","valueRequired":true,"valueName":"search_term_string"}}],"inLanguage":"lv-LV"},{"@type":"Organization","@id":"https:\/\/izglitiba.valmierasnovads.lv\/pienenite\/#organization","name":"Valmieras pirmsskolas izgl\u012bt\u012bbas iest\u0101de \u201cPienen\u012bte\u201d","url":"https:\/\/izglitiba.valmierasnovads.lv\/pienenite\/","logo":{"@type":"ImageObject","inLanguage":"lv-LV","@id":"https:\/\/izglitiba.valmierasnovads.lv\/pienenite\/#\/schema\/logo\/image\/","url":"https:\/\/izglitiba.valmierasnovads.lv\/pienenite\/wp-content\/uploads\/sites\/21\/2026\/03\/cropped-Pirmsskolas-izglitibas-iestades-ar-pasu-logo-10-scaled-1.png","contentUrl":"https:\/\/izglitiba.valmierasnovads.lv\/pienenite\/wp-content\/uploads\/sites\/21\/2026\/03\/cropped-Pirmsskolas-izglitibas-iestades-ar-pasu-logo-10-scaled-1.png","width":1464,"height":404,"caption":"Valmieras pirmsskolas izgl\u012bt\u012bbas iest\u0101de \u201cPienen\u012bte\u201d"},"image":{"@id":"https:\/\/izglitiba.valmierasnovads.lv\/pienenite\/#\/schema\/logo\/image\/"}}]}},"_links":{"self":[{"href":"https:\/\/izglitiba.valmierasnovads.lv\/pienenite\/wp-json\/wp\/v2\/pages\/141","targetHints":{"allow":["GET"]}}],"collection":[{"href":"https:\/\/izglitiba.valmierasnovads.lv\/pienenite\/wp-json\/wp\/v2\/pages"}],"about":[{"href":"https:\/\/izglitiba.valmierasnovads.lv\/pienenite\/wp-json\/wp\/v2\/types\/page"}],"author":[{"embeddable":true,"href":"https:\/\/izglitiba.valmierasnovads.lv\/pienenite\/wp-json\/wp\/v2\/users\/57"}],"replies":[{"embeddable":true,"href":"https:\/\/izglitiba.valmierasnovads.lv\/pienenite\/wp-json\/wp\/v2\/comments?post=141"}],"version-history":[{"count":8,"href":"https:\/\/izglitiba.valmierasnovads.lv\/pienenite\/wp-json\/wp\/v2\/pages\/141\/revisions"}],"predecessor-version":[{"id":367,"href":"https:\/\/izglitiba.valmierasnovads.lv\/pienenite\/wp-json\/wp\/v2\/pages\/141\/revisions\/367"}],"wp:attachment":[{"href":"https:\/\/izglitiba.valmierasnovads.lv\/pienenite\/wp-json\/wp\/v2\/media?parent=141"}],"curies":[{"name":"wp","href":"https:\/\/api.w.org\/{rel}","templated":true}]}}