{"id":144,"date":"2026-01-31T15:25:18","date_gmt":"2026-01-31T13:25:18","guid":{"rendered":"https:\/\/izglitiba.valmierasnovads.lv\/pienenite\/?page_id=144"},"modified":"2026-02-02T14:09:45","modified_gmt":"2026-02-02T12:09:45","slug":"dzimbas-drosibas-programma","status":"publish","type":"page","link":"https:\/\/izglitiba.valmierasnovads.lv\/pienenite\/dzimbas-drosibas-programma\/","title":{"rendered":"D\u017eimbas dro\u0161\u012bbas so\u013cu programma"},"content":{"rendered":"<style>.kb-row-layout-id144_7eb925-7c > .kt-row-column-wrap{align-content:start;}:where(.kb-row-layout-id144_7eb925-7c > .kt-row-column-wrap) > .wp-block-kadence-column{justify-content:start;}.kb-row-layout-id144_7eb925-7c > .kt-row-column-wrap{column-gap:var(--global-kb-gap-md, 2rem);row-gap:var(--global-kb-gap-md, 2rem);padding-top:var(--global-kb-spacing-sm, 1.5rem);padding-bottom:var(--global-kb-spacing-sm, 1.5rem);grid-template-columns:minmax(0, 1fr) minmax(0, 2fr);}.kb-row-layout-id144_7eb925-7c > .kt-row-layout-overlay{opacity:0.30;}@media all and (max-width: 1024px){.kb-row-layout-id144_7eb925-7c > .kt-row-column-wrap{grid-template-columns:minmax(0, 1fr) minmax(0, 2fr);}}@media all and (max-width: 767px){.kb-row-layout-id144_7eb925-7c > .kt-row-column-wrap{grid-template-columns:minmax(0, 1fr);}}<\/style><div class=\"kb-row-layout-wrap kb-row-layout-id144_7eb925-7c alignnone wp-block-kadence-rowlayout\"><div class=\"kt-row-column-wrap kt-has-2-columns kt-row-layout-right-golden kt-tab-layout-inherit kt-mobile-layout-row kt-row-valign-top\">\n<style>.kadence-column144_996593-73 > .kt-inside-inner-col,.kadence-column144_996593-73 > .kt-inside-inner-col:before{border-top-left-radius:0px;border-top-right-radius:0px;border-bottom-right-radius:0px;border-bottom-left-radius:0px;}.kadence-column144_996593-73 > .kt-inside-inner-col{column-gap:var(--global-kb-gap-sm, 1rem);}.kadence-column144_996593-73 > .kt-inside-inner-col{flex-direction:column;}.kadence-column144_996593-73 > .kt-inside-inner-col > .aligncenter{width:100%;}.kadence-column144_996593-73 > .kt-inside-inner-col:before{opacity:0.3;}.kadence-column144_996593-73{position:relative;}@media all and (max-width: 1024px){.kadence-column144_996593-73 > .kt-inside-inner-col{flex-direction:column;justify-content:center;}}@media all and (max-width: 767px){.kadence-column144_996593-73 > .kt-inside-inner-col{flex-direction:column;justify-content:center;}}<\/style>\n<div class=\"wp-block-kadence-column kadence-column144_996593-73\"><div class=\"kt-inside-inner-col\">\n<figure class=\"wp-block-image size-full\"><img loading=\"lazy\" decoding=\"async\" width=\"643\" height=\"1024\" src=\"https:\/\/izglitiba.valmierasnovads.lv\/pienenite\/wp-content\/uploads\/sites\/21\/2026\/02\/Dzimba_Ilustracija-03-643x1024-1.png\" alt=\"\" class=\"wp-image-205\" style=\"aspect-ratio:0.6279432657148846\" srcset=\"https:\/\/izglitiba.valmierasnovads.lv\/pienenite\/wp-content\/uploads\/sites\/21\/2026\/02\/Dzimba_Ilustracija-03-643x1024-1.png 643w, https:\/\/izglitiba.valmierasnovads.lv\/pienenite\/wp-content\/uploads\/sites\/21\/2026\/02\/Dzimba_Ilustracija-03-643x1024-1-188x300.png 188w\" sizes=\"auto, (max-width: 643px) 100vw, 643px\" \/><\/figure>\n<\/div><\/div>\n\n\n<style>.kadence-column144_ab287d-3a > .kt-inside-inner-col,.kadence-column144_ab287d-3a > .kt-inside-inner-col:before{border-top-left-radius:0px;border-top-right-radius:0px;border-bottom-right-radius:0px;border-bottom-left-radius:0px;}.kadence-column144_ab287d-3a > .kt-inside-inner-col{column-gap:var(--global-kb-gap-sm, 1rem);}.kadence-column144_ab287d-3a > .kt-inside-inner-col{flex-direction:column;}.kadence-column144_ab287d-3a > .kt-inside-inner-col > .aligncenter{width:100%;}.kadence-column144_ab287d-3a > .kt-inside-inner-col:before{opacity:0.3;}.kadence-column144_ab287d-3a{position:relative;}@media all and (max-width: 1024px){.kadence-column144_ab287d-3a > .kt-inside-inner-col{flex-direction:column;justify-content:center;}}@media all and (max-width: 767px){.kadence-column144_ab287d-3a > .kt-inside-inner-col{flex-direction:column;justify-content:center;}}<\/style>\n<div class=\"wp-block-kadence-column kadence-column144_ab287d-3a\"><div class=\"kt-inside-inner-col\">\n<p>Pirmsskolas izgl\u012bt\u012bbas iest\u0101d\u0113 \u201cPienen\u012bte\u201d vec\u0101ko grupu b\u0113rniem tiek vad\u012btas D\u017eimbas dro\u0161\u012bbas nodarb\u012bbas. To m\u0113r\u0137is ir izgl\u012btot b\u0113rnus par dro\u0161\u012bbu attiec\u012bb\u0101s, kur\u0101s b\u0113rni j\u016btas dro\u0161i un pasarg\u0101ti. Programmu \u012bsteno un dro\u0161\u0101s iema\u0146as b\u0113rniem att\u012bsta iest\u0101des darbinieks, kur\u0161 k\u013c\u016bst par\u00a0<strong>D\u017eimbas a\u0123entu<\/strong>,\u00a0pirmsskolas izgl\u012bt\u012bbas iest\u0101d\u0113 \u201cPienen\u012bte\u201d tas ir psihologs. <\/p>\n\n\n\n<p>D\u017eimbas dro\u0161\u012bbas programma pal\u012bdz b\u0113rniem:<\/p>\n\n\n\n<ol start=\"1\" class=\"wp-block-list\">\n<li>atpaz\u012bt un atbilsto\u0161i rea\u0123\u0113t nedro\u0161\u0101s situ\u0101cij\u0101s,<\/li>\n\n\n\n<li>demonstr\u0113t pa\u0161cie\u0146u un cie\u0146u pret citiem,<\/li>\n\n\n\n<li>att\u012bst\u012bt pa\u0161apzi\u0146u un pa\u0161v\u0113rt\u012bbu,<\/li>\n\n\n\n<li>veidot dro\u0161as un cie\u0146pilnas attiec\u012bbas.<\/li>\n<\/ol>\n\n\n\n<p>D\u017eimbas dro\u0161\u012bbas programm\u0101 izmantot\u0101s metodes ir interakt\u012bvas, p\u0101rbaud\u012btas un darbojas efekt\u012bvi. Sare\u017e\u0123\u012btas un mulsino\u0161as lietas ar m\u016bzikas, rota\u013cu, filmi\u0146u, lomu sp\u0113\u013cu pal\u012bdz\u012bbu tiek pasniegtas vienk\u0101r\u0161i un dabiski. B\u0113rni m\u0101c\u012bsies ar prieku, k\u013c\u016bs gudr\u0101ki, p\u0101rliecin\u0101t\u0101ki un dro\u0161\u0101ki. D\u017eimbas dro\u0161\u012bbas programmas nodarb\u012bbas sniegs zin\u0101\u0161anas ne tikai b\u0113rniem, bet ar\u012b pedagogiem un vec\u0101kiem tiek pied\u0101v\u0101ti da\u017e\u0101di materi\u0101li, kurus var\u0113siet izmantot m\u0101j\u0101s sarun\u0101s ar b\u0113rnu, lai tie\u0161i J\u016bs var\u0113tu b\u016bt par sava b\u0113rna dro\u0161o cilv\u0113ku.<\/p>\n\n\n\n<p><a href=\"https:\/\/www.youtube.com\/watch?v=bjoxZ3MGoC8\">D\u017eimbas dro\u0161\u012bbas programmas st\u0101sts<\/a> <\/p>\n<\/div><\/div>\n\n<\/div><\/div>\n\n\n<p><\/p>\n","protected":false},"excerpt":{"rendered":"<p>Pirmsskolas izgl\u012bt\u012bbas iest\u0101d\u0113 \u201cPienen\u012bte\u201d vec\u0101ko grupu b\u0113rniem tiek vad\u012btas D\u017eimbas dro\u0161\u012bbas nodarb\u012bbas. To m\u0113r\u0137is ir izgl\u012btot b\u0113rnus par dro\u0161\u012bbu attiec\u012bb\u0101s, [&hellip;]<\/p>\n","protected":false},"author":57,"featured_media":0,"parent":0,"menu_order":0,"comment_status":"closed","ping_status":"closed","template":"","meta":{"_acf_changed":false,"site-sidebar-layout":"default","site-content-layout":"","ast-site-content-layout":"default","site-content-style":"default","site-sidebar-style":"default","ast-global-header-display":"","ast-banner-title-visibility":"","ast-main-header-display":"","ast-hfb-above-header-display":"","ast-hfb-below-header-display":"","ast-hfb-mobile-header-display":"","site-post-title":"","ast-breadcrumbs-content":"","ast-featured-img":"","footer-sml-layout":"","ast-disable-related-posts":"","theme-transparent-header-meta":"","adv-header-id-meta":"","stick-header-meta":"","header-above-stick-meta":"","header-main-stick-meta":"","header-below-stick-meta":"","astra-migrate-meta-layouts":"default","ast-page-background-enabled":"default","ast-page-background-meta":{"desktop":{"background-color":"var(--ast-global-color-5)","background-image":"","background-repeat":"repeat","background-position":"center center","background-size":"auto","background-attachment":"scroll","background-type":"","background-media":"","overlay-type":"","overlay-color":"","overlay-opacity":"","overlay-gradient":""},"tablet":{"background-color":"","background-image":"","background-repeat":"repeat","background-position":"center center","background-size":"auto","background-attachment":"scroll","background-type":"","background-media":"","overlay-type":"","overlay-color":"","overlay-opacity":"","overlay-gradient":""},"mobile":{"background-color":"","background-image":"","background-repeat":"repeat","background-position":"center center","background-size":"auto","background-attachment":"scroll","background-type":"","background-media":"","overlay-type":"","overlay-color":"","overlay-opacity":"","overlay-gradient":""}},"ast-content-background-meta":{"desktop":{"background-color":"var(--ast-global-color-4)","background-image":"","background-repeat":"repeat","background-position":"center center","background-size":"auto","background-attachment":"scroll","background-type":"","background-media":"","overlay-type":"","overlay-color":"","overlay-opacity":"","overlay-gradient":""},"tablet":{"background-color":"var(--ast-global-color-4)","background-image":"","background-repeat":"repeat","background-position":"center center","background-size":"auto","background-attachment":"scroll","background-type":"","background-media":"","overlay-type":"","overlay-color":"","overlay-opacity":"","overlay-gradient":""},"mobile":{"background-color":"var(--ast-global-color-4)","background-image":"","background-repeat":"repeat","background-position":"center center","background-size":"auto","background-attachment":"scroll","background-type":"","background-media":"","overlay-type":"","overlay-color":"","overlay-opacity":"","overlay-gradient":""}},"footnotes":""},"class_list":["post-144","page","type-page","status-publish","hentry"],"acf":[],"yoast_head":"<!-- This site is optimized with the Yoast SEO plugin v27.0 - https:\/\/yoast.com\/product\/yoast-seo-wordpress\/ -->\n<title>D\u017eimbas dro\u0161\u012bbas so\u013cu programma - Valmieras pirmsskolas izgl\u012bt\u012bbas iest\u0101de \u201cPienen\u012bte\u201d<\/title>\n<meta name=\"robots\" content=\"index, follow, max-snippet:-1, max-image-preview:large, max-video-preview:-1\" \/>\n<link rel=\"canonical\" href=\"https:\/\/izglitiba.valmierasnovads.lv\/pienenite\/dzimbas-drosibas-programma\/\" \/>\n<meta property=\"og:locale\" content=\"lv_LV\" \/>\n<meta property=\"og:type\" content=\"article\" \/>\n<meta property=\"og:title\" content=\"D\u017eimbas dro\u0161\u012bbas so\u013cu programma - Valmieras pirmsskolas izgl\u012bt\u012bbas iest\u0101de \u201cPienen\u012bte\u201d\" \/>\n<meta property=\"og:description\" content=\"Pirmsskolas izgl\u012bt\u012bbas iest\u0101d\u0113 \u201cPienen\u012bte\u201d vec\u0101ko grupu b\u0113rniem tiek vad\u012btas D\u017eimbas dro\u0161\u012bbas nodarb\u012bbas. To m\u0113r\u0137is ir izgl\u012btot b\u0113rnus par dro\u0161\u012bbu attiec\u012bb\u0101s, [&hellip;]\" \/>\n<meta property=\"og:url\" content=\"https:\/\/izglitiba.valmierasnovads.lv\/pienenite\/dzimbas-drosibas-programma\/\" \/>\n<meta property=\"og:site_name\" content=\"Valmieras pirmsskolas izgl\u012bt\u012bbas iest\u0101de \u201cPienen\u012bte\u201d\" \/>\n<meta property=\"article:modified_time\" content=\"2026-02-02T12:09:45+00:00\" \/>\n<meta property=\"og:image\" content=\"https:\/\/izglitiba.valmierasnovads.lv\/pienenite\/wp-content\/uploads\/sites\/21\/2026\/02\/Dzimba_Ilustracija-03-643x1024-1.png\" \/>\n\t<meta property=\"og:image:width\" content=\"643\" \/>\n\t<meta property=\"og:image:height\" content=\"1024\" \/>\n\t<meta property=\"og:image:type\" content=\"image\/png\" \/>\n<meta name=\"twitter:card\" content=\"summary_large_image\" \/>\n<meta name=\"twitter:label1\" content=\"Est. reading time\" \/>\n\t<meta name=\"twitter:data1\" content=\"2 min\u016btes\" \/>\n<script type=\"application\/ld+json\" class=\"yoast-schema-graph\">{\"@context\":\"https:\/\/schema.org\",\"@graph\":[{\"@type\":\"WebPage\",\"@id\":\"https:\/\/izglitiba.valmierasnovads.lv\/pienenite\/dzimbas-drosibas-programma\/\",\"url\":\"https:\/\/izglitiba.valmierasnovads.lv\/pienenite\/dzimbas-drosibas-programma\/\",\"name\":\"D\u017eimbas dro\u0161\u012bbas so\u013cu programma - Valmieras pirmsskolas izgl\u012bt\u012bbas iest\u0101de \u201cPienen\u012bte\u201d\",\"isPartOf\":{\"@id\":\"https:\/\/izglitiba.valmierasnovads.lv\/pienenite\/#website\"},\"primaryImageOfPage\":{\"@id\":\"https:\/\/izglitiba.valmierasnovads.lv\/pienenite\/dzimbas-drosibas-programma\/#primaryimage\"},\"image\":{\"@id\":\"https:\/\/izglitiba.valmierasnovads.lv\/pienenite\/dzimbas-drosibas-programma\/#primaryimage\"},\"thumbnailUrl\":\"https:\/\/izglitiba.valmierasnovads.lv\/pienenite\/wp-content\/uploads\/sites\/21\/2026\/02\/Dzimba_Ilustracija-03-643x1024-1.png\",\"datePublished\":\"2026-01-31T13:25:18+00:00\",\"dateModified\":\"2026-02-02T12:09:45+00:00\",\"breadcrumb\":{\"@id\":\"https:\/\/izglitiba.valmierasnovads.lv\/pienenite\/dzimbas-drosibas-programma\/#breadcrumb\"},\"inLanguage\":\"lv-LV\",\"potentialAction\":[{\"@type\":\"ReadAction\",\"target\":[\"https:\/\/izglitiba.valmierasnovads.lv\/pienenite\/dzimbas-drosibas-programma\/\"]}]},{\"@type\":\"ImageObject\",\"inLanguage\":\"lv-LV\",\"@id\":\"https:\/\/izglitiba.valmierasnovads.lv\/pienenite\/dzimbas-drosibas-programma\/#primaryimage\",\"url\":\"https:\/\/izglitiba.valmierasnovads.lv\/pienenite\/wp-content\/uploads\/sites\/21\/2026\/02\/Dzimba_Ilustracija-03-643x1024-1.png\",\"contentUrl\":\"https:\/\/izglitiba.valmierasnovads.lv\/pienenite\/wp-content\/uploads\/sites\/21\/2026\/02\/Dzimba_Ilustracija-03-643x1024-1.png\",\"width\":643,\"height\":1024},{\"@type\":\"BreadcrumbList\",\"@id\":\"https:\/\/izglitiba.valmierasnovads.lv\/pienenite\/dzimbas-drosibas-programma\/#breadcrumb\",\"itemListElement\":[{\"@type\":\"ListItem\",\"position\":1,\"name\":\"Home\",\"item\":\"https:\/\/izglitiba.valmierasnovads.lv\/pienenite\/\"},{\"@type\":\"ListItem\",\"position\":2,\"name\":\"D\u017eimbas dro\u0161\u012bbas so\u013cu programma\"}]},{\"@type\":\"WebSite\",\"@id\":\"https:\/\/izglitiba.valmierasnovads.lv\/pienenite\/#website\",\"url\":\"https:\/\/izglitiba.valmierasnovads.lv\/pienenite\/\",\"name\":\"Valmieras pirmsskolas izgl\u012bt\u012bbas iest\u0101de \u201cPienen\u012bte\u201d\",\"description\":\"\",\"publisher\":{\"@id\":\"https:\/\/izglitiba.valmierasnovads.lv\/pienenite\/#organization\"},\"potentialAction\":[{\"@type\":\"SearchAction\",\"target\":{\"@type\":\"EntryPoint\",\"urlTemplate\":\"https:\/\/izglitiba.valmierasnovads.lv\/pienenite\/?s={search_term_string}\"},\"query-input\":{\"@type\":\"PropertyValueSpecification\",\"valueRequired\":true,\"valueName\":\"search_term_string\"}}],\"inLanguage\":\"lv-LV\"},{\"@type\":\"Organization\",\"@id\":\"https:\/\/izglitiba.valmierasnovads.lv\/pienenite\/#organization\",\"name\":\"Valmieras pirmsskolas izgl\u012bt\u012bbas iest\u0101de \u201cPienen\u012bte\u201d\",\"url\":\"https:\/\/izglitiba.valmierasnovads.lv\/pienenite\/\",\"logo\":{\"@type\":\"ImageObject\",\"inLanguage\":\"lv-LV\",\"@id\":\"https:\/\/izglitiba.valmierasnovads.lv\/pienenite\/#\/schema\/logo\/image\/\",\"url\":\"https:\/\/izglitiba.valmierasnovads.lv\/pienenite\/wp-content\/uploads\/sites\/21\/2026\/03\/cropped-Pirmsskolas-izglitibas-iestades-ar-pasu-logo-10-scaled-1.png\",\"contentUrl\":\"https:\/\/izglitiba.valmierasnovads.lv\/pienenite\/wp-content\/uploads\/sites\/21\/2026\/03\/cropped-Pirmsskolas-izglitibas-iestades-ar-pasu-logo-10-scaled-1.png\",\"width\":1464,\"height\":404,\"caption\":\"Valmieras pirmsskolas izgl\u012bt\u012bbas iest\u0101de \u201cPienen\u012bte\u201d\"},\"image\":{\"@id\":\"https:\/\/izglitiba.valmierasnovads.lv\/pienenite\/#\/schema\/logo\/image\/\"}}]}<\/script>\n<!-- \/ Yoast SEO plugin. -->","yoast_head_json":{"title":"D\u017eimbas dro\u0161\u012bbas so\u013cu programma - Valmieras pirmsskolas izgl\u012bt\u012bbas iest\u0101de \u201cPienen\u012bte\u201d","robots":{"index":"index","follow":"follow","max-snippet":"max-snippet:-1","max-image-preview":"max-image-preview:large","max-video-preview":"max-video-preview:-1"},"canonical":"https:\/\/izglitiba.valmierasnovads.lv\/pienenite\/dzimbas-drosibas-programma\/","og_locale":"lv_LV","og_type":"article","og_title":"D\u017eimbas dro\u0161\u012bbas so\u013cu programma - Valmieras pirmsskolas izgl\u012bt\u012bbas iest\u0101de \u201cPienen\u012bte\u201d","og_description":"Pirmsskolas izgl\u012bt\u012bbas iest\u0101d\u0113 \u201cPienen\u012bte\u201d vec\u0101ko grupu b\u0113rniem tiek vad\u012btas D\u017eimbas dro\u0161\u012bbas nodarb\u012bbas. To m\u0113r\u0137is ir izgl\u012btot b\u0113rnus par dro\u0161\u012bbu attiec\u012bb\u0101s, [&hellip;]","og_url":"https:\/\/izglitiba.valmierasnovads.lv\/pienenite\/dzimbas-drosibas-programma\/","og_site_name":"Valmieras pirmsskolas izgl\u012bt\u012bbas iest\u0101de \u201cPienen\u012bte\u201d","article_modified_time":"2026-02-02T12:09:45+00:00","og_image":[{"width":643,"height":1024,"url":"https:\/\/izglitiba.valmierasnovads.lv\/pienenite\/wp-content\/uploads\/sites\/21\/2026\/02\/Dzimba_Ilustracija-03-643x1024-1.png","type":"image\/png"}],"twitter_card":"summary_large_image","twitter_misc":{"Est. reading time":"2 min\u016btes"},"schema":{"@context":"https:\/\/schema.org","@graph":[{"@type":"WebPage","@id":"https:\/\/izglitiba.valmierasnovads.lv\/pienenite\/dzimbas-drosibas-programma\/","url":"https:\/\/izglitiba.valmierasnovads.lv\/pienenite\/dzimbas-drosibas-programma\/","name":"D\u017eimbas dro\u0161\u012bbas so\u013cu programma - Valmieras pirmsskolas izgl\u012bt\u012bbas iest\u0101de \u201cPienen\u012bte\u201d","isPartOf":{"@id":"https:\/\/izglitiba.valmierasnovads.lv\/pienenite\/#website"},"primaryImageOfPage":{"@id":"https:\/\/izglitiba.valmierasnovads.lv\/pienenite\/dzimbas-drosibas-programma\/#primaryimage"},"image":{"@id":"https:\/\/izglitiba.valmierasnovads.lv\/pienenite\/dzimbas-drosibas-programma\/#primaryimage"},"thumbnailUrl":"https:\/\/izglitiba.valmierasnovads.lv\/pienenite\/wp-content\/uploads\/sites\/21\/2026\/02\/Dzimba_Ilustracija-03-643x1024-1.png","datePublished":"2026-01-31T13:25:18+00:00","dateModified":"2026-02-02T12:09:45+00:00","breadcrumb":{"@id":"https:\/\/izglitiba.valmierasnovads.lv\/pienenite\/dzimbas-drosibas-programma\/#breadcrumb"},"inLanguage":"lv-LV","potentialAction":[{"@type":"ReadAction","target":["https:\/\/izglitiba.valmierasnovads.lv\/pienenite\/dzimbas-drosibas-programma\/"]}]},{"@type":"ImageObject","inLanguage":"lv-LV","@id":"https:\/\/izglitiba.valmierasnovads.lv\/pienenite\/dzimbas-drosibas-programma\/#primaryimage","url":"https:\/\/izglitiba.valmierasnovads.lv\/pienenite\/wp-content\/uploads\/sites\/21\/2026\/02\/Dzimba_Ilustracija-03-643x1024-1.png","contentUrl":"https:\/\/izglitiba.valmierasnovads.lv\/pienenite\/wp-content\/uploads\/sites\/21\/2026\/02\/Dzimba_Ilustracija-03-643x1024-1.png","width":643,"height":1024},{"@type":"BreadcrumbList","@id":"https:\/\/izglitiba.valmierasnovads.lv\/pienenite\/dzimbas-drosibas-programma\/#breadcrumb","itemListElement":[{"@type":"ListItem","position":1,"name":"Home","item":"https:\/\/izglitiba.valmierasnovads.lv\/pienenite\/"},{"@type":"ListItem","position":2,"name":"D\u017eimbas dro\u0161\u012bbas so\u013cu programma"}]},{"@type":"WebSite","@id":"https:\/\/izglitiba.valmierasnovads.lv\/pienenite\/#website","url":"https:\/\/izglitiba.valmierasnovads.lv\/pienenite\/","name":"Valmieras pirmsskolas izgl\u012bt\u012bbas iest\u0101de \u201cPienen\u012bte\u201d","description":"","publisher":{"@id":"https:\/\/izglitiba.valmierasnovads.lv\/pienenite\/#organization"},"potentialAction":[{"@type":"SearchAction","target":{"@type":"EntryPoint","urlTemplate":"https:\/\/izglitiba.valmierasnovads.lv\/pienenite\/?s={search_term_string}"},"query-input":{"@type":"PropertyValueSpecification","valueRequired":true,"valueName":"search_term_string"}}],"inLanguage":"lv-LV"},{"@type":"Organization","@id":"https:\/\/izglitiba.valmierasnovads.lv\/pienenite\/#organization","name":"Valmieras pirmsskolas izgl\u012bt\u012bbas iest\u0101de \u201cPienen\u012bte\u201d","url":"https:\/\/izglitiba.valmierasnovads.lv\/pienenite\/","logo":{"@type":"ImageObject","inLanguage":"lv-LV","@id":"https:\/\/izglitiba.valmierasnovads.lv\/pienenite\/#\/schema\/logo\/image\/","url":"https:\/\/izglitiba.valmierasnovads.lv\/pienenite\/wp-content\/uploads\/sites\/21\/2026\/03\/cropped-Pirmsskolas-izglitibas-iestades-ar-pasu-logo-10-scaled-1.png","contentUrl":"https:\/\/izglitiba.valmierasnovads.lv\/pienenite\/wp-content\/uploads\/sites\/21\/2026\/03\/cropped-Pirmsskolas-izglitibas-iestades-ar-pasu-logo-10-scaled-1.png","width":1464,"height":404,"caption":"Valmieras pirmsskolas izgl\u012bt\u012bbas iest\u0101de \u201cPienen\u012bte\u201d"},"image":{"@id":"https:\/\/izglitiba.valmierasnovads.lv\/pienenite\/#\/schema\/logo\/image\/"}}]}},"_links":{"self":[{"href":"https:\/\/izglitiba.valmierasnovads.lv\/pienenite\/wp-json\/wp\/v2\/pages\/144","targetHints":{"allow":["GET"]}}],"collection":[{"href":"https:\/\/izglitiba.valmierasnovads.lv\/pienenite\/wp-json\/wp\/v2\/pages"}],"about":[{"href":"https:\/\/izglitiba.valmierasnovads.lv\/pienenite\/wp-json\/wp\/v2\/types\/page"}],"author":[{"embeddable":true,"href":"https:\/\/izglitiba.valmierasnovads.lv\/pienenite\/wp-json\/wp\/v2\/users\/57"}],"replies":[{"embeddable":true,"href":"https:\/\/izglitiba.valmierasnovads.lv\/pienenite\/wp-json\/wp\/v2\/comments?post=144"}],"version-history":[{"count":8,"href":"https:\/\/izglitiba.valmierasnovads.lv\/pienenite\/wp-json\/wp\/v2\/pages\/144\/revisions"}],"predecessor-version":[{"id":212,"href":"https:\/\/izglitiba.valmierasnovads.lv\/pienenite\/wp-json\/wp\/v2\/pages\/144\/revisions\/212"}],"wp:attachment":[{"href":"https:\/\/izglitiba.valmierasnovads.lv\/pienenite\/wp-json\/wp\/v2\/media?parent=144"}],"curies":[{"name":"wp","href":"https:\/\/api.w.org\/{rel}","templated":true}]}}