{"id":158,"date":"2026-01-31T15:26:19","date_gmt":"2026-01-31T13:26:19","guid":{"rendered":"https:\/\/izglitiba.valmierasnovads.lv\/pienenite\/?page_id=158"},"modified":"2026-02-02T14:37:07","modified_gmt":"2026-02-02T12:37:07","slug":"cukmens","status":"publish","type":"page","link":"https:\/\/izglitiba.valmierasnovads.lv\/pienenite\/cukmens\/","title":{"rendered":"C\u016bkmena detekt\u012bvi"},"content":{"rendered":"<style>.kb-row-layout-id158_f3c1b0-f8 > .kt-row-column-wrap{align-content:start;}:where(.kb-row-layout-id158_f3c1b0-f8 > .kt-row-column-wrap) > .wp-block-kadence-column{justify-content:start;}.kb-row-layout-id158_f3c1b0-f8 > .kt-row-column-wrap{column-gap:var(--global-kb-gap-md, 2rem);row-gap:var(--global-kb-gap-md, 2rem);padding-top:var(--global-kb-spacing-sm, 1.5rem);padding-bottom:var(--global-kb-spacing-sm, 1.5rem);grid-template-columns:minmax(0, 1fr) minmax(0, 2fr);}.kb-row-layout-id158_f3c1b0-f8 > .kt-row-layout-overlay{opacity:0.30;}@media all and (max-width: 1024px){.kb-row-layout-id158_f3c1b0-f8 > .kt-row-column-wrap{grid-template-columns:minmax(0, 1fr) minmax(0, 2fr);}}@media all and (max-width: 767px){.kb-row-layout-id158_f3c1b0-f8 > .kt-row-column-wrap{grid-template-columns:minmax(0, 1fr);}}<\/style><div class=\"kb-row-layout-wrap kb-row-layout-id158_f3c1b0-f8 alignnone wp-block-kadence-rowlayout\"><div class=\"kt-row-column-wrap kt-has-2-columns kt-row-layout-right-golden kt-tab-layout-inherit kt-mobile-layout-row kt-row-valign-top\">\n<style>.kadence-column158_bc8655-04 > .kt-inside-inner-col,.kadence-column158_bc8655-04 > .kt-inside-inner-col:before{border-top-left-radius:0px;border-top-right-radius:0px;border-bottom-right-radius:0px;border-bottom-left-radius:0px;}.kadence-column158_bc8655-04 > .kt-inside-inner-col{column-gap:var(--global-kb-gap-sm, 1rem);}.kadence-column158_bc8655-04 > .kt-inside-inner-col{flex-direction:column;}.kadence-column158_bc8655-04 > .kt-inside-inner-col > .aligncenter{width:100%;}.kadence-column158_bc8655-04 > .kt-inside-inner-col:before{opacity:0.3;}.kadence-column158_bc8655-04{position:relative;}@media all and (max-width: 1024px){.kadence-column158_bc8655-04 > .kt-inside-inner-col{flex-direction:column;justify-content:center;}}@media all and (max-width: 767px){.kadence-column158_bc8655-04 > .kt-inside-inner-col{flex-direction:column;justify-content:center;}}<\/style>\n<div class=\"wp-block-kadence-column kadence-column158_bc8655-04\"><div class=\"kt-inside-inner-col\">\n<figure class=\"wp-block-image aligncenter size-full is-resized\"><img loading=\"lazy\" decoding=\"async\" width=\"900\" height=\"900\" src=\"https:\/\/izglitiba.valmierasnovads.lv\/pienenite\/wp-content\/uploads\/sites\/21\/2026\/02\/channels4_profile.jpg\" alt=\"\" class=\"wp-image-225\" style=\"width:287px;height:auto\" srcset=\"https:\/\/izglitiba.valmierasnovads.lv\/pienenite\/wp-content\/uploads\/sites\/21\/2026\/02\/channels4_profile.jpg 900w, https:\/\/izglitiba.valmierasnovads.lv\/pienenite\/wp-content\/uploads\/sites\/21\/2026\/02\/channels4_profile-300x300.jpg 300w, https:\/\/izglitiba.valmierasnovads.lv\/pienenite\/wp-content\/uploads\/sites\/21\/2026\/02\/channels4_profile-150x150.jpg 150w, https:\/\/izglitiba.valmierasnovads.lv\/pienenite\/wp-content\/uploads\/sites\/21\/2026\/02\/channels4_profile-768x768.jpg 768w\" sizes=\"auto, (max-width: 900px) 100vw, 900px\" \/><\/figure>\n<\/div><\/div>\n\n\n<style>.kadence-column158_de7da1-b9 > .kt-inside-inner-col,.kadence-column158_de7da1-b9 > .kt-inside-inner-col:before{border-top-left-radius:0px;border-top-right-radius:0px;border-bottom-right-radius:0px;border-bottom-left-radius:0px;}.kadence-column158_de7da1-b9 > .kt-inside-inner-col{column-gap:var(--global-kb-gap-sm, 1rem);}.kadence-column158_de7da1-b9 > .kt-inside-inner-col{flex-direction:column;}.kadence-column158_de7da1-b9 > .kt-inside-inner-col > .aligncenter{width:100%;}.kadence-column158_de7da1-b9 > .kt-inside-inner-col:before{opacity:0.3;}.kadence-column158_de7da1-b9{position:relative;}@media all and (max-width: 1024px){.kadence-column158_de7da1-b9 > .kt-inside-inner-col{flex-direction:column;justify-content:center;}}@media all and (max-width: 767px){.kadence-column158_de7da1-b9 > .kt-inside-inner-col{flex-direction:column;justify-content:center;}}<\/style>\n<div class=\"wp-block-kadence-column kadence-column158_de7da1-b9\"><div class=\"kt-inside-inner-col\">\n<p><\/p>\n\n\n\n<p><\/p>\n\n\n\n<p>&#8220;C\u016bkmena detekt\u012bvi&#8221; ir AS &#8220;Latvijas valsts me\u017ei&#8221; ekoprogramma pirmsskol\u0101m. T\u0101s m\u0113r\u0137is ir rosin\u0101t b\u0113rnos atbild\u012bbu pret vidi, vairojot izpratni par v\u0113rt\u012bgo un lieko dab\u0101. Programmas ietvaros b\u0113rni kop\u0101 ar pedagogu soli pa solim atkl\u0101j da\u017e\u0101dus me\u017ea nosl\u0113pumus un k\u013c\u016bst par \u012bstiem C\u016bkmena detekt\u012bviem!<\/p>\n\n\n\n<p><\/p>\n\n\n\n<p>Vair\u0101k inform\u0101cijas &#8211; <a href=\"https:\/\/cukmens.lvm.lv\/\">https:\/\/cukmens.lvm.lv\/<\/a><\/p>\n<\/div><\/div>\n\n<\/div><\/div>\n\n\n<p><\/p>\n","protected":false},"excerpt":{"rendered":"<p>&#8220;C\u016bkmena detekt\u012bvi&#8221; ir AS &#8220;Latvijas valsts me\u017ei&#8221; ekoprogramma pirmsskol\u0101m. T\u0101s m\u0113r\u0137is ir rosin\u0101t b\u0113rnos atbild\u012bbu pret vidi, vairojot izpratni par [&hellip;]<\/p>\n","protected":false},"author":57,"featured_media":0,"parent":0,"menu_order":0,"comment_status":"closed","ping_status":"closed","template":"","meta":{"_acf_changed":false,"site-sidebar-layout":"default","site-content-layout":"","ast-site-content-layout":"default","site-content-style":"default","site-sidebar-style":"default","ast-global-header-display":"","ast-banner-title-visibility":"","ast-main-header-display":"","ast-hfb-above-header-display":"","ast-hfb-below-header-display":"","ast-hfb-mobile-header-display":"","site-post-title":"","ast-breadcrumbs-content":"","ast-featured-img":"","footer-sml-layout":"","ast-disable-related-posts":"","theme-transparent-header-meta":"","adv-header-id-meta":"","stick-header-meta":"","header-above-stick-meta":"","header-main-stick-meta":"","header-below-stick-meta":"","astra-migrate-meta-layouts":"default","ast-page-background-enabled":"default","ast-page-background-meta":{"desktop":{"background-color":"var(--ast-global-color-5)","background-image":"","background-repeat":"repeat","background-position":"center center","background-size":"auto","background-attachment":"scroll","background-type":"","background-media":"","overlay-type":"","overlay-color":"","overlay-opacity":"","overlay-gradient":""},"tablet":{"background-color":"","background-image":"","background-repeat":"repeat","background-position":"center center","background-size":"auto","background-attachment":"scroll","background-type":"","background-media":"","overlay-type":"","overlay-color":"","overlay-opacity":"","overlay-gradient":""},"mobile":{"background-color":"","background-image":"","background-repeat":"repeat","background-position":"center center","background-size":"auto","background-attachment":"scroll","background-type":"","background-media":"","overlay-type":"","overlay-color":"","overlay-opacity":"","overlay-gradient":""}},"ast-content-background-meta":{"desktop":{"background-color":"var(--ast-global-color-4)","background-image":"","background-repeat":"repeat","background-position":"center center","background-size":"auto","background-attachment":"scroll","background-type":"","background-media":"","overlay-type":"","overlay-color":"","overlay-opacity":"","overlay-gradient":""},"tablet":{"background-color":"var(--ast-global-color-4)","background-image":"","background-repeat":"repeat","background-position":"center center","background-size":"auto","background-attachment":"scroll","background-type":"","background-media":"","overlay-type":"","overlay-color":"","overlay-opacity":"","overlay-gradient":""},"mobile":{"background-color":"var(--ast-global-color-4)","background-image":"","background-repeat":"repeat","background-position":"center center","background-size":"auto","background-attachment":"scroll","background-type":"","background-media":"","overlay-type":"","overlay-color":"","overlay-opacity":"","overlay-gradient":""}},"footnotes":""},"class_list":["post-158","page","type-page","status-publish","hentry"],"acf":[],"yoast_head":"<!-- This site is optimized with the Yoast SEO plugin v27.0 - https:\/\/yoast.com\/product\/yoast-seo-wordpress\/ -->\n<title>C\u016bkmena detekt\u012bvi - Valmieras pirmsskolas izgl\u012bt\u012bbas iest\u0101de \u201cPienen\u012bte\u201d<\/title>\n<meta name=\"robots\" content=\"index, follow, max-snippet:-1, max-image-preview:large, max-video-preview:-1\" \/>\n<link rel=\"canonical\" href=\"https:\/\/izglitiba.valmierasnovads.lv\/pienenite\/cukmens\/\" \/>\n<meta property=\"og:locale\" content=\"lv_LV\" \/>\n<meta property=\"og:type\" content=\"article\" \/>\n<meta property=\"og:title\" content=\"C\u016bkmena detekt\u012bvi - Valmieras pirmsskolas izgl\u012bt\u012bbas iest\u0101de \u201cPienen\u012bte\u201d\" \/>\n<meta property=\"og:description\" content=\"&#8220;C\u016bkmena detekt\u012bvi&#8221; ir AS &#8220;Latvijas valsts me\u017ei&#8221; ekoprogramma pirmsskol\u0101m. T\u0101s m\u0113r\u0137is ir rosin\u0101t b\u0113rnos atbild\u012bbu pret vidi, vairojot izpratni par [&hellip;]\" \/>\n<meta property=\"og:url\" content=\"https:\/\/izglitiba.valmierasnovads.lv\/pienenite\/cukmens\/\" \/>\n<meta property=\"og:site_name\" content=\"Valmieras pirmsskolas izgl\u012bt\u012bbas iest\u0101de \u201cPienen\u012bte\u201d\" \/>\n<meta property=\"article:modified_time\" content=\"2026-02-02T12:37:07+00:00\" \/>\n<meta property=\"og:image\" content=\"https:\/\/izglitiba.valmierasnovads.lv\/pienenite\/wp-content\/uploads\/sites\/21\/2026\/02\/channels4_profile.jpg\" \/>\n\t<meta property=\"og:image:width\" content=\"900\" \/>\n\t<meta property=\"og:image:height\" content=\"900\" \/>\n\t<meta property=\"og:image:type\" content=\"image\/jpeg\" \/>\n<meta name=\"twitter:card\" content=\"summary_large_image\" \/>\n<meta name=\"twitter:label1\" content=\"Est. reading time\" \/>\n\t<meta name=\"twitter:data1\" content=\"1 min\u016bte\" \/>\n<script type=\"application\/ld+json\" class=\"yoast-schema-graph\">{\"@context\":\"https:\/\/schema.org\",\"@graph\":[{\"@type\":\"WebPage\",\"@id\":\"https:\/\/izglitiba.valmierasnovads.lv\/pienenite\/cukmens\/\",\"url\":\"https:\/\/izglitiba.valmierasnovads.lv\/pienenite\/cukmens\/\",\"name\":\"C\u016bkmena detekt\u012bvi - Valmieras pirmsskolas izgl\u012bt\u012bbas iest\u0101de \u201cPienen\u012bte\u201d\",\"isPartOf\":{\"@id\":\"https:\/\/izglitiba.valmierasnovads.lv\/pienenite\/#website\"},\"primaryImageOfPage\":{\"@id\":\"https:\/\/izglitiba.valmierasnovads.lv\/pienenite\/cukmens\/#primaryimage\"},\"image\":{\"@id\":\"https:\/\/izglitiba.valmierasnovads.lv\/pienenite\/cukmens\/#primaryimage\"},\"thumbnailUrl\":\"https:\/\/izglitiba.valmierasnovads.lv\/pienenite\/wp-content\/uploads\/sites\/21\/2026\/02\/channels4_profile.jpg\",\"datePublished\":\"2026-01-31T13:26:19+00:00\",\"dateModified\":\"2026-02-02T12:37:07+00:00\",\"breadcrumb\":{\"@id\":\"https:\/\/izglitiba.valmierasnovads.lv\/pienenite\/cukmens\/#breadcrumb\"},\"inLanguage\":\"lv-LV\",\"potentialAction\":[{\"@type\":\"ReadAction\",\"target\":[\"https:\/\/izglitiba.valmierasnovads.lv\/pienenite\/cukmens\/\"]}]},{\"@type\":\"ImageObject\",\"inLanguage\":\"lv-LV\",\"@id\":\"https:\/\/izglitiba.valmierasnovads.lv\/pienenite\/cukmens\/#primaryimage\",\"url\":\"https:\/\/izglitiba.valmierasnovads.lv\/pienenite\/wp-content\/uploads\/sites\/21\/2026\/02\/channels4_profile.jpg\",\"contentUrl\":\"https:\/\/izglitiba.valmierasnovads.lv\/pienenite\/wp-content\/uploads\/sites\/21\/2026\/02\/channels4_profile.jpg\",\"width\":900,\"height\":900},{\"@type\":\"BreadcrumbList\",\"@id\":\"https:\/\/izglitiba.valmierasnovads.lv\/pienenite\/cukmens\/#breadcrumb\",\"itemListElement\":[{\"@type\":\"ListItem\",\"position\":1,\"name\":\"Home\",\"item\":\"https:\/\/izglitiba.valmierasnovads.lv\/pienenite\/\"},{\"@type\":\"ListItem\",\"position\":2,\"name\":\"C\u016bkmena detekt\u012bvi\"}]},{\"@type\":\"WebSite\",\"@id\":\"https:\/\/izglitiba.valmierasnovads.lv\/pienenite\/#website\",\"url\":\"https:\/\/izglitiba.valmierasnovads.lv\/pienenite\/\",\"name\":\"Valmieras pirmsskolas izgl\u012bt\u012bbas iest\u0101de \u201cPienen\u012bte\u201d\",\"description\":\"\",\"publisher\":{\"@id\":\"https:\/\/izglitiba.valmierasnovads.lv\/pienenite\/#organization\"},\"potentialAction\":[{\"@type\":\"SearchAction\",\"target\":{\"@type\":\"EntryPoint\",\"urlTemplate\":\"https:\/\/izglitiba.valmierasnovads.lv\/pienenite\/?s={search_term_string}\"},\"query-input\":{\"@type\":\"PropertyValueSpecification\",\"valueRequired\":true,\"valueName\":\"search_term_string\"}}],\"inLanguage\":\"lv-LV\"},{\"@type\":\"Organization\",\"@id\":\"https:\/\/izglitiba.valmierasnovads.lv\/pienenite\/#organization\",\"name\":\"Valmieras pirmsskolas izgl\u012bt\u012bbas iest\u0101de \u201cPienen\u012bte\u201d\",\"url\":\"https:\/\/izglitiba.valmierasnovads.lv\/pienenite\/\",\"logo\":{\"@type\":\"ImageObject\",\"inLanguage\":\"lv-LV\",\"@id\":\"https:\/\/izglitiba.valmierasnovads.lv\/pienenite\/#\/schema\/logo\/image\/\",\"url\":\"https:\/\/izglitiba.valmierasnovads.lv\/pienenite\/wp-content\/uploads\/sites\/21\/2026\/03\/cropped-Pirmsskolas-izglitibas-iestades-ar-pasu-logo-10-scaled-1.png\",\"contentUrl\":\"https:\/\/izglitiba.valmierasnovads.lv\/pienenite\/wp-content\/uploads\/sites\/21\/2026\/03\/cropped-Pirmsskolas-izglitibas-iestades-ar-pasu-logo-10-scaled-1.png\",\"width\":1464,\"height\":404,\"caption\":\"Valmieras pirmsskolas izgl\u012bt\u012bbas iest\u0101de \u201cPienen\u012bte\u201d\"},\"image\":{\"@id\":\"https:\/\/izglitiba.valmierasnovads.lv\/pienenite\/#\/schema\/logo\/image\/\"}}]}<\/script>\n<!-- \/ Yoast SEO plugin. -->","yoast_head_json":{"title":"C\u016bkmena detekt\u012bvi - Valmieras pirmsskolas izgl\u012bt\u012bbas iest\u0101de \u201cPienen\u012bte\u201d","robots":{"index":"index","follow":"follow","max-snippet":"max-snippet:-1","max-image-preview":"max-image-preview:large","max-video-preview":"max-video-preview:-1"},"canonical":"https:\/\/izglitiba.valmierasnovads.lv\/pienenite\/cukmens\/","og_locale":"lv_LV","og_type":"article","og_title":"C\u016bkmena detekt\u012bvi - Valmieras pirmsskolas izgl\u012bt\u012bbas iest\u0101de \u201cPienen\u012bte\u201d","og_description":"&#8220;C\u016bkmena detekt\u012bvi&#8221; ir AS &#8220;Latvijas valsts me\u017ei&#8221; ekoprogramma pirmsskol\u0101m. T\u0101s m\u0113r\u0137is ir rosin\u0101t b\u0113rnos atbild\u012bbu pret vidi, vairojot izpratni par [&hellip;]","og_url":"https:\/\/izglitiba.valmierasnovads.lv\/pienenite\/cukmens\/","og_site_name":"Valmieras pirmsskolas izgl\u012bt\u012bbas iest\u0101de \u201cPienen\u012bte\u201d","article_modified_time":"2026-02-02T12:37:07+00:00","og_image":[{"width":900,"height":900,"url":"https:\/\/izglitiba.valmierasnovads.lv\/pienenite\/wp-content\/uploads\/sites\/21\/2026\/02\/channels4_profile.jpg","type":"image\/jpeg"}],"twitter_card":"summary_large_image","twitter_misc":{"Est. reading time":"1 min\u016bte"},"schema":{"@context":"https:\/\/schema.org","@graph":[{"@type":"WebPage","@id":"https:\/\/izglitiba.valmierasnovads.lv\/pienenite\/cukmens\/","url":"https:\/\/izglitiba.valmierasnovads.lv\/pienenite\/cukmens\/","name":"C\u016bkmena detekt\u012bvi - Valmieras pirmsskolas izgl\u012bt\u012bbas iest\u0101de \u201cPienen\u012bte\u201d","isPartOf":{"@id":"https:\/\/izglitiba.valmierasnovads.lv\/pienenite\/#website"},"primaryImageOfPage":{"@id":"https:\/\/izglitiba.valmierasnovads.lv\/pienenite\/cukmens\/#primaryimage"},"image":{"@id":"https:\/\/izglitiba.valmierasnovads.lv\/pienenite\/cukmens\/#primaryimage"},"thumbnailUrl":"https:\/\/izglitiba.valmierasnovads.lv\/pienenite\/wp-content\/uploads\/sites\/21\/2026\/02\/channels4_profile.jpg","datePublished":"2026-01-31T13:26:19+00:00","dateModified":"2026-02-02T12:37:07+00:00","breadcrumb":{"@id":"https:\/\/izglitiba.valmierasnovads.lv\/pienenite\/cukmens\/#breadcrumb"},"inLanguage":"lv-LV","potentialAction":[{"@type":"ReadAction","target":["https:\/\/izglitiba.valmierasnovads.lv\/pienenite\/cukmens\/"]}]},{"@type":"ImageObject","inLanguage":"lv-LV","@id":"https:\/\/izglitiba.valmierasnovads.lv\/pienenite\/cukmens\/#primaryimage","url":"https:\/\/izglitiba.valmierasnovads.lv\/pienenite\/wp-content\/uploads\/sites\/21\/2026\/02\/channels4_profile.jpg","contentUrl":"https:\/\/izglitiba.valmierasnovads.lv\/pienenite\/wp-content\/uploads\/sites\/21\/2026\/02\/channels4_profile.jpg","width":900,"height":900},{"@type":"BreadcrumbList","@id":"https:\/\/izglitiba.valmierasnovads.lv\/pienenite\/cukmens\/#breadcrumb","itemListElement":[{"@type":"ListItem","position":1,"name":"Home","item":"https:\/\/izglitiba.valmierasnovads.lv\/pienenite\/"},{"@type":"ListItem","position":2,"name":"C\u016bkmena detekt\u012bvi"}]},{"@type":"WebSite","@id":"https:\/\/izglitiba.valmierasnovads.lv\/pienenite\/#website","url":"https:\/\/izglitiba.valmierasnovads.lv\/pienenite\/","name":"Valmieras pirmsskolas izgl\u012bt\u012bbas iest\u0101de \u201cPienen\u012bte\u201d","description":"","publisher":{"@id":"https:\/\/izglitiba.valmierasnovads.lv\/pienenite\/#organization"},"potentialAction":[{"@type":"SearchAction","target":{"@type":"EntryPoint","urlTemplate":"https:\/\/izglitiba.valmierasnovads.lv\/pienenite\/?s={search_term_string}"},"query-input":{"@type":"PropertyValueSpecification","valueRequired":true,"valueName":"search_term_string"}}],"inLanguage":"lv-LV"},{"@type":"Organization","@id":"https:\/\/izglitiba.valmierasnovads.lv\/pienenite\/#organization","name":"Valmieras pirmsskolas izgl\u012bt\u012bbas iest\u0101de \u201cPienen\u012bte\u201d","url":"https:\/\/izglitiba.valmierasnovads.lv\/pienenite\/","logo":{"@type":"ImageObject","inLanguage":"lv-LV","@id":"https:\/\/izglitiba.valmierasnovads.lv\/pienenite\/#\/schema\/logo\/image\/","url":"https:\/\/izglitiba.valmierasnovads.lv\/pienenite\/wp-content\/uploads\/sites\/21\/2026\/03\/cropped-Pirmsskolas-izglitibas-iestades-ar-pasu-logo-10-scaled-1.png","contentUrl":"https:\/\/izglitiba.valmierasnovads.lv\/pienenite\/wp-content\/uploads\/sites\/21\/2026\/03\/cropped-Pirmsskolas-izglitibas-iestades-ar-pasu-logo-10-scaled-1.png","width":1464,"height":404,"caption":"Valmieras pirmsskolas izgl\u012bt\u012bbas iest\u0101de \u201cPienen\u012bte\u201d"},"image":{"@id":"https:\/\/izglitiba.valmierasnovads.lv\/pienenite\/#\/schema\/logo\/image\/"}}]}},"_links":{"self":[{"href":"https:\/\/izglitiba.valmierasnovads.lv\/pienenite\/wp-json\/wp\/v2\/pages\/158","targetHints":{"allow":["GET"]}}],"collection":[{"href":"https:\/\/izglitiba.valmierasnovads.lv\/pienenite\/wp-json\/wp\/v2\/pages"}],"about":[{"href":"https:\/\/izglitiba.valmierasnovads.lv\/pienenite\/wp-json\/wp\/v2\/types\/page"}],"author":[{"embeddable":true,"href":"https:\/\/izglitiba.valmierasnovads.lv\/pienenite\/wp-json\/wp\/v2\/users\/57"}],"replies":[{"embeddable":true,"href":"https:\/\/izglitiba.valmierasnovads.lv\/pienenite\/wp-json\/wp\/v2\/comments?post=158"}],"version-history":[{"count":8,"href":"https:\/\/izglitiba.valmierasnovads.lv\/pienenite\/wp-json\/wp\/v2\/pages\/158\/revisions"}],"predecessor-version":[{"id":232,"href":"https:\/\/izglitiba.valmierasnovads.lv\/pienenite\/wp-json\/wp\/v2\/pages\/158\/revisions\/232"}],"wp:attachment":[{"href":"https:\/\/izglitiba.valmierasnovads.lv\/pienenite\/wp-json\/wp\/v2\/media?parent=158"}],"curies":[{"name":"wp","href":"https:\/\/api.w.org\/{rel}","templated":true}]}}