{"id":16,"date":"2025-04-23T16:38:05","date_gmt":"2025-04-23T13:38:05","guid":{"rendered":"https:\/\/izglitiba.valmierasnovads.lv\/pienenite\/kontakti\/"},"modified":"2026-04-24T07:48:07","modified_gmt":"2026-04-24T04:48:07","slug":"kontakti","status":"publish","type":"page","link":"https:\/\/izglitiba.valmierasnovads.lv\/pienenite\/kontakti\/","title":{"rendered":"Kontakti"},"content":{"rendered":"\n<p class=\"has-ast-global-color-6-color has-ast-global-color-7-background-color has-text-color has-background has-link-color wp-elements-d8e8526ccf608f31508a06bf33eb912f\"><strong>T\u0101lrunis<\/strong>:<\/p>\n\n\n\n<p>Vad\u012bt\u0101ja +371 64225551<\/p>\n\n\n\n<p>Lietvede +371 22460841<\/p>\n\n\n\n<p>Medm\u0101sa +371 25411732<\/p>\n\n\n\n<p class=\"has-ast-global-color-7-background-color has-background\"><strong>E-pasts:<\/strong><\/p>\n\n\n\n<p>pienenite@valmiera.edu.lv <\/p>\n\n\n\n<p class=\"has-ast-global-color-7-background-color has-background\"><strong>Adrese:<\/strong><\/p>\n\n\n\n<p>G. Api\u0146a iela 5, Valmiera, Valmieras novads, Latvija, LV-4201<\/p>\n\n\n<p><iframe width=\"800\" height=\"600\" frameborder=\"0\" scrolling=\"no\"\nmarginheight=\"0\" marginwidth=\"0\"\nsrc=\"https:\/\/www.openstreetmap.org\/export\/embed.html?bbox=25.4142040014267%2C57.53897627627573%2C25.417744517326355%2C57.54020856216657&#038;layer=mapnik&#038;marker=57.539592%2C25.415974\"\nstyle=\"border: 1px solid black\"><br \/>\n<\/iframe><\/p>\n\n\n\n<p class=\"has-ast-global-color-7-background-color has-background\"><strong>Rekviz\u012bti:<\/strong><\/p>\n\n\n\n<p><strong>Valmieras novada pa\u0161vald\u012bba<\/strong><\/p>\n\n\n\n<p>Juridisk\u0101 adrese : L\u0101\u010dpl\u0113\u0161a iel\u0101 2, Valmier\u0101, LV-4201<\/p>\n\n\n\n<p>Re\u0123.Nr. LV90000043403<\/p>\n\n\n\n<p>Konta Nr. SWED banka&nbsp;&nbsp;<\/p>\n\n\n\n<p>LV64HABA0001402049100<\/p>\n\n\n\n<p>Faktisk\u0101 adrese: Valmieras pirmsskolas izgl\u012bt\u012bbas iest\u0101de &#8220;Pienen\u012bte&#8221;<\/p>\n\n\n\n<p>Georga Api\u0146a iel\u0101 5, Valmier\u0101, LV-4201<\/p>\n\n\n\n<p><\/p>\n","protected":false},"excerpt":{"rendered":"<p>T\u0101lrunis: Vad\u012bt\u0101ja +371 64225551 Lietvede +371 22460841 Medm\u0101sa +371 25411732 E-pasts: pienenite@valmiera.edu.lv Adrese: G. Api\u0146a iela 5, Valmiera, Valmieras novads, [&hellip;]<\/p>\n","protected":false},"author":1,"featured_media":0,"parent":0,"menu_order":0,"comment_status":"closed","ping_status":"closed","template":"","meta":{"_acf_changed":false,"site-sidebar-layout":"default","site-content-layout":"","ast-site-content-layout":"default","site-content-style":"default","site-sidebar-style":"default","ast-global-header-display":"","ast-banner-title-visibility":"","ast-main-header-display":"","ast-hfb-above-header-display":"","ast-hfb-below-header-display":"","ast-hfb-mobile-header-display":"","site-post-title":"","ast-breadcrumbs-content":"","ast-featured-img":"","footer-sml-layout":"","ast-disable-related-posts":"","theme-transparent-header-meta":"","adv-header-id-meta":"","stick-header-meta":"","header-above-stick-meta":"","header-main-stick-meta":"","header-below-stick-meta":"","astra-migrate-meta-layouts":"default","ast-page-background-enabled":"default","ast-page-background-meta":{"desktop":{"background-color":"var(--ast-global-color-5)","background-image":"","background-repeat":"repeat","background-position":"center center","background-size":"auto","background-attachment":"scroll","background-type":"","background-media":"","overlay-type":"","overlay-color":"","overlay-opacity":"","overlay-gradient":""},"tablet":{"background-color":"","background-image":"","background-repeat":"repeat","background-position":"center center","background-size":"auto","background-attachment":"scroll","background-type":"","background-media":"","overlay-type":"","overlay-color":"","overlay-opacity":"","overlay-gradient":""},"mobile":{"background-color":"","background-image":"","background-repeat":"repeat","background-position":"center center","background-size":"auto","background-attachment":"scroll","background-type":"","background-media":"","overlay-type":"","overlay-color":"","overlay-opacity":"","overlay-gradient":""}},"ast-content-background-meta":{"desktop":{"background-color":"var(--ast-global-color-4)","background-image":"","background-repeat":"repeat","background-position":"center center","background-size":"auto","background-attachment":"scroll","background-type":"","background-media":"","overlay-type":"","overlay-color":"","overlay-opacity":"","overlay-gradient":""},"tablet":{"background-color":"var(--ast-global-color-4)","background-image":"","background-repeat":"repeat","background-position":"center center","background-size":"auto","background-attachment":"scroll","background-type":"","background-media":"","overlay-type":"","overlay-color":"","overlay-opacity":"","overlay-gradient":""},"mobile":{"background-color":"var(--ast-global-color-4)","background-image":"","background-repeat":"repeat","background-position":"center center","background-size":"auto","background-attachment":"scroll","background-type":"","background-media":"","overlay-type":"","overlay-color":"","overlay-opacity":"","overlay-gradient":""}},"footnotes":""},"class_list":["post-16","page","type-page","status-publish","hentry"],"acf":[],"yoast_head":"<!-- This site is optimized with the Yoast SEO plugin v27.0 - https:\/\/yoast.com\/product\/yoast-seo-wordpress\/ -->\n<title>Kontakti - Valmieras pirmsskolas izgl\u012bt\u012bbas iest\u0101de \u201cPienen\u012bte\u201d<\/title>\n<meta name=\"robots\" content=\"index, follow, max-snippet:-1, max-image-preview:large, max-video-preview:-1\" \/>\n<link rel=\"canonical\" href=\"https:\/\/izglitiba.valmierasnovads.lv\/pienenite\/kontakti\/\" \/>\n<meta property=\"og:locale\" content=\"lv_LV\" \/>\n<meta property=\"og:type\" content=\"article\" \/>\n<meta property=\"og:title\" content=\"Kontakti - Valmieras pirmsskolas izgl\u012bt\u012bbas iest\u0101de \u201cPienen\u012bte\u201d\" \/>\n<meta property=\"og:description\" content=\"T\u0101lrunis: Vad\u012bt\u0101ja +371 64225551 Lietvede +371 22460841 Medm\u0101sa +371 25411732 E-pasts: pienenite@valmiera.edu.lv Adrese: G. Api\u0146a iela 5, Valmiera, Valmieras novads, [&hellip;]\" \/>\n<meta property=\"og:url\" content=\"https:\/\/izglitiba.valmierasnovads.lv\/pienenite\/kontakti\/\" \/>\n<meta property=\"og:site_name\" content=\"Valmieras pirmsskolas izgl\u012bt\u012bbas iest\u0101de \u201cPienen\u012bte\u201d\" \/>\n<meta property=\"article:modified_time\" content=\"2026-04-24T04:48:07+00:00\" \/>\n<meta name=\"twitter:card\" content=\"summary_large_image\" \/>\n<meta name=\"twitter:label1\" content=\"Est. reading time\" \/>\n\t<meta name=\"twitter:data1\" content=\"1 min\u016bte\" \/>\n<script type=\"application\/ld+json\" class=\"yoast-schema-graph\">{\"@context\":\"https:\/\/schema.org\",\"@graph\":[{\"@type\":\"WebPage\",\"@id\":\"https:\/\/izglitiba.valmierasnovads.lv\/pienenite\/kontakti\/\",\"url\":\"https:\/\/izglitiba.valmierasnovads.lv\/pienenite\/kontakti\/\",\"name\":\"Kontakti - Valmieras pirmsskolas izgl\u012bt\u012bbas iest\u0101de \u201cPienen\u012bte\u201d\",\"isPartOf\":{\"@id\":\"https:\/\/izglitiba.valmierasnovads.lv\/pienenite\/#website\"},\"datePublished\":\"2025-04-23T13:38:05+00:00\",\"dateModified\":\"2026-04-24T04:48:07+00:00\",\"breadcrumb\":{\"@id\":\"https:\/\/izglitiba.valmierasnovads.lv\/pienenite\/kontakti\/#breadcrumb\"},\"inLanguage\":\"lv-LV\",\"potentialAction\":[{\"@type\":\"ReadAction\",\"target\":[\"https:\/\/izglitiba.valmierasnovads.lv\/pienenite\/kontakti\/\"]}]},{\"@type\":\"BreadcrumbList\",\"@id\":\"https:\/\/izglitiba.valmierasnovads.lv\/pienenite\/kontakti\/#breadcrumb\",\"itemListElement\":[{\"@type\":\"ListItem\",\"position\":1,\"name\":\"Home\",\"item\":\"https:\/\/izglitiba.valmierasnovads.lv\/pienenite\/\"},{\"@type\":\"ListItem\",\"position\":2,\"name\":\"Kontakti\"}]},{\"@type\":\"WebSite\",\"@id\":\"https:\/\/izglitiba.valmierasnovads.lv\/pienenite\/#website\",\"url\":\"https:\/\/izglitiba.valmierasnovads.lv\/pienenite\/\",\"name\":\"Valmieras pirmsskolas izgl\u012bt\u012bbas iest\u0101de \u201cPienen\u012bte\u201d\",\"description\":\"\",\"publisher\":{\"@id\":\"https:\/\/izglitiba.valmierasnovads.lv\/pienenite\/#organization\"},\"potentialAction\":[{\"@type\":\"SearchAction\",\"target\":{\"@type\":\"EntryPoint\",\"urlTemplate\":\"https:\/\/izglitiba.valmierasnovads.lv\/pienenite\/?s={search_term_string}\"},\"query-input\":{\"@type\":\"PropertyValueSpecification\",\"valueRequired\":true,\"valueName\":\"search_term_string\"}}],\"inLanguage\":\"lv-LV\"},{\"@type\":\"Organization\",\"@id\":\"https:\/\/izglitiba.valmierasnovads.lv\/pienenite\/#organization\",\"name\":\"Valmieras pirmsskolas izgl\u012bt\u012bbas iest\u0101de \u201cPienen\u012bte\u201d\",\"url\":\"https:\/\/izglitiba.valmierasnovads.lv\/pienenite\/\",\"logo\":{\"@type\":\"ImageObject\",\"inLanguage\":\"lv-LV\",\"@id\":\"https:\/\/izglitiba.valmierasnovads.lv\/pienenite\/#\/schema\/logo\/image\/\",\"url\":\"https:\/\/izglitiba.valmierasnovads.lv\/pienenite\/wp-content\/uploads\/sites\/21\/2026\/03\/cropped-Pirmsskolas-izglitibas-iestades-ar-pasu-logo-10-scaled-1.png\",\"contentUrl\":\"https:\/\/izglitiba.valmierasnovads.lv\/pienenite\/wp-content\/uploads\/sites\/21\/2026\/03\/cropped-Pirmsskolas-izglitibas-iestades-ar-pasu-logo-10-scaled-1.png\",\"width\":1464,\"height\":404,\"caption\":\"Valmieras pirmsskolas izgl\u012bt\u012bbas iest\u0101de \u201cPienen\u012bte\u201d\"},\"image\":{\"@id\":\"https:\/\/izglitiba.valmierasnovads.lv\/pienenite\/#\/schema\/logo\/image\/\"}}]}<\/script>\n<!-- \/ Yoast SEO plugin. -->","yoast_head_json":{"title":"Kontakti - Valmieras pirmsskolas izgl\u012bt\u012bbas iest\u0101de \u201cPienen\u012bte\u201d","robots":{"index":"index","follow":"follow","max-snippet":"max-snippet:-1","max-image-preview":"max-image-preview:large","max-video-preview":"max-video-preview:-1"},"canonical":"https:\/\/izglitiba.valmierasnovads.lv\/pienenite\/kontakti\/","og_locale":"lv_LV","og_type":"article","og_title":"Kontakti - Valmieras pirmsskolas izgl\u012bt\u012bbas iest\u0101de \u201cPienen\u012bte\u201d","og_description":"T\u0101lrunis: Vad\u012bt\u0101ja +371 64225551 Lietvede +371 22460841 Medm\u0101sa +371 25411732 E-pasts: pienenite@valmiera.edu.lv Adrese: G. Api\u0146a iela 5, Valmiera, Valmieras novads, [&hellip;]","og_url":"https:\/\/izglitiba.valmierasnovads.lv\/pienenite\/kontakti\/","og_site_name":"Valmieras pirmsskolas izgl\u012bt\u012bbas iest\u0101de \u201cPienen\u012bte\u201d","article_modified_time":"2026-04-24T04:48:07+00:00","twitter_card":"summary_large_image","twitter_misc":{"Est. reading time":"1 min\u016bte"},"schema":{"@context":"https:\/\/schema.org","@graph":[{"@type":"WebPage","@id":"https:\/\/izglitiba.valmierasnovads.lv\/pienenite\/kontakti\/","url":"https:\/\/izglitiba.valmierasnovads.lv\/pienenite\/kontakti\/","name":"Kontakti - Valmieras pirmsskolas izgl\u012bt\u012bbas iest\u0101de \u201cPienen\u012bte\u201d","isPartOf":{"@id":"https:\/\/izglitiba.valmierasnovads.lv\/pienenite\/#website"},"datePublished":"2025-04-23T13:38:05+00:00","dateModified":"2026-04-24T04:48:07+00:00","breadcrumb":{"@id":"https:\/\/izglitiba.valmierasnovads.lv\/pienenite\/kontakti\/#breadcrumb"},"inLanguage":"lv-LV","potentialAction":[{"@type":"ReadAction","target":["https:\/\/izglitiba.valmierasnovads.lv\/pienenite\/kontakti\/"]}]},{"@type":"BreadcrumbList","@id":"https:\/\/izglitiba.valmierasnovads.lv\/pienenite\/kontakti\/#breadcrumb","itemListElement":[{"@type":"ListItem","position":1,"name":"Home","item":"https:\/\/izglitiba.valmierasnovads.lv\/pienenite\/"},{"@type":"ListItem","position":2,"name":"Kontakti"}]},{"@type":"WebSite","@id":"https:\/\/izglitiba.valmierasnovads.lv\/pienenite\/#website","url":"https:\/\/izglitiba.valmierasnovads.lv\/pienenite\/","name":"Valmieras pirmsskolas izgl\u012bt\u012bbas iest\u0101de \u201cPienen\u012bte\u201d","description":"","publisher":{"@id":"https:\/\/izglitiba.valmierasnovads.lv\/pienenite\/#organization"},"potentialAction":[{"@type":"SearchAction","target":{"@type":"EntryPoint","urlTemplate":"https:\/\/izglitiba.valmierasnovads.lv\/pienenite\/?s={search_term_string}"},"query-input":{"@type":"PropertyValueSpecification","valueRequired":true,"valueName":"search_term_string"}}],"inLanguage":"lv-LV"},{"@type":"Organization","@id":"https:\/\/izglitiba.valmierasnovads.lv\/pienenite\/#organization","name":"Valmieras pirmsskolas izgl\u012bt\u012bbas iest\u0101de \u201cPienen\u012bte\u201d","url":"https:\/\/izglitiba.valmierasnovads.lv\/pienenite\/","logo":{"@type":"ImageObject","inLanguage":"lv-LV","@id":"https:\/\/izglitiba.valmierasnovads.lv\/pienenite\/#\/schema\/logo\/image\/","url":"https:\/\/izglitiba.valmierasnovads.lv\/pienenite\/wp-content\/uploads\/sites\/21\/2026\/03\/cropped-Pirmsskolas-izglitibas-iestades-ar-pasu-logo-10-scaled-1.png","contentUrl":"https:\/\/izglitiba.valmierasnovads.lv\/pienenite\/wp-content\/uploads\/sites\/21\/2026\/03\/cropped-Pirmsskolas-izglitibas-iestades-ar-pasu-logo-10-scaled-1.png","width":1464,"height":404,"caption":"Valmieras pirmsskolas izgl\u012bt\u012bbas iest\u0101de \u201cPienen\u012bte\u201d"},"image":{"@id":"https:\/\/izglitiba.valmierasnovads.lv\/pienenite\/#\/schema\/logo\/image\/"}}]}},"_links":{"self":[{"href":"https:\/\/izglitiba.valmierasnovads.lv\/pienenite\/wp-json\/wp\/v2\/pages\/16","targetHints":{"allow":["GET"]}}],"collection":[{"href":"https:\/\/izglitiba.valmierasnovads.lv\/pienenite\/wp-json\/wp\/v2\/pages"}],"about":[{"href":"https:\/\/izglitiba.valmierasnovads.lv\/pienenite\/wp-json\/wp\/v2\/types\/page"}],"author":[{"embeddable":true,"href":"https:\/\/izglitiba.valmierasnovads.lv\/pienenite\/wp-json\/wp\/v2\/users\/1"}],"replies":[{"embeddable":true,"href":"https:\/\/izglitiba.valmierasnovads.lv\/pienenite\/wp-json\/wp\/v2\/comments?post=16"}],"version-history":[{"count":8,"href":"https:\/\/izglitiba.valmierasnovads.lv\/pienenite\/wp-json\/wp\/v2\/pages\/16\/revisions"}],"predecessor-version":[{"id":422,"href":"https:\/\/izglitiba.valmierasnovads.lv\/pienenite\/wp-json\/wp\/v2\/pages\/16\/revisions\/422"}],"wp:attachment":[{"href":"https:\/\/izglitiba.valmierasnovads.lv\/pienenite\/wp-json\/wp\/v2\/media?parent=16"}],"curies":[{"name":"wp","href":"https:\/\/api.w.org\/{rel}","templated":true}]}}