{"id":7,"date":"2025-04-23T16:38:05","date_gmt":"2025-04-23T13:38:05","guid":{"rendered":"https:\/\/izglitiba.valmierasnovads.lv\/pienenite\/sakumlapa\/"},"modified":"2026-04-21T14:33:55","modified_gmt":"2026-04-21T11:33:55","slug":"sakumlapa","status":"publish","type":"page","link":"https:\/\/izglitiba.valmierasnovads.lv\/pienenite\/","title":{"rendered":"S\u0101kumlapa"},"content":{"rendered":"\n<div class=\"main-slider\">\n    <div><img decoding=\"async\" src=\"https:\/\/izglitiba.valmierasnovads.lv\/pienenite\/wp-content\/uploads\/sites\/21\/2026\/03\/ezgif-186017beca5fb1a6.jpg\" alt=\"\"><\/div><div><img decoding=\"async\" src=\"https:\/\/izglitiba.valmierasnovads.lv\/pienenite\/wp-content\/uploads\/sites\/21\/2025\/04\/Skolu-majaslapai-galveno-attelu-slaideris-5Pienenite.png\" alt=\"\"><\/div><\/div>\n\n\n<div id=\"quick_sites\">\n    <div class=\"quick_link_title\">\u0100tr\u0101s saites<\/div><div class=\"links-container\"><div class=\"quick_site_link\"><a href=\"https:\/\/izglitiba.valmierasnovads.lv\/pienenite\/vadibas-kontakti\/\">Kontakti<\/a><\/div><div class=\"quick_site_link\"><a href=\"https:\/\/izglitiba.valmierasnovads.lv\/pienenite\/notikumu-plans-2\/\">Notikumu pl\u0101ns<\/a><\/div><\/div><\/div>\n<div id=\"quick_sites_line\"><\/div>\n\n\n<div class=\"news-slider-wrapper\">\n    <h2>Jaunumi<\/h2>\n    <p class=\"link\"><a href=\"https:\/\/izglitiba.valmierasnovads.lv\/pienenite\/jaunumi\" title=\"Las\u012bt visus jaunumus\">Las\u012bt visus<\/a><\/p>\n    <div class=\"news-slider\">\n        <div class=\"item\"><a href=\"https:\/\/izglitiba.valmierasnovads.lv\/pienenite\/2025\/04\/23\/jauna-majas-lapa\/\">\n                        <div class=\"item-image\"><img decoding=\"async\" src=\" https:\/\/izglitiba.valmierasnovads.lv\/pienenite\/wp-content\/uploads\/sites\/21\/2025\/04\/Attels1_Pienenite-1.jpg \" \/><\/div><div class=\"item-title\">Jaun\u0101 m\u0101jas lapa<\/div><div class=\"item-date\">23.04.2025<\/div><div class=\"item-description\">PII &#8220;Pienen\u012bte&#8221; izveidota jauna m\u0101jas lapa.<\/div>\n                        <\/a><div class=\"item-link\"><a href=\"https:\/\/izglitiba.valmierasnovads.lv\/pienenite\/2025\/04\/23\/jauna-majas-lapa\/\">Las\u012bt vair\u0101k<\/a><\/div><\/div>    <\/div>\n<\/div>   \n\n\n\n\n\n<div class='line-wrapper'>\n<\/div>\n<div class=\"poster-slider-wrapper\">\n    <h2>Afi\u0161a<\/h2>\n    <p class=\"link\"><a href=\"https:\/\/izglitiba.valmierasnovads.lv\/pienenite\/afisas\" title=\"Skat\u012bt visas galerijas\">Skat\u012bt visas<\/a><\/p>\n    <div class=\"poster-slider\">\n            <\/div>\n    <div style=\"display: hidden;\">\n            <\/div>\n<\/div>\n\n\n\n<div class='line-wrapper'>\n<\/div>\n<div class=\"partner-slider-wrapper\">\n    <div class=\"partner-slider\">\n            <\/div>\n<\/div>","protected":false},"excerpt":{"rendered":"","protected":false},"author":1,"featured_media":0,"parent":0,"menu_order":0,"comment_status":"closed","ping_status":"closed","template":"","meta":{"_acf_changed":false,"site-sidebar-layout":"default","site-content-layout":"","ast-site-content-layout":"default","site-content-style":"default","site-sidebar-style":"default","ast-global-header-display":"","ast-banner-title-visibility":"","ast-main-header-display":"","ast-hfb-above-header-display":"","ast-hfb-below-header-display":"","ast-hfb-mobile-header-display":"","site-post-title":"","ast-breadcrumbs-content":"","ast-featured-img":"","footer-sml-layout":"","ast-disable-related-posts":"","theme-transparent-header-meta":"","adv-header-id-meta":"","stick-header-meta":"","header-above-stick-meta":"","header-main-stick-meta":"","header-below-stick-meta":"","astra-migrate-meta-layouts":"default","ast-page-background-enabled":"default","ast-page-background-meta":{"desktop":{"background-color":"var(--ast-global-color-5)","background-image":"","background-repeat":"repeat","background-position":"center center","background-size":"auto","background-attachment":"scroll","background-type":"","background-media":"","overlay-type":"","overlay-color":"","overlay-opacity":"","overlay-gradient":""},"tablet":{"background-color":"","background-image":"","background-repeat":"repeat","background-position":"center center","background-size":"auto","background-attachment":"scroll","background-type":"","background-media":"","overlay-type":"","overlay-color":"","overlay-opacity":"","overlay-gradient":""},"mobile":{"background-color":"","background-image":"","background-repeat":"repeat","background-position":"center center","background-size":"auto","background-attachment":"scroll","background-type":"","background-media":"","overlay-type":"","overlay-color":"","overlay-opacity":"","overlay-gradient":""}},"ast-content-background-meta":{"desktop":{"background-color":"var(--ast-global-color-4)","background-image":"","background-repeat":"repeat","background-position":"center center","background-size":"auto","background-attachment":"scroll","background-type":"","background-media":"","overlay-type":"","overlay-color":"","overlay-opacity":"","overlay-gradient":""},"tablet":{"background-color":"var(--ast-global-color-4)","background-image":"","background-repeat":"repeat","background-position":"center center","background-size":"auto","background-attachment":"scroll","background-type":"","background-media":"","overlay-type":"","overlay-color":"","overlay-opacity":"","overlay-gradient":""},"mobile":{"background-color":"var(--ast-global-color-4)","background-image":"","background-repeat":"repeat","background-position":"center center","background-size":"auto","background-attachment":"scroll","background-type":"","background-media":"","overlay-type":"","overlay-color":"","overlay-opacity":"","overlay-gradient":""}},"footnotes":""},"class_list":["post-7","page","type-page","status-publish","hentry"],"acf":[],"yoast_head":"<!-- This site is optimized with the Yoast SEO plugin v27.0 - https:\/\/yoast.com\/product\/yoast-seo-wordpress\/ -->\n<title>S\u0101kumlapa - Valmieras pirmsskolas izgl\u012bt\u012bbas iest\u0101de \u201cPienen\u012bte\u201d<\/title>\n<meta name=\"robots\" content=\"index, follow, max-snippet:-1, max-image-preview:large, max-video-preview:-1\" \/>\n<link rel=\"canonical\" href=\"https:\/\/izglitiba.valmierasnovads.lv\/pienenite\/\" \/>\n<meta property=\"og:locale\" content=\"lv_LV\" \/>\n<meta property=\"og:type\" content=\"article\" \/>\n<meta property=\"og:title\" content=\"S\u0101kumlapa - Valmieras pirmsskolas izgl\u012bt\u012bbas iest\u0101de \u201cPienen\u012bte\u201d\" \/>\n<meta property=\"og:url\" content=\"https:\/\/izglitiba.valmierasnovads.lv\/pienenite\/\" \/>\n<meta property=\"og:site_name\" content=\"Valmieras pirmsskolas izgl\u012bt\u012bbas iest\u0101de \u201cPienen\u012bte\u201d\" \/>\n<meta property=\"article:modified_time\" content=\"2026-04-21T11:33:55+00:00\" \/>\n<meta name=\"twitter:card\" content=\"summary_large_image\" \/>\n<script type=\"application\/ld+json\" class=\"yoast-schema-graph\">{\"@context\":\"https:\/\/schema.org\",\"@graph\":[{\"@type\":\"WebPage\",\"@id\":\"https:\/\/izglitiba.valmierasnovads.lv\/pienenite\/\",\"url\":\"https:\/\/izglitiba.valmierasnovads.lv\/pienenite\/\",\"name\":\"S\u0101kumlapa - Valmieras pirmsskolas izgl\u012bt\u012bbas iest\u0101de \u201cPienen\u012bte\u201d\",\"isPartOf\":{\"@id\":\"https:\/\/izglitiba.valmierasnovads.lv\/pienenite\/#website\"},\"datePublished\":\"2025-04-23T13:38:05+00:00\",\"dateModified\":\"2026-04-21T11:33:55+00:00\",\"breadcrumb\":{\"@id\":\"https:\/\/izglitiba.valmierasnovads.lv\/pienenite\/#breadcrumb\"},\"inLanguage\":\"lv-LV\",\"potentialAction\":[{\"@type\":\"ReadAction\",\"target\":[\"https:\/\/izglitiba.valmierasnovads.lv\/pienenite\/\"]}]},{\"@type\":\"BreadcrumbList\",\"@id\":\"https:\/\/izglitiba.valmierasnovads.lv\/pienenite\/#breadcrumb\",\"itemListElement\":[{\"@type\":\"ListItem\",\"position\":1,\"name\":\"Home\",\"item\":\"https:\/\/izglitiba.valmierasnovads.lv\/pienenite\/\"},{\"@type\":\"ListItem\",\"position\":2,\"name\":\"S\u0101kumlapa\"}]},{\"@type\":\"WebSite\",\"@id\":\"https:\/\/izglitiba.valmierasnovads.lv\/pienenite\/#website\",\"url\":\"https:\/\/izglitiba.valmierasnovads.lv\/pienenite\/\",\"name\":\"Valmieras pirmsskolas izgl\u012bt\u012bbas iest\u0101de \u201cPienen\u012bte\u201d\",\"description\":\"\",\"publisher\":{\"@id\":\"https:\/\/izglitiba.valmierasnovads.lv\/pienenite\/#organization\"},\"potentialAction\":[{\"@type\":\"SearchAction\",\"target\":{\"@type\":\"EntryPoint\",\"urlTemplate\":\"https:\/\/izglitiba.valmierasnovads.lv\/pienenite\/?s={search_term_string}\"},\"query-input\":{\"@type\":\"PropertyValueSpecification\",\"valueRequired\":true,\"valueName\":\"search_term_string\"}}],\"inLanguage\":\"lv-LV\"},{\"@type\":\"Organization\",\"@id\":\"https:\/\/izglitiba.valmierasnovads.lv\/pienenite\/#organization\",\"name\":\"Valmieras pirmsskolas izgl\u012bt\u012bbas iest\u0101de \u201cPienen\u012bte\u201d\",\"url\":\"https:\/\/izglitiba.valmierasnovads.lv\/pienenite\/\",\"logo\":{\"@type\":\"ImageObject\",\"inLanguage\":\"lv-LV\",\"@id\":\"https:\/\/izglitiba.valmierasnovads.lv\/pienenite\/#\/schema\/logo\/image\/\",\"url\":\"https:\/\/izglitiba.valmierasnovads.lv\/pienenite\/wp-content\/uploads\/sites\/21\/2026\/03\/cropped-Pirmsskolas-izglitibas-iestades-ar-pasu-logo-10-scaled-1.png\",\"contentUrl\":\"https:\/\/izglitiba.valmierasnovads.lv\/pienenite\/wp-content\/uploads\/sites\/21\/2026\/03\/cropped-Pirmsskolas-izglitibas-iestades-ar-pasu-logo-10-scaled-1.png\",\"width\":1464,\"height\":404,\"caption\":\"Valmieras pirmsskolas izgl\u012bt\u012bbas iest\u0101de \u201cPienen\u012bte\u201d\"},\"image\":{\"@id\":\"https:\/\/izglitiba.valmierasnovads.lv\/pienenite\/#\/schema\/logo\/image\/\"}}]}<\/script>\n<!-- \/ Yoast SEO plugin. -->","yoast_head_json":{"title":"S\u0101kumlapa - Valmieras pirmsskolas izgl\u012bt\u012bbas iest\u0101de \u201cPienen\u012bte\u201d","robots":{"index":"index","follow":"follow","max-snippet":"max-snippet:-1","max-image-preview":"max-image-preview:large","max-video-preview":"max-video-preview:-1"},"canonical":"https:\/\/izglitiba.valmierasnovads.lv\/pienenite\/","og_locale":"lv_LV","og_type":"article","og_title":"S\u0101kumlapa - Valmieras pirmsskolas izgl\u012bt\u012bbas iest\u0101de \u201cPienen\u012bte\u201d","og_url":"https:\/\/izglitiba.valmierasnovads.lv\/pienenite\/","og_site_name":"Valmieras pirmsskolas izgl\u012bt\u012bbas iest\u0101de \u201cPienen\u012bte\u201d","article_modified_time":"2026-04-21T11:33:55+00:00","twitter_card":"summary_large_image","schema":{"@context":"https:\/\/schema.org","@graph":[{"@type":"WebPage","@id":"https:\/\/izglitiba.valmierasnovads.lv\/pienenite\/","url":"https:\/\/izglitiba.valmierasnovads.lv\/pienenite\/","name":"S\u0101kumlapa - Valmieras pirmsskolas izgl\u012bt\u012bbas iest\u0101de \u201cPienen\u012bte\u201d","isPartOf":{"@id":"https:\/\/izglitiba.valmierasnovads.lv\/pienenite\/#website"},"datePublished":"2025-04-23T13:38:05+00:00","dateModified":"2026-04-21T11:33:55+00:00","breadcrumb":{"@id":"https:\/\/izglitiba.valmierasnovads.lv\/pienenite\/#breadcrumb"},"inLanguage":"lv-LV","potentialAction":[{"@type":"ReadAction","target":["https:\/\/izglitiba.valmierasnovads.lv\/pienenite\/"]}]},{"@type":"BreadcrumbList","@id":"https:\/\/izglitiba.valmierasnovads.lv\/pienenite\/#breadcrumb","itemListElement":[{"@type":"ListItem","position":1,"name":"Home","item":"https:\/\/izglitiba.valmierasnovads.lv\/pienenite\/"},{"@type":"ListItem","position":2,"name":"S\u0101kumlapa"}]},{"@type":"WebSite","@id":"https:\/\/izglitiba.valmierasnovads.lv\/pienenite\/#website","url":"https:\/\/izglitiba.valmierasnovads.lv\/pienenite\/","name":"Valmieras pirmsskolas izgl\u012bt\u012bbas iest\u0101de \u201cPienen\u012bte\u201d","description":"","publisher":{"@id":"https:\/\/izglitiba.valmierasnovads.lv\/pienenite\/#organization"},"potentialAction":[{"@type":"SearchAction","target":{"@type":"EntryPoint","urlTemplate":"https:\/\/izglitiba.valmierasnovads.lv\/pienenite\/?s={search_term_string}"},"query-input":{"@type":"PropertyValueSpecification","valueRequired":true,"valueName":"search_term_string"}}],"inLanguage":"lv-LV"},{"@type":"Organization","@id":"https:\/\/izglitiba.valmierasnovads.lv\/pienenite\/#organization","name":"Valmieras pirmsskolas izgl\u012bt\u012bbas iest\u0101de \u201cPienen\u012bte\u201d","url":"https:\/\/izglitiba.valmierasnovads.lv\/pienenite\/","logo":{"@type":"ImageObject","inLanguage":"lv-LV","@id":"https:\/\/izglitiba.valmierasnovads.lv\/pienenite\/#\/schema\/logo\/image\/","url":"https:\/\/izglitiba.valmierasnovads.lv\/pienenite\/wp-content\/uploads\/sites\/21\/2026\/03\/cropped-Pirmsskolas-izglitibas-iestades-ar-pasu-logo-10-scaled-1.png","contentUrl":"https:\/\/izglitiba.valmierasnovads.lv\/pienenite\/wp-content\/uploads\/sites\/21\/2026\/03\/cropped-Pirmsskolas-izglitibas-iestades-ar-pasu-logo-10-scaled-1.png","width":1464,"height":404,"caption":"Valmieras pirmsskolas izgl\u012bt\u012bbas iest\u0101de \u201cPienen\u012bte\u201d"},"image":{"@id":"https:\/\/izglitiba.valmierasnovads.lv\/pienenite\/#\/schema\/logo\/image\/"}}]}},"_links":{"self":[{"href":"https:\/\/izglitiba.valmierasnovads.lv\/pienenite\/wp-json\/wp\/v2\/pages\/7","targetHints":{"allow":["GET"]}}],"collection":[{"href":"https:\/\/izglitiba.valmierasnovads.lv\/pienenite\/wp-json\/wp\/v2\/pages"}],"about":[{"href":"https:\/\/izglitiba.valmierasnovads.lv\/pienenite\/wp-json\/wp\/v2\/types\/page"}],"author":[{"embeddable":true,"href":"https:\/\/izglitiba.valmierasnovads.lv\/pienenite\/wp-json\/wp\/v2\/users\/1"}],"replies":[{"embeddable":true,"href":"https:\/\/izglitiba.valmierasnovads.lv\/pienenite\/wp-json\/wp\/v2\/comments?post=7"}],"version-history":[{"count":4,"href":"https:\/\/izglitiba.valmierasnovads.lv\/pienenite\/wp-json\/wp\/v2\/pages\/7\/revisions"}],"predecessor-version":[{"id":419,"href":"https:\/\/izglitiba.valmierasnovads.lv\/pienenite\/wp-json\/wp\/v2\/pages\/7\/revisions\/419"}],"wp:attachment":[{"href":"https:\/\/izglitiba.valmierasnovads.lv\/pienenite\/wp-json\/wp\/v2\/media?parent=7"}],"curies":[{"name":"wp","href":"https:\/\/api.w.org\/{rel}","templated":true}]}}