{"id":182,"date":"2026-02-12T12:09:33","date_gmt":"2026-02-12T10:09:33","guid":{"rendered":"https:\/\/izglitiba.valmierasnovads.lv\/piiezitis\/?page_id=182"},"modified":"2026-04-01T14:59:06","modified_gmt":"2026-04-01T11:59:06","slug":"interesu-izglitiba-2","status":"publish","type":"page","link":"https:\/\/izglitiba.valmierasnovads.lv\/piiezitis\/interesu-izglitiba-2\/","title":{"rendered":"Intere\u0161u izgl\u012bt\u012bba"},"content":{"rendered":"\n<p class=\"has-medium-font-size\">Pied\u0101v\u0101jam b\u0113rniem apmekl\u0113t da\u017e\u0101dus intere\u0161u izgl\u012bt\u012bbas pulci\u0146us pirmsskolas izgl\u012bt\u012bbas iest\u0101des telp\u0101s. <\/p>\n\n\n\n<p class=\"has-medium-font-size\"><strong>Intere\u0161u izgl\u012bt\u012bba ir<\/strong>&nbsp;veids k\u0101 veicin\u0101t b\u0113rna vispus\u012bgu att\u012bst\u012bbu, labsaj\u016btu un rado\u0161o pa\u0161izpausmi, veicina kognit\u012bvo, emocion\u0101lo, soci\u0101lo un fizisko att\u012bst\u012bbu. T\u0101 dod iesp\u0113ju b\u0113rniem atkl\u0101t savas intereses, att\u012bst\u012bt talantus, apg\u016bt jaunas prasmes un iepaz\u012bt pasauli daudzveid\u012bg\u0101 un aizraujo\u0161\u0101 veid\u0101.<\/p>\n\n\n\n<figure class=\"wp-block-table has-medium-font-size\"><table class=\"has-fixed-layout\"><tbody><tr><td class=\"has-text-align-center\" data-align=\"center\"><strong>INTERE\u0160U IZGL\u012aT\u012aBAS NODARB\u012aBAS<\/strong><\/td><td class=\"has-text-align-center\" data-align=\"center\"><strong>VAD\u012aT\u0100JS<\/strong><\/td><td class=\"has-text-align-center\" data-align=\"center\"><strong>KONTAKTI<\/strong><\/td><\/tr><tr><td class=\"has-text-align-center\" data-align=\"center\"><mark style=\"color:#00d084\" class=\"has-inline-color\"><strong>Ritmika un rota\u013cdejas <\/strong>(no 3 gadu vecuma)<\/mark><\/td><td class=\"has-text-align-center\" data-align=\"center\"><mark style=\"color:#00d084\" class=\"has-inline-color\">Linda Egl\u012bte<\/mark><\/td><td class=\"has-text-align-center\" data-align=\"center\"> <a href=\"mailto:lin_da@inbox.lv\">lin_da@inbox.lv<\/a> 24422307<\/td><\/tr><tr><td class=\"has-text-align-center\" data-align=\"center\"><mark style=\"color:#00d084\" class=\"has-inline-color\"><strong>Ang\u013cu valoda <\/strong>(no 5 gadu vecuma) <\/mark><\/td><td class=\"has-text-align-center\" data-align=\"center\"><mark style=\"color:#00d084\" class=\"has-inline-color\">Jaroslava Sirmais<\/mark><\/td><td class=\"has-text-align-center\" data-align=\"center\"><a href=\"mailto:jaroslava.sirmais-hreskova@valmiera.edu.lv\">jaroslava.sirmais-hreskova@valmiera.edu.lv<\/a><\/td><\/tr><tr><td class=\"has-text-align-center\" data-align=\"center\"><mark style=\"color:#00d084\" class=\"has-inline-color\"><strong>Vizu\u0101l\u0101 m\u0101ksla <\/strong> <mark style=\"color:#00d084\" class=\"has-inline-color\">(no 5 gadu vecuma)<\/mark><\/mark><\/td><td class=\"has-text-align-center\" data-align=\"center\"><mark style=\"color:#00d084\" class=\"has-inline-color\">Inese Andersone<\/mark><\/td><td class=\"has-text-align-center\" data-align=\"center\"><a href=\"mailto:andersoneinese@inbox.lv\">andersoneinese@inbox.lv<\/a> <\/td><\/tr><tr><td class=\"has-text-align-center\" data-align=\"center\"><mark style=\"color:#00d084\" class=\"has-inline-color\"><strong>Teniss<\/strong> <mark style=\"color:#00d084\" class=\"has-inline-color\">(no 3 gadu vecuma)<\/mark><\/mark><\/td><td class=\"has-text-align-center\" data-align=\"center\"><mark style=\"color:#00d084\" class=\"has-inline-color\">Ri\u010dards Everts Kr\u016bze<\/mark><\/td><td class=\"has-text-align-center\" data-align=\"center\">Valmieras tenisa skola\u00a0<a href=\"mailto:info@vts.lv\">info@vts.lv<\/a>\u00a027773377<\/td><\/tr><tr><td class=\"has-text-align-center\" data-align=\"center\"><mark style=\"color:#00d084\" class=\"has-inline-color\"><strong>Keramika <\/strong>(no 4 gadu vecuma)<\/mark><\/td><td class=\"has-text-align-center\" data-align=\"center\"><mark style=\"color:#00d084\" class=\"has-inline-color\">Nad\u012bna Zeme<\/mark><\/td><td class=\"has-text-align-center\" data-align=\"center\"><a href=\"mailto:zemesmalmica@gmail.com\">zemesmalmica@gmail.com<\/a> 27401949<\/td><\/tr><tr><td class=\"has-text-align-center\" data-align=\"center\"><mark style=\"color:#00d084\" class=\"has-inline-color\"><strong>Robotika<\/strong> <mark style=\"color:#00d084\" class=\"has-inline-color\">(no 4 gadu vecuma)<\/mark><\/mark><\/td><td class=\"has-text-align-center\" data-align=\"center\"><mark style=\"color:#00d084\" class=\"has-inline-color\">b\u0113rnu centrs &#8220;K\u0101 m\u0101j\u0101s&#8221;<\/mark><\/td><td class=\"has-text-align-center\" data-align=\"center\"><a href=\"mailto:info@bckamajas.lv\">info@bckamajas.lv<\/a>&nbsp;29398553<\/td><\/tr><\/tbody><\/table><\/figure>\n\n\n\n<p><\/p>\n","protected":false},"excerpt":{"rendered":"<p>Pied\u0101v\u0101jam b\u0113rniem apmekl\u0113t da\u017e\u0101dus intere\u0161u izgl\u012bt\u012bbas pulci\u0146us pirmsskolas izgl\u012bt\u012bbas iest\u0101des telp\u0101s. Intere\u0161u izgl\u012bt\u012bba ir&nbsp;veids k\u0101 veicin\u0101t b\u0113rna vispus\u012bgu att\u012bst\u012bbu, labsaj\u016btu [&hellip;]<\/p>\n","protected":false},"author":67,"featured_media":0,"parent":0,"menu_order":0,"comment_status":"closed","ping_status":"closed","template":"","meta":{"_acf_changed":false,"site-sidebar-layout":"default","site-content-layout":"","ast-site-content-layout":"default","site-content-style":"default","site-sidebar-style":"default","ast-global-header-display":"","ast-banner-title-visibility":"","ast-main-header-display":"","ast-hfb-above-header-display":"","ast-hfb-below-header-display":"","ast-hfb-mobile-header-display":"","site-post-title":"","ast-breadcrumbs-content":"","ast-featured-img":"","footer-sml-layout":"","ast-disable-related-posts":"","theme-transparent-header-meta":"","adv-header-id-meta":"","stick-header-meta":"","header-above-stick-meta":"","header-main-stick-meta":"","header-below-stick-meta":"","astra-migrate-meta-layouts":"default","ast-page-background-enabled":"default","ast-page-background-meta":{"desktop":{"background-color":"var(--ast-global-color-5)","background-image":"","background-repeat":"repeat","background-position":"center center","background-size":"auto","background-attachment":"scroll","background-type":"","background-media":"","overlay-type":"","overlay-color":"","overlay-opacity":"","overlay-gradient":""},"tablet":{"background-color":"","background-image":"","background-repeat":"repeat","background-position":"center center","background-size":"auto","background-attachment":"scroll","background-type":"","background-media":"","overlay-type":"","overlay-color":"","overlay-opacity":"","overlay-gradient":""},"mobile":{"background-color":"","background-image":"","background-repeat":"repeat","background-position":"center center","background-size":"auto","background-attachment":"scroll","background-type":"","background-media":"","overlay-type":"","overlay-color":"","overlay-opacity":"","overlay-gradient":""}},"ast-content-background-meta":{"desktop":{"background-color":"var(--ast-global-color-4)","background-image":"","background-repeat":"repeat","background-position":"center center","background-size":"auto","background-attachment":"scroll","background-type":"","background-media":"","overlay-type":"","overlay-color":"","overlay-opacity":"","overlay-gradient":""},"tablet":{"background-color":"var(--ast-global-color-4)","background-image":"","background-repeat":"repeat","background-position":"center center","background-size":"auto","background-attachment":"scroll","background-type":"","background-media":"","overlay-type":"","overlay-color":"","overlay-opacity":"","overlay-gradient":""},"mobile":{"background-color":"var(--ast-global-color-4)","background-image":"","background-repeat":"repeat","background-position":"center center","background-size":"auto","background-attachment":"scroll","background-type":"","background-media":"","overlay-type":"","overlay-color":"","overlay-opacity":"","overlay-gradient":""}},"footnotes":""},"class_list":["post-182","page","type-page","status-publish","hentry"],"acf":[],"yoast_head":"<!-- This site is optimized with the Yoast SEO plugin v27.0 - https:\/\/yoast.com\/product\/yoast-seo-wordpress\/ -->\n<title>Intere\u0161u izgl\u012bt\u012bba - Valmieras pirmsskolas izgl\u012bt\u012bbas iest\u0101de \u201cEZ\u012aTIS\u201d<\/title>\n<meta name=\"robots\" content=\"index, follow, max-snippet:-1, max-image-preview:large, max-video-preview:-1\" \/>\n<link rel=\"canonical\" href=\"https:\/\/izglitiba.valmierasnovads.lv\/piiezitis\/interesu-izglitiba-2\/\" \/>\n<meta property=\"og:locale\" content=\"lv_LV\" \/>\n<meta property=\"og:type\" content=\"article\" \/>\n<meta property=\"og:title\" content=\"Intere\u0161u izgl\u012bt\u012bba - Valmieras pirmsskolas izgl\u012bt\u012bbas iest\u0101de \u201cEZ\u012aTIS\u201d\" \/>\n<meta property=\"og:description\" content=\"Pied\u0101v\u0101jam b\u0113rniem apmekl\u0113t da\u017e\u0101dus intere\u0161u izgl\u012bt\u012bbas pulci\u0146us pirmsskolas izgl\u012bt\u012bbas iest\u0101des telp\u0101s. Intere\u0161u izgl\u012bt\u012bba ir&nbsp;veids k\u0101 veicin\u0101t b\u0113rna vispus\u012bgu att\u012bst\u012bbu, labsaj\u016btu [&hellip;]\" \/>\n<meta property=\"og:url\" content=\"https:\/\/izglitiba.valmierasnovads.lv\/piiezitis\/interesu-izglitiba-2\/\" \/>\n<meta property=\"og:site_name\" content=\"Valmieras pirmsskolas izgl\u012bt\u012bbas iest\u0101de \u201cEZ\u012aTIS\u201d\" \/>\n<meta property=\"article:modified_time\" content=\"2026-04-01T11:59:06+00:00\" \/>\n<meta name=\"twitter:card\" content=\"summary_large_image\" \/>\n<meta name=\"twitter:label1\" content=\"Est. reading time\" \/>\n\t<meta name=\"twitter:data1\" content=\"1 min\u016bte\" \/>\n<script type=\"application\/ld+json\" class=\"yoast-schema-graph\">{\"@context\":\"https:\/\/schema.org\",\"@graph\":[{\"@type\":\"WebPage\",\"@id\":\"https:\/\/izglitiba.valmierasnovads.lv\/piiezitis\/interesu-izglitiba-2\/\",\"url\":\"https:\/\/izglitiba.valmierasnovads.lv\/piiezitis\/interesu-izglitiba-2\/\",\"name\":\"Intere\u0161u izgl\u012bt\u012bba - Valmieras pirmsskolas izgl\u012bt\u012bbas iest\u0101de \u201cEZ\u012aTIS\u201d\",\"isPartOf\":{\"@id\":\"https:\/\/izglitiba.valmierasnovads.lv\/piiezitis\/#website\"},\"datePublished\":\"2026-02-12T10:09:33+00:00\",\"dateModified\":\"2026-04-01T11:59:06+00:00\",\"breadcrumb\":{\"@id\":\"https:\/\/izglitiba.valmierasnovads.lv\/piiezitis\/interesu-izglitiba-2\/#breadcrumb\"},\"inLanguage\":\"lv-LV\",\"potentialAction\":[{\"@type\":\"ReadAction\",\"target\":[\"https:\/\/izglitiba.valmierasnovads.lv\/piiezitis\/interesu-izglitiba-2\/\"]}]},{\"@type\":\"BreadcrumbList\",\"@id\":\"https:\/\/izglitiba.valmierasnovads.lv\/piiezitis\/interesu-izglitiba-2\/#breadcrumb\",\"itemListElement\":[{\"@type\":\"ListItem\",\"position\":1,\"name\":\"Home\",\"item\":\"https:\/\/izglitiba.valmierasnovads.lv\/piiezitis\/\"},{\"@type\":\"ListItem\",\"position\":2,\"name\":\"Intere\u0161u izgl\u012bt\u012bba\"}]},{\"@type\":\"WebSite\",\"@id\":\"https:\/\/izglitiba.valmierasnovads.lv\/piiezitis\/#website\",\"url\":\"https:\/\/izglitiba.valmierasnovads.lv\/piiezitis\/\",\"name\":\"Valmieras pirmsskolas izgl\u012bt\u012bbas iest\u0101de \u201cEZ\u012aTIS\u201d\",\"description\":\"\",\"publisher\":{\"@id\":\"https:\/\/izglitiba.valmierasnovads.lv\/piiezitis\/#organization\"},\"potentialAction\":[{\"@type\":\"SearchAction\",\"target\":{\"@type\":\"EntryPoint\",\"urlTemplate\":\"https:\/\/izglitiba.valmierasnovads.lv\/piiezitis\/?s={search_term_string}\"},\"query-input\":{\"@type\":\"PropertyValueSpecification\",\"valueRequired\":true,\"valueName\":\"search_term_string\"}}],\"inLanguage\":\"lv-LV\"},{\"@type\":\"Organization\",\"@id\":\"https:\/\/izglitiba.valmierasnovads.lv\/piiezitis\/#organization\",\"name\":\"Valmieras pirmsskolas izgl\u012bt\u012bbas iest\u0101de \u201cEZ\u012aTIS\u201d\",\"url\":\"https:\/\/izglitiba.valmierasnovads.lv\/piiezitis\/\",\"logo\":{\"@type\":\"ImageObject\",\"inLanguage\":\"lv-LV\",\"@id\":\"https:\/\/izglitiba.valmierasnovads.lv\/piiezitis\/#\/schema\/logo\/image\/\",\"url\":\"https:\/\/izglitiba.valmierasnovads.lv\/piiezitis\/wp-content\/uploads\/sites\/13\/2026\/03\/cropped-Pirmsskolas-izglitibas-iestades-ar-pasu-logo-5-scaled-1.png\",\"contentUrl\":\"https:\/\/izglitiba.valmierasnovads.lv\/piiezitis\/wp-content\/uploads\/sites\/13\/2026\/03\/cropped-Pirmsskolas-izglitibas-iestades-ar-pasu-logo-5-scaled-1.png\",\"width\":1425,\"height\":405,\"caption\":\"Valmieras pirmsskolas izgl\u012bt\u012bbas iest\u0101de \u201cEZ\u012aTIS\u201d\"},\"image\":{\"@id\":\"https:\/\/izglitiba.valmierasnovads.lv\/piiezitis\/#\/schema\/logo\/image\/\"}}]}<\/script>\n<!-- \/ Yoast SEO plugin. -->","yoast_head_json":{"title":"Intere\u0161u izgl\u012bt\u012bba - Valmieras pirmsskolas izgl\u012bt\u012bbas iest\u0101de \u201cEZ\u012aTIS\u201d","robots":{"index":"index","follow":"follow","max-snippet":"max-snippet:-1","max-image-preview":"max-image-preview:large","max-video-preview":"max-video-preview:-1"},"canonical":"https:\/\/izglitiba.valmierasnovads.lv\/piiezitis\/interesu-izglitiba-2\/","og_locale":"lv_LV","og_type":"article","og_title":"Intere\u0161u izgl\u012bt\u012bba - Valmieras pirmsskolas izgl\u012bt\u012bbas iest\u0101de \u201cEZ\u012aTIS\u201d","og_description":"Pied\u0101v\u0101jam b\u0113rniem apmekl\u0113t da\u017e\u0101dus intere\u0161u izgl\u012bt\u012bbas pulci\u0146us pirmsskolas izgl\u012bt\u012bbas iest\u0101des telp\u0101s. Intere\u0161u izgl\u012bt\u012bba ir&nbsp;veids k\u0101 veicin\u0101t b\u0113rna vispus\u012bgu att\u012bst\u012bbu, labsaj\u016btu [&hellip;]","og_url":"https:\/\/izglitiba.valmierasnovads.lv\/piiezitis\/interesu-izglitiba-2\/","og_site_name":"Valmieras pirmsskolas izgl\u012bt\u012bbas iest\u0101de \u201cEZ\u012aTIS\u201d","article_modified_time":"2026-04-01T11:59:06+00:00","twitter_card":"summary_large_image","twitter_misc":{"Est. reading time":"1 min\u016bte"},"schema":{"@context":"https:\/\/schema.org","@graph":[{"@type":"WebPage","@id":"https:\/\/izglitiba.valmierasnovads.lv\/piiezitis\/interesu-izglitiba-2\/","url":"https:\/\/izglitiba.valmierasnovads.lv\/piiezitis\/interesu-izglitiba-2\/","name":"Intere\u0161u izgl\u012bt\u012bba - Valmieras pirmsskolas izgl\u012bt\u012bbas iest\u0101de \u201cEZ\u012aTIS\u201d","isPartOf":{"@id":"https:\/\/izglitiba.valmierasnovads.lv\/piiezitis\/#website"},"datePublished":"2026-02-12T10:09:33+00:00","dateModified":"2026-04-01T11:59:06+00:00","breadcrumb":{"@id":"https:\/\/izglitiba.valmierasnovads.lv\/piiezitis\/interesu-izglitiba-2\/#breadcrumb"},"inLanguage":"lv-LV","potentialAction":[{"@type":"ReadAction","target":["https:\/\/izglitiba.valmierasnovads.lv\/piiezitis\/interesu-izglitiba-2\/"]}]},{"@type":"BreadcrumbList","@id":"https:\/\/izglitiba.valmierasnovads.lv\/piiezitis\/interesu-izglitiba-2\/#breadcrumb","itemListElement":[{"@type":"ListItem","position":1,"name":"Home","item":"https:\/\/izglitiba.valmierasnovads.lv\/piiezitis\/"},{"@type":"ListItem","position":2,"name":"Intere\u0161u izgl\u012bt\u012bba"}]},{"@type":"WebSite","@id":"https:\/\/izglitiba.valmierasnovads.lv\/piiezitis\/#website","url":"https:\/\/izglitiba.valmierasnovads.lv\/piiezitis\/","name":"Valmieras pirmsskolas izgl\u012bt\u012bbas iest\u0101de \u201cEZ\u012aTIS\u201d","description":"","publisher":{"@id":"https:\/\/izglitiba.valmierasnovads.lv\/piiezitis\/#organization"},"potentialAction":[{"@type":"SearchAction","target":{"@type":"EntryPoint","urlTemplate":"https:\/\/izglitiba.valmierasnovads.lv\/piiezitis\/?s={search_term_string}"},"query-input":{"@type":"PropertyValueSpecification","valueRequired":true,"valueName":"search_term_string"}}],"inLanguage":"lv-LV"},{"@type":"Organization","@id":"https:\/\/izglitiba.valmierasnovads.lv\/piiezitis\/#organization","name":"Valmieras pirmsskolas izgl\u012bt\u012bbas iest\u0101de \u201cEZ\u012aTIS\u201d","url":"https:\/\/izglitiba.valmierasnovads.lv\/piiezitis\/","logo":{"@type":"ImageObject","inLanguage":"lv-LV","@id":"https:\/\/izglitiba.valmierasnovads.lv\/piiezitis\/#\/schema\/logo\/image\/","url":"https:\/\/izglitiba.valmierasnovads.lv\/piiezitis\/wp-content\/uploads\/sites\/13\/2026\/03\/cropped-Pirmsskolas-izglitibas-iestades-ar-pasu-logo-5-scaled-1.png","contentUrl":"https:\/\/izglitiba.valmierasnovads.lv\/piiezitis\/wp-content\/uploads\/sites\/13\/2026\/03\/cropped-Pirmsskolas-izglitibas-iestades-ar-pasu-logo-5-scaled-1.png","width":1425,"height":405,"caption":"Valmieras pirmsskolas izgl\u012bt\u012bbas iest\u0101de \u201cEZ\u012aTIS\u201d"},"image":{"@id":"https:\/\/izglitiba.valmierasnovads.lv\/piiezitis\/#\/schema\/logo\/image\/"}}]}},"_links":{"self":[{"href":"https:\/\/izglitiba.valmierasnovads.lv\/piiezitis\/wp-json\/wp\/v2\/pages\/182","targetHints":{"allow":["GET"]}}],"collection":[{"href":"https:\/\/izglitiba.valmierasnovads.lv\/piiezitis\/wp-json\/wp\/v2\/pages"}],"about":[{"href":"https:\/\/izglitiba.valmierasnovads.lv\/piiezitis\/wp-json\/wp\/v2\/types\/page"}],"author":[{"embeddable":true,"href":"https:\/\/izglitiba.valmierasnovads.lv\/piiezitis\/wp-json\/wp\/v2\/users\/67"}],"replies":[{"embeddable":true,"href":"https:\/\/izglitiba.valmierasnovads.lv\/piiezitis\/wp-json\/wp\/v2\/comments?post=182"}],"version-history":[{"count":7,"href":"https:\/\/izglitiba.valmierasnovads.lv\/piiezitis\/wp-json\/wp\/v2\/pages\/182\/revisions"}],"predecessor-version":[{"id":533,"href":"https:\/\/izglitiba.valmierasnovads.lv\/piiezitis\/wp-json\/wp\/v2\/pages\/182\/revisions\/533"}],"wp:attachment":[{"href":"https:\/\/izglitiba.valmierasnovads.lv\/piiezitis\/wp-json\/wp\/v2\/media?parent=182"}],"curies":[{"name":"wp","href":"https:\/\/api.w.org\/{rel}","templated":true}]}}