{"id":220,"date":"2026-02-12T13:16:24","date_gmt":"2026-02-12T11:16:24","guid":{"rendered":"https:\/\/izglitiba.valmierasnovads.lv\/piiezitis\/?page_id=220"},"modified":"2026-03-24T17:20:55","modified_gmt":"2026-03-24T15:20:55","slug":"uznemsanas-noteikumi","status":"publish","type":"page","link":"https:\/\/izglitiba.valmierasnovads.lv\/piiezitis\/uznemsanas-noteikumi\/","title":{"rendered":"Uz\u0146em\u0161anas noteikumi"},"content":{"rendered":"\n<h2 class=\"wp-block-heading\">B\u0113rnu re\u0123istr\u0101cijas k\u0101rt\u012bba uz\u0146em\u0161anai Valmieras novada pa\u0161vald\u012bbas izgl\u012bt\u012bbas iest\u0101d\u0113s<\/h2>\n\n\n\n<p>Valmieras novada pa\u0161vald\u012bbas 30.12.2021. Saisto\u0161ie noteikumi Nr.27&nbsp;<a href=\"https:\/\/likumi.lv\/ta\/id\/271039-bernu-registracijas-kartiba-uznemsanai-valmieras-pilsetas-pasvaldibas-izglitibas-iestades-kuras-tiek-istenota-pirmsskolas-izgli...\" target=\"_blank\" rel=\"noreferrer noopener\">\u201e<\/a><a href=\"https:\/\/likumi.lv\/ta\/id\/331816-par-bernu-registracijas-un-uznemsanas-kartibu-valmieras-novada-pasvaldibas-izglitibas-iestades-kuras-tiek-istenota\">Par b\u0113rnu re\u0123istr\u0101cijas un uz\u0146em\u0161anas k\u0101rt\u012bbu Valmieras novada pa\u0161vald\u012bbas izgl\u012bt\u012bbas iest\u0101d\u0113s, kur\u0101s tiek \u012bstenota pirmsskolas izgl\u012bt\u012bbas programma<\/a>\u201d nosaka k\u0101rt\u012bbu, k\u0101d\u0101:<\/p>\n\n\n\n<ul class=\"wp-block-list\">\n<li>b\u0113rni tiek re\u0123istr\u0113ti uz\u0146em\u0161anai Valmieras novada pa\u0161vald\u012bbas izgl\u012bt\u012bbas iest\u0101d\u0113s, kas \u012bsteno pirmsskolas izgl\u012bt\u012bbas programmas (turpm\u0101k \u2013 Iest\u0101de);<\/li>\n\n\n\n<li>b\u0113rnu nodro\u0161ina ar vietu Iest\u0101d\u0113;<\/li>\n\n\n\n<li>b\u0113rnam nodro\u0161ina Iest\u0101des mai\u0146u.<\/li>\n<\/ul>\n\n\n\n<p>B\u0113rna re\u0123istr\u0101ciju uz\u0146em\u0161anai Iest\u0101d\u0113, b\u0113rnu nodro\u0161in\u0101\u0161anu ar vietu Iest\u0101d\u0113 un Iest\u0101des mai\u0146u nodro\u0161ina Valmieras novada Izgl\u012bt\u012bbas p\u0101rvalde.<\/p>\n\n\n\n<h2 class=\"wp-block-heading\"><mark style=\"color:#00d084\" class=\"has-inline-color\">Vair\u0101k inform\u0101ciju par b\u0113rnu uz\u0146em\u0161anu pirmsskolas izgl\u012bt\u012bbas iest\u0101d\u0113 lasiet <strong><a href=\"https:\/\/www.valmierasnovads.lv\/novads\/izglitiba\/izglitibas-iestades\/pirmsskolas-izglitiba\/bernu-uznemsana-pii\/\" id=\"https:\/\/www.valmierasnovads.lv\/novads\/izglitiba\/izglitibas-iestades\/pirmsskolas-izglitiba\/bernu-uznemsana-pii\/\">\u0161eit<\/a><\/strong><\/mark><\/h2>\n\n\n\n<p><\/p>\n","protected":false},"excerpt":{"rendered":"<p>B\u0113rnu re\u0123istr\u0101cijas k\u0101rt\u012bba uz\u0146em\u0161anai Valmieras novada pa\u0161vald\u012bbas izgl\u012bt\u012bbas iest\u0101d\u0113s Valmieras novada pa\u0161vald\u012bbas 30.12.2021. Saisto\u0161ie noteikumi Nr.27&nbsp;\u201ePar b\u0113rnu re\u0123istr\u0101cijas un uz\u0146em\u0161anas [&hellip;]<\/p>\n","protected":false},"author":67,"featured_media":0,"parent":0,"menu_order":0,"comment_status":"closed","ping_status":"closed","template":"","meta":{"_acf_changed":false,"site-sidebar-layout":"default","site-content-layout":"","ast-site-content-layout":"default","site-content-style":"default","site-sidebar-style":"default","ast-global-header-display":"","ast-banner-title-visibility":"","ast-main-header-display":"","ast-hfb-above-header-display":"","ast-hfb-below-header-display":"","ast-hfb-mobile-header-display":"","site-post-title":"","ast-breadcrumbs-content":"","ast-featured-img":"","footer-sml-layout":"","ast-disable-related-posts":"","theme-transparent-header-meta":"","adv-header-id-meta":"","stick-header-meta":"","header-above-stick-meta":"","header-main-stick-meta":"","header-below-stick-meta":"","astra-migrate-meta-layouts":"default","ast-page-background-enabled":"default","ast-page-background-meta":{"desktop":{"background-color":"var(--ast-global-color-5)","background-image":"","background-repeat":"repeat","background-position":"center center","background-size":"auto","background-attachment":"scroll","background-type":"","background-media":"","overlay-type":"","overlay-color":"","overlay-opacity":"","overlay-gradient":""},"tablet":{"background-color":"","background-image":"","background-repeat":"repeat","background-position":"center center","background-size":"auto","background-attachment":"scroll","background-type":"","background-media":"","overlay-type":"","overlay-color":"","overlay-opacity":"","overlay-gradient":""},"mobile":{"background-color":"","background-image":"","background-repeat":"repeat","background-position":"center center","background-size":"auto","background-attachment":"scroll","background-type":"","background-media":"","overlay-type":"","overlay-color":"","overlay-opacity":"","overlay-gradient":""}},"ast-content-background-meta":{"desktop":{"background-color":"var(--ast-global-color-4)","background-image":"","background-repeat":"repeat","background-position":"center center","background-size":"auto","background-attachment":"scroll","background-type":"","background-media":"","overlay-type":"","overlay-color":"","overlay-opacity":"","overlay-gradient":""},"tablet":{"background-color":"var(--ast-global-color-4)","background-image":"","background-repeat":"repeat","background-position":"center center","background-size":"auto","background-attachment":"scroll","background-type":"","background-media":"","overlay-type":"","overlay-color":"","overlay-opacity":"","overlay-gradient":""},"mobile":{"background-color":"var(--ast-global-color-4)","background-image":"","background-repeat":"repeat","background-position":"center center","background-size":"auto","background-attachment":"scroll","background-type":"","background-media":"","overlay-type":"","overlay-color":"","overlay-opacity":"","overlay-gradient":""}},"footnotes":""},"class_list":["post-220","page","type-page","status-publish","hentry"],"acf":[],"yoast_head":"<!-- This site is optimized with the Yoast SEO plugin v27.0 - https:\/\/yoast.com\/product\/yoast-seo-wordpress\/ -->\n<title>Uz\u0146em\u0161anas noteikumi - Valmieras pirmsskolas izgl\u012bt\u012bbas iest\u0101de \u201cEZ\u012aTIS\u201d<\/title>\n<meta name=\"robots\" content=\"index, follow, max-snippet:-1, max-image-preview:large, max-video-preview:-1\" \/>\n<link rel=\"canonical\" href=\"https:\/\/izglitiba.valmierasnovads.lv\/piiezitis\/uznemsanas-noteikumi\/\" \/>\n<meta property=\"og:locale\" content=\"lv_LV\" \/>\n<meta property=\"og:type\" content=\"article\" \/>\n<meta property=\"og:title\" content=\"Uz\u0146em\u0161anas noteikumi - Valmieras pirmsskolas izgl\u012bt\u012bbas iest\u0101de \u201cEZ\u012aTIS\u201d\" \/>\n<meta property=\"og:description\" content=\"B\u0113rnu re\u0123istr\u0101cijas k\u0101rt\u012bba uz\u0146em\u0161anai Valmieras novada pa\u0161vald\u012bbas izgl\u012bt\u012bbas iest\u0101d\u0113s Valmieras novada pa\u0161vald\u012bbas 30.12.2021. Saisto\u0161ie noteikumi Nr.27&nbsp;\u201ePar b\u0113rnu re\u0123istr\u0101cijas un uz\u0146em\u0161anas [&hellip;]\" \/>\n<meta property=\"og:url\" content=\"https:\/\/izglitiba.valmierasnovads.lv\/piiezitis\/uznemsanas-noteikumi\/\" \/>\n<meta property=\"og:site_name\" content=\"Valmieras pirmsskolas izgl\u012bt\u012bbas iest\u0101de \u201cEZ\u012aTIS\u201d\" \/>\n<meta property=\"article:modified_time\" content=\"2026-03-24T15:20:55+00:00\" \/>\n<meta name=\"twitter:card\" content=\"summary_large_image\" \/>\n<meta name=\"twitter:label1\" content=\"Est. reading time\" \/>\n\t<meta name=\"twitter:data1\" content=\"1 min\u016bte\" \/>\n<script type=\"application\/ld+json\" class=\"yoast-schema-graph\">{\"@context\":\"https:\/\/schema.org\",\"@graph\":[{\"@type\":\"WebPage\",\"@id\":\"https:\/\/izglitiba.valmierasnovads.lv\/piiezitis\/uznemsanas-noteikumi\/\",\"url\":\"https:\/\/izglitiba.valmierasnovads.lv\/piiezitis\/uznemsanas-noteikumi\/\",\"name\":\"Uz\u0146em\u0161anas noteikumi - Valmieras pirmsskolas izgl\u012bt\u012bbas iest\u0101de \u201cEZ\u012aTIS\u201d\",\"isPartOf\":{\"@id\":\"https:\/\/izglitiba.valmierasnovads.lv\/piiezitis\/#website\"},\"datePublished\":\"2026-02-12T11:16:24+00:00\",\"dateModified\":\"2026-03-24T15:20:55+00:00\",\"breadcrumb\":{\"@id\":\"https:\/\/izglitiba.valmierasnovads.lv\/piiezitis\/uznemsanas-noteikumi\/#breadcrumb\"},\"inLanguage\":\"lv-LV\",\"potentialAction\":[{\"@type\":\"ReadAction\",\"target\":[\"https:\/\/izglitiba.valmierasnovads.lv\/piiezitis\/uznemsanas-noteikumi\/\"]}]},{\"@type\":\"BreadcrumbList\",\"@id\":\"https:\/\/izglitiba.valmierasnovads.lv\/piiezitis\/uznemsanas-noteikumi\/#breadcrumb\",\"itemListElement\":[{\"@type\":\"ListItem\",\"position\":1,\"name\":\"Home\",\"item\":\"https:\/\/izglitiba.valmierasnovads.lv\/piiezitis\/\"},{\"@type\":\"ListItem\",\"position\":2,\"name\":\"Uz\u0146em\u0161anas noteikumi\"}]},{\"@type\":\"WebSite\",\"@id\":\"https:\/\/izglitiba.valmierasnovads.lv\/piiezitis\/#website\",\"url\":\"https:\/\/izglitiba.valmierasnovads.lv\/piiezitis\/\",\"name\":\"Valmieras pirmsskolas izgl\u012bt\u012bbas iest\u0101de \u201cEZ\u012aTIS\u201d\",\"description\":\"\",\"publisher\":{\"@id\":\"https:\/\/izglitiba.valmierasnovads.lv\/piiezitis\/#organization\"},\"potentialAction\":[{\"@type\":\"SearchAction\",\"target\":{\"@type\":\"EntryPoint\",\"urlTemplate\":\"https:\/\/izglitiba.valmierasnovads.lv\/piiezitis\/?s={search_term_string}\"},\"query-input\":{\"@type\":\"PropertyValueSpecification\",\"valueRequired\":true,\"valueName\":\"search_term_string\"}}],\"inLanguage\":\"lv-LV\"},{\"@type\":\"Organization\",\"@id\":\"https:\/\/izglitiba.valmierasnovads.lv\/piiezitis\/#organization\",\"name\":\"Valmieras pirmsskolas izgl\u012bt\u012bbas iest\u0101de \u201cEZ\u012aTIS\u201d\",\"url\":\"https:\/\/izglitiba.valmierasnovads.lv\/piiezitis\/\",\"logo\":{\"@type\":\"ImageObject\",\"inLanguage\":\"lv-LV\",\"@id\":\"https:\/\/izglitiba.valmierasnovads.lv\/piiezitis\/#\/schema\/logo\/image\/\",\"url\":\"https:\/\/izglitiba.valmierasnovads.lv\/piiezitis\/wp-content\/uploads\/sites\/13\/2026\/03\/cropped-Pirmsskolas-izglitibas-iestades-ar-pasu-logo-5-scaled-1.png\",\"contentUrl\":\"https:\/\/izglitiba.valmierasnovads.lv\/piiezitis\/wp-content\/uploads\/sites\/13\/2026\/03\/cropped-Pirmsskolas-izglitibas-iestades-ar-pasu-logo-5-scaled-1.png\",\"width\":1425,\"height\":405,\"caption\":\"Valmieras pirmsskolas izgl\u012bt\u012bbas iest\u0101de \u201cEZ\u012aTIS\u201d\"},\"image\":{\"@id\":\"https:\/\/izglitiba.valmierasnovads.lv\/piiezitis\/#\/schema\/logo\/image\/\"}}]}<\/script>\n<!-- \/ Yoast SEO plugin. -->","yoast_head_json":{"title":"Uz\u0146em\u0161anas noteikumi - Valmieras pirmsskolas izgl\u012bt\u012bbas iest\u0101de \u201cEZ\u012aTIS\u201d","robots":{"index":"index","follow":"follow","max-snippet":"max-snippet:-1","max-image-preview":"max-image-preview:large","max-video-preview":"max-video-preview:-1"},"canonical":"https:\/\/izglitiba.valmierasnovads.lv\/piiezitis\/uznemsanas-noteikumi\/","og_locale":"lv_LV","og_type":"article","og_title":"Uz\u0146em\u0161anas noteikumi - Valmieras pirmsskolas izgl\u012bt\u012bbas iest\u0101de \u201cEZ\u012aTIS\u201d","og_description":"B\u0113rnu re\u0123istr\u0101cijas k\u0101rt\u012bba uz\u0146em\u0161anai Valmieras novada pa\u0161vald\u012bbas izgl\u012bt\u012bbas iest\u0101d\u0113s Valmieras novada pa\u0161vald\u012bbas 30.12.2021. Saisto\u0161ie noteikumi Nr.27&nbsp;\u201ePar b\u0113rnu re\u0123istr\u0101cijas un uz\u0146em\u0161anas [&hellip;]","og_url":"https:\/\/izglitiba.valmierasnovads.lv\/piiezitis\/uznemsanas-noteikumi\/","og_site_name":"Valmieras pirmsskolas izgl\u012bt\u012bbas iest\u0101de \u201cEZ\u012aTIS\u201d","article_modified_time":"2026-03-24T15:20:55+00:00","twitter_card":"summary_large_image","twitter_misc":{"Est. reading time":"1 min\u016bte"},"schema":{"@context":"https:\/\/schema.org","@graph":[{"@type":"WebPage","@id":"https:\/\/izglitiba.valmierasnovads.lv\/piiezitis\/uznemsanas-noteikumi\/","url":"https:\/\/izglitiba.valmierasnovads.lv\/piiezitis\/uznemsanas-noteikumi\/","name":"Uz\u0146em\u0161anas noteikumi - Valmieras pirmsskolas izgl\u012bt\u012bbas iest\u0101de \u201cEZ\u012aTIS\u201d","isPartOf":{"@id":"https:\/\/izglitiba.valmierasnovads.lv\/piiezitis\/#website"},"datePublished":"2026-02-12T11:16:24+00:00","dateModified":"2026-03-24T15:20:55+00:00","breadcrumb":{"@id":"https:\/\/izglitiba.valmierasnovads.lv\/piiezitis\/uznemsanas-noteikumi\/#breadcrumb"},"inLanguage":"lv-LV","potentialAction":[{"@type":"ReadAction","target":["https:\/\/izglitiba.valmierasnovads.lv\/piiezitis\/uznemsanas-noteikumi\/"]}]},{"@type":"BreadcrumbList","@id":"https:\/\/izglitiba.valmierasnovads.lv\/piiezitis\/uznemsanas-noteikumi\/#breadcrumb","itemListElement":[{"@type":"ListItem","position":1,"name":"Home","item":"https:\/\/izglitiba.valmierasnovads.lv\/piiezitis\/"},{"@type":"ListItem","position":2,"name":"Uz\u0146em\u0161anas noteikumi"}]},{"@type":"WebSite","@id":"https:\/\/izglitiba.valmierasnovads.lv\/piiezitis\/#website","url":"https:\/\/izglitiba.valmierasnovads.lv\/piiezitis\/","name":"Valmieras pirmsskolas izgl\u012bt\u012bbas iest\u0101de \u201cEZ\u012aTIS\u201d","description":"","publisher":{"@id":"https:\/\/izglitiba.valmierasnovads.lv\/piiezitis\/#organization"},"potentialAction":[{"@type":"SearchAction","target":{"@type":"EntryPoint","urlTemplate":"https:\/\/izglitiba.valmierasnovads.lv\/piiezitis\/?s={search_term_string}"},"query-input":{"@type":"PropertyValueSpecification","valueRequired":true,"valueName":"search_term_string"}}],"inLanguage":"lv-LV"},{"@type":"Organization","@id":"https:\/\/izglitiba.valmierasnovads.lv\/piiezitis\/#organization","name":"Valmieras pirmsskolas izgl\u012bt\u012bbas iest\u0101de \u201cEZ\u012aTIS\u201d","url":"https:\/\/izglitiba.valmierasnovads.lv\/piiezitis\/","logo":{"@type":"ImageObject","inLanguage":"lv-LV","@id":"https:\/\/izglitiba.valmierasnovads.lv\/piiezitis\/#\/schema\/logo\/image\/","url":"https:\/\/izglitiba.valmierasnovads.lv\/piiezitis\/wp-content\/uploads\/sites\/13\/2026\/03\/cropped-Pirmsskolas-izglitibas-iestades-ar-pasu-logo-5-scaled-1.png","contentUrl":"https:\/\/izglitiba.valmierasnovads.lv\/piiezitis\/wp-content\/uploads\/sites\/13\/2026\/03\/cropped-Pirmsskolas-izglitibas-iestades-ar-pasu-logo-5-scaled-1.png","width":1425,"height":405,"caption":"Valmieras pirmsskolas izgl\u012bt\u012bbas iest\u0101de \u201cEZ\u012aTIS\u201d"},"image":{"@id":"https:\/\/izglitiba.valmierasnovads.lv\/piiezitis\/#\/schema\/logo\/image\/"}}]}},"_links":{"self":[{"href":"https:\/\/izglitiba.valmierasnovads.lv\/piiezitis\/wp-json\/wp\/v2\/pages\/220","targetHints":{"allow":["GET"]}}],"collection":[{"href":"https:\/\/izglitiba.valmierasnovads.lv\/piiezitis\/wp-json\/wp\/v2\/pages"}],"about":[{"href":"https:\/\/izglitiba.valmierasnovads.lv\/piiezitis\/wp-json\/wp\/v2\/types\/page"}],"author":[{"embeddable":true,"href":"https:\/\/izglitiba.valmierasnovads.lv\/piiezitis\/wp-json\/wp\/v2\/users\/67"}],"replies":[{"embeddable":true,"href":"https:\/\/izglitiba.valmierasnovads.lv\/piiezitis\/wp-json\/wp\/v2\/comments?post=220"}],"version-history":[{"count":3,"href":"https:\/\/izglitiba.valmierasnovads.lv\/piiezitis\/wp-json\/wp\/v2\/pages\/220\/revisions"}],"predecessor-version":[{"id":317,"href":"https:\/\/izglitiba.valmierasnovads.lv\/piiezitis\/wp-json\/wp\/v2\/pages\/220\/revisions\/317"}],"wp:attachment":[{"href":"https:\/\/izglitiba.valmierasnovads.lv\/piiezitis\/wp-json\/wp\/v2\/media?parent=220"}],"curies":[{"name":"wp","href":"https:\/\/api.w.org\/{rel}","templated":true}]}}