{"id":224,"date":"2026-02-12T13:16:52","date_gmt":"2026-02-12T11:16:52","guid":{"rendered":"https:\/\/izglitiba.valmierasnovads.lv\/piiezitis\/?page_id=224"},"modified":"2026-04-01T11:42:09","modified_gmt":"2026-04-01T08:42:09","slug":"macibu-programmas","status":"publish","type":"page","link":"https:\/\/izglitiba.valmierasnovads.lv\/piiezitis\/macibu-programmas\/","title":{"rendered":"M\u0101c\u012bbu programmas"},"content":{"rendered":"\n<p class=\"has-text-align-center has-medium-font-size\">Iest\u0101d\u0113 tiek \u012bstenota: <strong>VISP\u0100R\u0112J\u0100 PIRMSSKOLAS IZGL\u012aT\u012aBAS PROGRAMMA<\/strong> (kods 01011111),<\/p>\n\n\n\n<p class=\"has-text-align-center has-medium-font-size\"><strong>SPECI\u0100L\u0100 PIRMSSKOLAS IZGL\u012aT\u012aBAS PROGRAMMA IZGL\u012aTOJAMAJIEM AR VALODAS TRAUC\u0112JUMIEM<\/strong> (kods 01015511),<\/p>\n\n\n\n<p>nodro\u0161inot:<\/p>\n\n\n\n<ul class=\"wp-block-list\">\n<li>pirmsskolas izgl\u012bt\u012bbas programmas apguvi b\u0113rniem no 1,5 gadu vecuma;<\/li>\n\n\n\n<li>logop\u0113da nodarb\u012bbas b\u0113rniem no 3 gadu vecuma 1 reizi ned\u0113\u013c\u0101 (b\u0113rniem ar valodas att\u012bst\u012bbas trauc\u0113jumiem, bez Pedago\u0123iski medic\u012bnisk\u0101s komisijas atzinuma);<\/li>\n\n\n\n<li>nodarb\u012bbas pie logop\u0113da 2 reizes ned\u0113\u013c\u0101 (b\u0113rniem ar Pedago\u0123iski medic\u012bnisk\u0101s komisijas atzinumu);<\/li>\n\n\n\n<li>peld\u0113\u0161anas nodarb\u012bbas 6 gadus veciem b\u0113rniem Valmieras Olimpiskaj\u0101 centr\u0101;<\/li>\n\n\n\n<li>nodarb\u012bbas pie speci\u0101l\u0101 pedagoga (b\u0113rniem ar m\u0101c\u012b\u0161an\u0101s gr\u016bt\u012bb\u0101m);<\/li>\n\n\n\n<li>nodarb\u012bbas pie soci\u0101l\u0101 pedagogs (b\u0113rniem ar uzved\u012bbas gr\u016bt\u012bb\u0101m);<\/li>\n\n\n\n<li>konsult\u0101cijas pie izgl\u012bt\u012bbas psihologa (p\u0113c nepiecie\u0161am\u012bbas);<\/li>\n\n\n\n<li>intere\u0161u izgl\u012bt\u012bbas pulci\u0146us (no 3 gadu vecuma).<\/li>\n<\/ul>\n\n\n\n<div class=\"wp-block-media-text is-stacked-on-mobile\" style=\"grid-template-columns:28% auto\"><figure class=\"wp-block-media-text__media\"><img loading=\"lazy\" decoding=\"async\" width=\"401\" height=\"401\" src=\"https:\/\/izglitiba.valmierasnovads.lv\/piiezitis\/wp-content\/uploads\/sites\/13\/2026\/04\/Dzimba.jpg\" alt=\"\" class=\"wp-image-502 size-full\" srcset=\"https:\/\/izglitiba.valmierasnovads.lv\/piiezitis\/wp-content\/uploads\/sites\/13\/2026\/04\/Dzimba.jpg 401w, https:\/\/izglitiba.valmierasnovads.lv\/piiezitis\/wp-content\/uploads\/sites\/13\/2026\/04\/Dzimba-300x300.jpg 300w, https:\/\/izglitiba.valmierasnovads.lv\/piiezitis\/wp-content\/uploads\/sites\/13\/2026\/04\/Dzimba-150x150.jpg 150w\" sizes=\"auto, (max-width: 401px) 100vw, 401px\" \/><\/figure><div class=\"wp-block-media-text__content\">\n<p class=\"has-medium-font-size\"><strong>D\u017eimbas dro\u0161\u012bbas programma<\/strong><\/p>\n\n\n\n<p>D\u017eimbas dro\u0161\u012bbas programma tapusi un darbojas, lai pal\u012bdz\u0113tu veidot vidi, kur\u0101 b\u0113rni j\u016btas dro\u0161i un pasarg\u0101ti, un kur\u0101 pieaugu\u0161ie ir b\u0113rna \u00abdro\u0161ie cilv\u0113ki\u00bb.<\/p>\n\n\n\n<p>D\u017eimbas dro\u0161\u012bbas programmas m\u0113r\u0137is ir izgl\u012btot pirmskolas un jaun\u0101k\u0101 skolas vecuma b\u0113rnus par dro\u0161\u012bbu attiec\u012bb\u0101s un sniegt izgl\u012bt\u012bbas speci\u0101listiem un vec\u0101kiem p\u0101rliec\u012bbu, prasmes un zin\u0101\u0161anas, lai m\u0101c\u012btu un demonstr\u0113tu b\u0113rniem dro\u0161as attiec\u012bbas.<\/p>\n\n\n\n<p>D\u017eimbas dro\u0161\u012bbas programma pal\u012bdz b\u0113rniem:<\/p>\n\n\n\n<ul class=\"wp-block-list\">\n<li>veidot dro\u0161as un cie\u0146pilnas attiec\u012bbas;<\/li>\n\n\n\n<li>atpaz\u012bt un atbilsto\u0161i rea\u0123\u0113t nedro\u0161\u0101s situ\u0101cij\u0101s;<\/li>\n\n\n\n<li>demonstr\u0113t pa\u0161cie\u0146u un cie\u0146u pret citiem;<\/li>\n\n\n\n<li>att\u012bst\u012bt pa\u0161apzi\u0146u un pa\u0161v\u0113rt\u012bbu.<\/li>\n<\/ul>\n\n\n\n<p>Vair\u0101k par programmu lasiet <a href=\"https:\/\/dzimba.lv\/pieaugusajiem\/dzimbas-drosibas-solu-programma-dzimbas-agenti\/\" id=\"https:\/\/dzimba.lv\/pieaugusajiem\/dzimbas-drosibas-solu-programma-dzimbas-agenti\/\"><strong>\u0161eit<\/strong><\/a><\/p>\n<\/div><\/div>\n\n\n\n<p><\/p>\n","protected":false},"excerpt":{"rendered":"<p>Iest\u0101d\u0113 tiek \u012bstenota: VISP\u0100R\u0112J\u0100 PIRMSSKOLAS IZGL\u012aT\u012aBAS PROGRAMMA (kods 01011111), SPECI\u0100L\u0100 PIRMSSKOLAS IZGL\u012aT\u012aBAS PROGRAMMA IZGL\u012aTOJAMAJIEM AR VALODAS TRAUC\u0112JUMIEM (kods 01015511), nodro\u0161inot:<\/p>\n","protected":false},"author":67,"featured_media":0,"parent":0,"menu_order":0,"comment_status":"closed","ping_status":"closed","template":"","meta":{"_acf_changed":false,"site-sidebar-layout":"default","site-content-layout":"","ast-site-content-layout":"default","site-content-style":"default","site-sidebar-style":"default","ast-global-header-display":"","ast-banner-title-visibility":"","ast-main-header-display":"","ast-hfb-above-header-display":"","ast-hfb-below-header-display":"","ast-hfb-mobile-header-display":"","site-post-title":"","ast-breadcrumbs-content":"","ast-featured-img":"","footer-sml-layout":"","ast-disable-related-posts":"","theme-transparent-header-meta":"","adv-header-id-meta":"","stick-header-meta":"","header-above-stick-meta":"","header-main-stick-meta":"","header-below-stick-meta":"","astra-migrate-meta-layouts":"default","ast-page-background-enabled":"default","ast-page-background-meta":{"desktop":{"background-color":"var(--ast-global-color-5)","background-image":"","background-repeat":"repeat","background-position":"center center","background-size":"auto","background-attachment":"scroll","background-type":"","background-media":"","overlay-type":"","overlay-color":"","overlay-opacity":"","overlay-gradient":""},"tablet":{"background-color":"","background-image":"","background-repeat":"repeat","background-position":"center center","background-size":"auto","background-attachment":"scroll","background-type":"","background-media":"","overlay-type":"","overlay-color":"","overlay-opacity":"","overlay-gradient":""},"mobile":{"background-color":"","background-image":"","background-repeat":"repeat","background-position":"center center","background-size":"auto","background-attachment":"scroll","background-type":"","background-media":"","overlay-type":"","overlay-color":"","overlay-opacity":"","overlay-gradient":""}},"ast-content-background-meta":{"desktop":{"background-color":"var(--ast-global-color-4)","background-image":"","background-repeat":"repeat","background-position":"center center","background-size":"auto","background-attachment":"scroll","background-type":"","background-media":"","overlay-type":"","overlay-color":"","overlay-opacity":"","overlay-gradient":""},"tablet":{"background-color":"var(--ast-global-color-4)","background-image":"","background-repeat":"repeat","background-position":"center center","background-size":"auto","background-attachment":"scroll","background-type":"","background-media":"","overlay-type":"","overlay-color":"","overlay-opacity":"","overlay-gradient":""},"mobile":{"background-color":"var(--ast-global-color-4)","background-image":"","background-repeat":"repeat","background-position":"center center","background-size":"auto","background-attachment":"scroll","background-type":"","background-media":"","overlay-type":"","overlay-color":"","overlay-opacity":"","overlay-gradient":""}},"footnotes":""},"class_list":["post-224","page","type-page","status-publish","hentry"],"acf":[],"yoast_head":"<!-- This site is optimized with the Yoast SEO plugin v27.0 - https:\/\/yoast.com\/product\/yoast-seo-wordpress\/ -->\n<title>M\u0101c\u012bbu programmas - Valmieras pirmsskolas izgl\u012bt\u012bbas iest\u0101de \u201cEZ\u012aTIS\u201d<\/title>\n<meta name=\"robots\" content=\"index, follow, max-snippet:-1, max-image-preview:large, max-video-preview:-1\" \/>\n<link rel=\"canonical\" href=\"https:\/\/izglitiba.valmierasnovads.lv\/piiezitis\/macibu-programmas\/\" \/>\n<meta property=\"og:locale\" content=\"lv_LV\" \/>\n<meta property=\"og:type\" content=\"article\" \/>\n<meta property=\"og:title\" content=\"M\u0101c\u012bbu programmas - Valmieras pirmsskolas izgl\u012bt\u012bbas iest\u0101de \u201cEZ\u012aTIS\u201d\" \/>\n<meta property=\"og:description\" content=\"Iest\u0101d\u0113 tiek \u012bstenota: VISP\u0100R\u0112J\u0100 PIRMSSKOLAS IZGL\u012aT\u012aBAS PROGRAMMA (kods 01011111), SPECI\u0100L\u0100 PIRMSSKOLAS IZGL\u012aT\u012aBAS PROGRAMMA IZGL\u012aTOJAMAJIEM AR VALODAS TRAUC\u0112JUMIEM (kods 01015511), nodro\u0161inot:\" \/>\n<meta property=\"og:url\" content=\"https:\/\/izglitiba.valmierasnovads.lv\/piiezitis\/macibu-programmas\/\" \/>\n<meta property=\"og:site_name\" content=\"Valmieras pirmsskolas izgl\u012bt\u012bbas iest\u0101de \u201cEZ\u012aTIS\u201d\" \/>\n<meta property=\"article:modified_time\" content=\"2026-04-01T08:42:09+00:00\" \/>\n<meta property=\"og:image\" content=\"https:\/\/izglitiba.valmierasnovads.lv\/piiezitis\/wp-content\/uploads\/sites\/13\/2026\/04\/Dzimba.jpg\" \/>\n\t<meta property=\"og:image:width\" content=\"401\" \/>\n\t<meta property=\"og:image:height\" content=\"401\" \/>\n\t<meta property=\"og:image:type\" content=\"image\/jpeg\" \/>\n<meta name=\"twitter:card\" content=\"summary_large_image\" \/>\n<meta name=\"twitter:label1\" content=\"Est. reading time\" \/>\n\t<meta name=\"twitter:data1\" content=\"2 min\u016btes\" \/>\n<script type=\"application\/ld+json\" class=\"yoast-schema-graph\">{\"@context\":\"https:\/\/schema.org\",\"@graph\":[{\"@type\":\"WebPage\",\"@id\":\"https:\/\/izglitiba.valmierasnovads.lv\/piiezitis\/macibu-programmas\/\",\"url\":\"https:\/\/izglitiba.valmierasnovads.lv\/piiezitis\/macibu-programmas\/\",\"name\":\"M\u0101c\u012bbu programmas - Valmieras pirmsskolas izgl\u012bt\u012bbas iest\u0101de \u201cEZ\u012aTIS\u201d\",\"isPartOf\":{\"@id\":\"https:\/\/izglitiba.valmierasnovads.lv\/piiezitis\/#website\"},\"primaryImageOfPage\":{\"@id\":\"https:\/\/izglitiba.valmierasnovads.lv\/piiezitis\/macibu-programmas\/#primaryimage\"},\"image\":{\"@id\":\"https:\/\/izglitiba.valmierasnovads.lv\/piiezitis\/macibu-programmas\/#primaryimage\"},\"thumbnailUrl\":\"https:\/\/izglitiba.valmierasnovads.lv\/piiezitis\/wp-content\/uploads\/sites\/13\/2026\/04\/Dzimba.jpg\",\"datePublished\":\"2026-02-12T11:16:52+00:00\",\"dateModified\":\"2026-04-01T08:42:09+00:00\",\"breadcrumb\":{\"@id\":\"https:\/\/izglitiba.valmierasnovads.lv\/piiezitis\/macibu-programmas\/#breadcrumb\"},\"inLanguage\":\"lv-LV\",\"potentialAction\":[{\"@type\":\"ReadAction\",\"target\":[\"https:\/\/izglitiba.valmierasnovads.lv\/piiezitis\/macibu-programmas\/\"]}]},{\"@type\":\"ImageObject\",\"inLanguage\":\"lv-LV\",\"@id\":\"https:\/\/izglitiba.valmierasnovads.lv\/piiezitis\/macibu-programmas\/#primaryimage\",\"url\":\"https:\/\/izglitiba.valmierasnovads.lv\/piiezitis\/wp-content\/uploads\/sites\/13\/2026\/04\/Dzimba.jpg\",\"contentUrl\":\"https:\/\/izglitiba.valmierasnovads.lv\/piiezitis\/wp-content\/uploads\/sites\/13\/2026\/04\/Dzimba.jpg\",\"width\":401,\"height\":401},{\"@type\":\"BreadcrumbList\",\"@id\":\"https:\/\/izglitiba.valmierasnovads.lv\/piiezitis\/macibu-programmas\/#breadcrumb\",\"itemListElement\":[{\"@type\":\"ListItem\",\"position\":1,\"name\":\"Home\",\"item\":\"https:\/\/izglitiba.valmierasnovads.lv\/piiezitis\/\"},{\"@type\":\"ListItem\",\"position\":2,\"name\":\"M\u0101c\u012bbu programmas\"}]},{\"@type\":\"WebSite\",\"@id\":\"https:\/\/izglitiba.valmierasnovads.lv\/piiezitis\/#website\",\"url\":\"https:\/\/izglitiba.valmierasnovads.lv\/piiezitis\/\",\"name\":\"Valmieras pirmsskolas izgl\u012bt\u012bbas iest\u0101de \u201cEZ\u012aTIS\u201d\",\"description\":\"\",\"publisher\":{\"@id\":\"https:\/\/izglitiba.valmierasnovads.lv\/piiezitis\/#organization\"},\"potentialAction\":[{\"@type\":\"SearchAction\",\"target\":{\"@type\":\"EntryPoint\",\"urlTemplate\":\"https:\/\/izglitiba.valmierasnovads.lv\/piiezitis\/?s={search_term_string}\"},\"query-input\":{\"@type\":\"PropertyValueSpecification\",\"valueRequired\":true,\"valueName\":\"search_term_string\"}}],\"inLanguage\":\"lv-LV\"},{\"@type\":\"Organization\",\"@id\":\"https:\/\/izglitiba.valmierasnovads.lv\/piiezitis\/#organization\",\"name\":\"Valmieras pirmsskolas izgl\u012bt\u012bbas iest\u0101de \u201cEZ\u012aTIS\u201d\",\"url\":\"https:\/\/izglitiba.valmierasnovads.lv\/piiezitis\/\",\"logo\":{\"@type\":\"ImageObject\",\"inLanguage\":\"lv-LV\",\"@id\":\"https:\/\/izglitiba.valmierasnovads.lv\/piiezitis\/#\/schema\/logo\/image\/\",\"url\":\"https:\/\/izglitiba.valmierasnovads.lv\/piiezitis\/wp-content\/uploads\/sites\/13\/2026\/03\/cropped-Pirmsskolas-izglitibas-iestades-ar-pasu-logo-5-scaled-1.png\",\"contentUrl\":\"https:\/\/izglitiba.valmierasnovads.lv\/piiezitis\/wp-content\/uploads\/sites\/13\/2026\/03\/cropped-Pirmsskolas-izglitibas-iestades-ar-pasu-logo-5-scaled-1.png\",\"width\":1425,\"height\":405,\"caption\":\"Valmieras pirmsskolas izgl\u012bt\u012bbas iest\u0101de \u201cEZ\u012aTIS\u201d\"},\"image\":{\"@id\":\"https:\/\/izglitiba.valmierasnovads.lv\/piiezitis\/#\/schema\/logo\/image\/\"}}]}<\/script>\n<!-- \/ Yoast SEO plugin. -->","yoast_head_json":{"title":"M\u0101c\u012bbu programmas - Valmieras pirmsskolas izgl\u012bt\u012bbas iest\u0101de \u201cEZ\u012aTIS\u201d","robots":{"index":"index","follow":"follow","max-snippet":"max-snippet:-1","max-image-preview":"max-image-preview:large","max-video-preview":"max-video-preview:-1"},"canonical":"https:\/\/izglitiba.valmierasnovads.lv\/piiezitis\/macibu-programmas\/","og_locale":"lv_LV","og_type":"article","og_title":"M\u0101c\u012bbu programmas - Valmieras pirmsskolas izgl\u012bt\u012bbas iest\u0101de \u201cEZ\u012aTIS\u201d","og_description":"Iest\u0101d\u0113 tiek \u012bstenota: VISP\u0100R\u0112J\u0100 PIRMSSKOLAS IZGL\u012aT\u012aBAS PROGRAMMA (kods 01011111), SPECI\u0100L\u0100 PIRMSSKOLAS IZGL\u012aT\u012aBAS PROGRAMMA IZGL\u012aTOJAMAJIEM AR VALODAS TRAUC\u0112JUMIEM (kods 01015511), nodro\u0161inot:","og_url":"https:\/\/izglitiba.valmierasnovads.lv\/piiezitis\/macibu-programmas\/","og_site_name":"Valmieras pirmsskolas izgl\u012bt\u012bbas iest\u0101de \u201cEZ\u012aTIS\u201d","article_modified_time":"2026-04-01T08:42:09+00:00","og_image":[{"width":401,"height":401,"url":"https:\/\/izglitiba.valmierasnovads.lv\/piiezitis\/wp-content\/uploads\/sites\/13\/2026\/04\/Dzimba.jpg","type":"image\/jpeg"}],"twitter_card":"summary_large_image","twitter_misc":{"Est. reading time":"2 min\u016btes"},"schema":{"@context":"https:\/\/schema.org","@graph":[{"@type":"WebPage","@id":"https:\/\/izglitiba.valmierasnovads.lv\/piiezitis\/macibu-programmas\/","url":"https:\/\/izglitiba.valmierasnovads.lv\/piiezitis\/macibu-programmas\/","name":"M\u0101c\u012bbu programmas - Valmieras pirmsskolas izgl\u012bt\u012bbas iest\u0101de \u201cEZ\u012aTIS\u201d","isPartOf":{"@id":"https:\/\/izglitiba.valmierasnovads.lv\/piiezitis\/#website"},"primaryImageOfPage":{"@id":"https:\/\/izglitiba.valmierasnovads.lv\/piiezitis\/macibu-programmas\/#primaryimage"},"image":{"@id":"https:\/\/izglitiba.valmierasnovads.lv\/piiezitis\/macibu-programmas\/#primaryimage"},"thumbnailUrl":"https:\/\/izglitiba.valmierasnovads.lv\/piiezitis\/wp-content\/uploads\/sites\/13\/2026\/04\/Dzimba.jpg","datePublished":"2026-02-12T11:16:52+00:00","dateModified":"2026-04-01T08:42:09+00:00","breadcrumb":{"@id":"https:\/\/izglitiba.valmierasnovads.lv\/piiezitis\/macibu-programmas\/#breadcrumb"},"inLanguage":"lv-LV","potentialAction":[{"@type":"ReadAction","target":["https:\/\/izglitiba.valmierasnovads.lv\/piiezitis\/macibu-programmas\/"]}]},{"@type":"ImageObject","inLanguage":"lv-LV","@id":"https:\/\/izglitiba.valmierasnovads.lv\/piiezitis\/macibu-programmas\/#primaryimage","url":"https:\/\/izglitiba.valmierasnovads.lv\/piiezitis\/wp-content\/uploads\/sites\/13\/2026\/04\/Dzimba.jpg","contentUrl":"https:\/\/izglitiba.valmierasnovads.lv\/piiezitis\/wp-content\/uploads\/sites\/13\/2026\/04\/Dzimba.jpg","width":401,"height":401},{"@type":"BreadcrumbList","@id":"https:\/\/izglitiba.valmierasnovads.lv\/piiezitis\/macibu-programmas\/#breadcrumb","itemListElement":[{"@type":"ListItem","position":1,"name":"Home","item":"https:\/\/izglitiba.valmierasnovads.lv\/piiezitis\/"},{"@type":"ListItem","position":2,"name":"M\u0101c\u012bbu programmas"}]},{"@type":"WebSite","@id":"https:\/\/izglitiba.valmierasnovads.lv\/piiezitis\/#website","url":"https:\/\/izglitiba.valmierasnovads.lv\/piiezitis\/","name":"Valmieras pirmsskolas izgl\u012bt\u012bbas iest\u0101de \u201cEZ\u012aTIS\u201d","description":"","publisher":{"@id":"https:\/\/izglitiba.valmierasnovads.lv\/piiezitis\/#organization"},"potentialAction":[{"@type":"SearchAction","target":{"@type":"EntryPoint","urlTemplate":"https:\/\/izglitiba.valmierasnovads.lv\/piiezitis\/?s={search_term_string}"},"query-input":{"@type":"PropertyValueSpecification","valueRequired":true,"valueName":"search_term_string"}}],"inLanguage":"lv-LV"},{"@type":"Organization","@id":"https:\/\/izglitiba.valmierasnovads.lv\/piiezitis\/#organization","name":"Valmieras pirmsskolas izgl\u012bt\u012bbas iest\u0101de \u201cEZ\u012aTIS\u201d","url":"https:\/\/izglitiba.valmierasnovads.lv\/piiezitis\/","logo":{"@type":"ImageObject","inLanguage":"lv-LV","@id":"https:\/\/izglitiba.valmierasnovads.lv\/piiezitis\/#\/schema\/logo\/image\/","url":"https:\/\/izglitiba.valmierasnovads.lv\/piiezitis\/wp-content\/uploads\/sites\/13\/2026\/03\/cropped-Pirmsskolas-izglitibas-iestades-ar-pasu-logo-5-scaled-1.png","contentUrl":"https:\/\/izglitiba.valmierasnovads.lv\/piiezitis\/wp-content\/uploads\/sites\/13\/2026\/03\/cropped-Pirmsskolas-izglitibas-iestades-ar-pasu-logo-5-scaled-1.png","width":1425,"height":405,"caption":"Valmieras pirmsskolas izgl\u012bt\u012bbas iest\u0101de \u201cEZ\u012aTIS\u201d"},"image":{"@id":"https:\/\/izglitiba.valmierasnovads.lv\/piiezitis\/#\/schema\/logo\/image\/"}}]}},"_links":{"self":[{"href":"https:\/\/izglitiba.valmierasnovads.lv\/piiezitis\/wp-json\/wp\/v2\/pages\/224","targetHints":{"allow":["GET"]}}],"collection":[{"href":"https:\/\/izglitiba.valmierasnovads.lv\/piiezitis\/wp-json\/wp\/v2\/pages"}],"about":[{"href":"https:\/\/izglitiba.valmierasnovads.lv\/piiezitis\/wp-json\/wp\/v2\/types\/page"}],"author":[{"embeddable":true,"href":"https:\/\/izglitiba.valmierasnovads.lv\/piiezitis\/wp-json\/wp\/v2\/users\/67"}],"replies":[{"embeddable":true,"href":"https:\/\/izglitiba.valmierasnovads.lv\/piiezitis\/wp-json\/wp\/v2\/comments?post=224"}],"version-history":[{"count":6,"href":"https:\/\/izglitiba.valmierasnovads.lv\/piiezitis\/wp-json\/wp\/v2\/pages\/224\/revisions"}],"predecessor-version":[{"id":513,"href":"https:\/\/izglitiba.valmierasnovads.lv\/piiezitis\/wp-json\/wp\/v2\/pages\/224\/revisions\/513"}],"wp:attachment":[{"href":"https:\/\/izglitiba.valmierasnovads.lv\/piiezitis\/wp-json\/wp\/v2\/media?parent=224"}],"curies":[{"name":"wp","href":"https:\/\/api.w.org\/{rel}","templated":true}]}}