{"id":7,"date":"2025-04-22T15:53:51","date_gmt":"2025-04-22T12:53:51","guid":{"rendered":"https:\/\/izglitiba.valmierasnovads.lv\/piiezitis\/sakumlapa\/"},"modified":"2026-03-25T12:34:18","modified_gmt":"2026-03-25T10:34:18","slug":"sakumlapa","status":"publish","type":"page","link":"https:\/\/izglitiba.valmierasnovads.lv\/piiezitis\/","title":{"rendered":"S\u0101kumlapa"},"content":{"rendered":"\n<div class=\"main-slider\">\n    <div><img decoding=\"async\" src=\"https:\/\/izglitiba.valmierasnovads.lv\/piiezitis\/wp-content\/uploads\/sites\/13\/2025\/08\/1_1.jpg\" alt=\"\"><\/div><div><img decoding=\"async\" src=\"https:\/\/izglitiba.valmierasnovads.lv\/piiezitis\/wp-content\/uploads\/sites\/13\/2026\/03\/3_3.jpg\" alt=\"\"><\/div><div><img decoding=\"async\" src=\"https:\/\/izglitiba.valmierasnovads.lv\/piiezitis\/wp-content\/uploads\/sites\/13\/2025\/08\/2_2.jpg\" alt=\"\"><\/div><\/div>\n\n\n<div id=\"quick_sites\">\n    <div class=\"quick_link_title\">\u0100tr\u0101s saites<\/div><div class=\"links-container\"><div class=\"quick_site_link\"><a href=\"https:\/\/eliis.eu\/auth\/login\">ELIIS<\/a><\/div><div class=\"quick_site_link\"><a href=\"https:\/\/www.facebook.com\/ezitis2\/?locale=lv_LV\">Facebook<\/a><\/div><\/div><\/div>\n<div id=\"quick_sites_line\"><\/div>\n\n\n<div class=\"news-slider-wrapper\">\n    <h2>Jaunumi<\/h2>\n    <p class=\"link\"><a href=\"https:\/\/izglitiba.valmierasnovads.lv\/piiezitis\/jaunumi\" title=\"Las\u012bt visus jaunumus\">Las\u012bt visus<\/a><\/p>\n    <div class=\"news-slider\">\n        <div class=\"item\"><a href=\"https:\/\/izglitiba.valmierasnovads.lv\/piiezitis\/2026\/04\/07\/stem-projekta-norise\/\">\n                        <div class=\"item-image\"><img decoding=\"async\" src=\" https:\/\/izglitiba.valmierasnovads.lv\/piiezitis\/wp-content\/uploads\/sites\/13\/2026\/04\/STEM.png \" \/><\/div><div class=\"item-title\">STEM projekta norise<\/div><div class=\"item-date\">07.04.2026<\/div><div class=\"item-description\"><\/div>\n                        <\/a><div class=\"item-link\"><a href=\"https:\/\/izglitiba.valmierasnovads.lv\/piiezitis\/2026\/04\/07\/stem-projekta-norise\/\">Las\u012bt vair\u0101k<\/a><\/div><\/div><div class=\"item\"><a href=\"https:\/\/izglitiba.valmierasnovads.lv\/piiezitis\/2026\/04\/07\/lieldienu-svetki\/\">\n                        <div class=\"item-image\"><img decoding=\"async\" src=\" https:\/\/izglitiba.valmierasnovads.lv\/piiezitis\/wp-content\/uploads\/sites\/13\/2026\/04\/Lieldienu-prieki-Eziti-kopija.jpg \" \/><\/div><div class=\"item-title\">Lieldienu sv\u0113tki<\/div><div class=\"item-date\">07.04.2026<\/div><div class=\"item-description\">Ieskatieties un priec\u0101jieties kop\u0101 ar mums! Sv\u0113tku video<\/div>\n                        <\/a><div class=\"item-link\"><a href=\"https:\/\/izglitiba.valmierasnovads.lv\/piiezitis\/2026\/04\/07\/lieldienu-svetki\/\">Las\u012bt vair\u0101k<\/a><\/div><\/div><div class=\"item\"><a href=\"https:\/\/izglitiba.valmierasnovads.lv\/piiezitis\/2026\/04\/02\/ezitis-svetkos\/\">\n                        <div class=\"item-image\"><img decoding=\"async\" src=\" https:\/\/izglitiba.valmierasnovads.lv\/piiezitis\/wp-content\/uploads\/sites\/13\/2026\/04\/Lieldienu-noskana-1.png \" \/><\/div><div class=\"item-title\">&#8220;Ez\u012btis&#8221; sv\u0113tkos<\/div><div class=\"item-date\">02.04.2026<\/div><div class=\"item-description\">Gan telp\u0101s, gan pagalm\u0101 esam dom\u0101ju\u0161i par Lieldienu noska\u0146u.<\/div>\n                        <\/a><div class=\"item-link\"><a href=\"https:\/\/izglitiba.valmierasnovads.lv\/piiezitis\/2026\/04\/02\/ezitis-svetkos\/\">Las\u012bt vair\u0101k<\/a><\/div><\/div><div class=\"item\"><a href=\"https:\/\/izglitiba.valmierasnovads.lv\/piiezitis\/2026\/03\/26\/piedalamies-venden-zimejumu-konkursa\/\">\n                        <div class=\"item-image\"><img decoding=\"async\" src=\" https:\/\/izglitiba.valmierasnovads.lv\/piiezitis\/wp-content\/uploads\/sites\/13\/2026\/03\/Venden-zimejumu-konkurss-1.jpg \" \/><\/div><div class=\"item-title\">Piedal\u0101mies Venden z\u012bm\u0113jumu konkurs\u0101<\/div><div class=\"item-date\">26.03.2026<\/div><div class=\"item-description\">L\u016bgums atbalst\u012bt m\u016bsu mazos m\u0101ksliniekus un nobalsot par Ez\u012b\u0161a b\u0113rnu z\u012bm\u0113jumiem. Balsot var&#8230;<\/div>\n                        <\/a><div class=\"item-link\"><a href=\"https:\/\/izglitiba.valmierasnovads.lv\/piiezitis\/2026\/03\/26\/piedalamies-venden-zimejumu-konkursa\/\">Las\u012bt vair\u0101k<\/a><\/div><\/div><div class=\"item\"><a href=\"https:\/\/izglitiba.valmierasnovads.lv\/piiezitis\/2025\/10\/14\/labo-darbu-nedela\/\">\n                        <div class=\"item-image\"><img decoding=\"async\" src=\" https:\/\/izglitiba.valmierasnovads.lv\/piiezitis\/wp-content\/uploads\/sites\/13\/2025\/10\/Gray-Minimalist-Aesthetic-Photo-Collage-Landscape-kopija.jpg \" \/><\/div><div class=\"item-title\">Labo darbu ned\u0113\u013ca<\/div><div class=\"item-date\">14.10.2025<\/div><div class=\"item-description\">Paldies visu audz\u0113k\u0146u vec\u0101kiem, kuri iesaist\u012bj\u0101s Labajos darbos un pal\u012bdz\u0113ja sag\u0101d\u0101t d\u0101van&#8230;<\/div>\n                        <\/a><div class=\"item-link\"><a href=\"https:\/\/izglitiba.valmierasnovads.lv\/piiezitis\/2025\/10\/14\/labo-darbu-nedela\/\">Las\u012bt vair\u0101k<\/a><\/div><\/div><div class=\"item\"><a href=\"https:\/\/izglitiba.valmierasnovads.lv\/piiezitis\/2025\/09\/17\/gimenu-sporta-diena\/\">\n                        <div class=\"item-image\"><img decoding=\"async\" src=\" https:\/\/izglitiba.valmierasnovads.lv\/piiezitis\/wp-content\/uploads\/sites\/13\/2025\/09\/Gimenu-sporta-diena-Reiz-Ruku-meza.jpg \" \/><\/div><div class=\"item-title\">\u0122ime\u0146u sporta diena<\/div><div class=\"item-date\">17.09.2025<\/div><div class=\"item-description\">Ar pozit\u012bv\u0101m emocij\u0101m un akt\u012bvu l\u012bdzdarb\u012bbu Ez\u012b\u0161a pagalm\u0101 norit\u0113ja \u0122ime\u0146u sporta sp\u0113les<\/div>\n                        <\/a><div class=\"item-link\"><a href=\"https:\/\/izglitiba.valmierasnovads.lv\/piiezitis\/2025\/09\/17\/gimenu-sporta-diena\/\">Las\u012bt vair\u0101k<\/a><\/div><\/div><div class=\"item\"><a href=\"https:\/\/izglitiba.valmierasnovads.lv\/piiezitis\/2025\/08\/18\/notikums-ezisa-birzite\/\">\n                        <div class=\"item-image\"><img decoding=\"async\" src=\" https:\/\/izglitiba.valmierasnovads.lv\/piiezitis\/wp-content\/uploads\/sites\/13\/2025\/08\/5.jpg \" \/><\/div><div class=\"item-title\">Notikums ez\u012b\u0161a birz\u012bt\u0113<\/div><div class=\"item-date\">18.08.2025<\/div><div class=\"item-description\">B\u0113rni izp\u0113t\u012bja birz\u012btes jaunumus.<\/div>\n                        <\/a><div class=\"item-link\"><a href=\"https:\/\/izglitiba.valmierasnovads.lv\/piiezitis\/2025\/08\/18\/notikums-ezisa-birzite\/\">Las\u012bt vair\u0101k<\/a><\/div><\/div><div class=\"item\"><a href=\"https:\/\/izglitiba.valmierasnovads.lv\/piiezitis\/2025\/04\/22\/jauna-majas-lapa\/\">\n                        <div class=\"item-image\"><img decoding=\"async\" src=\" https:\/\/izglitiba.valmierasnovads.lv\/piiezitis\/wp-content\/uploads\/sites\/13\/2025\/04\/Iestades_Foto-1.jpg \" \/><\/div><div class=\"item-title\">Jaun\u0101 m\u0101jas lapa<\/div><div class=\"item-date\">22.04.2025<\/div><div class=\"item-description\">Valmieras pirmsskolas izgl\u012bt\u012bbas iest\u0101de \u201cEZ\u012aTIS\u201d jauna m\u0101jas lapa.<\/div>\n                        <\/a><div class=\"item-link\"><a href=\"https:\/\/izglitiba.valmierasnovads.lv\/piiezitis\/2025\/04\/22\/jauna-majas-lapa\/\">Las\u012bt vair\u0101k<\/a><\/div><\/div>    <\/div>\n<\/div>   \n\n\n\n\n\n<div class='line-wrapper'>\n<\/div>\n<div class=\"poster-slider-wrapper\">\n    <h2>Afi\u0161a<\/h2>\n    <p class=\"link\"><a href=\"https:\/\/izglitiba.valmierasnovads.lv\/piiezitis\/afisas\" title=\"Skat\u012bt visas galerijas\">Skat\u012bt visas<\/a><\/p>\n    <div class=\"poster-slider\">\n        <div class=\"item\"><div class=\"item-image\"><a id=\"call_gallery\" class=\"cboxElement\" data-fancybox-trigger=\"gallery\" data-fancybox-index=\"0\"><img decoding=\"async\" src=\" https:\/\/izglitiba.valmierasnovads.lv\/piiezitis\/wp-content\/uploads\/sites\/13\/2026\/04\/Afisa.png \" \/><\/a><\/div><\/div><div class=\"item\"><div class=\"item-image\"><a id=\"call_gallery\" class=\"cboxElement\" data-fancybox-trigger=\"gallery\" data-fancybox-index=\"1\"><img decoding=\"async\" src=\" https:\/\/izglitiba.valmierasnovads.lv\/piiezitis\/wp-content\/uploads\/sites\/13\/2026\/03\/WhatsApp-Image-2026-03-27-at-15.00.38.jpeg \" \/><\/a><\/div><\/div><div class=\"item\"><div class=\"item-image\"><a id=\"call_gallery\" class=\"cboxElement\" data-fancybox-trigger=\"gallery\" data-fancybox-index=\"2\"><img decoding=\"async\" src=\" https:\/\/izglitiba.valmierasnovads.lv\/piiezitis\/wp-content\/uploads\/sites\/13\/2026\/03\/SPELES-1.jpg \" \/><\/a><\/div><\/div><div class=\"item\"><div class=\"item-image\"><a id=\"call_gallery\" class=\"cboxElement\" data-fancybox-trigger=\"gallery\" data-fancybox-index=\"3\"><img decoding=\"async\" src=\" https:\/\/izglitiba.valmierasnovads.lv\/piiezitis\/wp-content\/uploads\/sites\/13\/2026\/03\/Nezinitis-Meeness-afissa3-1-scaled.jpg \" \/><\/a><\/div><\/div><div class=\"item\"><div class=\"item-image\"><a id=\"call_gallery\" class=\"cboxElement\" data-fancybox-trigger=\"gallery\" data-fancybox-index=\"4\"><img decoding=\"async\" src=\" https:\/\/izglitiba.valmierasnovads.lv\/piiezitis\/wp-content\/uploads\/sites\/13\/2025\/09\/Labo-darbu-ned.png \" \/><\/a><\/div><\/div><div class=\"item\"><div class=\"item-image\"><a id=\"call_gallery\" class=\"cboxElement\" data-fancybox-trigger=\"gallery\" data-fancybox-index=\"5\"><img decoding=\"async\" src=\" https:\/\/izglitiba.valmierasnovads.lv\/piiezitis\/wp-content\/uploads\/sites\/13\/2025\/09\/Vecaku-sapulces-4.jpg \" \/><\/a><\/div><\/div><div class=\"item\"><div class=\"item-image\"><a id=\"call_gallery\" class=\"cboxElement\" data-fancybox-trigger=\"gallery\" data-fancybox-index=\"6\"><img decoding=\"async\" src=\" https:\/\/izglitiba.valmierasnovads.lv\/piiezitis\/wp-content\/uploads\/sites\/13\/2025\/09\/WhatsApp-Image-2025-09-08-at-11.22.19.jpeg \" \/><\/a><\/div><\/div><div class=\"item\"><div class=\"item-image\"><a id=\"call_gallery\" class=\"cboxElement\" data-fancybox-trigger=\"gallery\" data-fancybox-index=\"7\"><img decoding=\"async\" src=\" https:\/\/izglitiba.valmierasnovads.lv\/piiezitis\/wp-content\/uploads\/sites\/13\/2025\/09\/LTP_videjs1-scaled.jpg \" \/><\/a><\/div><\/div>    <\/div>\n    <div style=\"display: hidden;\">\n        <a href=\"https:\/\/izglitiba.valmierasnovads.lv\/piiezitis\/wp-content\/uploads\/sites\/13\/2026\/04\/Afisa.png\" data-fancybox=\"gallery\"><\/a><a href=\"https:\/\/izglitiba.valmierasnovads.lv\/piiezitis\/wp-content\/uploads\/sites\/13\/2026\/03\/WhatsApp-Image-2026-03-27-at-15.00.38.jpeg\" data-fancybox=\"gallery\"><\/a><a href=\"https:\/\/izglitiba.valmierasnovads.lv\/piiezitis\/wp-content\/uploads\/sites\/13\/2026\/03\/SPELES-1.jpg\" data-fancybox=\"gallery\"><\/a><a href=\"https:\/\/izglitiba.valmierasnovads.lv\/piiezitis\/wp-content\/uploads\/sites\/13\/2026\/03\/Nezinitis-Meeness-afissa3-1-scaled.jpg\" data-fancybox=\"gallery\"><\/a><a href=\"https:\/\/izglitiba.valmierasnovads.lv\/piiezitis\/wp-content\/uploads\/sites\/13\/2025\/09\/Labo-darbu-ned.png\" data-fancybox=\"gallery\"><\/a><a href=\"https:\/\/izglitiba.valmierasnovads.lv\/piiezitis\/wp-content\/uploads\/sites\/13\/2025\/09\/Vecaku-sapulces-4.jpg\" data-fancybox=\"gallery\"><\/a><a href=\"https:\/\/izglitiba.valmierasnovads.lv\/piiezitis\/wp-content\/uploads\/sites\/13\/2025\/09\/WhatsApp-Image-2025-09-08-at-11.22.19.jpeg\" data-fancybox=\"gallery\"><\/a><a href=\"https:\/\/izglitiba.valmierasnovads.lv\/piiezitis\/wp-content\/uploads\/sites\/13\/2025\/09\/LTP_videjs1-scaled.jpg\" data-fancybox=\"gallery\"><\/a>    <\/div>\n<\/div>\n\n\n\n<div class='line-wrapper'>\n<\/div>\n<div class=\"gallery-slider-wrapper\">\n<h2>Galerija<\/h2>\n<p class=\"link\"><a href=\"https:\/\/izglitiba.valmierasnovads.lv\/piiezitis\/galerijas\" title=\"Skat\u012bt visas galerijas\">Skat\u012bt visas<\/a><\/p>\n<div class=\"gallery-slider\">\n    <div class=\"item\"><div class=\"item-image\"><a href=\"https:\/\/izglitiba.valmierasnovads.lv\/piiezitis\/galery\/notikums-ezisa-birzite\/\"><img decoding=\"async\" src=\" https:\/\/izglitiba.valmierasnovads.lv\/piiezitis\/wp-content\/uploads\/sites\/13\/2025\/09\/1.jpg \" \/><div class=\"item-description\"><div class=\"item-title\">Notikums Ez\u012b\u0161a birz\u012bt\u0113<\/div><div class=\"item-count\">9 att\u0113li<\/div><\/div><\/a><\/div><div class=\"item-bottom\"><\/div><\/div><div class=\"item\"><div class=\"item-image\"><a href=\"https:\/\/izglitiba.valmierasnovads.lv\/piiezitis\/galery\/pucisu-un-kapecisugrupu-izlaidumi\/\"><img decoding=\"async\" src=\" https:\/\/izglitiba.valmierasnovads.lv\/piiezitis\/wp-content\/uploads\/sites\/13\/2025\/07\/IMG_9969-scaled.jpg \" \/><div class=\"item-description\"><div class=\"item-title\">&#8220;P\u016bc\u012b\u0161u&#8221; un &#8220;K\u0101p\u0113c\u012b\u0161u&#8221;grupu izlaidumi<\/div><div class=\"item-count\">2 att\u0113li<\/div><\/div><\/a><\/div><div class=\"item-bottom\"><\/div><\/div><\/div>\n<\/div>\n\n\n<div class='line-wrapper'>\n<\/div>\n<div class=\"partner-slider-wrapper\">\n    <div class=\"partner-slider\">\n        <div class=\"item\"><div class=\"item-logo\"><a href=\"https:\/\/biblioteka.valmiera.lv\/\"><img decoding=\"async\" src=\"https:\/\/izglitiba.valmierasnovads.lv\/piiezitis\/wp-content\/uploads\/sites\/13\/2026\/03\/valmieras-biblioteka.png\" alt=\"Valmieras bibliot\u0113ka\" \/><\/a><\/div><\/div><div class=\"item\"><div class=\"item-logo\"><a href=\"https:\/\/www.viaa.gov.lv\/lv\"><img decoding=\"async\" src=\"https:\/\/izglitiba.valmierasnovads.lv\/piiezitis\/wp-content\/uploads\/sites\/13\/2026\/03\/visc.png\" alt=\"VISC\" \/><\/a><\/div><\/div><div class=\"item\"><div class=\"item-logo\"><a href=\"https:\/\/www.urda.lv\/\"><img decoding=\"async\" src=\"https:\/\/izglitiba.valmierasnovads.lv\/piiezitis\/wp-content\/uploads\/sites\/13\/2026\/03\/urda-logo-1.png\" alt=\"URDA\" \/><\/a><\/div><\/div><div class=\"item\"><div class=\"item-logo\"><a href=\"https:\/\/www.valmierasnovads.lv\/\"><img decoding=\"async\" src=\"https:\/\/izglitiba.valmierasnovads.lv\/piiezitis\/wp-content\/uploads\/sites\/13\/2026\/03\/valmieras_novads_logo.png\" alt=\"Valmieras novads\" \/><\/a><\/div><\/div><div class=\"item\"><div class=\"item-logo\"><a href=\"https:\/\/eliis.eu\/auth\/login\"><img decoding=\"async\" src=\"https:\/\/izglitiba.valmierasnovads.lv\/piiezitis\/wp-content\/uploads\/sites\/13\/2026\/03\/eliis_logo.png\" alt=\"ELIIS\" \/><\/a><\/div><\/div>    <\/div>\n<\/div>","protected":false},"excerpt":{"rendered":"","protected":false},"author":1,"featured_media":0,"parent":0,"menu_order":0,"comment_status":"closed","ping_status":"closed","template":"","meta":{"_acf_changed":false,"site-sidebar-layout":"default","site-content-layout":"","ast-site-content-layout":"default","site-content-style":"default","site-sidebar-style":"default","ast-global-header-display":"","ast-banner-title-visibility":"","ast-main-header-display":"","ast-hfb-above-header-display":"","ast-hfb-below-header-display":"","ast-hfb-mobile-header-display":"","site-post-title":"","ast-breadcrumbs-content":"","ast-featured-img":"","footer-sml-layout":"","ast-disable-related-posts":"","theme-transparent-header-meta":"","adv-header-id-meta":"","stick-header-meta":"","header-above-stick-meta":"","header-main-stick-meta":"","header-below-stick-meta":"","astra-migrate-meta-layouts":"default","ast-page-background-enabled":"default","ast-page-background-meta":{"desktop":{"background-color":"var(--ast-global-color-5)","background-image":"","background-repeat":"repeat","background-position":"center center","background-size":"auto","background-attachment":"scroll","background-type":"","background-media":"","overlay-type":"","overlay-color":"","overlay-opacity":"","overlay-gradient":""},"tablet":{"background-color":"","background-image":"","background-repeat":"repeat","background-position":"center center","background-size":"auto","background-attachment":"scroll","background-type":"","background-media":"","overlay-type":"","overlay-color":"","overlay-opacity":"","overlay-gradient":""},"mobile":{"background-color":"","background-image":"","background-repeat":"repeat","background-position":"center center","background-size":"auto","background-attachment":"scroll","background-type":"","background-media":"","overlay-type":"","overlay-color":"","overlay-opacity":"","overlay-gradient":""}},"ast-content-background-meta":{"desktop":{"background-color":"var(--ast-global-color-4)","background-image":"","background-repeat":"repeat","background-position":"center center","background-size":"auto","background-attachment":"scroll","background-type":"","background-media":"","overlay-type":"","overlay-color":"","overlay-opacity":"","overlay-gradient":""},"tablet":{"background-color":"var(--ast-global-color-4)","background-image":"","background-repeat":"repeat","background-position":"center center","background-size":"auto","background-attachment":"scroll","background-type":"","background-media":"","overlay-type":"","overlay-color":"","overlay-opacity":"","overlay-gradient":""},"mobile":{"background-color":"var(--ast-global-color-4)","background-image":"","background-repeat":"repeat","background-position":"center center","background-size":"auto","background-attachment":"scroll","background-type":"","background-media":"","overlay-type":"","overlay-color":"","overlay-opacity":"","overlay-gradient":""}},"footnotes":""},"class_list":["post-7","page","type-page","status-publish","hentry"],"acf":[],"yoast_head":"<!-- This site is optimized with the Yoast SEO plugin v27.0 - https:\/\/yoast.com\/product\/yoast-seo-wordpress\/ -->\n<title>S\u0101kumlapa - Valmieras pirmsskolas izgl\u012bt\u012bbas iest\u0101de \u201cEZ\u012aTIS\u201d<\/title>\n<meta name=\"robots\" content=\"index, follow, max-snippet:-1, max-image-preview:large, max-video-preview:-1\" \/>\n<link rel=\"canonical\" href=\"https:\/\/izglitiba.valmierasnovads.lv\/piiezitis\/\" \/>\n<meta property=\"og:locale\" content=\"lv_LV\" \/>\n<meta property=\"og:type\" content=\"article\" \/>\n<meta property=\"og:title\" content=\"S\u0101kumlapa - Valmieras pirmsskolas izgl\u012bt\u012bbas iest\u0101de \u201cEZ\u012aTIS\u201d\" \/>\n<meta property=\"og:url\" content=\"https:\/\/izglitiba.valmierasnovads.lv\/piiezitis\/\" \/>\n<meta property=\"og:site_name\" content=\"Valmieras pirmsskolas izgl\u012bt\u012bbas iest\u0101de \u201cEZ\u012aTIS\u201d\" \/>\n<meta property=\"article:modified_time\" content=\"2026-03-25T10:34:18+00:00\" \/>\n<meta name=\"twitter:card\" content=\"summary_large_image\" \/>\n<script type=\"application\/ld+json\" class=\"yoast-schema-graph\">{\"@context\":\"https:\/\/schema.org\",\"@graph\":[{\"@type\":\"WebPage\",\"@id\":\"https:\/\/izglitiba.valmierasnovads.lv\/piiezitis\/\",\"url\":\"https:\/\/izglitiba.valmierasnovads.lv\/piiezitis\/\",\"name\":\"S\u0101kumlapa - Valmieras pirmsskolas izgl\u012bt\u012bbas iest\u0101de \u201cEZ\u012aTIS\u201d\",\"isPartOf\":{\"@id\":\"https:\/\/izglitiba.valmierasnovads.lv\/piiezitis\/#website\"},\"datePublished\":\"2025-04-22T12:53:51+00:00\",\"dateModified\":\"2026-03-25T10:34:18+00:00\",\"breadcrumb\":{\"@id\":\"https:\/\/izglitiba.valmierasnovads.lv\/piiezitis\/#breadcrumb\"},\"inLanguage\":\"lv-LV\",\"potentialAction\":[{\"@type\":\"ReadAction\",\"target\":[\"https:\/\/izglitiba.valmierasnovads.lv\/piiezitis\/\"]}]},{\"@type\":\"BreadcrumbList\",\"@id\":\"https:\/\/izglitiba.valmierasnovads.lv\/piiezitis\/#breadcrumb\",\"itemListElement\":[{\"@type\":\"ListItem\",\"position\":1,\"name\":\"Home\",\"item\":\"https:\/\/izglitiba.valmierasnovads.lv\/piiezitis\/\"},{\"@type\":\"ListItem\",\"position\":2,\"name\":\"S\u0101kumlapa\"}]},{\"@type\":\"WebSite\",\"@id\":\"https:\/\/izglitiba.valmierasnovads.lv\/piiezitis\/#website\",\"url\":\"https:\/\/izglitiba.valmierasnovads.lv\/piiezitis\/\",\"name\":\"Valmieras pirmsskolas izgl\u012bt\u012bbas iest\u0101de \u201cEZ\u012aTIS\u201d\",\"description\":\"\",\"publisher\":{\"@id\":\"https:\/\/izglitiba.valmierasnovads.lv\/piiezitis\/#organization\"},\"potentialAction\":[{\"@type\":\"SearchAction\",\"target\":{\"@type\":\"EntryPoint\",\"urlTemplate\":\"https:\/\/izglitiba.valmierasnovads.lv\/piiezitis\/?s={search_term_string}\"},\"query-input\":{\"@type\":\"PropertyValueSpecification\",\"valueRequired\":true,\"valueName\":\"search_term_string\"}}],\"inLanguage\":\"lv-LV\"},{\"@type\":\"Organization\",\"@id\":\"https:\/\/izglitiba.valmierasnovads.lv\/piiezitis\/#organization\",\"name\":\"Valmieras pirmsskolas izgl\u012bt\u012bbas iest\u0101de \u201cEZ\u012aTIS\u201d\",\"url\":\"https:\/\/izglitiba.valmierasnovads.lv\/piiezitis\/\",\"logo\":{\"@type\":\"ImageObject\",\"inLanguage\":\"lv-LV\",\"@id\":\"https:\/\/izglitiba.valmierasnovads.lv\/piiezitis\/#\/schema\/logo\/image\/\",\"url\":\"https:\/\/izglitiba.valmierasnovads.lv\/piiezitis\/wp-content\/uploads\/sites\/13\/2026\/03\/cropped-Pirmsskolas-izglitibas-iestades-ar-pasu-logo-5-scaled-1.png\",\"contentUrl\":\"https:\/\/izglitiba.valmierasnovads.lv\/piiezitis\/wp-content\/uploads\/sites\/13\/2026\/03\/cropped-Pirmsskolas-izglitibas-iestades-ar-pasu-logo-5-scaled-1.png\",\"width\":1425,\"height\":405,\"caption\":\"Valmieras pirmsskolas izgl\u012bt\u012bbas iest\u0101de \u201cEZ\u012aTIS\u201d\"},\"image\":{\"@id\":\"https:\/\/izglitiba.valmierasnovads.lv\/piiezitis\/#\/schema\/logo\/image\/\"}}]}<\/script>\n<!-- \/ Yoast SEO plugin. -->","yoast_head_json":{"title":"S\u0101kumlapa - Valmieras pirmsskolas izgl\u012bt\u012bbas iest\u0101de \u201cEZ\u012aTIS\u201d","robots":{"index":"index","follow":"follow","max-snippet":"max-snippet:-1","max-image-preview":"max-image-preview:large","max-video-preview":"max-video-preview:-1"},"canonical":"https:\/\/izglitiba.valmierasnovads.lv\/piiezitis\/","og_locale":"lv_LV","og_type":"article","og_title":"S\u0101kumlapa - Valmieras pirmsskolas izgl\u012bt\u012bbas iest\u0101de \u201cEZ\u012aTIS\u201d","og_url":"https:\/\/izglitiba.valmierasnovads.lv\/piiezitis\/","og_site_name":"Valmieras pirmsskolas izgl\u012bt\u012bbas iest\u0101de \u201cEZ\u012aTIS\u201d","article_modified_time":"2026-03-25T10:34:18+00:00","twitter_card":"summary_large_image","schema":{"@context":"https:\/\/schema.org","@graph":[{"@type":"WebPage","@id":"https:\/\/izglitiba.valmierasnovads.lv\/piiezitis\/","url":"https:\/\/izglitiba.valmierasnovads.lv\/piiezitis\/","name":"S\u0101kumlapa - Valmieras pirmsskolas izgl\u012bt\u012bbas iest\u0101de \u201cEZ\u012aTIS\u201d","isPartOf":{"@id":"https:\/\/izglitiba.valmierasnovads.lv\/piiezitis\/#website"},"datePublished":"2025-04-22T12:53:51+00:00","dateModified":"2026-03-25T10:34:18+00:00","breadcrumb":{"@id":"https:\/\/izglitiba.valmierasnovads.lv\/piiezitis\/#breadcrumb"},"inLanguage":"lv-LV","potentialAction":[{"@type":"ReadAction","target":["https:\/\/izglitiba.valmierasnovads.lv\/piiezitis\/"]}]},{"@type":"BreadcrumbList","@id":"https:\/\/izglitiba.valmierasnovads.lv\/piiezitis\/#breadcrumb","itemListElement":[{"@type":"ListItem","position":1,"name":"Home","item":"https:\/\/izglitiba.valmierasnovads.lv\/piiezitis\/"},{"@type":"ListItem","position":2,"name":"S\u0101kumlapa"}]},{"@type":"WebSite","@id":"https:\/\/izglitiba.valmierasnovads.lv\/piiezitis\/#website","url":"https:\/\/izglitiba.valmierasnovads.lv\/piiezitis\/","name":"Valmieras pirmsskolas izgl\u012bt\u012bbas iest\u0101de \u201cEZ\u012aTIS\u201d","description":"","publisher":{"@id":"https:\/\/izglitiba.valmierasnovads.lv\/piiezitis\/#organization"},"potentialAction":[{"@type":"SearchAction","target":{"@type":"EntryPoint","urlTemplate":"https:\/\/izglitiba.valmierasnovads.lv\/piiezitis\/?s={search_term_string}"},"query-input":{"@type":"PropertyValueSpecification","valueRequired":true,"valueName":"search_term_string"}}],"inLanguage":"lv-LV"},{"@type":"Organization","@id":"https:\/\/izglitiba.valmierasnovads.lv\/piiezitis\/#organization","name":"Valmieras pirmsskolas izgl\u012bt\u012bbas iest\u0101de \u201cEZ\u012aTIS\u201d","url":"https:\/\/izglitiba.valmierasnovads.lv\/piiezitis\/","logo":{"@type":"ImageObject","inLanguage":"lv-LV","@id":"https:\/\/izglitiba.valmierasnovads.lv\/piiezitis\/#\/schema\/logo\/image\/","url":"https:\/\/izglitiba.valmierasnovads.lv\/piiezitis\/wp-content\/uploads\/sites\/13\/2026\/03\/cropped-Pirmsskolas-izglitibas-iestades-ar-pasu-logo-5-scaled-1.png","contentUrl":"https:\/\/izglitiba.valmierasnovads.lv\/piiezitis\/wp-content\/uploads\/sites\/13\/2026\/03\/cropped-Pirmsskolas-izglitibas-iestades-ar-pasu-logo-5-scaled-1.png","width":1425,"height":405,"caption":"Valmieras pirmsskolas izgl\u012bt\u012bbas iest\u0101de \u201cEZ\u012aTIS\u201d"},"image":{"@id":"https:\/\/izglitiba.valmierasnovads.lv\/piiezitis\/#\/schema\/logo\/image\/"}}]}},"_links":{"self":[{"href":"https:\/\/izglitiba.valmierasnovads.lv\/piiezitis\/wp-json\/wp\/v2\/pages\/7","targetHints":{"allow":["GET"]}}],"collection":[{"href":"https:\/\/izglitiba.valmierasnovads.lv\/piiezitis\/wp-json\/wp\/v2\/pages"}],"about":[{"href":"https:\/\/izglitiba.valmierasnovads.lv\/piiezitis\/wp-json\/wp\/v2\/types\/page"}],"author":[{"embeddable":true,"href":"https:\/\/izglitiba.valmierasnovads.lv\/piiezitis\/wp-json\/wp\/v2\/users\/1"}],"replies":[{"embeddable":true,"href":"https:\/\/izglitiba.valmierasnovads.lv\/piiezitis\/wp-json\/wp\/v2\/comments?post=7"}],"version-history":[{"count":5,"href":"https:\/\/izglitiba.valmierasnovads.lv\/piiezitis\/wp-json\/wp\/v2\/pages\/7\/revisions"}],"predecessor-version":[{"id":347,"href":"https:\/\/izglitiba.valmierasnovads.lv\/piiezitis\/wp-json\/wp\/v2\/pages\/7\/revisions\/347"}],"wp:attachment":[{"href":"https:\/\/izglitiba.valmierasnovads.lv\/piiezitis\/wp-json\/wp\/v2\/media?parent=7"}],"curies":[{"name":"wp","href":"https:\/\/api.w.org\/{rel}","templated":true}]}}