{"id":10,"date":"2025-04-23T16:03:29","date_gmt":"2025-04-23T13:03:29","guid":{"rendered":"https:\/\/izglitiba.valmierasnovads.lv\/piispriditis\/navigacija\/"},"modified":"2025-04-23T16:03:29","modified_gmt":"2025-04-23T13:03:29","slug":"navigacija","status":"publish","type":"page","link":"https:\/\/izglitiba.valmierasnovads.lv\/piispriditis\/navigacija\/","title":{"rendered":"Navig\u0101cija"},"content":{"rendered":"","protected":false},"excerpt":{"rendered":"","protected":false},"author":1,"featured_media":0,"parent":0,"menu_order":0,"comment_status":"closed","ping_status":"closed","template":"templates\/NavigationTemplate.php","meta":{"_acf_changed":false,"site-sidebar-layout":"default","site-content-layout":"","ast-site-content-layout":"default","site-content-style":"default","site-sidebar-style":"default","ast-global-header-display":"","ast-banner-title-visibility":"","ast-main-header-display":"","ast-hfb-above-header-display":"","ast-hfb-below-header-display":"","ast-hfb-mobile-header-display":"","site-post-title":"","ast-breadcrumbs-content":"","ast-featured-img":"","footer-sml-layout":"","ast-disable-related-posts":"","theme-transparent-header-meta":"","adv-header-id-meta":"","stick-header-meta":"","header-above-stick-meta":"","header-main-stick-meta":"","header-below-stick-meta":"","astra-migrate-meta-layouts":"default","ast-page-background-enabled":"default","ast-page-background-meta":{"desktop":{"background-color":"var(--ast-global-color-5)","background-image":"","background-repeat":"repeat","background-position":"center center","background-size":"auto","background-attachment":"scroll","background-type":"","background-media":"","overlay-type":"","overlay-color":"","overlay-opacity":"","overlay-gradient":""},"tablet":{"background-color":"","background-image":"","background-repeat":"repeat","background-position":"center center","background-size":"auto","background-attachment":"scroll","background-type":"","background-media":"","overlay-type":"","overlay-color":"","overlay-opacity":"","overlay-gradient":""},"mobile":{"background-color":"","background-image":"","background-repeat":"repeat","background-position":"center center","background-size":"auto","background-attachment":"scroll","background-type":"","background-media":"","overlay-type":"","overlay-color":"","overlay-opacity":"","overlay-gradient":""}},"ast-content-background-meta":{"desktop":{"background-color":"var(--ast-global-color-4)","background-image":"","background-repeat":"repeat","background-position":"center center","background-size":"auto","background-attachment":"scroll","background-type":"","background-media":"","overlay-type":"","overlay-color":"","overlay-opacity":"","overlay-gradient":""},"tablet":{"background-color":"var(--ast-global-color-4)","background-image":"","background-repeat":"repeat","background-position":"center center","background-size":"auto","background-attachment":"scroll","background-type":"","background-media":"","overlay-type":"","overlay-color":"","overlay-opacity":"","overlay-gradient":""},"mobile":{"background-color":"var(--ast-global-color-4)","background-image":"","background-repeat":"repeat","background-position":"center center","background-size":"auto","background-attachment":"scroll","background-type":"","background-media":"","overlay-type":"","overlay-color":"","overlay-opacity":"","overlay-gradient":""}},"footnotes":""},"class_list":["post-10","page","type-page","status-publish","hentry"],"acf":[],"yoast_head":"<!-- This site is optimized with the Yoast SEO plugin v27.0 - https:\/\/yoast.com\/product\/yoast-seo-wordpress\/ -->\n<title>Navig\u0101cija - PII &quot;Spr\u012bd\u012btis&quot;<\/title>\n<meta name=\"robots\" content=\"index, follow, max-snippet:-1, max-image-preview:large, max-video-preview:-1\" \/>\n<link rel=\"canonical\" href=\"https:\/\/izglitiba.valmierasnovads.lv\/piispriditis\/navigacija\/\" \/>\n<meta property=\"og:locale\" content=\"lv_LV\" \/>\n<meta property=\"og:type\" content=\"article\" \/>\n<meta property=\"og:title\" content=\"Navig\u0101cija - PII &quot;Spr\u012bd\u012btis&quot;\" \/>\n<meta property=\"og:url\" content=\"https:\/\/izglitiba.valmierasnovads.lv\/piispriditis\/navigacija\/\" \/>\n<meta property=\"og:site_name\" content=\"PII &quot;Spr\u012bd\u012btis&quot;\" \/>\n<meta name=\"twitter:card\" content=\"summary_large_image\" \/>\n<script type=\"application\/ld+json\" class=\"yoast-schema-graph\">{\"@context\":\"https:\/\/schema.org\",\"@graph\":[{\"@type\":\"WebPage\",\"@id\":\"https:\/\/izglitiba.valmierasnovads.lv\/piispriditis\/navigacija\/\",\"url\":\"https:\/\/izglitiba.valmierasnovads.lv\/piispriditis\/navigacija\/\",\"name\":\"Navig\u0101cija - PII &quot;Spr\u012bd\u012btis&quot;\",\"isPartOf\":{\"@id\":\"https:\/\/izglitiba.valmierasnovads.lv\/piispriditis\/#website\"},\"datePublished\":\"2025-04-23T13:03:29+00:00\",\"breadcrumb\":{\"@id\":\"https:\/\/izglitiba.valmierasnovads.lv\/piispriditis\/navigacija\/#breadcrumb\"},\"inLanguage\":\"lv-LV\",\"potentialAction\":[{\"@type\":\"ReadAction\",\"target\":[\"https:\/\/izglitiba.valmierasnovads.lv\/piispriditis\/navigacija\/\"]}]},{\"@type\":\"BreadcrumbList\",\"@id\":\"https:\/\/izglitiba.valmierasnovads.lv\/piispriditis\/navigacija\/#breadcrumb\",\"itemListElement\":[{\"@type\":\"ListItem\",\"position\":1,\"name\":\"Home\",\"item\":\"https:\/\/izglitiba.valmierasnovads.lv\/piispriditis\/\"},{\"@type\":\"ListItem\",\"position\":2,\"name\":\"Navig\u0101cija\"}]},{\"@type\":\"WebSite\",\"@id\":\"https:\/\/izglitiba.valmierasnovads.lv\/piispriditis\/#website\",\"url\":\"https:\/\/izglitiba.valmierasnovads.lv\/piispriditis\/\",\"name\":\"PII &quot;Spr\u012bd\u012btis&quot;\",\"description\":\"\",\"publisher\":{\"@id\":\"https:\/\/izglitiba.valmierasnovads.lv\/piispriditis\/#organization\"},\"potentialAction\":[{\"@type\":\"SearchAction\",\"target\":{\"@type\":\"EntryPoint\",\"urlTemplate\":\"https:\/\/izglitiba.valmierasnovads.lv\/piispriditis\/?s={search_term_string}\"},\"query-input\":{\"@type\":\"PropertyValueSpecification\",\"valueRequired\":true,\"valueName\":\"search_term_string\"}}],\"inLanguage\":\"lv-LV\"},{\"@type\":\"Organization\",\"@id\":\"https:\/\/izglitiba.valmierasnovads.lv\/piispriditis\/#organization\",\"name\":\"PII &quot;Spr\u012bd\u012btis&quot;\",\"url\":\"https:\/\/izglitiba.valmierasnovads.lv\/piispriditis\/\",\"logo\":{\"@type\":\"ImageObject\",\"inLanguage\":\"lv-LV\",\"@id\":\"https:\/\/izglitiba.valmierasnovads.lv\/piispriditis\/#\/schema\/logo\/image\/\",\"url\":\"https:\/\/izglitiba.valmierasnovads.lv\/piispriditis\/wp-content\/uploads\/sites\/19\/2026\/03\/cropped-Pirmsskolas-izglitibas-iestades-ar-pasu-logo-11-scaled-1.png\",\"contentUrl\":\"https:\/\/izglitiba.valmierasnovads.lv\/piispriditis\/wp-content\/uploads\/sites\/19\/2026\/03\/cropped-Pirmsskolas-izglitibas-iestades-ar-pasu-logo-11-scaled-1.png\",\"width\":1447,\"height\":222,\"caption\":\"PII &quot;Spr\u012bd\u012btis&quot;\"},\"image\":{\"@id\":\"https:\/\/izglitiba.valmierasnovads.lv\/piispriditis\/#\/schema\/logo\/image\/\"}}]}<\/script>\n<!-- \/ Yoast SEO plugin. -->","yoast_head_json":{"title":"Navig\u0101cija - PII &quot;Spr\u012bd\u012btis&quot;","robots":{"index":"index","follow":"follow","max-snippet":"max-snippet:-1","max-image-preview":"max-image-preview:large","max-video-preview":"max-video-preview:-1"},"canonical":"https:\/\/izglitiba.valmierasnovads.lv\/piispriditis\/navigacija\/","og_locale":"lv_LV","og_type":"article","og_title":"Navig\u0101cija - PII &quot;Spr\u012bd\u012btis&quot;","og_url":"https:\/\/izglitiba.valmierasnovads.lv\/piispriditis\/navigacija\/","og_site_name":"PII &quot;Spr\u012bd\u012btis&quot;","twitter_card":"summary_large_image","schema":{"@context":"https:\/\/schema.org","@graph":[{"@type":"WebPage","@id":"https:\/\/izglitiba.valmierasnovads.lv\/piispriditis\/navigacija\/","url":"https:\/\/izglitiba.valmierasnovads.lv\/piispriditis\/navigacija\/","name":"Navig\u0101cija - PII &quot;Spr\u012bd\u012btis&quot;","isPartOf":{"@id":"https:\/\/izglitiba.valmierasnovads.lv\/piispriditis\/#website"},"datePublished":"2025-04-23T13:03:29+00:00","breadcrumb":{"@id":"https:\/\/izglitiba.valmierasnovads.lv\/piispriditis\/navigacija\/#breadcrumb"},"inLanguage":"lv-LV","potentialAction":[{"@type":"ReadAction","target":["https:\/\/izglitiba.valmierasnovads.lv\/piispriditis\/navigacija\/"]}]},{"@type":"BreadcrumbList","@id":"https:\/\/izglitiba.valmierasnovads.lv\/piispriditis\/navigacija\/#breadcrumb","itemListElement":[{"@type":"ListItem","position":1,"name":"Home","item":"https:\/\/izglitiba.valmierasnovads.lv\/piispriditis\/"},{"@type":"ListItem","position":2,"name":"Navig\u0101cija"}]},{"@type":"WebSite","@id":"https:\/\/izglitiba.valmierasnovads.lv\/piispriditis\/#website","url":"https:\/\/izglitiba.valmierasnovads.lv\/piispriditis\/","name":"PII &quot;Spr\u012bd\u012btis&quot;","description":"","publisher":{"@id":"https:\/\/izglitiba.valmierasnovads.lv\/piispriditis\/#organization"},"potentialAction":[{"@type":"SearchAction","target":{"@type":"EntryPoint","urlTemplate":"https:\/\/izglitiba.valmierasnovads.lv\/piispriditis\/?s={search_term_string}"},"query-input":{"@type":"PropertyValueSpecification","valueRequired":true,"valueName":"search_term_string"}}],"inLanguage":"lv-LV"},{"@type":"Organization","@id":"https:\/\/izglitiba.valmierasnovads.lv\/piispriditis\/#organization","name":"PII &quot;Spr\u012bd\u012btis&quot;","url":"https:\/\/izglitiba.valmierasnovads.lv\/piispriditis\/","logo":{"@type":"ImageObject","inLanguage":"lv-LV","@id":"https:\/\/izglitiba.valmierasnovads.lv\/piispriditis\/#\/schema\/logo\/image\/","url":"https:\/\/izglitiba.valmierasnovads.lv\/piispriditis\/wp-content\/uploads\/sites\/19\/2026\/03\/cropped-Pirmsskolas-izglitibas-iestades-ar-pasu-logo-11-scaled-1.png","contentUrl":"https:\/\/izglitiba.valmierasnovads.lv\/piispriditis\/wp-content\/uploads\/sites\/19\/2026\/03\/cropped-Pirmsskolas-izglitibas-iestades-ar-pasu-logo-11-scaled-1.png","width":1447,"height":222,"caption":"PII &quot;Spr\u012bd\u012btis&quot;"},"image":{"@id":"https:\/\/izglitiba.valmierasnovads.lv\/piispriditis\/#\/schema\/logo\/image\/"}}]}},"_links":{"self":[{"href":"https:\/\/izglitiba.valmierasnovads.lv\/piispriditis\/wp-json\/wp\/v2\/pages\/10","targetHints":{"allow":["GET"]}}],"collection":[{"href":"https:\/\/izglitiba.valmierasnovads.lv\/piispriditis\/wp-json\/wp\/v2\/pages"}],"about":[{"href":"https:\/\/izglitiba.valmierasnovads.lv\/piispriditis\/wp-json\/wp\/v2\/types\/page"}],"author":[{"embeddable":true,"href":"https:\/\/izglitiba.valmierasnovads.lv\/piispriditis\/wp-json\/wp\/v2\/users\/1"}],"replies":[{"embeddable":true,"href":"https:\/\/izglitiba.valmierasnovads.lv\/piispriditis\/wp-json\/wp\/v2\/comments?post=10"}],"version-history":[{"count":0,"href":"https:\/\/izglitiba.valmierasnovads.lv\/piispriditis\/wp-json\/wp\/v2\/pages\/10\/revisions"}],"wp:attachment":[{"href":"https:\/\/izglitiba.valmierasnovads.lv\/piispriditis\/wp-json\/wp\/v2\/media?parent=10"}],"curies":[{"name":"wp","href":"https:\/\/api.w.org\/{rel}","templated":true}]}}