{"id":1028,"date":"2026-04-23T12:24:46","date_gmt":"2026-04-23T09:24:46","guid":{"rendered":"https:\/\/izglitiba.valmierasnovads.lv\/piispriditis\/?page_id=1028"},"modified":"2026-04-23T12:50:43","modified_gmt":"2026-04-23T09:50:43","slug":"pirmie-soli-bernudarza","status":"publish","type":"page","link":"https:\/\/izglitiba.valmierasnovads.lv\/piispriditis\/pirmie-soli-bernudarza\/","title":{"rendered":"Pirmie so\u013ci b\u0113rnud\u0101rz\u0101"},"content":{"rendered":"\n<figure class=\"wp-block-table\"><table class=\"has-fixed-layout\"><tbody><tr><td><strong>B\u0113rns m\u0101j\u0101s<\/strong><\/td><td><strong>B\u0113rns b\u0113rnud\u0101rz\u0101<\/strong><\/td><td><strong>Vec\u0101ku atbalsts b\u0113rnam<\/strong><\/td><\/tr><tr><td>B\u0113rns mostas, kad ir izgul\u0113jies, \u0113d un rota\u013c\u0101jas, kad to v\u0113las<\/td><td>Ir noteikts dienas re\u017e\u012bms<\/td><td>B\u0113rns j\u0101radina mosties un \u0113st laik\u0101, kas pietuvin\u0101ts b\u0113rnud\u0101rza dienas k\u0101rt\u012bbai<\/td><\/tr><tr><td>M\u0101j\u0101s mazulis atrodas pieaugu\u0161o uzman\u012bbas centr\u0101 &#8211; b\u0113rns ir \u201cgalvenais, vien\u012bgais\u201d, visas vi\u0146a pras\u012bbas tiek izpild\u012btas<\/td><td>Visi b\u0113rni atrodas 2-3 pieaugu\u0161o uzman\u012bbas lok\u0101. B\u0113rnam j\u0101c\u012bn\u0101s par pieaugu\u0161o uzman\u012bbu sev.<\/td><td>M\u0101ciet b\u0113rnam pagaid\u012bt un veidojiet izpratni, ka pieaugu\u0161ie ir tie, kas pie\u0146em l\u0113mumu<\/td><\/tr><tr><td>B\u0113rns m\u0101j\u0101s pieradis sadarboties ar pieaugu\u0161o, ret\u0101k ar citiem b\u0113rniem, rota\u013cliet\u0101s nav lielas vajadz\u012bbas dal\u012bties<\/td><td>B\u0113rniem iest\u0101d\u0113 j\u0101sadz\u012bvo vien\u0101 telp\u0101 ar citiem b\u0113rniem, j\u0101sp\u0113l\u0113jas, j\u0101dal\u0101s ar rota\u013cliet\u0101m<\/td><td>Radiniet b\u0113rnu rota\u013c\u0101ties patst\u0101v\u012bgi, izmantojiet katru iesp\u0113ju pab\u016bt kop\u0101 ar citiem b\u0113rniem un pieaugu\u0161ajiem. Nebaid\u012bties uz noteiktu laiku savu b\u0113rnu uztic\u0113t aukl\u012btei vai radiniekiem, lai b\u0113rnam veidotos pieredze, ka m\u0101mi\u0146a var neb\u016bt visu laiku l\u012bdz\u0101s, tom\u0113r p\u0113c k\u0101da laika noteikti atgrie\u017eas<\/td><\/tr><tr><td>M\u0101j\u0101s b\u0113rns darbojas, rota\u013c\u0101jas tad, kad grib. Var ar\u012b atteikties un dar\u012bt ko citu.<\/td><td>B\u0113rnam j\u0101iesaist\u0101s rota\u013c\u0101s, nodarb\u012bb\u0101s u.c. aktivit\u0101t\u0113s atbilsto\u0161i dienas re\u017e\u012bmam un skolot\u0101ju&nbsp; aicin\u0101jumam<\/td><td>M\u0101ciet dzird\u0113t un pild\u012bt pieaugu\u0161o pras\u012bbas un sadarboties<\/td><\/tr><tr><td>Vec\u0101ki b\u0113rnu m\u0101j\u0101s \u0123\u0113rbj \u201cm\u0101jas ap\u0123\u0113rb\u0101\u201d<\/td><td>Vec\u0101ki atved b\u0113rnu t\u012bru, da\u017ek\u0101rt ar\u012b nevajadz\u012bgi sapostu. Uztveriet b\u0113rnud\u0101rzu k\u0101 b\u0113rna darbu, t\u0101tad nepiecie\u0161amas ar\u012b \u201cdarba dr\u0113bes\u201d.<\/td><td>Ner\u0101jiet b\u0113rnu par net\u012br\u0101m dr\u0113b\u0113m \u2013 b\u0113rnud\u0101rzs ir b\u0113rna darbs (ir j\u0101rota\u013c\u0101jas smil\u0161u kast\u0113 utt.). Ja p\u0113c d\u0101rzi\u0146a pl\u0101nojiet iet viesos vai pastaig\u0101 pa pils\u0113tu &#8211; pa\u0146emiet l\u012bdz k\u0101du t\u012bru ap\u0123\u0113rba komplektu<\/td><\/tr><tr><td>Vec\u0101ki m\u0101j\u0101s b\u0113rnu mazg\u0101, ap\u0123\u0113rbj, pabaro \u2013 jo t\u0101 ir \u0101tr\u0101k<\/td><td>B\u0113rnam j\u0101m\u0101c\u0101s pa\u0161am mazg\u0101t rokas, seja, j\u0101t\u012bra zobi, pa\u0161am j\u0101m\u0101c\u0101s uzvilkt, novilkt da\u017eas dr\u0113bes, k\u0101 ar\u012b patst\u0101v\u012bgi \u0113st. Pieaugu\u0161ie pal\u012bdz, bet nevar pabarot uzreiz vair\u0101kus b\u0113rnus.<\/td><td>Rosiniet b\u0113rnu mazg\u0101ties pa\u0161am &#8211; saziep\u0113t rokas, noskalot t\u0101s, t\u012br\u012bt zobus, noslauc\u012bt rokas, seju dviel\u012b, \u0113st pa\u0161am, dzert no kr\u016bzes. Priek\u0161 d\u0101rzi\u0146a izv\u0113lieties ap\u0123\u0113rbu ar klip\u0161iem, spiedpog\u0101m, bez aizdares \u2013 lai b\u0113rns p\u0113c iesp\u0113jas viegl\u0101k var\u0113tu iesaist\u012bties \u0123\u0113rb\u0161anas proces\u0101 Esiet paciet\u012bgi un atbalstiet katru b\u0113rna patst\u0101v\u012bbas izpausmi \u2013 viss, ko b\u0113rns var\u0113s izdar\u012bt pats, tikai cels vi\u0146a pa\u0161apzi\u0146u \u2013 Es varu to izdar\u012bt pats!<\/td><\/tr><tr><td>M\u0101j\u0101s b\u0113rnam dod t\u0101du \u0113dienu, k\u0101du vi\u0146\u0161 \u0113d, da\u017ek\u0101rt \u0113dienu amplit\u016bda, ko b\u0113rns radis \u0113st, ir visai \u0161aura<\/td><td>B\u0113rnud\u0101rz\u0101 b\u0113rniem dod da\u017e\u0101das zupas, otros \u0113dienus, putras, sal\u0101tus utt.<\/td><td>Radiniet b\u0113rnus pie daudzveid\u012bga, vienk\u0101r\u0161a gatavot\u0101 \u0113diena, tad b\u0113rns \u0113d\u012bs b\u0113rnud\u0101rz\u0101 pied\u0101v\u0101to \u0113dienu. L\u012bdz b\u0113rnud\u0101rza gaitu uzs\u0101k\u0161anas m\u0113\u0123inieti atradin\u0101t b\u0113rnu no kr\u016bts baro\u0161anas!<\/td><\/tr><tr><td>Vec\u0101ki sak\u0101rto rota\u013clietas, savu ap\u0123\u0113rbu<\/td><td>B\u0113rns m\u0101c\u0101s pats sak\u0101rtot rota\u013clietas, nolikt t\u0101s viet\u0101, atbild\u0113t par sav\u0101m person\u012bg\u0101m liet\u0101m<\/td><td>M\u0101ciet b\u0113rnam saloc\u012bt un nolikt uz kr\u0113sla ap\u0123\u0113rbu. Pieradiniet, ka katrai lietai ir sava vieta, un konsekventi prasiet no b\u0113rna pal\u012bdz\u0113t rota\u013clietas sak\u0101rtot<\/td><\/tr><tr><td>B\u0113rns m\u0101c\u0101s rota\u013c\u0101joties un atdarinot dzird\u0113to, redz\u0113to \u0123imen\u0113, TV<\/td><td>M\u0101c\u012b\u0161an\u0101s notiek skolot\u0101jas vad\u012bt\u0101s nodarb\u012bb\u0101s un savstarp\u0113j\u0101s rota\u013c\u0101s ar citiem b\u0113rniem. Digit\u0101l\u0101s ier\u012bces m\u0101c\u012b\u0161an\u0101s nol\u016bkos tiek izmantots tikai \u012bpa\u0161i atlas\u012bta materi\u0101la veid\u0101<\/td><td>Saprotiet, ka b\u0113rns rota\u013c\u0101s atdarina visu, ko redz\u0113jis, dzird\u0113jis \u2013 v\u0101rdus konfliktu gad\u012bjumos, vardarb\u012bbu b\u0113rnam nepiem\u0113rotos TV raid\u012bjumos. Sarun\u0101jieties ar b\u0113rnu, p\u0101rrun\u0101jiet redz\u0113to TV ekr\u0101n\u0101, izv\u0113lieties raid\u012bjumus, kurus mazulis dr\u012bkst skat\u012bties, konfliktus nerisiniet b\u0113rna kl\u0101tb\u016btn\u0113. Esiet saproto\u0161i &#8211; grupi\u0146u apmekl\u0113 b\u0113rni no \u0123imen\u0113m ar da\u017e\u0101d\u0101m kult\u016br\u0101m.<\/td><\/tr><tr><td>B\u0113rns m\u0101j\u0101s lieto pamperu, vec\u0101kiem da\u017ek\u0101rt tr\u016bkst paciet\u012bbas un v\u0113l\u0113\u0161an\u0101s m\u0101c\u012bt b\u0113rnu lietot podi\u0146u.<\/td><td>B\u0113rnam nav oblig\u0101ti j\u0101prot lietot podi\u0146\u0161, bet grup\u0101 b\u0113rni to m\u0101c\u012bsies lietot.<\/td><td>Podi\u0146m\u0101c\u012bba veicas lab\u0101k, ja ar\u012b \u0123imen\u0113 t\u0101 tiek atbalst\u012bta. Kam\u0113r b\u0113rni v\u0113l to tikai m\u0101c\u0101s, l\u016bdzam nodro\u0161in\u0101t \u201cpamperbiks\u012btes\u201d. Dodoties kaut kur izbraukum\u0101 vai ciemos, ar\u012b \u0146emiet l\u012bdz podi\u0146u, lai konsekventi m\u0101c\u012btu b\u0113rnam lietot podi\u0146u. Ja b\u0113rns iest\u0101d\u0113 nev\u0113las s\u0113d\u0113t uz sve\u0161a podi\u0146a, var \u0146emt l\u012bdz ar\u012b savu.<\/td><\/tr><tr><td>M\u0101j\u0101s visas b\u0113rna v\u0113lmes tiek \u201dno ac\u012bm nolas\u012btas\u201d<\/td><td>B\u0113rnam j\u0101sp\u0113j pal\u016bgt vai par\u0101d\u012bt savas vajadz\u012bbas pieaugu\u0161ajiem un b\u0113rniem<\/td><td>Aiciniet b\u0113rnu izteikt savas v\u0113lmes v\u0101rdos, lai tiktu veicin\u0101ta b\u0113rna valodas att\u012bst\u012bba. Nekultiv\u0113jiet kautr\u012bgumu ar fr\u0101zi &#8211; \u201dNu vi\u0146\u0161 jau man t\u0101ds kautr\u012bgs&#8230;\u201d<\/td><\/tr><tr><td colspan=\"3\">Vec\u0101kiem vajadz\u0113tu saprast, ka vi\u0146iem ir j\u0101b\u016bt gataviem faktam, ka b\u0113rns uzs\u0101ks b\u0113rnud\u0101rznieka gaitas. Tas noz\u012bm\u0113 \u2013 \u201catlaist b\u0113rnu\u201d un uztic\u0113ties audzin\u0101t\u0101j\u0101m, k\u0101 ar\u012b un pie\u0146emt ieteikumus un noteikumus, kurus nosaka grupas darbinieki un iest\u0101de. Uzklausiet pedagogus un uzticieties vi\u0146iem, vi\u0146i \u0161aj\u0101 jom\u0101 ir profesion\u0101\u013ci, un zina lab\u0101k, k\u0101 j\u016bsu b\u0113rnam b\u016bs viegl\u0101k adapt\u0113ties jaunaj\u0101 situ\u0101cij\u0101! &nbsp;Jo dro\u0161\u0101ki b\u016bs vec\u0101ki, jo dro\u0161\u0101k jut\u012bsies b\u0113rns.<\/td><\/tr><tr><td colspan=\"3\">Kad esat uzs\u0101ku\u0161i past\u0101v\u012bgas b\u0113rnud\u0101rza gaitas, pirmo ned\u0113\u013cu &nbsp;b\u016btu v\u0113lams b\u0113rnu atst\u0101t b\u0113rnud\u0101rz\u0101 uz p\u0101ris stund\u0101m, laiku pak\u0101peniski palielinot.<\/td><\/tr><tr><td colspan=\"3\">Iesak\u0101m vec\u0101kiem vest b\u0113rnus uz b\u0113rnud\u0101rzu pak\u0101peniski &#8211; lai visi b\u0113rni neuzs\u0101ktu b\u0113rnud\u0101rza gaitas vien\u0101 dien\u0101 (par to lab\u0101k vienoties ar iest\u0101des vad\u012bt\u0101ju vai grupas skolot\u0101j\u0101m)<\/td><\/tr><tr><td colspan=\"3\">Sare\u017e\u0123\u012bt\u0101s adapt\u0101cijas situ\u0101cij\u0101s, kad b\u0113rns un ar\u012b mamma nesp\u0113j l\u012bdzsvaroti atvad\u012bties, bie\u017ei vien var izpal\u012bdz\u0113t t\u0113tis, vai k\u0101ds cits radinieks, kur\u0161 uz\u0146emas atvest b\u0113rnu uz b\u0113rnud\u0101rzu, tad \u0161\u012b atvad\u012b\u0161an\u0101s ir maz\u0101k trauksmaina<\/td><\/tr><tr><td colspan=\"3\">Nekad nemelojiet b\u0113rnam, ka t\u016bl\u012bt atn\u0101ksiet, bet tagad tikai aiziesiet, piem\u0113ram, uz veikalu. Tad jau lab\u0101k, lai mazulis nedaudz paraud, bet zina paties\u012bbu, ka mamma tagad ies uz darbi\u0146u, bet vakar\u0101 noteikti b\u016bs kl\u0101t. Ja b\u0113rnam ir p\u0101rliec\u012bba, ka vi\u0146u nepamet\u012bs, ar laiku viss nok\u0101rtosies.<\/td><\/tr><tr><td colspan=\"3\">K\u0101da m\u012b\u013ca rota\u013clieta vai lieta no m\u0101jas pal\u012bdz\u0113s j\u016bsu mazulim justies dro\u0161\u0101k.<\/td><\/tr><\/tbody><\/table><\/figure>\n\n\n\n<p><\/p>\n","protected":false},"excerpt":{"rendered":"<p>B\u0113rns m\u0101j\u0101s B\u0113rns b\u0113rnud\u0101rz\u0101 Vec\u0101ku atbalsts b\u0113rnam B\u0113rns mostas, kad ir izgul\u0113jies, \u0113d un rota\u013c\u0101jas, kad to v\u0113las Ir noteikts [&hellip;]<\/p>\n","protected":false},"author":55,"featured_media":0,"parent":0,"menu_order":0,"comment_status":"closed","ping_status":"closed","template":"","meta":{"_acf_changed":false,"site-sidebar-layout":"default","site-content-layout":"","ast-site-content-layout":"default","site-content-style":"default","site-sidebar-style":"default","ast-global-header-display":"","ast-banner-title-visibility":"","ast-main-header-display":"","ast-hfb-above-header-display":"","ast-hfb-below-header-display":"","ast-hfb-mobile-header-display":"","site-post-title":"","ast-breadcrumbs-content":"","ast-featured-img":"","footer-sml-layout":"","ast-disable-related-posts":"","theme-transparent-header-meta":"","adv-header-id-meta":"","stick-header-meta":"","header-above-stick-meta":"","header-main-stick-meta":"","header-below-stick-meta":"","astra-migrate-meta-layouts":"default","ast-page-background-enabled":"default","ast-page-background-meta":{"desktop":{"background-color":"var(--ast-global-color-5)","background-image":"","background-repeat":"repeat","background-position":"center center","background-size":"auto","background-attachment":"scroll","background-type":"","background-media":"","overlay-type":"","overlay-color":"","overlay-opacity":"","overlay-gradient":""},"tablet":{"background-color":"","background-image":"","background-repeat":"repeat","background-position":"center center","background-size":"auto","background-attachment":"scroll","background-type":"","background-media":"","overlay-type":"","overlay-color":"","overlay-opacity":"","overlay-gradient":""},"mobile":{"background-color":"","background-image":"","background-repeat":"repeat","background-position":"center center","background-size":"auto","background-attachment":"scroll","background-type":"","background-media":"","overlay-type":"","overlay-color":"","overlay-opacity":"","overlay-gradient":""}},"ast-content-background-meta":{"desktop":{"background-color":"var(--ast-global-color-4)","background-image":"","background-repeat":"repeat","background-position":"center center","background-size":"auto","background-attachment":"scroll","background-type":"","background-media":"","overlay-type":"","overlay-color":"","overlay-opacity":"","overlay-gradient":""},"tablet":{"background-color":"var(--ast-global-color-4)","background-image":"","background-repeat":"repeat","background-position":"center center","background-size":"auto","background-attachment":"scroll","background-type":"","background-media":"","overlay-type":"","overlay-color":"","overlay-opacity":"","overlay-gradient":""},"mobile":{"background-color":"var(--ast-global-color-4)","background-image":"","background-repeat":"repeat","background-position":"center center","background-size":"auto","background-attachment":"scroll","background-type":"","background-media":"","overlay-type":"","overlay-color":"","overlay-opacity":"","overlay-gradient":""}},"footnotes":""},"class_list":["post-1028","page","type-page","status-publish","hentry"],"acf":[],"yoast_head":"<!-- This site is optimized with the Yoast SEO plugin v27.0 - https:\/\/yoast.com\/product\/yoast-seo-wordpress\/ -->\n<title>Pirmie so\u013ci b\u0113rnud\u0101rz\u0101 - PII &quot;Spr\u012bd\u012btis&quot;<\/title>\n<meta name=\"robots\" content=\"index, follow, max-snippet:-1, max-image-preview:large, max-video-preview:-1\" \/>\n<link rel=\"canonical\" href=\"https:\/\/izglitiba.valmierasnovads.lv\/piispriditis\/pirmie-soli-bernudarza\/\" \/>\n<meta property=\"og:locale\" content=\"lv_LV\" \/>\n<meta property=\"og:type\" content=\"article\" \/>\n<meta property=\"og:title\" content=\"Pirmie so\u013ci b\u0113rnud\u0101rz\u0101 - PII &quot;Spr\u012bd\u012btis&quot;\" \/>\n<meta property=\"og:description\" content=\"B\u0113rns m\u0101j\u0101s B\u0113rns b\u0113rnud\u0101rz\u0101 Vec\u0101ku atbalsts b\u0113rnam B\u0113rns mostas, kad ir izgul\u0113jies, \u0113d un rota\u013c\u0101jas, kad to v\u0113las Ir noteikts [&hellip;]\" \/>\n<meta property=\"og:url\" content=\"https:\/\/izglitiba.valmierasnovads.lv\/piispriditis\/pirmie-soli-bernudarza\/\" \/>\n<meta property=\"og:site_name\" content=\"PII &quot;Spr\u012bd\u012btis&quot;\" \/>\n<meta property=\"article:modified_time\" content=\"2026-04-23T09:50:43+00:00\" \/>\n<meta name=\"twitter:card\" content=\"summary_large_image\" \/>\n<meta name=\"twitter:label1\" content=\"Est. reading time\" \/>\n\t<meta name=\"twitter:data1\" content=\"5 min\u016btes\" \/>\n<script type=\"application\/ld+json\" class=\"yoast-schema-graph\">{\"@context\":\"https:\/\/schema.org\",\"@graph\":[{\"@type\":\"WebPage\",\"@id\":\"https:\/\/izglitiba.valmierasnovads.lv\/piispriditis\/pirmie-soli-bernudarza\/\",\"url\":\"https:\/\/izglitiba.valmierasnovads.lv\/piispriditis\/pirmie-soli-bernudarza\/\",\"name\":\"Pirmie so\u013ci b\u0113rnud\u0101rz\u0101 - PII &quot;Spr\u012bd\u012btis&quot;\",\"isPartOf\":{\"@id\":\"https:\/\/izglitiba.valmierasnovads.lv\/piispriditis\/#website\"},\"datePublished\":\"2026-04-23T09:24:46+00:00\",\"dateModified\":\"2026-04-23T09:50:43+00:00\",\"breadcrumb\":{\"@id\":\"https:\/\/izglitiba.valmierasnovads.lv\/piispriditis\/pirmie-soli-bernudarza\/#breadcrumb\"},\"inLanguage\":\"lv-LV\",\"potentialAction\":[{\"@type\":\"ReadAction\",\"target\":[\"https:\/\/izglitiba.valmierasnovads.lv\/piispriditis\/pirmie-soli-bernudarza\/\"]}]},{\"@type\":\"BreadcrumbList\",\"@id\":\"https:\/\/izglitiba.valmierasnovads.lv\/piispriditis\/pirmie-soli-bernudarza\/#breadcrumb\",\"itemListElement\":[{\"@type\":\"ListItem\",\"position\":1,\"name\":\"Home\",\"item\":\"https:\/\/izglitiba.valmierasnovads.lv\/piispriditis\/\"},{\"@type\":\"ListItem\",\"position\":2,\"name\":\"Pirmie so\u013ci b\u0113rnud\u0101rz\u0101\"}]},{\"@type\":\"WebSite\",\"@id\":\"https:\/\/izglitiba.valmierasnovads.lv\/piispriditis\/#website\",\"url\":\"https:\/\/izglitiba.valmierasnovads.lv\/piispriditis\/\",\"name\":\"PII &quot;Spr\u012bd\u012btis&quot;\",\"description\":\"\",\"publisher\":{\"@id\":\"https:\/\/izglitiba.valmierasnovads.lv\/piispriditis\/#organization\"},\"potentialAction\":[{\"@type\":\"SearchAction\",\"target\":{\"@type\":\"EntryPoint\",\"urlTemplate\":\"https:\/\/izglitiba.valmierasnovads.lv\/piispriditis\/?s={search_term_string}\"},\"query-input\":{\"@type\":\"PropertyValueSpecification\",\"valueRequired\":true,\"valueName\":\"search_term_string\"}}],\"inLanguage\":\"lv-LV\"},{\"@type\":\"Organization\",\"@id\":\"https:\/\/izglitiba.valmierasnovads.lv\/piispriditis\/#organization\",\"name\":\"PII &quot;Spr\u012bd\u012btis&quot;\",\"url\":\"https:\/\/izglitiba.valmierasnovads.lv\/piispriditis\/\",\"logo\":{\"@type\":\"ImageObject\",\"inLanguage\":\"lv-LV\",\"@id\":\"https:\/\/izglitiba.valmierasnovads.lv\/piispriditis\/#\/schema\/logo\/image\/\",\"url\":\"https:\/\/izglitiba.valmierasnovads.lv\/piispriditis\/wp-content\/uploads\/sites\/19\/2026\/04\/cropped-SPRIDITIS-LOGO-300x70-1.png\",\"contentUrl\":\"https:\/\/izglitiba.valmierasnovads.lv\/piispriditis\/wp-content\/uploads\/sites\/19\/2026\/04\/cropped-SPRIDITIS-LOGO-300x70-1.png\",\"width\":1095,\"height\":292,\"caption\":\"PII &quot;Spr\u012bd\u012btis&quot;\"},\"image\":{\"@id\":\"https:\/\/izglitiba.valmierasnovads.lv\/piispriditis\/#\/schema\/logo\/image\/\"}}]}<\/script>\n<!-- \/ Yoast SEO plugin. -->","yoast_head_json":{"title":"Pirmie so\u013ci b\u0113rnud\u0101rz\u0101 - PII &quot;Spr\u012bd\u012btis&quot;","robots":{"index":"index","follow":"follow","max-snippet":"max-snippet:-1","max-image-preview":"max-image-preview:large","max-video-preview":"max-video-preview:-1"},"canonical":"https:\/\/izglitiba.valmierasnovads.lv\/piispriditis\/pirmie-soli-bernudarza\/","og_locale":"lv_LV","og_type":"article","og_title":"Pirmie so\u013ci b\u0113rnud\u0101rz\u0101 - PII &quot;Spr\u012bd\u012btis&quot;","og_description":"B\u0113rns m\u0101j\u0101s B\u0113rns b\u0113rnud\u0101rz\u0101 Vec\u0101ku atbalsts b\u0113rnam B\u0113rns mostas, kad ir izgul\u0113jies, \u0113d un rota\u013c\u0101jas, kad to v\u0113las Ir noteikts [&hellip;]","og_url":"https:\/\/izglitiba.valmierasnovads.lv\/piispriditis\/pirmie-soli-bernudarza\/","og_site_name":"PII &quot;Spr\u012bd\u012btis&quot;","article_modified_time":"2026-04-23T09:50:43+00:00","twitter_card":"summary_large_image","twitter_misc":{"Est. reading time":"5 min\u016btes"},"schema":{"@context":"https:\/\/schema.org","@graph":[{"@type":"WebPage","@id":"https:\/\/izglitiba.valmierasnovads.lv\/piispriditis\/pirmie-soli-bernudarza\/","url":"https:\/\/izglitiba.valmierasnovads.lv\/piispriditis\/pirmie-soli-bernudarza\/","name":"Pirmie so\u013ci b\u0113rnud\u0101rz\u0101 - PII &quot;Spr\u012bd\u012btis&quot;","isPartOf":{"@id":"https:\/\/izglitiba.valmierasnovads.lv\/piispriditis\/#website"},"datePublished":"2026-04-23T09:24:46+00:00","dateModified":"2026-04-23T09:50:43+00:00","breadcrumb":{"@id":"https:\/\/izglitiba.valmierasnovads.lv\/piispriditis\/pirmie-soli-bernudarza\/#breadcrumb"},"inLanguage":"lv-LV","potentialAction":[{"@type":"ReadAction","target":["https:\/\/izglitiba.valmierasnovads.lv\/piispriditis\/pirmie-soli-bernudarza\/"]}]},{"@type":"BreadcrumbList","@id":"https:\/\/izglitiba.valmierasnovads.lv\/piispriditis\/pirmie-soli-bernudarza\/#breadcrumb","itemListElement":[{"@type":"ListItem","position":1,"name":"Home","item":"https:\/\/izglitiba.valmierasnovads.lv\/piispriditis\/"},{"@type":"ListItem","position":2,"name":"Pirmie so\u013ci b\u0113rnud\u0101rz\u0101"}]},{"@type":"WebSite","@id":"https:\/\/izglitiba.valmierasnovads.lv\/piispriditis\/#website","url":"https:\/\/izglitiba.valmierasnovads.lv\/piispriditis\/","name":"PII &quot;Spr\u012bd\u012btis&quot;","description":"","publisher":{"@id":"https:\/\/izglitiba.valmierasnovads.lv\/piispriditis\/#organization"},"potentialAction":[{"@type":"SearchAction","target":{"@type":"EntryPoint","urlTemplate":"https:\/\/izglitiba.valmierasnovads.lv\/piispriditis\/?s={search_term_string}"},"query-input":{"@type":"PropertyValueSpecification","valueRequired":true,"valueName":"search_term_string"}}],"inLanguage":"lv-LV"},{"@type":"Organization","@id":"https:\/\/izglitiba.valmierasnovads.lv\/piispriditis\/#organization","name":"PII &quot;Spr\u012bd\u012btis&quot;","url":"https:\/\/izglitiba.valmierasnovads.lv\/piispriditis\/","logo":{"@type":"ImageObject","inLanguage":"lv-LV","@id":"https:\/\/izglitiba.valmierasnovads.lv\/piispriditis\/#\/schema\/logo\/image\/","url":"https:\/\/izglitiba.valmierasnovads.lv\/piispriditis\/wp-content\/uploads\/sites\/19\/2026\/04\/cropped-SPRIDITIS-LOGO-300x70-1.png","contentUrl":"https:\/\/izglitiba.valmierasnovads.lv\/piispriditis\/wp-content\/uploads\/sites\/19\/2026\/04\/cropped-SPRIDITIS-LOGO-300x70-1.png","width":1095,"height":292,"caption":"PII &quot;Spr\u012bd\u012btis&quot;"},"image":{"@id":"https:\/\/izglitiba.valmierasnovads.lv\/piispriditis\/#\/schema\/logo\/image\/"}}]}},"_links":{"self":[{"href":"https:\/\/izglitiba.valmierasnovads.lv\/piispriditis\/wp-json\/wp\/v2\/pages\/1028","targetHints":{"allow":["GET"]}}],"collection":[{"href":"https:\/\/izglitiba.valmierasnovads.lv\/piispriditis\/wp-json\/wp\/v2\/pages"}],"about":[{"href":"https:\/\/izglitiba.valmierasnovads.lv\/piispriditis\/wp-json\/wp\/v2\/types\/page"}],"author":[{"embeddable":true,"href":"https:\/\/izglitiba.valmierasnovads.lv\/piispriditis\/wp-json\/wp\/v2\/users\/55"}],"replies":[{"embeddable":true,"href":"https:\/\/izglitiba.valmierasnovads.lv\/piispriditis\/wp-json\/wp\/v2\/comments?post=1028"}],"version-history":[{"count":2,"href":"https:\/\/izglitiba.valmierasnovads.lv\/piispriditis\/wp-json\/wp\/v2\/pages\/1028\/revisions"}],"predecessor-version":[{"id":1031,"href":"https:\/\/izglitiba.valmierasnovads.lv\/piispriditis\/wp-json\/wp\/v2\/pages\/1028\/revisions\/1031"}],"wp:attachment":[{"href":"https:\/\/izglitiba.valmierasnovads.lv\/piispriditis\/wp-json\/wp\/v2\/media?parent=1028"}],"curies":[{"name":"wp","href":"https:\/\/api.w.org\/{rel}","templated":true}]}}