{"id":13,"date":"2025-04-23T16:03:29","date_gmt":"2025-04-23T13:03:29","guid":{"rendered":"https:\/\/izglitiba.valmierasnovads.lv\/piispriditis\/pieklustamiba\/"},"modified":"2026-04-01T15:30:25","modified_gmt":"2026-04-01T12:30:25","slug":"pieklustamiba","status":"publish","type":"page","link":"https:\/\/izglitiba.valmierasnovads.lv\/piispriditis\/pieklustamiba\/","title":{"rendered":"Piek\u013c\u016bstam\u012bba"},"content":{"rendered":"\n                            <p>T\u012bmek\u013cvietne\u00a0veidota,\u00a0vadoties\u00a0p\u0113c\u00a0starptautisk\u0101m\u00a0norm\u0101m\u00a0un\u00a0standartiem,\u00a0lai\u00a0nodro\u0161in\u0101tu\u00a0piek\u013c\u016bstam\u012bbu\u00a0ikvienam\u00a0satura\u00a0interesentam.\u00a0Piek\u013c\u016bstam\u012bbas\u00a0principi\u00a0paredz\u00a0funkcionalit\u0101tes\u00a0daudzveid\u012bbu\u00a0un\u00a0j\u0113gpilnumu.\u00a0Aicin\u0101m\u00a0sazin\u0101ties\u00a0ar\u00a0mums, ja\u00a0t\u012bmek\u013cvietnes\u00a0izmanto\u0161anas\u00a0laik\u0101\u00a0saskaraties\u00a0ar\u00a0k\u013c\u016bd\u0101m\u00a0vai\u00a0ne\u0113rt\u012bb\u0101m, \u2013\u00a0J\u016bsu\u00a0viedoklis\u00a0t\u012bmek\u013cvietni\u00a0\u013caus\u00a0padar\u012bt\u00a0v\u0113l\u00a0\u0113rt\u0101ku. \u0112rt\u0101kai sazi\u0146ai l\u016bdzam izmantot m\u016bsu epastu: <a href=\"mailto:info@valmierasnovads.lv\" target=\"_blank\" rel=\"noreferrer noopener\">info@valmierasnovads.lv<\/a><\/p>\n                            \n\n                            \n                            <p><strong>Iesp\u0113ju raksturojums<\/strong><\/p>\n                            \n\n                            \n                            <p>\u0160aj\u0101 t\u012bmek\u013cu vietn\u0113 Jums ir iesp\u0113jams:<\/p>\n                            \n\n                            \n                            <ul class=\"wp-block-list\">\n                            <li>P\u0101rvietoties, izmantojot tikai tastat\u016bru;<\/li>\n                            \n\n                            \n                            <li>Tuvin\u0101t saturu 100%, 150% vai 200%;<\/li>\n                            \n\n                            \n                            <li>Main\u012bt kontrastu;<\/li>\n                            \n\n                            \n                            <li>Las\u012bt saturu vieglaj\u0101 valod\u0101.<\/li>\n                            <\/ul>\n                            \n\n                            \n                            <p><\/p>\n                            ","protected":false},"excerpt":{"rendered":"<p>T\u012bmek\u013cvietne\u00a0veidota,\u00a0vadoties\u00a0p\u0113c\u00a0starptautisk\u0101m\u00a0norm\u0101m\u00a0un\u00a0standartiem,\u00a0lai\u00a0nodro\u0161in\u0101tu\u00a0piek\u013c\u016bstam\u012bbu\u00a0ikvienam\u00a0satura\u00a0interesentam.\u00a0Piek\u013c\u016bstam\u012bbas\u00a0principi\u00a0paredz\u00a0funkcionalit\u0101tes\u00a0daudzveid\u012bbu\u00a0un\u00a0j\u0113gpilnumu.\u00a0Aicin\u0101m\u00a0sazin\u0101ties\u00a0ar\u00a0mums, ja\u00a0t\u012bmek\u013cvietnes\u00a0izmanto\u0161anas\u00a0laik\u0101\u00a0saskaraties\u00a0ar\u00a0k\u013c\u016bd\u0101m\u00a0vai\u00a0ne\u0113rt\u012bb\u0101m, \u2013\u00a0J\u016bsu\u00a0viedoklis\u00a0t\u012bmek\u013cvietni\u00a0\u013caus\u00a0padar\u012bt\u00a0v\u0113l\u00a0\u0113rt\u0101ku. \u0112rt\u0101kai sazi\u0146ai l\u016bdzam izmantot m\u016bsu epastu: info@valmierasnovads.lv Iesp\u0113ju raksturojums \u0160aj\u0101 t\u012bmek\u013cu vietn\u0113 Jums ir iesp\u0113jams:<\/p>\n","protected":false},"author":1,"featured_media":0,"parent":0,"menu_order":0,"comment_status":"closed","ping_status":"closed","template":"","meta":{"_acf_changed":false,"site-sidebar-layout":"default","site-content-layout":"","ast-site-content-layout":"default","site-content-style":"default","site-sidebar-style":"default","ast-global-header-display":"","ast-banner-title-visibility":"","ast-main-header-display":"","ast-hfb-above-header-display":"","ast-hfb-below-header-display":"","ast-hfb-mobile-header-display":"","site-post-title":"","ast-breadcrumbs-content":"","ast-featured-img":"","footer-sml-layout":"","ast-disable-related-posts":"","theme-transparent-header-meta":"","adv-header-id-meta":"","stick-header-meta":"","header-above-stick-meta":"","header-main-stick-meta":"","header-below-stick-meta":"","astra-migrate-meta-layouts":"default","ast-page-background-enabled":"default","ast-page-background-meta":{"desktop":{"background-color":"var(--ast-global-color-5)","background-image":"","background-repeat":"repeat","background-position":"center center","background-size":"auto","background-attachment":"scroll","background-type":"","background-media":"","overlay-type":"","overlay-color":"","overlay-opacity":"","overlay-gradient":""},"tablet":{"background-color":"","background-image":"","background-repeat":"repeat","background-position":"center center","background-size":"auto","background-attachment":"scroll","background-type":"","background-media":"","overlay-type":"","overlay-color":"","overlay-opacity":"","overlay-gradient":""},"mobile":{"background-color":"","background-image":"","background-repeat":"repeat","background-position":"center center","background-size":"auto","background-attachment":"scroll","background-type":"","background-media":"","overlay-type":"","overlay-color":"","overlay-opacity":"","overlay-gradient":""}},"ast-content-background-meta":{"desktop":{"background-color":"var(--ast-global-color-4)","background-image":"","background-repeat":"repeat","background-position":"center center","background-size":"auto","background-attachment":"scroll","background-type":"","background-media":"","overlay-type":"","overlay-color":"","overlay-opacity":"","overlay-gradient":""},"tablet":{"background-color":"var(--ast-global-color-4)","background-image":"","background-repeat":"repeat","background-position":"center center","background-size":"auto","background-attachment":"scroll","background-type":"","background-media":"","overlay-type":"","overlay-color":"","overlay-opacity":"","overlay-gradient":""},"mobile":{"background-color":"var(--ast-global-color-4)","background-image":"","background-repeat":"repeat","background-position":"center center","background-size":"auto","background-attachment":"scroll","background-type":"","background-media":"","overlay-type":"","overlay-color":"","overlay-opacity":"","overlay-gradient":""}},"footnotes":""},"class_list":["post-13","page","type-page","status-publish","hentry"],"acf":[],"yoast_head":"<!-- This site is optimized with the Yoast SEO plugin v27.0 - https:\/\/yoast.com\/product\/yoast-seo-wordpress\/ -->\n<title>Piek\u013c\u016bstam\u012bba - PII &quot;Spr\u012bd\u012btis&quot;<\/title>\n<meta name=\"robots\" content=\"index, follow, max-snippet:-1, max-image-preview:large, max-video-preview:-1\" \/>\n<link rel=\"canonical\" href=\"https:\/\/izglitiba.valmierasnovads.lv\/piispriditis\/pieklustamiba\/\" \/>\n<meta property=\"og:locale\" content=\"lv_LV\" \/>\n<meta property=\"og:type\" content=\"article\" \/>\n<meta property=\"og:title\" content=\"Piek\u013c\u016bstam\u012bba - PII &quot;Spr\u012bd\u012btis&quot;\" \/>\n<meta property=\"og:description\" content=\"T\u012bmek\u013cvietne\u00a0veidota,\u00a0vadoties\u00a0p\u0113c\u00a0starptautisk\u0101m\u00a0norm\u0101m\u00a0un\u00a0standartiem,\u00a0lai\u00a0nodro\u0161in\u0101tu\u00a0piek\u013c\u016bstam\u012bbu\u00a0ikvienam\u00a0satura\u00a0interesentam.\u00a0Piek\u013c\u016bstam\u012bbas\u00a0principi\u00a0paredz\u00a0funkcionalit\u0101tes\u00a0daudzveid\u012bbu\u00a0un\u00a0j\u0113gpilnumu.\u00a0Aicin\u0101m\u00a0sazin\u0101ties\u00a0ar\u00a0mums, ja\u00a0t\u012bmek\u013cvietnes\u00a0izmanto\u0161anas\u00a0laik\u0101\u00a0saskaraties\u00a0ar\u00a0k\u013c\u016bd\u0101m\u00a0vai\u00a0ne\u0113rt\u012bb\u0101m, \u2013\u00a0J\u016bsu\u00a0viedoklis\u00a0t\u012bmek\u013cvietni\u00a0\u013caus\u00a0padar\u012bt\u00a0v\u0113l\u00a0\u0113rt\u0101ku. \u0112rt\u0101kai sazi\u0146ai l\u016bdzam izmantot m\u016bsu epastu: info@valmierasnovads.lv Iesp\u0113ju raksturojums \u0160aj\u0101 t\u012bmek\u013cu vietn\u0113 Jums ir iesp\u0113jams:\" \/>\n<meta property=\"og:url\" content=\"https:\/\/izglitiba.valmierasnovads.lv\/piispriditis\/pieklustamiba\/\" \/>\n<meta property=\"og:site_name\" content=\"PII &quot;Spr\u012bd\u012btis&quot;\" \/>\n<meta property=\"article:modified_time\" content=\"2026-04-01T12:30:25+00:00\" \/>\n<meta name=\"twitter:card\" content=\"summary_large_image\" \/>\n<meta name=\"twitter:label1\" content=\"Est. reading time\" \/>\n\t<meta name=\"twitter:data1\" content=\"1 min\u016bte\" \/>\n<script type=\"application\/ld+json\" class=\"yoast-schema-graph\">{\"@context\":\"https:\/\/schema.org\",\"@graph\":[{\"@type\":\"WebPage\",\"@id\":\"https:\/\/izglitiba.valmierasnovads.lv\/piispriditis\/pieklustamiba\/\",\"url\":\"https:\/\/izglitiba.valmierasnovads.lv\/piispriditis\/pieklustamiba\/\",\"name\":\"Piek\u013c\u016bstam\u012bba - PII &quot;Spr\u012bd\u012btis&quot;\",\"isPartOf\":{\"@id\":\"https:\/\/izglitiba.valmierasnovads.lv\/piispriditis\/#website\"},\"datePublished\":\"2025-04-23T13:03:29+00:00\",\"dateModified\":\"2026-04-01T12:30:25+00:00\",\"breadcrumb\":{\"@id\":\"https:\/\/izglitiba.valmierasnovads.lv\/piispriditis\/pieklustamiba\/#breadcrumb\"},\"inLanguage\":\"lv-LV\",\"potentialAction\":[{\"@type\":\"ReadAction\",\"target\":[\"https:\/\/izglitiba.valmierasnovads.lv\/piispriditis\/pieklustamiba\/\"]}]},{\"@type\":\"BreadcrumbList\",\"@id\":\"https:\/\/izglitiba.valmierasnovads.lv\/piispriditis\/pieklustamiba\/#breadcrumb\",\"itemListElement\":[{\"@type\":\"ListItem\",\"position\":1,\"name\":\"Home\",\"item\":\"https:\/\/izglitiba.valmierasnovads.lv\/piispriditis\/\"},{\"@type\":\"ListItem\",\"position\":2,\"name\":\"Piek\u013c\u016bstam\u012bba\"}]},{\"@type\":\"WebSite\",\"@id\":\"https:\/\/izglitiba.valmierasnovads.lv\/piispriditis\/#website\",\"url\":\"https:\/\/izglitiba.valmierasnovads.lv\/piispriditis\/\",\"name\":\"PII &quot;Spr\u012bd\u012btis&quot;\",\"description\":\"\",\"publisher\":{\"@id\":\"https:\/\/izglitiba.valmierasnovads.lv\/piispriditis\/#organization\"},\"potentialAction\":[{\"@type\":\"SearchAction\",\"target\":{\"@type\":\"EntryPoint\",\"urlTemplate\":\"https:\/\/izglitiba.valmierasnovads.lv\/piispriditis\/?s={search_term_string}\"},\"query-input\":{\"@type\":\"PropertyValueSpecification\",\"valueRequired\":true,\"valueName\":\"search_term_string\"}}],\"inLanguage\":\"lv-LV\"},{\"@type\":\"Organization\",\"@id\":\"https:\/\/izglitiba.valmierasnovads.lv\/piispriditis\/#organization\",\"name\":\"PII &quot;Spr\u012bd\u012btis&quot;\",\"url\":\"https:\/\/izglitiba.valmierasnovads.lv\/piispriditis\/\",\"logo\":{\"@type\":\"ImageObject\",\"inLanguage\":\"lv-LV\",\"@id\":\"https:\/\/izglitiba.valmierasnovads.lv\/piispriditis\/#\/schema\/logo\/image\/\",\"url\":\"https:\/\/izglitiba.valmierasnovads.lv\/piispriditis\/wp-content\/uploads\/sites\/19\/2026\/03\/cropped-Pirmsskolas-izglitibas-iestades-ar-pasu-logo-11-scaled-1.png\",\"contentUrl\":\"https:\/\/izglitiba.valmierasnovads.lv\/piispriditis\/wp-content\/uploads\/sites\/19\/2026\/03\/cropped-Pirmsskolas-izglitibas-iestades-ar-pasu-logo-11-scaled-1.png\",\"width\":1447,\"height\":222,\"caption\":\"PII &quot;Spr\u012bd\u012btis&quot;\"},\"image\":{\"@id\":\"https:\/\/izglitiba.valmierasnovads.lv\/piispriditis\/#\/schema\/logo\/image\/\"}}]}<\/script>\n<!-- \/ Yoast SEO plugin. -->","yoast_head_json":{"title":"Piek\u013c\u016bstam\u012bba - PII &quot;Spr\u012bd\u012btis&quot;","robots":{"index":"index","follow":"follow","max-snippet":"max-snippet:-1","max-image-preview":"max-image-preview:large","max-video-preview":"max-video-preview:-1"},"canonical":"https:\/\/izglitiba.valmierasnovads.lv\/piispriditis\/pieklustamiba\/","og_locale":"lv_LV","og_type":"article","og_title":"Piek\u013c\u016bstam\u012bba - PII &quot;Spr\u012bd\u012btis&quot;","og_description":"T\u012bmek\u013cvietne\u00a0veidota,\u00a0vadoties\u00a0p\u0113c\u00a0starptautisk\u0101m\u00a0norm\u0101m\u00a0un\u00a0standartiem,\u00a0lai\u00a0nodro\u0161in\u0101tu\u00a0piek\u013c\u016bstam\u012bbu\u00a0ikvienam\u00a0satura\u00a0interesentam.\u00a0Piek\u013c\u016bstam\u012bbas\u00a0principi\u00a0paredz\u00a0funkcionalit\u0101tes\u00a0daudzveid\u012bbu\u00a0un\u00a0j\u0113gpilnumu.\u00a0Aicin\u0101m\u00a0sazin\u0101ties\u00a0ar\u00a0mums, ja\u00a0t\u012bmek\u013cvietnes\u00a0izmanto\u0161anas\u00a0laik\u0101\u00a0saskaraties\u00a0ar\u00a0k\u013c\u016bd\u0101m\u00a0vai\u00a0ne\u0113rt\u012bb\u0101m, \u2013\u00a0J\u016bsu\u00a0viedoklis\u00a0t\u012bmek\u013cvietni\u00a0\u013caus\u00a0padar\u012bt\u00a0v\u0113l\u00a0\u0113rt\u0101ku. \u0112rt\u0101kai sazi\u0146ai l\u016bdzam izmantot m\u016bsu epastu: info@valmierasnovads.lv Iesp\u0113ju raksturojums \u0160aj\u0101 t\u012bmek\u013cu vietn\u0113 Jums ir iesp\u0113jams:","og_url":"https:\/\/izglitiba.valmierasnovads.lv\/piispriditis\/pieklustamiba\/","og_site_name":"PII &quot;Spr\u012bd\u012btis&quot;","article_modified_time":"2026-04-01T12:30:25+00:00","twitter_card":"summary_large_image","twitter_misc":{"Est. reading time":"1 min\u016bte"},"schema":{"@context":"https:\/\/schema.org","@graph":[{"@type":"WebPage","@id":"https:\/\/izglitiba.valmierasnovads.lv\/piispriditis\/pieklustamiba\/","url":"https:\/\/izglitiba.valmierasnovads.lv\/piispriditis\/pieklustamiba\/","name":"Piek\u013c\u016bstam\u012bba - PII &quot;Spr\u012bd\u012btis&quot;","isPartOf":{"@id":"https:\/\/izglitiba.valmierasnovads.lv\/piispriditis\/#website"},"datePublished":"2025-04-23T13:03:29+00:00","dateModified":"2026-04-01T12:30:25+00:00","breadcrumb":{"@id":"https:\/\/izglitiba.valmierasnovads.lv\/piispriditis\/pieklustamiba\/#breadcrumb"},"inLanguage":"lv-LV","potentialAction":[{"@type":"ReadAction","target":["https:\/\/izglitiba.valmierasnovads.lv\/piispriditis\/pieklustamiba\/"]}]},{"@type":"BreadcrumbList","@id":"https:\/\/izglitiba.valmierasnovads.lv\/piispriditis\/pieklustamiba\/#breadcrumb","itemListElement":[{"@type":"ListItem","position":1,"name":"Home","item":"https:\/\/izglitiba.valmierasnovads.lv\/piispriditis\/"},{"@type":"ListItem","position":2,"name":"Piek\u013c\u016bstam\u012bba"}]},{"@type":"WebSite","@id":"https:\/\/izglitiba.valmierasnovads.lv\/piispriditis\/#website","url":"https:\/\/izglitiba.valmierasnovads.lv\/piispriditis\/","name":"PII &quot;Spr\u012bd\u012btis&quot;","description":"","publisher":{"@id":"https:\/\/izglitiba.valmierasnovads.lv\/piispriditis\/#organization"},"potentialAction":[{"@type":"SearchAction","target":{"@type":"EntryPoint","urlTemplate":"https:\/\/izglitiba.valmierasnovads.lv\/piispriditis\/?s={search_term_string}"},"query-input":{"@type":"PropertyValueSpecification","valueRequired":true,"valueName":"search_term_string"}}],"inLanguage":"lv-LV"},{"@type":"Organization","@id":"https:\/\/izglitiba.valmierasnovads.lv\/piispriditis\/#organization","name":"PII &quot;Spr\u012bd\u012btis&quot;","url":"https:\/\/izglitiba.valmierasnovads.lv\/piispriditis\/","logo":{"@type":"ImageObject","inLanguage":"lv-LV","@id":"https:\/\/izglitiba.valmierasnovads.lv\/piispriditis\/#\/schema\/logo\/image\/","url":"https:\/\/izglitiba.valmierasnovads.lv\/piispriditis\/wp-content\/uploads\/sites\/19\/2026\/03\/cropped-Pirmsskolas-izglitibas-iestades-ar-pasu-logo-11-scaled-1.png","contentUrl":"https:\/\/izglitiba.valmierasnovads.lv\/piispriditis\/wp-content\/uploads\/sites\/19\/2026\/03\/cropped-Pirmsskolas-izglitibas-iestades-ar-pasu-logo-11-scaled-1.png","width":1447,"height":222,"caption":"PII &quot;Spr\u012bd\u012btis&quot;"},"image":{"@id":"https:\/\/izglitiba.valmierasnovads.lv\/piispriditis\/#\/schema\/logo\/image\/"}}]}},"_links":{"self":[{"href":"https:\/\/izglitiba.valmierasnovads.lv\/piispriditis\/wp-json\/wp\/v2\/pages\/13","targetHints":{"allow":["GET"]}}],"collection":[{"href":"https:\/\/izglitiba.valmierasnovads.lv\/piispriditis\/wp-json\/wp\/v2\/pages"}],"about":[{"href":"https:\/\/izglitiba.valmierasnovads.lv\/piispriditis\/wp-json\/wp\/v2\/types\/page"}],"author":[{"embeddable":true,"href":"https:\/\/izglitiba.valmierasnovads.lv\/piispriditis\/wp-json\/wp\/v2\/users\/1"}],"replies":[{"embeddable":true,"href":"https:\/\/izglitiba.valmierasnovads.lv\/piispriditis\/wp-json\/wp\/v2\/comments?post=13"}],"version-history":[{"count":1,"href":"https:\/\/izglitiba.valmierasnovads.lv\/piispriditis\/wp-json\/wp\/v2\/pages\/13\/revisions"}],"predecessor-version":[{"id":592,"href":"https:\/\/izglitiba.valmierasnovads.lv\/piispriditis\/wp-json\/wp\/v2\/pages\/13\/revisions\/592"}],"wp:attachment":[{"href":"https:\/\/izglitiba.valmierasnovads.lv\/piispriditis\/wp-json\/wp\/v2\/media?parent=13"}],"curies":[{"name":"wp","href":"https:\/\/api.w.org\/{rel}","templated":true}]}}