{"id":15,"date":"2025-04-23T16:03:29","date_gmt":"2025-04-23T13:03:29","guid":{"rendered":"https:\/\/izglitiba.valmierasnovads.lv\/piispriditis\/personas-datu-aizsardziba\/"},"modified":"2026-04-01T15:30:25","modified_gmt":"2026-04-01T12:30:25","slug":"personas-datu-aizsardziba","status":"publish","type":"page","link":"https:\/\/izglitiba.valmierasnovads.lv\/piispriditis\/personas-datu-aizsardziba\/","title":{"rendered":"Personas datu aizsardz\u012bba"},"content":{"rendered":"\n                            <p>Valmieras novada pa\u0161vald\u012bba (turpm\u0101k \u2013 Pa\u0161vald\u012bba) pilda normat\u012bvajos aktos noteikt\u0101s funkcijas, sniedzot novada iedz\u012bvot\u0101jiem un viesiem pakalpojumus, iev\u0113rojot katras fizisk\u0101s personas (turpm\u0101k \u2013 Persona) individu\u0101l\u0101s vajadz\u012bbas. \u0160o funkciju \u012bsteno\u0161ana neizb\u0113gami saist\u012bta ar personas datu apstr\u0101di. Pa\u0161vald\u012bba ciena Personas priv\u0101tumu un ap\u0146emas to nodro\u0161in\u0101t atbilsto\u0161i \u0161ai priv\u0101tuma politikai.<\/p>\n                            \n\n                            \n                            <div class=\"wp-block-file\"><a id=\"wp-block-file--media-2eda38eb-631e-403f-8c25-17015533051f\" href=\"https:\/\/izglitiba.valmierasnovads.lv\/wp-content\/uploads\/2025\/02\/Valmieras-novada-pasvaldibas-Privatuma-politika.pdf\" target=\"_blank\" rel=\"noreferrer noopener\">Valmieras novada pa\u0161vald\u012bbas Priv\u0101tuma politika<\/a><a href=\"https:\/\/izglitiba.valmierasnovads.lv\/wp-content\/uploads\/2025\/02\/Valmieras-novada-pasvaldibas-Privatuma-politika.pdf\" class=\"wp-block-file__button wp-element-button\" download aria-describedby=\"wp-block-file--media-2eda38eb-631e-403f-8c25-17015533051f\">Lejupiel\u0101d\u0113t<\/a><\/div>\n                            \n\n                            \n                            <p><strong>P\u0101rzinis <\/strong>\u2013 Valmieras novada pa\u0161vald\u012bba, re\u0123.Nr.90000043403, adrese: L\u0101\u010dpl\u0113\u0161a iela 2, Valmiera, LV-4201, t\u0101lrunis 64207120, elektronisk\u0101 adrese: <a href=\"mailto:pasts@valmierasnovads.lv\" target=\"_blank\" rel=\"noreferrer noopener\">pasts@valmierasnovads.lv<\/a>, vair\u0101k inform\u0101cijas <a href=\"http:\/\/www.valmierasnovads.lv\" target=\"_blank\" rel=\"noreferrer noopener\">www.valmierasnovads.lv<\/a>.<\/p>\n                            \n\n                            \n                            <p><strong>Personas datu aizsardz\u012bbas speci\u0101lists<\/strong> \u2013 kontaktinform\u0101cija: te.nr. 64210687, elektronisk\u0101 pasta adrese <a href=\"mailto:datuspecialists@valmierasnovads.lv\" target=\"_blank\" rel=\"noreferrer noopener\">datuspecialists@valmierasnovads.lv<\/a><\/p>\n                            ","protected":false},"excerpt":{"rendered":"<p>Valmieras novada pa\u0161vald\u012bba (turpm\u0101k \u2013 Pa\u0161vald\u012bba) pilda normat\u012bvajos aktos noteikt\u0101s funkcijas, sniedzot novada iedz\u012bvot\u0101jiem un viesiem pakalpojumus, iev\u0113rojot katras fizisk\u0101s [&hellip;]<\/p>\n","protected":false},"author":1,"featured_media":0,"parent":0,"menu_order":0,"comment_status":"closed","ping_status":"closed","template":"","meta":{"_acf_changed":false,"site-sidebar-layout":"default","site-content-layout":"","ast-site-content-layout":"default","site-content-style":"default","site-sidebar-style":"default","ast-global-header-display":"","ast-banner-title-visibility":"","ast-main-header-display":"","ast-hfb-above-header-display":"","ast-hfb-below-header-display":"","ast-hfb-mobile-header-display":"","site-post-title":"","ast-breadcrumbs-content":"","ast-featured-img":"","footer-sml-layout":"","ast-disable-related-posts":"","theme-transparent-header-meta":"","adv-header-id-meta":"","stick-header-meta":"","header-above-stick-meta":"","header-main-stick-meta":"","header-below-stick-meta":"","astra-migrate-meta-layouts":"default","ast-page-background-enabled":"default","ast-page-background-meta":{"desktop":{"background-color":"var(--ast-global-color-5)","background-image":"","background-repeat":"repeat","background-position":"center center","background-size":"auto","background-attachment":"scroll","background-type":"","background-media":"","overlay-type":"","overlay-color":"","overlay-opacity":"","overlay-gradient":""},"tablet":{"background-color":"","background-image":"","background-repeat":"repeat","background-position":"center center","background-size":"auto","background-attachment":"scroll","background-type":"","background-media":"","overlay-type":"","overlay-color":"","overlay-opacity":"","overlay-gradient":""},"mobile":{"background-color":"","background-image":"","background-repeat":"repeat","background-position":"center center","background-size":"auto","background-attachment":"scroll","background-type":"","background-media":"","overlay-type":"","overlay-color":"","overlay-opacity":"","overlay-gradient":""}},"ast-content-background-meta":{"desktop":{"background-color":"var(--ast-global-color-4)","background-image":"","background-repeat":"repeat","background-position":"center center","background-size":"auto","background-attachment":"scroll","background-type":"","background-media":"","overlay-type":"","overlay-color":"","overlay-opacity":"","overlay-gradient":""},"tablet":{"background-color":"var(--ast-global-color-4)","background-image":"","background-repeat":"repeat","background-position":"center center","background-size":"auto","background-attachment":"scroll","background-type":"","background-media":"","overlay-type":"","overlay-color":"","overlay-opacity":"","overlay-gradient":""},"mobile":{"background-color":"var(--ast-global-color-4)","background-image":"","background-repeat":"repeat","background-position":"center center","background-size":"auto","background-attachment":"scroll","background-type":"","background-media":"","overlay-type":"","overlay-color":"","overlay-opacity":"","overlay-gradient":""}},"footnotes":""},"class_list":["post-15","page","type-page","status-publish","hentry"],"acf":[],"yoast_head":"<!-- This site is optimized with the Yoast SEO plugin v27.0 - https:\/\/yoast.com\/product\/yoast-seo-wordpress\/ -->\n<title>Personas datu aizsardz\u012bba - PII &quot;Spr\u012bd\u012btis&quot;<\/title>\n<meta name=\"robots\" content=\"index, follow, max-snippet:-1, max-image-preview:large, max-video-preview:-1\" \/>\n<link rel=\"canonical\" href=\"https:\/\/izglitiba.valmierasnovads.lv\/piispriditis\/personas-datu-aizsardziba\/\" \/>\n<meta property=\"og:locale\" content=\"lv_LV\" \/>\n<meta property=\"og:type\" content=\"article\" \/>\n<meta property=\"og:title\" content=\"Personas datu aizsardz\u012bba - PII &quot;Spr\u012bd\u012btis&quot;\" \/>\n<meta property=\"og:description\" content=\"Valmieras novada pa\u0161vald\u012bba (turpm\u0101k \u2013 Pa\u0161vald\u012bba) pilda normat\u012bvajos aktos noteikt\u0101s funkcijas, sniedzot novada iedz\u012bvot\u0101jiem un viesiem pakalpojumus, iev\u0113rojot katras fizisk\u0101s [&hellip;]\" \/>\n<meta property=\"og:url\" content=\"https:\/\/izglitiba.valmierasnovads.lv\/piispriditis\/personas-datu-aizsardziba\/\" \/>\n<meta property=\"og:site_name\" content=\"PII &quot;Spr\u012bd\u012btis&quot;\" \/>\n<meta property=\"article:modified_time\" content=\"2026-04-01T12:30:25+00:00\" \/>\n<meta name=\"twitter:card\" content=\"summary_large_image\" \/>\n<meta name=\"twitter:label1\" content=\"Est. reading time\" \/>\n\t<meta name=\"twitter:data1\" content=\"1 min\u016bte\" \/>\n<script type=\"application\/ld+json\" class=\"yoast-schema-graph\">{\"@context\":\"https:\/\/schema.org\",\"@graph\":[{\"@type\":\"WebPage\",\"@id\":\"https:\/\/izglitiba.valmierasnovads.lv\/piispriditis\/personas-datu-aizsardziba\/\",\"url\":\"https:\/\/izglitiba.valmierasnovads.lv\/piispriditis\/personas-datu-aizsardziba\/\",\"name\":\"Personas datu aizsardz\u012bba - PII &quot;Spr\u012bd\u012btis&quot;\",\"isPartOf\":{\"@id\":\"https:\/\/izglitiba.valmierasnovads.lv\/piispriditis\/#website\"},\"datePublished\":\"2025-04-23T13:03:29+00:00\",\"dateModified\":\"2026-04-01T12:30:25+00:00\",\"breadcrumb\":{\"@id\":\"https:\/\/izglitiba.valmierasnovads.lv\/piispriditis\/personas-datu-aizsardziba\/#breadcrumb\"},\"inLanguage\":\"lv-LV\",\"potentialAction\":[{\"@type\":\"ReadAction\",\"target\":[\"https:\/\/izglitiba.valmierasnovads.lv\/piispriditis\/personas-datu-aizsardziba\/\"]}]},{\"@type\":\"BreadcrumbList\",\"@id\":\"https:\/\/izglitiba.valmierasnovads.lv\/piispriditis\/personas-datu-aizsardziba\/#breadcrumb\",\"itemListElement\":[{\"@type\":\"ListItem\",\"position\":1,\"name\":\"Home\",\"item\":\"https:\/\/izglitiba.valmierasnovads.lv\/piispriditis\/\"},{\"@type\":\"ListItem\",\"position\":2,\"name\":\"Personas datu aizsardz\u012bba\"}]},{\"@type\":\"WebSite\",\"@id\":\"https:\/\/izglitiba.valmierasnovads.lv\/piispriditis\/#website\",\"url\":\"https:\/\/izglitiba.valmierasnovads.lv\/piispriditis\/\",\"name\":\"PII &quot;Spr\u012bd\u012btis&quot;\",\"description\":\"\",\"publisher\":{\"@id\":\"https:\/\/izglitiba.valmierasnovads.lv\/piispriditis\/#organization\"},\"potentialAction\":[{\"@type\":\"SearchAction\",\"target\":{\"@type\":\"EntryPoint\",\"urlTemplate\":\"https:\/\/izglitiba.valmierasnovads.lv\/piispriditis\/?s={search_term_string}\"},\"query-input\":{\"@type\":\"PropertyValueSpecification\",\"valueRequired\":true,\"valueName\":\"search_term_string\"}}],\"inLanguage\":\"lv-LV\"},{\"@type\":\"Organization\",\"@id\":\"https:\/\/izglitiba.valmierasnovads.lv\/piispriditis\/#organization\",\"name\":\"PII &quot;Spr\u012bd\u012btis&quot;\",\"url\":\"https:\/\/izglitiba.valmierasnovads.lv\/piispriditis\/\",\"logo\":{\"@type\":\"ImageObject\",\"inLanguage\":\"lv-LV\",\"@id\":\"https:\/\/izglitiba.valmierasnovads.lv\/piispriditis\/#\/schema\/logo\/image\/\",\"url\":\"https:\/\/izglitiba.valmierasnovads.lv\/piispriditis\/wp-content\/uploads\/sites\/19\/2026\/03\/cropped-Pirmsskolas-izglitibas-iestades-ar-pasu-logo-11-scaled-1.png\",\"contentUrl\":\"https:\/\/izglitiba.valmierasnovads.lv\/piispriditis\/wp-content\/uploads\/sites\/19\/2026\/03\/cropped-Pirmsskolas-izglitibas-iestades-ar-pasu-logo-11-scaled-1.png\",\"width\":1447,\"height\":222,\"caption\":\"PII &quot;Spr\u012bd\u012btis&quot;\"},\"image\":{\"@id\":\"https:\/\/izglitiba.valmierasnovads.lv\/piispriditis\/#\/schema\/logo\/image\/\"}}]}<\/script>\n<!-- \/ Yoast SEO plugin. -->","yoast_head_json":{"title":"Personas datu aizsardz\u012bba - PII &quot;Spr\u012bd\u012btis&quot;","robots":{"index":"index","follow":"follow","max-snippet":"max-snippet:-1","max-image-preview":"max-image-preview:large","max-video-preview":"max-video-preview:-1"},"canonical":"https:\/\/izglitiba.valmierasnovads.lv\/piispriditis\/personas-datu-aizsardziba\/","og_locale":"lv_LV","og_type":"article","og_title":"Personas datu aizsardz\u012bba - PII &quot;Spr\u012bd\u012btis&quot;","og_description":"Valmieras novada pa\u0161vald\u012bba (turpm\u0101k \u2013 Pa\u0161vald\u012bba) pilda normat\u012bvajos aktos noteikt\u0101s funkcijas, sniedzot novada iedz\u012bvot\u0101jiem un viesiem pakalpojumus, iev\u0113rojot katras fizisk\u0101s [&hellip;]","og_url":"https:\/\/izglitiba.valmierasnovads.lv\/piispriditis\/personas-datu-aizsardziba\/","og_site_name":"PII &quot;Spr\u012bd\u012btis&quot;","article_modified_time":"2026-04-01T12:30:25+00:00","twitter_card":"summary_large_image","twitter_misc":{"Est. reading time":"1 min\u016bte"},"schema":{"@context":"https:\/\/schema.org","@graph":[{"@type":"WebPage","@id":"https:\/\/izglitiba.valmierasnovads.lv\/piispriditis\/personas-datu-aizsardziba\/","url":"https:\/\/izglitiba.valmierasnovads.lv\/piispriditis\/personas-datu-aizsardziba\/","name":"Personas datu aizsardz\u012bba - PII &quot;Spr\u012bd\u012btis&quot;","isPartOf":{"@id":"https:\/\/izglitiba.valmierasnovads.lv\/piispriditis\/#website"},"datePublished":"2025-04-23T13:03:29+00:00","dateModified":"2026-04-01T12:30:25+00:00","breadcrumb":{"@id":"https:\/\/izglitiba.valmierasnovads.lv\/piispriditis\/personas-datu-aizsardziba\/#breadcrumb"},"inLanguage":"lv-LV","potentialAction":[{"@type":"ReadAction","target":["https:\/\/izglitiba.valmierasnovads.lv\/piispriditis\/personas-datu-aizsardziba\/"]}]},{"@type":"BreadcrumbList","@id":"https:\/\/izglitiba.valmierasnovads.lv\/piispriditis\/personas-datu-aizsardziba\/#breadcrumb","itemListElement":[{"@type":"ListItem","position":1,"name":"Home","item":"https:\/\/izglitiba.valmierasnovads.lv\/piispriditis\/"},{"@type":"ListItem","position":2,"name":"Personas datu aizsardz\u012bba"}]},{"@type":"WebSite","@id":"https:\/\/izglitiba.valmierasnovads.lv\/piispriditis\/#website","url":"https:\/\/izglitiba.valmierasnovads.lv\/piispriditis\/","name":"PII &quot;Spr\u012bd\u012btis&quot;","description":"","publisher":{"@id":"https:\/\/izglitiba.valmierasnovads.lv\/piispriditis\/#organization"},"potentialAction":[{"@type":"SearchAction","target":{"@type":"EntryPoint","urlTemplate":"https:\/\/izglitiba.valmierasnovads.lv\/piispriditis\/?s={search_term_string}"},"query-input":{"@type":"PropertyValueSpecification","valueRequired":true,"valueName":"search_term_string"}}],"inLanguage":"lv-LV"},{"@type":"Organization","@id":"https:\/\/izglitiba.valmierasnovads.lv\/piispriditis\/#organization","name":"PII &quot;Spr\u012bd\u012btis&quot;","url":"https:\/\/izglitiba.valmierasnovads.lv\/piispriditis\/","logo":{"@type":"ImageObject","inLanguage":"lv-LV","@id":"https:\/\/izglitiba.valmierasnovads.lv\/piispriditis\/#\/schema\/logo\/image\/","url":"https:\/\/izglitiba.valmierasnovads.lv\/piispriditis\/wp-content\/uploads\/sites\/19\/2026\/03\/cropped-Pirmsskolas-izglitibas-iestades-ar-pasu-logo-11-scaled-1.png","contentUrl":"https:\/\/izglitiba.valmierasnovads.lv\/piispriditis\/wp-content\/uploads\/sites\/19\/2026\/03\/cropped-Pirmsskolas-izglitibas-iestades-ar-pasu-logo-11-scaled-1.png","width":1447,"height":222,"caption":"PII &quot;Spr\u012bd\u012btis&quot;"},"image":{"@id":"https:\/\/izglitiba.valmierasnovads.lv\/piispriditis\/#\/schema\/logo\/image\/"}}]}},"_links":{"self":[{"href":"https:\/\/izglitiba.valmierasnovads.lv\/piispriditis\/wp-json\/wp\/v2\/pages\/15","targetHints":{"allow":["GET"]}}],"collection":[{"href":"https:\/\/izglitiba.valmierasnovads.lv\/piispriditis\/wp-json\/wp\/v2\/pages"}],"about":[{"href":"https:\/\/izglitiba.valmierasnovads.lv\/piispriditis\/wp-json\/wp\/v2\/types\/page"}],"author":[{"embeddable":true,"href":"https:\/\/izglitiba.valmierasnovads.lv\/piispriditis\/wp-json\/wp\/v2\/users\/1"}],"replies":[{"embeddable":true,"href":"https:\/\/izglitiba.valmierasnovads.lv\/piispriditis\/wp-json\/wp\/v2\/comments?post=15"}],"version-history":[{"count":1,"href":"https:\/\/izglitiba.valmierasnovads.lv\/piispriditis\/wp-json\/wp\/v2\/pages\/15\/revisions"}],"predecessor-version":[{"id":594,"href":"https:\/\/izglitiba.valmierasnovads.lv\/piispriditis\/wp-json\/wp\/v2\/pages\/15\/revisions\/594"}],"wp:attachment":[{"href":"https:\/\/izglitiba.valmierasnovads.lv\/piispriditis\/wp-json\/wp\/v2\/media?parent=15"}],"curies":[{"name":"wp","href":"https:\/\/api.w.org\/{rel}","templated":true}]}}