{"id":189,"date":"2025-08-18T22:28:50","date_gmt":"2025-08-18T19:28:50","guid":{"rendered":"https:\/\/izglitiba.valmierasnovads.lv\/piispriditis\/?page_id=189"},"modified":"2026-02-10T10:36:17","modified_gmt":"2026-02-10T08:36:17","slug":"atbalsta-personals","status":"publish","type":"page","link":"https:\/\/izglitiba.valmierasnovads.lv\/piispriditis\/atbalsta-personals\/","title":{"rendered":"Atbalsta person\u0101ls"},"content":{"rendered":"\n<div class=\"wp-block-media-text is-stacked-on-mobile\" style=\"grid-template-columns:30% auto\"><figure class=\"wp-block-media-text__media\"><img loading=\"lazy\" decoding=\"async\" width=\"769\" height=\"1024\" src=\"https:\/\/izglitiba.valmierasnovads.lv\/piispriditis\/wp-content\/uploads\/sites\/19\/2025\/08\/Atbalsta-puika-769x1024.png\" alt=\"\" class=\"wp-image-310 size-full\" srcset=\"https:\/\/izglitiba.valmierasnovads.lv\/piispriditis\/wp-content\/uploads\/sites\/19\/2025\/08\/Atbalsta-puika-769x1024.png 769w, https:\/\/izglitiba.valmierasnovads.lv\/piispriditis\/wp-content\/uploads\/sites\/19\/2025\/08\/Atbalsta-puika-225x300.png 225w, https:\/\/izglitiba.valmierasnovads.lv\/piispriditis\/wp-content\/uploads\/sites\/19\/2025\/08\/Atbalsta-puika-768x1023.png 768w, https:\/\/izglitiba.valmierasnovads.lv\/piispriditis\/wp-content\/uploads\/sites\/19\/2025\/08\/Atbalsta-puika-1153x1536.png 1153w, https:\/\/izglitiba.valmierasnovads.lv\/piispriditis\/wp-content\/uploads\/sites\/19\/2025\/08\/Atbalsta-puika.png 1180w\" sizes=\"auto, (max-width: 769px) 100vw, 769px\" \/><\/figure><div class=\"wp-block-media-text__content\">\n<p><strong>Logop\u0113di&nbsp;&nbsp;<\/strong>&nbsp;&nbsp;<\/p>\n\n\n\n<p>Ilze V\u012btola&nbsp;&nbsp;&nbsp;&nbsp;&nbsp;&nbsp;&nbsp; &nbsp;&nbsp;&nbsp;&nbsp;&nbsp;&nbsp;&nbsp;&nbsp;&nbsp;&nbsp;&nbsp; <a href=\"mailto:ilze.vitola@valmiera.edu.lv\">ilze.vitola@valmiera.edu.lv<\/a>&nbsp;&nbsp;&nbsp;&nbsp;&nbsp;&nbsp;&nbsp;&nbsp;&nbsp;&nbsp;&nbsp;&nbsp;&nbsp;&nbsp;&nbsp;&nbsp; &nbsp;&nbsp;&nbsp;&nbsp;&nbsp;&nbsp;&nbsp;&nbsp;&nbsp;&nbsp;&nbsp;<\/p>\n\n\n\n<p>Dace Alksne&nbsp;&nbsp;&nbsp; &nbsp;&nbsp;&nbsp;&nbsp;&nbsp;&nbsp;&nbsp;&nbsp;&nbsp;&nbsp;&nbsp; <a href=\"mailto:dace.alksne@valmiera.edu.lv\">dace.alksne@valmiera.edu.lv<\/a>&nbsp;&nbsp;&nbsp;&nbsp;&nbsp;&nbsp;&nbsp;&nbsp;&nbsp;&nbsp;&nbsp; &nbsp;&nbsp;&nbsp;&nbsp;&nbsp;&nbsp;&nbsp;&nbsp;&nbsp;&nbsp;&nbsp;<\/p>\n\n\n\n<p>Iveta Freimane&nbsp;&nbsp;&nbsp;&nbsp;&nbsp;&nbsp;&nbsp;&nbsp;&nbsp;&nbsp;&nbsp; <a href=\"mailto:iveta.freimane@valmiera.edu.lv\">iveta.freimane@valmiera.edu.lv<\/a>&nbsp;&nbsp;&nbsp;&nbsp;&nbsp;&nbsp;&nbsp;<\/p>\n\n\n\n<p><strong>Speci\u0101lais pedagogs<\/strong><\/p>\n\n\n\n<p>Aira Ol\u0161evska&nbsp;&nbsp;&nbsp;&nbsp;&nbsp;&nbsp;&nbsp;&nbsp;&nbsp;&nbsp;&nbsp;&nbsp; <a href=\"mailto:aira.olsevska@valmiera.edu.lv\">aira.olsevska@valmiera.edu.lv<\/a><\/p>\n\n\n\n<p>Baiba&nbsp;&nbsp; Sakne-Klov\u0101ne <a href=\"mailto:baiba.sakne-klovane@valmiera.edu.lv\">baiba.sakne-klovane@valmiera.edu.lv<\/a><\/p>\n\n\n\n<p>Ilze Kriev\u0101ne                <a href=\"mailto:ilze.krievane@valmiera.edu.lv\">ilze.krievane@valmiera.edu.lv<\/a><\/p>\n\n\n\n<p><strong>Soci\u0101lais pedagogs<\/strong><\/p>\n\n\n\n<p>Daiga K\u012bna&nbsp;&nbsp;&nbsp;&nbsp;&nbsp; &nbsp;&nbsp;&nbsp;&nbsp;&nbsp;&nbsp;&nbsp;&nbsp;&nbsp;&nbsp;&nbsp; <a href=\"mailto:daiga.kina@valmiera.edu.lv\">daiga.kina@valmiera.edu.lv<\/a>&nbsp;&nbsp;&nbsp;&nbsp;&nbsp;&nbsp;&nbsp;&nbsp;&nbsp;&nbsp;&nbsp;&nbsp;&nbsp;&nbsp; <\/p>\n\n\n\n<p><strong>Psihologs&nbsp;&nbsp;<\/strong><\/p>\n\n\n\n<p>Iluta Kristi\u0146a-Everte&nbsp;&nbsp;&nbsp; <a href=\"mailto:iluta.kristina-everte@valmiera.edu.lv\">iluta.kristina-everte@valmiera.edu.lv<\/a> &nbsp;&nbsp;&nbsp;&nbsp;&nbsp;&nbsp;<\/p>\n<\/div><\/div>\n\n\n\n<p><\/p>\n","protected":false},"excerpt":{"rendered":"<p>Logop\u0113di&nbsp;&nbsp;&nbsp;&nbsp; Ilze V\u012btola&nbsp;&nbsp;&nbsp;&nbsp;&nbsp;&nbsp;&nbsp; &nbsp;&nbsp;&nbsp;&nbsp;&nbsp;&nbsp;&nbsp;&nbsp;&nbsp;&nbsp;&nbsp; ilze.vitola@valmiera.edu.lv&nbsp;&nbsp;&nbsp;&nbsp;&nbsp;&nbsp;&nbsp;&nbsp;&nbsp;&nbsp;&nbsp;&nbsp;&nbsp;&nbsp;&nbsp;&nbsp; &nbsp;&nbsp;&nbsp;&nbsp;&nbsp;&nbsp;&nbsp;&nbsp;&nbsp;&nbsp;&nbsp; Dace Alksne&nbsp;&nbsp;&nbsp; &nbsp;&nbsp;&nbsp;&nbsp;&nbsp;&nbsp;&nbsp;&nbsp;&nbsp;&nbsp;&nbsp; dace.alksne@valmiera.edu.lv&nbsp;&nbsp;&nbsp;&nbsp;&nbsp;&nbsp;&nbsp;&nbsp;&nbsp;&nbsp;&nbsp; &nbsp;&nbsp;&nbsp;&nbsp;&nbsp;&nbsp;&nbsp;&nbsp;&nbsp;&nbsp;&nbsp; Iveta Freimane&nbsp;&nbsp;&nbsp;&nbsp;&nbsp;&nbsp;&nbsp;&nbsp;&nbsp;&nbsp;&nbsp; iveta.freimane@valmiera.edu.lv&nbsp;&nbsp;&nbsp;&nbsp;&nbsp;&nbsp;&nbsp; Speci\u0101lais pedagogs Aira Ol\u0161evska&nbsp;&nbsp;&nbsp;&nbsp;&nbsp;&nbsp;&nbsp;&nbsp;&nbsp;&nbsp;&nbsp;&nbsp; aira.olsevska@valmiera.edu.lv Baiba&nbsp;&nbsp; [&hellip;]<\/p>\n","protected":false},"author":19,"featured_media":0,"parent":0,"menu_order":0,"comment_status":"closed","ping_status":"closed","template":"","meta":{"_acf_changed":false,"site-sidebar-layout":"default","site-content-layout":"","ast-site-content-layout":"default","site-content-style":"default","site-sidebar-style":"default","ast-global-header-display":"","ast-banner-title-visibility":"","ast-main-header-display":"","ast-hfb-above-header-display":"","ast-hfb-below-header-display":"","ast-hfb-mobile-header-display":"","site-post-title":"","ast-breadcrumbs-content":"","ast-featured-img":"","footer-sml-layout":"","ast-disable-related-posts":"","theme-transparent-header-meta":"","adv-header-id-meta":"","stick-header-meta":"","header-above-stick-meta":"","header-main-stick-meta":"","header-below-stick-meta":"","astra-migrate-meta-layouts":"default","ast-page-background-enabled":"default","ast-page-background-meta":{"desktop":{"background-color":"var(--ast-global-color-5)","background-image":"","background-repeat":"repeat","background-position":"center center","background-size":"auto","background-attachment":"scroll","background-type":"","background-media":"","overlay-type":"","overlay-color":"","overlay-opacity":"","overlay-gradient":""},"tablet":{"background-color":"","background-image":"","background-repeat":"repeat","background-position":"center center","background-size":"auto","background-attachment":"scroll","background-type":"","background-media":"","overlay-type":"","overlay-color":"","overlay-opacity":"","overlay-gradient":""},"mobile":{"background-color":"","background-image":"","background-repeat":"repeat","background-position":"center center","background-size":"auto","background-attachment":"scroll","background-type":"","background-media":"","overlay-type":"","overlay-color":"","overlay-opacity":"","overlay-gradient":""}},"ast-content-background-meta":{"desktop":{"background-color":"var(--ast-global-color-4)","background-image":"","background-repeat":"repeat","background-position":"center center","background-size":"auto","background-attachment":"scroll","background-type":"","background-media":"","overlay-type":"","overlay-color":"","overlay-opacity":"","overlay-gradient":""},"tablet":{"background-color":"var(--ast-global-color-4)","background-image":"","background-repeat":"repeat","background-position":"center center","background-size":"auto","background-attachment":"scroll","background-type":"","background-media":"","overlay-type":"","overlay-color":"","overlay-opacity":"","overlay-gradient":""},"mobile":{"background-color":"var(--ast-global-color-4)","background-image":"","background-repeat":"repeat","background-position":"center center","background-size":"auto","background-attachment":"scroll","background-type":"","background-media":"","overlay-type":"","overlay-color":"","overlay-opacity":"","overlay-gradient":""}},"footnotes":""},"class_list":["post-189","page","type-page","status-publish","hentry"],"acf":[],"yoast_head":"<!-- This site is optimized with the Yoast SEO plugin v27.0 - https:\/\/yoast.com\/product\/yoast-seo-wordpress\/ -->\n<title>Atbalsta person\u0101ls - PII &quot;Spr\u012bd\u012btis&quot;<\/title>\n<meta name=\"robots\" content=\"index, follow, max-snippet:-1, max-image-preview:large, max-video-preview:-1\" \/>\n<link rel=\"canonical\" href=\"https:\/\/izglitiba.valmierasnovads.lv\/piispriditis\/atbalsta-personals\/\" \/>\n<meta property=\"og:locale\" content=\"lv_LV\" \/>\n<meta property=\"og:type\" content=\"article\" \/>\n<meta property=\"og:title\" content=\"Atbalsta person\u0101ls - PII &quot;Spr\u012bd\u012btis&quot;\" \/>\n<meta property=\"og:description\" content=\"Logop\u0113di&nbsp;&nbsp;&nbsp;&nbsp; Ilze V\u012btola&nbsp;&nbsp;&nbsp;&nbsp;&nbsp;&nbsp;&nbsp; &nbsp;&nbsp;&nbsp;&nbsp;&nbsp;&nbsp;&nbsp;&nbsp;&nbsp;&nbsp;&nbsp; ilze.vitola@valmiera.edu.lv&nbsp;&nbsp;&nbsp;&nbsp;&nbsp;&nbsp;&nbsp;&nbsp;&nbsp;&nbsp;&nbsp;&nbsp;&nbsp;&nbsp;&nbsp;&nbsp; &nbsp;&nbsp;&nbsp;&nbsp;&nbsp;&nbsp;&nbsp;&nbsp;&nbsp;&nbsp;&nbsp; Dace Alksne&nbsp;&nbsp;&nbsp; &nbsp;&nbsp;&nbsp;&nbsp;&nbsp;&nbsp;&nbsp;&nbsp;&nbsp;&nbsp;&nbsp; dace.alksne@valmiera.edu.lv&nbsp;&nbsp;&nbsp;&nbsp;&nbsp;&nbsp;&nbsp;&nbsp;&nbsp;&nbsp;&nbsp; &nbsp;&nbsp;&nbsp;&nbsp;&nbsp;&nbsp;&nbsp;&nbsp;&nbsp;&nbsp;&nbsp; Iveta Freimane&nbsp;&nbsp;&nbsp;&nbsp;&nbsp;&nbsp;&nbsp;&nbsp;&nbsp;&nbsp;&nbsp; iveta.freimane@valmiera.edu.lv&nbsp;&nbsp;&nbsp;&nbsp;&nbsp;&nbsp;&nbsp; Speci\u0101lais pedagogs Aira Ol\u0161evska&nbsp;&nbsp;&nbsp;&nbsp;&nbsp;&nbsp;&nbsp;&nbsp;&nbsp;&nbsp;&nbsp;&nbsp; aira.olsevska@valmiera.edu.lv Baiba&nbsp;&nbsp; [&hellip;]\" \/>\n<meta property=\"og:url\" content=\"https:\/\/izglitiba.valmierasnovads.lv\/piispriditis\/atbalsta-personals\/\" \/>\n<meta property=\"og:site_name\" content=\"PII &quot;Spr\u012bd\u012btis&quot;\" \/>\n<meta property=\"article:modified_time\" content=\"2026-02-10T08:36:17+00:00\" \/>\n<meta property=\"og:image\" content=\"https:\/\/izglitiba.valmierasnovads.lv\/piispriditis\/wp-content\/uploads\/sites\/19\/2025\/08\/Atbalsta-puika.png\" \/>\n\t<meta property=\"og:image:width\" content=\"1180\" \/>\n\t<meta property=\"og:image:height\" content=\"1572\" \/>\n\t<meta property=\"og:image:type\" content=\"image\/png\" \/>\n<meta name=\"twitter:card\" content=\"summary_large_image\" \/>\n<meta name=\"twitter:label1\" content=\"Est. reading time\" \/>\n\t<meta name=\"twitter:data1\" content=\"1 min\u016bte\" \/>\n<script type=\"application\/ld+json\" class=\"yoast-schema-graph\">{\"@context\":\"https:\/\/schema.org\",\"@graph\":[{\"@type\":\"WebPage\",\"@id\":\"https:\/\/izglitiba.valmierasnovads.lv\/piispriditis\/atbalsta-personals\/\",\"url\":\"https:\/\/izglitiba.valmierasnovads.lv\/piispriditis\/atbalsta-personals\/\",\"name\":\"Atbalsta person\u0101ls - PII &quot;Spr\u012bd\u012btis&quot;\",\"isPartOf\":{\"@id\":\"https:\/\/izglitiba.valmierasnovads.lv\/piispriditis\/#website\"},\"primaryImageOfPage\":{\"@id\":\"https:\/\/izglitiba.valmierasnovads.lv\/piispriditis\/atbalsta-personals\/#primaryimage\"},\"image\":{\"@id\":\"https:\/\/izglitiba.valmierasnovads.lv\/piispriditis\/atbalsta-personals\/#primaryimage\"},\"thumbnailUrl\":\"https:\/\/izglitiba.valmierasnovads.lv\/piispriditis\/wp-content\/uploads\/sites\/19\/2025\/08\/Atbalsta-puika-769x1024.png\",\"datePublished\":\"2025-08-18T19:28:50+00:00\",\"dateModified\":\"2026-02-10T08:36:17+00:00\",\"breadcrumb\":{\"@id\":\"https:\/\/izglitiba.valmierasnovads.lv\/piispriditis\/atbalsta-personals\/#breadcrumb\"},\"inLanguage\":\"lv-LV\",\"potentialAction\":[{\"@type\":\"ReadAction\",\"target\":[\"https:\/\/izglitiba.valmierasnovads.lv\/piispriditis\/atbalsta-personals\/\"]}]},{\"@type\":\"ImageObject\",\"inLanguage\":\"lv-LV\",\"@id\":\"https:\/\/izglitiba.valmierasnovads.lv\/piispriditis\/atbalsta-personals\/#primaryimage\",\"url\":\"https:\/\/izglitiba.valmierasnovads.lv\/piispriditis\/wp-content\/uploads\/sites\/19\/2025\/08\/Atbalsta-puika.png\",\"contentUrl\":\"https:\/\/izglitiba.valmierasnovads.lv\/piispriditis\/wp-content\/uploads\/sites\/19\/2025\/08\/Atbalsta-puika.png\",\"width\":1180,\"height\":1572},{\"@type\":\"BreadcrumbList\",\"@id\":\"https:\/\/izglitiba.valmierasnovads.lv\/piispriditis\/atbalsta-personals\/#breadcrumb\",\"itemListElement\":[{\"@type\":\"ListItem\",\"position\":1,\"name\":\"Home\",\"item\":\"https:\/\/izglitiba.valmierasnovads.lv\/piispriditis\/\"},{\"@type\":\"ListItem\",\"position\":2,\"name\":\"Atbalsta person\u0101ls\"}]},{\"@type\":\"WebSite\",\"@id\":\"https:\/\/izglitiba.valmierasnovads.lv\/piispriditis\/#website\",\"url\":\"https:\/\/izglitiba.valmierasnovads.lv\/piispriditis\/\",\"name\":\"PII &quot;Spr\u012bd\u012btis&quot;\",\"description\":\"\",\"publisher\":{\"@id\":\"https:\/\/izglitiba.valmierasnovads.lv\/piispriditis\/#organization\"},\"potentialAction\":[{\"@type\":\"SearchAction\",\"target\":{\"@type\":\"EntryPoint\",\"urlTemplate\":\"https:\/\/izglitiba.valmierasnovads.lv\/piispriditis\/?s={search_term_string}\"},\"query-input\":{\"@type\":\"PropertyValueSpecification\",\"valueRequired\":true,\"valueName\":\"search_term_string\"}}],\"inLanguage\":\"lv-LV\"},{\"@type\":\"Organization\",\"@id\":\"https:\/\/izglitiba.valmierasnovads.lv\/piispriditis\/#organization\",\"name\":\"PII &quot;Spr\u012bd\u012btis&quot;\",\"url\":\"https:\/\/izglitiba.valmierasnovads.lv\/piispriditis\/\",\"logo\":{\"@type\":\"ImageObject\",\"inLanguage\":\"lv-LV\",\"@id\":\"https:\/\/izglitiba.valmierasnovads.lv\/piispriditis\/#\/schema\/logo\/image\/\",\"url\":\"https:\/\/izglitiba.valmierasnovads.lv\/piispriditis\/wp-content\/uploads\/sites\/19\/2026\/03\/cropped-Pirmsskolas-izglitibas-iestades-ar-pasu-logo-11-scaled-1.png\",\"contentUrl\":\"https:\/\/izglitiba.valmierasnovads.lv\/piispriditis\/wp-content\/uploads\/sites\/19\/2026\/03\/cropped-Pirmsskolas-izglitibas-iestades-ar-pasu-logo-11-scaled-1.png\",\"width\":1447,\"height\":222,\"caption\":\"PII &quot;Spr\u012bd\u012btis&quot;\"},\"image\":{\"@id\":\"https:\/\/izglitiba.valmierasnovads.lv\/piispriditis\/#\/schema\/logo\/image\/\"}}]}<\/script>\n<!-- \/ Yoast SEO plugin. -->","yoast_head_json":{"title":"Atbalsta person\u0101ls - PII &quot;Spr\u012bd\u012btis&quot;","robots":{"index":"index","follow":"follow","max-snippet":"max-snippet:-1","max-image-preview":"max-image-preview:large","max-video-preview":"max-video-preview:-1"},"canonical":"https:\/\/izglitiba.valmierasnovads.lv\/piispriditis\/atbalsta-personals\/","og_locale":"lv_LV","og_type":"article","og_title":"Atbalsta person\u0101ls - PII &quot;Spr\u012bd\u012btis&quot;","og_description":"Logop\u0113di&nbsp;&nbsp;&nbsp;&nbsp; Ilze V\u012btola&nbsp;&nbsp;&nbsp;&nbsp;&nbsp;&nbsp;&nbsp; &nbsp;&nbsp;&nbsp;&nbsp;&nbsp;&nbsp;&nbsp;&nbsp;&nbsp;&nbsp;&nbsp; ilze.vitola@valmiera.edu.lv&nbsp;&nbsp;&nbsp;&nbsp;&nbsp;&nbsp;&nbsp;&nbsp;&nbsp;&nbsp;&nbsp;&nbsp;&nbsp;&nbsp;&nbsp;&nbsp; &nbsp;&nbsp;&nbsp;&nbsp;&nbsp;&nbsp;&nbsp;&nbsp;&nbsp;&nbsp;&nbsp; Dace Alksne&nbsp;&nbsp;&nbsp; &nbsp;&nbsp;&nbsp;&nbsp;&nbsp;&nbsp;&nbsp;&nbsp;&nbsp;&nbsp;&nbsp; dace.alksne@valmiera.edu.lv&nbsp;&nbsp;&nbsp;&nbsp;&nbsp;&nbsp;&nbsp;&nbsp;&nbsp;&nbsp;&nbsp; &nbsp;&nbsp;&nbsp;&nbsp;&nbsp;&nbsp;&nbsp;&nbsp;&nbsp;&nbsp;&nbsp; Iveta Freimane&nbsp;&nbsp;&nbsp;&nbsp;&nbsp;&nbsp;&nbsp;&nbsp;&nbsp;&nbsp;&nbsp; iveta.freimane@valmiera.edu.lv&nbsp;&nbsp;&nbsp;&nbsp;&nbsp;&nbsp;&nbsp; Speci\u0101lais pedagogs Aira Ol\u0161evska&nbsp;&nbsp;&nbsp;&nbsp;&nbsp;&nbsp;&nbsp;&nbsp;&nbsp;&nbsp;&nbsp;&nbsp; aira.olsevska@valmiera.edu.lv Baiba&nbsp;&nbsp; [&hellip;]","og_url":"https:\/\/izglitiba.valmierasnovads.lv\/piispriditis\/atbalsta-personals\/","og_site_name":"PII &quot;Spr\u012bd\u012btis&quot;","article_modified_time":"2026-02-10T08:36:17+00:00","og_image":[{"width":1180,"height":1572,"url":"https:\/\/izglitiba.valmierasnovads.lv\/piispriditis\/wp-content\/uploads\/sites\/19\/2025\/08\/Atbalsta-puika.png","type":"image\/png"}],"twitter_card":"summary_large_image","twitter_misc":{"Est. reading time":"1 min\u016bte"},"schema":{"@context":"https:\/\/schema.org","@graph":[{"@type":"WebPage","@id":"https:\/\/izglitiba.valmierasnovads.lv\/piispriditis\/atbalsta-personals\/","url":"https:\/\/izglitiba.valmierasnovads.lv\/piispriditis\/atbalsta-personals\/","name":"Atbalsta person\u0101ls - PII &quot;Spr\u012bd\u012btis&quot;","isPartOf":{"@id":"https:\/\/izglitiba.valmierasnovads.lv\/piispriditis\/#website"},"primaryImageOfPage":{"@id":"https:\/\/izglitiba.valmierasnovads.lv\/piispriditis\/atbalsta-personals\/#primaryimage"},"image":{"@id":"https:\/\/izglitiba.valmierasnovads.lv\/piispriditis\/atbalsta-personals\/#primaryimage"},"thumbnailUrl":"https:\/\/izglitiba.valmierasnovads.lv\/piispriditis\/wp-content\/uploads\/sites\/19\/2025\/08\/Atbalsta-puika-769x1024.png","datePublished":"2025-08-18T19:28:50+00:00","dateModified":"2026-02-10T08:36:17+00:00","breadcrumb":{"@id":"https:\/\/izglitiba.valmierasnovads.lv\/piispriditis\/atbalsta-personals\/#breadcrumb"},"inLanguage":"lv-LV","potentialAction":[{"@type":"ReadAction","target":["https:\/\/izglitiba.valmierasnovads.lv\/piispriditis\/atbalsta-personals\/"]}]},{"@type":"ImageObject","inLanguage":"lv-LV","@id":"https:\/\/izglitiba.valmierasnovads.lv\/piispriditis\/atbalsta-personals\/#primaryimage","url":"https:\/\/izglitiba.valmierasnovads.lv\/piispriditis\/wp-content\/uploads\/sites\/19\/2025\/08\/Atbalsta-puika.png","contentUrl":"https:\/\/izglitiba.valmierasnovads.lv\/piispriditis\/wp-content\/uploads\/sites\/19\/2025\/08\/Atbalsta-puika.png","width":1180,"height":1572},{"@type":"BreadcrumbList","@id":"https:\/\/izglitiba.valmierasnovads.lv\/piispriditis\/atbalsta-personals\/#breadcrumb","itemListElement":[{"@type":"ListItem","position":1,"name":"Home","item":"https:\/\/izglitiba.valmierasnovads.lv\/piispriditis\/"},{"@type":"ListItem","position":2,"name":"Atbalsta person\u0101ls"}]},{"@type":"WebSite","@id":"https:\/\/izglitiba.valmierasnovads.lv\/piispriditis\/#website","url":"https:\/\/izglitiba.valmierasnovads.lv\/piispriditis\/","name":"PII &quot;Spr\u012bd\u012btis&quot;","description":"","publisher":{"@id":"https:\/\/izglitiba.valmierasnovads.lv\/piispriditis\/#organization"},"potentialAction":[{"@type":"SearchAction","target":{"@type":"EntryPoint","urlTemplate":"https:\/\/izglitiba.valmierasnovads.lv\/piispriditis\/?s={search_term_string}"},"query-input":{"@type":"PropertyValueSpecification","valueRequired":true,"valueName":"search_term_string"}}],"inLanguage":"lv-LV"},{"@type":"Organization","@id":"https:\/\/izglitiba.valmierasnovads.lv\/piispriditis\/#organization","name":"PII &quot;Spr\u012bd\u012btis&quot;","url":"https:\/\/izglitiba.valmierasnovads.lv\/piispriditis\/","logo":{"@type":"ImageObject","inLanguage":"lv-LV","@id":"https:\/\/izglitiba.valmierasnovads.lv\/piispriditis\/#\/schema\/logo\/image\/","url":"https:\/\/izglitiba.valmierasnovads.lv\/piispriditis\/wp-content\/uploads\/sites\/19\/2026\/03\/cropped-Pirmsskolas-izglitibas-iestades-ar-pasu-logo-11-scaled-1.png","contentUrl":"https:\/\/izglitiba.valmierasnovads.lv\/piispriditis\/wp-content\/uploads\/sites\/19\/2026\/03\/cropped-Pirmsskolas-izglitibas-iestades-ar-pasu-logo-11-scaled-1.png","width":1447,"height":222,"caption":"PII &quot;Spr\u012bd\u012btis&quot;"},"image":{"@id":"https:\/\/izglitiba.valmierasnovads.lv\/piispriditis\/#\/schema\/logo\/image\/"}}]}},"_links":{"self":[{"href":"https:\/\/izglitiba.valmierasnovads.lv\/piispriditis\/wp-json\/wp\/v2\/pages\/189","targetHints":{"allow":["GET"]}}],"collection":[{"href":"https:\/\/izglitiba.valmierasnovads.lv\/piispriditis\/wp-json\/wp\/v2\/pages"}],"about":[{"href":"https:\/\/izglitiba.valmierasnovads.lv\/piispriditis\/wp-json\/wp\/v2\/types\/page"}],"author":[{"embeddable":true,"href":"https:\/\/izglitiba.valmierasnovads.lv\/piispriditis\/wp-json\/wp\/v2\/users\/19"}],"replies":[{"embeddable":true,"href":"https:\/\/izglitiba.valmierasnovads.lv\/piispriditis\/wp-json\/wp\/v2\/comments?post=189"}],"version-history":[{"count":4,"href":"https:\/\/izglitiba.valmierasnovads.lv\/piispriditis\/wp-json\/wp\/v2\/pages\/189\/revisions"}],"predecessor-version":[{"id":622,"href":"https:\/\/izglitiba.valmierasnovads.lv\/piispriditis\/wp-json\/wp\/v2\/pages\/189\/revisions\/622"}],"wp:attachment":[{"href":"https:\/\/izglitiba.valmierasnovads.lv\/piispriditis\/wp-json\/wp\/v2\/media?parent=189"}],"curies":[{"name":"wp","href":"https:\/\/api.w.org\/{rel}","templated":true}]}}