{"id":215,"date":"2025-08-19T10:12:34","date_gmt":"2025-08-19T07:12:34","guid":{"rendered":"https:\/\/izglitiba.valmierasnovads.lv\/piispriditis\/?page_id=215"},"modified":"2026-03-26T12:15:46","modified_gmt":"2026-03-26T10:15:46","slug":"administracija","status":"publish","type":"page","link":"https:\/\/izglitiba.valmierasnovads.lv\/piispriditis\/administracija\/","title":{"rendered":"Administr\u0101cija"},"content":{"rendered":"\n<div class=\"wp-block-media-text is-stacked-on-mobile\" style=\"grid-template-columns:35% auto\"><figure class=\"wp-block-media-text__media\"><img loading=\"lazy\" decoding=\"async\" width=\"1024\" height=\"724\" src=\"https:\/\/izglitiba.valmierasnovads.lv\/piispriditis\/wp-content\/uploads\/sites\/19\/2025\/08\/Spriditis-ar-puki-1024x724.png\" alt=\"\" class=\"wp-image-307 size-full\" srcset=\"https:\/\/izglitiba.valmierasnovads.lv\/piispriditis\/wp-content\/uploads\/sites\/19\/2025\/08\/Spriditis-ar-puki-1024x724.png 1024w, https:\/\/izglitiba.valmierasnovads.lv\/piispriditis\/wp-content\/uploads\/sites\/19\/2025\/08\/Spriditis-ar-puki-300x212.png 300w, https:\/\/izglitiba.valmierasnovads.lv\/piispriditis\/wp-content\/uploads\/sites\/19\/2025\/08\/Spriditis-ar-puki-768x543.png 768w, https:\/\/izglitiba.valmierasnovads.lv\/piispriditis\/wp-content\/uploads\/sites\/19\/2025\/08\/Spriditis-ar-puki-1536x1086.png 1536w, https:\/\/izglitiba.valmierasnovads.lv\/piispriditis\/wp-content\/uploads\/sites\/19\/2025\/08\/Spriditis-ar-puki-2048x1448.png 2048w\" sizes=\"auto, (max-width: 1024px) 100vw, 1024px\" \/><\/figure><div class=\"wp-block-media-text__content\">\n<p><\/p>\n\n\n\n<p><\/p>\n\n\n\n<p><\/p>\n\n\n\n<p><\/p>\n\n\n\n<p><\/p>\n\n\n\n<p><\/p>\n\n\n\n<p><\/p>\n\n\n\n<p><strong>Vad\u012bt\u0101ja<\/strong><\/p>\n\n\n\n<p> Sarm\u012bte Indriksone&nbsp;&nbsp;&nbsp;&nbsp;&nbsp; <a href=\"mailto:sarmite.indriksone@valmiera.edu.lv\">sarmite.indriksone@valmiera.edu.lv<\/a>&nbsp; <\/p>\n\n\n\n<p><strong>Vad\u012bt\u0101jas vietniece izgl\u012bt\u012bbas jom\u0101<\/strong><\/p>\n\n\n\n<p>Guna&nbsp;Vorpa&nbsp;&nbsp;&nbsp;&nbsp;&nbsp;&nbsp;&nbsp;&nbsp;&nbsp;&nbsp;&nbsp;&nbsp;&nbsp; <a href=\"mailto:guna.vorpa@valmiera.edu.lv\">guna.vorpa@valmiera.edu.lv<\/a>&nbsp;&nbsp;&nbsp;&nbsp;&nbsp;&nbsp;&nbsp;&nbsp;&nbsp;&nbsp;&nbsp;&nbsp; <\/p>\n\n\n\n<p><strong>Saimniec\u012bbas vad\u012bt\u0101js<\/strong><\/p>\n\n\n\n<p>Vasilijs Kasja\u0146enko&nbsp;&nbsp;&nbsp;&nbsp; <a href=\"mailto:vasilijs.kasjanenko@valmiera.edu.lv\">vasilijs.kasjanenko@valmiera.edu.lv<\/a>&nbsp;&nbsp;&nbsp;&nbsp;&nbsp;<\/p>\n\n\n\n<p><strong>Lietvede     <\/strong>                <a href=\"mailto:spriditis@valmiera.edu.lv\">spriditis@valmiera.edu.lv<\/a><\/p>\n\n\n\n<p><strong>Medic\u012bnas m\u0101sa<\/strong><\/p>\n\n\n\n<p>Be\u0101te B\u0113rzi\u0146a&nbsp;&nbsp;&nbsp;&nbsp;&nbsp;&nbsp;&nbsp;&nbsp;&nbsp;&nbsp;&nbsp;&nbsp; <a href=\"mailto:beate.berzina@valmiera.edu.lv\">beate.berzina@valmiera.edu.lv<\/a>&nbsp;&nbsp;&nbsp;&nbsp;&nbsp;&nbsp;&nbsp;&nbsp;&nbsp; &nbsp;&nbsp;<\/p>\n<\/div><\/div>\n\n\n","protected":false},"excerpt":{"rendered":"<p>Vad\u012bt\u0101ja Sarm\u012bte Indriksone&nbsp;&nbsp;&nbsp;&nbsp;&nbsp; sarmite.indriksone@valmiera.edu.lv&nbsp; Vad\u012bt\u0101jas vietniece izgl\u012bt\u012bbas jom\u0101 Guna&nbsp;Vorpa&nbsp;&nbsp;&nbsp;&nbsp;&nbsp;&nbsp;&nbsp;&nbsp;&nbsp;&nbsp;&nbsp;&nbsp;&nbsp; guna.vorpa@valmiera.edu.lv&nbsp;&nbsp;&nbsp;&nbsp;&nbsp;&nbsp;&nbsp;&nbsp;&nbsp;&nbsp;&nbsp;&nbsp; Saimniec\u012bbas vad\u012bt\u0101js Vasilijs Kasja\u0146enko&nbsp;&nbsp;&nbsp;&nbsp; vasilijs.kasjanenko@valmiera.edu.lv&nbsp;&nbsp;&nbsp;&nbsp;&nbsp; Lietvede spriditis@valmiera.edu.lv Medic\u012bnas m\u0101sa Be\u0101te [&hellip;]<\/p>\n","protected":false},"author":19,"featured_media":0,"parent":0,"menu_order":0,"comment_status":"closed","ping_status":"closed","template":"","meta":{"_acf_changed":false,"site-sidebar-layout":"default","site-content-layout":"","ast-site-content-layout":"default","site-content-style":"default","site-sidebar-style":"default","ast-global-header-display":"","ast-banner-title-visibility":"","ast-main-header-display":"","ast-hfb-above-header-display":"","ast-hfb-below-header-display":"","ast-hfb-mobile-header-display":"","site-post-title":"","ast-breadcrumbs-content":"","ast-featured-img":"","footer-sml-layout":"","ast-disable-related-posts":"","theme-transparent-header-meta":"","adv-header-id-meta":"","stick-header-meta":"","header-above-stick-meta":"","header-main-stick-meta":"","header-below-stick-meta":"","astra-migrate-meta-layouts":"default","ast-page-background-enabled":"default","ast-page-background-meta":{"desktop":{"background-color":"var(--ast-global-color-5)","background-image":"","background-repeat":"repeat","background-position":"center center","background-size":"auto","background-attachment":"scroll","background-type":"","background-media":"","overlay-type":"","overlay-color":"","overlay-opacity":"","overlay-gradient":""},"tablet":{"background-color":"","background-image":"","background-repeat":"repeat","background-position":"center center","background-size":"auto","background-attachment":"scroll","background-type":"","background-media":"","overlay-type":"","overlay-color":"","overlay-opacity":"","overlay-gradient":""},"mobile":{"background-color":"","background-image":"","background-repeat":"repeat","background-position":"center center","background-size":"auto","background-attachment":"scroll","background-type":"","background-media":"","overlay-type":"","overlay-color":"","overlay-opacity":"","overlay-gradient":""}},"ast-content-background-meta":{"desktop":{"background-color":"var(--ast-global-color-4)","background-image":"","background-repeat":"repeat","background-position":"center center","background-size":"auto","background-attachment":"scroll","background-type":"","background-media":"","overlay-type":"","overlay-color":"","overlay-opacity":"","overlay-gradient":""},"tablet":{"background-color":"var(--ast-global-color-4)","background-image":"","background-repeat":"repeat","background-position":"center center","background-size":"auto","background-attachment":"scroll","background-type":"","background-media":"","overlay-type":"","overlay-color":"","overlay-opacity":"","overlay-gradient":""},"mobile":{"background-color":"var(--ast-global-color-4)","background-image":"","background-repeat":"repeat","background-position":"center center","background-size":"auto","background-attachment":"scroll","background-type":"","background-media":"","overlay-type":"","overlay-color":"","overlay-opacity":"","overlay-gradient":""}},"footnotes":"[]"},"class_list":["post-215","page","type-page","status-publish","hentry"],"acf":[],"yoast_head":"<!-- This site is optimized with the Yoast SEO plugin v27.0 - https:\/\/yoast.com\/product\/yoast-seo-wordpress\/ -->\n<title>Administr\u0101cija - PII &quot;Spr\u012bd\u012btis&quot;<\/title>\n<meta name=\"robots\" content=\"index, follow, max-snippet:-1, max-image-preview:large, max-video-preview:-1\" \/>\n<link rel=\"canonical\" href=\"https:\/\/izglitiba.valmierasnovads.lv\/piispriditis\/administracija\/\" \/>\n<meta property=\"og:locale\" content=\"lv_LV\" \/>\n<meta property=\"og:type\" content=\"article\" \/>\n<meta property=\"og:title\" content=\"Administr\u0101cija - PII &quot;Spr\u012bd\u012btis&quot;\" \/>\n<meta property=\"og:description\" content=\"Vad\u012bt\u0101ja Sarm\u012bte Indriksone&nbsp;&nbsp;&nbsp;&nbsp;&nbsp; sarmite.indriksone@valmiera.edu.lv&nbsp; Vad\u012bt\u0101jas vietniece izgl\u012bt\u012bbas jom\u0101 Guna&nbsp;Vorpa&nbsp;&nbsp;&nbsp;&nbsp;&nbsp;&nbsp;&nbsp;&nbsp;&nbsp;&nbsp;&nbsp;&nbsp;&nbsp; guna.vorpa@valmiera.edu.lv&nbsp;&nbsp;&nbsp;&nbsp;&nbsp;&nbsp;&nbsp;&nbsp;&nbsp;&nbsp;&nbsp;&nbsp; Saimniec\u012bbas vad\u012bt\u0101js Vasilijs Kasja\u0146enko&nbsp;&nbsp;&nbsp;&nbsp; vasilijs.kasjanenko@valmiera.edu.lv&nbsp;&nbsp;&nbsp;&nbsp;&nbsp; Lietvede spriditis@valmiera.edu.lv Medic\u012bnas m\u0101sa Be\u0101te [&hellip;]\" \/>\n<meta property=\"og:url\" content=\"https:\/\/izglitiba.valmierasnovads.lv\/piispriditis\/administracija\/\" \/>\n<meta property=\"og:site_name\" content=\"PII &quot;Spr\u012bd\u012btis&quot;\" \/>\n<meta property=\"article:modified_time\" content=\"2026-03-26T10:15:46+00:00\" \/>\n<meta property=\"og:image\" content=\"https:\/\/izglitiba.valmierasnovads.lv\/piispriditis\/wp-content\/uploads\/sites\/19\/2025\/08\/Spriditis-ar-puki.png\" \/>\n\t<meta property=\"og:image:width\" content=\"2245\" \/>\n\t<meta property=\"og:image:height\" content=\"1587\" \/>\n\t<meta property=\"og:image:type\" content=\"image\/png\" \/>\n<meta name=\"twitter:card\" content=\"summary_large_image\" \/>\n<meta name=\"twitter:label1\" content=\"Est. reading time\" \/>\n\t<meta name=\"twitter:data1\" content=\"1 min\u016bte\" \/>\n<script type=\"application\/ld+json\" class=\"yoast-schema-graph\">{\"@context\":\"https:\/\/schema.org\",\"@graph\":[{\"@type\":\"WebPage\",\"@id\":\"https:\/\/izglitiba.valmierasnovads.lv\/piispriditis\/administracija\/\",\"url\":\"https:\/\/izglitiba.valmierasnovads.lv\/piispriditis\/administracija\/\",\"name\":\"Administr\u0101cija - PII &quot;Spr\u012bd\u012btis&quot;\",\"isPartOf\":{\"@id\":\"https:\/\/izglitiba.valmierasnovads.lv\/piispriditis\/#website\"},\"primaryImageOfPage\":{\"@id\":\"https:\/\/izglitiba.valmierasnovads.lv\/piispriditis\/administracija\/#primaryimage\"},\"image\":{\"@id\":\"https:\/\/izglitiba.valmierasnovads.lv\/piispriditis\/administracija\/#primaryimage\"},\"thumbnailUrl\":\"https:\/\/izglitiba.valmierasnovads.lv\/piispriditis\/wp-content\/uploads\/sites\/19\/2025\/08\/Spriditis-ar-puki-1024x724.png\",\"datePublished\":\"2025-08-19T07:12:34+00:00\",\"dateModified\":\"2026-03-26T10:15:46+00:00\",\"breadcrumb\":{\"@id\":\"https:\/\/izglitiba.valmierasnovads.lv\/piispriditis\/administracija\/#breadcrumb\"},\"inLanguage\":\"lv-LV\",\"potentialAction\":[{\"@type\":\"ReadAction\",\"target\":[\"https:\/\/izglitiba.valmierasnovads.lv\/piispriditis\/administracija\/\"]}]},{\"@type\":\"ImageObject\",\"inLanguage\":\"lv-LV\",\"@id\":\"https:\/\/izglitiba.valmierasnovads.lv\/piispriditis\/administracija\/#primaryimage\",\"url\":\"https:\/\/izglitiba.valmierasnovads.lv\/piispriditis\/wp-content\/uploads\/sites\/19\/2025\/08\/Spriditis-ar-puki.png\",\"contentUrl\":\"https:\/\/izglitiba.valmierasnovads.lv\/piispriditis\/wp-content\/uploads\/sites\/19\/2025\/08\/Spriditis-ar-puki.png\",\"width\":2245,\"height\":1587},{\"@type\":\"BreadcrumbList\",\"@id\":\"https:\/\/izglitiba.valmierasnovads.lv\/piispriditis\/administracija\/#breadcrumb\",\"itemListElement\":[{\"@type\":\"ListItem\",\"position\":1,\"name\":\"Home\",\"item\":\"https:\/\/izglitiba.valmierasnovads.lv\/piispriditis\/\"},{\"@type\":\"ListItem\",\"position\":2,\"name\":\"Administr\u0101cija\"}]},{\"@type\":\"WebSite\",\"@id\":\"https:\/\/izglitiba.valmierasnovads.lv\/piispriditis\/#website\",\"url\":\"https:\/\/izglitiba.valmierasnovads.lv\/piispriditis\/\",\"name\":\"PII &quot;Spr\u012bd\u012btis&quot;\",\"description\":\"\",\"publisher\":{\"@id\":\"https:\/\/izglitiba.valmierasnovads.lv\/piispriditis\/#organization\"},\"potentialAction\":[{\"@type\":\"SearchAction\",\"target\":{\"@type\":\"EntryPoint\",\"urlTemplate\":\"https:\/\/izglitiba.valmierasnovads.lv\/piispriditis\/?s={search_term_string}\"},\"query-input\":{\"@type\":\"PropertyValueSpecification\",\"valueRequired\":true,\"valueName\":\"search_term_string\"}}],\"inLanguage\":\"lv-LV\"},{\"@type\":\"Organization\",\"@id\":\"https:\/\/izglitiba.valmierasnovads.lv\/piispriditis\/#organization\",\"name\":\"PII &quot;Spr\u012bd\u012btis&quot;\",\"url\":\"https:\/\/izglitiba.valmierasnovads.lv\/piispriditis\/\",\"logo\":{\"@type\":\"ImageObject\",\"inLanguage\":\"lv-LV\",\"@id\":\"https:\/\/izglitiba.valmierasnovads.lv\/piispriditis\/#\/schema\/logo\/image\/\",\"url\":\"https:\/\/izglitiba.valmierasnovads.lv\/piispriditis\/wp-content\/uploads\/sites\/19\/2026\/03\/cropped-Pirmsskolas-izglitibas-iestades-ar-pasu-logo-11-scaled-1.png\",\"contentUrl\":\"https:\/\/izglitiba.valmierasnovads.lv\/piispriditis\/wp-content\/uploads\/sites\/19\/2026\/03\/cropped-Pirmsskolas-izglitibas-iestades-ar-pasu-logo-11-scaled-1.png\",\"width\":1447,\"height\":222,\"caption\":\"PII &quot;Spr\u012bd\u012btis&quot;\"},\"image\":{\"@id\":\"https:\/\/izglitiba.valmierasnovads.lv\/piispriditis\/#\/schema\/logo\/image\/\"}}]}<\/script>\n<!-- \/ Yoast SEO plugin. -->","yoast_head_json":{"title":"Administr\u0101cija - PII &quot;Spr\u012bd\u012btis&quot;","robots":{"index":"index","follow":"follow","max-snippet":"max-snippet:-1","max-image-preview":"max-image-preview:large","max-video-preview":"max-video-preview:-1"},"canonical":"https:\/\/izglitiba.valmierasnovads.lv\/piispriditis\/administracija\/","og_locale":"lv_LV","og_type":"article","og_title":"Administr\u0101cija - PII &quot;Spr\u012bd\u012btis&quot;","og_description":"Vad\u012bt\u0101ja Sarm\u012bte Indriksone&nbsp;&nbsp;&nbsp;&nbsp;&nbsp; sarmite.indriksone@valmiera.edu.lv&nbsp; Vad\u012bt\u0101jas vietniece izgl\u012bt\u012bbas jom\u0101 Guna&nbsp;Vorpa&nbsp;&nbsp;&nbsp;&nbsp;&nbsp;&nbsp;&nbsp;&nbsp;&nbsp;&nbsp;&nbsp;&nbsp;&nbsp; guna.vorpa@valmiera.edu.lv&nbsp;&nbsp;&nbsp;&nbsp;&nbsp;&nbsp;&nbsp;&nbsp;&nbsp;&nbsp;&nbsp;&nbsp; Saimniec\u012bbas vad\u012bt\u0101js Vasilijs Kasja\u0146enko&nbsp;&nbsp;&nbsp;&nbsp; vasilijs.kasjanenko@valmiera.edu.lv&nbsp;&nbsp;&nbsp;&nbsp;&nbsp; Lietvede spriditis@valmiera.edu.lv Medic\u012bnas m\u0101sa Be\u0101te [&hellip;]","og_url":"https:\/\/izglitiba.valmierasnovads.lv\/piispriditis\/administracija\/","og_site_name":"PII &quot;Spr\u012bd\u012btis&quot;","article_modified_time":"2026-03-26T10:15:46+00:00","og_image":[{"width":2245,"height":1587,"url":"https:\/\/izglitiba.valmierasnovads.lv\/piispriditis\/wp-content\/uploads\/sites\/19\/2025\/08\/Spriditis-ar-puki.png","type":"image\/png"}],"twitter_card":"summary_large_image","twitter_misc":{"Est. reading time":"1 min\u016bte"},"schema":{"@context":"https:\/\/schema.org","@graph":[{"@type":"WebPage","@id":"https:\/\/izglitiba.valmierasnovads.lv\/piispriditis\/administracija\/","url":"https:\/\/izglitiba.valmierasnovads.lv\/piispriditis\/administracija\/","name":"Administr\u0101cija - PII &quot;Spr\u012bd\u012btis&quot;","isPartOf":{"@id":"https:\/\/izglitiba.valmierasnovads.lv\/piispriditis\/#website"},"primaryImageOfPage":{"@id":"https:\/\/izglitiba.valmierasnovads.lv\/piispriditis\/administracija\/#primaryimage"},"image":{"@id":"https:\/\/izglitiba.valmierasnovads.lv\/piispriditis\/administracija\/#primaryimage"},"thumbnailUrl":"https:\/\/izglitiba.valmierasnovads.lv\/piispriditis\/wp-content\/uploads\/sites\/19\/2025\/08\/Spriditis-ar-puki-1024x724.png","datePublished":"2025-08-19T07:12:34+00:00","dateModified":"2026-03-26T10:15:46+00:00","breadcrumb":{"@id":"https:\/\/izglitiba.valmierasnovads.lv\/piispriditis\/administracija\/#breadcrumb"},"inLanguage":"lv-LV","potentialAction":[{"@type":"ReadAction","target":["https:\/\/izglitiba.valmierasnovads.lv\/piispriditis\/administracija\/"]}]},{"@type":"ImageObject","inLanguage":"lv-LV","@id":"https:\/\/izglitiba.valmierasnovads.lv\/piispriditis\/administracija\/#primaryimage","url":"https:\/\/izglitiba.valmierasnovads.lv\/piispriditis\/wp-content\/uploads\/sites\/19\/2025\/08\/Spriditis-ar-puki.png","contentUrl":"https:\/\/izglitiba.valmierasnovads.lv\/piispriditis\/wp-content\/uploads\/sites\/19\/2025\/08\/Spriditis-ar-puki.png","width":2245,"height":1587},{"@type":"BreadcrumbList","@id":"https:\/\/izglitiba.valmierasnovads.lv\/piispriditis\/administracija\/#breadcrumb","itemListElement":[{"@type":"ListItem","position":1,"name":"Home","item":"https:\/\/izglitiba.valmierasnovads.lv\/piispriditis\/"},{"@type":"ListItem","position":2,"name":"Administr\u0101cija"}]},{"@type":"WebSite","@id":"https:\/\/izglitiba.valmierasnovads.lv\/piispriditis\/#website","url":"https:\/\/izglitiba.valmierasnovads.lv\/piispriditis\/","name":"PII &quot;Spr\u012bd\u012btis&quot;","description":"","publisher":{"@id":"https:\/\/izglitiba.valmierasnovads.lv\/piispriditis\/#organization"},"potentialAction":[{"@type":"SearchAction","target":{"@type":"EntryPoint","urlTemplate":"https:\/\/izglitiba.valmierasnovads.lv\/piispriditis\/?s={search_term_string}"},"query-input":{"@type":"PropertyValueSpecification","valueRequired":true,"valueName":"search_term_string"}}],"inLanguage":"lv-LV"},{"@type":"Organization","@id":"https:\/\/izglitiba.valmierasnovads.lv\/piispriditis\/#organization","name":"PII &quot;Spr\u012bd\u012btis&quot;","url":"https:\/\/izglitiba.valmierasnovads.lv\/piispriditis\/","logo":{"@type":"ImageObject","inLanguage":"lv-LV","@id":"https:\/\/izglitiba.valmierasnovads.lv\/piispriditis\/#\/schema\/logo\/image\/","url":"https:\/\/izglitiba.valmierasnovads.lv\/piispriditis\/wp-content\/uploads\/sites\/19\/2026\/03\/cropped-Pirmsskolas-izglitibas-iestades-ar-pasu-logo-11-scaled-1.png","contentUrl":"https:\/\/izglitiba.valmierasnovads.lv\/piispriditis\/wp-content\/uploads\/sites\/19\/2026\/03\/cropped-Pirmsskolas-izglitibas-iestades-ar-pasu-logo-11-scaled-1.png","width":1447,"height":222,"caption":"PII &quot;Spr\u012bd\u012btis&quot;"},"image":{"@id":"https:\/\/izglitiba.valmierasnovads.lv\/piispriditis\/#\/schema\/logo\/image\/"}}]}},"_links":{"self":[{"href":"https:\/\/izglitiba.valmierasnovads.lv\/piispriditis\/wp-json\/wp\/v2\/pages\/215","targetHints":{"allow":["GET"]}}],"collection":[{"href":"https:\/\/izglitiba.valmierasnovads.lv\/piispriditis\/wp-json\/wp\/v2\/pages"}],"about":[{"href":"https:\/\/izglitiba.valmierasnovads.lv\/piispriditis\/wp-json\/wp\/v2\/types\/page"}],"author":[{"embeddable":true,"href":"https:\/\/izglitiba.valmierasnovads.lv\/piispriditis\/wp-json\/wp\/v2\/users\/19"}],"replies":[{"embeddable":true,"href":"https:\/\/izglitiba.valmierasnovads.lv\/piispriditis\/wp-json\/wp\/v2\/comments?post=215"}],"version-history":[{"count":8,"href":"https:\/\/izglitiba.valmierasnovads.lv\/piispriditis\/wp-json\/wp\/v2\/pages\/215\/revisions"}],"predecessor-version":[{"id":793,"href":"https:\/\/izglitiba.valmierasnovads.lv\/piispriditis\/wp-json\/wp\/v2\/pages\/215\/revisions\/793"}],"wp:attachment":[{"href":"https:\/\/izglitiba.valmierasnovads.lv\/piispriditis\/wp-json\/wp\/v2\/media?parent=215"}],"curies":[{"name":"wp","href":"https:\/\/api.w.org\/{rel}","templated":true}]}}