{"id":221,"date":"2025-08-19T11:23:49","date_gmt":"2025-08-19T08:23:49","guid":{"rendered":"https:\/\/izglitiba.valmierasnovads.lv\/piispriditis\/?page_id=221"},"modified":"2025-12-23T16:03:12","modified_gmt":"2025-12-23T14:03:12","slug":"dzimbas-drosibas-programma","status":"publish","type":"page","link":"https:\/\/izglitiba.valmierasnovads.lv\/piispriditis\/dzimbas-drosibas-programma\/","title":{"rendered":"D\u017eimbas dro\u0161\u012bbas programma"},"content":{"rendered":"\n<p>11 so\u013cu dro\u0161\u012bbas programma.<\/p>\n\n\n\n<p>Lai skaidrotu personisko dro\u0161\u012bbu viegl\u0101 un saprotam\u0101 veid\u0101, &#8220;Centrs Dardedze&#8221; rad\u012bjis \u012bpa\u0161u varoni v\u0101rd\u0101 D\u017eimba un izveidoja D\u017eimbas dro\u0161\u012bbas programmu b\u0113rnu d\u0101rzu vec\u0101kaj\u0101m grupi\u0146\u0101m un s\u0101kumskolas klas\u0113m, k\u0101 ar\u012b apm\u0101c\u012bbu programmu pedagogiem &#8211; D\u017eimbas a\u0123entiem.<\/p>\n\n\n\n<p>&#8220;Spr\u012bd\u012bt\u012b&#8221; programmu apg\u016bs se\u0161gadnieki.<\/p>\n\n\n\n<p>M\u016bsu D\u017eimbas a\u0123entes ir: <\/p>\n\n\n\n<p> izgl\u012bt\u012bbas psihologs <strong>Iluta Kristi\u0146a &#8211; Everte<\/strong><\/p>\n\n\n\n<p><a href=\"mailto:iluta.kristina-everte@valmiera.edu.lv\"><br>iluta.kristina-everte@valmiera.edu.lv<\/a><\/p>\n\n\n\n<p>pirmsskolas izgl\u012bt\u012bbas skolot\u0101ja <strong>Dace T\u0101lberga<\/strong><\/p>\n\n\n\n<p><a href=\"mailto:dace.talberga@valmiera.edu.lv\"><br>dace.talberga@valmiera.edu.lv<\/a><\/p>\n\n\n\n<p><\/p>\n\n\n\n<p><a href=\"https:\/\/dzimba.lv\/\">Laipni l\u016bdzam ciemos pie D\u017eimbas!<\/a><\/p>\n\n\n\n<figure class=\"wp-block-gallery has-nested-images columns-default is-cropped wp-block-gallery-1 is-layout-flex wp-block-gallery-is-layout-flex\">\n<figure class=\"wp-block-image size-large\"><img loading=\"lazy\" decoding=\"async\" width=\"689\" height=\"404\" data-id=\"240\" src=\"https:\/\/izglitiba.valmierasnovads.lv\/piispriditis\/wp-content\/uploads\/sites\/19\/2025\/08\/Dzimba-plakats-2-1.png\" alt=\"\" class=\"wp-image-240\" srcset=\"https:\/\/izglitiba.valmierasnovads.lv\/piispriditis\/wp-content\/uploads\/sites\/19\/2025\/08\/Dzimba-plakats-2-1.png 689w, https:\/\/izglitiba.valmierasnovads.lv\/piispriditis\/wp-content\/uploads\/sites\/19\/2025\/08\/Dzimba-plakats-2-1-300x176.png 300w\" sizes=\"auto, (max-width: 689px) 100vw, 689px\" \/><\/figure>\n<\/figure>\n","protected":false},"excerpt":{"rendered":"<p>11 so\u013cu dro\u0161\u012bbas programma. Lai skaidrotu personisko dro\u0161\u012bbu viegl\u0101 un saprotam\u0101 veid\u0101, &#8220;Centrs Dardedze&#8221; rad\u012bjis \u012bpa\u0161u varoni v\u0101rd\u0101 D\u017eimba un [&hellip;]<\/p>\n","protected":false},"author":19,"featured_media":0,"parent":0,"menu_order":0,"comment_status":"closed","ping_status":"closed","template":"","meta":{"_acf_changed":false,"site-sidebar-layout":"default","site-content-layout":"","ast-site-content-layout":"default","site-content-style":"default","site-sidebar-style":"default","ast-global-header-display":"","ast-banner-title-visibility":"","ast-main-header-display":"","ast-hfb-above-header-display":"","ast-hfb-below-header-display":"","ast-hfb-mobile-header-display":"","site-post-title":"","ast-breadcrumbs-content":"","ast-featured-img":"","footer-sml-layout":"","ast-disable-related-posts":"","theme-transparent-header-meta":"","adv-header-id-meta":"","stick-header-meta":"","header-above-stick-meta":"","header-main-stick-meta":"","header-below-stick-meta":"","astra-migrate-meta-layouts":"default","ast-page-background-enabled":"default","ast-page-background-meta":{"desktop":{"background-color":"var(--ast-global-color-5)","background-image":"","background-repeat":"repeat","background-position":"center center","background-size":"auto","background-attachment":"scroll","background-type":"","background-media":"","overlay-type":"","overlay-color":"","overlay-opacity":"","overlay-gradient":""},"tablet":{"background-color":"","background-image":"","background-repeat":"repeat","background-position":"center center","background-size":"auto","background-attachment":"scroll","background-type":"","background-media":"","overlay-type":"","overlay-color":"","overlay-opacity":"","overlay-gradient":""},"mobile":{"background-color":"","background-image":"","background-repeat":"repeat","background-position":"center center","background-size":"auto","background-attachment":"scroll","background-type":"","background-media":"","overlay-type":"","overlay-color":"","overlay-opacity":"","overlay-gradient":""}},"ast-content-background-meta":{"desktop":{"background-color":"var(--ast-global-color-4)","background-image":"","background-repeat":"repeat","background-position":"center center","background-size":"auto","background-attachment":"scroll","background-type":"","background-media":"","overlay-type":"","overlay-color":"","overlay-opacity":"","overlay-gradient":""},"tablet":{"background-color":"var(--ast-global-color-4)","background-image":"","background-repeat":"repeat","background-position":"center center","background-size":"auto","background-attachment":"scroll","background-type":"","background-media":"","overlay-type":"","overlay-color":"","overlay-opacity":"","overlay-gradient":""},"mobile":{"background-color":"var(--ast-global-color-4)","background-image":"","background-repeat":"repeat","background-position":"center center","background-size":"auto","background-attachment":"scroll","background-type":"","background-media":"","overlay-type":"","overlay-color":"","overlay-opacity":"","overlay-gradient":""}},"footnotes":""},"class_list":["post-221","page","type-page","status-publish","hentry"],"acf":[],"yoast_head":"<!-- This site is optimized with the Yoast SEO plugin v27.0 - https:\/\/yoast.com\/product\/yoast-seo-wordpress\/ -->\n<title>D\u017eimbas dro\u0161\u012bbas programma - PII &quot;Spr\u012bd\u012btis&quot;<\/title>\n<meta name=\"robots\" content=\"index, follow, max-snippet:-1, max-image-preview:large, max-video-preview:-1\" \/>\n<link rel=\"canonical\" href=\"https:\/\/izglitiba.valmierasnovads.lv\/piispriditis\/dzimbas-drosibas-programma\/\" \/>\n<meta property=\"og:locale\" content=\"lv_LV\" \/>\n<meta property=\"og:type\" content=\"article\" \/>\n<meta property=\"og:title\" content=\"D\u017eimbas dro\u0161\u012bbas programma - PII &quot;Spr\u012bd\u012btis&quot;\" \/>\n<meta property=\"og:description\" content=\"11 so\u013cu dro\u0161\u012bbas programma. Lai skaidrotu personisko dro\u0161\u012bbu viegl\u0101 un saprotam\u0101 veid\u0101, &#8220;Centrs Dardedze&#8221; rad\u012bjis \u012bpa\u0161u varoni v\u0101rd\u0101 D\u017eimba un [&hellip;]\" \/>\n<meta property=\"og:url\" content=\"https:\/\/izglitiba.valmierasnovads.lv\/piispriditis\/dzimbas-drosibas-programma\/\" \/>\n<meta property=\"og:site_name\" content=\"PII &quot;Spr\u012bd\u012btis&quot;\" \/>\n<meta property=\"article:modified_time\" content=\"2025-12-23T14:03:12+00:00\" \/>\n<meta property=\"og:image\" content=\"https:\/\/izglitiba.valmierasnovads.lv\/piispriditis\/wp-content\/uploads\/sites\/19\/2025\/08\/Dzimba-plakats-2-1.png\" \/>\n\t<meta property=\"og:image:width\" content=\"689\" \/>\n\t<meta property=\"og:image:height\" content=\"404\" \/>\n\t<meta property=\"og:image:type\" content=\"image\/png\" \/>\n<meta name=\"twitter:card\" content=\"summary_large_image\" \/>\n<meta name=\"twitter:label1\" content=\"Est. reading time\" \/>\n\t<meta name=\"twitter:data1\" content=\"1 min\u016bte\" \/>\n<script type=\"application\/ld+json\" class=\"yoast-schema-graph\">{\"@context\":\"https:\/\/schema.org\",\"@graph\":[{\"@type\":\"WebPage\",\"@id\":\"https:\/\/izglitiba.valmierasnovads.lv\/piispriditis\/dzimbas-drosibas-programma\/\",\"url\":\"https:\/\/izglitiba.valmierasnovads.lv\/piispriditis\/dzimbas-drosibas-programma\/\",\"name\":\"D\u017eimbas dro\u0161\u012bbas programma - PII &quot;Spr\u012bd\u012btis&quot;\",\"isPartOf\":{\"@id\":\"https:\/\/izglitiba.valmierasnovads.lv\/piispriditis\/#website\"},\"primaryImageOfPage\":{\"@id\":\"https:\/\/izglitiba.valmierasnovads.lv\/piispriditis\/dzimbas-drosibas-programma\/#primaryimage\"},\"image\":{\"@id\":\"https:\/\/izglitiba.valmierasnovads.lv\/piispriditis\/dzimbas-drosibas-programma\/#primaryimage\"},\"thumbnailUrl\":\"https:\/\/izglitiba.valmierasnovads.lv\/piispriditis\/wp-content\/uploads\/sites\/19\/2025\/08\/Dzimba-plakats-2-1.png\",\"datePublished\":\"2025-08-19T08:23:49+00:00\",\"dateModified\":\"2025-12-23T14:03:12+00:00\",\"breadcrumb\":{\"@id\":\"https:\/\/izglitiba.valmierasnovads.lv\/piispriditis\/dzimbas-drosibas-programma\/#breadcrumb\"},\"inLanguage\":\"lv-LV\",\"potentialAction\":[{\"@type\":\"ReadAction\",\"target\":[\"https:\/\/izglitiba.valmierasnovads.lv\/piispriditis\/dzimbas-drosibas-programma\/\"]}]},{\"@type\":\"ImageObject\",\"inLanguage\":\"lv-LV\",\"@id\":\"https:\/\/izglitiba.valmierasnovads.lv\/piispriditis\/dzimbas-drosibas-programma\/#primaryimage\",\"url\":\"https:\/\/izglitiba.valmierasnovads.lv\/piispriditis\/wp-content\/uploads\/sites\/19\/2025\/08\/Dzimba-plakats-2-1.png\",\"contentUrl\":\"https:\/\/izglitiba.valmierasnovads.lv\/piispriditis\/wp-content\/uploads\/sites\/19\/2025\/08\/Dzimba-plakats-2-1.png\",\"width\":689,\"height\":404},{\"@type\":\"BreadcrumbList\",\"@id\":\"https:\/\/izglitiba.valmierasnovads.lv\/piispriditis\/dzimbas-drosibas-programma\/#breadcrumb\",\"itemListElement\":[{\"@type\":\"ListItem\",\"position\":1,\"name\":\"Home\",\"item\":\"https:\/\/izglitiba.valmierasnovads.lv\/piispriditis\/\"},{\"@type\":\"ListItem\",\"position\":2,\"name\":\"D\u017eimbas dro\u0161\u012bbas programma\"}]},{\"@type\":\"WebSite\",\"@id\":\"https:\/\/izglitiba.valmierasnovads.lv\/piispriditis\/#website\",\"url\":\"https:\/\/izglitiba.valmierasnovads.lv\/piispriditis\/\",\"name\":\"PII &quot;Spr\u012bd\u012btis&quot;\",\"description\":\"\",\"publisher\":{\"@id\":\"https:\/\/izglitiba.valmierasnovads.lv\/piispriditis\/#organization\"},\"potentialAction\":[{\"@type\":\"SearchAction\",\"target\":{\"@type\":\"EntryPoint\",\"urlTemplate\":\"https:\/\/izglitiba.valmierasnovads.lv\/piispriditis\/?s={search_term_string}\"},\"query-input\":{\"@type\":\"PropertyValueSpecification\",\"valueRequired\":true,\"valueName\":\"search_term_string\"}}],\"inLanguage\":\"lv-LV\"},{\"@type\":\"Organization\",\"@id\":\"https:\/\/izglitiba.valmierasnovads.lv\/piispriditis\/#organization\",\"name\":\"PII &quot;Spr\u012bd\u012btis&quot;\",\"url\":\"https:\/\/izglitiba.valmierasnovads.lv\/piispriditis\/\",\"logo\":{\"@type\":\"ImageObject\",\"inLanguage\":\"lv-LV\",\"@id\":\"https:\/\/izglitiba.valmierasnovads.lv\/piispriditis\/#\/schema\/logo\/image\/\",\"url\":\"https:\/\/izglitiba.valmierasnovads.lv\/piispriditis\/wp-content\/uploads\/sites\/19\/2026\/03\/cropped-Pirmsskolas-izglitibas-iestades-ar-pasu-logo-11-scaled-1.png\",\"contentUrl\":\"https:\/\/izglitiba.valmierasnovads.lv\/piispriditis\/wp-content\/uploads\/sites\/19\/2026\/03\/cropped-Pirmsskolas-izglitibas-iestades-ar-pasu-logo-11-scaled-1.png\",\"width\":1447,\"height\":222,\"caption\":\"PII &quot;Spr\u012bd\u012btis&quot;\"},\"image\":{\"@id\":\"https:\/\/izglitiba.valmierasnovads.lv\/piispriditis\/#\/schema\/logo\/image\/\"}}]}<\/script>\n<!-- \/ Yoast SEO plugin. -->","yoast_head_json":{"title":"D\u017eimbas dro\u0161\u012bbas programma - PII &quot;Spr\u012bd\u012btis&quot;","robots":{"index":"index","follow":"follow","max-snippet":"max-snippet:-1","max-image-preview":"max-image-preview:large","max-video-preview":"max-video-preview:-1"},"canonical":"https:\/\/izglitiba.valmierasnovads.lv\/piispriditis\/dzimbas-drosibas-programma\/","og_locale":"lv_LV","og_type":"article","og_title":"D\u017eimbas dro\u0161\u012bbas programma - PII &quot;Spr\u012bd\u012btis&quot;","og_description":"11 so\u013cu dro\u0161\u012bbas programma. Lai skaidrotu personisko dro\u0161\u012bbu viegl\u0101 un saprotam\u0101 veid\u0101, &#8220;Centrs Dardedze&#8221; rad\u012bjis \u012bpa\u0161u varoni v\u0101rd\u0101 D\u017eimba un [&hellip;]","og_url":"https:\/\/izglitiba.valmierasnovads.lv\/piispriditis\/dzimbas-drosibas-programma\/","og_site_name":"PII &quot;Spr\u012bd\u012btis&quot;","article_modified_time":"2025-12-23T14:03:12+00:00","og_image":[{"width":689,"height":404,"url":"https:\/\/izglitiba.valmierasnovads.lv\/piispriditis\/wp-content\/uploads\/sites\/19\/2025\/08\/Dzimba-plakats-2-1.png","type":"image\/png"}],"twitter_card":"summary_large_image","twitter_misc":{"Est. reading time":"1 min\u016bte"},"schema":{"@context":"https:\/\/schema.org","@graph":[{"@type":"WebPage","@id":"https:\/\/izglitiba.valmierasnovads.lv\/piispriditis\/dzimbas-drosibas-programma\/","url":"https:\/\/izglitiba.valmierasnovads.lv\/piispriditis\/dzimbas-drosibas-programma\/","name":"D\u017eimbas dro\u0161\u012bbas programma - PII &quot;Spr\u012bd\u012btis&quot;","isPartOf":{"@id":"https:\/\/izglitiba.valmierasnovads.lv\/piispriditis\/#website"},"primaryImageOfPage":{"@id":"https:\/\/izglitiba.valmierasnovads.lv\/piispriditis\/dzimbas-drosibas-programma\/#primaryimage"},"image":{"@id":"https:\/\/izglitiba.valmierasnovads.lv\/piispriditis\/dzimbas-drosibas-programma\/#primaryimage"},"thumbnailUrl":"https:\/\/izglitiba.valmierasnovads.lv\/piispriditis\/wp-content\/uploads\/sites\/19\/2025\/08\/Dzimba-plakats-2-1.png","datePublished":"2025-08-19T08:23:49+00:00","dateModified":"2025-12-23T14:03:12+00:00","breadcrumb":{"@id":"https:\/\/izglitiba.valmierasnovads.lv\/piispriditis\/dzimbas-drosibas-programma\/#breadcrumb"},"inLanguage":"lv-LV","potentialAction":[{"@type":"ReadAction","target":["https:\/\/izglitiba.valmierasnovads.lv\/piispriditis\/dzimbas-drosibas-programma\/"]}]},{"@type":"ImageObject","inLanguage":"lv-LV","@id":"https:\/\/izglitiba.valmierasnovads.lv\/piispriditis\/dzimbas-drosibas-programma\/#primaryimage","url":"https:\/\/izglitiba.valmierasnovads.lv\/piispriditis\/wp-content\/uploads\/sites\/19\/2025\/08\/Dzimba-plakats-2-1.png","contentUrl":"https:\/\/izglitiba.valmierasnovads.lv\/piispriditis\/wp-content\/uploads\/sites\/19\/2025\/08\/Dzimba-plakats-2-1.png","width":689,"height":404},{"@type":"BreadcrumbList","@id":"https:\/\/izglitiba.valmierasnovads.lv\/piispriditis\/dzimbas-drosibas-programma\/#breadcrumb","itemListElement":[{"@type":"ListItem","position":1,"name":"Home","item":"https:\/\/izglitiba.valmierasnovads.lv\/piispriditis\/"},{"@type":"ListItem","position":2,"name":"D\u017eimbas dro\u0161\u012bbas programma"}]},{"@type":"WebSite","@id":"https:\/\/izglitiba.valmierasnovads.lv\/piispriditis\/#website","url":"https:\/\/izglitiba.valmierasnovads.lv\/piispriditis\/","name":"PII &quot;Spr\u012bd\u012btis&quot;","description":"","publisher":{"@id":"https:\/\/izglitiba.valmierasnovads.lv\/piispriditis\/#organization"},"potentialAction":[{"@type":"SearchAction","target":{"@type":"EntryPoint","urlTemplate":"https:\/\/izglitiba.valmierasnovads.lv\/piispriditis\/?s={search_term_string}"},"query-input":{"@type":"PropertyValueSpecification","valueRequired":true,"valueName":"search_term_string"}}],"inLanguage":"lv-LV"},{"@type":"Organization","@id":"https:\/\/izglitiba.valmierasnovads.lv\/piispriditis\/#organization","name":"PII &quot;Spr\u012bd\u012btis&quot;","url":"https:\/\/izglitiba.valmierasnovads.lv\/piispriditis\/","logo":{"@type":"ImageObject","inLanguage":"lv-LV","@id":"https:\/\/izglitiba.valmierasnovads.lv\/piispriditis\/#\/schema\/logo\/image\/","url":"https:\/\/izglitiba.valmierasnovads.lv\/piispriditis\/wp-content\/uploads\/sites\/19\/2026\/03\/cropped-Pirmsskolas-izglitibas-iestades-ar-pasu-logo-11-scaled-1.png","contentUrl":"https:\/\/izglitiba.valmierasnovads.lv\/piispriditis\/wp-content\/uploads\/sites\/19\/2026\/03\/cropped-Pirmsskolas-izglitibas-iestades-ar-pasu-logo-11-scaled-1.png","width":1447,"height":222,"caption":"PII &quot;Spr\u012bd\u012btis&quot;"},"image":{"@id":"https:\/\/izglitiba.valmierasnovads.lv\/piispriditis\/#\/schema\/logo\/image\/"}}]}},"_links":{"self":[{"href":"https:\/\/izglitiba.valmierasnovads.lv\/piispriditis\/wp-json\/wp\/v2\/pages\/221","targetHints":{"allow":["GET"]}}],"collection":[{"href":"https:\/\/izglitiba.valmierasnovads.lv\/piispriditis\/wp-json\/wp\/v2\/pages"}],"about":[{"href":"https:\/\/izglitiba.valmierasnovads.lv\/piispriditis\/wp-json\/wp\/v2\/types\/page"}],"author":[{"embeddable":true,"href":"https:\/\/izglitiba.valmierasnovads.lv\/piispriditis\/wp-json\/wp\/v2\/users\/19"}],"replies":[{"embeddable":true,"href":"https:\/\/izglitiba.valmierasnovads.lv\/piispriditis\/wp-json\/wp\/v2\/comments?post=221"}],"version-history":[{"count":8,"href":"https:\/\/izglitiba.valmierasnovads.lv\/piispriditis\/wp-json\/wp\/v2\/pages\/221\/revisions"}],"predecessor-version":[{"id":554,"href":"https:\/\/izglitiba.valmierasnovads.lv\/piispriditis\/wp-json\/wp\/v2\/pages\/221\/revisions\/554"}],"wp:attachment":[{"href":"https:\/\/izglitiba.valmierasnovads.lv\/piispriditis\/wp-json\/wp\/v2\/media?parent=221"}],"curies":[{"name":"wp","href":"https:\/\/api.w.org\/{rel}","templated":true}]}}