{"id":375,"date":"2025-08-26T15:36:54","date_gmt":"2025-08-26T12:36:54","guid":{"rendered":"https:\/\/izglitiba.valmierasnovads.lv\/piispriditis\/?page_id=375"},"modified":"2026-03-27T11:48:12","modified_gmt":"2026-03-27T09:48:12","slug":"interesu-izglitiba","status":"publish","type":"page","link":"https:\/\/izglitiba.valmierasnovads.lv\/piispriditis\/interesu-izglitiba\/","title":{"rendered":"Intere\u0161u izgl\u012bt\u012bba"},"content":{"rendered":"\n<p><strong>Intere\u0161u izgl\u012bt\u012bba ir<\/strong> veids k\u0101 veicin\u0101t b\u0113rna vispus\u012bgu att\u012bst\u012bbu, labsaj\u016btu un rado\u0161o pa\u0161izpausmi, veicina gan kognit\u012bvo, gan emocion\u0101lo, soci\u0101lo un fizisko att\u012bst\u012bbu. T\u0101 dod iesp\u0113ju b\u0113rniem atkl\u0101t savas intereses, att\u012bst\u012bt talantus, apg\u016bt jaunas prasmes un iepaz\u012bt pasauli daudzveid\u012bg\u0101 un aizraujo\u0161\u0101 veid\u0101.<\/p>\n\n\n\n<p class=\"has-text-align-center\"><strong>INTERE\u0160U IZGL\u012aT\u012aBAS PROGRAMMAS 2025.\/2026. m.g.<\/strong><\/p>\n\n\n<style>.kb-table-container375_99223f-4a{overflow-x:auto;}.kb-table-container .kb-table375_99223f-4a th{padding-top:var(--global-kb-spacing-xxs, 0.5rem);padding-right:var(--global-kb-spacing-xxs, 0.5rem);padding-bottom:var(--global-kb-spacing-xxs, 0.5rem);padding-left:var(--global-kb-spacing-xxs, 0.5rem);text-align:center;}.kb-table-container .kb-table375_99223f-4a caption{text-align:center;}.kb-table-container .kb-table375_99223f-4a td{padding-top:var(--global-kb-spacing-xxs, 0.5rem);padding-right:var(--global-kb-spacing-xxs, 0.5rem);padding-bottom:var(--global-kb-spacing-xxs, 0.5rem);padding-left:var(--global-kb-spacing-xxs, 0.5rem);text-align:left;}<\/style><div class=\"kb-table-container kb-table-container375_99223f-4a wp-block-kadence-table\"><table class=\"kb-table kb-table375_99223f-4a\">\n<tr class=\"kb-table-row kb-table-row375_129ed4-50\">\n<td class=\"kb-table-data kb-table-data375_d85466-e8\">\n\n<p><strong>Nodarb\u012bbu laiks<\/strong><\/p>\n\n<\/375_d85466-e8>\n\n<td class=\"kb-table-data kb-table-data375_435e17-a6\">\n\n<p><strong>Programmas nosaukums<\/strong><\/p>\n\n<\/375_435e17-a6>\n\n<td class=\"kb-table-data kb-table-data375_4382ea-c6\">\n\n<p><strong>Nodarb\u012bbu vieta<\/strong><\/p>\n\n<\/375_4382ea-c6>\n\n<td class=\"kb-table-data kb-table-data375_0d3c4b-6c\">\n\n<p><strong>Vad\u012bt\u0101js<\/strong><\/p>\n\n<\/375_0d3c4b-6c>\n<\/tr>\n\n<tr class=\"kb-table-row kb-table-row375_5f3ea5-bf\">\n<td class=\"kb-table-data kb-table-data375_1e93ba-0b\">\n\n<p>Pirmdiena<\/p>\n\n<\/375_1e93ba-0b>\n\n<td class=\"kb-table-data kb-table-data375_598672-36\">\n\n<p>&#8220;Sporta dejas&#8221;<\/p>\n\n<\/375_598672-36>\n\n<td class=\"kb-table-data kb-table-data375_7d2f45-ab\">\n\n<p>M\u016bzikas z\u0101le (liel\u0101)<\/p>\n\n<\/375_7d2f45-ab>\n\n<td class=\"kb-table-data kb-table-data375_1b6e3b-93\">\n\n<p>Rihards Bergs<\/p>\n\n<\/375_1b6e3b-93>\n<\/tr>\n\n<tr class=\"kb-table-row kb-table-row375_c25f16-2c\">\n<td class=\"kb-table-data kb-table-data375_b043c4-39\">\n\n<p>Otrdiena<\/p>\n\n<\/375_b043c4-39>\n\n<td class=\"kb-table-data kb-table-data375_9c42b5-42\">\n\n<p>&#8220;Ang\u013cu valoda&#8221;<\/p>\n\n<\/375_9c42b5-42>\n\n<td class=\"kb-table-data kb-table-data375_b7a4bd-ca\">\n\n<p>M\u0101c\u012bbu centrs<\/p>\n\n<\/375_b7a4bd-ca>\n\n<td class=\"kb-table-data kb-table-data375_2fdb51-f0\">\n\n<p>Marita Knopkina<\/p>\n\n<\/375_2fdb51-f0>\n<\/tr>\n\n<tr class=\"kb-table-row kb-table-row375_a72a5d-2d\">\n<td class=\"kb-table-data kb-table-data375_17018e-3f\">\n\n<p>Tre\u0161diena<\/p>\n\n<\/375_17018e-3f>\n\n<td class=\"kb-table-data kb-table-data375_ac4fd1-de\">\n\n<p>&#8220;Ritmika un rota\u013cdejas&#8221;<\/p>\n\n<\/375_ac4fd1-de>\n\n<td class=\"kb-table-data kb-table-data375_070d61-7a\">\n\n<p>Sporta z\u0101le<\/p>\n\n<\/375_070d61-7a>\n\n<td class=\"kb-table-data kb-table-data375_85e899-23\">\n\n<p>Linda Egl\u012bte<\/p>\n\n<\/375_85e899-23>\n<\/tr>\n\n<tr class=\"kb-table-row kb-table-row375_a68ae0-ac\">\n<td class=\"kb-table-data kb-table-data375_c190e5-fa\">\n\n<p>Ceturtdiena<\/p>\n\n<\/375_c190e5-fa>\n\n<td class=\"kb-table-data kb-table-data375_90a9e3-96\">\n\n<p>&#8220;Robotika&#8221;<\/p>\n\n<\/375_90a9e3-96>\n\n<td class=\"kb-table-data kb-table-data375_5fedfe-34\">\n\n<p>M\u016bzikas z\u0101le (maz\u0101)<\/p>\n\n<\/375_5fedfe-34>\n\n<td class=\"kb-table-data kb-table-data375_26286c-42\">\n\n<p>B\u0113rnu centrs &#8220;K\u0101 m\u0101j\u0101s&#8221;<\/p>\n\n<\/375_26286c-42>\n<\/tr>\n\n<tr class=\"kb-table-row kb-table-row375_e0ee7d-9f\">\n<td class=\"kb-table-data kb-table-data375_51346e-2b\">\n\n<p>Piektdiena<\/p>\n\n<\/375_51346e-2b>\n\n<td class=\"kb-table-data kb-table-data375_3bdb31-65\">\n\n<p>&#8220;Ang\u013cu valoda&#8221;<\/p>\n\n<\/375_3bdb31-65>\n\n<td class=\"kb-table-data kb-table-data375_1cccb6-a7\">\n\n<p>M\u0101c\u012bbu centrs<\/p>\n\n<\/375_1cccb6-a7>\n\n<td class=\"kb-table-data kb-table-data375_bc77b5-92\">\n\n<p>Marita Knopkina<\/p>\n\n<\/375_bc77b5-92>\n<\/tr>\n<\/table><\/div>\n\n\n<p><strong>&#8220;Modern\u0101s dejas<\/strong>&#8221; \u2013 veicina fizisko aktivit\u0101ti, kust\u012bbu izteiksmi un rado\u0161umu, iepaz\u012bstinot b\u0113rnus ar m\u016bsdienu deju stilu elementiem dinamisk\u0101 un b\u0113rniem saisto\u0161\u0101 form\u0101.<\/p>\n\n\n\n<p>Pedagogs: Rihards Bergs \ud83d\udce7 <a href=\"mailto:rihards.bergs@vps.edu.lv\">rihards.bergs@vps.edu.lv<\/a> \ud83d\udcde+37126647052<\/p>\n\n\n\n<p>&#8220;<strong>Ang\u013cu valoda&#8221;<\/strong> \u2013 att\u012bsta pirm\u0101s sve\u0161valodas prasmes b\u0113rniem interesant\u0101 un aizraujo\u0161\u0101 veid\u0101, izmantojot sp\u0113les, dziesmas, da\u017e\u0101das kust\u012bbu un rado\u0161\u0101s aktivit\u0101tes un vienk\u0101r\u0161us sarunu mode\u013cus, t\u0101 veidojot pozit\u012bvu attieksmi pret valodu apguvi.<\/p>\n\n\n\n<p>Pedagogs: Marita Knopkina \ud83d\udce7 <a href=\"mailto:marita.knopkina@gmail.com\">marita.knopkina@gmail.com<\/a> \ud83d\udcde+37126186153<\/p>\n\n\n\n<p>&#8220;<strong>Ritmika un rota\u013cdejas<\/strong>&#8221; \u2013 apvieno m\u016bziku, kust\u012bbu un rota\u013cas. B\u0113rni iepaz\u012bst da\u017e\u0101dus deju stilus jautr\u0101, atbalsto\u0161\u0101 un iedvesmojo\u0161\u0101 atmosf\u0113r\u0101. Paaugstina fizisko aktivit\u0101ti, uzlabo vielmai\u0146u un elpo\u0161anu, veicina koordin\u0101ciju, ritma izj\u016btu, kust\u012bbu plastiku, lokan\u012bbu, k\u0101 ar\u012b att\u012bsta muzikalo dzirdi, izt\u0113li un prasmi sadarboties.<\/p>\n\n\n\n<p>Pedagogs: Linda Egl\u012bte \ud83d\udce7 <a href=\"mailto:lin_da@inbox.lv\">lin_da@inbox.lv<\/a>  \ud83d\udcde+37124422307<\/p>\n\n\n\n<p>&#8220;<strong>Robotika&#8221;<\/strong> \u2013 veicina b\u0113rna lo\u0123isko dom\u0101\u0161anu un rado\u0161umu, iepaz\u012bstinot ar pamatiem programm\u0113\u0161an\u0101 un robotu vad\u012bb\u0101 rota\u013c\u012bg\u0101 un interakt\u012bv\u0101 veid\u0101. Nodarb\u012bbas pal\u012bdz att\u012bst\u012bt tehnisko dom\u0101\u0161anu, precizit\u0101ti.<\/p>\n\n\n\n<p><\/p>\n\n\n\n<p><\/p>\n\n\n\n<p><\/p>\n","protected":false},"excerpt":{"rendered":"<p>Intere\u0161u izgl\u012bt\u012bba ir veids k\u0101 veicin\u0101t b\u0113rna vispus\u012bgu att\u012bst\u012bbu, labsaj\u016btu un rado\u0161o pa\u0161izpausmi, veicina gan kognit\u012bvo, gan emocion\u0101lo, soci\u0101lo un [&hellip;]<\/p>\n","protected":false},"author":19,"featured_media":0,"parent":0,"menu_order":0,"comment_status":"closed","ping_status":"closed","template":"","meta":{"_acf_changed":false,"site-sidebar-layout":"default","site-content-layout":"","ast-site-content-layout":"default","site-content-style":"default","site-sidebar-style":"default","ast-global-header-display":"","ast-banner-title-visibility":"","ast-main-header-display":"","ast-hfb-above-header-display":"","ast-hfb-below-header-display":"","ast-hfb-mobile-header-display":"","site-post-title":"","ast-breadcrumbs-content":"","ast-featured-img":"","footer-sml-layout":"","ast-disable-related-posts":"","theme-transparent-header-meta":"","adv-header-id-meta":"","stick-header-meta":"","header-above-stick-meta":"","header-main-stick-meta":"","header-below-stick-meta":"","astra-migrate-meta-layouts":"default","ast-page-background-enabled":"default","ast-page-background-meta":{"desktop":{"background-color":"var(--ast-global-color-5)","background-image":"","background-repeat":"repeat","background-position":"center center","background-size":"auto","background-attachment":"scroll","background-type":"","background-media":"","overlay-type":"","overlay-color":"","overlay-opacity":"","overlay-gradient":""},"tablet":{"background-color":"","background-image":"","background-repeat":"repeat","background-position":"center center","background-size":"auto","background-attachment":"scroll","background-type":"","background-media":"","overlay-type":"","overlay-color":"","overlay-opacity":"","overlay-gradient":""},"mobile":{"background-color":"","background-image":"","background-repeat":"repeat","background-position":"center center","background-size":"auto","background-attachment":"scroll","background-type":"","background-media":"","overlay-type":"","overlay-color":"","overlay-opacity":"","overlay-gradient":""}},"ast-content-background-meta":{"desktop":{"background-color":"var(--ast-global-color-4)","background-image":"","background-repeat":"repeat","background-position":"center center","background-size":"auto","background-attachment":"scroll","background-type":"","background-media":"","overlay-type":"","overlay-color":"","overlay-opacity":"","overlay-gradient":""},"tablet":{"background-color":"var(--ast-global-color-4)","background-image":"","background-repeat":"repeat","background-position":"center center","background-size":"auto","background-attachment":"scroll","background-type":"","background-media":"","overlay-type":"","overlay-color":"","overlay-opacity":"","overlay-gradient":""},"mobile":{"background-color":"var(--ast-global-color-4)","background-image":"","background-repeat":"repeat","background-position":"center center","background-size":"auto","background-attachment":"scroll","background-type":"","background-media":"","overlay-type":"","overlay-color":"","overlay-opacity":"","overlay-gradient":""}},"footnotes":""},"class_list":["post-375","page","type-page","status-publish","hentry"],"acf":[],"yoast_head":"<!-- This site is optimized with the Yoast SEO plugin v27.0 - https:\/\/yoast.com\/product\/yoast-seo-wordpress\/ -->\n<title>Intere\u0161u izgl\u012bt\u012bba - PII &quot;Spr\u012bd\u012btis&quot;<\/title>\n<meta name=\"robots\" content=\"index, follow, max-snippet:-1, max-image-preview:large, max-video-preview:-1\" \/>\n<link rel=\"canonical\" href=\"https:\/\/izglitiba.valmierasnovads.lv\/piispriditis\/interesu-izglitiba\/\" \/>\n<meta property=\"og:locale\" content=\"lv_LV\" \/>\n<meta property=\"og:type\" content=\"article\" \/>\n<meta property=\"og:title\" content=\"Intere\u0161u izgl\u012bt\u012bba - PII &quot;Spr\u012bd\u012btis&quot;\" \/>\n<meta property=\"og:description\" content=\"Intere\u0161u izgl\u012bt\u012bba ir veids k\u0101 veicin\u0101t b\u0113rna vispus\u012bgu att\u012bst\u012bbu, labsaj\u016btu un rado\u0161o pa\u0161izpausmi, veicina gan kognit\u012bvo, gan emocion\u0101lo, soci\u0101lo un [&hellip;]\" \/>\n<meta property=\"og:url\" content=\"https:\/\/izglitiba.valmierasnovads.lv\/piispriditis\/interesu-izglitiba\/\" \/>\n<meta property=\"og:site_name\" content=\"PII &quot;Spr\u012bd\u012btis&quot;\" \/>\n<meta property=\"article:modified_time\" content=\"2026-03-27T09:48:12+00:00\" \/>\n<meta name=\"twitter:card\" content=\"summary_large_image\" \/>\n<meta name=\"twitter:label1\" content=\"Est. reading time\" \/>\n\t<meta name=\"twitter:data1\" content=\"2 min\u016btes\" \/>\n<script type=\"application\/ld+json\" class=\"yoast-schema-graph\">{\"@context\":\"https:\/\/schema.org\",\"@graph\":[{\"@type\":\"WebPage\",\"@id\":\"https:\/\/izglitiba.valmierasnovads.lv\/piispriditis\/interesu-izglitiba\/\",\"url\":\"https:\/\/izglitiba.valmierasnovads.lv\/piispriditis\/interesu-izglitiba\/\",\"name\":\"Intere\u0161u izgl\u012bt\u012bba - PII &quot;Spr\u012bd\u012btis&quot;\",\"isPartOf\":{\"@id\":\"https:\/\/izglitiba.valmierasnovads.lv\/piispriditis\/#website\"},\"datePublished\":\"2025-08-26T12:36:54+00:00\",\"dateModified\":\"2026-03-27T09:48:12+00:00\",\"breadcrumb\":{\"@id\":\"https:\/\/izglitiba.valmierasnovads.lv\/piispriditis\/interesu-izglitiba\/#breadcrumb\"},\"inLanguage\":\"lv-LV\",\"potentialAction\":[{\"@type\":\"ReadAction\",\"target\":[\"https:\/\/izglitiba.valmierasnovads.lv\/piispriditis\/interesu-izglitiba\/\"]}]},{\"@type\":\"BreadcrumbList\",\"@id\":\"https:\/\/izglitiba.valmierasnovads.lv\/piispriditis\/interesu-izglitiba\/#breadcrumb\",\"itemListElement\":[{\"@type\":\"ListItem\",\"position\":1,\"name\":\"Home\",\"item\":\"https:\/\/izglitiba.valmierasnovads.lv\/piispriditis\/\"},{\"@type\":\"ListItem\",\"position\":2,\"name\":\"Intere\u0161u izgl\u012bt\u012bba\"}]},{\"@type\":\"WebSite\",\"@id\":\"https:\/\/izglitiba.valmierasnovads.lv\/piispriditis\/#website\",\"url\":\"https:\/\/izglitiba.valmierasnovads.lv\/piispriditis\/\",\"name\":\"PII &quot;Spr\u012bd\u012btis&quot;\",\"description\":\"\",\"publisher\":{\"@id\":\"https:\/\/izglitiba.valmierasnovads.lv\/piispriditis\/#organization\"},\"potentialAction\":[{\"@type\":\"SearchAction\",\"target\":{\"@type\":\"EntryPoint\",\"urlTemplate\":\"https:\/\/izglitiba.valmierasnovads.lv\/piispriditis\/?s={search_term_string}\"},\"query-input\":{\"@type\":\"PropertyValueSpecification\",\"valueRequired\":true,\"valueName\":\"search_term_string\"}}],\"inLanguage\":\"lv-LV\"},{\"@type\":\"Organization\",\"@id\":\"https:\/\/izglitiba.valmierasnovads.lv\/piispriditis\/#organization\",\"name\":\"PII &quot;Spr\u012bd\u012btis&quot;\",\"url\":\"https:\/\/izglitiba.valmierasnovads.lv\/piispriditis\/\",\"logo\":{\"@type\":\"ImageObject\",\"inLanguage\":\"lv-LV\",\"@id\":\"https:\/\/izglitiba.valmierasnovads.lv\/piispriditis\/#\/schema\/logo\/image\/\",\"url\":\"https:\/\/izglitiba.valmierasnovads.lv\/piispriditis\/wp-content\/uploads\/sites\/19\/2026\/03\/cropped-Pirmsskolas-izglitibas-iestades-ar-pasu-logo-11-scaled-1.png\",\"contentUrl\":\"https:\/\/izglitiba.valmierasnovads.lv\/piispriditis\/wp-content\/uploads\/sites\/19\/2026\/03\/cropped-Pirmsskolas-izglitibas-iestades-ar-pasu-logo-11-scaled-1.png\",\"width\":1447,\"height\":222,\"caption\":\"PII &quot;Spr\u012bd\u012btis&quot;\"},\"image\":{\"@id\":\"https:\/\/izglitiba.valmierasnovads.lv\/piispriditis\/#\/schema\/logo\/image\/\"}}]}<\/script>\n<!-- \/ Yoast SEO plugin. -->","yoast_head_json":{"title":"Intere\u0161u izgl\u012bt\u012bba - PII &quot;Spr\u012bd\u012btis&quot;","robots":{"index":"index","follow":"follow","max-snippet":"max-snippet:-1","max-image-preview":"max-image-preview:large","max-video-preview":"max-video-preview:-1"},"canonical":"https:\/\/izglitiba.valmierasnovads.lv\/piispriditis\/interesu-izglitiba\/","og_locale":"lv_LV","og_type":"article","og_title":"Intere\u0161u izgl\u012bt\u012bba - PII &quot;Spr\u012bd\u012btis&quot;","og_description":"Intere\u0161u izgl\u012bt\u012bba ir veids k\u0101 veicin\u0101t b\u0113rna vispus\u012bgu att\u012bst\u012bbu, labsaj\u016btu un rado\u0161o pa\u0161izpausmi, veicina gan kognit\u012bvo, gan emocion\u0101lo, soci\u0101lo un [&hellip;]","og_url":"https:\/\/izglitiba.valmierasnovads.lv\/piispriditis\/interesu-izglitiba\/","og_site_name":"PII &quot;Spr\u012bd\u012btis&quot;","article_modified_time":"2026-03-27T09:48:12+00:00","twitter_card":"summary_large_image","twitter_misc":{"Est. reading time":"2 min\u016btes"},"schema":{"@context":"https:\/\/schema.org","@graph":[{"@type":"WebPage","@id":"https:\/\/izglitiba.valmierasnovads.lv\/piispriditis\/interesu-izglitiba\/","url":"https:\/\/izglitiba.valmierasnovads.lv\/piispriditis\/interesu-izglitiba\/","name":"Intere\u0161u izgl\u012bt\u012bba - PII &quot;Spr\u012bd\u012btis&quot;","isPartOf":{"@id":"https:\/\/izglitiba.valmierasnovads.lv\/piispriditis\/#website"},"datePublished":"2025-08-26T12:36:54+00:00","dateModified":"2026-03-27T09:48:12+00:00","breadcrumb":{"@id":"https:\/\/izglitiba.valmierasnovads.lv\/piispriditis\/interesu-izglitiba\/#breadcrumb"},"inLanguage":"lv-LV","potentialAction":[{"@type":"ReadAction","target":["https:\/\/izglitiba.valmierasnovads.lv\/piispriditis\/interesu-izglitiba\/"]}]},{"@type":"BreadcrumbList","@id":"https:\/\/izglitiba.valmierasnovads.lv\/piispriditis\/interesu-izglitiba\/#breadcrumb","itemListElement":[{"@type":"ListItem","position":1,"name":"Home","item":"https:\/\/izglitiba.valmierasnovads.lv\/piispriditis\/"},{"@type":"ListItem","position":2,"name":"Intere\u0161u izgl\u012bt\u012bba"}]},{"@type":"WebSite","@id":"https:\/\/izglitiba.valmierasnovads.lv\/piispriditis\/#website","url":"https:\/\/izglitiba.valmierasnovads.lv\/piispriditis\/","name":"PII &quot;Spr\u012bd\u012btis&quot;","description":"","publisher":{"@id":"https:\/\/izglitiba.valmierasnovads.lv\/piispriditis\/#organization"},"potentialAction":[{"@type":"SearchAction","target":{"@type":"EntryPoint","urlTemplate":"https:\/\/izglitiba.valmierasnovads.lv\/piispriditis\/?s={search_term_string}"},"query-input":{"@type":"PropertyValueSpecification","valueRequired":true,"valueName":"search_term_string"}}],"inLanguage":"lv-LV"},{"@type":"Organization","@id":"https:\/\/izglitiba.valmierasnovads.lv\/piispriditis\/#organization","name":"PII &quot;Spr\u012bd\u012btis&quot;","url":"https:\/\/izglitiba.valmierasnovads.lv\/piispriditis\/","logo":{"@type":"ImageObject","inLanguage":"lv-LV","@id":"https:\/\/izglitiba.valmierasnovads.lv\/piispriditis\/#\/schema\/logo\/image\/","url":"https:\/\/izglitiba.valmierasnovads.lv\/piispriditis\/wp-content\/uploads\/sites\/19\/2026\/03\/cropped-Pirmsskolas-izglitibas-iestades-ar-pasu-logo-11-scaled-1.png","contentUrl":"https:\/\/izglitiba.valmierasnovads.lv\/piispriditis\/wp-content\/uploads\/sites\/19\/2026\/03\/cropped-Pirmsskolas-izglitibas-iestades-ar-pasu-logo-11-scaled-1.png","width":1447,"height":222,"caption":"PII &quot;Spr\u012bd\u012btis&quot;"},"image":{"@id":"https:\/\/izglitiba.valmierasnovads.lv\/piispriditis\/#\/schema\/logo\/image\/"}}]}},"_links":{"self":[{"href":"https:\/\/izglitiba.valmierasnovads.lv\/piispriditis\/wp-json\/wp\/v2\/pages\/375","targetHints":{"allow":["GET"]}}],"collection":[{"href":"https:\/\/izglitiba.valmierasnovads.lv\/piispriditis\/wp-json\/wp\/v2\/pages"}],"about":[{"href":"https:\/\/izglitiba.valmierasnovads.lv\/piispriditis\/wp-json\/wp\/v2\/types\/page"}],"author":[{"embeddable":true,"href":"https:\/\/izglitiba.valmierasnovads.lv\/piispriditis\/wp-json\/wp\/v2\/users\/19"}],"replies":[{"embeddable":true,"href":"https:\/\/izglitiba.valmierasnovads.lv\/piispriditis\/wp-json\/wp\/v2\/comments?post=375"}],"version-history":[{"count":15,"href":"https:\/\/izglitiba.valmierasnovads.lv\/piispriditis\/wp-json\/wp\/v2\/pages\/375\/revisions"}],"predecessor-version":[{"id":880,"href":"https:\/\/izglitiba.valmierasnovads.lv\/piispriditis\/wp-json\/wp\/v2\/pages\/375\/revisions\/880"}],"wp:attachment":[{"href":"https:\/\/izglitiba.valmierasnovads.lv\/piispriditis\/wp-json\/wp\/v2\/media?parent=375"}],"curies":[{"name":"wp","href":"https:\/\/api.w.org\/{rel}","templated":true}]}}