{"id":788,"date":"2026-03-26T13:35:38","date_gmt":"2026-03-26T11:35:38","guid":{"rendered":"https:\/\/izglitiba.valmierasnovads.lv\/piispriditis\/?page_id=788"},"modified":"2026-03-27T12:42:01","modified_gmt":"2026-03-27T10:42:01","slug":"par-mums","status":"publish","type":"page","link":"https:\/\/izglitiba.valmierasnovads.lv\/piispriditis\/par-mums\/","title":{"rendered":"Par mums"},"content":{"rendered":"\n<div class=\"wp-block-group is-nowrap is-layout-flex wp-container-core-group-is-layout-6c531013 wp-block-group-is-layout-flex\">\n<figure class=\"wp-block-image size-full is-resized\"><img loading=\"lazy\" decoding=\"async\" width=\"665\" height=\"435\" src=\"https:\/\/izglitiba.valmierasnovads.lv\/piispriditis\/wp-content\/uploads\/sites\/19\/2026\/03\/image.jpeg\" alt=\"\" class=\"wp-image-789\" style=\"width:414px;height:auto\" srcset=\"https:\/\/izglitiba.valmierasnovads.lv\/piispriditis\/wp-content\/uploads\/sites\/19\/2026\/03\/image.jpeg 665w, https:\/\/izglitiba.valmierasnovads.lv\/piispriditis\/wp-content\/uploads\/sites\/19\/2026\/03\/image-300x196.jpeg 300w\" sizes=\"auto, (max-width: 665px) 100vw, 665px\" \/><\/figure>\n\n\n\n<div class=\"wp-block-group is-layout-constrained wp-block-group-is-layout-constrained\">\n<p style=\"font-size:15px\"><em>Pirmsskolas izgl\u012bt\u012bbas iest\u0101de \u201eSpr\u012bd\u012btis\u201d atrodas Valmier\u0101, P\u0101rgauj\u0101.\u00a0 Pavisam net\u0101lu savus l\u012bkumus met Gauja un \u0161alko me\u017es,\u00a0 nodro\u0161inot b\u0113rniem svaigu gaisu, k\u0101 ar\u012b iesp\u0113ju iepaz\u012bt un izzin\u0101t dabu.<\/em><br><em>\u201cSpr\u012bd\u012btis\u201d ir m\u016bsdien\u012bga pirmsskolas izgl\u012bt\u012bbas iest\u0101de, kas izgl\u012bt\u012bbas proces\u0101 balst\u0101s uz kompeten\u010du pieej\u0101 balst\u012btu m\u0101c\u012bbu saturu, \u012bpa\u0161u\u00a0 uzman\u012bba piev\u0113r\u0161ot\u00a0 katra b\u0113rna pa\u0161izpausmei, valodas\u00a0 un sadarb\u012bbas prasmju att\u012bst\u012bbai.\u00a0 Iest\u0101des\u00a0 vide ir p\u0101rdom\u0101ti iek\u0101rtota, sekm\u0113jot b\u0113rnu\u00a0 dro\u0161\u012bbu un att\u012bst\u012bbu, veicinot izzi\u0146as interesi un p\u0113tniecisko darb\u012bbu.<\/em> <em>M\u0113s nodro\u0161in\u0101m b\u0113rnu att\u012bst\u012bbu un izgl\u012bto\u0161anu, izmantojot rado\u0161as un inovat\u012bvas metodes, pl\u0101nojot un realiz\u0113jot b\u0113rncentr\u0113tu, individualiz\u0113tu m\u0101c\u012bbu procesu.<\/em><\/p>\n<\/div>\n<\/div>\n\n\n\n<div class=\"wp-block-group is-nowrap is-layout-flex wp-container-core-group-is-layout-6c531013 wp-block-group-is-layout-flex\">\n<p>&nbsp;<strong>M\u016bsu simbols<\/strong>&nbsp; ir Spr\u012bd\u012btis \u2013 drosm\u012bgs, zin\u0101tk\u0101rs un \u0146iprs z\u0113ns.&nbsp;T\u0101dus v\u0113lamies redz\u0113t izaugam ar\u012b m\u016bsu audz\u0113k\u0146us.<\/p>\n\n\n\n<figure class=\"wp-block-image size-full is-resized\"><img loading=\"lazy\" decoding=\"async\" width=\"104\" height=\"122\" src=\"https:\/\/izglitiba.valmierasnovads.lv\/piispriditis\/wp-content\/uploads\/sites\/19\/2026\/03\/image.png\" alt=\"\" class=\"wp-image-797\" style=\"aspect-ratio:0.8525376315438924;width:107px;height:auto\" \/><\/figure>\n\n\n\n<div class=\"wp-block-group is-layout-constrained wp-block-group-is-layout-constrained\"><\/div>\n<\/div>\n\n\n\n<p><strong>M\u016bsu misija<\/strong>: Nodro\u0161in\u0101t katram b\u0113rnam kvalitat\u012bvu, uz individu\u0101lo sp\u0113ju att\u012bst\u012bbu orient\u0113tu pirmsskolas izgl\u012bt\u012bbas ieguves iesp\u0113ju.<br><strong>M\u016bsus v\u012bzija<\/strong>: M\u016bsdien\u012bga iest\u0101de, kur dro\u0161\u0101, att\u012bsto\u0161\u0101 un labv\u0113l\u012bg\u0101 vid\u0113 tiek izgl\u012btoti atbild\u012bgi, zino\u0161i un dz\u012bvespriec\u012bgi b\u0113rni.<br><strong>M\u016bsu v\u0113rt\u012bbas<\/strong>: CIE\u0145A, ATBILD\u012aBA, DRO\u0160\u012aBA<br><strong>M\u016bsu moto<\/strong>: B\u0113rni ir pu\u0137es Dieva pasaules d\u0101rz\u0101, kas uz laiku ir uztic\u0113ti m\u016bsu m\u012blest\u012bbai un kop\u0161anai, bet, kas att\u012bst\u0101s un aug p\u0113c vi\u0146u pa\u0161u nesatricin\u0101miem likumiem. \/Zenta Mauri\u0146a\/<\/p>\n\n\n\n<div class=\"wp-block-group is-layout-constrained wp-block-group-is-layout-constrained\">\n<p><strong>M\u0113s pied\u0101v\u0101jam:<\/strong><\/p>\n\n\n\n<ul class=\"wp-block-list\">\n<li>pirmsskolas izgl\u012bt\u012bbas programmas apguvi b\u0113rniem no 1,5 gadu vecuma;<\/li>\n\n\n\n<li>dabaszin\u012bbu nodarb\u012bbas, k\u0101 ar\u012b kust\u012bbu un sensor\u0101s rota\u013cas speci\u0101li apr\u012bkot\u0101 telp\u0101 \u201cSpr\u012bd\u012b\u0161a taka\u201d;<\/li>\n\n\n\n<li>logop\u0113da nodarb\u012bbas b\u0113rniem no 3 gadu vecuma 1 reizi ned\u0113\u013c\u0101 (b\u0113rniem ar valodas att\u012bst\u012bbas trauc\u0113jumiem, bez Pedago\u0123iski medic\u012bnisk\u0101s komisijas atzinuma);<\/li>\n\n\n\n<li>nodarb\u012bbas pie logop\u0113da 3 reizes ned\u0113\u013c\u0101 (b\u0113rniem ar Pedago\u0123iski medic\u012bnisk\u0101s komisijas atzinumu)<\/li>\n\n\n\n<li>nodarb\u012bbas pie speci\u0101l\u0101 pedagoga (b\u0113rniem ar m\u0101c\u012b\u0161an\u0101s gr\u016bt\u012bb\u0101m);<\/li>\n\n\n\n<li>nodarb\u012bbas pie soci\u0101l\u0101 pedagoga (b\u0113rniem ar uzved\u012bbas gr\u016bt\u012bb\u0101m);<\/li>\n\n\n\n<li>konsult\u0101cijas b\u0113rniem un vi\u0146u vec\u0101kiem pie izgl\u012bt\u012bbas psihologa;<\/li>\n\n\n\n<li>individu\u0101las vingro\u0161anas nodarb\u012bbas (b\u0113rniem ar st\u0101jas un kust\u012bbu trauc\u0113jumiem);<\/li>\n\n\n\n<li>peld\u0113\u0161anas nodarb\u012bbas Valmieras Olimpiskaj\u0101 centr\u0101 (6 gadus veciem b\u0113rniem);<\/li>\n\n\n\n<li>intere\u0161u izgl\u012bt\u012bbas pulci\u0146us (no 3 gadu vecuma);<\/li>\n\n\n\n<li>D\u017eimbas 11 so\u013cu dro\u0161\u012bbas programmu (6 gadus veciem b\u0113rniem)<\/li>\n\n\n\n<li>Soci\u0101li emocion\u0101lo m\u0101c\u012b\u0161an\u0101s programmu (b\u0113rniem no 5 gadu vecuma)+<\/li>\n<\/ul>\n<\/div>\n","protected":false},"excerpt":{"rendered":"<p>Pirmsskolas izgl\u012bt\u012bbas iest\u0101de \u201eSpr\u012bd\u012btis\u201d atrodas Valmier\u0101, P\u0101rgauj\u0101.\u00a0 Pavisam net\u0101lu savus l\u012bkumus met Gauja un \u0161alko me\u017es,\u00a0 nodro\u0161inot b\u0113rniem svaigu gaisu, [&hellip;]<\/p>\n","protected":false},"author":1,"featured_media":0,"parent":0,"menu_order":0,"comment_status":"closed","ping_status":"closed","template":"","meta":{"_acf_changed":false,"site-sidebar-layout":"default","site-content-layout":"","ast-site-content-layout":"default","site-content-style":"default","site-sidebar-style":"default","ast-global-header-display":"","ast-banner-title-visibility":"","ast-main-header-display":"","ast-hfb-above-header-display":"","ast-hfb-below-header-display":"","ast-hfb-mobile-header-display":"","site-post-title":"","ast-breadcrumbs-content":"","ast-featured-img":"","footer-sml-layout":"","ast-disable-related-posts":"","theme-transparent-header-meta":"","adv-header-id-meta":"","stick-header-meta":"","header-above-stick-meta":"","header-main-stick-meta":"","header-below-stick-meta":"","astra-migrate-meta-layouts":"default","ast-page-background-enabled":"default","ast-page-background-meta":{"desktop":{"background-color":"var(--ast-global-color-5)","background-image":"","background-repeat":"repeat","background-position":"center center","background-size":"auto","background-attachment":"scroll","background-type":"","background-media":"","overlay-type":"","overlay-color":"","overlay-opacity":"","overlay-gradient":""},"tablet":{"background-color":"","background-image":"","background-repeat":"repeat","background-position":"center center","background-size":"auto","background-attachment":"scroll","background-type":"","background-media":"","overlay-type":"","overlay-color":"","overlay-opacity":"","overlay-gradient":""},"mobile":{"background-color":"","background-image":"","background-repeat":"repeat","background-position":"center center","background-size":"auto","background-attachment":"scroll","background-type":"","background-media":"","overlay-type":"","overlay-color":"","overlay-opacity":"","overlay-gradient":""}},"ast-content-background-meta":{"desktop":{"background-color":"var(--ast-global-color-4)","background-image":"","background-repeat":"repeat","background-position":"center center","background-size":"auto","background-attachment":"scroll","background-type":"","background-media":"","overlay-type":"","overlay-color":"","overlay-opacity":"","overlay-gradient":""},"tablet":{"background-color":"var(--ast-global-color-4)","background-image":"","background-repeat":"repeat","background-position":"center center","background-size":"auto","background-attachment":"scroll","background-type":"","background-media":"","overlay-type":"","overlay-color":"","overlay-opacity":"","overlay-gradient":""},"mobile":{"background-color":"var(--ast-global-color-4)","background-image":"","background-repeat":"repeat","background-position":"center center","background-size":"auto","background-attachment":"scroll","background-type":"","background-media":"","overlay-type":"","overlay-color":"","overlay-opacity":"","overlay-gradient":""}},"footnotes":""},"class_list":["post-788","page","type-page","status-publish","hentry"],"acf":[],"yoast_head":"<!-- This site is optimized with the Yoast SEO plugin v27.0 - https:\/\/yoast.com\/product\/yoast-seo-wordpress\/ -->\n<title>Par mums - PII &quot;Spr\u012bd\u012btis&quot;<\/title>\n<meta name=\"robots\" content=\"index, follow, max-snippet:-1, max-image-preview:large, max-video-preview:-1\" \/>\n<link rel=\"canonical\" href=\"https:\/\/izglitiba.valmierasnovads.lv\/piispriditis\/par-mums\/\" \/>\n<meta property=\"og:locale\" content=\"lv_LV\" \/>\n<meta property=\"og:type\" content=\"article\" \/>\n<meta property=\"og:title\" content=\"Par mums - PII &quot;Spr\u012bd\u012btis&quot;\" \/>\n<meta property=\"og:description\" content=\"Pirmsskolas izgl\u012bt\u012bbas iest\u0101de \u201eSpr\u012bd\u012btis\u201d atrodas Valmier\u0101, P\u0101rgauj\u0101.\u00a0 Pavisam net\u0101lu savus l\u012bkumus met Gauja un \u0161alko me\u017es,\u00a0 nodro\u0161inot b\u0113rniem svaigu gaisu, [&hellip;]\" \/>\n<meta property=\"og:url\" content=\"https:\/\/izglitiba.valmierasnovads.lv\/piispriditis\/par-mums\/\" \/>\n<meta property=\"og:site_name\" content=\"PII &quot;Spr\u012bd\u012btis&quot;\" \/>\n<meta property=\"article:modified_time\" content=\"2026-03-27T10:42:01+00:00\" \/>\n<meta property=\"og:image\" content=\"https:\/\/izglitiba.valmierasnovads.lv\/piispriditis\/wp-content\/uploads\/sites\/19\/2026\/03\/image.jpeg\" \/>\n\t<meta property=\"og:image:width\" content=\"665\" \/>\n\t<meta property=\"og:image:height\" content=\"435\" \/>\n\t<meta property=\"og:image:type\" content=\"image\/jpeg\" \/>\n<meta name=\"twitter:card\" content=\"summary_large_image\" \/>\n<meta name=\"twitter:label1\" content=\"Est. reading time\" \/>\n\t<meta name=\"twitter:data1\" content=\"2 min\u016btes\" \/>\n<script type=\"application\/ld+json\" class=\"yoast-schema-graph\">{\"@context\":\"https:\/\/schema.org\",\"@graph\":[{\"@type\":\"WebPage\",\"@id\":\"https:\/\/izglitiba.valmierasnovads.lv\/piispriditis\/par-mums\/\",\"url\":\"https:\/\/izglitiba.valmierasnovads.lv\/piispriditis\/par-mums\/\",\"name\":\"Par mums - PII &quot;Spr\u012bd\u012btis&quot;\",\"isPartOf\":{\"@id\":\"https:\/\/izglitiba.valmierasnovads.lv\/piispriditis\/#website\"},\"primaryImageOfPage\":{\"@id\":\"https:\/\/izglitiba.valmierasnovads.lv\/piispriditis\/par-mums\/#primaryimage\"},\"image\":{\"@id\":\"https:\/\/izglitiba.valmierasnovads.lv\/piispriditis\/par-mums\/#primaryimage\"},\"thumbnailUrl\":\"https:\/\/izglitiba.valmierasnovads.lv\/piispriditis\/wp-content\/uploads\/sites\/19\/2026\/03\/image.jpeg\",\"datePublished\":\"2026-03-26T11:35:38+00:00\",\"dateModified\":\"2026-03-27T10:42:01+00:00\",\"breadcrumb\":{\"@id\":\"https:\/\/izglitiba.valmierasnovads.lv\/piispriditis\/par-mums\/#breadcrumb\"},\"inLanguage\":\"lv-LV\",\"potentialAction\":[{\"@type\":\"ReadAction\",\"target\":[\"https:\/\/izglitiba.valmierasnovads.lv\/piispriditis\/par-mums\/\"]}]},{\"@type\":\"ImageObject\",\"inLanguage\":\"lv-LV\",\"@id\":\"https:\/\/izglitiba.valmierasnovads.lv\/piispriditis\/par-mums\/#primaryimage\",\"url\":\"https:\/\/izglitiba.valmierasnovads.lv\/piispriditis\/wp-content\/uploads\/sites\/19\/2026\/03\/image.jpeg\",\"contentUrl\":\"https:\/\/izglitiba.valmierasnovads.lv\/piispriditis\/wp-content\/uploads\/sites\/19\/2026\/03\/image.jpeg\",\"width\":665,\"height\":435},{\"@type\":\"BreadcrumbList\",\"@id\":\"https:\/\/izglitiba.valmierasnovads.lv\/piispriditis\/par-mums\/#breadcrumb\",\"itemListElement\":[{\"@type\":\"ListItem\",\"position\":1,\"name\":\"Home\",\"item\":\"https:\/\/izglitiba.valmierasnovads.lv\/piispriditis\/\"},{\"@type\":\"ListItem\",\"position\":2,\"name\":\"Par mums\"}]},{\"@type\":\"WebSite\",\"@id\":\"https:\/\/izglitiba.valmierasnovads.lv\/piispriditis\/#website\",\"url\":\"https:\/\/izglitiba.valmierasnovads.lv\/piispriditis\/\",\"name\":\"PII &quot;Spr\u012bd\u012btis&quot;\",\"description\":\"\",\"publisher\":{\"@id\":\"https:\/\/izglitiba.valmierasnovads.lv\/piispriditis\/#organization\"},\"potentialAction\":[{\"@type\":\"SearchAction\",\"target\":{\"@type\":\"EntryPoint\",\"urlTemplate\":\"https:\/\/izglitiba.valmierasnovads.lv\/piispriditis\/?s={search_term_string}\"},\"query-input\":{\"@type\":\"PropertyValueSpecification\",\"valueRequired\":true,\"valueName\":\"search_term_string\"}}],\"inLanguage\":\"lv-LV\"},{\"@type\":\"Organization\",\"@id\":\"https:\/\/izglitiba.valmierasnovads.lv\/piispriditis\/#organization\",\"name\":\"PII &quot;Spr\u012bd\u012btis&quot;\",\"url\":\"https:\/\/izglitiba.valmierasnovads.lv\/piispriditis\/\",\"logo\":{\"@type\":\"ImageObject\",\"inLanguage\":\"lv-LV\",\"@id\":\"https:\/\/izglitiba.valmierasnovads.lv\/piispriditis\/#\/schema\/logo\/image\/\",\"url\":\"https:\/\/izglitiba.valmierasnovads.lv\/piispriditis\/wp-content\/uploads\/sites\/19\/2026\/03\/cropped-Pirmsskolas-izglitibas-iestades-ar-pasu-logo-11-scaled-1.png\",\"contentUrl\":\"https:\/\/izglitiba.valmierasnovads.lv\/piispriditis\/wp-content\/uploads\/sites\/19\/2026\/03\/cropped-Pirmsskolas-izglitibas-iestades-ar-pasu-logo-11-scaled-1.png\",\"width\":1447,\"height\":222,\"caption\":\"PII &quot;Spr\u012bd\u012btis&quot;\"},\"image\":{\"@id\":\"https:\/\/izglitiba.valmierasnovads.lv\/piispriditis\/#\/schema\/logo\/image\/\"}}]}<\/script>\n<!-- \/ Yoast SEO plugin. -->","yoast_head_json":{"title":"Par mums - PII &quot;Spr\u012bd\u012btis&quot;","robots":{"index":"index","follow":"follow","max-snippet":"max-snippet:-1","max-image-preview":"max-image-preview:large","max-video-preview":"max-video-preview:-1"},"canonical":"https:\/\/izglitiba.valmierasnovads.lv\/piispriditis\/par-mums\/","og_locale":"lv_LV","og_type":"article","og_title":"Par mums - PII &quot;Spr\u012bd\u012btis&quot;","og_description":"Pirmsskolas izgl\u012bt\u012bbas iest\u0101de \u201eSpr\u012bd\u012btis\u201d atrodas Valmier\u0101, P\u0101rgauj\u0101.\u00a0 Pavisam net\u0101lu savus l\u012bkumus met Gauja un \u0161alko me\u017es,\u00a0 nodro\u0161inot b\u0113rniem svaigu gaisu, [&hellip;]","og_url":"https:\/\/izglitiba.valmierasnovads.lv\/piispriditis\/par-mums\/","og_site_name":"PII &quot;Spr\u012bd\u012btis&quot;","article_modified_time":"2026-03-27T10:42:01+00:00","og_image":[{"width":665,"height":435,"url":"https:\/\/izglitiba.valmierasnovads.lv\/piispriditis\/wp-content\/uploads\/sites\/19\/2026\/03\/image.jpeg","type":"image\/jpeg"}],"twitter_card":"summary_large_image","twitter_misc":{"Est. reading time":"2 min\u016btes"},"schema":{"@context":"https:\/\/schema.org","@graph":[{"@type":"WebPage","@id":"https:\/\/izglitiba.valmierasnovads.lv\/piispriditis\/par-mums\/","url":"https:\/\/izglitiba.valmierasnovads.lv\/piispriditis\/par-mums\/","name":"Par mums - PII &quot;Spr\u012bd\u012btis&quot;","isPartOf":{"@id":"https:\/\/izglitiba.valmierasnovads.lv\/piispriditis\/#website"},"primaryImageOfPage":{"@id":"https:\/\/izglitiba.valmierasnovads.lv\/piispriditis\/par-mums\/#primaryimage"},"image":{"@id":"https:\/\/izglitiba.valmierasnovads.lv\/piispriditis\/par-mums\/#primaryimage"},"thumbnailUrl":"https:\/\/izglitiba.valmierasnovads.lv\/piispriditis\/wp-content\/uploads\/sites\/19\/2026\/03\/image.jpeg","datePublished":"2026-03-26T11:35:38+00:00","dateModified":"2026-03-27T10:42:01+00:00","breadcrumb":{"@id":"https:\/\/izglitiba.valmierasnovads.lv\/piispriditis\/par-mums\/#breadcrumb"},"inLanguage":"lv-LV","potentialAction":[{"@type":"ReadAction","target":["https:\/\/izglitiba.valmierasnovads.lv\/piispriditis\/par-mums\/"]}]},{"@type":"ImageObject","inLanguage":"lv-LV","@id":"https:\/\/izglitiba.valmierasnovads.lv\/piispriditis\/par-mums\/#primaryimage","url":"https:\/\/izglitiba.valmierasnovads.lv\/piispriditis\/wp-content\/uploads\/sites\/19\/2026\/03\/image.jpeg","contentUrl":"https:\/\/izglitiba.valmierasnovads.lv\/piispriditis\/wp-content\/uploads\/sites\/19\/2026\/03\/image.jpeg","width":665,"height":435},{"@type":"BreadcrumbList","@id":"https:\/\/izglitiba.valmierasnovads.lv\/piispriditis\/par-mums\/#breadcrumb","itemListElement":[{"@type":"ListItem","position":1,"name":"Home","item":"https:\/\/izglitiba.valmierasnovads.lv\/piispriditis\/"},{"@type":"ListItem","position":2,"name":"Par mums"}]},{"@type":"WebSite","@id":"https:\/\/izglitiba.valmierasnovads.lv\/piispriditis\/#website","url":"https:\/\/izglitiba.valmierasnovads.lv\/piispriditis\/","name":"PII &quot;Spr\u012bd\u012btis&quot;","description":"","publisher":{"@id":"https:\/\/izglitiba.valmierasnovads.lv\/piispriditis\/#organization"},"potentialAction":[{"@type":"SearchAction","target":{"@type":"EntryPoint","urlTemplate":"https:\/\/izglitiba.valmierasnovads.lv\/piispriditis\/?s={search_term_string}"},"query-input":{"@type":"PropertyValueSpecification","valueRequired":true,"valueName":"search_term_string"}}],"inLanguage":"lv-LV"},{"@type":"Organization","@id":"https:\/\/izglitiba.valmierasnovads.lv\/piispriditis\/#organization","name":"PII &quot;Spr\u012bd\u012btis&quot;","url":"https:\/\/izglitiba.valmierasnovads.lv\/piispriditis\/","logo":{"@type":"ImageObject","inLanguage":"lv-LV","@id":"https:\/\/izglitiba.valmierasnovads.lv\/piispriditis\/#\/schema\/logo\/image\/","url":"https:\/\/izglitiba.valmierasnovads.lv\/piispriditis\/wp-content\/uploads\/sites\/19\/2026\/03\/cropped-Pirmsskolas-izglitibas-iestades-ar-pasu-logo-11-scaled-1.png","contentUrl":"https:\/\/izglitiba.valmierasnovads.lv\/piispriditis\/wp-content\/uploads\/sites\/19\/2026\/03\/cropped-Pirmsskolas-izglitibas-iestades-ar-pasu-logo-11-scaled-1.png","width":1447,"height":222,"caption":"PII &quot;Spr\u012bd\u012btis&quot;"},"image":{"@id":"https:\/\/izglitiba.valmierasnovads.lv\/piispriditis\/#\/schema\/logo\/image\/"}}]}},"_links":{"self":[{"href":"https:\/\/izglitiba.valmierasnovads.lv\/piispriditis\/wp-json\/wp\/v2\/pages\/788","targetHints":{"allow":["GET"]}}],"collection":[{"href":"https:\/\/izglitiba.valmierasnovads.lv\/piispriditis\/wp-json\/wp\/v2\/pages"}],"about":[{"href":"https:\/\/izglitiba.valmierasnovads.lv\/piispriditis\/wp-json\/wp\/v2\/types\/page"}],"author":[{"embeddable":true,"href":"https:\/\/izglitiba.valmierasnovads.lv\/piispriditis\/wp-json\/wp\/v2\/users\/1"}],"replies":[{"embeddable":true,"href":"https:\/\/izglitiba.valmierasnovads.lv\/piispriditis\/wp-json\/wp\/v2\/comments?post=788"}],"version-history":[{"count":4,"href":"https:\/\/izglitiba.valmierasnovads.lv\/piispriditis\/wp-json\/wp\/v2\/pages\/788\/revisions"}],"predecessor-version":[{"id":886,"href":"https:\/\/izglitiba.valmierasnovads.lv\/piispriditis\/wp-json\/wp\/v2\/pages\/788\/revisions\/886"}],"wp:attachment":[{"href":"https:\/\/izglitiba.valmierasnovads.lv\/piispriditis\/wp-json\/wp\/v2\/media?parent=788"}],"curies":[{"name":"wp","href":"https:\/\/api.w.org\/{rel}","templated":true}]}}