{"id":7,"date":"2025-04-30T13:09:36","date_gmt":"2025-04-30T10:09:36","guid":{"rendered":"https:\/\/izglitiba.valmierasnovads.lv\/rubenespamatskola\/sakumlapa\/"},"modified":"2026-03-25T11:34:09","modified_gmt":"2026-03-25T09:34:09","slug":"sakumlapa","status":"publish","type":"page","link":"https:\/\/izglitiba.valmierasnovads.lv\/rubenespamatskola\/","title":{"rendered":"S\u0101kumlapa"},"content":{"rendered":"\n<div class=\"main-slider\">\n    <div><img decoding=\"async\" src=\"https:\/\/izglitiba.valmierasnovads.lv\/rubenespamatskola\/wp-content\/uploads\/sites\/27\/2025\/04\/Skolu-majaslapai-galveno-attelu-slaideris-7.png\" alt=\"\"><\/div><\/div>\n\n\n<div class=\"news-slider-wrapper\">\n    <h2>Jaunumi<\/h2>\n    <p class=\"link\"><a href=\"https:\/\/izglitiba.valmierasnovads.lv\/rubenespamatskola\/jaunumi\" title=\"Las\u012bt visus jaunumus\">Las\u012bt visus<\/a><\/p>\n    <div class=\"news-slider\">\n        <div class=\"item\"><a href=\"https:\/\/izglitiba.valmierasnovads.lv\/rubenespamatskola\/2025\/04\/30\/jauna-skolas-majas-lapa\/\">\n                        <div class=\"item-image\"><img decoding=\"async\" src=\" https:\/\/izglitiba.valmierasnovads.lv\/rubenespamatskola\/wp-content\/uploads\/sites\/27\/2025\/04\/Skolas-bilde-1-scaled.jpg \" \/><\/div><div class=\"item-title\">Jaun\u0101 skolas m\u0101jas lapa<\/div><div class=\"item-date\">30.04.2025<\/div><div class=\"item-description\">Rubenes pamatskolai izveidota jauna m\u0101jas lapa.<\/div>\n                        <\/a><div class=\"item-link\"><a href=\"https:\/\/izglitiba.valmierasnovads.lv\/rubenespamatskola\/2025\/04\/30\/jauna-skolas-majas-lapa\/\">Las\u012bt vair\u0101k<\/a><\/div><\/div>    <\/div>\n<\/div>   \n\n\n\n\n\n<div class='line-wrapper'>\n<\/div>\n<div class=\"events-slider-wrapper\">\n    <h2>Notikumi<\/h2>\n    <p class=\"link\"><a href=\"https:\/\/izglitiba.valmierasnovads.lv\/rubenespamatskola\/notikumi\" title=\"Skat\u012bt visus notikumus\">Skat\u012bt visus<\/a><\/p>\n    <div class=\"event-slider\">\n            <\/div>\n<\/div>   \n\n\n<div class='line-wrapper'>\n<\/div>\n<div class=\"poster-slider-wrapper\">\n    <h2>Afi\u0161a<\/h2>\n    <p class=\"link\"><a href=\"https:\/\/izglitiba.valmierasnovads.lv\/rubenespamatskola\/afisas\" title=\"Skat\u012bt visas galerijas\">Skat\u012bt visas<\/a><\/p>\n    <div class=\"poster-slider\">\n            <\/div>\n    <div style=\"display: hidden;\">\n            <\/div>\n<\/div>\n\n\n\n<div class='line-wrapper'>\n<\/div>\n<div class=\"gallery-slider-wrapper\">\n<h2>Galerija<\/h2>\n<p class=\"link\"><a href=\"https:\/\/izglitiba.valmierasnovads.lv\/rubenespamatskola\/galerijas\" title=\"Skat\u012bt visas galerijas\">Skat\u012bt visas<\/a><\/p>\n<div class=\"gallery-slider\">\n    <\/div>\n<\/div>\n\n\n<div class=\"quote-slider-wrapper\">\n    <div class=\"quote-slider\">\n        <div class=\"item\"><div class=\"item-quote\"><!-- wp:paragraph -->\n<p>Pasaki man un es aizmirs\u012b\u0161u. lem\u0101ci man un es atcer\u0113\u0161os. lesaisti mani un es iem\u0101c\u012b\u0161os.<\/p>\n<!-- \/wp:paragraph -->\n\n<!-- wp:paragraph -->\n<p><\/p>\n<!-- \/wp:paragraph -->\n\n<!-- wp:paragraph -->\n<p><\/p>\n<!-- \/wp:paragraph -->\n\n<!-- wp:paragraph -->\n<p><\/p>\n<!-- \/wp:paragraph --><\/div><div class=\"item-description\"><div class=\"item-img\"><img decoding=\"async\" src=\"  \" \/><\/div><div class=\"item-author\"><div class=\"item-name\">Bend\u017eamins Franklins<\/div><div class=\"item-position\">Rakstnieks, izdev\u0113js, politologs, politi\u0137is<\/div><\/div><\/div><\/div>    <\/div>\n<\/div>\n\n\n<div class='line-wrapper'>\n<\/div>\n<div class=\"partner-slider-wrapper\">\n    <div class=\"partner-slider\">\n        <div class=\"item\"><div class=\"item-logo\"><a href=\"https:\/\/www.lizda.lv\/\"><img decoding=\"async\" src=\"https:\/\/izglitiba.valmierasnovads.lv\/rubenespamatskola\/wp-content\/uploads\/sites\/27\/2026\/03\/image_2026-03-25_113327196.png\" alt=\"lizda\" \/><\/a><\/div><\/div><div class=\"item\"><div class=\"item-logo\"><a href=\"https:\/\/www.valmierasnovads.lv\/\"><img decoding=\"async\" src=\"https:\/\/izglitiba.valmierasnovads.lv\/rubenespamatskola\/wp-content\/uploads\/sites\/27\/2026\/03\/image_2026-03-25_113251350.png\" alt=\"Valmieras novads\" \/><\/a><\/div><\/div><div class=\"item\"><div class=\"item-logo\"><a href=\"https:\/\/maconis.zvaigzne.lv\/\"><img decoding=\"async\" src=\"https:\/\/izglitiba.valmierasnovads.lv\/rubenespamatskola\/wp-content\/uploads\/sites\/27\/2026\/03\/image_2026-03-25_113213793.png\" alt=\"M\u0101conis\" \/><\/a><\/div><\/div><div class=\"item\"><div class=\"item-logo\"><a href=\"https:\/\/www.uzdevumi.lv\/\"><img decoding=\"async\" src=\"https:\/\/izglitiba.valmierasnovads.lv\/rubenespamatskola\/wp-content\/uploads\/sites\/27\/2026\/03\/image_2026-03-25_113149517.png\" alt=\"Uzdevumi\" \/><\/a><\/div><\/div><div class=\"item\"><div class=\"item-logo\"><a href=\"https:\/\/skolo.lv\/\"><img decoding=\"async\" src=\"https:\/\/izglitiba.valmierasnovads.lv\/rubenespamatskola\/wp-content\/uploads\/sites\/27\/2026\/03\/image_2026-03-25_113115828.png\" alt=\"Skolo\" \/><\/a><\/div><\/div><div class=\"item\"><div class=\"item-logo\"><a href=\"https:\/\/soma.lv\/\"><img decoding=\"async\" src=\"https:\/\/izglitiba.valmierasnovads.lv\/rubenespamatskola\/wp-content\/uploads\/sites\/27\/2026\/03\/image_2026-03-25_113048654.png\" alt=\"Soma\" \/><\/a><\/div><\/div><div class=\"item\"><div class=\"item-logo\"><a href=\"https:\/\/www.e-klase.lv\/\"><img decoding=\"async\" src=\"https:\/\/izglitiba.valmierasnovads.lv\/rubenespamatskola\/wp-content\/uploads\/sites\/27\/2026\/03\/image_2026-03-25_113018397.png\" alt=\"E-klase\" \/><\/a><\/div><\/div>    <\/div>\n<\/div>","protected":false},"excerpt":{"rendered":"","protected":false},"author":1,"featured_media":0,"parent":0,"menu_order":0,"comment_status":"closed","ping_status":"closed","template":"","meta":{"_acf_changed":false,"site-sidebar-layout":"default","site-content-layout":"","ast-site-content-layout":"default","site-content-style":"default","site-sidebar-style":"default","ast-global-header-display":"","ast-banner-title-visibility":"","ast-main-header-display":"","ast-hfb-above-header-display":"","ast-hfb-below-header-display":"","ast-hfb-mobile-header-display":"","site-post-title":"","ast-breadcrumbs-content":"","ast-featured-img":"","footer-sml-layout":"","ast-disable-related-posts":"","theme-transparent-header-meta":"","adv-header-id-meta":"","stick-header-meta":"","header-above-stick-meta":"","header-main-stick-meta":"","header-below-stick-meta":"","astra-migrate-meta-layouts":"default","ast-page-background-enabled":"default","ast-page-background-meta":{"desktop":{"background-color":"var(--ast-global-color-5)","background-image":"","background-repeat":"repeat","background-position":"center center","background-size":"auto","background-attachment":"scroll","background-type":"","background-media":"","overlay-type":"","overlay-color":"","overlay-opacity":"","overlay-gradient":""},"tablet":{"background-color":"","background-image":"","background-repeat":"repeat","background-position":"center center","background-size":"auto","background-attachment":"scroll","background-type":"","background-media":"","overlay-type":"","overlay-color":"","overlay-opacity":"","overlay-gradient":""},"mobile":{"background-color":"","background-image":"","background-repeat":"repeat","background-position":"center center","background-size":"auto","background-attachment":"scroll","background-type":"","background-media":"","overlay-type":"","overlay-color":"","overlay-opacity":"","overlay-gradient":""}},"ast-content-background-meta":{"desktop":{"background-color":"var(--ast-global-color-4)","background-image":"","background-repeat":"repeat","background-position":"center center","background-size":"auto","background-attachment":"scroll","background-type":"","background-media":"","overlay-type":"","overlay-color":"","overlay-opacity":"","overlay-gradient":""},"tablet":{"background-color":"var(--ast-global-color-4)","background-image":"","background-repeat":"repeat","background-position":"center center","background-size":"auto","background-attachment":"scroll","background-type":"","background-media":"","overlay-type":"","overlay-color":"","overlay-opacity":"","overlay-gradient":""},"mobile":{"background-color":"var(--ast-global-color-4)","background-image":"","background-repeat":"repeat","background-position":"center center","background-size":"auto","background-attachment":"scroll","background-type":"","background-media":"","overlay-type":"","overlay-color":"","overlay-opacity":"","overlay-gradient":""}},"footnotes":""},"class_list":["post-7","page","type-page","status-publish","hentry"],"acf":[],"yoast_head":"<!-- This site is optimized with the Yoast SEO plugin v27.0 - https:\/\/yoast.com\/product\/yoast-seo-wordpress\/ -->\n<title>S\u0101kumlapa - Rubenes pamatskola<\/title>\n<meta name=\"robots\" content=\"index, follow, max-snippet:-1, max-image-preview:large, max-video-preview:-1\" \/>\n<link rel=\"canonical\" href=\"https:\/\/izglitiba.valmierasnovads.lv\/rubenespamatskola\/\" \/>\n<meta property=\"og:locale\" content=\"lv_LV\" \/>\n<meta property=\"og:type\" content=\"article\" \/>\n<meta property=\"og:title\" content=\"S\u0101kumlapa - Rubenes pamatskola\" \/>\n<meta property=\"og:url\" content=\"https:\/\/izglitiba.valmierasnovads.lv\/rubenespamatskola\/\" \/>\n<meta property=\"og:site_name\" content=\"Rubenes pamatskola\" \/>\n<meta property=\"article:modified_time\" content=\"2026-03-25T09:34:09+00:00\" \/>\n<meta name=\"twitter:card\" content=\"summary_large_image\" \/>\n<script type=\"application\/ld+json\" class=\"yoast-schema-graph\">{\"@context\":\"https:\/\/schema.org\",\"@graph\":[{\"@type\":\"WebPage\",\"@id\":\"https:\/\/izglitiba.valmierasnovads.lv\/rubenespamatskola\/\",\"url\":\"https:\/\/izglitiba.valmierasnovads.lv\/rubenespamatskola\/\",\"name\":\"S\u0101kumlapa - Rubenes pamatskola\",\"isPartOf\":{\"@id\":\"https:\/\/izglitiba.valmierasnovads.lv\/rubenespamatskola\/#website\"},\"datePublished\":\"2025-04-30T10:09:36+00:00\",\"dateModified\":\"2026-03-25T09:34:09+00:00\",\"breadcrumb\":{\"@id\":\"https:\/\/izglitiba.valmierasnovads.lv\/rubenespamatskola\/#breadcrumb\"},\"inLanguage\":\"lv-LV\",\"potentialAction\":[{\"@type\":\"ReadAction\",\"target\":[\"https:\/\/izglitiba.valmierasnovads.lv\/rubenespamatskola\/\"]}]},{\"@type\":\"BreadcrumbList\",\"@id\":\"https:\/\/izglitiba.valmierasnovads.lv\/rubenespamatskola\/#breadcrumb\",\"itemListElement\":[{\"@type\":\"ListItem\",\"position\":1,\"name\":\"Home\",\"item\":\"https:\/\/izglitiba.valmierasnovads.lv\/rubenespamatskola\/\"},{\"@type\":\"ListItem\",\"position\":2,\"name\":\"S\u0101kumlapa\"}]},{\"@type\":\"WebSite\",\"@id\":\"https:\/\/izglitiba.valmierasnovads.lv\/rubenespamatskola\/#website\",\"url\":\"https:\/\/izglitiba.valmierasnovads.lv\/rubenespamatskola\/\",\"name\":\"Rubenes pamatskola\",\"description\":\"\",\"publisher\":{\"@id\":\"https:\/\/izglitiba.valmierasnovads.lv\/rubenespamatskola\/#organization\"},\"potentialAction\":[{\"@type\":\"SearchAction\",\"target\":{\"@type\":\"EntryPoint\",\"urlTemplate\":\"https:\/\/izglitiba.valmierasnovads.lv\/rubenespamatskola\/?s={search_term_string}\"},\"query-input\":{\"@type\":\"PropertyValueSpecification\",\"valueRequired\":true,\"valueName\":\"search_term_string\"}}],\"inLanguage\":\"lv-LV\"},{\"@type\":\"Organization\",\"@id\":\"https:\/\/izglitiba.valmierasnovads.lv\/rubenespamatskola\/#organization\",\"name\":\"Rubenes pamatskola\",\"url\":\"https:\/\/izglitiba.valmierasnovads.lv\/rubenespamatskola\/\",\"logo\":{\"@type\":\"ImageObject\",\"inLanguage\":\"lv-LV\",\"@id\":\"https:\/\/izglitiba.valmierasnovads.lv\/rubenespamatskola\/#\/schema\/logo\/image\/\",\"url\":\"https:\/\/izglitiba.valmierasnovads.lv\/rubenespamatskola\/wp-content\/uploads\/sites\/27\/2026\/03\/cropped-Komplekta-ar-pasu-logo-15-scaled-1.png\",\"contentUrl\":\"https:\/\/izglitiba.valmierasnovads.lv\/rubenespamatskola\/wp-content\/uploads\/sites\/27\/2026\/03\/cropped-Komplekta-ar-pasu-logo-15-scaled-1.png\",\"width\":2323,\"height\":405,\"caption\":\"Rubenes pamatskola \"},\"image\":{\"@id\":\"https:\/\/izglitiba.valmierasnovads.lv\/rubenespamatskola\/#\/schema\/logo\/image\/\"}}]}<\/script>\n<!-- \/ Yoast SEO plugin. -->","yoast_head_json":{"title":"S\u0101kumlapa - Rubenes pamatskola","robots":{"index":"index","follow":"follow","max-snippet":"max-snippet:-1","max-image-preview":"max-image-preview:large","max-video-preview":"max-video-preview:-1"},"canonical":"https:\/\/izglitiba.valmierasnovads.lv\/rubenespamatskola\/","og_locale":"lv_LV","og_type":"article","og_title":"S\u0101kumlapa - Rubenes pamatskola","og_url":"https:\/\/izglitiba.valmierasnovads.lv\/rubenespamatskola\/","og_site_name":"Rubenes pamatskola","article_modified_time":"2026-03-25T09:34:09+00:00","twitter_card":"summary_large_image","schema":{"@context":"https:\/\/schema.org","@graph":[{"@type":"WebPage","@id":"https:\/\/izglitiba.valmierasnovads.lv\/rubenespamatskola\/","url":"https:\/\/izglitiba.valmierasnovads.lv\/rubenespamatskola\/","name":"S\u0101kumlapa - Rubenes pamatskola","isPartOf":{"@id":"https:\/\/izglitiba.valmierasnovads.lv\/rubenespamatskola\/#website"},"datePublished":"2025-04-30T10:09:36+00:00","dateModified":"2026-03-25T09:34:09+00:00","breadcrumb":{"@id":"https:\/\/izglitiba.valmierasnovads.lv\/rubenespamatskola\/#breadcrumb"},"inLanguage":"lv-LV","potentialAction":[{"@type":"ReadAction","target":["https:\/\/izglitiba.valmierasnovads.lv\/rubenespamatskola\/"]}]},{"@type":"BreadcrumbList","@id":"https:\/\/izglitiba.valmierasnovads.lv\/rubenespamatskola\/#breadcrumb","itemListElement":[{"@type":"ListItem","position":1,"name":"Home","item":"https:\/\/izglitiba.valmierasnovads.lv\/rubenespamatskola\/"},{"@type":"ListItem","position":2,"name":"S\u0101kumlapa"}]},{"@type":"WebSite","@id":"https:\/\/izglitiba.valmierasnovads.lv\/rubenespamatskola\/#website","url":"https:\/\/izglitiba.valmierasnovads.lv\/rubenespamatskola\/","name":"Rubenes pamatskola","description":"","publisher":{"@id":"https:\/\/izglitiba.valmierasnovads.lv\/rubenespamatskola\/#organization"},"potentialAction":[{"@type":"SearchAction","target":{"@type":"EntryPoint","urlTemplate":"https:\/\/izglitiba.valmierasnovads.lv\/rubenespamatskola\/?s={search_term_string}"},"query-input":{"@type":"PropertyValueSpecification","valueRequired":true,"valueName":"search_term_string"}}],"inLanguage":"lv-LV"},{"@type":"Organization","@id":"https:\/\/izglitiba.valmierasnovads.lv\/rubenespamatskola\/#organization","name":"Rubenes pamatskola","url":"https:\/\/izglitiba.valmierasnovads.lv\/rubenespamatskola\/","logo":{"@type":"ImageObject","inLanguage":"lv-LV","@id":"https:\/\/izglitiba.valmierasnovads.lv\/rubenespamatskola\/#\/schema\/logo\/image\/","url":"https:\/\/izglitiba.valmierasnovads.lv\/rubenespamatskola\/wp-content\/uploads\/sites\/27\/2026\/03\/cropped-Komplekta-ar-pasu-logo-15-scaled-1.png","contentUrl":"https:\/\/izglitiba.valmierasnovads.lv\/rubenespamatskola\/wp-content\/uploads\/sites\/27\/2026\/03\/cropped-Komplekta-ar-pasu-logo-15-scaled-1.png","width":2323,"height":405,"caption":"Rubenes pamatskola "},"image":{"@id":"https:\/\/izglitiba.valmierasnovads.lv\/rubenespamatskola\/#\/schema\/logo\/image\/"}}]}},"_links":{"self":[{"href":"https:\/\/izglitiba.valmierasnovads.lv\/rubenespamatskola\/wp-json\/wp\/v2\/pages\/7","targetHints":{"allow":["GET"]}}],"collection":[{"href":"https:\/\/izglitiba.valmierasnovads.lv\/rubenespamatskola\/wp-json\/wp\/v2\/pages"}],"about":[{"href":"https:\/\/izglitiba.valmierasnovads.lv\/rubenespamatskola\/wp-json\/wp\/v2\/types\/page"}],"author":[{"embeddable":true,"href":"https:\/\/izglitiba.valmierasnovads.lv\/rubenespamatskola\/wp-json\/wp\/v2\/users\/1"}],"replies":[{"embeddable":true,"href":"https:\/\/izglitiba.valmierasnovads.lv\/rubenespamatskola\/wp-json\/wp\/v2\/comments?post=7"}],"version-history":[{"count":3,"href":"https:\/\/izglitiba.valmierasnovads.lv\/rubenespamatskola\/wp-json\/wp\/v2\/pages\/7\/revisions"}],"predecessor-version":[{"id":238,"href":"https:\/\/izglitiba.valmierasnovads.lv\/rubenespamatskola\/wp-json\/wp\/v2\/pages\/7\/revisions\/238"}],"wp:attachment":[{"href":"https:\/\/izglitiba.valmierasnovads.lv\/rubenespamatskola\/wp-json\/wp\/v2\/media?parent=7"}],"curies":[{"name":"wp","href":"https:\/\/api.w.org\/{rel}","templated":true}]}}