{"id":146,"date":"2026-01-16T14:07:12","date_gmt":"2026-01-16T12:07:12","guid":{"rendered":"https:\/\/izglitiba.valmierasnovads.lv\/rujienassportaskola\/?page_id=146"},"modified":"2026-03-26T12:02:15","modified_gmt":"2026-03-26T10:02:15","slug":"dokumenti","status":"publish","type":"page","link":"https:\/\/izglitiba.valmierasnovads.lv\/rujienassportaskola\/dokumenti\/","title":{"rendered":"Dokumenti"},"content":{"rendered":"\n<div class=\"wp-block-file\"><a id=\"wp-block-file--media-97cade98-83af-4f4b-b833-147daee48dad\" href=\"https:\/\/izglitiba.valmierasnovads.lv\/rujienassportaskola\/wp-content\/uploads\/sites\/34\/2026\/01\/Rujienas_Sporta_skola_NOLIKUMS-1.docx\" target=\"_blank\" rel=\"noreferrer noopener\">R\u016bjienas_Sporta_skolas_NOLIKUMS<\/a><a href=\"https:\/\/izglitiba.valmierasnovads.lv\/rujienassportaskola\/wp-content\/uploads\/sites\/34\/2026\/01\/Rujienas_Sporta_skola_NOLIKUMS-1.docx\" class=\"wp-block-file__button wp-element-button\" download aria-describedby=\"wp-block-file--media-97cade98-83af-4f4b-b833-147daee48dad\">Lejupiel\u0101d\u0113t<\/a><\/div>\n\n\n\n<div class=\"wp-block-file\"><a id=\"wp-block-file--media-6d5a2a1c-03b3-437b-833a-91cfec7dbcb4\" href=\"https:\/\/izglitiba.valmierasnovads.lv\/rujienassportaskola\/wp-content\/uploads\/sites\/34\/2026\/01\/Ieksejas_kartibas_noteikumi.pdf\">Iek\u0161\u0113j\u0101s_k\u0101rt\u012bbas_noteikumi<\/a><a href=\"https:\/\/izglitiba.valmierasnovads.lv\/rujienassportaskola\/wp-content\/uploads\/sites\/34\/2026\/01\/Ieksejas_kartibas_noteikumi.pdf\" class=\"wp-block-file__button wp-element-button\" download aria-describedby=\"wp-block-file--media-6d5a2a1c-03b3-437b-833a-91cfec7dbcb4\">Lejupiel\u0101d\u0113t<\/a><\/div>\n\n\n\n<div class=\"wp-block-file\"><a id=\"wp-block-file--media-45699e4c-2b53-4438-8573-4f582232e1ee\" href=\"https:\/\/izglitiba.valmierasnovads.lv\/rujienassportaskola\/wp-content\/uploads\/sites\/34\/2026\/01\/Rujienas_Sporta_skolas_vec_pad_reglaments_konsolid.docx\">Skolas_vec\u0101ku_padomes REGLAMENTS<\/a><a href=\"https:\/\/izglitiba.valmierasnovads.lv\/rujienassportaskola\/wp-content\/uploads\/sites\/34\/2026\/01\/Rujienas_Sporta_skolas_vec_pad_reglaments_konsolid.docx\" class=\"wp-block-file__button wp-element-button\" download aria-describedby=\"wp-block-file--media-45699e4c-2b53-4438-8573-4f582232e1ee\">Lejupiel\u0101d\u0113t<\/a><\/div>\n\n\n\n<div class=\"wp-block-file\"><a id=\"wp-block-file--media-1ccaf8f3-70bd-41df-ad49-c95a2927fee5\" href=\"https:\/\/izglitiba.valmierasnovads.lv\/rujienassportaskola\/wp-content\/uploads\/sites\/34\/2026\/01\/Lem_713_attistibas_plans.pdf\">Skolas att\u012bst\u012bbas pl\u0101ns 2025.-2028.gads <\/a><a href=\"https:\/\/izglitiba.valmierasnovads.lv\/rujienassportaskola\/wp-content\/uploads\/sites\/34\/2026\/01\/Lem_713_attistibas_plans.pdf\" class=\"wp-block-file__button wp-element-button\" download aria-describedby=\"wp-block-file--media-1ccaf8f3-70bd-41df-ad49-c95a2927fee5\">Lejupiel\u0101d\u0113t<\/a><\/div>\n\n\n\n<div class=\"wp-block-file\"><a id=\"wp-block-file--media-b62bfad2-9888-4a28-8079-818b5265d1c7\" href=\"https:\/\/izglitiba.valmierasnovads.lv\/rujienassportaskola\/wp-content\/uploads\/sites\/34\/2026\/01\/Pasvertejuma_zinojums_2024_2025_m.g.pdf\">Pa\u0161v\u0113rt\u0113juma_zi\u0146ojums_2024_2025_m.g.<\/a><a href=\"https:\/\/izglitiba.valmierasnovads.lv\/rujienassportaskola\/wp-content\/uploads\/sites\/34\/2026\/01\/Pasvertejuma_zinojums_2024_2025_m.g.pdf\" class=\"wp-block-file__button wp-element-button\" download aria-describedby=\"wp-block-file--media-b62bfad2-9888-4a28-8079-818b5265d1c7\">Lejupiel\u0101d\u0113t<\/a><\/div>\n\n\n\n<p><a href=\"https:\/\/likumi.lv\/ta\/id\/360403-par-lidzfinansejuma-samaksas-kartibu-valmieras-novada-izglitibas-iestazu-profesionalas-ievirzes-un-interesu-izglitibas-programmu-istenosana\" target=\"_blank\" rel=\"noreferrer noopener\">Valmieras novada pa\u0161vald\u012bbas domes saisto\u0161ie noteikumi Nr. 152<\/a><\/p>\n\n\n\n<p><\/p>\n","protected":false},"excerpt":{"rendered":"<p>Valmieras novada pa\u0161vald\u012bbas domes saisto\u0161ie noteikumi Nr. 152<\/p>\n","protected":false},"author":36,"featured_media":0,"parent":0,"menu_order":0,"comment_status":"closed","ping_status":"closed","template":"","meta":{"_acf_changed":false,"site-sidebar-layout":"default","site-content-layout":"","ast-site-content-layout":"default","site-content-style":"default","site-sidebar-style":"default","ast-global-header-display":"","ast-banner-title-visibility":"","ast-main-header-display":"","ast-hfb-above-header-display":"","ast-hfb-below-header-display":"","ast-hfb-mobile-header-display":"","site-post-title":"","ast-breadcrumbs-content":"","ast-featured-img":"","footer-sml-layout":"","ast-disable-related-posts":"","theme-transparent-header-meta":"","adv-header-id-meta":"","stick-header-meta":"","header-above-stick-meta":"","header-main-stick-meta":"","header-below-stick-meta":"","astra-migrate-meta-layouts":"default","ast-page-background-enabled":"default","ast-page-background-meta":{"desktop":{"background-color":"var(--ast-global-color-5)","background-image":"","background-repeat":"repeat","background-position":"center center","background-size":"auto","background-attachment":"scroll","background-type":"","background-media":"","overlay-type":"","overlay-color":"","overlay-opacity":"","overlay-gradient":""},"tablet":{"background-color":"","background-image":"","background-repeat":"repeat","background-position":"center center","background-size":"auto","background-attachment":"scroll","background-type":"","background-media":"","overlay-type":"","overlay-color":"","overlay-opacity":"","overlay-gradient":""},"mobile":{"background-color":"","background-image":"","background-repeat":"repeat","background-position":"center center","background-size":"auto","background-attachment":"scroll","background-type":"","background-media":"","overlay-type":"","overlay-color":"","overlay-opacity":"","overlay-gradient":""}},"ast-content-background-meta":{"desktop":{"background-color":"var(--ast-global-color-4)","background-image":"","background-repeat":"repeat","background-position":"center center","background-size":"auto","background-attachment":"scroll","background-type":"","background-media":"","overlay-type":"","overlay-color":"","overlay-opacity":"","overlay-gradient":""},"tablet":{"background-color":"var(--ast-global-color-4)","background-image":"","background-repeat":"repeat","background-position":"center center","background-size":"auto","background-attachment":"scroll","background-type":"","background-media":"","overlay-type":"","overlay-color":"","overlay-opacity":"","overlay-gradient":""},"mobile":{"background-color":"var(--ast-global-color-4)","background-image":"","background-repeat":"repeat","background-position":"center center","background-size":"auto","background-attachment":"scroll","background-type":"","background-media":"","overlay-type":"","overlay-color":"","overlay-opacity":"","overlay-gradient":""}},"footnotes":""},"class_list":["post-146","page","type-page","status-publish","hentry"],"acf":[],"yoast_head":"<!-- This site is optimized with the Yoast SEO plugin v27.0 - https:\/\/yoast.com\/product\/yoast-seo-wordpress\/ -->\n<title>Dokumenti - R\u016bjienas Sporta skola<\/title>\n<meta name=\"robots\" content=\"index, follow, max-snippet:-1, max-image-preview:large, max-video-preview:-1\" \/>\n<link rel=\"canonical\" href=\"https:\/\/izglitiba.valmierasnovads.lv\/rujienassportaskola\/dokumenti\/\" \/>\n<meta property=\"og:locale\" content=\"lv_LV\" \/>\n<meta property=\"og:type\" content=\"article\" \/>\n<meta property=\"og:title\" content=\"Dokumenti - R\u016bjienas Sporta skola\" \/>\n<meta property=\"og:description\" content=\"Valmieras novada pa\u0161vald\u012bbas domes saisto\u0161ie noteikumi Nr. 152\" \/>\n<meta property=\"og:url\" content=\"https:\/\/izglitiba.valmierasnovads.lv\/rujienassportaskola\/dokumenti\/\" \/>\n<meta property=\"og:site_name\" content=\"R\u016bjienas Sporta skola\" \/>\n<meta property=\"article:modified_time\" content=\"2026-03-26T10:02:15+00:00\" \/>\n<meta name=\"twitter:card\" content=\"summary_large_image\" \/>\n<meta name=\"twitter:label1\" content=\"Est. reading time\" \/>\n\t<meta name=\"twitter:data1\" content=\"1 min\u016bte\" \/>\n<script type=\"application\/ld+json\" class=\"yoast-schema-graph\">{\"@context\":\"https:\/\/schema.org\",\"@graph\":[{\"@type\":\"WebPage\",\"@id\":\"https:\/\/izglitiba.valmierasnovads.lv\/rujienassportaskola\/dokumenti\/\",\"url\":\"https:\/\/izglitiba.valmierasnovads.lv\/rujienassportaskola\/dokumenti\/\",\"name\":\"Dokumenti - R\u016bjienas Sporta skola\",\"isPartOf\":{\"@id\":\"https:\/\/izglitiba.valmierasnovads.lv\/rujienassportaskola\/#website\"},\"datePublished\":\"2026-01-16T12:07:12+00:00\",\"dateModified\":\"2026-03-26T10:02:15+00:00\",\"breadcrumb\":{\"@id\":\"https:\/\/izglitiba.valmierasnovads.lv\/rujienassportaskola\/dokumenti\/#breadcrumb\"},\"inLanguage\":\"lv-LV\",\"potentialAction\":[{\"@type\":\"ReadAction\",\"target\":[\"https:\/\/izglitiba.valmierasnovads.lv\/rujienassportaskola\/dokumenti\/\"]}]},{\"@type\":\"BreadcrumbList\",\"@id\":\"https:\/\/izglitiba.valmierasnovads.lv\/rujienassportaskola\/dokumenti\/#breadcrumb\",\"itemListElement\":[{\"@type\":\"ListItem\",\"position\":1,\"name\":\"Home\",\"item\":\"https:\/\/izglitiba.valmierasnovads.lv\/rujienassportaskola\/\"},{\"@type\":\"ListItem\",\"position\":2,\"name\":\"Dokumenti\"}]},{\"@type\":\"WebSite\",\"@id\":\"https:\/\/izglitiba.valmierasnovads.lv\/rujienassportaskola\/#website\",\"url\":\"https:\/\/izglitiba.valmierasnovads.lv\/rujienassportaskola\/\",\"name\":\"R\u016bjienas Sporta skola\",\"description\":\"\",\"publisher\":{\"@id\":\"https:\/\/izglitiba.valmierasnovads.lv\/rujienassportaskola\/#organization\"},\"potentialAction\":[{\"@type\":\"SearchAction\",\"target\":{\"@type\":\"EntryPoint\",\"urlTemplate\":\"https:\/\/izglitiba.valmierasnovads.lv\/rujienassportaskola\/?s={search_term_string}\"},\"query-input\":{\"@type\":\"PropertyValueSpecification\",\"valueRequired\":true,\"valueName\":\"search_term_string\"}}],\"inLanguage\":\"lv-LV\"},{\"@type\":\"Organization\",\"@id\":\"https:\/\/izglitiba.valmierasnovads.lv\/rujienassportaskola\/#organization\",\"name\":\"R\u016bjienas Sporta skola\",\"url\":\"https:\/\/izglitiba.valmierasnovads.lv\/rujienassportaskola\/\",\"logo\":{\"@type\":\"ImageObject\",\"inLanguage\":\"lv-LV\",\"@id\":\"https:\/\/izglitiba.valmierasnovads.lv\/rujienassportaskola\/#\/schema\/logo\/image\/\",\"url\":\"https:\/\/izglitiba.valmierasnovads.lv\/rujienassportaskola\/wp-content\/uploads\/sites\/34\/2026\/03\/cropped-Komplekta-ar-pasu-logo-18-scaled-1.png\",\"contentUrl\":\"https:\/\/izglitiba.valmierasnovads.lv\/rujienassportaskola\/wp-content\/uploads\/sites\/34\/2026\/03\/cropped-Komplekta-ar-pasu-logo-18-scaled-1.png\",\"width\":2277,\"height\":404,\"caption\":\"R\u016bjienas Sporta skola\"},\"image\":{\"@id\":\"https:\/\/izglitiba.valmierasnovads.lv\/rujienassportaskola\/#\/schema\/logo\/image\/\"}}]}<\/script>\n<!-- \/ Yoast SEO plugin. -->","yoast_head_json":{"title":"Dokumenti - R\u016bjienas Sporta skola","robots":{"index":"index","follow":"follow","max-snippet":"max-snippet:-1","max-image-preview":"max-image-preview:large","max-video-preview":"max-video-preview:-1"},"canonical":"https:\/\/izglitiba.valmierasnovads.lv\/rujienassportaskola\/dokumenti\/","og_locale":"lv_LV","og_type":"article","og_title":"Dokumenti - R\u016bjienas Sporta skola","og_description":"Valmieras novada pa\u0161vald\u012bbas domes saisto\u0161ie noteikumi Nr. 152","og_url":"https:\/\/izglitiba.valmierasnovads.lv\/rujienassportaskola\/dokumenti\/","og_site_name":"R\u016bjienas Sporta skola","article_modified_time":"2026-03-26T10:02:15+00:00","twitter_card":"summary_large_image","twitter_misc":{"Est. reading time":"1 min\u016bte"},"schema":{"@context":"https:\/\/schema.org","@graph":[{"@type":"WebPage","@id":"https:\/\/izglitiba.valmierasnovads.lv\/rujienassportaskola\/dokumenti\/","url":"https:\/\/izglitiba.valmierasnovads.lv\/rujienassportaskola\/dokumenti\/","name":"Dokumenti - R\u016bjienas Sporta skola","isPartOf":{"@id":"https:\/\/izglitiba.valmierasnovads.lv\/rujienassportaskola\/#website"},"datePublished":"2026-01-16T12:07:12+00:00","dateModified":"2026-03-26T10:02:15+00:00","breadcrumb":{"@id":"https:\/\/izglitiba.valmierasnovads.lv\/rujienassportaskola\/dokumenti\/#breadcrumb"},"inLanguage":"lv-LV","potentialAction":[{"@type":"ReadAction","target":["https:\/\/izglitiba.valmierasnovads.lv\/rujienassportaskola\/dokumenti\/"]}]},{"@type":"BreadcrumbList","@id":"https:\/\/izglitiba.valmierasnovads.lv\/rujienassportaskola\/dokumenti\/#breadcrumb","itemListElement":[{"@type":"ListItem","position":1,"name":"Home","item":"https:\/\/izglitiba.valmierasnovads.lv\/rujienassportaskola\/"},{"@type":"ListItem","position":2,"name":"Dokumenti"}]},{"@type":"WebSite","@id":"https:\/\/izglitiba.valmierasnovads.lv\/rujienassportaskola\/#website","url":"https:\/\/izglitiba.valmierasnovads.lv\/rujienassportaskola\/","name":"R\u016bjienas Sporta skola","description":"","publisher":{"@id":"https:\/\/izglitiba.valmierasnovads.lv\/rujienassportaskola\/#organization"},"potentialAction":[{"@type":"SearchAction","target":{"@type":"EntryPoint","urlTemplate":"https:\/\/izglitiba.valmierasnovads.lv\/rujienassportaskola\/?s={search_term_string}"},"query-input":{"@type":"PropertyValueSpecification","valueRequired":true,"valueName":"search_term_string"}}],"inLanguage":"lv-LV"},{"@type":"Organization","@id":"https:\/\/izglitiba.valmierasnovads.lv\/rujienassportaskola\/#organization","name":"R\u016bjienas Sporta skola","url":"https:\/\/izglitiba.valmierasnovads.lv\/rujienassportaskola\/","logo":{"@type":"ImageObject","inLanguage":"lv-LV","@id":"https:\/\/izglitiba.valmierasnovads.lv\/rujienassportaskola\/#\/schema\/logo\/image\/","url":"https:\/\/izglitiba.valmierasnovads.lv\/rujienassportaskola\/wp-content\/uploads\/sites\/34\/2026\/03\/cropped-Komplekta-ar-pasu-logo-18-scaled-1.png","contentUrl":"https:\/\/izglitiba.valmierasnovads.lv\/rujienassportaskola\/wp-content\/uploads\/sites\/34\/2026\/03\/cropped-Komplekta-ar-pasu-logo-18-scaled-1.png","width":2277,"height":404,"caption":"R\u016bjienas Sporta skola"},"image":{"@id":"https:\/\/izglitiba.valmierasnovads.lv\/rujienassportaskola\/#\/schema\/logo\/image\/"}}]}},"_links":{"self":[{"href":"https:\/\/izglitiba.valmierasnovads.lv\/rujienassportaskola\/wp-json\/wp\/v2\/pages\/146","targetHints":{"allow":["GET"]}}],"collection":[{"href":"https:\/\/izglitiba.valmierasnovads.lv\/rujienassportaskola\/wp-json\/wp\/v2\/pages"}],"about":[{"href":"https:\/\/izglitiba.valmierasnovads.lv\/rujienassportaskola\/wp-json\/wp\/v2\/types\/page"}],"author":[{"embeddable":true,"href":"https:\/\/izglitiba.valmierasnovads.lv\/rujienassportaskola\/wp-json\/wp\/v2\/users\/36"}],"replies":[{"embeddable":true,"href":"https:\/\/izglitiba.valmierasnovads.lv\/rujienassportaskola\/wp-json\/wp\/v2\/comments?post=146"}],"version-history":[{"count":16,"href":"https:\/\/izglitiba.valmierasnovads.lv\/rujienassportaskola\/wp-json\/wp\/v2\/pages\/146\/revisions"}],"predecessor-version":[{"id":385,"href":"https:\/\/izglitiba.valmierasnovads.lv\/rujienassportaskola\/wp-json\/wp\/v2\/pages\/146\/revisions\/385"}],"wp:attachment":[{"href":"https:\/\/izglitiba.valmierasnovads.lv\/rujienassportaskola\/wp-json\/wp\/v2\/media?parent=146"}],"curies":[{"name":"wp","href":"https:\/\/api.w.org\/{rel}","templated":true}]}}