{"id":16,"date":"2025-04-08T10:59:05","date_gmt":"2025-04-08T07:59:05","guid":{"rendered":"https:\/\/izglitiba.valmierasnovads.lv\/rujienasvidusskola\/kontakti\/"},"modified":"2026-01-22T13:30:33","modified_gmt":"2026-01-22T11:30:33","slug":"kontakti","status":"publish","type":"page","link":"https:\/\/izglitiba.valmierasnovads.lv\/rujienasvidusskola\/kontakti\/","title":{"rendered":"Kontakti"},"content":{"rendered":"\n<p style=\"line-height:1.5\"><strong>Valmieras novada pa\u0161vald\u012bba<\/strong><br>NMR kods: 90000043403<br>Adrese: L\u0101\u010dpl\u0113\u0161a iela 2<br>Valmiera, Valmieras novads, LV-4201<\/p>\n\n\n\n<h5 class=\"wp-block-heading\" style=\"font-size:26px;line-height:0.6\"><strong>R\u016bjienas vidusskola<\/strong><\/h5>\n\n\n\n<p style=\"line-height:1.5\"><strong>Adreses:<br><\/strong>R\u012bgas iela 30, R\u016bjiena, Valmieras novads, LV-4240<br>Skolas iela 24, R\u016bjiena, Valmieras novads, LV-4240<br><strong>E-pasts:<\/strong> <a href=\"mailto:rujienas.vidusskola@valmiera.edu.lv\">rujienas.vidusskola@valmiera.edu.lv<\/a><\/p>\n\n\n\n<figure class=\"wp-block-table aligncenter is-style-stripes\" style=\"margin-top:var(--wp--preset--spacing--20);margin-right:0;margin-bottom:var(--wp--preset--spacing--20);margin-left:0;padding-top:var(--wp--preset--spacing--20);padding-right:0;padding-bottom:var(--wp--preset--spacing--20);padding-left:0;font-size:15px;font-style:normal;font-weight:100;line-height:1.9;text-decoration:none;text-transform:none\"><table class=\"has-ast-global-color-8-color has-text-color has-link-color\" style=\"border-width:5px\"><thead><tr><th class=\"has-text-align-left\" data-align=\"left\"><strong><em>V\u0101rds Uzv\u0101rds<\/em><\/strong><\/th><th class=\"has-text-align-left\" data-align=\"left\"><strong><em>Amats<\/em><\/strong><\/th><th class=\"has-text-align-left\" data-align=\"left\"><strong><em>E-pasts<\/em><\/strong><\/th><th class=\"has-text-align-left\" data-align=\"left\"><strong><em>T\u0101lrunis<\/em><\/strong><\/th><\/tr><\/thead><tbody><tr><td class=\"has-text-align-left\" data-align=\"left\">Linda \u010c\u0101kure<\/td><td class=\"has-text-align-left\" data-align=\"left\">Direktore<\/td><td class=\"has-text-align-left\" data-align=\"left\"><a href=\"mailto:linda.cakure@valmiera.edu.lv\">linda.cakure@valmiera.edu.lv<\/a><\/td><td class=\"has-text-align-left\" data-align=\"left\">64263605<\/td><\/tr><tr><td class=\"has-text-align-left\" data-align=\"left\">Monta Br\u012bnuma<\/td><td class=\"has-text-align-left\" data-align=\"left\">Direktores vietniece izgl\u012bt\u012bbas <br>jom\u0101 (m\u0101c\u012bbu darb\u0101)<br><em><strong>Ilgsto\u0161\u0101 promb\u016btn\u0113<\/strong><\/em><\/td><td class=\"has-text-align-left\" data-align=\"left\"><a href=\"mailto:monta.brinuma@rujienasvidusskola.lv\">monta.brinuma@rujienasvidusskola.lv<\/a><\/td><td class=\"has-text-align-left\" data-align=\"left\">64263616<\/td><\/tr><tr><td class=\"has-text-align-left\" data-align=\"left\">Agnese Inese Pakalne<\/td><td class=\"has-text-align-left\" data-align=\"left\">Direktores vietniece izgl\u012bt\u012bbas <br>jom\u0101 (m\u0101c\u012bbu darb\u0101)<\/td><td class=\"has-text-align-left\" data-align=\"left\"><a href=\"mailto:agnese.pakalne@rujienasvidusskola.lv\">agnese.pakalne@rujienasvidusskola.lv<\/a><\/td><td class=\"has-text-align-left\" data-align=\"left\">64263616<\/td><\/tr><tr><td class=\"has-text-align-left\" data-align=\"left\">Baiba Rieksti\u0146a<\/td><td class=\"has-text-align-left\" data-align=\"left\">Direktores vietniece <br>audzin\u0101\u0161anas darb\u0101<\/td><td class=\"has-text-align-left\" data-align=\"left\"><a href=\"mailto:baiba.riekstina@rujienasvidusskola.lv\">baiba.riekstina@rujienasvidusskola.lv<\/a><\/td><td class=\"has-text-align-left\" data-align=\"left\">64268140<\/td><\/tr><tr><td class=\"has-text-align-left\" data-align=\"left\">Hel\u0113na Auni\u0146a<\/td><td class=\"has-text-align-left\" data-align=\"left\">Direktores vietniece <br>izgl\u012bt\u012bbas jom\u0101 <br>(inform\u0101tikas jaut\u0101jumos)<\/td><td class=\"has-text-align-left\" data-align=\"left\"><a href=\"mailto:helena.aunina@rujienasvidusskola.lv\">helena.aunina@rujienasvidusskola.lv<\/a><\/td><td class=\"has-text-align-left\" data-align=\"left\"><\/td><\/tr><tr><td class=\"has-text-align-left\" data-align=\"left\">Ilze Rakecka<\/td><td class=\"has-text-align-left\" data-align=\"left\">Direktores vietniece <br>saimnieciskaj\u0101 darb\u0101<\/td><td class=\"has-text-align-left\" data-align=\"left\"><a href=\"mailto:ilze.rakecka@rujienasvidusskola.lv\">ilze.rakecka@rujienasvidusskola.lv<\/a><\/td><td class=\"has-text-align-left\" data-align=\"left\">64268138<\/td><\/tr><tr><td class=\"has-text-align-left\" data-align=\"left\">Inga Lubi\u0146a<\/td><td class=\"has-text-align-left\" data-align=\"left\">Lietvede<\/td><td class=\"has-text-align-left\" data-align=\"left\"><a href=\"mailto:inga.lubina@rujienasvidusskola.lv\">inga.lubina@rujienasvidusskola.lv<\/a><\/td><td class=\"has-text-align-left\" data-align=\"left\">64268136<\/td><\/tr><tr><td class=\"has-text-align-left\" data-align=\"left\">Monta Veronika Meijere<\/td><td class=\"has-text-align-left\" data-align=\"left\">Sekret\u0101re<\/td><td class=\"has-text-align-left\" data-align=\"left\"><a href=\"mailto:veronika.meijere@rujienasvidusskola.lv\">veronika.meijere@rujienasvidusskola.lv<\/a><\/td><td class=\"has-text-align-left\" data-align=\"left\">64268138<\/td><\/tr><tr><td class=\"has-text-align-left\" data-align=\"left\">Indra B\u0113rzi\u0146a<\/td><td class=\"has-text-align-left\" data-align=\"left\">De\u017eurante<\/td><td class=\"has-text-align-left\" data-align=\"left\"><a href=\"mailto:indra.berzina@rujienasvidusskola.lv\">indra.berzina@rujienasvidusskola.lv<\/a><\/td><td class=\"has-text-align-left\" data-align=\"left\">64268135<\/td><\/tr><tr><td class=\"has-text-align-left\" data-align=\"left\">Inga M\u0101lmane<\/td><td class=\"has-text-align-left\" data-align=\"left\">Soci\u0101lais pedagogs<\/td><td class=\"has-text-align-left\" data-align=\"left\"><a href=\"mailto:inga.malmane.socped@rujienasvidusskola.lv\">inga.malmane.socped@rujienasvidusskola.lv<\/a><\/td><td class=\"has-text-align-left\" data-align=\"left\">64268139<\/td><\/tr><tr><td class=\"has-text-align-left\" data-align=\"left\">Gunta Paegle<\/td><td class=\"has-text-align-left\" data-align=\"left\">Bibliotek\u0101re<\/td><td class=\"has-text-align-left\" data-align=\"left\"><a href=\"mailto:gunta.paegle@rujienasvidusskola.lv\">gunta.paegle@rujienasvidusskola.lv<\/a><\/td><td class=\"has-text-align-left\" data-align=\"left\">64268137<\/td><\/tr><tr><td class=\"has-text-align-left\" data-align=\"left\">Aija Rudz\u012bte-Krieva<\/td><td class=\"has-text-align-left\" data-align=\"left\">Medic\u012bnas m\u0101sa<\/td><td class=\"has-text-align-left\" data-align=\"left\"><a href=\"mailto:aija.rudzite-krieva@rujienasvidusskola.lv\">aija.rudzite-krieva@rujienasvidusskola.lv<\/a><\/td><td class=\"has-text-align-left\" data-align=\"left\">64219017<\/td><\/tr><tr><td class=\"has-text-align-left\" data-align=\"left\">Skolas iela 24- <br>skolot\u0101ju istaba<\/td><td class=\"has-text-align-left\" data-align=\"left\"><\/td><td class=\"has-text-align-left\" data-align=\"left\"><\/td><td class=\"has-text-align-left\" data-align=\"left\">64263783<\/td><\/tr><\/tbody><\/table><\/figure>\n\n\n\n<p><\/p>\n\n\n\n<p><\/p>\n\n\n\n<p><\/p>\n\n\n\n<p><\/p>\n","protected":false},"excerpt":{"rendered":"<p>Valmieras novada pa\u0161vald\u012bbaNMR kods: 90000043403Adrese: L\u0101\u010dpl\u0113\u0161a iela 2Valmiera, Valmieras novads, LV-4201 R\u016bjienas vidusskola Adreses:R\u012bgas iela 30, R\u016bjiena, Valmieras novads, LV-4240Skolas [&hellip;]<\/p>\n","protected":false},"author":1,"featured_media":0,"parent":0,"menu_order":0,"comment_status":"closed","ping_status":"closed","template":"","meta":{"_acf_changed":false,"site-sidebar-layout":"default","site-content-layout":"","ast-site-content-layout":"default","site-content-style":"default","site-sidebar-style":"default","ast-global-header-display":"","ast-banner-title-visibility":"","ast-main-header-display":"","ast-hfb-above-header-display":"","ast-hfb-below-header-display":"","ast-hfb-mobile-header-display":"","site-post-title":"","ast-breadcrumbs-content":"","ast-featured-img":"","footer-sml-layout":"","ast-disable-related-posts":"","theme-transparent-header-meta":"","adv-header-id-meta":"","stick-header-meta":"","header-above-stick-meta":"","header-main-stick-meta":"","header-below-stick-meta":"","astra-migrate-meta-layouts":"default","ast-page-background-enabled":"default","ast-page-background-meta":{"desktop":{"background-color":"var(--ast-global-color-5)","background-image":"","background-repeat":"repeat","background-position":"center center","background-size":"auto","background-attachment":"scroll","background-type":"","background-media":"","overlay-type":"","overlay-color":"","overlay-opacity":"","overlay-gradient":""},"tablet":{"background-color":"","background-image":"","background-repeat":"repeat","background-position":"center center","background-size":"auto","background-attachment":"scroll","background-type":"","background-media":"","overlay-type":"","overlay-color":"","overlay-opacity":"","overlay-gradient":""},"mobile":{"background-color":"","background-image":"","background-repeat":"repeat","background-position":"center center","background-size":"auto","background-attachment":"scroll","background-type":"","background-media":"","overlay-type":"","overlay-color":"","overlay-opacity":"","overlay-gradient":""}},"ast-content-background-meta":{"desktop":{"background-color":"var(--ast-global-color-4)","background-image":"","background-repeat":"repeat","background-position":"center center","background-size":"auto","background-attachment":"scroll","background-type":"","background-media":"","overlay-type":"","overlay-color":"","overlay-opacity":"","overlay-gradient":""},"tablet":{"background-color":"var(--ast-global-color-4)","background-image":"","background-repeat":"repeat","background-position":"center center","background-size":"auto","background-attachment":"scroll","background-type":"","background-media":"","overlay-type":"","overlay-color":"","overlay-opacity":"","overlay-gradient":""},"mobile":{"background-color":"var(--ast-global-color-4)","background-image":"","background-repeat":"repeat","background-position":"center center","background-size":"auto","background-attachment":"scroll","background-type":"","background-media":"","overlay-type":"","overlay-color":"","overlay-opacity":"","overlay-gradient":""}},"footnotes":""},"class_list":["post-16","page","type-page","status-publish","hentry"],"acf":[],"yoast_head":"<!-- This site is optimized with the Yoast SEO plugin v27.0 - https:\/\/yoast.com\/product\/yoast-seo-wordpress\/ -->\n<title>Kontakti - R\u016bjienas vidusskola<\/title>\n<meta name=\"robots\" content=\"index, follow, max-snippet:-1, max-image-preview:large, max-video-preview:-1\" \/>\n<link rel=\"canonical\" href=\"https:\/\/izglitiba.valmierasnovads.lv\/rujienasvidusskola\/kontakti\/\" \/>\n<meta property=\"og:locale\" content=\"lv_LV\" \/>\n<meta property=\"og:type\" content=\"article\" \/>\n<meta property=\"og:title\" content=\"Kontakti - R\u016bjienas vidusskola\" \/>\n<meta property=\"og:description\" content=\"Valmieras novada pa\u0161vald\u012bbaNMR kods: 90000043403Adrese: L\u0101\u010dpl\u0113\u0161a iela 2Valmiera, Valmieras novads, LV-4201 R\u016bjienas vidusskola Adreses:R\u012bgas iela 30, R\u016bjiena, Valmieras novads, LV-4240Skolas [&hellip;]\" \/>\n<meta property=\"og:url\" content=\"https:\/\/izglitiba.valmierasnovads.lv\/rujienasvidusskola\/kontakti\/\" \/>\n<meta property=\"og:site_name\" content=\"R\u016bjienas vidusskola\" \/>\n<meta property=\"article:modified_time\" content=\"2026-01-22T11:30:33+00:00\" \/>\n<meta name=\"twitter:card\" content=\"summary_large_image\" \/>\n<meta name=\"twitter:label1\" content=\"Est. reading time\" \/>\n\t<meta name=\"twitter:data1\" content=\"1 min\u016bte\" \/>\n<script type=\"application\/ld+json\" class=\"yoast-schema-graph\">{\"@context\":\"https:\/\/schema.org\",\"@graph\":[{\"@type\":\"WebPage\",\"@id\":\"https:\/\/izglitiba.valmierasnovads.lv\/rujienasvidusskola\/kontakti\/\",\"url\":\"https:\/\/izglitiba.valmierasnovads.lv\/rujienasvidusskola\/kontakti\/\",\"name\":\"Kontakti - R\u016bjienas vidusskola\",\"isPartOf\":{\"@id\":\"https:\/\/izglitiba.valmierasnovads.lv\/rujienasvidusskola\/#website\"},\"datePublished\":\"2025-04-08T07:59:05+00:00\",\"dateModified\":\"2026-01-22T11:30:33+00:00\",\"breadcrumb\":{\"@id\":\"https:\/\/izglitiba.valmierasnovads.lv\/rujienasvidusskola\/kontakti\/#breadcrumb\"},\"inLanguage\":\"lv-LV\",\"potentialAction\":[{\"@type\":\"ReadAction\",\"target\":[\"https:\/\/izglitiba.valmierasnovads.lv\/rujienasvidusskola\/kontakti\/\"]}]},{\"@type\":\"BreadcrumbList\",\"@id\":\"https:\/\/izglitiba.valmierasnovads.lv\/rujienasvidusskola\/kontakti\/#breadcrumb\",\"itemListElement\":[{\"@type\":\"ListItem\",\"position\":1,\"name\":\"Home\",\"item\":\"https:\/\/izglitiba.valmierasnovads.lv\/rujienasvidusskola\/\"},{\"@type\":\"ListItem\",\"position\":2,\"name\":\"Kontakti\"}]},{\"@type\":\"WebSite\",\"@id\":\"https:\/\/izglitiba.valmierasnovads.lv\/rujienasvidusskola\/#website\",\"url\":\"https:\/\/izglitiba.valmierasnovads.lv\/rujienasvidusskola\/\",\"name\":\"R\u016bjienas vidusskola\",\"description\":\"\",\"publisher\":{\"@id\":\"https:\/\/izglitiba.valmierasnovads.lv\/rujienasvidusskola\/#organization\"},\"potentialAction\":[{\"@type\":\"SearchAction\",\"target\":{\"@type\":\"EntryPoint\",\"urlTemplate\":\"https:\/\/izglitiba.valmierasnovads.lv\/rujienasvidusskola\/?s={search_term_string}\"},\"query-input\":{\"@type\":\"PropertyValueSpecification\",\"valueRequired\":true,\"valueName\":\"search_term_string\"}}],\"inLanguage\":\"lv-LV\"},{\"@type\":\"Organization\",\"@id\":\"https:\/\/izglitiba.valmierasnovads.lv\/rujienasvidusskola\/#organization\",\"name\":\"R\u016bjienas vidusskola\",\"url\":\"https:\/\/izglitiba.valmierasnovads.lv\/rujienasvidusskola\/\",\"logo\":{\"@type\":\"ImageObject\",\"inLanguage\":\"lv-LV\",\"@id\":\"https:\/\/izglitiba.valmierasnovads.lv\/rujienasvidusskola\/#\/schema\/logo\/image\/\",\"url\":\"https:\/\/izglitiba.valmierasnovads.lv\/rujienasvidusskola\/wp-content\/uploads\/sites\/9\/2026\/03\/cropped-Komplekta-ar-pasu-logo-10-scaled-1.png\",\"contentUrl\":\"https:\/\/izglitiba.valmierasnovads.lv\/rujienasvidusskola\/wp-content\/uploads\/sites\/9\/2026\/03\/cropped-Komplekta-ar-pasu-logo-10-scaled-1.png\",\"width\":2145,\"height\":227,\"caption\":\"R\u016bjienas vidusskola\"},\"image\":{\"@id\":\"https:\/\/izglitiba.valmierasnovads.lv\/rujienasvidusskola\/#\/schema\/logo\/image\/\"}}]}<\/script>\n<!-- \/ Yoast SEO plugin. -->","yoast_head_json":{"title":"Kontakti - R\u016bjienas vidusskola","robots":{"index":"index","follow":"follow","max-snippet":"max-snippet:-1","max-image-preview":"max-image-preview:large","max-video-preview":"max-video-preview:-1"},"canonical":"https:\/\/izglitiba.valmierasnovads.lv\/rujienasvidusskola\/kontakti\/","og_locale":"lv_LV","og_type":"article","og_title":"Kontakti - R\u016bjienas vidusskola","og_description":"Valmieras novada pa\u0161vald\u012bbaNMR kods: 90000043403Adrese: L\u0101\u010dpl\u0113\u0161a iela 2Valmiera, Valmieras novads, LV-4201 R\u016bjienas vidusskola Adreses:R\u012bgas iela 30, R\u016bjiena, Valmieras novads, LV-4240Skolas [&hellip;]","og_url":"https:\/\/izglitiba.valmierasnovads.lv\/rujienasvidusskola\/kontakti\/","og_site_name":"R\u016bjienas vidusskola","article_modified_time":"2026-01-22T11:30:33+00:00","twitter_card":"summary_large_image","twitter_misc":{"Est. reading time":"1 min\u016bte"},"schema":{"@context":"https:\/\/schema.org","@graph":[{"@type":"WebPage","@id":"https:\/\/izglitiba.valmierasnovads.lv\/rujienasvidusskola\/kontakti\/","url":"https:\/\/izglitiba.valmierasnovads.lv\/rujienasvidusskola\/kontakti\/","name":"Kontakti - R\u016bjienas vidusskola","isPartOf":{"@id":"https:\/\/izglitiba.valmierasnovads.lv\/rujienasvidusskola\/#website"},"datePublished":"2025-04-08T07:59:05+00:00","dateModified":"2026-01-22T11:30:33+00:00","breadcrumb":{"@id":"https:\/\/izglitiba.valmierasnovads.lv\/rujienasvidusskola\/kontakti\/#breadcrumb"},"inLanguage":"lv-LV","potentialAction":[{"@type":"ReadAction","target":["https:\/\/izglitiba.valmierasnovads.lv\/rujienasvidusskola\/kontakti\/"]}]},{"@type":"BreadcrumbList","@id":"https:\/\/izglitiba.valmierasnovads.lv\/rujienasvidusskola\/kontakti\/#breadcrumb","itemListElement":[{"@type":"ListItem","position":1,"name":"Home","item":"https:\/\/izglitiba.valmierasnovads.lv\/rujienasvidusskola\/"},{"@type":"ListItem","position":2,"name":"Kontakti"}]},{"@type":"WebSite","@id":"https:\/\/izglitiba.valmierasnovads.lv\/rujienasvidusskola\/#website","url":"https:\/\/izglitiba.valmierasnovads.lv\/rujienasvidusskola\/","name":"R\u016bjienas vidusskola","description":"","publisher":{"@id":"https:\/\/izglitiba.valmierasnovads.lv\/rujienasvidusskola\/#organization"},"potentialAction":[{"@type":"SearchAction","target":{"@type":"EntryPoint","urlTemplate":"https:\/\/izglitiba.valmierasnovads.lv\/rujienasvidusskola\/?s={search_term_string}"},"query-input":{"@type":"PropertyValueSpecification","valueRequired":true,"valueName":"search_term_string"}}],"inLanguage":"lv-LV"},{"@type":"Organization","@id":"https:\/\/izglitiba.valmierasnovads.lv\/rujienasvidusskola\/#organization","name":"R\u016bjienas vidusskola","url":"https:\/\/izglitiba.valmierasnovads.lv\/rujienasvidusskola\/","logo":{"@type":"ImageObject","inLanguage":"lv-LV","@id":"https:\/\/izglitiba.valmierasnovads.lv\/rujienasvidusskola\/#\/schema\/logo\/image\/","url":"https:\/\/izglitiba.valmierasnovads.lv\/rujienasvidusskola\/wp-content\/uploads\/sites\/9\/2026\/03\/cropped-Komplekta-ar-pasu-logo-10-scaled-1.png","contentUrl":"https:\/\/izglitiba.valmierasnovads.lv\/rujienasvidusskola\/wp-content\/uploads\/sites\/9\/2026\/03\/cropped-Komplekta-ar-pasu-logo-10-scaled-1.png","width":2145,"height":227,"caption":"R\u016bjienas vidusskola"},"image":{"@id":"https:\/\/izglitiba.valmierasnovads.lv\/rujienasvidusskola\/#\/schema\/logo\/image\/"}}]}},"_links":{"self":[{"href":"https:\/\/izglitiba.valmierasnovads.lv\/rujienasvidusskola\/wp-json\/wp\/v2\/pages\/16","targetHints":{"allow":["GET"]}}],"collection":[{"href":"https:\/\/izglitiba.valmierasnovads.lv\/rujienasvidusskola\/wp-json\/wp\/v2\/pages"}],"about":[{"href":"https:\/\/izglitiba.valmierasnovads.lv\/rujienasvidusskola\/wp-json\/wp\/v2\/types\/page"}],"author":[{"embeddable":true,"href":"https:\/\/izglitiba.valmierasnovads.lv\/rujienasvidusskola\/wp-json\/wp\/v2\/users\/1"}],"replies":[{"embeddable":true,"href":"https:\/\/izglitiba.valmierasnovads.lv\/rujienasvidusskola\/wp-json\/wp\/v2\/comments?post=16"}],"version-history":[{"count":31,"href":"https:\/\/izglitiba.valmierasnovads.lv\/rujienasvidusskola\/wp-json\/wp\/v2\/pages\/16\/revisions"}],"predecessor-version":[{"id":862,"href":"https:\/\/izglitiba.valmierasnovads.lv\/rujienasvidusskola\/wp-json\/wp\/v2\/pages\/16\/revisions\/862"}],"wp:attachment":[{"href":"https:\/\/izglitiba.valmierasnovads.lv\/rujienasvidusskola\/wp-json\/wp\/v2\/media?parent=16"}],"curies":[{"name":"wp","href":"https:\/\/api.w.org\/{rel}","templated":true}]}}