{"id":237,"date":"2025-06-30T14:40:54","date_gmt":"2025-06-30T11:40:54","guid":{"rendered":"https:\/\/izglitiba.valmierasnovads.lv\/rujienasvidusskola\/?page_id=237"},"modified":"2025-06-30T14:40:55","modified_gmt":"2025-06-30T11:40:55","slug":"mes-atgriezamies","status":"publish","type":"page","link":"https:\/\/izglitiba.valmierasnovads.lv\/rujienasvidusskola\/mes-atgriezamies\/","title":{"rendered":"M\u0113s atgrie\u017eamies"},"content":{"rendered":"","protected":false},"excerpt":{"rendered":"","protected":false},"author":10,"featured_media":0,"parent":0,"menu_order":0,"comment_status":"closed","ping_status":"closed","template":"","meta":{"_acf_changed":false,"site-sidebar-layout":"default","site-content-layout":"","ast-site-content-layout":"default","site-content-style":"default","site-sidebar-style":"default","ast-global-header-display":"","ast-banner-title-visibility":"","ast-main-header-display":"","ast-hfb-above-header-display":"","ast-hfb-below-header-display":"","ast-hfb-mobile-header-display":"","site-post-title":"","ast-breadcrumbs-content":"","ast-featured-img":"","footer-sml-layout":"","ast-disable-related-posts":"","theme-transparent-header-meta":"","adv-header-id-meta":"","stick-header-meta":"","header-above-stick-meta":"","header-main-stick-meta":"","header-below-stick-meta":"","astra-migrate-meta-layouts":"default","ast-page-background-enabled":"default","ast-page-background-meta":{"desktop":{"background-color":"var(--ast-global-color-5)","background-image":"","background-repeat":"repeat","background-position":"center center","background-size":"auto","background-attachment":"scroll","background-type":"","background-media":"","overlay-type":"","overlay-color":"","overlay-opacity":"","overlay-gradient":""},"tablet":{"background-color":"","background-image":"","background-repeat":"repeat","background-position":"center center","background-size":"auto","background-attachment":"scroll","background-type":"","background-media":"","overlay-type":"","overlay-color":"","overlay-opacity":"","overlay-gradient":""},"mobile":{"background-color":"","background-image":"","background-repeat":"repeat","background-position":"center center","background-size":"auto","background-attachment":"scroll","background-type":"","background-media":"","overlay-type":"","overlay-color":"","overlay-opacity":"","overlay-gradient":""}},"ast-content-background-meta":{"desktop":{"background-color":"var(--ast-global-color-4)","background-image":"","background-repeat":"repeat","background-position":"center center","background-size":"auto","background-attachment":"scroll","background-type":"","background-media":"","overlay-type":"","overlay-color":"","overlay-opacity":"","overlay-gradient":""},"tablet":{"background-color":"var(--ast-global-color-4)","background-image":"","background-repeat":"repeat","background-position":"center center","background-size":"auto","background-attachment":"scroll","background-type":"","background-media":"","overlay-type":"","overlay-color":"","overlay-opacity":"","overlay-gradient":""},"mobile":{"background-color":"var(--ast-global-color-4)","background-image":"","background-repeat":"repeat","background-position":"center center","background-size":"auto","background-attachment":"scroll","background-type":"","background-media":"","overlay-type":"","overlay-color":"","overlay-opacity":"","overlay-gradient":""}},"footnotes":""},"class_list":["post-237","page","type-page","status-publish","hentry"],"acf":[],"yoast_head":"<!-- This site is optimized with the Yoast SEO plugin v27.0 - https:\/\/yoast.com\/product\/yoast-seo-wordpress\/ -->\n<title>M\u0113s atgrie\u017eamies - R\u016bjienas vidusskola<\/title>\n<meta name=\"robots\" content=\"index, follow, max-snippet:-1, max-image-preview:large, max-video-preview:-1\" \/>\n<link rel=\"canonical\" href=\"https:\/\/izglitiba.valmierasnovads.lv\/rujienasvidusskola\/mes-atgriezamies\/\" \/>\n<meta property=\"og:locale\" content=\"lv_LV\" \/>\n<meta property=\"og:type\" content=\"article\" \/>\n<meta property=\"og:title\" content=\"M\u0113s atgrie\u017eamies - R\u016bjienas vidusskola\" \/>\n<meta property=\"og:url\" content=\"https:\/\/izglitiba.valmierasnovads.lv\/rujienasvidusskola\/mes-atgriezamies\/\" \/>\n<meta property=\"og:site_name\" content=\"R\u016bjienas vidusskola\" \/>\n<meta property=\"article:modified_time\" content=\"2025-06-30T11:40:55+00:00\" \/>\n<meta name=\"twitter:card\" content=\"summary_large_image\" \/>\n<script type=\"application\/ld+json\" class=\"yoast-schema-graph\">{\"@context\":\"https:\/\/schema.org\",\"@graph\":[{\"@type\":\"WebPage\",\"@id\":\"https:\/\/izglitiba.valmierasnovads.lv\/rujienasvidusskola\/mes-atgriezamies\/\",\"url\":\"https:\/\/izglitiba.valmierasnovads.lv\/rujienasvidusskola\/mes-atgriezamies\/\",\"name\":\"M\u0113s atgrie\u017eamies - R\u016bjienas vidusskola\",\"isPartOf\":{\"@id\":\"https:\/\/izglitiba.valmierasnovads.lv\/rujienasvidusskola\/#website\"},\"datePublished\":\"2025-06-30T11:40:54+00:00\",\"dateModified\":\"2025-06-30T11:40:55+00:00\",\"breadcrumb\":{\"@id\":\"https:\/\/izglitiba.valmierasnovads.lv\/rujienasvidusskola\/mes-atgriezamies\/#breadcrumb\"},\"inLanguage\":\"lv-LV\",\"potentialAction\":[{\"@type\":\"ReadAction\",\"target\":[\"https:\/\/izglitiba.valmierasnovads.lv\/rujienasvidusskola\/mes-atgriezamies\/\"]}]},{\"@type\":\"BreadcrumbList\",\"@id\":\"https:\/\/izglitiba.valmierasnovads.lv\/rujienasvidusskola\/mes-atgriezamies\/#breadcrumb\",\"itemListElement\":[{\"@type\":\"ListItem\",\"position\":1,\"name\":\"Home\",\"item\":\"https:\/\/izglitiba.valmierasnovads.lv\/rujienasvidusskola\/\"},{\"@type\":\"ListItem\",\"position\":2,\"name\":\"M\u0113s atgrie\u017eamies\"}]},{\"@type\":\"WebSite\",\"@id\":\"https:\/\/izglitiba.valmierasnovads.lv\/rujienasvidusskola\/#website\",\"url\":\"https:\/\/izglitiba.valmierasnovads.lv\/rujienasvidusskola\/\",\"name\":\"R\u016bjienas vidusskola\",\"description\":\"\",\"publisher\":{\"@id\":\"https:\/\/izglitiba.valmierasnovads.lv\/rujienasvidusskola\/#organization\"},\"potentialAction\":[{\"@type\":\"SearchAction\",\"target\":{\"@type\":\"EntryPoint\",\"urlTemplate\":\"https:\/\/izglitiba.valmierasnovads.lv\/rujienasvidusskola\/?s={search_term_string}\"},\"query-input\":{\"@type\":\"PropertyValueSpecification\",\"valueRequired\":true,\"valueName\":\"search_term_string\"}}],\"inLanguage\":\"lv-LV\"},{\"@type\":\"Organization\",\"@id\":\"https:\/\/izglitiba.valmierasnovads.lv\/rujienasvidusskola\/#organization\",\"name\":\"R\u016bjienas vidusskola\",\"url\":\"https:\/\/izglitiba.valmierasnovads.lv\/rujienasvidusskola\/\",\"logo\":{\"@type\":\"ImageObject\",\"inLanguage\":\"lv-LV\",\"@id\":\"https:\/\/izglitiba.valmierasnovads.lv\/rujienasvidusskola\/#\/schema\/logo\/image\/\",\"url\":\"https:\/\/izglitiba.valmierasnovads.lv\/rujienasvidusskola\/wp-content\/uploads\/sites\/9\/2026\/03\/cropped-Komplekta-ar-pasu-logo-10-scaled-1.png\",\"contentUrl\":\"https:\/\/izglitiba.valmierasnovads.lv\/rujienasvidusskola\/wp-content\/uploads\/sites\/9\/2026\/03\/cropped-Komplekta-ar-pasu-logo-10-scaled-1.png\",\"width\":2145,\"height\":227,\"caption\":\"R\u016bjienas vidusskola\"},\"image\":{\"@id\":\"https:\/\/izglitiba.valmierasnovads.lv\/rujienasvidusskola\/#\/schema\/logo\/image\/\"}}]}<\/script>\n<!-- \/ Yoast SEO plugin. -->","yoast_head_json":{"title":"M\u0113s atgrie\u017eamies - R\u016bjienas vidusskola","robots":{"index":"index","follow":"follow","max-snippet":"max-snippet:-1","max-image-preview":"max-image-preview:large","max-video-preview":"max-video-preview:-1"},"canonical":"https:\/\/izglitiba.valmierasnovads.lv\/rujienasvidusskola\/mes-atgriezamies\/","og_locale":"lv_LV","og_type":"article","og_title":"M\u0113s atgrie\u017eamies - R\u016bjienas vidusskola","og_url":"https:\/\/izglitiba.valmierasnovads.lv\/rujienasvidusskola\/mes-atgriezamies\/","og_site_name":"R\u016bjienas vidusskola","article_modified_time":"2025-06-30T11:40:55+00:00","twitter_card":"summary_large_image","schema":{"@context":"https:\/\/schema.org","@graph":[{"@type":"WebPage","@id":"https:\/\/izglitiba.valmierasnovads.lv\/rujienasvidusskola\/mes-atgriezamies\/","url":"https:\/\/izglitiba.valmierasnovads.lv\/rujienasvidusskola\/mes-atgriezamies\/","name":"M\u0113s atgrie\u017eamies - R\u016bjienas vidusskola","isPartOf":{"@id":"https:\/\/izglitiba.valmierasnovads.lv\/rujienasvidusskola\/#website"},"datePublished":"2025-06-30T11:40:54+00:00","dateModified":"2025-06-30T11:40:55+00:00","breadcrumb":{"@id":"https:\/\/izglitiba.valmierasnovads.lv\/rujienasvidusskola\/mes-atgriezamies\/#breadcrumb"},"inLanguage":"lv-LV","potentialAction":[{"@type":"ReadAction","target":["https:\/\/izglitiba.valmierasnovads.lv\/rujienasvidusskola\/mes-atgriezamies\/"]}]},{"@type":"BreadcrumbList","@id":"https:\/\/izglitiba.valmierasnovads.lv\/rujienasvidusskola\/mes-atgriezamies\/#breadcrumb","itemListElement":[{"@type":"ListItem","position":1,"name":"Home","item":"https:\/\/izglitiba.valmierasnovads.lv\/rujienasvidusskola\/"},{"@type":"ListItem","position":2,"name":"M\u0113s atgrie\u017eamies"}]},{"@type":"WebSite","@id":"https:\/\/izglitiba.valmierasnovads.lv\/rujienasvidusskola\/#website","url":"https:\/\/izglitiba.valmierasnovads.lv\/rujienasvidusskola\/","name":"R\u016bjienas vidusskola","description":"","publisher":{"@id":"https:\/\/izglitiba.valmierasnovads.lv\/rujienasvidusskola\/#organization"},"potentialAction":[{"@type":"SearchAction","target":{"@type":"EntryPoint","urlTemplate":"https:\/\/izglitiba.valmierasnovads.lv\/rujienasvidusskola\/?s={search_term_string}"},"query-input":{"@type":"PropertyValueSpecification","valueRequired":true,"valueName":"search_term_string"}}],"inLanguage":"lv-LV"},{"@type":"Organization","@id":"https:\/\/izglitiba.valmierasnovads.lv\/rujienasvidusskola\/#organization","name":"R\u016bjienas vidusskola","url":"https:\/\/izglitiba.valmierasnovads.lv\/rujienasvidusskola\/","logo":{"@type":"ImageObject","inLanguage":"lv-LV","@id":"https:\/\/izglitiba.valmierasnovads.lv\/rujienasvidusskola\/#\/schema\/logo\/image\/","url":"https:\/\/izglitiba.valmierasnovads.lv\/rujienasvidusskola\/wp-content\/uploads\/sites\/9\/2026\/03\/cropped-Komplekta-ar-pasu-logo-10-scaled-1.png","contentUrl":"https:\/\/izglitiba.valmierasnovads.lv\/rujienasvidusskola\/wp-content\/uploads\/sites\/9\/2026\/03\/cropped-Komplekta-ar-pasu-logo-10-scaled-1.png","width":2145,"height":227,"caption":"R\u016bjienas vidusskola"},"image":{"@id":"https:\/\/izglitiba.valmierasnovads.lv\/rujienasvidusskola\/#\/schema\/logo\/image\/"}}]}},"_links":{"self":[{"href":"https:\/\/izglitiba.valmierasnovads.lv\/rujienasvidusskola\/wp-json\/wp\/v2\/pages\/237","targetHints":{"allow":["GET"]}}],"collection":[{"href":"https:\/\/izglitiba.valmierasnovads.lv\/rujienasvidusskola\/wp-json\/wp\/v2\/pages"}],"about":[{"href":"https:\/\/izglitiba.valmierasnovads.lv\/rujienasvidusskola\/wp-json\/wp\/v2\/types\/page"}],"author":[{"embeddable":true,"href":"https:\/\/izglitiba.valmierasnovads.lv\/rujienasvidusskola\/wp-json\/wp\/v2\/users\/10"}],"replies":[{"embeddable":true,"href":"https:\/\/izglitiba.valmierasnovads.lv\/rujienasvidusskola\/wp-json\/wp\/v2\/comments?post=237"}],"version-history":[{"count":1,"href":"https:\/\/izglitiba.valmierasnovads.lv\/rujienasvidusskola\/wp-json\/wp\/v2\/pages\/237\/revisions"}],"predecessor-version":[{"id":238,"href":"https:\/\/izglitiba.valmierasnovads.lv\/rujienasvidusskola\/wp-json\/wp\/v2\/pages\/237\/revisions\/238"}],"wp:attachment":[{"href":"https:\/\/izglitiba.valmierasnovads.lv\/rujienasvidusskola\/wp-json\/wp\/v2\/media?parent=237"}],"curies":[{"name":"wp","href":"https:\/\/api.w.org\/{rel}","templated":true}]}}