{"id":267,"date":"2025-06-30T15:26:15","date_gmt":"2025-06-30T12:26:15","guid":{"rendered":"https:\/\/izglitiba.valmierasnovads.lv\/rujienasvidusskola\/?page_id=267"},"modified":"2026-02-24T11:38:02","modified_gmt":"2026-02-24T09:38:02","slug":"nac-macities-rujienas-vidusskola","status":"publish","type":"page","link":"https:\/\/izglitiba.valmierasnovads.lv\/rujienasvidusskola\/nac-macities-rujienas-vidusskola\/","title":{"rendered":"N\u0101c m\u0101c\u012bties R\u016bjienas vidusskol\u0101"},"content":{"rendered":"\n<p class=\"has-large-font-size\"><a href=\"https:\/\/nac-macities.tilda.ws\">Uz\u0146em\u0161ana <\/a><\/p>\n\n\n\n<div class=\"wp-block-file\"><a id=\"wp-block-file--media-af31b759-eb2e-4bb5-bec6-b1fbdf8e2f29\" href=\"https:\/\/izglitiba.valmierasnovads.lv\/rujienasvidusskola\/wp-content\/uploads\/sites\/9\/2026\/02\/RV_Iesniegums_1.kl_._2026_2027.docx\">RV_Iesniegums_1.kl._2026\/2027<\/a><\/div>\n\n\n\n<div class=\"wp-block-file\"><a id=\"wp-block-file--media-c3aa6028-799a-4d3c-95da-840e38f48a2b\" href=\"https:\/\/izglitiba.valmierasnovads.lv\/rujienasvidusskola\/wp-content\/uploads\/sites\/9\/2026\/02\/VNP_Pielikums_1.kl_._2026_2027.docx\">VNP_Pielikums_1.kl._2026\/2027<\/a><\/div>\n\n\n\n<h3 class=\"wp-block-heading\">R\u016bjienas vidusskol\u0101 \u012bstenojam\u0101s izgl\u012bt\u012bbas programmas<\/h3>\n\n\n\n<figure class=\"wp-block-table is-style-stripes\"><table class=\"has-fixed-layout\"><tbody><tr><td><strong>Kods<\/strong><\/td><td><strong>Nosaukums<\/strong><\/td><td><strong>Licenc\u0113\u0161anas ID<\/strong><\/td><td><strong>Licenc\u0113\u0161anas datums<\/strong><\/td><td><strong>Akredit\u0101cijas ID<\/strong><\/td><td><strong>Akredit\u0101cijas der\u012bguma termi\u0146\u0161<\/strong><\/td><\/tr><tr><td>21011111<\/td><td>Pamatizgl\u012bt\u012bbas programma<\/td><td>V-9349<\/td><td>30.08.2017&nbsp;<\/td><td><br>AP_416&nbsp;<\/td><td>19.05.2027&nbsp;<\/td><\/tr><tr><td>21015611<\/td><td>Speci\u0101l\u0101s pamatizgl\u012bt\u012bbas programma izgl\u012btojamajiem ar m\u0101c\u012b\u0161an\u0101s trauc\u0113jumiem<\/td><td>V_3311<\/td><td>27.07.2020&nbsp;<\/td><td>AP_412&nbsp;<\/td><td>19.05.2027<\/td><\/tr><tr><td>21017111<\/td><td>Pamatizgl\u012bt\u012bbas programma ar augst\u0101kiem sasniedzamajiem rezult\u0101tiem kult\u016bras izpratnes un pa\u0161izpausmes m\u0101ksl\u0101 m\u0101c\u012bbu jom\u0101 &#8211; m\u016bzik\u0101<\/td><td>V_3996<\/td><td>01.09.2020&nbsp;<\/td><td>AP_410&nbsp;<\/td><td>19.05.2027&nbsp;<\/td><\/tr><tr><td>31016011<\/td><td>Visp\u0101r\u0113j\u0101s vid\u0113j\u0101s izgl\u012bt\u012bbas programma<\/td><td>V_3310<\/td><td>27.07.2020&nbsp;<\/td><td>AP_414&nbsp;<\/td><td>19.05.2027&nbsp;<\/td><\/tr><\/tbody><\/table><\/figure>\n\n\n\n<p><\/p>\n","protected":false},"excerpt":{"rendered":"<p>Uz\u0146em\u0161ana R\u016bjienas vidusskol\u0101 \u012bstenojam\u0101s izgl\u012bt\u012bbas programmas Kods Nosaukums Licenc\u0113\u0161anas ID Licenc\u0113\u0161anas datums Akredit\u0101cijas ID Akredit\u0101cijas der\u012bguma termi\u0146\u0161 21011111 Pamatizgl\u012bt\u012bbas programma [&hellip;]<\/p>\n","protected":false},"author":10,"featured_media":0,"parent":0,"menu_order":0,"comment_status":"closed","ping_status":"closed","template":"","meta":{"_acf_changed":false,"site-sidebar-layout":"default","site-content-layout":"","ast-site-content-layout":"default","site-content-style":"default","site-sidebar-style":"default","ast-global-header-display":"","ast-banner-title-visibility":"","ast-main-header-display":"","ast-hfb-above-header-display":"","ast-hfb-below-header-display":"","ast-hfb-mobile-header-display":"","site-post-title":"","ast-breadcrumbs-content":"","ast-featured-img":"","footer-sml-layout":"","ast-disable-related-posts":"","theme-transparent-header-meta":"","adv-header-id-meta":"","stick-header-meta":"","header-above-stick-meta":"","header-main-stick-meta":"","header-below-stick-meta":"","astra-migrate-meta-layouts":"default","ast-page-background-enabled":"default","ast-page-background-meta":{"desktop":{"background-color":"var(--ast-global-color-5)","background-image":"","background-repeat":"repeat","background-position":"center center","background-size":"auto","background-attachment":"scroll","background-type":"","background-media":"","overlay-type":"","overlay-color":"","overlay-opacity":"","overlay-gradient":""},"tablet":{"background-color":"","background-image":"","background-repeat":"repeat","background-position":"center center","background-size":"auto","background-attachment":"scroll","background-type":"","background-media":"","overlay-type":"","overlay-color":"","overlay-opacity":"","overlay-gradient":""},"mobile":{"background-color":"","background-image":"","background-repeat":"repeat","background-position":"center center","background-size":"auto","background-attachment":"scroll","background-type":"","background-media":"","overlay-type":"","overlay-color":"","overlay-opacity":"","overlay-gradient":""}},"ast-content-background-meta":{"desktop":{"background-color":"var(--ast-global-color-4)","background-image":"","background-repeat":"repeat","background-position":"center center","background-size":"auto","background-attachment":"scroll","background-type":"","background-media":"","overlay-type":"","overlay-color":"","overlay-opacity":"","overlay-gradient":""},"tablet":{"background-color":"var(--ast-global-color-4)","background-image":"","background-repeat":"repeat","background-position":"center center","background-size":"auto","background-attachment":"scroll","background-type":"","background-media":"","overlay-type":"","overlay-color":"","overlay-opacity":"","overlay-gradient":""},"mobile":{"background-color":"var(--ast-global-color-4)","background-image":"","background-repeat":"repeat","background-position":"center center","background-size":"auto","background-attachment":"scroll","background-type":"","background-media":"","overlay-type":"","overlay-color":"","overlay-opacity":"","overlay-gradient":""}},"footnotes":""},"class_list":["post-267","page","type-page","status-publish","hentry"],"acf":[],"yoast_head":"<!-- This site is optimized with the Yoast SEO plugin v27.0 - https:\/\/yoast.com\/product\/yoast-seo-wordpress\/ -->\n<title>N\u0101c m\u0101c\u012bties R\u016bjienas vidusskol\u0101 - R\u016bjienas vidusskola<\/title>\n<meta name=\"robots\" content=\"index, follow, max-snippet:-1, max-image-preview:large, max-video-preview:-1\" \/>\n<link rel=\"canonical\" href=\"https:\/\/izglitiba.valmierasnovads.lv\/rujienasvidusskola\/nac-macities-rujienas-vidusskola\/\" \/>\n<meta property=\"og:locale\" content=\"lv_LV\" \/>\n<meta property=\"og:type\" content=\"article\" \/>\n<meta property=\"og:title\" content=\"N\u0101c m\u0101c\u012bties R\u016bjienas vidusskol\u0101 - R\u016bjienas vidusskola\" \/>\n<meta property=\"og:description\" content=\"Uz\u0146em\u0161ana R\u016bjienas vidusskol\u0101 \u012bstenojam\u0101s izgl\u012bt\u012bbas programmas Kods Nosaukums Licenc\u0113\u0161anas ID Licenc\u0113\u0161anas datums Akredit\u0101cijas ID Akredit\u0101cijas der\u012bguma termi\u0146\u0161 21011111 Pamatizgl\u012bt\u012bbas programma [&hellip;]\" \/>\n<meta property=\"og:url\" content=\"https:\/\/izglitiba.valmierasnovads.lv\/rujienasvidusskola\/nac-macities-rujienas-vidusskola\/\" \/>\n<meta property=\"og:site_name\" content=\"R\u016bjienas vidusskola\" \/>\n<meta property=\"article:modified_time\" content=\"2026-02-24T09:38:02+00:00\" \/>\n<meta name=\"twitter:card\" content=\"summary_large_image\" \/>\n<meta name=\"twitter:label1\" content=\"Est. reading time\" \/>\n\t<meta name=\"twitter:data1\" content=\"1 min\u016bte\" \/>\n<script type=\"application\/ld+json\" class=\"yoast-schema-graph\">{\"@context\":\"https:\/\/schema.org\",\"@graph\":[{\"@type\":\"WebPage\",\"@id\":\"https:\/\/izglitiba.valmierasnovads.lv\/rujienasvidusskola\/nac-macities-rujienas-vidusskola\/\",\"url\":\"https:\/\/izglitiba.valmierasnovads.lv\/rujienasvidusskola\/nac-macities-rujienas-vidusskola\/\",\"name\":\"N\u0101c m\u0101c\u012bties R\u016bjienas vidusskol\u0101 - R\u016bjienas vidusskola\",\"isPartOf\":{\"@id\":\"https:\/\/izglitiba.valmierasnovads.lv\/rujienasvidusskola\/#website\"},\"datePublished\":\"2025-06-30T12:26:15+00:00\",\"dateModified\":\"2026-02-24T09:38:02+00:00\",\"breadcrumb\":{\"@id\":\"https:\/\/izglitiba.valmierasnovads.lv\/rujienasvidusskola\/nac-macities-rujienas-vidusskola\/#breadcrumb\"},\"inLanguage\":\"lv-LV\",\"potentialAction\":[{\"@type\":\"ReadAction\",\"target\":[\"https:\/\/izglitiba.valmierasnovads.lv\/rujienasvidusskola\/nac-macities-rujienas-vidusskola\/\"]}]},{\"@type\":\"BreadcrumbList\",\"@id\":\"https:\/\/izglitiba.valmierasnovads.lv\/rujienasvidusskola\/nac-macities-rujienas-vidusskola\/#breadcrumb\",\"itemListElement\":[{\"@type\":\"ListItem\",\"position\":1,\"name\":\"Home\",\"item\":\"https:\/\/izglitiba.valmierasnovads.lv\/rujienasvidusskola\/\"},{\"@type\":\"ListItem\",\"position\":2,\"name\":\"N\u0101c m\u0101c\u012bties R\u016bjienas vidusskol\u0101\"}]},{\"@type\":\"WebSite\",\"@id\":\"https:\/\/izglitiba.valmierasnovads.lv\/rujienasvidusskola\/#website\",\"url\":\"https:\/\/izglitiba.valmierasnovads.lv\/rujienasvidusskola\/\",\"name\":\"R\u016bjienas vidusskola\",\"description\":\"\",\"publisher\":{\"@id\":\"https:\/\/izglitiba.valmierasnovads.lv\/rujienasvidusskola\/#organization\"},\"potentialAction\":[{\"@type\":\"SearchAction\",\"target\":{\"@type\":\"EntryPoint\",\"urlTemplate\":\"https:\/\/izglitiba.valmierasnovads.lv\/rujienasvidusskola\/?s={search_term_string}\"},\"query-input\":{\"@type\":\"PropertyValueSpecification\",\"valueRequired\":true,\"valueName\":\"search_term_string\"}}],\"inLanguage\":\"lv-LV\"},{\"@type\":\"Organization\",\"@id\":\"https:\/\/izglitiba.valmierasnovads.lv\/rujienasvidusskola\/#organization\",\"name\":\"R\u016bjienas vidusskola\",\"url\":\"https:\/\/izglitiba.valmierasnovads.lv\/rujienasvidusskola\/\",\"logo\":{\"@type\":\"ImageObject\",\"inLanguage\":\"lv-LV\",\"@id\":\"https:\/\/izglitiba.valmierasnovads.lv\/rujienasvidusskola\/#\/schema\/logo\/image\/\",\"url\":\"https:\/\/izglitiba.valmierasnovads.lv\/rujienasvidusskola\/wp-content\/uploads\/sites\/9\/2026\/03\/cropped-Komplekta-ar-pasu-logo-10-scaled-1.png\",\"contentUrl\":\"https:\/\/izglitiba.valmierasnovads.lv\/rujienasvidusskola\/wp-content\/uploads\/sites\/9\/2026\/03\/cropped-Komplekta-ar-pasu-logo-10-scaled-1.png\",\"width\":2145,\"height\":227,\"caption\":\"R\u016bjienas vidusskola\"},\"image\":{\"@id\":\"https:\/\/izglitiba.valmierasnovads.lv\/rujienasvidusskola\/#\/schema\/logo\/image\/\"}}]}<\/script>\n<!-- \/ Yoast SEO plugin. -->","yoast_head_json":{"title":"N\u0101c m\u0101c\u012bties R\u016bjienas vidusskol\u0101 - R\u016bjienas vidusskola","robots":{"index":"index","follow":"follow","max-snippet":"max-snippet:-1","max-image-preview":"max-image-preview:large","max-video-preview":"max-video-preview:-1"},"canonical":"https:\/\/izglitiba.valmierasnovads.lv\/rujienasvidusskola\/nac-macities-rujienas-vidusskola\/","og_locale":"lv_LV","og_type":"article","og_title":"N\u0101c m\u0101c\u012bties R\u016bjienas vidusskol\u0101 - R\u016bjienas vidusskola","og_description":"Uz\u0146em\u0161ana R\u016bjienas vidusskol\u0101 \u012bstenojam\u0101s izgl\u012bt\u012bbas programmas Kods Nosaukums Licenc\u0113\u0161anas ID Licenc\u0113\u0161anas datums Akredit\u0101cijas ID Akredit\u0101cijas der\u012bguma termi\u0146\u0161 21011111 Pamatizgl\u012bt\u012bbas programma [&hellip;]","og_url":"https:\/\/izglitiba.valmierasnovads.lv\/rujienasvidusskola\/nac-macities-rujienas-vidusskola\/","og_site_name":"R\u016bjienas vidusskola","article_modified_time":"2026-02-24T09:38:02+00:00","twitter_card":"summary_large_image","twitter_misc":{"Est. reading time":"1 min\u016bte"},"schema":{"@context":"https:\/\/schema.org","@graph":[{"@type":"WebPage","@id":"https:\/\/izglitiba.valmierasnovads.lv\/rujienasvidusskola\/nac-macities-rujienas-vidusskola\/","url":"https:\/\/izglitiba.valmierasnovads.lv\/rujienasvidusskola\/nac-macities-rujienas-vidusskola\/","name":"N\u0101c m\u0101c\u012bties R\u016bjienas vidusskol\u0101 - R\u016bjienas vidusskola","isPartOf":{"@id":"https:\/\/izglitiba.valmierasnovads.lv\/rujienasvidusskola\/#website"},"datePublished":"2025-06-30T12:26:15+00:00","dateModified":"2026-02-24T09:38:02+00:00","breadcrumb":{"@id":"https:\/\/izglitiba.valmierasnovads.lv\/rujienasvidusskola\/nac-macities-rujienas-vidusskola\/#breadcrumb"},"inLanguage":"lv-LV","potentialAction":[{"@type":"ReadAction","target":["https:\/\/izglitiba.valmierasnovads.lv\/rujienasvidusskola\/nac-macities-rujienas-vidusskola\/"]}]},{"@type":"BreadcrumbList","@id":"https:\/\/izglitiba.valmierasnovads.lv\/rujienasvidusskola\/nac-macities-rujienas-vidusskola\/#breadcrumb","itemListElement":[{"@type":"ListItem","position":1,"name":"Home","item":"https:\/\/izglitiba.valmierasnovads.lv\/rujienasvidusskola\/"},{"@type":"ListItem","position":2,"name":"N\u0101c m\u0101c\u012bties R\u016bjienas vidusskol\u0101"}]},{"@type":"WebSite","@id":"https:\/\/izglitiba.valmierasnovads.lv\/rujienasvidusskola\/#website","url":"https:\/\/izglitiba.valmierasnovads.lv\/rujienasvidusskola\/","name":"R\u016bjienas vidusskola","description":"","publisher":{"@id":"https:\/\/izglitiba.valmierasnovads.lv\/rujienasvidusskola\/#organization"},"potentialAction":[{"@type":"SearchAction","target":{"@type":"EntryPoint","urlTemplate":"https:\/\/izglitiba.valmierasnovads.lv\/rujienasvidusskola\/?s={search_term_string}"},"query-input":{"@type":"PropertyValueSpecification","valueRequired":true,"valueName":"search_term_string"}}],"inLanguage":"lv-LV"},{"@type":"Organization","@id":"https:\/\/izglitiba.valmierasnovads.lv\/rujienasvidusskola\/#organization","name":"R\u016bjienas vidusskola","url":"https:\/\/izglitiba.valmierasnovads.lv\/rujienasvidusskola\/","logo":{"@type":"ImageObject","inLanguage":"lv-LV","@id":"https:\/\/izglitiba.valmierasnovads.lv\/rujienasvidusskola\/#\/schema\/logo\/image\/","url":"https:\/\/izglitiba.valmierasnovads.lv\/rujienasvidusskola\/wp-content\/uploads\/sites\/9\/2026\/03\/cropped-Komplekta-ar-pasu-logo-10-scaled-1.png","contentUrl":"https:\/\/izglitiba.valmierasnovads.lv\/rujienasvidusskola\/wp-content\/uploads\/sites\/9\/2026\/03\/cropped-Komplekta-ar-pasu-logo-10-scaled-1.png","width":2145,"height":227,"caption":"R\u016bjienas vidusskola"},"image":{"@id":"https:\/\/izglitiba.valmierasnovads.lv\/rujienasvidusskola\/#\/schema\/logo\/image\/"}}]}},"_links":{"self":[{"href":"https:\/\/izglitiba.valmierasnovads.lv\/rujienasvidusskola\/wp-json\/wp\/v2\/pages\/267","targetHints":{"allow":["GET"]}}],"collection":[{"href":"https:\/\/izglitiba.valmierasnovads.lv\/rujienasvidusskola\/wp-json\/wp\/v2\/pages"}],"about":[{"href":"https:\/\/izglitiba.valmierasnovads.lv\/rujienasvidusskola\/wp-json\/wp\/v2\/types\/page"}],"author":[{"embeddable":true,"href":"https:\/\/izglitiba.valmierasnovads.lv\/rujienasvidusskola\/wp-json\/wp\/v2\/users\/10"}],"replies":[{"embeddable":true,"href":"https:\/\/izglitiba.valmierasnovads.lv\/rujienasvidusskola\/wp-json\/wp\/v2\/comments?post=267"}],"version-history":[{"count":6,"href":"https:\/\/izglitiba.valmierasnovads.lv\/rujienasvidusskola\/wp-json\/wp\/v2\/pages\/267\/revisions"}],"predecessor-version":[{"id":937,"href":"https:\/\/izglitiba.valmierasnovads.lv\/rujienasvidusskola\/wp-json\/wp\/v2\/pages\/267\/revisions\/937"}],"wp:attachment":[{"href":"https:\/\/izglitiba.valmierasnovads.lv\/rujienasvidusskola\/wp-json\/wp\/v2\/media?parent=267"}],"curies":[{"name":"wp","href":"https:\/\/api.w.org\/{rel}","templated":true}]}}