{"id":446,"date":"2025-09-09T14:35:21","date_gmt":"2025-09-09T11:35:21","guid":{"rendered":"https:\/\/izglitiba.valmierasnovads.lv\/rujienasvidusskola\/?page_id=446"},"modified":"2025-09-09T15:19:51","modified_gmt":"2025-09-09T12:19:51","slug":"par-edinasanu","status":"publish","type":"page","link":"https:\/\/izglitiba.valmierasnovads.lv\/rujienasvidusskola\/par-edinasanu\/","title":{"rendered":"Par \u0113din\u0101\u0161anu"},"content":{"rendered":"\n<figure class=\"wp-block-image size-large\"><img loading=\"lazy\" decoding=\"async\" width=\"724\" height=\"1024\" src=\"https:\/\/izglitiba.valmierasnovads.lv\/rujienasvidusskola\/wp-content\/uploads\/sites\/9\/2025\/09\/Samaksas-kartiba-par-edinasanu-Rujienas-vsk-724x1024.jpg\" alt=\"\" class=\"wp-image-450\" srcset=\"https:\/\/izglitiba.valmierasnovads.lv\/rujienasvidusskola\/wp-content\/uploads\/sites\/9\/2025\/09\/Samaksas-kartiba-par-edinasanu-Rujienas-vsk-724x1024.jpg 724w, https:\/\/izglitiba.valmierasnovads.lv\/rujienasvidusskola\/wp-content\/uploads\/sites\/9\/2025\/09\/Samaksas-kartiba-par-edinasanu-Rujienas-vsk-212x300.jpg 212w, https:\/\/izglitiba.valmierasnovads.lv\/rujienasvidusskola\/wp-content\/uploads\/sites\/9\/2025\/09\/Samaksas-kartiba-par-edinasanu-Rujienas-vsk-768x1087.jpg 768w, https:\/\/izglitiba.valmierasnovads.lv\/rujienasvidusskola\/wp-content\/uploads\/sites\/9\/2025\/09\/Samaksas-kartiba-par-edinasanu-Rujienas-vsk-1085x1536.jpg 1085w, https:\/\/izglitiba.valmierasnovads.lv\/rujienasvidusskola\/wp-content\/uploads\/sites\/9\/2025\/09\/Samaksas-kartiba-par-edinasanu-Rujienas-vsk-1447x2048.jpg 1447w, https:\/\/izglitiba.valmierasnovads.lv\/rujienasvidusskola\/wp-content\/uploads\/sites\/9\/2025\/09\/Samaksas-kartiba-par-edinasanu-Rujienas-vsk-scaled.jpg 1809w\" sizes=\"auto, (max-width: 724px) 100vw, 724px\" \/><\/figure>\n\n\n\n<p><strong>Atvieglojumi \u0113din\u0101\u0161anas maksai Valmieras pa\u0161vald\u012bbas visp\u0101r\u0113j\u0101s izgl\u012bt\u012bbas iest\u0101d\u0113s<\/strong><\/p>\n\n\n\n<p>Pa\u0161vald\u012bbas visp\u0101r\u0113j\u0101s izgl\u012bt\u012bbas iest\u0101d\u0113 \u0113din\u0101\u0161anas maksas atvieglojumus&nbsp;<strong>100 %&nbsp;<\/strong>apm\u0113r\u0101 nodro\u0161ina:<\/p>\n\n\n\n<ul class=\"wp-block-list\">\n<li>pusdien\u0101m 1.\u20134. kla\u0161u izgl\u012btojamajiem, sedzot starp\u012bbu starp \u0113din\u0101\u0161anas pakalpojuma maksu un valsts pie\u0161\u0137irtiem l\u012bdzek\u013ciem izgl\u012btojamo \u0113din\u0101\u0161anai;<\/li>\n\n\n\n<li>pusdien\u0101m 5.\u20136. kla\u0161u izgl\u012btojamajiem;<\/li>\n\n\n\n<li>pusdien\u0101m 7.\u20139. klases visp\u0101r\u0113j\u0101s vid\u0113j\u0101s vai profesion\u0101l\u0101s vid\u0113j\u0101s izgl\u012bt\u012bbas programmas izgl\u012btojamiem ar invalidit\u0101ti;<\/li>\n\n\n\n<li>pusdien\u0101m b\u0113rnam no tr\u016bc\u012bgas vai maznodro\u0161in\u0101tas m\u0101jsaimniec\u012bbas, kur\u0161 apg\u016bst pamatizgl\u012bt\u012bbas programmu 7.\u20139. klas\u0113;<\/li>\n\n\n\n<li>vis\u0101m \u0113dienreiz\u0113m b\u0101renim un bez vec\u0101ku g\u0101d\u012bbas paliku\u0161am b\u0113rnam , kur\u0161 apg\u016bst pamatizgl\u012bt\u012bbas programmu 7.\u20139. klas\u0113, visp\u0101r\u0113j\u0101s vid\u0113j\u0101s vai profesion\u0101l\u0101s vid\u0113j\u0101s izgl\u012bt\u012bbas programmu.<\/li>\n<\/ul>\n\n\n\n<p>Pa\u0161vald\u012bbas visp\u0101r\u0113j\u0101s izgl\u012bt\u012bbas iest\u0101d\u0113 \u0113din\u0101\u0161anas maksas atvieglojumus&nbsp;<strong>50 %<\/strong>&nbsp;apm\u0113r\u0101 nodro\u0161in\u0101s:<\/p>\n\n\n\n<ul class=\"wp-block-list\">\n<li>vis\u0101m \u0113dienreiz\u0113m b\u0113rnam no daudzb\u0113rnu \u0123imenes, kur\u0161 apg\u016bst pamatizgl\u012bt\u012bbas programmu 7.\u20139. klas\u0113, visp\u0101r\u0113j\u0101s vid\u0113j\u0101s vai profesion\u0101l\u0101s vid\u0113j\u0101s izgl\u012bt\u012bbas programmu;<\/li>\n\n\n\n<li>pusdien\u0101m b\u0113rnam no tr\u016bc\u012bgas vai maznodro\u0161in\u0101tas m\u0101jsaimniec\u012bbas, kur\u0161 apg\u016bst visp\u0101r\u0113j\u0101s vid\u0113j\u0101s vai profesion\u0101l\u0101s vid\u0113j\u0101s izgl\u012bt\u012bbas programmu.<\/li>\n<\/ul>\n\n\n\n<p>Atvieglojumu sa\u0146em\u0161anai j\u0101iesniedz izgl\u012bt\u012bbas iest\u0101des direktoram\/vad\u012bt\u0101jam adres\u0113ts\u00a0<strong><a href=\"https:\/\/www.valmierasnovads.lv\/dokumenti\/par-izglitojamo-edinasanas-maksas-atvieglojumu-sanemsanu\/veidlapa_edinasanas_atvieglojumi_iesniegums_izglitibas-iestadei-8\/\" target=\"_blank\" rel=\"noreferrer noopener\">iesniegums<\/a><\/strong>\u00a0un j\u0101uzr\u0101da statusu apliecino\u0161s dokuments (invalidit\u0101ti apliecino\u0161s dokuments, izzi\u0146a par tr\u016bc\u012bgas vai maznodro\u0161in\u0101tas m\u0101jsaimniec\u012bbas statusu vai Latvijas Goda \u0123imenes apliec\u012bba).<br><em><strong>Iesniegums j\u0101raksta katru gadu, uzs\u0101koties jaunam m\u0101c\u012bbu gadam, k\u0101 ar\u012b, ja apliecino\u0161ajam dokumentam beidzies der\u012bguma termi\u0146\u0161 un tas ticis atjaunots.<\/strong><\/em><\/p>\n\n\n\n<p><a href=\"https:\/\/likumi.lv\/ta\/id\/354024-par-edinasanas-maksas-atvieglojumiem-valmieras-novada-administrativaja-teritorija-esosajas-izglitibas-iestades\"><strong>Par \u0113din\u0101\u0161anas maksas atvieglojumiem Valmieras novada administrat\u012bvaj\u0101 teritorij\u0101 eso\u0161aj\u0101s izgl\u012bt\u012bbas iest\u0101d\u0113s<\/strong><\/a>.<\/p>\n\n\n\n<p><\/p>\n","protected":false},"excerpt":{"rendered":"<p>Atvieglojumi \u0113din\u0101\u0161anas maksai Valmieras pa\u0161vald\u012bbas visp\u0101r\u0113j\u0101s izgl\u012bt\u012bbas iest\u0101d\u0113s Pa\u0161vald\u012bbas visp\u0101r\u0113j\u0101s izgl\u012bt\u012bbas iest\u0101d\u0113 \u0113din\u0101\u0161anas maksas atvieglojumus&nbsp;100 %&nbsp;apm\u0113r\u0101 nodro\u0161ina: Pa\u0161vald\u012bbas visp\u0101r\u0113j\u0101s izgl\u012bt\u012bbas [&hellip;]<\/p>\n","protected":false},"author":10,"featured_media":0,"parent":0,"menu_order":0,"comment_status":"closed","ping_status":"closed","template":"","meta":{"_acf_changed":false,"site-sidebar-layout":"default","site-content-layout":"","ast-site-content-layout":"default","site-content-style":"default","site-sidebar-style":"default","ast-global-header-display":"","ast-banner-title-visibility":"","ast-main-header-display":"","ast-hfb-above-header-display":"","ast-hfb-below-header-display":"","ast-hfb-mobile-header-display":"","site-post-title":"","ast-breadcrumbs-content":"","ast-featured-img":"","footer-sml-layout":"","ast-disable-related-posts":"","theme-transparent-header-meta":"","adv-header-id-meta":"","stick-header-meta":"","header-above-stick-meta":"","header-main-stick-meta":"","header-below-stick-meta":"","astra-migrate-meta-layouts":"default","ast-page-background-enabled":"default","ast-page-background-meta":{"desktop":{"background-color":"var(--ast-global-color-5)","background-image":"","background-repeat":"repeat","background-position":"center center","background-size":"auto","background-attachment":"scroll","background-type":"","background-media":"","overlay-type":"","overlay-color":"","overlay-opacity":"","overlay-gradient":""},"tablet":{"background-color":"","background-image":"","background-repeat":"repeat","background-position":"center center","background-size":"auto","background-attachment":"scroll","background-type":"","background-media":"","overlay-type":"","overlay-color":"","overlay-opacity":"","overlay-gradient":""},"mobile":{"background-color":"","background-image":"","background-repeat":"repeat","background-position":"center center","background-size":"auto","background-attachment":"scroll","background-type":"","background-media":"","overlay-type":"","overlay-color":"","overlay-opacity":"","overlay-gradient":""}},"ast-content-background-meta":{"desktop":{"background-color":"var(--ast-global-color-4)","background-image":"","background-repeat":"repeat","background-position":"center center","background-size":"auto","background-attachment":"scroll","background-type":"","background-media":"","overlay-type":"","overlay-color":"","overlay-opacity":"","overlay-gradient":""},"tablet":{"background-color":"var(--ast-global-color-4)","background-image":"","background-repeat":"repeat","background-position":"center center","background-size":"auto","background-attachment":"scroll","background-type":"","background-media":"","overlay-type":"","overlay-color":"","overlay-opacity":"","overlay-gradient":""},"mobile":{"background-color":"var(--ast-global-color-4)","background-image":"","background-repeat":"repeat","background-position":"center center","background-size":"auto","background-attachment":"scroll","background-type":"","background-media":"","overlay-type":"","overlay-color":"","overlay-opacity":"","overlay-gradient":""}},"footnotes":""},"class_list":["post-446","page","type-page","status-publish","hentry"],"acf":[],"yoast_head":"<!-- This site is optimized with the Yoast SEO plugin v27.0 - https:\/\/yoast.com\/product\/yoast-seo-wordpress\/ -->\n<title>Par \u0113din\u0101\u0161anu - R\u016bjienas vidusskola<\/title>\n<meta name=\"robots\" content=\"index, follow, max-snippet:-1, max-image-preview:large, max-video-preview:-1\" \/>\n<link rel=\"canonical\" href=\"https:\/\/izglitiba.valmierasnovads.lv\/rujienasvidusskola\/par-edinasanu\/\" \/>\n<meta property=\"og:locale\" content=\"lv_LV\" \/>\n<meta property=\"og:type\" content=\"article\" \/>\n<meta property=\"og:title\" content=\"Par \u0113din\u0101\u0161anu - R\u016bjienas vidusskola\" \/>\n<meta property=\"og:description\" content=\"Atvieglojumi \u0113din\u0101\u0161anas maksai Valmieras pa\u0161vald\u012bbas visp\u0101r\u0113j\u0101s izgl\u012bt\u012bbas iest\u0101d\u0113s Pa\u0161vald\u012bbas visp\u0101r\u0113j\u0101s izgl\u012bt\u012bbas iest\u0101d\u0113 \u0113din\u0101\u0161anas maksas atvieglojumus&nbsp;100 %&nbsp;apm\u0113r\u0101 nodro\u0161ina: Pa\u0161vald\u012bbas visp\u0101r\u0113j\u0101s izgl\u012bt\u012bbas [&hellip;]\" \/>\n<meta property=\"og:url\" content=\"https:\/\/izglitiba.valmierasnovads.lv\/rujienasvidusskola\/par-edinasanu\/\" \/>\n<meta property=\"og:site_name\" content=\"R\u016bjienas vidusskola\" \/>\n<meta property=\"article:modified_time\" content=\"2025-09-09T12:19:51+00:00\" \/>\n<meta property=\"og:image\" content=\"https:\/\/izglitiba.valmierasnovads.lv\/rujienasvidusskola\/wp-content\/uploads\/sites\/9\/2025\/09\/Samaksas-kartiba-par-edinasanu-Rujienas-vsk-scaled.jpg\" \/>\n\t<meta property=\"og:image:width\" content=\"1809\" \/>\n\t<meta property=\"og:image:height\" content=\"2560\" \/>\n\t<meta property=\"og:image:type\" content=\"image\/jpeg\" \/>\n<meta name=\"twitter:card\" content=\"summary_large_image\" \/>\n<meta name=\"twitter:label1\" content=\"Est. reading time\" \/>\n\t<meta name=\"twitter:data1\" content=\"2 min\u016btes\" \/>\n<script type=\"application\/ld+json\" class=\"yoast-schema-graph\">{\"@context\":\"https:\/\/schema.org\",\"@graph\":[{\"@type\":\"WebPage\",\"@id\":\"https:\/\/izglitiba.valmierasnovads.lv\/rujienasvidusskola\/par-edinasanu\/\",\"url\":\"https:\/\/izglitiba.valmierasnovads.lv\/rujienasvidusskola\/par-edinasanu\/\",\"name\":\"Par \u0113din\u0101\u0161anu - R\u016bjienas vidusskola\",\"isPartOf\":{\"@id\":\"https:\/\/izglitiba.valmierasnovads.lv\/rujienasvidusskola\/#website\"},\"primaryImageOfPage\":{\"@id\":\"https:\/\/izglitiba.valmierasnovads.lv\/rujienasvidusskola\/par-edinasanu\/#primaryimage\"},\"image\":{\"@id\":\"https:\/\/izglitiba.valmierasnovads.lv\/rujienasvidusskola\/par-edinasanu\/#primaryimage\"},\"thumbnailUrl\":\"https:\/\/izglitiba.valmierasnovads.lv\/rujienasvidusskola\/wp-content\/uploads\/sites\/9\/2025\/09\/Samaksas-kartiba-par-edinasanu-Rujienas-vsk-724x1024.jpg\",\"datePublished\":\"2025-09-09T11:35:21+00:00\",\"dateModified\":\"2025-09-09T12:19:51+00:00\",\"breadcrumb\":{\"@id\":\"https:\/\/izglitiba.valmierasnovads.lv\/rujienasvidusskola\/par-edinasanu\/#breadcrumb\"},\"inLanguage\":\"lv-LV\",\"potentialAction\":[{\"@type\":\"ReadAction\",\"target\":[\"https:\/\/izglitiba.valmierasnovads.lv\/rujienasvidusskola\/par-edinasanu\/\"]}]},{\"@type\":\"ImageObject\",\"inLanguage\":\"lv-LV\",\"@id\":\"https:\/\/izglitiba.valmierasnovads.lv\/rujienasvidusskola\/par-edinasanu\/#primaryimage\",\"url\":\"https:\/\/izglitiba.valmierasnovads.lv\/rujienasvidusskola\/wp-content\/uploads\/sites\/9\/2025\/09\/Samaksas-kartiba-par-edinasanu-Rujienas-vsk-scaled.jpg\",\"contentUrl\":\"https:\/\/izglitiba.valmierasnovads.lv\/rujienasvidusskola\/wp-content\/uploads\/sites\/9\/2025\/09\/Samaksas-kartiba-par-edinasanu-Rujienas-vsk-scaled.jpg\",\"width\":1809,\"height\":2560},{\"@type\":\"BreadcrumbList\",\"@id\":\"https:\/\/izglitiba.valmierasnovads.lv\/rujienasvidusskola\/par-edinasanu\/#breadcrumb\",\"itemListElement\":[{\"@type\":\"ListItem\",\"position\":1,\"name\":\"Home\",\"item\":\"https:\/\/izglitiba.valmierasnovads.lv\/rujienasvidusskola\/\"},{\"@type\":\"ListItem\",\"position\":2,\"name\":\"Par \u0113din\u0101\u0161anu\"}]},{\"@type\":\"WebSite\",\"@id\":\"https:\/\/izglitiba.valmierasnovads.lv\/rujienasvidusskola\/#website\",\"url\":\"https:\/\/izglitiba.valmierasnovads.lv\/rujienasvidusskola\/\",\"name\":\"R\u016bjienas vidusskola\",\"description\":\"\",\"publisher\":{\"@id\":\"https:\/\/izglitiba.valmierasnovads.lv\/rujienasvidusskola\/#organization\"},\"potentialAction\":[{\"@type\":\"SearchAction\",\"target\":{\"@type\":\"EntryPoint\",\"urlTemplate\":\"https:\/\/izglitiba.valmierasnovads.lv\/rujienasvidusskola\/?s={search_term_string}\"},\"query-input\":{\"@type\":\"PropertyValueSpecification\",\"valueRequired\":true,\"valueName\":\"search_term_string\"}}],\"inLanguage\":\"lv-LV\"},{\"@type\":\"Organization\",\"@id\":\"https:\/\/izglitiba.valmierasnovads.lv\/rujienasvidusskola\/#organization\",\"name\":\"R\u016bjienas vidusskola\",\"url\":\"https:\/\/izglitiba.valmierasnovads.lv\/rujienasvidusskola\/\",\"logo\":{\"@type\":\"ImageObject\",\"inLanguage\":\"lv-LV\",\"@id\":\"https:\/\/izglitiba.valmierasnovads.lv\/rujienasvidusskola\/#\/schema\/logo\/image\/\",\"url\":\"https:\/\/izglitiba.valmierasnovads.lv\/rujienasvidusskola\/wp-content\/uploads\/sites\/9\/2026\/03\/cropped-Komplekta-ar-pasu-logo-10-scaled-1.png\",\"contentUrl\":\"https:\/\/izglitiba.valmierasnovads.lv\/rujienasvidusskola\/wp-content\/uploads\/sites\/9\/2026\/03\/cropped-Komplekta-ar-pasu-logo-10-scaled-1.png\",\"width\":2145,\"height\":227,\"caption\":\"R\u016bjienas vidusskola\"},\"image\":{\"@id\":\"https:\/\/izglitiba.valmierasnovads.lv\/rujienasvidusskola\/#\/schema\/logo\/image\/\"}}]}<\/script>\n<!-- \/ Yoast SEO plugin. -->","yoast_head_json":{"title":"Par \u0113din\u0101\u0161anu - R\u016bjienas vidusskola","robots":{"index":"index","follow":"follow","max-snippet":"max-snippet:-1","max-image-preview":"max-image-preview:large","max-video-preview":"max-video-preview:-1"},"canonical":"https:\/\/izglitiba.valmierasnovads.lv\/rujienasvidusskola\/par-edinasanu\/","og_locale":"lv_LV","og_type":"article","og_title":"Par \u0113din\u0101\u0161anu - R\u016bjienas vidusskola","og_description":"Atvieglojumi \u0113din\u0101\u0161anas maksai Valmieras pa\u0161vald\u012bbas visp\u0101r\u0113j\u0101s izgl\u012bt\u012bbas iest\u0101d\u0113s Pa\u0161vald\u012bbas visp\u0101r\u0113j\u0101s izgl\u012bt\u012bbas iest\u0101d\u0113 \u0113din\u0101\u0161anas maksas atvieglojumus&nbsp;100 %&nbsp;apm\u0113r\u0101 nodro\u0161ina: Pa\u0161vald\u012bbas visp\u0101r\u0113j\u0101s izgl\u012bt\u012bbas [&hellip;]","og_url":"https:\/\/izglitiba.valmierasnovads.lv\/rujienasvidusskola\/par-edinasanu\/","og_site_name":"R\u016bjienas vidusskola","article_modified_time":"2025-09-09T12:19:51+00:00","og_image":[{"width":1809,"height":2560,"url":"https:\/\/izglitiba.valmierasnovads.lv\/rujienasvidusskola\/wp-content\/uploads\/sites\/9\/2025\/09\/Samaksas-kartiba-par-edinasanu-Rujienas-vsk-scaled.jpg","type":"image\/jpeg"}],"twitter_card":"summary_large_image","twitter_misc":{"Est. reading time":"2 min\u016btes"},"schema":{"@context":"https:\/\/schema.org","@graph":[{"@type":"WebPage","@id":"https:\/\/izglitiba.valmierasnovads.lv\/rujienasvidusskola\/par-edinasanu\/","url":"https:\/\/izglitiba.valmierasnovads.lv\/rujienasvidusskola\/par-edinasanu\/","name":"Par \u0113din\u0101\u0161anu - R\u016bjienas vidusskola","isPartOf":{"@id":"https:\/\/izglitiba.valmierasnovads.lv\/rujienasvidusskola\/#website"},"primaryImageOfPage":{"@id":"https:\/\/izglitiba.valmierasnovads.lv\/rujienasvidusskola\/par-edinasanu\/#primaryimage"},"image":{"@id":"https:\/\/izglitiba.valmierasnovads.lv\/rujienasvidusskola\/par-edinasanu\/#primaryimage"},"thumbnailUrl":"https:\/\/izglitiba.valmierasnovads.lv\/rujienasvidusskola\/wp-content\/uploads\/sites\/9\/2025\/09\/Samaksas-kartiba-par-edinasanu-Rujienas-vsk-724x1024.jpg","datePublished":"2025-09-09T11:35:21+00:00","dateModified":"2025-09-09T12:19:51+00:00","breadcrumb":{"@id":"https:\/\/izglitiba.valmierasnovads.lv\/rujienasvidusskola\/par-edinasanu\/#breadcrumb"},"inLanguage":"lv-LV","potentialAction":[{"@type":"ReadAction","target":["https:\/\/izglitiba.valmierasnovads.lv\/rujienasvidusskola\/par-edinasanu\/"]}]},{"@type":"ImageObject","inLanguage":"lv-LV","@id":"https:\/\/izglitiba.valmierasnovads.lv\/rujienasvidusskola\/par-edinasanu\/#primaryimage","url":"https:\/\/izglitiba.valmierasnovads.lv\/rujienasvidusskola\/wp-content\/uploads\/sites\/9\/2025\/09\/Samaksas-kartiba-par-edinasanu-Rujienas-vsk-scaled.jpg","contentUrl":"https:\/\/izglitiba.valmierasnovads.lv\/rujienasvidusskola\/wp-content\/uploads\/sites\/9\/2025\/09\/Samaksas-kartiba-par-edinasanu-Rujienas-vsk-scaled.jpg","width":1809,"height":2560},{"@type":"BreadcrumbList","@id":"https:\/\/izglitiba.valmierasnovads.lv\/rujienasvidusskola\/par-edinasanu\/#breadcrumb","itemListElement":[{"@type":"ListItem","position":1,"name":"Home","item":"https:\/\/izglitiba.valmierasnovads.lv\/rujienasvidusskola\/"},{"@type":"ListItem","position":2,"name":"Par \u0113din\u0101\u0161anu"}]},{"@type":"WebSite","@id":"https:\/\/izglitiba.valmierasnovads.lv\/rujienasvidusskola\/#website","url":"https:\/\/izglitiba.valmierasnovads.lv\/rujienasvidusskola\/","name":"R\u016bjienas vidusskola","description":"","publisher":{"@id":"https:\/\/izglitiba.valmierasnovads.lv\/rujienasvidusskola\/#organization"},"potentialAction":[{"@type":"SearchAction","target":{"@type":"EntryPoint","urlTemplate":"https:\/\/izglitiba.valmierasnovads.lv\/rujienasvidusskola\/?s={search_term_string}"},"query-input":{"@type":"PropertyValueSpecification","valueRequired":true,"valueName":"search_term_string"}}],"inLanguage":"lv-LV"},{"@type":"Organization","@id":"https:\/\/izglitiba.valmierasnovads.lv\/rujienasvidusskola\/#organization","name":"R\u016bjienas vidusskola","url":"https:\/\/izglitiba.valmierasnovads.lv\/rujienasvidusskola\/","logo":{"@type":"ImageObject","inLanguage":"lv-LV","@id":"https:\/\/izglitiba.valmierasnovads.lv\/rujienasvidusskola\/#\/schema\/logo\/image\/","url":"https:\/\/izglitiba.valmierasnovads.lv\/rujienasvidusskola\/wp-content\/uploads\/sites\/9\/2026\/03\/cropped-Komplekta-ar-pasu-logo-10-scaled-1.png","contentUrl":"https:\/\/izglitiba.valmierasnovads.lv\/rujienasvidusskola\/wp-content\/uploads\/sites\/9\/2026\/03\/cropped-Komplekta-ar-pasu-logo-10-scaled-1.png","width":2145,"height":227,"caption":"R\u016bjienas vidusskola"},"image":{"@id":"https:\/\/izglitiba.valmierasnovads.lv\/rujienasvidusskola\/#\/schema\/logo\/image\/"}}]}},"_links":{"self":[{"href":"https:\/\/izglitiba.valmierasnovads.lv\/rujienasvidusskola\/wp-json\/wp\/v2\/pages\/446","targetHints":{"allow":["GET"]}}],"collection":[{"href":"https:\/\/izglitiba.valmierasnovads.lv\/rujienasvidusskola\/wp-json\/wp\/v2\/pages"}],"about":[{"href":"https:\/\/izglitiba.valmierasnovads.lv\/rujienasvidusskola\/wp-json\/wp\/v2\/types\/page"}],"author":[{"embeddable":true,"href":"https:\/\/izglitiba.valmierasnovads.lv\/rujienasvidusskola\/wp-json\/wp\/v2\/users\/10"}],"replies":[{"embeddable":true,"href":"https:\/\/izglitiba.valmierasnovads.lv\/rujienasvidusskola\/wp-json\/wp\/v2\/comments?post=446"}],"version-history":[{"count":3,"href":"https:\/\/izglitiba.valmierasnovads.lv\/rujienasvidusskola\/wp-json\/wp\/v2\/pages\/446\/revisions"}],"predecessor-version":[{"id":454,"href":"https:\/\/izglitiba.valmierasnovads.lv\/rujienasvidusskola\/wp-json\/wp\/v2\/pages\/446\/revisions\/454"}],"wp:attachment":[{"href":"https:\/\/izglitiba.valmierasnovads.lv\/rujienasvidusskola\/wp-json\/wp\/v2\/media?parent=446"}],"curies":[{"name":"wp","href":"https:\/\/api.w.org\/{rel}","templated":true}]}}